{"id":23438,"date":"2020-04-04T18:53:17","date_gmt":"2021-08-02T19:36:45","guid":{"rendered":"https:\/\/www.versiegelung24.com\/produkt\/5-litros-de-concentrado-de-bacoban-para-500-litros-de-desinfecao-superficial-a-longo-prazo"},"modified":"2025-01-13T16:36:47","modified_gmt":"2025-01-13T15:36:47","slug":"bacoban-long-term-surface-disinfection-5-000ml-water-based-concentrate","status":"publish","type":"product","link":"https:\/\/www.versiegelung24.com\/pt-pt\/concentrado-a-base-de-agua-bacoban-longo-flaech-5-000ml.html","title":{"rendered":"5 litros de concentrado BACOBAN\u00ae para 500 litros de desinfec\u00e7\u00e3o de superf\u00edcies a longo prazo"},"content":{"rendered":"\n<h2 class=\"wp-block-heading\" id=\"h-5-liter-kanister-bacoban-langzeit-flachendesinfektion-konzentrat\">Recipiente de 5 litros BACOBAN\u00ae concentrado para desinfec\u00e7\u00e3o de superf\u00edcies a longo prazo<\/h2>\n\n<p><strong>Suficiente para 500 litros de desinfectante (dilu\u00eddo a 1:100 com \u00e1gua)<\/strong><\/p>\n\n<p><strong>Utilizar desinfectantes com cuidado. Ler sempre o r\u00f3tulo e as informa\u00e7\u00f5es sobre o produto antes de o utilizar.<\/strong><\/p>\n\n<hr \/>\n\n<h4 class=\"wp-block-heading\" id=\"properties\">Caracter\u00edsticas do produto<\/h4>\n\n<p><br \/>C<strong>omposi\u00e7\u00e3o:<\/strong> 100 g de solu\u00e7\u00e3o cont\u00e9m:<br \/>Cloreto de benzalc\u00f3nio 26 g, piritiona de s\u00f3dio 2,5 g, policondensados, fragr\u00e2ncias, \u00e1gua purificada, sem formalde\u00eddo, sem fenol. Ingredientes de acordo com o Regulamento (CE) n.\u00ba 648\/2004: 15 % ou mais, mas menos de 30 % de tensioactivos cati\u00f3nicos, desinfectantes, fragr\u00e2ncia (linalol, limoneno, citral, geraniol, citronelol)<\/p>\n<div class=\"wp-block-image\">\n<figure class=\"aligncenter size-large is-resized\"><img decoding=\"async\" src=\"https:\/\/www.versiegelung24.com\/wp-content\/uploads\/2022\/01\/desinfektion_tisch-1300x260.jpg\" alt=\"\" class=\"wp-image-59386\" width=\"1500\" srcset=\"https:\/\/www.versiegelung24.com\/wp-content\/uploads\/2022\/01\/desinfektion_tisch-1300x260.jpg 1300w, https:\/\/www.versiegelung24.com\/wp-content\/uploads\/2022\/01\/desinfektion_tisch-300x60.jpg 300w, https:\/\/www.versiegelung24.com\/wp-content\/uploads\/2022\/01\/desinfektion_tisch-768x154.jpg 768w, https:\/\/www.versiegelung24.com\/wp-content\/uploads\/2022\/01\/desinfektion_tisch-600x120.jpg 600w, https:\/\/www.versiegelung24.com\/wp-content\/uploads\/2022\/01\/desinfektion_tisch.jpg 1500w\" sizes=\"(max-width: 1300px) 100vw, 1300px\" \/><\/figure>\n<\/div>\n<hr \/>\n\n<h4 class=\"wp-block-heading\" id=\"application\">Aplica\u00e7\u00e3o<\/h4>\n\n<p>Prepara uma solu\u00e7\u00e3o pronta a usar de <strong>Bacoban\u00aeWB<\/strong> de acordo com a tabela de mistura e molha suficientemente as superf\u00edcies. N\u00e3o enxaguar nem esfregar para secar. Tempo de repouso da solu\u00e7\u00e3o de trabalho recentemente preparada: 8 horas<\/p>\n\n<figure class=\"wp-block-table\"><table><tbody><tr><td>Mesa de mistura<\/td><\/tr><tr><td>Volume final<\/td><td>0,5 %<\/td><td>1 %<\/td><td>2 %<\/td><td>3 %<\/td><\/tr><tr><td>1 litro<\/td><td>5 ml<\/td><td>10 ml<\/td><td>20 ml<\/td><td>30 ml<\/td><\/tr><tr><td>2 litros<\/td><td>10 ml<\/td><td>20 ml<\/td><td>40 ml<\/td><td>60 ml<\/td><\/tr><tr><td>4 litros<\/td><td>20 ml<\/td><td>40 ml<\/td><td>80 ml<\/td><td>120 ml<\/td><\/tr><tr><td>8 litros<\/td><td>40 ml<\/td><td>80 ml<\/td><td>160 ml<\/td><td>240 ml<\/td><\/tr><tr><td>10 litros<\/td><td>50 ml<\/td><td>100 ml<\/td><td>200 ml<\/td><td>300 ml<\/td><\/tr><\/tbody><\/table><figcaption>Mesa de mistura<\/figcaption><\/figure>\n\n<p><br \/>Efeito antimicrobiano duradouro <strong>(efeito de reman\u00eancia)<\/strong> at\u00e9 <strong>10 dias<\/strong> (testado em conformidade com a norma ASTM E 2180). Testado dermatologicamente (*a 1%): muito boa compatibilidade com a pele.<\/p>\n\n<p><strong>Efic\u00e1cia e dosagem:<\/strong><\/p>\n\n<div class=\"wp-block-columns is-layout-flex wp-container-core-columns-is-layout-9d6595d7 wp-block-columns-is-layout-flex\">\n<div class=\"wp-block-column is-layout-flow wp-block-column-is-layout-flow\">\n<p><br \/><br \/><br \/><br \/><br \/>Ensaio de acordo com as diretrizes DGHM (carga org\u00e2nica elevada): 1,5 %, 15 min.; 2,0 %, 5 min. Ensaio de acordo com as diretrizes EN: DIN EN 1040: 0,25 %, 5 min. DIN EN 1275: 0,25 %, 5 min. DIN EN 1276: 0,75 %, 5 min.\/0,50 %, 15 min.<\/p>\n<\/div>\n\n\n\n<div class=\"wp-block-column is-layout-flow wp-block-column-is-layout-flow\">\n<p><br \/><br \/>DIN EN 1650: 0,50 %, 5 min\/0,25 %, 15 min DIN EN 13697: 0,50 %, 15 min EN 13727:<br \/><br \/><br \/><br \/>1%, 5 min. EN 13624: 1%, 5 min. DIN EN 14561: 3% 5 min, 0,5% 60 min DIN EN 14562: 0,5% 60 min Testes de acordo com as diretrizes DVV: *Efic\u00e1cia virucida limitada; 1,0 %; 5 min. (HIV, HBV, HCV, herpes, gripe, tamb\u00e9m gripe avi\u00e1ria, BVDV, vaccinia), rotav\u00edrus: 0,1 %, 5 min., adenov\u00edrus: 2,0 %, 240 min.<\/p>\n<\/div>\n<\/div>\n\n<p><strong>Efeito antimicrobiano duradouro at\u00e9 10 dias<\/strong> (testado de acordo com a norma ASTM E 2180)<\/p>\n\n<p><br \/>I<strong>mportante!<\/strong> O efeito antimicrobiano duradouro do<sup>Bacoban\u00aeWB<\/sup>n\u00e3o deve levar \u00e0 omiss\u00e3o das medidas de desinfe\u00e7\u00e3o necess\u00e1rias em caso de contamina\u00e7\u00e3o vis\u00edvel e\/ou question\u00e1vel!<\/p>\n<div class=\"wp-block-image\">\n<figure class=\"aligncenter size-large is-resized\"><img decoding=\"async\" src=\"https:\/\/www.versiegelung24.com\/wp-content\/uploads\/2022\/01\/tuere_viren-1300x260.jpg\" alt=\"\" class=\"wp-image-59414\" width=\"1500\" srcset=\"https:\/\/www.versiegelung24.com\/wp-content\/uploads\/2022\/01\/tuere_viren-1300x260.jpg 1300w, https:\/\/www.versiegelung24.com\/wp-content\/uploads\/2022\/01\/tuere_viren-300x60.jpg 300w, https:\/\/www.versiegelung24.com\/wp-content\/uploads\/2022\/01\/tuere_viren-768x154.jpg 768w, https:\/\/www.versiegelung24.com\/wp-content\/uploads\/2022\/01\/tuere_viren-600x120.jpg 600w, https:\/\/www.versiegelung24.com\/wp-content\/uploads\/2022\/01\/tuere_viren.jpg 1500w\" sizes=\"(max-width: 1300px) 100vw, 1300px\" \/><\/figure>\n<\/div>\n<hr \/>\n\n<h4 class=\"wp-block-heading\" id=\"advisor\">Conselheiro<\/h4>\n\n<p><br \/>I<strong>ndica\u00e7\u00f5es de seguran\u00e7a:<\/strong> A associa\u00e7\u00e3o de seguros de responsabilidade civil dos empregadores estipula que devem ser usadas luvas ao manusear desinfectantes. Nocivo por ingest\u00e3o. Provoca queimaduras graves na pele e les\u00f5es oculares. Muito t\u00f3xico para os organismos aqu\u00e1ticos. T\u00f3xico para os organismos aqu\u00e1ticos, com efeitos duradouros. N\u00e3o comer, beber ou fumar durante a utiliza\u00e7\u00e3o do produto. EM CASO DE INGEST\u00c3O: Enxaguar a boca. N\u00c3O induzir o v\u00f3mito. EM CASO DE CONTACTO COM A PELE (ou o cabelo): Retirar imediatamente toda a roupa contaminada. Enxaguar a pele com \u00e1gua\/chuveiro. SE ENTRAR EM CONTACTO COM OS OLHOS: Enxaguar cuidadosamente com \u00e1gua durante v\u00e1rios minutos. Remover as lentes de contacto existentes, se poss\u00edvel. Continuar a enxaguar. Contactar imediatamente um CENTRO DE INFORMA\u00c7\u00c3O ANTIVENENOS ou um m\u00e9dico. Se for necess\u00e1rio aconselhamento m\u00e9dico, ter a embalagem ou o r\u00f3tulo \u00e0 m\u00e3o. <br \/>Mant\u00e9m fora do alcance das crian\u00e7as. Utiliza apenas com \u00e1gua e de acordo com a tabela de mistura. N\u00e3o utilizar com outros produtos de limpeza ou desinfectantes.<\/p>\n\n<div class=\"wp-block-columns is-layout-flex wp-container-core-columns-is-layout-9d6595d7 wp-block-columns-is-layout-flex\">\n<div class=\"wp-block-column is-layout-flow wp-block-column-is-layout-flow\">\n<p>Pode ser utilizado em todas as superf\u00edcies. Para <strong>superf\u00edcies de sensibilidade<\/strong> duvidosa <strong>, recomendamos que fa\u00e7as um teste de resist\u00eancia<\/strong> numa \u00e1rea discreta. Conservar apenas num recipiente fechado. Conservar num local fresco e seco.<\/p>\n<\/div>\n\n\n\n<div class=\"wp-block-column is-layout-flow wp-block-column-is-layout-flow\">\n<p><strong>O contentor s\u00f3 pode ser reciclado quando estiver completamente vazio.<\/strong>  N\u00e3o utilizar ap\u00f3s o prazo de validade. Eliminar de acordo com os regulamentos locais e oficiais.<\/p>\n<\/div>\n<\/div>\n\n<p>N.\u00ba de registo do biocida: N-28795 (D). 263\/17\/L (Lu)<\/p>\n\n<p>A solu\u00e7\u00e3o <strong>pronta a usar <\/strong>, de acordo com a tabela de mistura, n\u00e3o requer um s\u00edmbolo de perigo.<\/p>\n","protected":false},"excerpt":{"rendered":"<p><strong>Concentrado para 500 litros de desinfectante de base aquosa.<\/strong><\/p>\n","protected":false},"featured_media":15391,"template":"","meta":{"_acf_changed":false,"neve_meta_sidebar":"","neve_meta_container":"","neve_meta_enable_content_width":"","neve_meta_content_width":0,"neve_meta_title_alignment":"","neve_meta_author_avatar":"","neve_post_elements_order":"","neve_meta_disable_header":"","neve_meta_disable_footer":"","neve_meta_disable_title":"","neve_meta_reading_time":"","_surfaces":[],"_ver_product_tabs":[],"footnotes":""},"product_brand":[],"product_cat":[2274,2423,2424],"product_tag":[],"class_list":{"0":"post-23438","1":"product","2":"type-product","3":"status-publish","4":"has-post-thumbnail","6":"product_cat-desinfetante","7":"product_cat-desinfetantes-de-superficie","8":"product_cat-concentrados-desinfetantes","10":"first","11":"instock","12":"taxable","13":"shipping-taxable","14":"purchasable","15":"product-type-simple"},"acf":[],"yoast_head":"<!-- This site is optimized with the Yoast SEO Premium plugin v22.8 (Yoast SEO v27.5) - https:\/\/yoast.com\/product\/yoast-seo-premium-wordpress\/ -->\n<title>5 litros de concentrado BACOBAN\u00ae para 500 litros de desinfec\u00e7\u00e3o de superf\u00edcies a longo prazo - versiegelung24.com<\/title>\n<meta name=\"robots\" content=\"index, follow, max-snippet:-1, max-image-preview:large, max-video-preview:-1\" \/>\n<link rel=\"canonical\" href=\"https:\/\/www.versiegelung24.com\/pt-pt\/concentrado-a-base-de-agua-bacoban-longo-flaech-5-000ml.html\" \/>\n<meta property=\"og:locale\" content=\"pt_PT\" \/>\n<meta property=\"og:type\" content=\"article\" \/>\n<meta property=\"og:title\" content=\"5 litros de concentrado BACOBAN\u00ae para 500 litros de desinfec\u00e7\u00e3o de superf\u00edcies a longo prazo\" \/>\n<meta property=\"og:description\" content=\"Concentrado para 500 litros de desinfectante de base aquosa.\" \/>\n<meta property=\"og:url\" content=\"https:\/\/www.versiegelung24.com\/pt-pt\/concentrado-a-base-de-agua-bacoban-longo-flaech-5-000ml.html\" \/>\n<meta property=\"og:site_name\" content=\"versiegelung24.com\" \/>\n<meta property=\"article:modified_time\" content=\"2025-01-13T15:36:47+00:00\" \/>\n<meta property=\"og:image\" content=\"https:\/\/www.versiegelung24.com\/wp-content\/uploads\/2020\/05\/bacoban-bacwb5-1.png\" \/>\n\t<meta property=\"og:image:width\" content=\"2000\" \/>\n\t<meta property=\"og:image:height\" content=\"2000\" \/>\n\t<meta property=\"og:image:type\" content=\"image\/png\" \/>\n<meta name=\"twitter:card\" content=\"summary_large_image\" \/>\n<meta name=\"twitter:label1\" content=\"pre\u00e7o\" \/>\n\t<meta name=\"twitter:data1\" content=\"399,00&euro;\" \/>\n\t<meta name=\"twitter:label2\" content=\"Disponibilidade\" \/>\n\t<meta name=\"twitter:data2\" content=\"Em stock\" \/>\n<script type=\"application\/ld+json\" class=\"yoast-schema-graph\">{\"@context\":\"https:\\\/\\\/schema.org\",\"@graph\":[{\"@type\":\"WebPage\",\"@id\":\"https:\\\/\\\/www.versiegelung24.com\\\/pt-pt\\\/concentrado-a-base-de-agua-bacoban-longo-flaech-5-000ml.html\",\"url\":\"https:\\\/\\\/www.versiegelung24.com\\\/pt-pt\\\/concentrado-a-base-de-agua-bacoban-longo-flaech-5-000ml.html\",\"name\":\"5 litros de concentrado BACOBAN\u00ae para 500 litros de desinfec\u00e7\u00e3o de superf\u00edcies a longo prazo - versiegelung24.com\",\"isPartOf\":{\"@id\":\"https:\\\/\\\/www.versiegelung24.com\\\/pt-pt\\\/#website\"},\"primaryImageOfPage\":{\"@id\":\"https:\\\/\\\/www.versiegelung24.com\\\/pt-pt\\\/concentrado-a-base-de-agua-bacoban-longo-flaech-5-000ml.html#primaryimage\"},\"image\":{\"@id\":\"https:\\\/\\\/www.versiegelung24.com\\\/pt-pt\\\/concentrado-a-base-de-agua-bacoban-longo-flaech-5-000ml.html#primaryimage\"},\"thumbnailUrl\":\"https:\\\/\\\/www.versiegelung24.com\\\/wp-content\\\/uploads\\\/2020\\\/05\\\/bacoban-bacwb5-1.png\",\"datePublished\":\"2021-08-02T19:36:45+00:00\",\"dateModified\":\"2025-01-13T15:36:47+00:00\",\"breadcrumb\":{\"@id\":\"https:\\\/\\\/www.versiegelung24.com\\\/pt-pt\\\/concentrado-a-base-de-agua-bacoban-longo-flaech-5-000ml.html#breadcrumb\"},\"inLanguage\":\"pt-PT\",\"potentialAction\":[{\"@type\":\"ReadAction\",\"target\":[\"https:\\\/\\\/www.versiegelung24.com\\\/pt-pt\\\/concentrado-a-base-de-agua-bacoban-longo-flaech-5-000ml.html\"]}]},{\"@type\":\"ImageObject\",\"inLanguage\":\"pt-PT\",\"@id\":\"https:\\\/\\\/www.versiegelung24.com\\\/pt-pt\\\/concentrado-a-base-de-agua-bacoban-longo-flaech-5-000ml.html#primaryimage\",\"url\":\"https:\\\/\\\/www.versiegelung24.com\\\/wp-content\\\/uploads\\\/2020\\\/05\\\/bacoban-bacwb5-1.png\",\"contentUrl\":\"https:\\\/\\\/www.versiegelung24.com\\\/wp-content\\\/uploads\\\/2020\\\/05\\\/bacoban-bacwb5-1.png\",\"width\":2000,\"height\":2000},{\"@type\":\"BreadcrumbList\",\"@id\":\"https:\\\/\\\/www.versiegelung24.com\\\/pt-pt\\\/concentrado-a-base-de-agua-bacoban-longo-flaech-5-000ml.html#breadcrumb\",\"itemListElement\":[{\"@type\":\"ListItem\",\"position\":1,\"name\":\"P\u00e1gina inicial\",\"item\":\"https:\\\/\\\/www.versiegelung24.com\\\/pt-pt\\\/frente\\\/\"},{\"@type\":\"ListItem\",\"position\":2,\"name\":\"Loja\",\"item\":\"https:\\\/\\\/www.versiegelung24.com\\\/pt-pt\\\/loja\\\/\"},{\"@type\":\"ListItem\",\"position\":3,\"name\":\"5 litros de concentrado BACOBAN\u00ae para 500 litros de desinfec\u00e7\u00e3o de superf\u00edcies a longo prazo\"}]},{\"@type\":\"WebSite\",\"@id\":\"https:\\\/\\\/www.versiegelung24.com\\\/pt-pt\\\/#website\",\"url\":\"https:\\\/\\\/www.versiegelung24.com\\\/pt-pt\\\/\",\"name\":\"versiegelung24.com\",\"description\":\"Fl\u00fcssigglas-Versiegelung - Made in Germany\",\"publisher\":{\"@id\":\"https:\\\/\\\/www.versiegelung24.com\\\/pt-pt\\\/#organization\"},\"potentialAction\":[{\"@type\":\"SearchAction\",\"target\":{\"@type\":\"EntryPoint\",\"urlTemplate\":\"https:\\\/\\\/www.versiegelung24.com\\\/pt-pt\\\/?s={search_term_string}\"},\"query-input\":{\"@type\":\"PropertyValueSpecification\",\"valueRequired\":true,\"valueName\":\"search_term_string\"}}],\"inLanguage\":\"pt-PT\"},{\"@type\":\"Organization\",\"@id\":\"https:\\\/\\\/www.versiegelung24.com\\\/pt-pt\\\/#organization\",\"name\":\"versiegelung24\",\"url\":\"https:\\\/\\\/www.versiegelung24.com\\\/pt-pt\\\/\",\"logo\":{\"@type\":\"ImageObject\",\"inLanguage\":\"pt-PT\",\"@id\":\"https:\\\/\\\/www.versiegelung24.com\\\/pt-pt\\\/#\\\/schema\\\/logo\\\/image\\\/\",\"url\":\"https:\\\/\\\/www.versiegelung24.com\\\/wp-content\\\/uploads\\\/2020\\\/04\\\/versiegelung24.png\",\"contentUrl\":\"https:\\\/\\\/www.versiegelung24.com\\\/wp-content\\\/uploads\\\/2020\\\/04\\\/versiegelung24.png\",\"width\":470,\"height\":102,\"caption\":\"versiegelung24\"},\"image\":{\"@id\":\"https:\\\/\\\/www.versiegelung24.com\\\/pt-pt\\\/#\\\/schema\\\/logo\\\/image\\\/\"}}]}<\/script>\n<meta property=\"product:price:amount\" content=\"399.00\" \/>\n<meta property=\"product:price:currency\" content=\"EUR\" \/>\n<meta property=\"og:availability\" content=\"instock\" \/>\n<meta property=\"product:availability\" content=\"instock\" \/>\n<meta property=\"product:retailer_item_id\" content=\"BACWB5\" \/>\n<meta property=\"product:condition\" content=\"new\" \/>\n<!-- \/ Yoast SEO Premium plugin. -->","yoast_head_json":{"title":"5 litros de concentrado BACOBAN\u00ae para 500 litros de desinfec\u00e7\u00e3o de superf\u00edcies a longo prazo - versiegelung24.com","robots":{"index":"index","follow":"follow","max-snippet":"max-snippet:-1","max-image-preview":"max-image-preview:large","max-video-preview":"max-video-preview:-1"},"canonical":"https:\/\/www.versiegelung24.com\/pt-pt\/concentrado-a-base-de-agua-bacoban-longo-flaech-5-000ml.html","og_locale":"pt_PT","og_type":"article","og_title":"5 litros de concentrado BACOBAN\u00ae para 500 litros de desinfec\u00e7\u00e3o de superf\u00edcies a longo prazo","og_description":"Concentrado para 500 litros de desinfectante de base aquosa.","og_url":"https:\/\/www.versiegelung24.com\/pt-pt\/concentrado-a-base-de-agua-bacoban-longo-flaech-5-000ml.html","og_site_name":"versiegelung24.com","article_modified_time":"2025-01-13T15:36:47+00:00","og_image":[{"width":2000,"height":2000,"url":"https:\/\/www.versiegelung24.com\/wp-content\/uploads\/2020\/05\/bacoban-bacwb5-1.png","type":"image\/png"}],"twitter_card":"summary_large_image","twitter_misc":{"pre\u00e7o":"399,00&euro;","Disponibilidade":"Em stock"},"schema":{"@context":"https:\/\/schema.org","@graph":[{"@type":"WebPage","@id":"https:\/\/www.versiegelung24.com\/pt-pt\/concentrado-a-base-de-agua-bacoban-longo-flaech-5-000ml.html","url":"https:\/\/www.versiegelung24.com\/pt-pt\/concentrado-a-base-de-agua-bacoban-longo-flaech-5-000ml.html","name":"5 litros de concentrado BACOBAN\u00ae para 500 litros de desinfec\u00e7\u00e3o de superf\u00edcies a longo prazo - versiegelung24.com","isPartOf":{"@id":"https:\/\/www.versiegelung24.com\/pt-pt\/#website"},"primaryImageOfPage":{"@id":"https:\/\/www.versiegelung24.com\/pt-pt\/concentrado-a-base-de-agua-bacoban-longo-flaech-5-000ml.html#primaryimage"},"image":{"@id":"https:\/\/www.versiegelung24.com\/pt-pt\/concentrado-a-base-de-agua-bacoban-longo-flaech-5-000ml.html#primaryimage"},"thumbnailUrl":"https:\/\/www.versiegelung24.com\/wp-content\/uploads\/2020\/05\/bacoban-bacwb5-1.png","datePublished":"2021-08-02T19:36:45+00:00","dateModified":"2025-01-13T15:36:47+00:00","breadcrumb":{"@id":"https:\/\/www.versiegelung24.com\/pt-pt\/concentrado-a-base-de-agua-bacoban-longo-flaech-5-000ml.html#breadcrumb"},"inLanguage":"pt-PT","potentialAction":[{"@type":"ReadAction","target":["https:\/\/www.versiegelung24.com\/pt-pt\/concentrado-a-base-de-agua-bacoban-longo-flaech-5-000ml.html"]}]},{"@type":"ImageObject","inLanguage":"pt-PT","@id":"https:\/\/www.versiegelung24.com\/pt-pt\/concentrado-a-base-de-agua-bacoban-longo-flaech-5-000ml.html#primaryimage","url":"https:\/\/www.versiegelung24.com\/wp-content\/uploads\/2020\/05\/bacoban-bacwb5-1.png","contentUrl":"https:\/\/www.versiegelung24.com\/wp-content\/uploads\/2020\/05\/bacoban-bacwb5-1.png","width":2000,"height":2000},{"@type":"BreadcrumbList","@id":"https:\/\/www.versiegelung24.com\/pt-pt\/concentrado-a-base-de-agua-bacoban-longo-flaech-5-000ml.html#breadcrumb","itemListElement":[{"@type":"ListItem","position":1,"name":"P\u00e1gina inicial","item":"https:\/\/www.versiegelung24.com\/pt-pt\/frente\/"},{"@type":"ListItem","position":2,"name":"Loja","item":"https:\/\/www.versiegelung24.com\/pt-pt\/loja\/"},{"@type":"ListItem","position":3,"name":"5 litros de concentrado BACOBAN\u00ae para 500 litros de desinfec\u00e7\u00e3o de superf\u00edcies a longo prazo"}]},{"@type":"WebSite","@id":"https:\/\/www.versiegelung24.com\/pt-pt\/#website","url":"https:\/\/www.versiegelung24.com\/pt-pt\/","name":"versiegelung24.com","description":"Fl\u00fcssigglas-Versiegelung - Made in Germany","publisher":{"@id":"https:\/\/www.versiegelung24.com\/pt-pt\/#organization"},"potentialAction":[{"@type":"SearchAction","target":{"@type":"EntryPoint","urlTemplate":"https:\/\/www.versiegelung24.com\/pt-pt\/?s={search_term_string}"},"query-input":{"@type":"PropertyValueSpecification","valueRequired":true,"valueName":"search_term_string"}}],"inLanguage":"pt-PT"},{"@type":"Organization","@id":"https:\/\/www.versiegelung24.com\/pt-pt\/#organization","name":"versiegelung24","url":"https:\/\/www.versiegelung24.com\/pt-pt\/","logo":{"@type":"ImageObject","inLanguage":"pt-PT","@id":"https:\/\/www.versiegelung24.com\/pt-pt\/#\/schema\/logo\/image\/","url":"https:\/\/www.versiegelung24.com\/wp-content\/uploads\/2020\/04\/versiegelung24.png","contentUrl":"https:\/\/www.versiegelung24.com\/wp-content\/uploads\/2020\/04\/versiegelung24.png","width":470,"height":102,"caption":"versiegelung24"},"image":{"@id":"https:\/\/www.versiegelung24.com\/pt-pt\/#\/schema\/logo\/image\/"}}]},"product_price_amount":"399.00","product_price_currency":"EUR","og_availability":"instock","product_availability":"instock","product_retailer_item_id":"BACWB5","product_condition":"new"},"_links":{"self":[{"href":"https:\/\/www.versiegelung24.com\/pt-pt\/wp-json\/wp\/v2\/product\/23438","targetHints":{"allow":["GET"]}}],"collection":[{"href":"https:\/\/www.versiegelung24.com\/pt-pt\/wp-json\/wp\/v2\/product"}],"about":[{"href":"https:\/\/www.versiegelung24.com\/pt-pt\/wp-json\/wp\/v2\/types\/product"}],"version-history":[{"count":28,"href":"https:\/\/www.versiegelung24.com\/pt-pt\/wp-json\/wp\/v2\/product\/23438\/revisions"}],"predecessor-version":[{"id":180513,"href":"https:\/\/www.versiegelung24.com\/pt-pt\/wp-json\/wp\/v2\/product\/23438\/revisions\/180513"}],"wp:featuredmedia":[{"embeddable":true,"href":"https:\/\/www.versiegelung24.com\/pt-pt\/wp-json\/wp\/v2\/media\/15391"}],"wp:attachment":[{"href":"https:\/\/www.versiegelung24.com\/pt-pt\/wp-json\/wp\/v2\/media?parent=23438"}],"wp:term":[{"taxonomy":"product_brand","embeddable":true,"href":"https:\/\/www.versiegelung24.com\/pt-pt\/wp-json\/wp\/v2\/product_brand?post=23438"},{"taxonomy":"product_cat","embeddable":true,"href":"https:\/\/www.versiegelung24.com\/pt-pt\/wp-json\/wp\/v2\/product_cat?post=23438"},{"taxonomy":"product_tag","embeddable":true,"href":"https:\/\/www.versiegelung24.com\/pt-pt\/wp-json\/wp\/v2\/product_tag?post=23438"}],"curies":[{"name":"wp","href":"https:\/\/api.w.org\/{rel}","templated":true}]}}