{"id":23625,"date":"2020-04-04T18:53:41","date_gmt":"2020-04-04T16:53:41","guid":{"rendered":"https:\/\/www.versiegelung24.com\/produkt\/bioetanol-966-para-pre-limpeza-profissional"},"modified":"2025-01-13T17:00:13","modified_gmt":"2025-01-13T16:00:13","slug":"bioetanol-966-para-limpeza-preparacao-profissional","status":"publish","type":"product","link":"https:\/\/www.versiegelung24.com\/pt-pt\/bioetanol-966-para-profissional-pre-limpeza.html","title":{"rendered":"Bioetanol 96,6% para pr\u00e9-limpeza profissional"},"content":{"rendered":"\n<h4 class=\"wp-block-heading\" id=\"h-beschreibung\">Descri\u00e7\u00e3o da<\/h4>\n\n<p>Bioetanol de qualidade t\u00e9cnica 96,6% adequado para pr\u00e9-limpeza e desengordura\u00e7\u00e3o completa de superf\u00edcies n\u00e3o absorventes. <\/p>\n\n<p>Muito bem utiliz\u00e1vel em combina\u00e7\u00e3o com o nosso pr\u00e9-limpador biol\u00f3gico sem res\u00edduos <a href=\"https:\/\/www.versiegelung24.com\/pt-pt\/biosativa-biologico-pre-limpador.html\">BIOSATIVA\u00ae<\/a>para a prepara\u00e7\u00e3o de, por exemplo, vidro, cer\u00e2mica, superf\u00edcies lacadas para a aplica\u00e7\u00e3o dos nossos selantes de superf\u00edcie.<\/p>\n\n<hr \/>\n\n<h4 class=\"wp-block-heading\" id=\"properties\">Caracter\u00edsticas do produto<\/h4>\n\n<p>Bioetanol produzido a partir de 100% de milho e beterraba sacarina<\/p>\n\n<p>\u2713 Produ\u00e7\u00e3o regional com ingredientes da Europa<\/p>\n\n<p>\u2713 Produ\u00e7\u00e3o de acordo com as elevadas orienta\u00e7\u00f5es europeias<\/p>\n\n<p>Seguran\u00e7a e qualidade atrav\u00e9s de normas elevadas<\/p>\n\n<p>Bioetanol de alta pureza completamente desnaturado com 1% DEK, 1% isopropanol e Bitrex 96,6% (\u00e1lcool etileno) da produ\u00e7\u00e3o sustent\u00e1vel (biomassa).<\/p>\n\n<hr \/>\n\n<h4 class=\"wp-block-heading\" id=\"application\">Aplica\u00e7\u00e3o<\/h4>\n\n<p>Para limpar superf\u00edcies lisas n\u00e3o absorventes, recomendamos a limpeza em dois passos:<\/p>\n\n<p>1. pr\u00e9-limpeza intensiva da superf\u00edcie com um produto de limpeza convencional sem res\u00edduos ou com o nosso concentrado de limpeza biol\u00f3gico <a href=\"https:\/\/www.versiegelung24.com\/biosativa-biologischer-vorreiniger.html\">BIOSATIVA\u00ae<\/a><\/p>\n\n<p>2. Ap\u00f3s a conclus\u00e3o do processo de limpeza, limpe novamente a superf\u00edcie com bio-etanol 96,6% para que todas as impurezas sejam eliminadas e a superf\u00edcie esteja completamente livre de gordura. Repita este processo at\u00e9 que n\u00e3o se encontrem res\u00edduos de sujidade no pano de microfibra.<\/p>\n\n<p>Ap\u00f3s um curto per\u00edodo de evapora\u00e7\u00e3o dos poss\u00edveis res\u00edduos de \u00e1lcool na superf\u00edcie, a aplica\u00e7\u00e3o dos nossos nano-revestimentos e impregna\u00e7\u00f5es pode come\u00e7ar.<\/p>\n\n<p><em>Em princ\u00edpio, deve ser sempre efectuado um teste numa \u00e1rea discreta antes de qualquer limpeza ou selagem da superf\u00edcie, a fim de determinar a compatibilidade da superf\u00edcie com os agentes utilizados.<\/em><\/p>\n\n<hr \/>\n\n<h4 class=\"wp-block-heading\" id=\"advisor\">Conselheiro<\/h4>\n\n<p><strong>Bio-etanol 96,6% &#8211; perfeito para lareiras de mesa<\/strong><\/p>\n\n<p>Por mais diferentes que os nossos gostos, as lareiras de etanol tornaram-se indispens\u00e1veis em muitas casas. As garrafas de 1 litro s\u00e3o perfeitas para utilizadores casuais ou utilizadores de primeira viagem que queiram familiarizar-se com a sua lareira de etanol ou com o nosso combust\u00edvel de bioetanol l\u00edquido.<\/p>\n\n<p><strong>Quanto tempo dura um litro de bioetanol?<\/strong><\/p>\n\n<p>O tempo m\u00e9dio de combust\u00e3o para 1 litro de bioetanol 96,6% \u00e9 de cerca de 2 a 3 horas. Mas n\u00e3o podes dizer isso exatamente, porque o tempo de combust\u00e3o depende do tamanho da superf\u00edcie em que o l\u00edquido queima. Quanto maior for a \u00e1rea, mais r\u00e1pido o etanol biol\u00f3gico premium queima.<\/p>\n\n<hr \/>\n\n<h4 class=\"wp-block-heading\" id=\"faq\">FAQ<\/h4>\n\n<div class=\"schema-faq wp-block-yoast-faq-block\"><div class=\"schema-faq-section\" id=\"faq-question-1645793617330\"><strong class=\"schema-faq-question\">O bioetanol est\u00e1 aprovado para utiliza\u00e7\u00e3o m\u00e9dica?<\/strong> <p class=\"schema-faq-answer\">N\u00e3o! Se estiver \u00e0 procura de um desinfectante de superf\u00edcies, pode encontrar mais informa\u00e7\u00f5es aqui: <a href=\"https:\/\/www.versiegelung24.com\/desinfektionsmittel\/\">Vis\u00e3o geral dos desinfectantes<\/a><\/p> <\/div> <div class=\"schema-faq-section\" id=\"faq-question-1645793819353\"><strong class=\"schema-faq-question\">Qual \u00e9 o perigo do bioetanol?<\/strong> <p class=\"schema-faq-answer\">A combust\u00e3o produz vapor de \u00e1gua (H2O) e di\u00f3xido de carbono (CO2), tal como n\u00f3s respiramos. Bioetanol 96,6% queima sem cheiro e sem res\u00edduos. Em caso de utiliza\u00e7\u00e3o em lareiras, observar sempre os avisos de perigo exactos!<br>O bioetanol 96,6% \u00e9 altamente inflam\u00e1vel. Quando utilizado como produto de limpeza, s\u00e3o produzidos gases altamente inflam\u00e1veis.  <br><\/p> <\/div> <div class=\"schema-faq-section\" id=\"faq-question-1645794918526\"><strong class=\"schema-faq-question\">O bioetanol (utilizado como produto de limpeza) pode atacar as superf\u00edcies?<\/strong> <p class=\"schema-faq-answer\">Deve ter-se especial cuidado com os pl\u00e1sticos. Os pl\u00e1sticos macios, como vedantes e mangueiras, podem reagir com os plastificantes e danificar superf\u00edcies ou materiais.<br><br>Ao limpar superf\u00edcies, deve ser sempre efectuado um teste numa \u00e1rea discreta.<\/p> <\/div> <\/div>\n","protected":false},"excerpt":{"rendered":"<p>Bioetanol produzido a partir de 100% de milho e beterraba sacarina<\/p>\n<p>\u2713 Produ\u00e7\u00e3o regional com ingredientes da Europa<\/p>\n<p>\u2713 Produ\u00e7\u00e3o de acordo com as elevadas orienta\u00e7\u00f5es europeias<\/p>\n<p>Seguran\u00e7a e qualidade atrav\u00e9s de normas elevadas<\/p>\n","protected":false},"featured_media":65159,"template":"","meta":{"_acf_changed":false,"neve_meta_sidebar":"","neve_meta_container":"","neve_meta_enable_content_width":"","neve_meta_content_width":0,"neve_meta_title_alignment":"","neve_meta_author_avatar":"","neve_post_elements_order":"","neve_meta_disable_header":"","neve_meta_disable_footer":"","neve_meta_disable_title":"","neve_meta_reading_time":"","_surfaces":[],"_ver_product_tabs":[],"footnotes":""},"product_brand":[],"product_cat":[2152,2290,2380,2388,2611],"product_tag":[],"class_list":{"0":"post-23625","1":"product","2":"type-product","3":"status-publish","4":"has-post-thumbnail","6":"product_cat-vedacao-automatica","7":"product_cat-vedacao-para-vidro-ceramica","8":"product_cat-selo-de-metal-plastico","9":"product_cat-detergente","10":"product_cat-bioetanol-pt-pt","12":"first","13":"instock","14":"taxable","15":"shipping-taxable","16":"purchasable","17":"product-type-simple"},"acf":[],"yoast_head":"<!-- This site is optimized with the Yoast SEO Premium plugin v22.8 (Yoast SEO v27.5) - https:\/\/yoast.com\/product\/yoast-seo-premium-wordpress\/ -->\n<title>Bioetanol 96,6% para pr\u00e9-limpeza profissional - versiegelung24.com<\/title>\n<meta name=\"robots\" content=\"index, follow, max-snippet:-1, max-image-preview:large, max-video-preview:-1\" \/>\n<link rel=\"canonical\" href=\"https:\/\/www.versiegelung24.com\/pt-pt\/bioetanol-966-para-profissional-pre-limpeza.html\" \/>\n<meta property=\"og:locale\" content=\"pt_PT\" \/>\n<meta property=\"og:type\" content=\"article\" \/>\n<meta property=\"og:title\" content=\"Bioetanol 96,6% para pr\u00e9-limpeza profissional\" \/>\n<meta property=\"og:description\" content=\"Bioetanol produzido a partir de 100% de milho e beterraba sacarina \u2713 Produ\u00e7\u00e3o regional com ingredientes da Europa \u2713 Produ\u00e7\u00e3o de acordo com as elevadas orienta\u00e7\u00f5es europeias Seguran\u00e7a e qualidade atrav\u00e9s de normas elevadas\" \/>\n<meta property=\"og:url\" content=\"https:\/\/www.versiegelung24.com\/pt-pt\/bioetanol-966-para-profissional-pre-limpeza.html\" \/>\n<meta property=\"og:site_name\" content=\"versiegelung24.com\" \/>\n<meta property=\"article:modified_time\" content=\"2025-01-13T16:00:13+00:00\" \/>\n<meta property=\"og:image\" content=\"https:\/\/www.versiegelung24.com\/wp-content\/uploads\/2020\/04\/produkt_9100-950-1000-bioethanol-flasche.jpeg\" \/>\n\t<meta property=\"og:image:width\" content=\"2560\" \/>\n\t<meta property=\"og:image:height\" content=\"2560\" \/>\n\t<meta property=\"og:image:type\" content=\"image\/jpeg\" \/>\n<meta name=\"twitter:card\" content=\"summary_large_image\" \/>\n<meta name=\"twitter:label1\" content=\"pre\u00e7o\" \/>\n\t<meta name=\"twitter:data1\" content=\"9,99&euro;\" \/>\n\t<meta name=\"twitter:label2\" content=\"Disponibilidade\" \/>\n\t<meta name=\"twitter:data2\" content=\"Em stock\" \/>\n<script type=\"application\/ld+json\" class=\"yoast-schema-graph\">{\"@context\":\"https:\\\/\\\/schema.org\",\"@graph\":[{\"@type\":[\"WebPage\",\"FAQPage\"],\"@id\":\"https:\\\/\\\/www.versiegelung24.com\\\/pt-pt\\\/bioetanol-966-para-profissional-pre-limpeza.html\",\"url\":\"https:\\\/\\\/www.versiegelung24.com\\\/pt-pt\\\/bioetanol-966-para-profissional-pre-limpeza.html\",\"name\":\"Bioetanol 96,6% para pr\u00e9-limpeza profissional - versiegelung24.com\",\"isPartOf\":{\"@id\":\"https:\\\/\\\/www.versiegelung24.com\\\/pt-pt\\\/#website\"},\"primaryImageOfPage\":{\"@id\":\"https:\\\/\\\/www.versiegelung24.com\\\/pt-pt\\\/bioetanol-966-para-profissional-pre-limpeza.html#primaryimage\"},\"image\":{\"@id\":\"https:\\\/\\\/www.versiegelung24.com\\\/pt-pt\\\/bioetanol-966-para-profissional-pre-limpeza.html#primaryimage\"},\"thumbnailUrl\":\"https:\\\/\\\/www.versiegelung24.com\\\/wp-content\\\/uploads\\\/2020\\\/04\\\/produkt_9100-950-1000-bioethanol-flasche.jpeg\",\"datePublished\":\"2020-04-04T16:53:41+00:00\",\"dateModified\":\"2025-01-13T16:00:13+00:00\",\"breadcrumb\":{\"@id\":\"https:\\\/\\\/www.versiegelung24.com\\\/pt-pt\\\/bioetanol-966-para-profissional-pre-limpeza.html#breadcrumb\"},\"mainEntity\":[{\"@id\":\"https:\\\/\\\/www.versiegelung24.com\\\/pt-pt\\\/bioetanol-966-para-profissional-pre-limpeza.html#faq-question-1645793617330\"},{\"@id\":\"https:\\\/\\\/www.versiegelung24.com\\\/pt-pt\\\/bioetanol-966-para-profissional-pre-limpeza.html#faq-question-1645793819353\"},{\"@id\":\"https:\\\/\\\/www.versiegelung24.com\\\/pt-pt\\\/bioetanol-966-para-profissional-pre-limpeza.html#faq-question-1645794918526\"}],\"inLanguage\":\"pt-PT\",\"potentialAction\":[{\"@type\":\"ReadAction\",\"target\":[\"https:\\\/\\\/www.versiegelung24.com\\\/pt-pt\\\/bioetanol-966-para-profissional-pre-limpeza.html\"]}]},{\"@type\":\"ImageObject\",\"inLanguage\":\"pt-PT\",\"@id\":\"https:\\\/\\\/www.versiegelung24.com\\\/pt-pt\\\/bioetanol-966-para-profissional-pre-limpeza.html#primaryimage\",\"url\":\"https:\\\/\\\/www.versiegelung24.com\\\/wp-content\\\/uploads\\\/2020\\\/04\\\/produkt_9100-950-1000-bioethanol-flasche.jpeg\",\"contentUrl\":\"https:\\\/\\\/www.versiegelung24.com\\\/wp-content\\\/uploads\\\/2020\\\/04\\\/produkt_9100-950-1000-bioethanol-flasche.jpeg\",\"width\":2560,\"height\":2560},{\"@type\":\"BreadcrumbList\",\"@id\":\"https:\\\/\\\/www.versiegelung24.com\\\/pt-pt\\\/bioetanol-966-para-profissional-pre-limpeza.html#breadcrumb\",\"itemListElement\":[{\"@type\":\"ListItem\",\"position\":1,\"name\":\"P\u00e1gina inicial\",\"item\":\"https:\\\/\\\/www.versiegelung24.com\\\/pt-pt\\\/frente\\\/\"},{\"@type\":\"ListItem\",\"position\":2,\"name\":\"Loja\",\"item\":\"https:\\\/\\\/www.versiegelung24.com\\\/pt-pt\\\/loja\\\/\"},{\"@type\":\"ListItem\",\"position\":3,\"name\":\"Bioetanol 96,6% para pr\u00e9-limpeza profissional\"}]},{\"@type\":\"WebSite\",\"@id\":\"https:\\\/\\\/www.versiegelung24.com\\\/pt-pt\\\/#website\",\"url\":\"https:\\\/\\\/www.versiegelung24.com\\\/pt-pt\\\/\",\"name\":\"versiegelung24.com\",\"description\":\"Fl\u00fcssigglas-Versiegelung - Made in Germany\",\"publisher\":{\"@id\":\"https:\\\/\\\/www.versiegelung24.com\\\/pt-pt\\\/#organization\"},\"potentialAction\":[{\"@type\":\"SearchAction\",\"target\":{\"@type\":\"EntryPoint\",\"urlTemplate\":\"https:\\\/\\\/www.versiegelung24.com\\\/pt-pt\\\/?s={search_term_string}\"},\"query-input\":{\"@type\":\"PropertyValueSpecification\",\"valueRequired\":true,\"valueName\":\"search_term_string\"}}],\"inLanguage\":\"pt-PT\"},{\"@type\":\"Organization\",\"@id\":\"https:\\\/\\\/www.versiegelung24.com\\\/pt-pt\\\/#organization\",\"name\":\"versiegelung24\",\"url\":\"https:\\\/\\\/www.versiegelung24.com\\\/pt-pt\\\/\",\"logo\":{\"@type\":\"ImageObject\",\"inLanguage\":\"pt-PT\",\"@id\":\"https:\\\/\\\/www.versiegelung24.com\\\/pt-pt\\\/#\\\/schema\\\/logo\\\/image\\\/\",\"url\":\"https:\\\/\\\/www.versiegelung24.com\\\/wp-content\\\/uploads\\\/2020\\\/04\\\/versiegelung24.png\",\"contentUrl\":\"https:\\\/\\\/www.versiegelung24.com\\\/wp-content\\\/uploads\\\/2020\\\/04\\\/versiegelung24.png\",\"width\":470,\"height\":102,\"caption\":\"versiegelung24\"},\"image\":{\"@id\":\"https:\\\/\\\/www.versiegelung24.com\\\/pt-pt\\\/#\\\/schema\\\/logo\\\/image\\\/\"}},{\"@type\":\"Question\",\"@id\":\"https:\\\/\\\/www.versiegelung24.com\\\/pt-pt\\\/bioetanol-966-para-profissional-pre-limpeza.html#faq-question-1645793617330\",\"position\":1,\"url\":\"https:\\\/\\\/www.versiegelung24.com\\\/pt-pt\\\/bioetanol-966-para-profissional-pre-limpeza.html#faq-question-1645793617330\",\"name\":\"Ist Bioethanol f\u00fcr den medizinischen Bereich zugelassen?\",\"answerCount\":1,\"acceptedAnswer\":{\"@type\":\"Answer\",\"text\":\"Nein! Wenn Sie ein Fl\u00e4chendesinfektionsmittel suchen, finden Sie weitere Informationen hier: <a href=\\\"https:\\\/\\\/www.versiegelung24.com\\\/desinfektionsmittel\\\/\\\">\u00dcbersicht Desinfektionsmittel<\\\/a>\",\"inLanguage\":\"pt-PT\"},\"inLanguage\":\"pt-PT\"},{\"@type\":\"Question\",\"@id\":\"https:\\\/\\\/www.versiegelung24.com\\\/pt-pt\\\/bioetanol-966-para-profissional-pre-limpeza.html#faq-question-1645793819353\",\"position\":2,\"url\":\"https:\\\/\\\/www.versiegelung24.com\\\/pt-pt\\\/bioetanol-966-para-profissional-pre-limpeza.html#faq-question-1645793819353\",\"name\":\"Wie gef\u00e4hrlich ist Bioethanol?\",\"answerCount\":1,\"acceptedAnswer\":{\"@type\":\"Answer\",\"text\":\"Bei der Verbrennung entstehen genau wie bei unserer Atmung Wasserdampf (H2O) und Kohlendioxid (CO2). Bioethanol 96,6% verbrennt geruchs- und r\u00fcckstandsfrei. Bei Nutzung in Feuerstellen sind stets die genauen Gefahrenhinweise zu beachten!<br \\\/>Bioethanol 96,6% ist leicht entz\u00fcndlich. Bei der Nutzung als Reiniger entstehen leicht brennbare Gase. <br \\\/>\",\"inLanguage\":\"pt-PT\"},\"inLanguage\":\"pt-PT\"},{\"@type\":\"Question\",\"@id\":\"https:\\\/\\\/www.versiegelung24.com\\\/pt-pt\\\/bioetanol-966-para-profissional-pre-limpeza.html#faq-question-1645794918526\",\"position\":3,\"url\":\"https:\\\/\\\/www.versiegelung24.com\\\/pt-pt\\\/bioetanol-966-para-profissional-pre-limpeza.html#faq-question-1645794918526\",\"name\":\"Kann Bioethanol (als Reiniger eingesetzt) Oberfl\u00e4chen angreifen?\",\"answerCount\":1,\"acceptedAnswer\":{\"@type\":\"Answer\",\"text\":\"Besonders bei Kunststoffen ist hier mit Achtsamkeit vor zu gehen. Weiche Kunststoffe wie z.B. bei Dichtungen und Schl\u00e4uchen kann dieser mit den Weichmachern reagieren und Oberfl\u00e4chen bzw. Materialien sch\u00e4digen.<br \\\/><br \\\/>Grunds\u00e4tzlich sollte bei der Oberfl\u00e4chenreinigung immer erst ein Test an unauff\u00e4lliger Stelle durchgef\u00fchrt werden.\",\"inLanguage\":\"pt-PT\"},\"inLanguage\":\"pt-PT\"}]}<\/script>\n<meta property=\"product:price:amount\" content=\"9.99\" \/>\n<meta property=\"product:price:currency\" content=\"EUR\" \/>\n<meta property=\"og:availability\" content=\"instock\" \/>\n<meta property=\"product:availability\" content=\"instock\" \/>\n<meta property=\"product:retailer_item_id\" content=\"9100-BE96-1\" \/>\n<meta property=\"product:condition\" content=\"new\" \/>\n<!-- \/ Yoast SEO Premium plugin. -->","yoast_head_json":{"title":"Bioetanol 96,6% para pr\u00e9-limpeza profissional - versiegelung24.com","robots":{"index":"index","follow":"follow","max-snippet":"max-snippet:-1","max-image-preview":"max-image-preview:large","max-video-preview":"max-video-preview:-1"},"canonical":"https:\/\/www.versiegelung24.com\/pt-pt\/bioetanol-966-para-profissional-pre-limpeza.html","og_locale":"pt_PT","og_type":"article","og_title":"Bioetanol 96,6% para pr\u00e9-limpeza profissional","og_description":"Bioetanol produzido a partir de 100% de milho e beterraba sacarina \u2713 Produ\u00e7\u00e3o regional com ingredientes da Europa \u2713 Produ\u00e7\u00e3o de acordo com as elevadas orienta\u00e7\u00f5es europeias Seguran\u00e7a e qualidade atrav\u00e9s de normas elevadas","og_url":"https:\/\/www.versiegelung24.com\/pt-pt\/bioetanol-966-para-profissional-pre-limpeza.html","og_site_name":"versiegelung24.com","article_modified_time":"2025-01-13T16:00:13+00:00","og_image":[{"width":2560,"height":2560,"url":"https:\/\/www.versiegelung24.com\/wp-content\/uploads\/2020\/04\/produkt_9100-950-1000-bioethanol-flasche.jpeg","type":"image\/jpeg"}],"twitter_card":"summary_large_image","twitter_misc":{"pre\u00e7o":"9,99&euro;","Disponibilidade":"Em stock"},"schema":{"@context":"https:\/\/schema.org","@graph":[{"@type":["WebPage","FAQPage"],"@id":"https:\/\/www.versiegelung24.com\/pt-pt\/bioetanol-966-para-profissional-pre-limpeza.html","url":"https:\/\/www.versiegelung24.com\/pt-pt\/bioetanol-966-para-profissional-pre-limpeza.html","name":"Bioetanol 96,6% para pr\u00e9-limpeza profissional - versiegelung24.com","isPartOf":{"@id":"https:\/\/www.versiegelung24.com\/pt-pt\/#website"},"primaryImageOfPage":{"@id":"https:\/\/www.versiegelung24.com\/pt-pt\/bioetanol-966-para-profissional-pre-limpeza.html#primaryimage"},"image":{"@id":"https:\/\/www.versiegelung24.com\/pt-pt\/bioetanol-966-para-profissional-pre-limpeza.html#primaryimage"},"thumbnailUrl":"https:\/\/www.versiegelung24.com\/wp-content\/uploads\/2020\/04\/produkt_9100-950-1000-bioethanol-flasche.jpeg","datePublished":"2020-04-04T16:53:41+00:00","dateModified":"2025-01-13T16:00:13+00:00","breadcrumb":{"@id":"https:\/\/www.versiegelung24.com\/pt-pt\/bioetanol-966-para-profissional-pre-limpeza.html#breadcrumb"},"mainEntity":[{"@id":"https:\/\/www.versiegelung24.com\/pt-pt\/bioetanol-966-para-profissional-pre-limpeza.html#faq-question-1645793617330"},{"@id":"https:\/\/www.versiegelung24.com\/pt-pt\/bioetanol-966-para-profissional-pre-limpeza.html#faq-question-1645793819353"},{"@id":"https:\/\/www.versiegelung24.com\/pt-pt\/bioetanol-966-para-profissional-pre-limpeza.html#faq-question-1645794918526"}],"inLanguage":"pt-PT","potentialAction":[{"@type":"ReadAction","target":["https:\/\/www.versiegelung24.com\/pt-pt\/bioetanol-966-para-profissional-pre-limpeza.html"]}]},{"@type":"ImageObject","inLanguage":"pt-PT","@id":"https:\/\/www.versiegelung24.com\/pt-pt\/bioetanol-966-para-profissional-pre-limpeza.html#primaryimage","url":"https:\/\/www.versiegelung24.com\/wp-content\/uploads\/2020\/04\/produkt_9100-950-1000-bioethanol-flasche.jpeg","contentUrl":"https:\/\/www.versiegelung24.com\/wp-content\/uploads\/2020\/04\/produkt_9100-950-1000-bioethanol-flasche.jpeg","width":2560,"height":2560},{"@type":"BreadcrumbList","@id":"https:\/\/www.versiegelung24.com\/pt-pt\/bioetanol-966-para-profissional-pre-limpeza.html#breadcrumb","itemListElement":[{"@type":"ListItem","position":1,"name":"P\u00e1gina inicial","item":"https:\/\/www.versiegelung24.com\/pt-pt\/frente\/"},{"@type":"ListItem","position":2,"name":"Loja","item":"https:\/\/www.versiegelung24.com\/pt-pt\/loja\/"},{"@type":"ListItem","position":3,"name":"Bioetanol 96,6% para pr\u00e9-limpeza profissional"}]},{"@type":"WebSite","@id":"https:\/\/www.versiegelung24.com\/pt-pt\/#website","url":"https:\/\/www.versiegelung24.com\/pt-pt\/","name":"versiegelung24.com","description":"Fl\u00fcssigglas-Versiegelung - Made in Germany","publisher":{"@id":"https:\/\/www.versiegelung24.com\/pt-pt\/#organization"},"potentialAction":[{"@type":"SearchAction","target":{"@type":"EntryPoint","urlTemplate":"https:\/\/www.versiegelung24.com\/pt-pt\/?s={search_term_string}"},"query-input":{"@type":"PropertyValueSpecification","valueRequired":true,"valueName":"search_term_string"}}],"inLanguage":"pt-PT"},{"@type":"Organization","@id":"https:\/\/www.versiegelung24.com\/pt-pt\/#organization","name":"versiegelung24","url":"https:\/\/www.versiegelung24.com\/pt-pt\/","logo":{"@type":"ImageObject","inLanguage":"pt-PT","@id":"https:\/\/www.versiegelung24.com\/pt-pt\/#\/schema\/logo\/image\/","url":"https:\/\/www.versiegelung24.com\/wp-content\/uploads\/2020\/04\/versiegelung24.png","contentUrl":"https:\/\/www.versiegelung24.com\/wp-content\/uploads\/2020\/04\/versiegelung24.png","width":470,"height":102,"caption":"versiegelung24"},"image":{"@id":"https:\/\/www.versiegelung24.com\/pt-pt\/#\/schema\/logo\/image\/"}},{"@type":"Question","@id":"https:\/\/www.versiegelung24.com\/pt-pt\/bioetanol-966-para-profissional-pre-limpeza.html#faq-question-1645793617330","position":1,"url":"https:\/\/www.versiegelung24.com\/pt-pt\/bioetanol-966-para-profissional-pre-limpeza.html#faq-question-1645793617330","name":"Ist Bioethanol f\u00fcr den medizinischen Bereich zugelassen?","answerCount":1,"acceptedAnswer":{"@type":"Answer","text":"Nein! Wenn Sie ein Fl\u00e4chendesinfektionsmittel suchen, finden Sie weitere Informationen hier: <a href=\"https:\/\/www.versiegelung24.com\/desinfektionsmittel\/\">\u00dcbersicht Desinfektionsmittel<\/a>","inLanguage":"pt-PT"},"inLanguage":"pt-PT"},{"@type":"Question","@id":"https:\/\/www.versiegelung24.com\/pt-pt\/bioetanol-966-para-profissional-pre-limpeza.html#faq-question-1645793819353","position":2,"url":"https:\/\/www.versiegelung24.com\/pt-pt\/bioetanol-966-para-profissional-pre-limpeza.html#faq-question-1645793819353","name":"Wie gef\u00e4hrlich ist Bioethanol?","answerCount":1,"acceptedAnswer":{"@type":"Answer","text":"Bei der Verbrennung entstehen genau wie bei unserer Atmung Wasserdampf (H2O) und Kohlendioxid (CO2). Bioethanol 96,6% verbrennt geruchs- und r\u00fcckstandsfrei. Bei Nutzung in Feuerstellen sind stets die genauen Gefahrenhinweise zu beachten!<br \/>Bioethanol 96,6% ist leicht entz\u00fcndlich. Bei der Nutzung als Reiniger entstehen leicht brennbare Gase. <br \/>","inLanguage":"pt-PT"},"inLanguage":"pt-PT"},{"@type":"Question","@id":"https:\/\/www.versiegelung24.com\/pt-pt\/bioetanol-966-para-profissional-pre-limpeza.html#faq-question-1645794918526","position":3,"url":"https:\/\/www.versiegelung24.com\/pt-pt\/bioetanol-966-para-profissional-pre-limpeza.html#faq-question-1645794918526","name":"Kann Bioethanol (als Reiniger eingesetzt) Oberfl\u00e4chen angreifen?","answerCount":1,"acceptedAnswer":{"@type":"Answer","text":"Besonders bei Kunststoffen ist hier mit Achtsamkeit vor zu gehen. Weiche Kunststoffe wie z.B. bei Dichtungen und Schl\u00e4uchen kann dieser mit den Weichmachern reagieren und Oberfl\u00e4chen bzw. Materialien sch\u00e4digen.<br \/><br \/>Grunds\u00e4tzlich sollte bei der Oberfl\u00e4chenreinigung immer erst ein Test an unauff\u00e4lliger Stelle durchgef\u00fchrt werden.","inLanguage":"pt-PT"},"inLanguage":"pt-PT"}]},"product_price_amount":"9.99","product_price_currency":"EUR","og_availability":"instock","product_availability":"instock","product_retailer_item_id":"9100-BE96-1","product_condition":"new"},"_links":{"self":[{"href":"https:\/\/www.versiegelung24.com\/pt-pt\/wp-json\/wp\/v2\/product\/23625","targetHints":{"allow":["GET"]}}],"collection":[{"href":"https:\/\/www.versiegelung24.com\/pt-pt\/wp-json\/wp\/v2\/product"}],"about":[{"href":"https:\/\/www.versiegelung24.com\/pt-pt\/wp-json\/wp\/v2\/types\/product"}],"version-history":[{"count":51,"href":"https:\/\/www.versiegelung24.com\/pt-pt\/wp-json\/wp\/v2\/product\/23625\/revisions"}],"predecessor-version":[{"id":180703,"href":"https:\/\/www.versiegelung24.com\/pt-pt\/wp-json\/wp\/v2\/product\/23625\/revisions\/180703"}],"wp:featuredmedia":[{"embeddable":true,"href":"https:\/\/www.versiegelung24.com\/pt-pt\/wp-json\/wp\/v2\/media\/65159"}],"wp:attachment":[{"href":"https:\/\/www.versiegelung24.com\/pt-pt\/wp-json\/wp\/v2\/media?parent=23625"}],"wp:term":[{"taxonomy":"product_brand","embeddable":true,"href":"https:\/\/www.versiegelung24.com\/pt-pt\/wp-json\/wp\/v2\/product_brand?post=23625"},{"taxonomy":"product_cat","embeddable":true,"href":"https:\/\/www.versiegelung24.com\/pt-pt\/wp-json\/wp\/v2\/product_cat?post=23625"},{"taxonomy":"product_tag","embeddable":true,"href":"https:\/\/www.versiegelung24.com\/pt-pt\/wp-json\/wp\/v2\/product_tag?post=23625"}],"curies":[{"name":"wp","href":"https:\/\/api.w.org\/{rel}","templated":true}]}}