{"id":23648,"date":"2020-04-04T18:53:44","date_gmt":"2021-08-02T19:52:16","guid":{"rendered":"https:\/\/www.versiegelung24.com\/produkt\/vedacao-universal-691-para-superficies-macias-absorventes-textil-madeira-pedra"},"modified":"2025-01-04T00:12:47","modified_gmt":"2025-01-03T23:12:47","slug":"universal-sealer-691-for-soft-absorbent-surfaces-textile-wood-stone","status":"publish","type":"product","link":"https:\/\/www.versiegelung24.com\/pt-pt\/vedacao-universal-691-for-soft-absorbent-superficie-textil-madeira-pedra.html","title":{"rendered":"Selante universal 691 para superf\u00edcies &#8220;macias&#8221;\/absorventes (t\u00eaxteis +++, madeira ++, pedra ++)"},"content":{"rendered":"\n<p><strong>Selante profissional universal altamente eficaz para superf\u00edcies absorventes \/ &#8220;macias&#8221; (t\u00eaxteis, pedra, madeira) com efeito de limpeza f\u00e1cil<\/strong><\/p>\n\n<p>Ideal para t\u00eaxteis, tamb\u00e9m aplic\u00e1vel \u00e0 pedra e madeira<\/p>\n\n<p>Alta qualidade &#8211; Made in Germany.<\/p>\n\n<p>N\u00famero do artigo: 4006-691<\/p>\n\n<p><strong>V24 Universal Sealer 4006-691<\/strong> \u00e9 uma impregna\u00e7\u00e3o \u00e0 base de \u00e1gua para superf\u00edcies absorventes \/ &#8220;macias&#8221; com um efeito hidrof\u00f3bico (repel\u00eancia \u00e0 \u00e1gua) e oleof\u00f3bico (repel\u00eancia ao \u00f3leo) muito bom nas superf\u00edcies. O produto forma uma pel\u00edcula superficial fina e quase invis\u00edvel. O efeito hidrof\u00f3bico reduz significativamente a taxa de penetra\u00e7\u00e3o da humidade quando as superf\u00edcies tratadas s\u00e3o expostas \u00e0 \u00e1gua e \u00e0 sujidade. A penetra\u00e7\u00e3o de \u00f3leo e subst\u00e2ncias descolorantes na superf\u00edcie \u00e9 reduzida e pode ser facilmente removida\/limpa.<\/p>\n\n<hr\/>\n\n<h4 class=\"wp-block-heading\" id=\"properties\">Caracter\u00edsticas do produto<\/h4>\n\n<div class=\"wp-block-columns is-layout-flex wp-container-core-columns-is-layout-9d6595d7 wp-block-columns-is-layout-flex\">\n<div class=\"wp-block-column is-layout-flow wp-block-column-is-layout-flow\">\n<ul class=\"wp-block-list\">\n<li>Base de ingredientes ativos: Pol\u00edmero contendo fluorina<\/li>\n\n\n\n<li>Apar\u00eancia: l\u00edquido branco e transl\u00facido<\/li>\n\n\n\n<li>Conte\u00fado s\u00f3lido: ~1 %<\/li>\n\n\n\n<li>pH: 7<\/li>\n\n\n\n<li>Dilui\u00e7\u00e3o: Dilu\u00eddo pronto para aplica\u00e7\u00e3o. Dependendo do efeito desejado, pode ser dilu\u00eddo com \u00e1gua.<\/li>\n<\/ul>\n<\/div>\n\n\n\n<div class=\"wp-block-column is-layout-flow wp-block-column-is-layout-flow\">\n<p><br\/><br\/>\u00c2mbito de fornecimento: 1 x garrafa de litro 1 x cabe\u00e7a de pulveriza\u00e7\u00e3o da bomba<\/p>\n<\/div>\n<\/div>\n\n<hr\/>\n\n<h4 class=\"wp-block-heading\" id=\"h-ratgeber\">Conselheiro<\/h4>\n\n<p>Os nossos vedantes universais s\u00e3o particularmente adequados para o sector do &#8220;fa\u00e7a voc\u00ea mesmo&#8221;.<\/p>\n\n<p>Combinam um modo de ac\u00e7\u00e3o profissional em v\u00e1rias superf\u00edcies com um manuseamento f\u00e1cil durante a aplica\u00e7\u00e3o. E tudo isto sem ter de fazer grandes concess\u00f5es em termos de qualidade.<\/p>\n\n<p>Desta forma, \u00e9 poss\u00edvel efectuar aplica\u00e7\u00f5es em v\u00e1rios materiais com apenas um vedante universal e, al\u00e9m disso, \u00e9 poss\u00edvel obter um efeito de alta qualidade e uma longa durabilidade.<\/p>\n\n<p>No entanto, para aplica\u00e7\u00f5es comerciais e industriais em que \u00e9 necess\u00e1rio o mais elevado n\u00edvel de desempenho poss\u00edvel numa superf\u00edcie espec\u00edfica, recomendamos a utiliza\u00e7\u00e3o dos nossos vedantes especiais para a superf\u00edcie em quest\u00e3o.<\/p>\n","protected":false},"excerpt":{"rendered":"<p><strong>Selante profissional universal altamente eficaz para superf\u00edcies absorventes \/ &#8220;macias&#8221;:<\/strong><\/p>\n<p>T\u00eaxtil<\/p>\n<p>Pedra<\/p>\n<p>\u2713 Madeira<\/p>\n<p>Com efeito f\u00e1cil de limpar<\/p>\n","protected":false},"featured_media":18293,"template":"","meta":{"_acf_changed":false,"neve_meta_sidebar":"","neve_meta_container":"","neve_meta_enable_content_width":"","neve_meta_content_width":0,"neve_meta_title_alignment":"","neve_meta_author_avatar":"","neve_post_elements_order":"","neve_meta_disable_header":"","neve_meta_disable_footer":"","neve_meta_disable_title":"","neve_meta_reading_time":"","_surfaces":[],"_ver_product_tabs":[],"footnotes":""},"product_brand":[],"product_cat":[2482],"product_tag":[],"class_list":{"0":"post-23648","1":"product","2":"type-product","3":"status-publish","4":"has-post-thumbnail","6":"product_cat-vedacao-universal","8":"first","9":"instock","10":"taxable","11":"shipping-taxable","12":"purchasable","13":"product-type-simple"},"acf":[],"yoast_head":"<!-- This site is optimized with the Yoast SEO Premium plugin v22.8 (Yoast SEO v27.3) - https:\/\/yoast.com\/product\/yoast-seo-premium-wordpress\/ -->\n<title>Selante universal 691 para superf\u00edcies &quot;macias&quot;\/absorventes (t\u00eaxteis +++, madeira ++, pedra ++) - versiegelung24.com<\/title>\n<meta name=\"robots\" content=\"index, follow, max-snippet:-1, max-image-preview:large, max-video-preview:-1\" \/>\n<link rel=\"canonical\" href=\"https:\/\/www.versiegelung24.com\/pt-pt\/vedacao-universal-691-for-soft-absorbent-superficie-textil-madeira-pedra.html\" \/>\n<meta property=\"og:locale\" content=\"pt_PT\" \/>\n<meta property=\"og:type\" content=\"article\" \/>\n<meta property=\"og:title\" content=\"Selante universal 691 para superf\u00edcies &quot;macias&quot;\/absorventes (t\u00eaxteis +++, madeira ++, pedra ++)\" \/>\n<meta property=\"og:description\" content=\"Selante profissional universal altamente eficaz para superf\u00edcies absorventes \/ &quot;macias&quot;: T\u00eaxtil Pedra \u2713 Madeira Com efeito f\u00e1cil de limpar\" \/>\n<meta property=\"og:url\" content=\"https:\/\/www.versiegelung24.com\/pt-pt\/vedacao-universal-691-for-soft-absorbent-superficie-textil-madeira-pedra.html\" \/>\n<meta property=\"og:site_name\" content=\"versiegelung24.com\" \/>\n<meta property=\"article:modified_time\" content=\"2025-01-03T23:12:47+00:00\" \/>\n<meta property=\"og:image\" content=\"https:\/\/www.versiegelung24.com\/wp-content\/uploads\/2020\/06\/produkt-4006-691-1000-Universalversiegelung-691-scaled.jpg\" \/>\n\t<meta property=\"og:image:width\" content=\"2560\" \/>\n\t<meta property=\"og:image:height\" content=\"2560\" \/>\n\t<meta property=\"og:image:type\" content=\"image\/jpeg\" \/>\n<meta name=\"twitter:card\" content=\"summary_large_image\" \/>\n<meta name=\"twitter:label1\" content=\"pre\u00e7o\" \/>\n\t<meta name=\"twitter:data1\" content=\"74,99&euro;\" \/>\n\t<meta name=\"twitter:label2\" content=\"Disponibilidade\" \/>\n\t<meta name=\"twitter:data2\" content=\"Em stock\" \/>\n<script type=\"application\/ld+json\" class=\"yoast-schema-graph\">{\"@context\":\"https:\\\/\\\/schema.org\",\"@graph\":[{\"@type\":\"WebPage\",\"@id\":\"https:\\\/\\\/www.versiegelung24.com\\\/pt-pt\\\/vedacao-universal-691-for-soft-absorbent-superficie-textil-madeira-pedra.html\",\"url\":\"https:\\\/\\\/www.versiegelung24.com\\\/pt-pt\\\/vedacao-universal-691-for-soft-absorbent-superficie-textil-madeira-pedra.html\",\"name\":\"Selante universal 691 para superf\u00edcies \\\"macias\\\"\\\/absorventes (t\u00eaxteis +++, madeira ++, pedra ++) - versiegelung24.com\",\"isPartOf\":{\"@id\":\"https:\\\/\\\/www.versiegelung24.com\\\/pt-pt\\\/#website\"},\"primaryImageOfPage\":{\"@id\":\"https:\\\/\\\/www.versiegelung24.com\\\/pt-pt\\\/vedacao-universal-691-for-soft-absorbent-superficie-textil-madeira-pedra.html#primaryimage\"},\"image\":{\"@id\":\"https:\\\/\\\/www.versiegelung24.com\\\/pt-pt\\\/vedacao-universal-691-for-soft-absorbent-superficie-textil-madeira-pedra.html#primaryimage\"},\"thumbnailUrl\":\"https:\\\/\\\/www.versiegelung24.com\\\/wp-content\\\/uploads\\\/2020\\\/06\\\/produkt-4006-691-1000-Universalversiegelung-691-scaled.jpg\",\"datePublished\":\"2021-08-02T19:52:16+00:00\",\"dateModified\":\"2025-01-03T23:12:47+00:00\",\"breadcrumb\":{\"@id\":\"https:\\\/\\\/www.versiegelung24.com\\\/pt-pt\\\/vedacao-universal-691-for-soft-absorbent-superficie-textil-madeira-pedra.html#breadcrumb\"},\"inLanguage\":\"pt-PT\",\"potentialAction\":[{\"@type\":\"ReadAction\",\"target\":[\"https:\\\/\\\/www.versiegelung24.com\\\/pt-pt\\\/vedacao-universal-691-for-soft-absorbent-superficie-textil-madeira-pedra.html\"]}]},{\"@type\":\"ImageObject\",\"inLanguage\":\"pt-PT\",\"@id\":\"https:\\\/\\\/www.versiegelung24.com\\\/pt-pt\\\/vedacao-universal-691-for-soft-absorbent-superficie-textil-madeira-pedra.html#primaryimage\",\"url\":\"https:\\\/\\\/www.versiegelung24.com\\\/wp-content\\\/uploads\\\/2020\\\/06\\\/produkt-4006-691-1000-Universalversiegelung-691-scaled.jpg\",\"contentUrl\":\"https:\\\/\\\/www.versiegelung24.com\\\/wp-content\\\/uploads\\\/2020\\\/06\\\/produkt-4006-691-1000-Universalversiegelung-691-scaled.jpg\",\"width\":2560,\"height\":2560},{\"@type\":\"BreadcrumbList\",\"@id\":\"https:\\\/\\\/www.versiegelung24.com\\\/pt-pt\\\/vedacao-universal-691-for-soft-absorbent-superficie-textil-madeira-pedra.html#breadcrumb\",\"itemListElement\":[{\"@type\":\"ListItem\",\"position\":1,\"name\":\"P\u00e1gina inicial\",\"item\":\"https:\\\/\\\/www.versiegelung24.com\\\/pt-pt\\\/frente\\\/\"},{\"@type\":\"ListItem\",\"position\":2,\"name\":\"Loja\",\"item\":\"https:\\\/\\\/www.versiegelung24.com\\\/pt-pt\\\/loja\\\/\"},{\"@type\":\"ListItem\",\"position\":3,\"name\":\"Selante universal 691 para superf\u00edcies &#8220;macias&#8221;\\\/absorventes (t\u00eaxteis +++, madeira ++, pedra ++)\"}]},{\"@type\":\"WebSite\",\"@id\":\"https:\\\/\\\/www.versiegelung24.com\\\/pt-pt\\\/#website\",\"url\":\"https:\\\/\\\/www.versiegelung24.com\\\/pt-pt\\\/\",\"name\":\"versiegelung24.com\",\"description\":\"Fl\u00fcssigglas-Versiegelung - Made in Germany\",\"publisher\":{\"@id\":\"https:\\\/\\\/www.versiegelung24.com\\\/pt-pt\\\/#organization\"},\"potentialAction\":[{\"@type\":\"SearchAction\",\"target\":{\"@type\":\"EntryPoint\",\"urlTemplate\":\"https:\\\/\\\/www.versiegelung24.com\\\/pt-pt\\\/?s={search_term_string}\"},\"query-input\":{\"@type\":\"PropertyValueSpecification\",\"valueRequired\":true,\"valueName\":\"search_term_string\"}}],\"inLanguage\":\"pt-PT\"},{\"@type\":\"Organization\",\"@id\":\"https:\\\/\\\/www.versiegelung24.com\\\/pt-pt\\\/#organization\",\"name\":\"versiegelung24\",\"url\":\"https:\\\/\\\/www.versiegelung24.com\\\/pt-pt\\\/\",\"logo\":{\"@type\":\"ImageObject\",\"inLanguage\":\"pt-PT\",\"@id\":\"https:\\\/\\\/www.versiegelung24.com\\\/pt-pt\\\/#\\\/schema\\\/logo\\\/image\\\/\",\"url\":\"https:\\\/\\\/www.versiegelung24.com\\\/wp-content\\\/uploads\\\/2020\\\/04\\\/versiegelung24.png\",\"contentUrl\":\"https:\\\/\\\/www.versiegelung24.com\\\/wp-content\\\/uploads\\\/2020\\\/04\\\/versiegelung24.png\",\"width\":470,\"height\":102,\"caption\":\"versiegelung24\"},\"image\":{\"@id\":\"https:\\\/\\\/www.versiegelung24.com\\\/pt-pt\\\/#\\\/schema\\\/logo\\\/image\\\/\"}}]}<\/script>\n<meta property=\"product:price:amount\" content=\"74.99\" \/>\n<meta property=\"product:price:currency\" content=\"EUR\" \/>\n<meta property=\"og:availability\" content=\"instock\" \/>\n<meta property=\"product:availability\" content=\"instock\" \/>\n<meta property=\"product:retailer_item_id\" content=\"4006-691-1000\" \/>\n<meta property=\"product:condition\" content=\"new\" \/>\n<!-- \/ Yoast SEO Premium plugin. -->","yoast_head_json":{"title":"Selante universal 691 para superf\u00edcies \"macias\"\/absorventes (t\u00eaxteis +++, madeira ++, pedra ++) - versiegelung24.com","robots":{"index":"index","follow":"follow","max-snippet":"max-snippet:-1","max-image-preview":"max-image-preview:large","max-video-preview":"max-video-preview:-1"},"canonical":"https:\/\/www.versiegelung24.com\/pt-pt\/vedacao-universal-691-for-soft-absorbent-superficie-textil-madeira-pedra.html","og_locale":"pt_PT","og_type":"article","og_title":"Selante universal 691 para superf\u00edcies \"macias\"\/absorventes (t\u00eaxteis +++, madeira ++, pedra ++)","og_description":"Selante profissional universal altamente eficaz para superf\u00edcies absorventes \/ \"macias\": T\u00eaxtil Pedra \u2713 Madeira Com efeito f\u00e1cil de limpar","og_url":"https:\/\/www.versiegelung24.com\/pt-pt\/vedacao-universal-691-for-soft-absorbent-superficie-textil-madeira-pedra.html","og_site_name":"versiegelung24.com","article_modified_time":"2025-01-03T23:12:47+00:00","og_image":[{"width":2560,"height":2560,"url":"https:\/\/www.versiegelung24.com\/wp-content\/uploads\/2020\/06\/produkt-4006-691-1000-Universalversiegelung-691-scaled.jpg","type":"image\/jpeg"}],"twitter_card":"summary_large_image","twitter_misc":{"pre\u00e7o":"74,99&euro;","Disponibilidade":"Em stock"},"schema":{"@context":"https:\/\/schema.org","@graph":[{"@type":"WebPage","@id":"https:\/\/www.versiegelung24.com\/pt-pt\/vedacao-universal-691-for-soft-absorbent-superficie-textil-madeira-pedra.html","url":"https:\/\/www.versiegelung24.com\/pt-pt\/vedacao-universal-691-for-soft-absorbent-superficie-textil-madeira-pedra.html","name":"Selante universal 691 para superf\u00edcies \"macias\"\/absorventes (t\u00eaxteis +++, madeira ++, pedra ++) - versiegelung24.com","isPartOf":{"@id":"https:\/\/www.versiegelung24.com\/pt-pt\/#website"},"primaryImageOfPage":{"@id":"https:\/\/www.versiegelung24.com\/pt-pt\/vedacao-universal-691-for-soft-absorbent-superficie-textil-madeira-pedra.html#primaryimage"},"image":{"@id":"https:\/\/www.versiegelung24.com\/pt-pt\/vedacao-universal-691-for-soft-absorbent-superficie-textil-madeira-pedra.html#primaryimage"},"thumbnailUrl":"https:\/\/www.versiegelung24.com\/wp-content\/uploads\/2020\/06\/produkt-4006-691-1000-Universalversiegelung-691-scaled.jpg","datePublished":"2021-08-02T19:52:16+00:00","dateModified":"2025-01-03T23:12:47+00:00","breadcrumb":{"@id":"https:\/\/www.versiegelung24.com\/pt-pt\/vedacao-universal-691-for-soft-absorbent-superficie-textil-madeira-pedra.html#breadcrumb"},"inLanguage":"pt-PT","potentialAction":[{"@type":"ReadAction","target":["https:\/\/www.versiegelung24.com\/pt-pt\/vedacao-universal-691-for-soft-absorbent-superficie-textil-madeira-pedra.html"]}]},{"@type":"ImageObject","inLanguage":"pt-PT","@id":"https:\/\/www.versiegelung24.com\/pt-pt\/vedacao-universal-691-for-soft-absorbent-superficie-textil-madeira-pedra.html#primaryimage","url":"https:\/\/www.versiegelung24.com\/wp-content\/uploads\/2020\/06\/produkt-4006-691-1000-Universalversiegelung-691-scaled.jpg","contentUrl":"https:\/\/www.versiegelung24.com\/wp-content\/uploads\/2020\/06\/produkt-4006-691-1000-Universalversiegelung-691-scaled.jpg","width":2560,"height":2560},{"@type":"BreadcrumbList","@id":"https:\/\/www.versiegelung24.com\/pt-pt\/vedacao-universal-691-for-soft-absorbent-superficie-textil-madeira-pedra.html#breadcrumb","itemListElement":[{"@type":"ListItem","position":1,"name":"P\u00e1gina inicial","item":"https:\/\/www.versiegelung24.com\/pt-pt\/frente\/"},{"@type":"ListItem","position":2,"name":"Loja","item":"https:\/\/www.versiegelung24.com\/pt-pt\/loja\/"},{"@type":"ListItem","position":3,"name":"Selante universal 691 para superf\u00edcies &#8220;macias&#8221;\/absorventes (t\u00eaxteis +++, madeira ++, pedra ++)"}]},{"@type":"WebSite","@id":"https:\/\/www.versiegelung24.com\/pt-pt\/#website","url":"https:\/\/www.versiegelung24.com\/pt-pt\/","name":"versiegelung24.com","description":"Fl\u00fcssigglas-Versiegelung - Made in Germany","publisher":{"@id":"https:\/\/www.versiegelung24.com\/pt-pt\/#organization"},"potentialAction":[{"@type":"SearchAction","target":{"@type":"EntryPoint","urlTemplate":"https:\/\/www.versiegelung24.com\/pt-pt\/?s={search_term_string}"},"query-input":{"@type":"PropertyValueSpecification","valueRequired":true,"valueName":"search_term_string"}}],"inLanguage":"pt-PT"},{"@type":"Organization","@id":"https:\/\/www.versiegelung24.com\/pt-pt\/#organization","name":"versiegelung24","url":"https:\/\/www.versiegelung24.com\/pt-pt\/","logo":{"@type":"ImageObject","inLanguage":"pt-PT","@id":"https:\/\/www.versiegelung24.com\/pt-pt\/#\/schema\/logo\/image\/","url":"https:\/\/www.versiegelung24.com\/wp-content\/uploads\/2020\/04\/versiegelung24.png","contentUrl":"https:\/\/www.versiegelung24.com\/wp-content\/uploads\/2020\/04\/versiegelung24.png","width":470,"height":102,"caption":"versiegelung24"},"image":{"@id":"https:\/\/www.versiegelung24.com\/pt-pt\/#\/schema\/logo\/image\/"}}]},"product_price_amount":"74.99","product_price_currency":"EUR","og_availability":"instock","product_availability":"instock","product_retailer_item_id":"4006-691-1000","product_condition":"new"},"_links":{"self":[{"href":"https:\/\/www.versiegelung24.com\/pt-pt\/wp-json\/wp\/v2\/product\/23648","targetHints":{"allow":["GET"]}}],"collection":[{"href":"https:\/\/www.versiegelung24.com\/pt-pt\/wp-json\/wp\/v2\/product"}],"about":[{"href":"https:\/\/www.versiegelung24.com\/pt-pt\/wp-json\/wp\/v2\/types\/product"}],"version-history":[{"count":17,"href":"https:\/\/www.versiegelung24.com\/pt-pt\/wp-json\/wp\/v2\/product\/23648\/revisions"}],"predecessor-version":[{"id":177885,"href":"https:\/\/www.versiegelung24.com\/pt-pt\/wp-json\/wp\/v2\/product\/23648\/revisions\/177885"}],"wp:featuredmedia":[{"embeddable":true,"href":"https:\/\/www.versiegelung24.com\/pt-pt\/wp-json\/wp\/v2\/media\/18293"}],"wp:attachment":[{"href":"https:\/\/www.versiegelung24.com\/pt-pt\/wp-json\/wp\/v2\/media?parent=23648"}],"wp:term":[{"taxonomy":"product_brand","embeddable":true,"href":"https:\/\/www.versiegelung24.com\/pt-pt\/wp-json\/wp\/v2\/product_brand?post=23648"},{"taxonomy":"product_cat","embeddable":true,"href":"https:\/\/www.versiegelung24.com\/pt-pt\/wp-json\/wp\/v2\/product_cat?post=23648"},{"taxonomy":"product_tag","embeddable":true,"href":"https:\/\/www.versiegelung24.com\/pt-pt\/wp-json\/wp\/v2\/product_tag?post=23648"}],"curies":[{"name":"wp","href":"https:\/\/api.w.org\/{rel}","templated":true}]}}