{"id":23788,"date":"2020-04-04T18:53:46","date_gmt":"2021-08-02T20:05:22","guid":{"rendered":"https:\/\/www.versiegelung24.com\/produkt\/pano-de-microfibra-30x30cm-para-pre-limpeza-ou-polimento"},"modified":"2025-01-04T00:03:23","modified_gmt":"2025-01-03T23:03:23","slug":"pano-de-microfibra-30x30cm-para-pre-limpeza-ou-polimento","status":"publish","type":"product","link":"https:\/\/www.versiegelung24.com\/pt-pt\/pano-de-microfibra-30x30cm-for-pre-cleaning-or-polishing.html","title":{"rendered":"Pano de microfibras 30x30cm para pr\u00e9-limpeza ou polimento"},"content":{"rendered":"\n<p>Pano de microfibras para pr\u00e9-limpeza ou polimento final.<\/p>\n\n<p>Devido \u00e0 sua elevada capacidade de absor\u00e7\u00e3o, recomendamos tamb\u00e9m o <a href=\"https:\/\/www.versiegelung24.com\/applikationstuch-20x20cm.html\">pano de microfibras para aplicar os nossos vedantes l\u00edquidos para vidro<\/a><\/p>\n\n<p>Recomendamos a utiliza\u00e7\u00e3o de um pano de microfibras separado para cada passo da aplica\u00e7\u00e3o dos nossos vedantes e impregna\u00e7\u00f5es de superf\u00edcies.<\/p>\n\n<p>O material \u00e9 reutiliz\u00e1vel e, por conseguinte, muito amigo do ambiente. F\u00e1cil de lavar na m\u00e1quina de lavar roupa sem detergente.<\/p>\n\n<hr\/>\n\n<h4 class=\"wp-block-heading\" id=\"properties\">Caracter\u00edsticas do produto<\/h4>\n\n<div class=\"wp-block-columns is-layout-flex wp-container-core-columns-is-layout-9d6595d7 wp-block-columns-is-layout-flex\">\n<div class=\"wp-block-column is-layout-flow wp-block-column-is-layout-flow\">\n<p><br\/><br\/>Composi\u00e7\u00e3o: 80% poli\u00e9ster, 20% poliamida Tamanho: 30x30cm Cor: azul ou branco (\u00e0 escolha)<\/p>\n<\/div>\n\n\n\n<div class=\"wp-block-column is-layout-flow wp-block-column-is-layout-flow\">\n<p>Alta qualidade com um peso seco de 280g\/m\u00b2.<\/p>\n<\/div>\n<\/div>\n\n<hr\/>\n\n<h4 class=\"wp-block-heading\" id=\"application\">Aplica\u00e7\u00e3o<\/h4>\n\n<p>Pode ser utilizado universalmente no interior e no exterior. Tamanho ideal para limpar vidros, cer\u00e2micas, barcos, autom\u00f3veis e autocaravanas.<\/p>\n\n<p>Limpeza sem fiapos, sem riscos e de secagem r\u00e1pida. A sujidade e as part\u00edculas de p\u00f3 s\u00e3o absorvidas sem praticamente nenhum res\u00edduo.<\/p>\n\n<hr\/>\n\n<h4 class=\"wp-block-heading\" id=\"advisor\">Conselheiro<\/h4>\n\n<p><strong>Muitos dos nossos clientes preferem os nossos panos de microfibra brancos<\/strong> &#8211; se a sujidade permanecer no pano ap\u00f3s a limpeza, a superf\u00edcie ainda n\u00e3o foi completa e otimamente limpa. Um bom efeito de veda\u00e7\u00e3o s\u00f3 pode ser alcan\u00e7ado se n\u00e3o houver mais sujidade na superf\u00edcie.<\/p>\n","protected":false},"excerpt":{"rendered":"<p><strong>Pano de microfibras para pr\u00e9-limpeza ou polimento final:<\/strong><\/p>\n<p>\u2713 Reutiliz\u00e1vel<\/p>\n<p>Amigo do ambiente<\/p>\n<p>Extremamente absorvente<\/p>\n<p>Secagem r\u00e1pida<\/p>\n<p>Sem p\u00ealos<\/p>\n<p>Sem riscos<\/p>\n<p>80% poli\u00e9ster \/ 20% poliamida  <\/p>\n<p>Peso seco 280g\/m\u00b2<\/p>\n","protected":false},"featured_media":16606,"template":"","meta":{"_acf_changed":false,"neve_meta_sidebar":"","neve_meta_container":"","neve_meta_enable_content_width":"","neve_meta_content_width":0,"neve_meta_title_alignment":"","neve_meta_author_avatar":"","neve_post_elements_order":"","neve_meta_disable_header":"","neve_meta_disable_footer":"","neve_meta_disable_title":"","neve_meta_reading_time":"","_surfaces":[],"_ver_product_tabs":[],"footnotes":""},"product_brand":[],"product_cat":[2722,2152,3082,2274,2290,2380,2388,2423,2424,2482],"product_tag":[],"class_list":{"0":"post-23788","1":"product","2":"type-product","3":"status-publish","4":"has-post-thumbnail","6":"product_cat-antissetico-para-as-maos","7":"product_cat-vedacao-automatica","8":"product_cat-acessorios","9":"product_cat-desinfetante","10":"product_cat-vedacao-para-vidro-ceramica","11":"product_cat-selo-de-metal-plastico","12":"product_cat-detergente","13":"product_cat-desinfetantes-de-superficie","14":"product_cat-concentrados-desinfetantes","15":"product_cat-vedacao-universal","16":"pa_farbe-azul","17":"pa_farbe-branco","19":"first","20":"instock","21":"taxable","22":"shipping-taxable","23":"purchasable","24":"product-type-variable","25":"has-default-attributes"},"acf":[],"yoast_head":"<!-- This site is optimized with the Yoast SEO Premium plugin v22.8 (Yoast SEO v27.5) - https:\/\/yoast.com\/product\/yoast-seo-premium-wordpress\/ -->\n<title>Pano de microfibras 30x30cm para pr\u00e9-limpeza ou polimento - versiegelung24.com<\/title>\n<meta name=\"robots\" content=\"index, follow, max-snippet:-1, max-image-preview:large, max-video-preview:-1\" \/>\n<link rel=\"canonical\" href=\"https:\/\/www.versiegelung24.com\/pt-pt\/pano-de-microfibra-30x30cm-for-pre-cleaning-or-polishing.html\" \/>\n<meta property=\"og:locale\" content=\"pt_PT\" \/>\n<meta property=\"og:type\" content=\"article\" \/>\n<meta property=\"og:title\" content=\"Pano de microfibras 30x30cm para pr\u00e9-limpeza ou polimento\" \/>\n<meta property=\"og:description\" content=\"Pano de microfibras para pr\u00e9-limpeza ou polimento final: \u2713 Reutiliz\u00e1vel Amigo do ambiente Extremamente absorvente Secagem r\u00e1pida Sem p\u00ealos Sem riscos 80% poli\u00e9ster \/ 20% poliamida  Peso seco 280g\/m\u00b2\" \/>\n<meta property=\"og:url\" content=\"https:\/\/www.versiegelung24.com\/pt-pt\/pano-de-microfibra-30x30cm-for-pre-cleaning-or-polishing.html\" \/>\n<meta property=\"og:site_name\" content=\"versiegelung24.com\" \/>\n<meta property=\"article:modified_time\" content=\"2025-01-03T23:03:23+00:00\" \/>\n<meta property=\"og:image\" content=\"https:\/\/www.versiegelung24.com\/wp-content\/uploads\/2020\/06\/mikrofasertuch-weiss_2.png\" \/>\n\t<meta property=\"og:image:width\" content=\"650\" \/>\n\t<meta property=\"og:image:height\" content=\"650\" \/>\n\t<meta property=\"og:image:type\" content=\"image\/png\" \/>\n<meta name=\"twitter:card\" content=\"summary_large_image\" \/>\n<meta name=\"twitter:label1\" content=\"Disponibilidade\" \/>\n\t<meta name=\"twitter:data1\" content=\"Em stock\" \/>\n<script type=\"application\/ld+json\" class=\"yoast-schema-graph\">{\"@context\":\"https:\\\/\\\/schema.org\",\"@graph\":[{\"@type\":\"WebPage\",\"@id\":\"https:\\\/\\\/www.versiegelung24.com\\\/pt-pt\\\/pano-de-microfibra-30x30cm-for-pre-cleaning-or-polishing.html\",\"url\":\"https:\\\/\\\/www.versiegelung24.com\\\/pt-pt\\\/pano-de-microfibra-30x30cm-for-pre-cleaning-or-polishing.html\",\"name\":\"Pano de microfibras 30x30cm para pr\u00e9-limpeza ou polimento - versiegelung24.com\",\"isPartOf\":{\"@id\":\"https:\\\/\\\/www.versiegelung24.com\\\/pt-pt\\\/#website\"},\"primaryImageOfPage\":{\"@id\":\"https:\\\/\\\/www.versiegelung24.com\\\/pt-pt\\\/pano-de-microfibra-30x30cm-for-pre-cleaning-or-polishing.html#primaryimage\"},\"image\":{\"@id\":\"https:\\\/\\\/www.versiegelung24.com\\\/pt-pt\\\/pano-de-microfibra-30x30cm-for-pre-cleaning-or-polishing.html#primaryimage\"},\"thumbnailUrl\":\"https:\\\/\\\/www.versiegelung24.com\\\/wp-content\\\/uploads\\\/2020\\\/06\\\/mikrofasertuch-weiss_2.png\",\"datePublished\":\"2021-08-02T20:05:22+00:00\",\"dateModified\":\"2025-01-03T23:03:23+00:00\",\"breadcrumb\":{\"@id\":\"https:\\\/\\\/www.versiegelung24.com\\\/pt-pt\\\/pano-de-microfibra-30x30cm-for-pre-cleaning-or-polishing.html#breadcrumb\"},\"inLanguage\":\"pt-PT\",\"potentialAction\":[{\"@type\":\"ReadAction\",\"target\":[\"https:\\\/\\\/www.versiegelung24.com\\\/pt-pt\\\/pano-de-microfibra-30x30cm-for-pre-cleaning-or-polishing.html\"]}]},{\"@type\":\"ImageObject\",\"inLanguage\":\"pt-PT\",\"@id\":\"https:\\\/\\\/www.versiegelung24.com\\\/pt-pt\\\/pano-de-microfibra-30x30cm-for-pre-cleaning-or-polishing.html#primaryimage\",\"url\":\"https:\\\/\\\/www.versiegelung24.com\\\/wp-content\\\/uploads\\\/2020\\\/06\\\/mikrofasertuch-weiss_2.png\",\"contentUrl\":\"https:\\\/\\\/www.versiegelung24.com\\\/wp-content\\\/uploads\\\/2020\\\/06\\\/mikrofasertuch-weiss_2.png\",\"width\":650,\"height\":650},{\"@type\":\"BreadcrumbList\",\"@id\":\"https:\\\/\\\/www.versiegelung24.com\\\/pt-pt\\\/pano-de-microfibra-30x30cm-for-pre-cleaning-or-polishing.html#breadcrumb\",\"itemListElement\":[{\"@type\":\"ListItem\",\"position\":1,\"name\":\"P\u00e1gina inicial\",\"item\":\"https:\\\/\\\/www.versiegelung24.com\\\/pt-pt\\\/frente\\\/\"},{\"@type\":\"ListItem\",\"position\":2,\"name\":\"Loja\",\"item\":\"https:\\\/\\\/www.versiegelung24.com\\\/pt-pt\\\/loja\\\/\"},{\"@type\":\"ListItem\",\"position\":3,\"name\":\"Pano de microfibras 30x30cm para pr\u00e9-limpeza ou polimento\"}]},{\"@type\":\"WebSite\",\"@id\":\"https:\\\/\\\/www.versiegelung24.com\\\/pt-pt\\\/#website\",\"url\":\"https:\\\/\\\/www.versiegelung24.com\\\/pt-pt\\\/\",\"name\":\"versiegelung24.com\",\"description\":\"Fl\u00fcssigglas-Versiegelung - Made in Germany\",\"publisher\":{\"@id\":\"https:\\\/\\\/www.versiegelung24.com\\\/pt-pt\\\/#organization\"},\"potentialAction\":[{\"@type\":\"SearchAction\",\"target\":{\"@type\":\"EntryPoint\",\"urlTemplate\":\"https:\\\/\\\/www.versiegelung24.com\\\/pt-pt\\\/?s={search_term_string}\"},\"query-input\":{\"@type\":\"PropertyValueSpecification\",\"valueRequired\":true,\"valueName\":\"search_term_string\"}}],\"inLanguage\":\"pt-PT\"},{\"@type\":\"Organization\",\"@id\":\"https:\\\/\\\/www.versiegelung24.com\\\/pt-pt\\\/#organization\",\"name\":\"versiegelung24\",\"url\":\"https:\\\/\\\/www.versiegelung24.com\\\/pt-pt\\\/\",\"logo\":{\"@type\":\"ImageObject\",\"inLanguage\":\"pt-PT\",\"@id\":\"https:\\\/\\\/www.versiegelung24.com\\\/pt-pt\\\/#\\\/schema\\\/logo\\\/image\\\/\",\"url\":\"https:\\\/\\\/www.versiegelung24.com\\\/wp-content\\\/uploads\\\/2020\\\/04\\\/versiegelung24.png\",\"contentUrl\":\"https:\\\/\\\/www.versiegelung24.com\\\/wp-content\\\/uploads\\\/2020\\\/04\\\/versiegelung24.png\",\"width\":470,\"height\":102,\"caption\":\"versiegelung24\"},\"image\":{\"@id\":\"https:\\\/\\\/www.versiegelung24.com\\\/pt-pt\\\/#\\\/schema\\\/logo\\\/image\\\/\"}}]}<\/script>\n<meta property=\"og:availability\" content=\"instock\" \/>\n<meta property=\"product:availability\" content=\"instock\" \/>\n<meta property=\"product:retailer_item_id\" content=\"9002-1\" \/>\n<meta property=\"product:condition\" content=\"new\" \/>\n<!-- \/ Yoast SEO Premium plugin. -->","yoast_head_json":{"title":"Pano de microfibras 30x30cm para pr\u00e9-limpeza ou polimento - versiegelung24.com","robots":{"index":"index","follow":"follow","max-snippet":"max-snippet:-1","max-image-preview":"max-image-preview:large","max-video-preview":"max-video-preview:-1"},"canonical":"https:\/\/www.versiegelung24.com\/pt-pt\/pano-de-microfibra-30x30cm-for-pre-cleaning-or-polishing.html","og_locale":"pt_PT","og_type":"article","og_title":"Pano de microfibras 30x30cm para pr\u00e9-limpeza ou polimento","og_description":"Pano de microfibras para pr\u00e9-limpeza ou polimento final: \u2713 Reutiliz\u00e1vel Amigo do ambiente Extremamente absorvente Secagem r\u00e1pida Sem p\u00ealos Sem riscos 80% poli\u00e9ster \/ 20% poliamida  Peso seco 280g\/m\u00b2","og_url":"https:\/\/www.versiegelung24.com\/pt-pt\/pano-de-microfibra-30x30cm-for-pre-cleaning-or-polishing.html","og_site_name":"versiegelung24.com","article_modified_time":"2025-01-03T23:03:23+00:00","og_image":[{"width":650,"height":650,"url":"https:\/\/www.versiegelung24.com\/wp-content\/uploads\/2020\/06\/mikrofasertuch-weiss_2.png","type":"image\/png"}],"twitter_card":"summary_large_image","twitter_misc":{"Disponibilidade":"Em stock"},"schema":{"@context":"https:\/\/schema.org","@graph":[{"@type":"WebPage","@id":"https:\/\/www.versiegelung24.com\/pt-pt\/pano-de-microfibra-30x30cm-for-pre-cleaning-or-polishing.html","url":"https:\/\/www.versiegelung24.com\/pt-pt\/pano-de-microfibra-30x30cm-for-pre-cleaning-or-polishing.html","name":"Pano de microfibras 30x30cm para pr\u00e9-limpeza ou polimento - versiegelung24.com","isPartOf":{"@id":"https:\/\/www.versiegelung24.com\/pt-pt\/#website"},"primaryImageOfPage":{"@id":"https:\/\/www.versiegelung24.com\/pt-pt\/pano-de-microfibra-30x30cm-for-pre-cleaning-or-polishing.html#primaryimage"},"image":{"@id":"https:\/\/www.versiegelung24.com\/pt-pt\/pano-de-microfibra-30x30cm-for-pre-cleaning-or-polishing.html#primaryimage"},"thumbnailUrl":"https:\/\/www.versiegelung24.com\/wp-content\/uploads\/2020\/06\/mikrofasertuch-weiss_2.png","datePublished":"2021-08-02T20:05:22+00:00","dateModified":"2025-01-03T23:03:23+00:00","breadcrumb":{"@id":"https:\/\/www.versiegelung24.com\/pt-pt\/pano-de-microfibra-30x30cm-for-pre-cleaning-or-polishing.html#breadcrumb"},"inLanguage":"pt-PT","potentialAction":[{"@type":"ReadAction","target":["https:\/\/www.versiegelung24.com\/pt-pt\/pano-de-microfibra-30x30cm-for-pre-cleaning-or-polishing.html"]}]},{"@type":"ImageObject","inLanguage":"pt-PT","@id":"https:\/\/www.versiegelung24.com\/pt-pt\/pano-de-microfibra-30x30cm-for-pre-cleaning-or-polishing.html#primaryimage","url":"https:\/\/www.versiegelung24.com\/wp-content\/uploads\/2020\/06\/mikrofasertuch-weiss_2.png","contentUrl":"https:\/\/www.versiegelung24.com\/wp-content\/uploads\/2020\/06\/mikrofasertuch-weiss_2.png","width":650,"height":650},{"@type":"BreadcrumbList","@id":"https:\/\/www.versiegelung24.com\/pt-pt\/pano-de-microfibra-30x30cm-for-pre-cleaning-or-polishing.html#breadcrumb","itemListElement":[{"@type":"ListItem","position":1,"name":"P\u00e1gina inicial","item":"https:\/\/www.versiegelung24.com\/pt-pt\/frente\/"},{"@type":"ListItem","position":2,"name":"Loja","item":"https:\/\/www.versiegelung24.com\/pt-pt\/loja\/"},{"@type":"ListItem","position":3,"name":"Pano de microfibras 30x30cm para pr\u00e9-limpeza ou polimento"}]},{"@type":"WebSite","@id":"https:\/\/www.versiegelung24.com\/pt-pt\/#website","url":"https:\/\/www.versiegelung24.com\/pt-pt\/","name":"versiegelung24.com","description":"Fl\u00fcssigglas-Versiegelung - Made in Germany","publisher":{"@id":"https:\/\/www.versiegelung24.com\/pt-pt\/#organization"},"potentialAction":[{"@type":"SearchAction","target":{"@type":"EntryPoint","urlTemplate":"https:\/\/www.versiegelung24.com\/pt-pt\/?s={search_term_string}"},"query-input":{"@type":"PropertyValueSpecification","valueRequired":true,"valueName":"search_term_string"}}],"inLanguage":"pt-PT"},{"@type":"Organization","@id":"https:\/\/www.versiegelung24.com\/pt-pt\/#organization","name":"versiegelung24","url":"https:\/\/www.versiegelung24.com\/pt-pt\/","logo":{"@type":"ImageObject","inLanguage":"pt-PT","@id":"https:\/\/www.versiegelung24.com\/pt-pt\/#\/schema\/logo\/image\/","url":"https:\/\/www.versiegelung24.com\/wp-content\/uploads\/2020\/04\/versiegelung24.png","contentUrl":"https:\/\/www.versiegelung24.com\/wp-content\/uploads\/2020\/04\/versiegelung24.png","width":470,"height":102,"caption":"versiegelung24"},"image":{"@id":"https:\/\/www.versiegelung24.com\/pt-pt\/#\/schema\/logo\/image\/"}}]},"og_availability":"instock","product_availability":"instock","product_retailer_item_id":"9002-1","product_condition":"new"},"_links":{"self":[{"href":"https:\/\/www.versiegelung24.com\/pt-pt\/wp-json\/wp\/v2\/product\/23788","targetHints":{"allow":["GET"]}}],"collection":[{"href":"https:\/\/www.versiegelung24.com\/pt-pt\/wp-json\/wp\/v2\/product"}],"about":[{"href":"https:\/\/www.versiegelung24.com\/pt-pt\/wp-json\/wp\/v2\/types\/product"}],"version-history":[{"count":20,"href":"https:\/\/www.versiegelung24.com\/pt-pt\/wp-json\/wp\/v2\/product\/23788\/revisions"}],"predecessor-version":[{"id":177784,"href":"https:\/\/www.versiegelung24.com\/pt-pt\/wp-json\/wp\/v2\/product\/23788\/revisions\/177784"}],"wp:featuredmedia":[{"embeddable":true,"href":"https:\/\/www.versiegelung24.com\/pt-pt\/wp-json\/wp\/v2\/media\/16606"}],"wp:attachment":[{"href":"https:\/\/www.versiegelung24.com\/pt-pt\/wp-json\/wp\/v2\/media?parent=23788"}],"wp:term":[{"taxonomy":"product_brand","embeddable":true,"href":"https:\/\/www.versiegelung24.com\/pt-pt\/wp-json\/wp\/v2\/product_brand?post=23788"},{"taxonomy":"product_cat","embeddable":true,"href":"https:\/\/www.versiegelung24.com\/pt-pt\/wp-json\/wp\/v2\/product_cat?post=23788"},{"taxonomy":"product_tag","embeddable":true,"href":"https:\/\/www.versiegelung24.com\/pt-pt\/wp-json\/wp\/v2\/product_tag?post=23788"}],"curies":[{"name":"wp","href":"https:\/\/api.w.org\/{rel}","templated":true}]}}