{"id":23858,"date":"2020-04-27T22:33:04","date_gmt":"2020-04-27T20:33:04","guid":{"rendered":"https:\/\/www.versiegelung24.com\/produkt\/padrao-vedacao-universal-673-para-superficies-duras-nao-absorventes"},"modified":"2025-01-04T00:09:14","modified_gmt":"2025-01-03T23:09:14","slug":"padrao-universal-sealer-673-para-superficies-duras-nao-absorventes","status":"publish","type":"product","link":"https:\/\/www.versiegelung24.com\/pt-pt\/padrao-vedacao-universal-673-for-hard-non-absorbent-superficie.html","title":{"rendered":"Amostra: Selante universal 673 para superf\u00edcies &#8220;duras&#8221;\/n\u00e3o absorventes &#8211; 4004-673"},"content":{"rendered":"\n<p>Amostra do nosso <a href=\"https:\/\/www.versiegelung24.com\/pt-pt\/vedacao-universal-673-for-hard-non-suction-surface-paints-plastic-glass-ceramic-metal-in.html\">vedante de qualidade superior para vidro e cer\u00e2mica com uma durabilidade extrema<\/a> para aplica\u00e7\u00e3o de teste ou veda\u00e7\u00e3o de superf\u00edcies mais pequenas.<\/p>\n","protected":false},"excerpt":{"rendered":"<p><strong>**NOVA** Selante profissional universal altamente eficaz para superf\u00edcies &#8220;duras&#8221;\/n\u00e3o absorventes, tais como:<\/strong><\/p>\n<p>Vidro<\/p>\n<p>Superf\u00edcies de cer\u00e2mica<\/p>\n<p>Superf\u00edcies de pl\u00e1stico<\/p>\n<p>Superf\u00edcies met\u00e1licas<\/p>\n<p>Com efeito f\u00e1cil de limpar<\/p>\n","protected":false},"featured_media":14616,"template":"","meta":{"_acf_changed":false,"neve_meta_sidebar":"","neve_meta_container":"","neve_meta_enable_content_width":"","neve_meta_content_width":0,"neve_meta_title_alignment":"","neve_meta_author_avatar":"","neve_post_elements_order":"","neve_meta_disable_header":"","neve_meta_disable_footer":"","neve_meta_disable_title":"","neve_meta_reading_time":"","_surfaces":[],"_ver_product_tabs":[],"footnotes":""},"product_brand":[],"product_cat":[2666],"product_tag":[],"class_list":{"0":"post-23858","1":"product","2":"type-product","3":"status-publish","4":"has-post-thumbnail","6":"product_cat-padrao","7":"pa_gebinde-garrafa-de-10ml","9":"first","10":"instock","11":"sold-individually","12":"taxable","13":"shipping-taxable","14":"purchasable","15":"product-type-variable","16":"has-default-attributes"},"acf":[],"yoast_head":"<!-- This site is optimized with the Yoast SEO Premium plugin v22.8 (Yoast SEO v27.3) - https:\/\/yoast.com\/product\/yoast-seo-premium-wordpress\/ -->\n<title>Amostra: Selante universal 673 para superf\u00edcies &quot;duras&quot;\/n\u00e3o absorventes - 4004-673 - versiegelung24.com<\/title>\n<meta name=\"robots\" content=\"index, follow, max-snippet:-1, max-image-preview:large, max-video-preview:-1\" \/>\n<link rel=\"canonical\" href=\"https:\/\/www.versiegelung24.com\/pt-pt\/padrao-vedacao-universal-673-for-hard-non-absorbent-superficie.html\" \/>\n<meta property=\"og:locale\" content=\"pt_PT\" \/>\n<meta property=\"og:type\" content=\"article\" \/>\n<meta property=\"og:title\" content=\"Amostra: Selante universal 673 para superf\u00edcies &quot;duras&quot;\/n\u00e3o absorventes - 4004-673\" \/>\n<meta property=\"og:description\" content=\"**NOVA** Selante profissional universal altamente eficaz para superf\u00edcies &quot;duras&quot;\/n\u00e3o absorventes, tais como: Vidro Superf\u00edcies de cer\u00e2mica Superf\u00edcies de pl\u00e1stico Superf\u00edcies met\u00e1licas Com efeito f\u00e1cil de limpar\" \/>\n<meta property=\"og:url\" content=\"https:\/\/www.versiegelung24.com\/pt-pt\/padrao-vedacao-universal-673-for-hard-non-absorbent-superficie.html\" \/>\n<meta property=\"og:site_name\" content=\"versiegelung24.com\" \/>\n<meta property=\"article:modified_time\" content=\"2025-01-03T23:09:14+00:00\" \/>\n<meta property=\"og:image\" content=\"https:\/\/www.versiegelung24.com\/wp-content\/uploads\/2020\/04\/versiegelung-muster.png\" \/>\n\t<meta property=\"og:image:width\" content=\"1000\" \/>\n\t<meta property=\"og:image:height\" content=\"1000\" \/>\n\t<meta property=\"og:image:type\" content=\"image\/png\" \/>\n<meta name=\"twitter:card\" content=\"summary_large_image\" \/>\n<meta name=\"twitter:label1\" content=\"Disponibilidade\" \/>\n\t<meta name=\"twitter:data1\" content=\"Em stock\" \/>\n<script type=\"application\/ld+json\" class=\"yoast-schema-graph\">{\"@context\":\"https:\\\/\\\/schema.org\",\"@graph\":[{\"@type\":\"WebPage\",\"@id\":\"https:\\\/\\\/www.versiegelung24.com\\\/pt-pt\\\/padrao-vedacao-universal-673-for-hard-non-absorbent-superficie.html\",\"url\":\"https:\\\/\\\/www.versiegelung24.com\\\/pt-pt\\\/padrao-vedacao-universal-673-for-hard-non-absorbent-superficie.html\",\"name\":\"Amostra: Selante universal 673 para superf\u00edcies \\\"duras\\\"\\\/n\u00e3o absorventes - 4004-673 - versiegelung24.com\",\"isPartOf\":{\"@id\":\"https:\\\/\\\/www.versiegelung24.com\\\/pt-pt\\\/#website\"},\"primaryImageOfPage\":{\"@id\":\"https:\\\/\\\/www.versiegelung24.com\\\/pt-pt\\\/padrao-vedacao-universal-673-for-hard-non-absorbent-superficie.html#primaryimage\"},\"image\":{\"@id\":\"https:\\\/\\\/www.versiegelung24.com\\\/pt-pt\\\/padrao-vedacao-universal-673-for-hard-non-absorbent-superficie.html#primaryimage\"},\"thumbnailUrl\":\"https:\\\/\\\/www.versiegelung24.com\\\/wp-content\\\/uploads\\\/2020\\\/04\\\/versiegelung-muster.png\",\"datePublished\":\"2020-04-27T20:33:04+00:00\",\"dateModified\":\"2025-01-03T23:09:14+00:00\",\"breadcrumb\":{\"@id\":\"https:\\\/\\\/www.versiegelung24.com\\\/pt-pt\\\/padrao-vedacao-universal-673-for-hard-non-absorbent-superficie.html#breadcrumb\"},\"inLanguage\":\"pt-PT\",\"potentialAction\":[{\"@type\":\"ReadAction\",\"target\":[\"https:\\\/\\\/www.versiegelung24.com\\\/pt-pt\\\/padrao-vedacao-universal-673-for-hard-non-absorbent-superficie.html\"]}]},{\"@type\":\"ImageObject\",\"inLanguage\":\"pt-PT\",\"@id\":\"https:\\\/\\\/www.versiegelung24.com\\\/pt-pt\\\/padrao-vedacao-universal-673-for-hard-non-absorbent-superficie.html#primaryimage\",\"url\":\"https:\\\/\\\/www.versiegelung24.com\\\/wp-content\\\/uploads\\\/2020\\\/04\\\/versiegelung-muster.png\",\"contentUrl\":\"https:\\\/\\\/www.versiegelung24.com\\\/wp-content\\\/uploads\\\/2020\\\/04\\\/versiegelung-muster.png\",\"width\":1000,\"height\":1000},{\"@type\":\"BreadcrumbList\",\"@id\":\"https:\\\/\\\/www.versiegelung24.com\\\/pt-pt\\\/padrao-vedacao-universal-673-for-hard-non-absorbent-superficie.html#breadcrumb\",\"itemListElement\":[{\"@type\":\"ListItem\",\"position\":1,\"name\":\"P\u00e1gina inicial\",\"item\":\"https:\\\/\\\/www.versiegelung24.com\\\/pt-pt\\\/frente\\\/\"},{\"@type\":\"ListItem\",\"position\":2,\"name\":\"Loja\",\"item\":\"https:\\\/\\\/www.versiegelung24.com\\\/pt-pt\\\/loja\\\/\"},{\"@type\":\"ListItem\",\"position\":3,\"name\":\"Amostra: Selante universal 673 para superf\u00edcies &#8220;duras&#8221;\\\/n\u00e3o absorventes &#8211; 4004-673\"}]},{\"@type\":\"WebSite\",\"@id\":\"https:\\\/\\\/www.versiegelung24.com\\\/pt-pt\\\/#website\",\"url\":\"https:\\\/\\\/www.versiegelung24.com\\\/pt-pt\\\/\",\"name\":\"versiegelung24.com\",\"description\":\"Fl\u00fcssigglas-Versiegelung - Made in Germany\",\"publisher\":{\"@id\":\"https:\\\/\\\/www.versiegelung24.com\\\/pt-pt\\\/#organization\"},\"potentialAction\":[{\"@type\":\"SearchAction\",\"target\":{\"@type\":\"EntryPoint\",\"urlTemplate\":\"https:\\\/\\\/www.versiegelung24.com\\\/pt-pt\\\/?s={search_term_string}\"},\"query-input\":{\"@type\":\"PropertyValueSpecification\",\"valueRequired\":true,\"valueName\":\"search_term_string\"}}],\"inLanguage\":\"pt-PT\"},{\"@type\":\"Organization\",\"@id\":\"https:\\\/\\\/www.versiegelung24.com\\\/pt-pt\\\/#organization\",\"name\":\"versiegelung24\",\"url\":\"https:\\\/\\\/www.versiegelung24.com\\\/pt-pt\\\/\",\"logo\":{\"@type\":\"ImageObject\",\"inLanguage\":\"pt-PT\",\"@id\":\"https:\\\/\\\/www.versiegelung24.com\\\/pt-pt\\\/#\\\/schema\\\/logo\\\/image\\\/\",\"url\":\"https:\\\/\\\/www.versiegelung24.com\\\/wp-content\\\/uploads\\\/2020\\\/04\\\/versiegelung24.png\",\"contentUrl\":\"https:\\\/\\\/www.versiegelung24.com\\\/wp-content\\\/uploads\\\/2020\\\/04\\\/versiegelung24.png\",\"width\":470,\"height\":102,\"caption\":\"versiegelung24\"},\"image\":{\"@id\":\"https:\\\/\\\/www.versiegelung24.com\\\/pt-pt\\\/#\\\/schema\\\/logo\\\/image\\\/\"}}]}<\/script>\n<meta property=\"og:availability\" content=\"instock\" \/>\n<meta property=\"product:availability\" content=\"instock\" \/>\n<meta property=\"product:retailer_item_id\" content=\"4004-673-muster\" \/>\n<meta property=\"product:condition\" content=\"new\" \/>\n<!-- \/ Yoast SEO Premium plugin. -->","yoast_head_json":{"title":"Amostra: Selante universal 673 para superf\u00edcies \"duras\"\/n\u00e3o absorventes - 4004-673 - versiegelung24.com","robots":{"index":"index","follow":"follow","max-snippet":"max-snippet:-1","max-image-preview":"max-image-preview:large","max-video-preview":"max-video-preview:-1"},"canonical":"https:\/\/www.versiegelung24.com\/pt-pt\/padrao-vedacao-universal-673-for-hard-non-absorbent-superficie.html","og_locale":"pt_PT","og_type":"article","og_title":"Amostra: Selante universal 673 para superf\u00edcies \"duras\"\/n\u00e3o absorventes - 4004-673","og_description":"**NOVA** Selante profissional universal altamente eficaz para superf\u00edcies \"duras\"\/n\u00e3o absorventes, tais como: Vidro Superf\u00edcies de cer\u00e2mica Superf\u00edcies de pl\u00e1stico Superf\u00edcies met\u00e1licas Com efeito f\u00e1cil de limpar","og_url":"https:\/\/www.versiegelung24.com\/pt-pt\/padrao-vedacao-universal-673-for-hard-non-absorbent-superficie.html","og_site_name":"versiegelung24.com","article_modified_time":"2025-01-03T23:09:14+00:00","og_image":[{"width":1000,"height":1000,"url":"https:\/\/www.versiegelung24.com\/wp-content\/uploads\/2020\/04\/versiegelung-muster.png","type":"image\/png"}],"twitter_card":"summary_large_image","twitter_misc":{"Disponibilidade":"Em stock"},"schema":{"@context":"https:\/\/schema.org","@graph":[{"@type":"WebPage","@id":"https:\/\/www.versiegelung24.com\/pt-pt\/padrao-vedacao-universal-673-for-hard-non-absorbent-superficie.html","url":"https:\/\/www.versiegelung24.com\/pt-pt\/padrao-vedacao-universal-673-for-hard-non-absorbent-superficie.html","name":"Amostra: Selante universal 673 para superf\u00edcies \"duras\"\/n\u00e3o absorventes - 4004-673 - versiegelung24.com","isPartOf":{"@id":"https:\/\/www.versiegelung24.com\/pt-pt\/#website"},"primaryImageOfPage":{"@id":"https:\/\/www.versiegelung24.com\/pt-pt\/padrao-vedacao-universal-673-for-hard-non-absorbent-superficie.html#primaryimage"},"image":{"@id":"https:\/\/www.versiegelung24.com\/pt-pt\/padrao-vedacao-universal-673-for-hard-non-absorbent-superficie.html#primaryimage"},"thumbnailUrl":"https:\/\/www.versiegelung24.com\/wp-content\/uploads\/2020\/04\/versiegelung-muster.png","datePublished":"2020-04-27T20:33:04+00:00","dateModified":"2025-01-03T23:09:14+00:00","breadcrumb":{"@id":"https:\/\/www.versiegelung24.com\/pt-pt\/padrao-vedacao-universal-673-for-hard-non-absorbent-superficie.html#breadcrumb"},"inLanguage":"pt-PT","potentialAction":[{"@type":"ReadAction","target":["https:\/\/www.versiegelung24.com\/pt-pt\/padrao-vedacao-universal-673-for-hard-non-absorbent-superficie.html"]}]},{"@type":"ImageObject","inLanguage":"pt-PT","@id":"https:\/\/www.versiegelung24.com\/pt-pt\/padrao-vedacao-universal-673-for-hard-non-absorbent-superficie.html#primaryimage","url":"https:\/\/www.versiegelung24.com\/wp-content\/uploads\/2020\/04\/versiegelung-muster.png","contentUrl":"https:\/\/www.versiegelung24.com\/wp-content\/uploads\/2020\/04\/versiegelung-muster.png","width":1000,"height":1000},{"@type":"BreadcrumbList","@id":"https:\/\/www.versiegelung24.com\/pt-pt\/padrao-vedacao-universal-673-for-hard-non-absorbent-superficie.html#breadcrumb","itemListElement":[{"@type":"ListItem","position":1,"name":"P\u00e1gina inicial","item":"https:\/\/www.versiegelung24.com\/pt-pt\/frente\/"},{"@type":"ListItem","position":2,"name":"Loja","item":"https:\/\/www.versiegelung24.com\/pt-pt\/loja\/"},{"@type":"ListItem","position":3,"name":"Amostra: Selante universal 673 para superf\u00edcies &#8220;duras&#8221;\/n\u00e3o absorventes &#8211; 4004-673"}]},{"@type":"WebSite","@id":"https:\/\/www.versiegelung24.com\/pt-pt\/#website","url":"https:\/\/www.versiegelung24.com\/pt-pt\/","name":"versiegelung24.com","description":"Fl\u00fcssigglas-Versiegelung - Made in Germany","publisher":{"@id":"https:\/\/www.versiegelung24.com\/pt-pt\/#organization"},"potentialAction":[{"@type":"SearchAction","target":{"@type":"EntryPoint","urlTemplate":"https:\/\/www.versiegelung24.com\/pt-pt\/?s={search_term_string}"},"query-input":{"@type":"PropertyValueSpecification","valueRequired":true,"valueName":"search_term_string"}}],"inLanguage":"pt-PT"},{"@type":"Organization","@id":"https:\/\/www.versiegelung24.com\/pt-pt\/#organization","name":"versiegelung24","url":"https:\/\/www.versiegelung24.com\/pt-pt\/","logo":{"@type":"ImageObject","inLanguage":"pt-PT","@id":"https:\/\/www.versiegelung24.com\/pt-pt\/#\/schema\/logo\/image\/","url":"https:\/\/www.versiegelung24.com\/wp-content\/uploads\/2020\/04\/versiegelung24.png","contentUrl":"https:\/\/www.versiegelung24.com\/wp-content\/uploads\/2020\/04\/versiegelung24.png","width":470,"height":102,"caption":"versiegelung24"},"image":{"@id":"https:\/\/www.versiegelung24.com\/pt-pt\/#\/schema\/logo\/image\/"}}]},"og_availability":"instock","product_availability":"instock","product_retailer_item_id":"4004-673-muster","product_condition":"new"},"_links":{"self":[{"href":"https:\/\/www.versiegelung24.com\/pt-pt\/wp-json\/wp\/v2\/product\/23858","targetHints":{"allow":["GET"]}}],"collection":[{"href":"https:\/\/www.versiegelung24.com\/pt-pt\/wp-json\/wp\/v2\/product"}],"about":[{"href":"https:\/\/www.versiegelung24.com\/pt-pt\/wp-json\/wp\/v2\/types\/product"}],"version-history":[{"count":5,"href":"https:\/\/www.versiegelung24.com\/pt-pt\/wp-json\/wp\/v2\/product\/23858\/revisions"}],"predecessor-version":[{"id":145057,"href":"https:\/\/www.versiegelung24.com\/pt-pt\/wp-json\/wp\/v2\/product\/23858\/revisions\/145057"}],"wp:featuredmedia":[{"embeddable":true,"href":"https:\/\/www.versiegelung24.com\/pt-pt\/wp-json\/wp\/v2\/media\/14616"}],"wp:attachment":[{"href":"https:\/\/www.versiegelung24.com\/pt-pt\/wp-json\/wp\/v2\/media?parent=23858"}],"wp:term":[{"taxonomy":"product_brand","embeddable":true,"href":"https:\/\/www.versiegelung24.com\/pt-pt\/wp-json\/wp\/v2\/product_brand?post=23858"},{"taxonomy":"product_cat","embeddable":true,"href":"https:\/\/www.versiegelung24.com\/pt-pt\/wp-json\/wp\/v2\/product_cat?post=23858"},{"taxonomy":"product_tag","embeddable":true,"href":"https:\/\/www.versiegelung24.com\/pt-pt\/wp-json\/wp\/v2\/product_tag?post=23858"}],"curies":[{"name":"wp","href":"https:\/\/api.w.org\/{rel}","templated":true}]}}