{"id":24028,"date":"2020-04-04T18:53:45","date_gmt":"2021-08-02T20:20:04","guid":{"rendered":"https:\/\/www.versiegelung24.com\/produkt\/venda-de-texteis-e-papel-premium-com-repelencia-extrema-de-agua"},"modified":"2025-01-03T23:55:40","modified_gmt":"2025-01-03T22:55:40","slug":"selagem-de-texteis-e-papel-de-primeira-qualidade-com-repelente-de-agua-extremo","status":"publish","type":"product","link":"https:\/\/www.versiegelung24.com\/pt-pt\/velagem-textil-e-papel-premium-com-repelente-de-agua-extrema.html","title":{"rendered":"Dura Tex &#8211; Selante t\u00eaxtil de qualidade superior com extrema repel\u00eancia \u00e0 \u00e1gua"},"content":{"rendered":"\n<p><strong>Selante t\u00eaxtil de qualidade superior altamente eficaz com extrema repel\u00eancia \u00e0 \u00e1gua, para interiores e exteriores<\/strong><\/p>\n\n<p>Qualidade profissional &#8211; Fabricado na Alemanha<\/p>\n\n<p>N\u00famero do artigo: 6002-7689<\/p>\n\n<p><strong>V24 Dura Tex &#8211; Premium Textile Sealer<\/strong> protege quase todos os tipos de t\u00eaxteis e papel da \u00e1gua, sujidade e manchas &#8211; e permanece invis\u00edvel. N\u00e3o afecta de forma alguma o seu aspecto, respirabilidade, cor ou toque e \u00e9 f\u00e1cil de manter.<\/p>\n\n<p>Nos tecidos de exterior, o revestimento \u00e9 extremamente repelente \u00e0 \u00e1gua, pelo que se mant\u00eam secos durante mais tempo. As n\u00f3doas de \u00f3leo, caf\u00e9 e outras n\u00f3doas comuns s\u00e3o coisa do passado quando os t\u00eaxteis s\u00e3o previamente tratados.<\/p>\n\n<hr\/>\n\n<h4 class=\"wp-block-heading\" id=\"properties\">Caracter\u00edsticas do produto<\/h4>\n\n<div class=\"wp-block-columns is-layout-flex wp-container-core-columns-is-layout-9d6595d7 wp-block-columns-is-layout-flex\">\n<div class=\"wp-block-column is-layout-flow wp-block-column-is-layout-flow\">\n<ul class=\"wp-block-list\">\n<li>Efeito hidrof\u00f3bico e oleof\u00f3bico muito forte (repel\u00eancia \u00e0 \u00e1gua e ao \u00f3leo)<\/li>\n\n\n\n<li>Resistente \u00e0 abras\u00e3o Efeito de limpeza f\u00e1cil: uma liga\u00e7\u00e3o qu\u00edmica s\u00f3lida permite uma excelente resist\u00eancia \u00e0 abras\u00e3o e \u00e0 m\u00e1quina de lavar &#8211; o revestimento adere \u00e0 fibra at\u00e9 ser destru\u00eddo por influ\u00eancias externas<\/li>\n\n\n\n<li>As impurezas podem ser facilmente removidas com um pano h\u00famido<\/li>\n\n\n\n<li>Respir\u00e1vel<\/li>\n\n\n\n<li>Invis\u00edvel (sem altera\u00e7\u00e3o do aspecto)<\/li>\n\n\n\n<li>Propriedades anti-aderentes fortes<\/li>\n\n\n\n<li>Protec\u00e7\u00e3o contra manchas<\/li>\n<\/ul>\n<\/div>\n\n\n\n<div class=\"wp-block-column is-layout-flow wp-block-column-is-layout-flow\">\n<ul class=\"wp-block-list\">\n<li>Aumenta a resist\u00eancia ao desgaste<\/li>\n\n\n\n<li>N\u00e3o h\u00e1 comprometimento da apar\u00eancia<\/li>\n\n\n\n<li>Nano tecnologia SiO\u00b2<\/li>\n\n\n\n<li>Protec\u00e7\u00e3o das fibras contra a penetra\u00e7\u00e3o de part\u00edculas de sujidade<\/li>\n\n\n\n<li>F\u00e1cil de usar<\/li>\n\n\n\n<li>Longa durabilidade em fun\u00e7\u00e3o da carga mec\u00e2nica<\/li>\n<\/ul>\n\n\n\n<p><br\/><br\/>\u00c2mbito da entrega: 1 x garrafa de litro 1 x descri\u00e7\u00e3o do produto<\/p>\n<\/div>\n<\/div>\n\n<hr\/>\n\n<h4 class=\"wp-block-heading\" id=\"application\">Aplica\u00e7\u00e3o<\/h4>\n\n<div class=\"wp-block-columns is-layout-flex wp-container-core-columns-is-layout-9d6595d7 wp-block-columns-is-layout-flex\">\n<div class=\"wp-block-column is-layout-flow wp-block-column-is-layout-flow\">\n<ul class=\"wp-block-list\">\n<li>Roupa<\/li>\n\n\n\n<li>Tecidos para exterior<\/li>\n\n\n\n<li>T\u00eaxteis-lar (estofos, mobili\u00e1rio, tapetes)<\/li>\n\n\n\n<li>Camur\u00e7a \/ Couro<\/li>\n\n\n\n<li>Papel, cart\u00e3o<\/li>\n<\/ul>\n\n\n\n<p>O consumo depende muito da estrutura, da absor\u00e7\u00e3o e da espessura do material a revestir, cerca de 10-50 m\u00b2 \/ litro (cerca de 10ml\/m\u00b2 por mm de espessura consoante a absor\u00e7\u00e3o).<\/p>\n<\/div>\n\n\n\n<div class=\"wp-block-column is-layout-flow wp-block-column-is-layout-flow\">\n<p>F\u00e1cil de utilizar:<\/p>\n\n\n\n<p>1. manual: aplica\u00e7\u00e3o por humedecimento do t\u00eaxtil (pulveriza\u00e7\u00e3o ou imers\u00e3o)<\/p>\n\n\n\n<p>2. industrial: aplica\u00e7\u00e3o por sistemas comercialmente dispon\u00edveis<\/p>\n\n\n\n<p><br\/>Este revestimento de SiO2 \u00e9 totalmente reticulado e curado ap\u00f3s 24 horas. O efeito de limpeza f\u00e1cil pode ser testado pela primeira vez ap\u00f3s esta fase de cura.<\/p>\n<\/div>\n<\/div>\n","protected":false},"excerpt":{"rendered":"<p>Respir\u00e1vel<\/p>\n<p>Prote\u00e7\u00e3o contra as manchas<\/p>\n<p>Com extrema repel\u00eancia \u00e0 \u00e1gua<\/p>\n<p>Para interiores e exteriores<\/p>\n","protected":false},"featured_media":125329,"template":"","meta":{"_acf_changed":false,"neve_meta_sidebar":"","neve_meta_container":"","neve_meta_enable_content_width":"","neve_meta_content_width":0,"neve_meta_title_alignment":"","neve_meta_author_avatar":"","neve_post_elements_order":"","neve_meta_disable_header":"","neve_meta_disable_footer":"","neve_meta_disable_title":"","neve_meta_reading_time":"","_surfaces":[],"_ver_product_tabs":[],"footnotes":""},"product_brand":[],"product_cat":[2321],"product_tag":[],"class_list":{"0":"post-24028","1":"product","2":"type-product","3":"status-publish","4":"has-post-thumbnail","6":"product_cat-selo-de-couro-e-textil","8":"first","9":"instock","10":"taxable","11":"shipping-taxable","12":"purchasable","13":"product-type-simple"},"acf":[],"yoast_head":"<!-- This site is optimized with the Yoast SEO Premium plugin v22.8 (Yoast SEO v27.5) - https:\/\/yoast.com\/product\/yoast-seo-premium-wordpress\/ -->\n<title>Dura Tex - Selante t\u00eaxtil de qualidade superior com extrema repel\u00eancia \u00e0 \u00e1gua - versiegelung24.com<\/title>\n<meta name=\"robots\" content=\"index, follow, max-snippet:-1, max-image-preview:large, max-video-preview:-1\" \/>\n<link rel=\"canonical\" href=\"https:\/\/www.versiegelung24.com\/pt-pt\/velagem-textil-e-papel-premium-com-repelente-de-agua-extrema.html\" \/>\n<meta property=\"og:locale\" content=\"pt_PT\" \/>\n<meta property=\"og:type\" content=\"article\" \/>\n<meta property=\"og:title\" content=\"Dura Tex - Selante t\u00eaxtil de qualidade superior com extrema repel\u00eancia \u00e0 \u00e1gua\" \/>\n<meta property=\"og:description\" content=\"Respir\u00e1vel Prote\u00e7\u00e3o contra as manchas Com extrema repel\u00eancia \u00e0 \u00e1gua Para interiores e exteriores\" \/>\n<meta property=\"og:url\" content=\"https:\/\/www.versiegelung24.com\/pt-pt\/velagem-textil-e-papel-premium-com-repelente-de-agua-extrema.html\" \/>\n<meta property=\"og:site_name\" content=\"versiegelung24.com\" \/>\n<meta property=\"article:modified_time\" content=\"2025-01-03T22:55:40+00:00\" \/>\n<meta property=\"og:image\" content=\"https:\/\/www.versiegelung24.com\/wp-content\/uploads\/2020\/04\/produkt-6002-7689-1000-dura-tex-Premium-Textil-Papierversiegelung-scaled.webp\" \/>\n\t<meta property=\"og:image:width\" content=\"2560\" \/>\n\t<meta property=\"og:image:height\" content=\"2560\" \/>\n\t<meta property=\"og:image:type\" content=\"image\/webp\" \/>\n<meta name=\"twitter:card\" content=\"summary_large_image\" \/>\n<meta name=\"twitter:label1\" content=\"pre\u00e7o\" \/>\n\t<meta name=\"twitter:data1\" content=\"89,99&euro;\" \/>\n\t<meta name=\"twitter:label2\" content=\"Disponibilidade\" \/>\n\t<meta name=\"twitter:data2\" content=\"Em stock\" \/>\n<script type=\"application\/ld+json\" class=\"yoast-schema-graph\">{\"@context\":\"https:\\\/\\\/schema.org\",\"@graph\":[{\"@type\":\"WebPage\",\"@id\":\"https:\\\/\\\/www.versiegelung24.com\\\/pt-pt\\\/velagem-textil-e-papel-premium-com-repelente-de-agua-extrema.html\",\"url\":\"https:\\\/\\\/www.versiegelung24.com\\\/pt-pt\\\/velagem-textil-e-papel-premium-com-repelente-de-agua-extrema.html\",\"name\":\"Dura Tex - Selante t\u00eaxtil de qualidade superior com extrema repel\u00eancia \u00e0 \u00e1gua - versiegelung24.com\",\"isPartOf\":{\"@id\":\"https:\\\/\\\/www.versiegelung24.com\\\/pt-pt\\\/#website\"},\"primaryImageOfPage\":{\"@id\":\"https:\\\/\\\/www.versiegelung24.com\\\/pt-pt\\\/velagem-textil-e-papel-premium-com-repelente-de-agua-extrema.html#primaryimage\"},\"image\":{\"@id\":\"https:\\\/\\\/www.versiegelung24.com\\\/pt-pt\\\/velagem-textil-e-papel-premium-com-repelente-de-agua-extrema.html#primaryimage\"},\"thumbnailUrl\":\"https:\\\/\\\/www.versiegelung24.com\\\/wp-content\\\/uploads\\\/2020\\\/04\\\/produkt-6002-7689-1000-dura-tex-Premium-Textil-Papierversiegelung-scaled.webp\",\"datePublished\":\"2021-08-02T20:20:04+00:00\",\"dateModified\":\"2025-01-03T22:55:40+00:00\",\"breadcrumb\":{\"@id\":\"https:\\\/\\\/www.versiegelung24.com\\\/pt-pt\\\/velagem-textil-e-papel-premium-com-repelente-de-agua-extrema.html#breadcrumb\"},\"inLanguage\":\"pt-PT\",\"potentialAction\":[{\"@type\":\"ReadAction\",\"target\":[\"https:\\\/\\\/www.versiegelung24.com\\\/pt-pt\\\/velagem-textil-e-papel-premium-com-repelente-de-agua-extrema.html\"]}]},{\"@type\":\"ImageObject\",\"inLanguage\":\"pt-PT\",\"@id\":\"https:\\\/\\\/www.versiegelung24.com\\\/pt-pt\\\/velagem-textil-e-papel-premium-com-repelente-de-agua-extrema.html#primaryimage\",\"url\":\"https:\\\/\\\/www.versiegelung24.com\\\/wp-content\\\/uploads\\\/2020\\\/04\\\/produkt-6002-7689-1000-dura-tex-Premium-Textil-Papierversiegelung-scaled.webp\",\"contentUrl\":\"https:\\\/\\\/www.versiegelung24.com\\\/wp-content\\\/uploads\\\/2020\\\/04\\\/produkt-6002-7689-1000-dura-tex-Premium-Textil-Papierversiegelung-scaled.webp\",\"width\":2560,\"height\":2560},{\"@type\":\"BreadcrumbList\",\"@id\":\"https:\\\/\\\/www.versiegelung24.com\\\/pt-pt\\\/velagem-textil-e-papel-premium-com-repelente-de-agua-extrema.html#breadcrumb\",\"itemListElement\":[{\"@type\":\"ListItem\",\"position\":1,\"name\":\"P\u00e1gina inicial\",\"item\":\"https:\\\/\\\/www.versiegelung24.com\\\/pt-pt\\\/frente\\\/\"},{\"@type\":\"ListItem\",\"position\":2,\"name\":\"Loja\",\"item\":\"https:\\\/\\\/www.versiegelung24.com\\\/pt-pt\\\/loja\\\/\"},{\"@type\":\"ListItem\",\"position\":3,\"name\":\"Dura Tex &#8211; Selante t\u00eaxtil de qualidade superior com extrema repel\u00eancia \u00e0 \u00e1gua\"}]},{\"@type\":\"WebSite\",\"@id\":\"https:\\\/\\\/www.versiegelung24.com\\\/pt-pt\\\/#website\",\"url\":\"https:\\\/\\\/www.versiegelung24.com\\\/pt-pt\\\/\",\"name\":\"versiegelung24.com\",\"description\":\"Fl\u00fcssigglas-Versiegelung - Made in Germany\",\"publisher\":{\"@id\":\"https:\\\/\\\/www.versiegelung24.com\\\/pt-pt\\\/#organization\"},\"potentialAction\":[{\"@type\":\"SearchAction\",\"target\":{\"@type\":\"EntryPoint\",\"urlTemplate\":\"https:\\\/\\\/www.versiegelung24.com\\\/pt-pt\\\/?s={search_term_string}\"},\"query-input\":{\"@type\":\"PropertyValueSpecification\",\"valueRequired\":true,\"valueName\":\"search_term_string\"}}],\"inLanguage\":\"pt-PT\"},{\"@type\":\"Organization\",\"@id\":\"https:\\\/\\\/www.versiegelung24.com\\\/pt-pt\\\/#organization\",\"name\":\"versiegelung24\",\"url\":\"https:\\\/\\\/www.versiegelung24.com\\\/pt-pt\\\/\",\"logo\":{\"@type\":\"ImageObject\",\"inLanguage\":\"pt-PT\",\"@id\":\"https:\\\/\\\/www.versiegelung24.com\\\/pt-pt\\\/#\\\/schema\\\/logo\\\/image\\\/\",\"url\":\"https:\\\/\\\/www.versiegelung24.com\\\/wp-content\\\/uploads\\\/2020\\\/04\\\/versiegelung24.png\",\"contentUrl\":\"https:\\\/\\\/www.versiegelung24.com\\\/wp-content\\\/uploads\\\/2020\\\/04\\\/versiegelung24.png\",\"width\":470,\"height\":102,\"caption\":\"versiegelung24\"},\"image\":{\"@id\":\"https:\\\/\\\/www.versiegelung24.com\\\/pt-pt\\\/#\\\/schema\\\/logo\\\/image\\\/\"}}]}<\/script>\n<meta property=\"product:price:amount\" content=\"89.99\" \/>\n<meta property=\"product:price:currency\" content=\"EUR\" \/>\n<meta property=\"og:availability\" content=\"instock\" \/>\n<meta property=\"product:availability\" content=\"instock\" \/>\n<meta property=\"product:retailer_item_id\" content=\"6002-7689-1000\" \/>\n<meta property=\"product:condition\" content=\"new\" \/>\n<!-- \/ Yoast SEO Premium plugin. -->","yoast_head_json":{"title":"Dura Tex - Selante t\u00eaxtil de qualidade superior com extrema repel\u00eancia \u00e0 \u00e1gua - versiegelung24.com","robots":{"index":"index","follow":"follow","max-snippet":"max-snippet:-1","max-image-preview":"max-image-preview:large","max-video-preview":"max-video-preview:-1"},"canonical":"https:\/\/www.versiegelung24.com\/pt-pt\/velagem-textil-e-papel-premium-com-repelente-de-agua-extrema.html","og_locale":"pt_PT","og_type":"article","og_title":"Dura Tex - Selante t\u00eaxtil de qualidade superior com extrema repel\u00eancia \u00e0 \u00e1gua","og_description":"Respir\u00e1vel Prote\u00e7\u00e3o contra as manchas Com extrema repel\u00eancia \u00e0 \u00e1gua Para interiores e exteriores","og_url":"https:\/\/www.versiegelung24.com\/pt-pt\/velagem-textil-e-papel-premium-com-repelente-de-agua-extrema.html","og_site_name":"versiegelung24.com","article_modified_time":"2025-01-03T22:55:40+00:00","og_image":[{"width":2560,"height":2560,"url":"https:\/\/www.versiegelung24.com\/wp-content\/uploads\/2020\/04\/produkt-6002-7689-1000-dura-tex-Premium-Textil-Papierversiegelung-scaled.webp","type":"image\/webp"}],"twitter_card":"summary_large_image","twitter_misc":{"pre\u00e7o":"89,99&euro;","Disponibilidade":"Em stock"},"schema":{"@context":"https:\/\/schema.org","@graph":[{"@type":"WebPage","@id":"https:\/\/www.versiegelung24.com\/pt-pt\/velagem-textil-e-papel-premium-com-repelente-de-agua-extrema.html","url":"https:\/\/www.versiegelung24.com\/pt-pt\/velagem-textil-e-papel-premium-com-repelente-de-agua-extrema.html","name":"Dura Tex - Selante t\u00eaxtil de qualidade superior com extrema repel\u00eancia \u00e0 \u00e1gua - versiegelung24.com","isPartOf":{"@id":"https:\/\/www.versiegelung24.com\/pt-pt\/#website"},"primaryImageOfPage":{"@id":"https:\/\/www.versiegelung24.com\/pt-pt\/velagem-textil-e-papel-premium-com-repelente-de-agua-extrema.html#primaryimage"},"image":{"@id":"https:\/\/www.versiegelung24.com\/pt-pt\/velagem-textil-e-papel-premium-com-repelente-de-agua-extrema.html#primaryimage"},"thumbnailUrl":"https:\/\/www.versiegelung24.com\/wp-content\/uploads\/2020\/04\/produkt-6002-7689-1000-dura-tex-Premium-Textil-Papierversiegelung-scaled.webp","datePublished":"2021-08-02T20:20:04+00:00","dateModified":"2025-01-03T22:55:40+00:00","breadcrumb":{"@id":"https:\/\/www.versiegelung24.com\/pt-pt\/velagem-textil-e-papel-premium-com-repelente-de-agua-extrema.html#breadcrumb"},"inLanguage":"pt-PT","potentialAction":[{"@type":"ReadAction","target":["https:\/\/www.versiegelung24.com\/pt-pt\/velagem-textil-e-papel-premium-com-repelente-de-agua-extrema.html"]}]},{"@type":"ImageObject","inLanguage":"pt-PT","@id":"https:\/\/www.versiegelung24.com\/pt-pt\/velagem-textil-e-papel-premium-com-repelente-de-agua-extrema.html#primaryimage","url":"https:\/\/www.versiegelung24.com\/wp-content\/uploads\/2020\/04\/produkt-6002-7689-1000-dura-tex-Premium-Textil-Papierversiegelung-scaled.webp","contentUrl":"https:\/\/www.versiegelung24.com\/wp-content\/uploads\/2020\/04\/produkt-6002-7689-1000-dura-tex-Premium-Textil-Papierversiegelung-scaled.webp","width":2560,"height":2560},{"@type":"BreadcrumbList","@id":"https:\/\/www.versiegelung24.com\/pt-pt\/velagem-textil-e-papel-premium-com-repelente-de-agua-extrema.html#breadcrumb","itemListElement":[{"@type":"ListItem","position":1,"name":"P\u00e1gina inicial","item":"https:\/\/www.versiegelung24.com\/pt-pt\/frente\/"},{"@type":"ListItem","position":2,"name":"Loja","item":"https:\/\/www.versiegelung24.com\/pt-pt\/loja\/"},{"@type":"ListItem","position":3,"name":"Dura Tex &#8211; Selante t\u00eaxtil de qualidade superior com extrema repel\u00eancia \u00e0 \u00e1gua"}]},{"@type":"WebSite","@id":"https:\/\/www.versiegelung24.com\/pt-pt\/#website","url":"https:\/\/www.versiegelung24.com\/pt-pt\/","name":"versiegelung24.com","description":"Fl\u00fcssigglas-Versiegelung - Made in Germany","publisher":{"@id":"https:\/\/www.versiegelung24.com\/pt-pt\/#organization"},"potentialAction":[{"@type":"SearchAction","target":{"@type":"EntryPoint","urlTemplate":"https:\/\/www.versiegelung24.com\/pt-pt\/?s={search_term_string}"},"query-input":{"@type":"PropertyValueSpecification","valueRequired":true,"valueName":"search_term_string"}}],"inLanguage":"pt-PT"},{"@type":"Organization","@id":"https:\/\/www.versiegelung24.com\/pt-pt\/#organization","name":"versiegelung24","url":"https:\/\/www.versiegelung24.com\/pt-pt\/","logo":{"@type":"ImageObject","inLanguage":"pt-PT","@id":"https:\/\/www.versiegelung24.com\/pt-pt\/#\/schema\/logo\/image\/","url":"https:\/\/www.versiegelung24.com\/wp-content\/uploads\/2020\/04\/versiegelung24.png","contentUrl":"https:\/\/www.versiegelung24.com\/wp-content\/uploads\/2020\/04\/versiegelung24.png","width":470,"height":102,"caption":"versiegelung24"},"image":{"@id":"https:\/\/www.versiegelung24.com\/pt-pt\/#\/schema\/logo\/image\/"}}]},"product_price_amount":"89.99","product_price_currency":"EUR","og_availability":"instock","product_availability":"instock","product_retailer_item_id":"6002-7689-1000","product_condition":"new"},"_links":{"self":[{"href":"https:\/\/www.versiegelung24.com\/pt-pt\/wp-json\/wp\/v2\/product\/24028","targetHints":{"allow":["GET"]}}],"collection":[{"href":"https:\/\/www.versiegelung24.com\/pt-pt\/wp-json\/wp\/v2\/product"}],"about":[{"href":"https:\/\/www.versiegelung24.com\/pt-pt\/wp-json\/wp\/v2\/types\/product"}],"version-history":[{"count":15,"href":"https:\/\/www.versiegelung24.com\/pt-pt\/wp-json\/wp\/v2\/product\/24028\/revisions"}],"predecessor-version":[{"id":177717,"href":"https:\/\/www.versiegelung24.com\/pt-pt\/wp-json\/wp\/v2\/product\/24028\/revisions\/177717"}],"wp:featuredmedia":[{"embeddable":true,"href":"https:\/\/www.versiegelung24.com\/pt-pt\/wp-json\/wp\/v2\/media\/125329"}],"wp:attachment":[{"href":"https:\/\/www.versiegelung24.com\/pt-pt\/wp-json\/wp\/v2\/media?parent=24028"}],"wp:term":[{"taxonomy":"product_brand","embeddable":true,"href":"https:\/\/www.versiegelung24.com\/pt-pt\/wp-json\/wp\/v2\/product_brand?post=24028"},{"taxonomy":"product_cat","embeddable":true,"href":"https:\/\/www.versiegelung24.com\/pt-pt\/wp-json\/wp\/v2\/product_cat?post=24028"},{"taxonomy":"product_tag","embeddable":true,"href":"https:\/\/www.versiegelung24.com\/pt-pt\/wp-json\/wp\/v2\/product_tag?post=24028"}],"curies":[{"name":"wp","href":"https:\/\/api.w.org\/{rel}","templated":true}]}}