{"id":24098,"date":"2020-04-27T21:49:59","date_gmt":"2021-08-02T20:24:20","guid":{"rendered":"https:\/\/www.versiegelung24.com\/produkt\/pedra-monumental-pedra-e-selo-de-alto-desempenho-de-betao"},"modified":"2025-03-20T09:54:01","modified_gmt":"2025-03-20T08:54:01","slug":"monumento-pedra-pedra-e-betao-alto-desempenho-selador","status":"publish","type":"product","link":"https:\/\/www.versiegelung24.com\/pt-pt\/monumento-pedra-pedra-e-betao-alto-desempenho-vedacao.html","title":{"rendered":"Monument Stone &#8211; Selante l\u00edquido para vidro para pedra e bet\u00e3o"},"content":{"rendered":"\n<p>O nosso Monument Stone &#8211; High Performance Sealer protege eficaz e permanentemente os produtos de pedra de bet\u00e3o de alta qualidade da contamina\u00e7\u00e3o geral por \u00e1gua, alimentos e \u00f3leos.<\/p>\n\n<hr \/>\n\n<h4 class=\"wp-block-heading\" id=\"properties\">Caracter\u00edsticas do produto<\/h4>\n\n<div class=\"wp-block-columns is-layout-flex wp-container-core-columns-is-layout-9d6595d7 wp-block-columns-is-layout-flex\">\n<div class=\"wp-block-column is-layout-flow wp-block-column-is-layout-flow\">\n<p><strong>Selante de alto desempenho para produtos de pedra e blocos de bet\u00e3o para reduzir a tend\u00eancia geral para sujar com \u00e1gua, alimentos e \u00f3leos.<\/strong><\/p>\n\n\n\n<p>N\u00famero do artigo: 3009-8637<\/p>\n\n\n\n<p>Alta qualidade Fabricado na Alemanha<\/p>\n\n\n\n<p><strong>Seguran\u00e7a do produto<\/strong><\/p>\n\n\n\n<p>Informa\u00e7\u00f5es sobre a classifica\u00e7\u00e3o do produto no \u00e2mbito da Portaria sobre Subst\u00e2ncias Perigosas, dados de seguran\u00e7a, bem como dados sobre toxicologia e armazenamento podem ser encontrados na nossa ficha de dados de seguran\u00e7a.<\/p>\n\n\n\n<p><strong>Armazenamento<\/strong><\/p>\n\n\n\n<p>As instru\u00e7\u00f5es da respectiva ficha de dados de seguran\u00e7a (FDS) devem ser respeitadas.<\/p>\n\n\n\n<p>V24 A Pedra Monumento deve ser armazenada num local seco, bem ventilado e fresco (20\u00b0C). Conservar\/armazenar apenas na embalagem original bem fechada. Proteger da luz solar directa. Quando armazenado correctamente, o prazo de validade m\u00ednimo \u00e9 de 12 meses a partir da data de fabrico.<\/p>\n\n\n\n<p>Um per\u00edodo de armazenamento mais longo n\u00e3o significa necessariamente que o produto seja inutiliz\u00e1vel, no entanto, em termos de garantia de qualidade, as propriedades desejadas para a utiliza\u00e7\u00e3o pretendida devem ser verificadas.<\/p>\n<\/div>\n\n\n\n<div class=\"wp-block-column is-layout-flow wp-block-column-is-layout-flow\">\n<p>Impregna\u00e7\u00e3o de alto desempenho \u00e0 base de \u00e1gua<\/p>\n\n\n\n<p>Eficaz at\u00e9 10 anos (assumindo uma aplica\u00e7\u00e3o correta)<\/p>\n\n\n\n<p>Particularmente adequado para a protec\u00e7\u00e3o a longo prazo de monumentos<\/p>\n\n\n\n<p>\u2713 altamente concentrado<\/p>\n\n\n\n<p>Protec\u00e7\u00e3o a longo prazo atrav\u00e9s da liga\u00e7\u00e3o ao substrato qu\u00edmico<\/p>\n\n\n\n<p>Resistente aos \u00e1lcalis at\u00e9 ao valor ph 10-11<\/p>\n\n\n\n<p>Efeito antiaderente<\/p>\n\n\n\n<p>altamente repelente de \u00f3leo, \u00e1gua e sujidade<\/p>\n\n\n\n<p>Resistente aos \u00e1lcalis<\/p>\n\n\n\n<p>Tend\u00eancia reduzida para a efloresc\u00eancia<\/p>\n\n\n\n<p>Minimiza\u00e7\u00e3o da ader\u00eancia da sujidade<\/p>\n\n\n\n<p>Redu\u00e7\u00e3o do crescimento de algas e musgos<\/p>\n\n\n\n<p>\u2713 reduz a sujidade<\/p>\n\n\n\n<p>Difus\u00e3o de vapor aberta<\/p>\n\n\n\n<p>Seca rapidamente e sem ader\u00eancia<\/p>\n\n\n\n<p>\u2713 Estabilidade UV elevada<\/p>\n\n\n\n<p>Solu\u00e7\u00e3o pronta a usar<\/p>\n\n\n\n<p>\u2713 invis\u00edvel<\/p>\n<\/div>\n<\/div>\n\n<hr \/>\n\n<h4 class=\"wp-block-heading\" id=\"application\">Aplica\u00e7\u00e3o<\/h4>\n\n<div class=\"wp-block-columns is-layout-flex wp-container-core-columns-is-layout-9d6595d7 wp-block-columns-is-layout-flex\">\n<div class=\"wp-block-column is-layout-flow wp-block-column-is-layout-flow\">\n<ul class=\"wp-block-list\">\n<li>O <strong>V24 Monument Stone &#8211; Liquid Glass Sealer <\/strong>\u00e9 aplicado sem dilui\u00e7\u00e3o na superf\u00edcie pr\u00e9-limpa e bem seca, pois s\u00f3 assim \u00e9 poss\u00edvel assegurar uma penetra\u00e7\u00e3o profunda do selante, o que produz um efeito \u00f3ptimo a longo prazo e profundo.<\/li>\n<\/ul>\n\n\n\n<ul class=\"wp-block-list\">\n<li>O selante \u00e9 aplicado de forma uniforme e fina no substrato at\u00e9 que a superf\u00edcie pare\u00e7a h\u00famida mate.<\/li>\n<\/ul>\n\n\n\n<ul class=\"wp-block-list\">\n<li>Aplicar com um pincel, rolo de espuma, pano de microfibras ou por pulveriza\u00e7\u00e3o.<\/li>\n<\/ul>\n\n\n\n<ul class=\"wp-block-list\">\n<li>Evitar a forma\u00e7\u00e3o de po\u00e7as de \u00e1gua. O excesso de agente de impregna\u00e7\u00e3o deve ser removido do substrato.<\/li>\n<\/ul>\n<\/div>\n\n\n\n<div class=\"wp-block-column is-layout-flow wp-block-column-is-layout-flow\">\n<ul class=\"wp-block-list\">\n<li>Ap\u00f3s a aplica\u00e7\u00e3o, a <strong>Pedra Monumento V24<\/strong> deve permanecer em contacto com a superf\u00edcie como uma pel\u00edcula l\u00edquida durante alguns segundos.<\/li>\n<\/ul>\n\n\n\n<ul class=\"wp-block-list\">\n<li>A funcionalidade completa ocorre ap\u00f3s 48 horas de secagem \u00e0 temperatura ambiente. A secagem profunda pode variar para al\u00e9m disto, dependendo do substrato.<\/li>\n<\/ul>\n\n\n\n<p>Uma descri\u00e7\u00e3o detalhada da aplica\u00e7\u00e3o pode ser encontrada na nossa folha de dados<\/p>\n\n\n\n<p>Selante de vidro l\u00edquido altamente eficaz para pedra de monumento e produtos de pedra de bet\u00e3o.<\/p>\n\n\n\n<p>Bet\u00e3o (produtos)<\/p>\n\n\n\n<p>Pedra (produtos)<\/p>\n\n\n\n<p>Sistemas de lajes e pedras de pavimenta\u00e7\u00e3o<\/p>\n\n\n\n<p>Pedras de monumento<\/p>\n<\/div>\n<\/div>\n","protected":false},"excerpt":{"rendered":"<p><strong>Selante de vidro l\u00edquido repelente de \u00f3leo, \u00e1gua e sujidade para superf\u00edcies de pedra e bet\u00e3o<\/strong><\/p>\n<p>Protec\u00e7\u00e3o a longo prazo atrav\u00e9s da liga\u00e7\u00e3o ao substrato qu\u00edmico<\/p>\n<p>Elevada repel\u00eancia ao \u00f3leo, \u00e0 \u00e1gua e \u00e0 sujidade<\/p>\n<p>Protec\u00e7\u00e3o a longo prazo da pedra do monumento<\/p>\n<p>Redu\u00e7\u00e3o do crescimento de algas e musgos<\/p>\n<p>Efeito antiaderente<\/p>\n","protected":false},"featured_media":18149,"template":"","meta":{"_acf_changed":false,"neve_meta_sidebar":"","neve_meta_container":"","neve_meta_enable_content_width":"","neve_meta_content_width":0,"neve_meta_title_alignment":"","neve_meta_author_avatar":"","neve_post_elements_order":"","neve_meta_disable_header":"","neve_meta_disable_footer":"","neve_meta_disable_title":"","neve_meta_reading_time":"","_surfaces":[],"_ver_product_tabs":[],"footnotes":""},"product_brand":[],"product_cat":[2385],"product_tag":[],"class_list":{"0":"post-24098","1":"product","2":"type-product","3":"status-publish","4":"has-post-thumbnail","6":"product_cat-selo-de-pedra-e-concreto","8":"first","9":"onbackorder","10":"taxable","11":"shipping-taxable","12":"purchasable","13":"product-type-simple"},"acf":[],"yoast_head":"<!-- This site is optimized with the Yoast SEO Premium plugin v22.8 (Yoast SEO v27.5) - https:\/\/yoast.com\/product\/yoast-seo-premium-wordpress\/ -->\n<title>Monument Stone - Selante l\u00edquido para vidro para pedra e bet\u00e3o - versiegelung24.com<\/title>\n<meta name=\"robots\" content=\"index, follow, max-snippet:-1, max-image-preview:large, max-video-preview:-1\" \/>\n<link rel=\"canonical\" href=\"https:\/\/www.versiegelung24.com\/pt-pt\/monumento-pedra-pedra-e-betao-alto-desempenho-vedacao.html\" \/>\n<meta property=\"og:locale\" content=\"pt_PT\" \/>\n<meta property=\"og:type\" content=\"article\" \/>\n<meta property=\"og:title\" content=\"Monument Stone - Selante l\u00edquido para vidro para pedra e bet\u00e3o\" \/>\n<meta property=\"og:description\" content=\"Selante de vidro l\u00edquido repelente de \u00f3leo, \u00e1gua e sujidade para superf\u00edcies de pedra e bet\u00e3o Protec\u00e7\u00e3o a longo prazo atrav\u00e9s da liga\u00e7\u00e3o ao substrato qu\u00edmico Elevada repel\u00eancia ao \u00f3leo, \u00e0 \u00e1gua e \u00e0 sujidade Protec\u00e7\u00e3o a longo prazo da pedra do monumento Redu\u00e7\u00e3o do crescimento de algas e musgos Efeito antiaderente\" \/>\n<meta property=\"og:url\" content=\"https:\/\/www.versiegelung24.com\/pt-pt\/monumento-pedra-pedra-e-betao-alto-desempenho-vedacao.html\" \/>\n<meta property=\"og:site_name\" content=\"versiegelung24.com\" \/>\n<meta property=\"article:modified_time\" content=\"2025-03-20T08:54:01+00:00\" \/>\n<meta property=\"og:image\" content=\"https:\/\/www.versiegelung24.com\/wp-content\/uploads\/2020\/06\/produkt-3009-7637-1000-Monument-Stone-scaled.jpg\" \/>\n\t<meta property=\"og:image:width\" content=\"2560\" \/>\n\t<meta property=\"og:image:height\" content=\"2560\" \/>\n\t<meta property=\"og:image:type\" content=\"image\/jpeg\" \/>\n<meta name=\"twitter:card\" content=\"summary_large_image\" \/>\n<meta name=\"twitter:label1\" content=\"pre\u00e7o\" \/>\n\t<meta name=\"twitter:data1\" content=\"89,99&euro;\" \/>\n\t<meta name=\"twitter:label2\" content=\"Disponibilidade\" \/>\n\t<meta name=\"twitter:data2\" content=\"Por encomenda\" \/>\n<script type=\"application\/ld+json\" class=\"yoast-schema-graph\">{\"@context\":\"https:\\\/\\\/schema.org\",\"@graph\":[{\"@type\":\"WebPage\",\"@id\":\"https:\\\/\\\/www.versiegelung24.com\\\/pt-pt\\\/monumento-pedra-pedra-e-betao-alto-desempenho-vedacao.html\",\"url\":\"https:\\\/\\\/www.versiegelung24.com\\\/pt-pt\\\/monumento-pedra-pedra-e-betao-alto-desempenho-vedacao.html\",\"name\":\"Monument Stone - Selante l\u00edquido para vidro para pedra e bet\u00e3o - versiegelung24.com\",\"isPartOf\":{\"@id\":\"https:\\\/\\\/www.versiegelung24.com\\\/pt-pt\\\/#website\"},\"primaryImageOfPage\":{\"@id\":\"https:\\\/\\\/www.versiegelung24.com\\\/pt-pt\\\/monumento-pedra-pedra-e-betao-alto-desempenho-vedacao.html#primaryimage\"},\"image\":{\"@id\":\"https:\\\/\\\/www.versiegelung24.com\\\/pt-pt\\\/monumento-pedra-pedra-e-betao-alto-desempenho-vedacao.html#primaryimage\"},\"thumbnailUrl\":\"https:\\\/\\\/www.versiegelung24.com\\\/wp-content\\\/uploads\\\/2020\\\/06\\\/produkt-3009-7637-1000-Monument-Stone-scaled.jpg\",\"datePublished\":\"2021-08-02T20:24:20+00:00\",\"dateModified\":\"2025-03-20T08:54:01+00:00\",\"breadcrumb\":{\"@id\":\"https:\\\/\\\/www.versiegelung24.com\\\/pt-pt\\\/monumento-pedra-pedra-e-betao-alto-desempenho-vedacao.html#breadcrumb\"},\"inLanguage\":\"pt-PT\",\"potentialAction\":[{\"@type\":\"ReadAction\",\"target\":[\"https:\\\/\\\/www.versiegelung24.com\\\/pt-pt\\\/monumento-pedra-pedra-e-betao-alto-desempenho-vedacao.html\"]}]},{\"@type\":\"ImageObject\",\"inLanguage\":\"pt-PT\",\"@id\":\"https:\\\/\\\/www.versiegelung24.com\\\/pt-pt\\\/monumento-pedra-pedra-e-betao-alto-desempenho-vedacao.html#primaryimage\",\"url\":\"https:\\\/\\\/www.versiegelung24.com\\\/wp-content\\\/uploads\\\/2020\\\/06\\\/produkt-3009-7637-1000-Monument-Stone-scaled.jpg\",\"contentUrl\":\"https:\\\/\\\/www.versiegelung24.com\\\/wp-content\\\/uploads\\\/2020\\\/06\\\/produkt-3009-7637-1000-Monument-Stone-scaled.jpg\",\"width\":2560,\"height\":2560},{\"@type\":\"BreadcrumbList\",\"@id\":\"https:\\\/\\\/www.versiegelung24.com\\\/pt-pt\\\/monumento-pedra-pedra-e-betao-alto-desempenho-vedacao.html#breadcrumb\",\"itemListElement\":[{\"@type\":\"ListItem\",\"position\":1,\"name\":\"P\u00e1gina inicial\",\"item\":\"https:\\\/\\\/www.versiegelung24.com\\\/pt-pt\\\/frente\\\/\"},{\"@type\":\"ListItem\",\"position\":2,\"name\":\"Loja\",\"item\":\"https:\\\/\\\/www.versiegelung24.com\\\/pt-pt\\\/loja\\\/\"},{\"@type\":\"ListItem\",\"position\":3,\"name\":\"Monument Stone &#8211; Selante l\u00edquido para vidro para pedra e bet\u00e3o\"}]},{\"@type\":\"WebSite\",\"@id\":\"https:\\\/\\\/www.versiegelung24.com\\\/pt-pt\\\/#website\",\"url\":\"https:\\\/\\\/www.versiegelung24.com\\\/pt-pt\\\/\",\"name\":\"versiegelung24.com\",\"description\":\"Fl\u00fcssigglas-Versiegelung - Made in Germany\",\"publisher\":{\"@id\":\"https:\\\/\\\/www.versiegelung24.com\\\/pt-pt\\\/#organization\"},\"potentialAction\":[{\"@type\":\"SearchAction\",\"target\":{\"@type\":\"EntryPoint\",\"urlTemplate\":\"https:\\\/\\\/www.versiegelung24.com\\\/pt-pt\\\/?s={search_term_string}\"},\"query-input\":{\"@type\":\"PropertyValueSpecification\",\"valueRequired\":true,\"valueName\":\"search_term_string\"}}],\"inLanguage\":\"pt-PT\"},{\"@type\":\"Organization\",\"@id\":\"https:\\\/\\\/www.versiegelung24.com\\\/pt-pt\\\/#organization\",\"name\":\"versiegelung24\",\"url\":\"https:\\\/\\\/www.versiegelung24.com\\\/pt-pt\\\/\",\"logo\":{\"@type\":\"ImageObject\",\"inLanguage\":\"pt-PT\",\"@id\":\"https:\\\/\\\/www.versiegelung24.com\\\/pt-pt\\\/#\\\/schema\\\/logo\\\/image\\\/\",\"url\":\"https:\\\/\\\/www.versiegelung24.com\\\/wp-content\\\/uploads\\\/2020\\\/04\\\/versiegelung24.png\",\"contentUrl\":\"https:\\\/\\\/www.versiegelung24.com\\\/wp-content\\\/uploads\\\/2020\\\/04\\\/versiegelung24.png\",\"width\":470,\"height\":102,\"caption\":\"versiegelung24\"},\"image\":{\"@id\":\"https:\\\/\\\/www.versiegelung24.com\\\/pt-pt\\\/#\\\/schema\\\/logo\\\/image\\\/\"}}]}<\/script>\n<meta property=\"product:price:amount\" content=\"89.99\" \/>\n<meta property=\"product:price:currency\" content=\"EUR\" \/>\n<meta property=\"og:availability\" content=\"backorder\" \/>\n<meta property=\"product:availability\" content=\"available for order\" \/>\n<meta property=\"product:retailer_item_id\" content=\"3009-8637-1\" \/>\n<meta property=\"product:condition\" content=\"new\" \/>\n<!-- \/ Yoast SEO Premium plugin. -->","yoast_head_json":{"title":"Monument Stone - Selante l\u00edquido para vidro para pedra e bet\u00e3o - versiegelung24.com","robots":{"index":"index","follow":"follow","max-snippet":"max-snippet:-1","max-image-preview":"max-image-preview:large","max-video-preview":"max-video-preview:-1"},"canonical":"https:\/\/www.versiegelung24.com\/pt-pt\/monumento-pedra-pedra-e-betao-alto-desempenho-vedacao.html","og_locale":"pt_PT","og_type":"article","og_title":"Monument Stone - Selante l\u00edquido para vidro para pedra e bet\u00e3o","og_description":"Selante de vidro l\u00edquido repelente de \u00f3leo, \u00e1gua e sujidade para superf\u00edcies de pedra e bet\u00e3o Protec\u00e7\u00e3o a longo prazo atrav\u00e9s da liga\u00e7\u00e3o ao substrato qu\u00edmico Elevada repel\u00eancia ao \u00f3leo, \u00e0 \u00e1gua e \u00e0 sujidade Protec\u00e7\u00e3o a longo prazo da pedra do monumento Redu\u00e7\u00e3o do crescimento de algas e musgos Efeito antiaderente","og_url":"https:\/\/www.versiegelung24.com\/pt-pt\/monumento-pedra-pedra-e-betao-alto-desempenho-vedacao.html","og_site_name":"versiegelung24.com","article_modified_time":"2025-03-20T08:54:01+00:00","og_image":[{"width":2560,"height":2560,"url":"https:\/\/www.versiegelung24.com\/wp-content\/uploads\/2020\/06\/produkt-3009-7637-1000-Monument-Stone-scaled.jpg","type":"image\/jpeg"}],"twitter_card":"summary_large_image","twitter_misc":{"pre\u00e7o":"89,99&euro;","Disponibilidade":"Por encomenda"},"schema":{"@context":"https:\/\/schema.org","@graph":[{"@type":"WebPage","@id":"https:\/\/www.versiegelung24.com\/pt-pt\/monumento-pedra-pedra-e-betao-alto-desempenho-vedacao.html","url":"https:\/\/www.versiegelung24.com\/pt-pt\/monumento-pedra-pedra-e-betao-alto-desempenho-vedacao.html","name":"Monument Stone - Selante l\u00edquido para vidro para pedra e bet\u00e3o - versiegelung24.com","isPartOf":{"@id":"https:\/\/www.versiegelung24.com\/pt-pt\/#website"},"primaryImageOfPage":{"@id":"https:\/\/www.versiegelung24.com\/pt-pt\/monumento-pedra-pedra-e-betao-alto-desempenho-vedacao.html#primaryimage"},"image":{"@id":"https:\/\/www.versiegelung24.com\/pt-pt\/monumento-pedra-pedra-e-betao-alto-desempenho-vedacao.html#primaryimage"},"thumbnailUrl":"https:\/\/www.versiegelung24.com\/wp-content\/uploads\/2020\/06\/produkt-3009-7637-1000-Monument-Stone-scaled.jpg","datePublished":"2021-08-02T20:24:20+00:00","dateModified":"2025-03-20T08:54:01+00:00","breadcrumb":{"@id":"https:\/\/www.versiegelung24.com\/pt-pt\/monumento-pedra-pedra-e-betao-alto-desempenho-vedacao.html#breadcrumb"},"inLanguage":"pt-PT","potentialAction":[{"@type":"ReadAction","target":["https:\/\/www.versiegelung24.com\/pt-pt\/monumento-pedra-pedra-e-betao-alto-desempenho-vedacao.html"]}]},{"@type":"ImageObject","inLanguage":"pt-PT","@id":"https:\/\/www.versiegelung24.com\/pt-pt\/monumento-pedra-pedra-e-betao-alto-desempenho-vedacao.html#primaryimage","url":"https:\/\/www.versiegelung24.com\/wp-content\/uploads\/2020\/06\/produkt-3009-7637-1000-Monument-Stone-scaled.jpg","contentUrl":"https:\/\/www.versiegelung24.com\/wp-content\/uploads\/2020\/06\/produkt-3009-7637-1000-Monument-Stone-scaled.jpg","width":2560,"height":2560},{"@type":"BreadcrumbList","@id":"https:\/\/www.versiegelung24.com\/pt-pt\/monumento-pedra-pedra-e-betao-alto-desempenho-vedacao.html#breadcrumb","itemListElement":[{"@type":"ListItem","position":1,"name":"P\u00e1gina inicial","item":"https:\/\/www.versiegelung24.com\/pt-pt\/frente\/"},{"@type":"ListItem","position":2,"name":"Loja","item":"https:\/\/www.versiegelung24.com\/pt-pt\/loja\/"},{"@type":"ListItem","position":3,"name":"Monument Stone &#8211; Selante l\u00edquido para vidro para pedra e bet\u00e3o"}]},{"@type":"WebSite","@id":"https:\/\/www.versiegelung24.com\/pt-pt\/#website","url":"https:\/\/www.versiegelung24.com\/pt-pt\/","name":"versiegelung24.com","description":"Fl\u00fcssigglas-Versiegelung - Made in Germany","publisher":{"@id":"https:\/\/www.versiegelung24.com\/pt-pt\/#organization"},"potentialAction":[{"@type":"SearchAction","target":{"@type":"EntryPoint","urlTemplate":"https:\/\/www.versiegelung24.com\/pt-pt\/?s={search_term_string}"},"query-input":{"@type":"PropertyValueSpecification","valueRequired":true,"valueName":"search_term_string"}}],"inLanguage":"pt-PT"},{"@type":"Organization","@id":"https:\/\/www.versiegelung24.com\/pt-pt\/#organization","name":"versiegelung24","url":"https:\/\/www.versiegelung24.com\/pt-pt\/","logo":{"@type":"ImageObject","inLanguage":"pt-PT","@id":"https:\/\/www.versiegelung24.com\/pt-pt\/#\/schema\/logo\/image\/","url":"https:\/\/www.versiegelung24.com\/wp-content\/uploads\/2020\/04\/versiegelung24.png","contentUrl":"https:\/\/www.versiegelung24.com\/wp-content\/uploads\/2020\/04\/versiegelung24.png","width":470,"height":102,"caption":"versiegelung24"},"image":{"@id":"https:\/\/www.versiegelung24.com\/pt-pt\/#\/schema\/logo\/image\/"}}]},"product_price_amount":"89.99","product_price_currency":"EUR","og_availability":"backorder","product_availability":"available for order","product_retailer_item_id":"3009-8637-1","product_condition":"new"},"_links":{"self":[{"href":"https:\/\/www.versiegelung24.com\/pt-pt\/wp-json\/wp\/v2\/product\/24098","targetHints":{"allow":["GET"]}}],"collection":[{"href":"https:\/\/www.versiegelung24.com\/pt-pt\/wp-json\/wp\/v2\/product"}],"about":[{"href":"https:\/\/www.versiegelung24.com\/pt-pt\/wp-json\/wp\/v2\/types\/product"}],"version-history":[{"count":31,"href":"https:\/\/www.versiegelung24.com\/pt-pt\/wp-json\/wp\/v2\/product\/24098\/revisions"}],"predecessor-version":[{"id":181048,"href":"https:\/\/www.versiegelung24.com\/pt-pt\/wp-json\/wp\/v2\/product\/24098\/revisions\/181048"}],"wp:featuredmedia":[{"embeddable":true,"href":"https:\/\/www.versiegelung24.com\/pt-pt\/wp-json\/wp\/v2\/media\/18149"}],"wp:attachment":[{"href":"https:\/\/www.versiegelung24.com\/pt-pt\/wp-json\/wp\/v2\/media?parent=24098"}],"wp:term":[{"taxonomy":"product_brand","embeddable":true,"href":"https:\/\/www.versiegelung24.com\/pt-pt\/wp-json\/wp\/v2\/product_brand?post=24098"},{"taxonomy":"product_cat","embeddable":true,"href":"https:\/\/www.versiegelung24.com\/pt-pt\/wp-json\/wp\/v2\/product_cat?post=24098"},{"taxonomy":"product_tag","embeddable":true,"href":"https:\/\/www.versiegelung24.com\/pt-pt\/wp-json\/wp\/v2\/product_tag?post=24098"}],"curies":[{"name":"wp","href":"https:\/\/api.w.org\/{rel}","templated":true}]}}