{"id":24632,"date":"2020-04-27T22:20:08","date_gmt":"2021-08-02T20:52:15","guid":{"rendered":"https:\/\/www.versiegelung24.com\/produkt\/wb-rapid-on-deep-gloss-car-paint-sealing-finisher"},"modified":"2025-01-04T00:04:54","modified_gmt":"2025-01-03T23:04:54","slug":"wb-rapid-on-deep-gloss-car-paint-sealer-finisher","status":"publish","type":"product","link":"https:\/\/www.versiegelung24.com\/pt-pt\/wb-rapid-on-acabamento-autocoat-de-capa-automatica-de-brilho-profundo.html","title":{"rendered":"WB Rapid On &#8211; Selante e finalizador de pintura autom\u00f3vel de brilho profundo"},"content":{"rendered":"\n<p><strong>WB Rapid On: Selante e finalizador de brilho profundo de qualidade superior, ideal para a pintura de autom\u00f3veis <\/strong><strong><em>\u00e0 base de \u00e1gua &#8211; r\u00e1pido<\/em><\/strong><\/p>\n\n<p>Pode ser utilizado como &#8220;acabamento&#8221; para o <a href=\"https:\/\/www.versiegelung24.com\/muster-permanent-protector\/\">revestimento cer\u00e2mico de alta qualidade Permanent Protetor<\/a> ou para o <a href=\"https:\/\/www.versiegelung24.com\/autolack-spezial-politur-versiegelung-2in1\/\">polidor e selador especial para pintura autom\u00f3vel 2 em 1<\/a>.<\/p>\n\n<p>N\u00famero do artigo: 5002-7654<\/p>\n\n<p>Alta qualidade Fabricado na Alemanha<\/p>\n\n<p><strong>V24 WB Rapid On &#8211; Deep Gloss Car Paint Sealer &amp; Finisher<\/strong> cria uma camada ultra-fina na superf\u00edcie atrav\u00e9s da liga\u00e7\u00e3o electro-est\u00e1tica de milhares de milh\u00f5es de pequenas mol\u00e9culas de sil\u00edcio, compar\u00e1vel ao efeito de pequenos \u00edmanes que se ligam uns aos outros e ao substrato. Como resultado, os poros microsc\u00f3picos e os capilares s\u00e3o selados e as part\u00edculas de sujidade e outras impurezas deixam de conseguir aderir \u00e0 camada agora muito mais lisa. Isto torna as superf\u00edcies muito mais f\u00e1ceis de limpar (&#8220;easy-to-clean&#8221;), repelentes \u00e0 \u00e1gua (hidrof\u00f3bicas) e confere-lhes um efeito de alto brilho.<\/p>\n\n<hr\/>\n\n<h4 class=\"wp-block-heading\" id=\"properties\">Caracter\u00edsticas do produto<\/h4>\n\n<div class=\"wp-block-columns is-layout-flex wp-container-core-columns-is-layout-9d6595d7 wp-block-columns-is-layout-flex\">\n<div class=\"wp-block-column is-layout-flow wp-block-column-is-layout-flow\">\n<ul class=\"wp-block-list\">\n<li>Efeito de alto brilho<\/li>\n\n\n\n<li>Pode ser combinado como um acabamento de brilho profundo para os nossos selantes de longa dura\u00e7\u00e3o<\/li>\n\n\n\n<li>Excelente efeito de limpeza f\u00e1cil para a acumula\u00e7\u00e3o de sujidade, por exemplo, de excrementos de aves, insectos e outras manchas agressivas, as superf\u00edcies sujam-se muito mais lentamente<\/li>\n\n\n\n<li>Forte efeito hidrof\u00f3bico (repel\u00eancia \u00e0 \u00e1gua)<\/li>\n\n\n\n<li>Nano tecnologia SiO\u00b2<\/li>\n\n\n\n<li>\u00c0 base de \u00e1gua, sem solventes e inodoro<\/li>\n\n\n\n<li>Resistente a produtos qu\u00edmicos de limpeza (at\u00e9 ao valor de pH 10)<\/li>\n\n\n\n<li>F\u00e1cil de usar<\/li>\n\n\n\n<li>Composto mais est\u00e1vel do que as ceras ou as prepara\u00e7\u00f5es \u00e0 base de \u00f3leo de silicone<\/li>\n\n\n\n<li>Est\u00e1vel aos raios UV \/ resistente ao gelo \/ resistente \u00e0 \u00e1gua salgada \/ invis\u00edvel (espessura da camada: 40-50nm)<\/li>\n\n\n\n<li>Custos, tempo e poupan\u00e7a de energia atrav\u00e9s de ciclos de limpeza alargados<\/li>\n<\/ul>\n<\/div>\n\n\n\n<div class=\"wp-block-column is-layout-flow wp-block-column-is-layout-flow\">\n<ul id=\"block-cb512caf-6c3b-4dfc-8f82-809b2295b24e\" class=\"wp-block-list\">\n<li>N\u00e3o t\u00f3xico e n\u00e3o inflam\u00e1vel<\/li>\n\n\n\n<li>Prazo de validade: 3 &#8211; 6 meses (consoante a utiliza\u00e7\u00e3o)<\/li>\n\n\n\n<li>Superf\u00edcie suave e sedosa, muito agrad\u00e1vel ao tato<\/li>\n\n\n\n<li>Resistente a quase todos os \u00e1cidos, solventes e produtos de limpeza dom\u00e9sticos alcalinos<\/li>\n\n\n\n<li>Muito mais est\u00e1vel do que as ceras ou os produtos \u00e0 base de \u00f3leo de silicone<\/li>\n\n\n\n<li>Facilmente biodegrad\u00e1vel (de acordo com os crit\u00e9rios da OCDE)<\/li>\n\n\n\n<li>Elevada resist\u00eancia \u00e0 abras\u00e3o contra part\u00edculas transportadas pelo vento<\/li>\n\n\n\n<li>Resistente a temperaturas de -40 &#8211; +200\u00b0C<\/li>\n\n\n\n<li>pH constante de 1-10<\/li>\n\n\n\n<li>N\u00e3o citot\u00f3xico de acordo com a norma ISO 10993-5 + 12<\/li>\n\n\n\n<li>Densidade aprox. 1,00 g\/cm\u00b3<\/li>\n\n\n\n<li>Espessura da camada: aprox. 40-50nm<\/li>\n\n\n\n<li>Sem COV (sem produtos perigosos)<\/li>\n\n\n\n<li>Fortes propriedades antiaderentes (as superf\u00edcies sujam-se muito mais lentamente)<\/li>\n<\/ul>\n<\/div>\n<\/div>\n\n<div class=\"wp-block-columns is-layout-flex wp-container-core-columns-is-layout-9d6595d7 wp-block-columns-is-layout-flex\">\n<div class=\"wp-block-column is-layout-flow wp-block-column-is-layout-flow\">\n<p><br\/><br\/><br\/><br\/><br\/><br\/>B<strong>reves carater\u00edsticas<\/strong> Temperatura de aplica\u00e7\u00e3o: 0 &#8211; 45\u00b0C m\u00b2 por litro: 100m\u00b2 Prazo de validade do selante: 3-6 meses Prazo de validade do l\u00edquido: at\u00e9 1 ano Temperatura de armazenamento: 0 &#8211; 30\u00b0C (protegido da luz solar) Tempo de cura: 5 minutos, a superf\u00edcie pode ser utilizada imediatamente<\/p>\n\n\n\n<p><br\/><br\/>\u00c2mbito da entrega<strong>: 1 x garrafa de litro 1 x descri\u00e7\u00e3o do produto<\/strong><\/p>\n<\/div>\n\n\n\n<div class=\"wp-block-column is-layout-flow wp-block-column-is-layout-flow\">\n<p><br\/><br\/><br\/><br\/>E<strong>nsaios<\/strong> Ensaio SMI Ensaio de corros\u00e3o em sandu\u00edche, de acordo com a norma ASTM F 1110 Ensaio de fissura\u00e7\u00e3o acr\u00edlica, de acordo com a norma ASTM F 484 Ensaio de amolecimento de tinta do tipo C, de acordo com a norma ASTM F 502 Ensaio de fragiliza\u00e7\u00e3o por hidrog\u00e9nio, de acordo com a norma ASTM F 519-93<\/p>\n\n\n\n<p><br\/>Acabamentos Mar\u00edtimos DuPont\u2122 certificados pela Boeing:<strong>O WB Rapid On &#8211; Deep Gloss Sealer &amp; Finisher<\/strong> foi testado em iate no DuPont\u2122 Marine Finishes Topgloss SF e no DP6940 Imron\u00ae Super Flow HS Clear Coat. N\u00e3o foi observado qualquer efeito negativo nos revestimentos.<\/p>\n\n\n\n<p>N\u00famero de tarifas aduaneiras: 3402 9090, sem mercadorias perigosas (NDG)<\/p>\n<\/div>\n<\/div>\n\n<hr\/>\n\n<h4 class=\"wp-block-heading\" id=\"application\">Aplica\u00e7\u00e3o<\/h4>\n\n<p>O <strong>V24 WB Rapid On &#8211; Deep Gloss Car Paint Sealer &amp; Finisher <\/strong>\u00e9 ideal para utiliza\u00e7\u00e3o em<strong>:<\/strong><\/p>\n\n<p><br\/><br\/>&#8211; Pintura autom\u00f3vel (como vedante aut\u00f3nomo ou como &#8220;acabamento&#8221; dos nossos vedantes 640 e 660; com um litro pode vedar cerca de 8-10 autom\u00f3veis) &#8211; Barcos &#8211; Em casa, p. ex.<br\/><br\/><br\/><br\/><br\/><br\/><br\/>em cabinas de duche, janelas e caixilhos de portas &#8211; superf\u00edcies de a\u00e7o inoxid\u00e1vel &#8211; superf\u00edcies pintadas e met\u00e1licas &#8211; vidro &#8211; materiais sint\u00e9ticos &#8211; borracha &#8211; cromados &#8211; viseiras (viseiras de esquis e motas, especialmente se se pretender evitar vedantes \u00e0 base de solventes)<\/p>\n","protected":false},"excerpt":{"rendered":"<p><strong>Selante e finalizador de brilho profundo premium<\/strong><\/p>\n<p>Ideal para tintas para autom\u00f3veis<\/p>\n<p><em>\u2713 w<\/em><em>\u00e0 base de \u00e1gua &#8211; r\u00e1pido em<\/em><\/p>\n","protected":false},"featured_media":18403,"template":"","meta":{"_acf_changed":false,"neve_meta_sidebar":"","neve_meta_container":"","neve_meta_enable_content_width":"","neve_meta_content_width":0,"neve_meta_title_alignment":"","neve_meta_author_avatar":"","neve_post_elements_order":"","neve_meta_disable_header":"","neve_meta_disable_footer":"","neve_meta_disable_title":"","neve_meta_reading_time":"","_surfaces":[],"_ver_product_tabs":[],"footnotes":""},"product_brand":[],"product_cat":[2152],"product_tag":[],"class_list":{"0":"post-24632","1":"product","2":"type-product","3":"status-publish","4":"has-post-thumbnail","6":"product_cat-vedacao-automatica","8":"first","9":"instock","10":"taxable","11":"shipping-taxable","12":"purchasable","13":"product-type-simple"},"acf":[],"yoast_head":"<!-- This site is optimized with the Yoast SEO Premium plugin v22.8 (Yoast SEO v27.5) - https:\/\/yoast.com\/product\/yoast-seo-premium-wordpress\/ -->\n<title>WB Rapid On - Selante e finalizador de pintura autom\u00f3vel de brilho profundo - versiegelung24.com<\/title>\n<meta name=\"robots\" content=\"index, follow, max-snippet:-1, max-image-preview:large, max-video-preview:-1\" \/>\n<link rel=\"canonical\" href=\"https:\/\/www.versiegelung24.com\/pt-pt\/wb-rapid-on-acabamento-autocoat-de-capa-automatica-de-brilho-profundo.html\" \/>\n<meta property=\"og:locale\" content=\"pt_PT\" \/>\n<meta property=\"og:type\" content=\"article\" \/>\n<meta property=\"og:title\" content=\"WB Rapid On - Selante e finalizador de pintura autom\u00f3vel de brilho profundo\" \/>\n<meta property=\"og:description\" content=\"Selante e finalizador de brilho profundo premium Ideal para tintas para autom\u00f3veis \u2713 w\u00e0 base de \u00e1gua - r\u00e1pido em\" \/>\n<meta property=\"og:url\" content=\"https:\/\/www.versiegelung24.com\/pt-pt\/wb-rapid-on-acabamento-autocoat-de-capa-automatica-de-brilho-profundo.html\" \/>\n<meta property=\"og:site_name\" content=\"versiegelung24.com\" \/>\n<meta property=\"article:modified_time\" content=\"2025-01-03T23:04:54+00:00\" \/>\n<meta property=\"og:image\" content=\"https:\/\/www.versiegelung24.com\/wp-content\/uploads\/2020\/06\/produkt-5002-7654-1000-WB-Rapid-On-scaled.jpg\" \/>\n\t<meta property=\"og:image:width\" content=\"2560\" \/>\n\t<meta property=\"og:image:height\" content=\"2560\" \/>\n\t<meta property=\"og:image:type\" content=\"image\/jpeg\" \/>\n<meta name=\"twitter:card\" content=\"summary_large_image\" \/>\n<meta name=\"twitter:label1\" content=\"pre\u00e7o\" \/>\n\t<meta name=\"twitter:data1\" content=\"69,00&euro;\" \/>\n\t<meta name=\"twitter:label2\" content=\"Disponibilidade\" \/>\n\t<meta name=\"twitter:data2\" content=\"Em stock\" \/>\n<script type=\"application\/ld+json\" class=\"yoast-schema-graph\">{\"@context\":\"https:\\\/\\\/schema.org\",\"@graph\":[{\"@type\":\"WebPage\",\"@id\":\"https:\\\/\\\/www.versiegelung24.com\\\/pt-pt\\\/wb-rapid-on-acabamento-autocoat-de-capa-automatica-de-brilho-profundo.html\",\"url\":\"https:\\\/\\\/www.versiegelung24.com\\\/pt-pt\\\/wb-rapid-on-acabamento-autocoat-de-capa-automatica-de-brilho-profundo.html\",\"name\":\"WB Rapid On - Selante e finalizador de pintura autom\u00f3vel de brilho profundo - versiegelung24.com\",\"isPartOf\":{\"@id\":\"https:\\\/\\\/www.versiegelung24.com\\\/pt-pt\\\/#website\"},\"primaryImageOfPage\":{\"@id\":\"https:\\\/\\\/www.versiegelung24.com\\\/pt-pt\\\/wb-rapid-on-acabamento-autocoat-de-capa-automatica-de-brilho-profundo.html#primaryimage\"},\"image\":{\"@id\":\"https:\\\/\\\/www.versiegelung24.com\\\/pt-pt\\\/wb-rapid-on-acabamento-autocoat-de-capa-automatica-de-brilho-profundo.html#primaryimage\"},\"thumbnailUrl\":\"https:\\\/\\\/www.versiegelung24.com\\\/wp-content\\\/uploads\\\/2020\\\/06\\\/produkt-5002-7654-1000-WB-Rapid-On-scaled.jpg\",\"datePublished\":\"2021-08-02T20:52:15+00:00\",\"dateModified\":\"2025-01-03T23:04:54+00:00\",\"breadcrumb\":{\"@id\":\"https:\\\/\\\/www.versiegelung24.com\\\/pt-pt\\\/wb-rapid-on-acabamento-autocoat-de-capa-automatica-de-brilho-profundo.html#breadcrumb\"},\"inLanguage\":\"pt-PT\",\"potentialAction\":[{\"@type\":\"ReadAction\",\"target\":[\"https:\\\/\\\/www.versiegelung24.com\\\/pt-pt\\\/wb-rapid-on-acabamento-autocoat-de-capa-automatica-de-brilho-profundo.html\"]}]},{\"@type\":\"ImageObject\",\"inLanguage\":\"pt-PT\",\"@id\":\"https:\\\/\\\/www.versiegelung24.com\\\/pt-pt\\\/wb-rapid-on-acabamento-autocoat-de-capa-automatica-de-brilho-profundo.html#primaryimage\",\"url\":\"https:\\\/\\\/www.versiegelung24.com\\\/wp-content\\\/uploads\\\/2020\\\/06\\\/produkt-5002-7654-1000-WB-Rapid-On-scaled.jpg\",\"contentUrl\":\"https:\\\/\\\/www.versiegelung24.com\\\/wp-content\\\/uploads\\\/2020\\\/06\\\/produkt-5002-7654-1000-WB-Rapid-On-scaled.jpg\",\"width\":2560,\"height\":2560},{\"@type\":\"BreadcrumbList\",\"@id\":\"https:\\\/\\\/www.versiegelung24.com\\\/pt-pt\\\/wb-rapid-on-acabamento-autocoat-de-capa-automatica-de-brilho-profundo.html#breadcrumb\",\"itemListElement\":[{\"@type\":\"ListItem\",\"position\":1,\"name\":\"P\u00e1gina inicial\",\"item\":\"https:\\\/\\\/www.versiegelung24.com\\\/pt-pt\\\/frente\\\/\"},{\"@type\":\"ListItem\",\"position\":2,\"name\":\"Loja\",\"item\":\"https:\\\/\\\/www.versiegelung24.com\\\/pt-pt\\\/loja\\\/\"},{\"@type\":\"ListItem\",\"position\":3,\"name\":\"WB Rapid On &#8211; Selante e finalizador de pintura autom\u00f3vel de brilho profundo\"}]},{\"@type\":\"WebSite\",\"@id\":\"https:\\\/\\\/www.versiegelung24.com\\\/pt-pt\\\/#website\",\"url\":\"https:\\\/\\\/www.versiegelung24.com\\\/pt-pt\\\/\",\"name\":\"versiegelung24.com\",\"description\":\"Fl\u00fcssigglas-Versiegelung - Made in Germany\",\"publisher\":{\"@id\":\"https:\\\/\\\/www.versiegelung24.com\\\/pt-pt\\\/#organization\"},\"potentialAction\":[{\"@type\":\"SearchAction\",\"target\":{\"@type\":\"EntryPoint\",\"urlTemplate\":\"https:\\\/\\\/www.versiegelung24.com\\\/pt-pt\\\/?s={search_term_string}\"},\"query-input\":{\"@type\":\"PropertyValueSpecification\",\"valueRequired\":true,\"valueName\":\"search_term_string\"}}],\"inLanguage\":\"pt-PT\"},{\"@type\":\"Organization\",\"@id\":\"https:\\\/\\\/www.versiegelung24.com\\\/pt-pt\\\/#organization\",\"name\":\"versiegelung24\",\"url\":\"https:\\\/\\\/www.versiegelung24.com\\\/pt-pt\\\/\",\"logo\":{\"@type\":\"ImageObject\",\"inLanguage\":\"pt-PT\",\"@id\":\"https:\\\/\\\/www.versiegelung24.com\\\/pt-pt\\\/#\\\/schema\\\/logo\\\/image\\\/\",\"url\":\"https:\\\/\\\/www.versiegelung24.com\\\/wp-content\\\/uploads\\\/2020\\\/04\\\/versiegelung24.png\",\"contentUrl\":\"https:\\\/\\\/www.versiegelung24.com\\\/wp-content\\\/uploads\\\/2020\\\/04\\\/versiegelung24.png\",\"width\":470,\"height\":102,\"caption\":\"versiegelung24\"},\"image\":{\"@id\":\"https:\\\/\\\/www.versiegelung24.com\\\/pt-pt\\\/#\\\/schema\\\/logo\\\/image\\\/\"}}]}<\/script>\n<meta property=\"product:price:amount\" content=\"69.00\" \/>\n<meta property=\"product:price:currency\" content=\"EUR\" \/>\n<meta property=\"og:availability\" content=\"instock\" \/>\n<meta property=\"product:availability\" content=\"instock\" \/>\n<meta property=\"product:retailer_item_id\" content=\"5002-7654-1000\" \/>\n<meta property=\"product:condition\" content=\"new\" \/>\n<!-- \/ Yoast SEO Premium plugin. -->","yoast_head_json":{"title":"WB Rapid On - Selante e finalizador de pintura autom\u00f3vel de brilho profundo - versiegelung24.com","robots":{"index":"index","follow":"follow","max-snippet":"max-snippet:-1","max-image-preview":"max-image-preview:large","max-video-preview":"max-video-preview:-1"},"canonical":"https:\/\/www.versiegelung24.com\/pt-pt\/wb-rapid-on-acabamento-autocoat-de-capa-automatica-de-brilho-profundo.html","og_locale":"pt_PT","og_type":"article","og_title":"WB Rapid On - Selante e finalizador de pintura autom\u00f3vel de brilho profundo","og_description":"Selante e finalizador de brilho profundo premium Ideal para tintas para autom\u00f3veis \u2713 w\u00e0 base de \u00e1gua - r\u00e1pido em","og_url":"https:\/\/www.versiegelung24.com\/pt-pt\/wb-rapid-on-acabamento-autocoat-de-capa-automatica-de-brilho-profundo.html","og_site_name":"versiegelung24.com","article_modified_time":"2025-01-03T23:04:54+00:00","og_image":[{"width":2560,"height":2560,"url":"https:\/\/www.versiegelung24.com\/wp-content\/uploads\/2020\/06\/produkt-5002-7654-1000-WB-Rapid-On-scaled.jpg","type":"image\/jpeg"}],"twitter_card":"summary_large_image","twitter_misc":{"pre\u00e7o":"69,00&euro;","Disponibilidade":"Em stock"},"schema":{"@context":"https:\/\/schema.org","@graph":[{"@type":"WebPage","@id":"https:\/\/www.versiegelung24.com\/pt-pt\/wb-rapid-on-acabamento-autocoat-de-capa-automatica-de-brilho-profundo.html","url":"https:\/\/www.versiegelung24.com\/pt-pt\/wb-rapid-on-acabamento-autocoat-de-capa-automatica-de-brilho-profundo.html","name":"WB Rapid On - Selante e finalizador de pintura autom\u00f3vel de brilho profundo - versiegelung24.com","isPartOf":{"@id":"https:\/\/www.versiegelung24.com\/pt-pt\/#website"},"primaryImageOfPage":{"@id":"https:\/\/www.versiegelung24.com\/pt-pt\/wb-rapid-on-acabamento-autocoat-de-capa-automatica-de-brilho-profundo.html#primaryimage"},"image":{"@id":"https:\/\/www.versiegelung24.com\/pt-pt\/wb-rapid-on-acabamento-autocoat-de-capa-automatica-de-brilho-profundo.html#primaryimage"},"thumbnailUrl":"https:\/\/www.versiegelung24.com\/wp-content\/uploads\/2020\/06\/produkt-5002-7654-1000-WB-Rapid-On-scaled.jpg","datePublished":"2021-08-02T20:52:15+00:00","dateModified":"2025-01-03T23:04:54+00:00","breadcrumb":{"@id":"https:\/\/www.versiegelung24.com\/pt-pt\/wb-rapid-on-acabamento-autocoat-de-capa-automatica-de-brilho-profundo.html#breadcrumb"},"inLanguage":"pt-PT","potentialAction":[{"@type":"ReadAction","target":["https:\/\/www.versiegelung24.com\/pt-pt\/wb-rapid-on-acabamento-autocoat-de-capa-automatica-de-brilho-profundo.html"]}]},{"@type":"ImageObject","inLanguage":"pt-PT","@id":"https:\/\/www.versiegelung24.com\/pt-pt\/wb-rapid-on-acabamento-autocoat-de-capa-automatica-de-brilho-profundo.html#primaryimage","url":"https:\/\/www.versiegelung24.com\/wp-content\/uploads\/2020\/06\/produkt-5002-7654-1000-WB-Rapid-On-scaled.jpg","contentUrl":"https:\/\/www.versiegelung24.com\/wp-content\/uploads\/2020\/06\/produkt-5002-7654-1000-WB-Rapid-On-scaled.jpg","width":2560,"height":2560},{"@type":"BreadcrumbList","@id":"https:\/\/www.versiegelung24.com\/pt-pt\/wb-rapid-on-acabamento-autocoat-de-capa-automatica-de-brilho-profundo.html#breadcrumb","itemListElement":[{"@type":"ListItem","position":1,"name":"P\u00e1gina inicial","item":"https:\/\/www.versiegelung24.com\/pt-pt\/frente\/"},{"@type":"ListItem","position":2,"name":"Loja","item":"https:\/\/www.versiegelung24.com\/pt-pt\/loja\/"},{"@type":"ListItem","position":3,"name":"WB Rapid On &#8211; Selante e finalizador de pintura autom\u00f3vel de brilho profundo"}]},{"@type":"WebSite","@id":"https:\/\/www.versiegelung24.com\/pt-pt\/#website","url":"https:\/\/www.versiegelung24.com\/pt-pt\/","name":"versiegelung24.com","description":"Fl\u00fcssigglas-Versiegelung - Made in Germany","publisher":{"@id":"https:\/\/www.versiegelung24.com\/pt-pt\/#organization"},"potentialAction":[{"@type":"SearchAction","target":{"@type":"EntryPoint","urlTemplate":"https:\/\/www.versiegelung24.com\/pt-pt\/?s={search_term_string}"},"query-input":{"@type":"PropertyValueSpecification","valueRequired":true,"valueName":"search_term_string"}}],"inLanguage":"pt-PT"},{"@type":"Organization","@id":"https:\/\/www.versiegelung24.com\/pt-pt\/#organization","name":"versiegelung24","url":"https:\/\/www.versiegelung24.com\/pt-pt\/","logo":{"@type":"ImageObject","inLanguage":"pt-PT","@id":"https:\/\/www.versiegelung24.com\/pt-pt\/#\/schema\/logo\/image\/","url":"https:\/\/www.versiegelung24.com\/wp-content\/uploads\/2020\/04\/versiegelung24.png","contentUrl":"https:\/\/www.versiegelung24.com\/wp-content\/uploads\/2020\/04\/versiegelung24.png","width":470,"height":102,"caption":"versiegelung24"},"image":{"@id":"https:\/\/www.versiegelung24.com\/pt-pt\/#\/schema\/logo\/image\/"}}]},"product_price_amount":"69.00","product_price_currency":"EUR","og_availability":"instock","product_availability":"instock","product_retailer_item_id":"5002-7654-1000","product_condition":"new"},"_links":{"self":[{"href":"https:\/\/www.versiegelung24.com\/pt-pt\/wp-json\/wp\/v2\/product\/24632","targetHints":{"allow":["GET"]}}],"collection":[{"href":"https:\/\/www.versiegelung24.com\/pt-pt\/wp-json\/wp\/v2\/product"}],"about":[{"href":"https:\/\/www.versiegelung24.com\/pt-pt\/wp-json\/wp\/v2\/types\/product"}],"version-history":[{"count":11,"href":"https:\/\/www.versiegelung24.com\/pt-pt\/wp-json\/wp\/v2\/product\/24632\/revisions"}],"predecessor-version":[{"id":174286,"href":"https:\/\/www.versiegelung24.com\/pt-pt\/wp-json\/wp\/v2\/product\/24632\/revisions\/174286"}],"wp:featuredmedia":[{"embeddable":true,"href":"https:\/\/www.versiegelung24.com\/pt-pt\/wp-json\/wp\/v2\/media\/18403"}],"wp:attachment":[{"href":"https:\/\/www.versiegelung24.com\/pt-pt\/wp-json\/wp\/v2\/media?parent=24632"}],"wp:term":[{"taxonomy":"product_brand","embeddable":true,"href":"https:\/\/www.versiegelung24.com\/pt-pt\/wp-json\/wp\/v2\/product_brand?post=24632"},{"taxonomy":"product_cat","embeddable":true,"href":"https:\/\/www.versiegelung24.com\/pt-pt\/wp-json\/wp\/v2\/product_cat?post=24632"},{"taxonomy":"product_tag","embeddable":true,"href":"https:\/\/www.versiegelung24.com\/pt-pt\/wp-json\/wp\/v2\/product_tag?post=24632"}],"curies":[{"name":"wp","href":"https:\/\/api.w.org\/{rel}","templated":true}]}}