{"id":24698,"date":"2020-04-04T18:53:45","date_gmt":"2021-08-02T20:58:33","guid":{"rendered":"https:\/\/www.versiegelung24.com\/produkt\/premium-concrete-stone-sealing-repelencia-extrema-da-agua-nao-respiravel"},"modified":"2025-01-03T23:54:11","modified_gmt":"2025-01-03T22:54:11","slug":"vedante-de-pedra-para-betao-de-qualidade-superior-repelente-de-agua-extremo-nao-respiravel","status":"publish","type":"product","link":"https:\/\/www.versiegelung24.com\/pt-pt\/pedra-de-concreto-premium-vedando-agua-extrema-repelente-nao-respiravel.html","title":{"rendered":"Selante premium para bet\u00e3o e pedra com intensifica\u00e7\u00e3o da cor &#8211; n\u00e3o respir\u00e1vel"},"content":{"rendered":"\n<p>A nossa veda\u00e7\u00e3o premium de bet\u00e3o &amp; pedra protege as superf\u00edcies de forma eficaz e permanente de influ\u00eancias externas e contraria significativamente a penetra\u00e7\u00e3o de \u00f3leo, gorduras, caf\u00e9 e vinho tinto. Al\u00e9m disso, o revestimento protetor clearcoat deixa uma pel\u00edcula brilhante que aprofunda a cor que melhora visivelmente a superf\u00edcie tratada.<\/p>\n\n<hr\/>\n\n<h4 class=\"wp-block-heading\" id=\"video\"><strong>V\u00eddeo pr\u00e1tico &#8211; Proteger eficazmente as figuras e esculturas de pedra no jardim das influ\u00eancias ambientais<\/strong><\/h4>\n\n<figure class=\"wp-block-embed aligncenter is-type-video is-provider-youtube wp-block-embed-youtube wp-embed-aspect-16-9 wp-has-aspect-ratio\"><div class=\"wp-block-embed__wrapper\"> \n<div class=\"nv-iframe-embed\"><iframe title=\"Steinfiguren &amp; Steinskulpturen wetterfest machen - Versiegelung \/ Impr\u00e4gnierung mit Farbvertiefung\" width=\"1200\" height=\"675\" src=\"https:\/\/www.youtube.com\/embed\/sSjv-OlqOgI?feature=oembed\" frameborder=\"0\" allow=\"accelerometer; autoplay; clipboard-write; encrypted-media; gyroscope; picture-in-picture\" allowfullscreen><\/iframe><\/div>\n <\/div><\/figure>\n\n<hr\/>\n\n<h4 class=\"wp-block-heading\" id=\"properties\">Caracter\u00edsticas do produto<\/h4>\n\n<div class=\"wp-block-columns is-layout-flex wp-container-core-columns-is-layout-9d6595d7 wp-block-columns-is-layout-flex\">\n<div class=\"wp-block-column is-layout-flow wp-block-column-is-layout-flow\">\n<p>\u2713 Prote\u00e7\u00e3o permanente eficaz da superf\u00edcie contra a \u00e1gua, a sujidade e a intemp\u00e9ries<\/p>\n\n\n\n<p>\u2713 impede o crescimento de musgos, l\u00edquenes, fungos e outras influ\u00eancias naturais<\/p>\n\n\n\n<p>\u2713 Revestimento l\u00edmpido 100% s\u00f3lido<\/p>\n\n\n\n<p>\u2713 alta resist\u00eancia \u00e0 abras\u00e3o devido \u00e0 tecnologia SiO\u00b2 nano<\/p>\n\n\n\n<p>\u2713 As superf\u00edcies tratadas n\u00e3o s\u00e3o respir\u00e1veis<\/p>\n\n\n\n<p>Efeito de aprofundamento da cor com pel\u00edcula brilhante \/ melhoria da superf\u00edcie<\/p>\n\n\n\n<p>\u2713 hidrofobiza\u00e7\u00e3o muito forte<\/p>\n\n\n\n<p>\u2713 redu\u00e7\u00e3o significativa da penetra\u00e7\u00e3o de \u00f3leo e gorduras, caf\u00e9, vinho tinto<\/p>\n\n\n\n<p>\u2713 Resistente \u00e0 geada (gelo e neve n\u00e3o levam a danos)<\/p>\n\n\n\n<p>\u2713 UV-est\u00e1vel<\/p>\n\n\n\n<p>\u2713 Efeito f\u00e1cil de limpar: sujidade<\/p>\n\n\n\n<p>\u2713 Resistente \u00e0 temperatura at\u00e9 1.000\u00b0C (com exposi\u00e7\u00e3o a curto prazo)<\/p>\n\n\n\n<p><\/p>\n\n\n\n<p><br\/>Conte\u00fado da entrega: 1 x garrafa de litro<\/p>\n<\/div>\n\n\n\n<div class=\"wp-block-column is-layout-flow wp-block-column-is-layout-flow\">\n<p><strong>Nano-revestimento altamente eficaz, fortemente repelente de \u00e1gua e resistente \u00e0 abras\u00e3o para todas as superf\u00edcies absorventes e minerais.<\/strong><\/p>\n\n\n\n<p>N\u00e3o respir\u00e1vel<\/p>\n\n\n\n<p>N\u00famero do artigo: 3008-704<\/p>\n\n\n\n<p>Alta qualidade Fabricado na Alemanha<\/p>\n\n\n\n<p><strong>Seguran\u00e7a do produto<\/strong><\/p>\n\n\n\n<p>Informa\u00e7\u00f5es sobre a classifica\u00e7\u00e3o do produto no \u00e2mbito da Portaria sobre Subst\u00e2ncias Perigosas, dados de seguran\u00e7a, bem como dados sobre toxicologia e armazenamento podem ser encontrados na nossa ficha de dados de seguran\u00e7a.<\/p>\n\n\n\n<p>Durante a utiliza\u00e7\u00e3o, preste aten\u00e7\u00e3o ao equipamento de prote\u00e7\u00e3o adequado. Ao encomendar, recomendamos o uso de respiradores adequados e luvas de borracha.<\/p>\n\n\n\n<p>Em caso de contacto com a pele, lave bem os locais com \u00e1gua e sab\u00e3o.<\/p>\n\n\n\n<p><strong>Armazenamento<\/strong><\/p>\n\n\n\n<p>V24 O extremo de veda\u00e7\u00e3o de bet\u00e3o e pedra pode ser mantido durante pelo menos 12 meses no recipiente selado original a temperaturas de armazenamento de +5 a +25\u00b0C.<\/p>\n\n\n\n<p>Os recipientes abertos devem ser processados em curto prazo.<\/p>\n\n\n\n<p>Um per\u00edodo de armazenamento mais longo n\u00e3o significa necessariamente que o produto seja inutiliz\u00e1vel, no entanto, em termos de garantia de qualidade, as propriedades desejadas para a utiliza\u00e7\u00e3o pretendida devem ser verificadas.<\/p>\n<\/div>\n<\/div>\n\n<hr\/>\n\n<h4 class=\"wp-block-heading\" id=\"application\">Aplica\u00e7\u00e3o<\/h4>\n\n<div class=\"wp-block-columns is-layout-flex wp-container-core-columns-is-layout-9d6595d7 wp-block-columns-is-layout-flex\">\n<div class=\"wp-block-column is-layout-flow wp-block-column-is-layout-flow\">\n<ul class=\"wp-block-list\">\n<li><strong>V24 Concrete and Stone Sealer Extreme<\/strong> \u00e9 fornecido pronto a usar e \u00e9 aplicado sem dilui\u00e7\u00e3o na superf\u00edcie pr\u00e9-limpa e completamente seca. A dilui\u00e7\u00e3o com \u00e1lcool \u00e9 poss\u00edvel consoante a aplica\u00e7\u00e3o.<\/li>\n<\/ul>\n\n\n\n<ul class=\"wp-block-list\">\n<li>Todas as superf\u00edcies a serem tratadas devem ser secas e bem limpas, pois esta \u00e9 a \u00fanica forma de garantir uma penetra\u00e7\u00e3o profunda do selo, o que provoca um \u00f3timo efeito a longo prazo e profundo.<\/li>\n<\/ul>\n\n\n\n<ul class=\"wp-block-list\">\n<li>Ap\u00f3s a aplica\u00e7\u00e3o, o <strong><strong>V24 Selante para Bet\u00e3o e Pedra extreme<\/strong><\/strong> deve permanecer em contacto com a superf\u00edcie durante alguns segundos como uma pel\u00edcula l\u00edquida.<\/li>\n<\/ul>\n\n\n\n<ul class=\"wp-block-list\">\n<li>O revestimento \u00e9 totalmente cruzado e curado ap\u00f3s 24 horas.<\/li>\n<\/ul>\n\n\n\n<p>Uma descri\u00e7\u00e3o detalhada da aplica\u00e7\u00e3o pode ser encontrada na nossa folha de dados<\/p>\n<\/div>\n\n\n\n<div class=\"wp-block-column is-layout-flow wp-block-column-is-layout-flow\">\n<p>Revestimento protetor de revestimento transparente para todas as superf\u00edcies de bet\u00e3o absorvente mineral e pedra dentro e fora.<\/p>\n\n\n\n<p>\u2713 Bet\u00e3o (bloco de bet\u00e3o, pavimento em bet\u00e3o, escadas, garagem e pavimentos de oficina, superf\u00edcies de bet\u00e3o expostas&#8230;)<\/p>\n\n\n\n<p>\u2713 Pedra (pedra natural, pedra de pavimenta\u00e7\u00e3o, granito, pedra de areia-cal, ard\u00f3sia, alvenaria, cal\u00e7adas&#8230;)<\/p>\n\n\n\n<p><strong>Importante:<\/strong> A utiliza\u00e7\u00e3o \u00e9 limitada em superf\u00edcies altamente polidas com baixa absor\u00e7\u00e3o, uma vez que n\u00e3o \u00e9 poss\u00edvel obter uma ader\u00eancia \u00f3ptima. Se necess\u00e1rio, a superf\u00edcie deve ser previamente desbastada (lixa de gr\u00e3o 60-100, consoante a superf\u00edcie) e deve ser aplicada uma camada de prim\u00e1rio (1\/3 de \u00e1lcool 2\/3 de selante). De seguida, ap\u00f3s cerca de 30 minutos, aplicar o selante n\u00e3o dilu\u00eddo.<\/p>\n\n\n\n<p>O consumo depende da absor\u00e7\u00e3o da superf\u00edcie cerca de 10-40m\u00b2 \/ litro.<\/p>\n<\/div>\n<\/div>\n","protected":false},"excerpt":{"rendered":"<p><strong>Revestimento de verniz transparente extremamente repelente de \u00e1gua para uso interior e exterior<\/strong>  <\/p>\n<p>para todas as superf\u00edcies absorventes de pedra mineral e bet\u00e3o<\/p>\n<p>\u2713 Efeito f\u00e1cil de limpar: a sujidade n\u00e3o adere e pode ser facilmente removida<\/p>\n<p>\u2713 As superf\u00edcies tratadas n\u00e3o s\u00e3o respir\u00e1veis<\/p>\n<p>Evita o crescimento de musgos, l\u00edquenes, fungos e outros efeitos naturais<\/p>\n<p>Efeito de aprofundamento da cor com pel\u00edcula brilhante \/ melhoria da superf\u00edcie<\/p>\n<p>Dura\u00e7\u00e3o: at\u00e9 5 anos+.<\/p>\n","protected":false},"featured_media":18116,"template":"","meta":{"_acf_changed":false,"neve_meta_sidebar":"","neve_meta_container":"","neve_meta_enable_content_width":"","neve_meta_content_width":0,"neve_meta_title_alignment":"","neve_meta_author_avatar":"","neve_post_elements_order":"","neve_meta_disable_header":"","neve_meta_disable_footer":"","neve_meta_disable_title":"","neve_meta_reading_time":"","_surfaces":[],"_ver_product_tabs":[],"footnotes":""},"product_brand":[],"product_cat":[2385],"product_tag":[],"class_list":{"0":"post-24698","1":"product","2":"type-product","3":"status-publish","4":"has-post-thumbnail","6":"product_cat-selo-de-pedra-e-concreto","7":"pa_gebinde-garrafa-de-1000ml","8":"pa_gebinde-20l-recipiente","10":"first","11":"instock","12":"taxable","13":"shipping-taxable","14":"purchasable","15":"product-type-variable","16":"has-default-attributes"},"acf":[],"yoast_head":"<!-- This site is optimized with the Yoast SEO Premium plugin v22.8 (Yoast SEO v27.5) - https:\/\/yoast.com\/product\/yoast-seo-premium-wordpress\/ -->\n<title>Selante premium para bet\u00e3o e pedra com intensifica\u00e7\u00e3o da cor - versiegelung24<\/title>\n<meta name=\"description\" content=\"Premium Concrete &amp; Stone Sealant - saiba mais sobre o nosso Premium Concrete &amp; Stone Sealant com nanotecnologia e intensifica\u00e7\u00e3o da cor.\" \/>\n<meta name=\"robots\" content=\"index, follow, max-snippet:-1, max-image-preview:large, max-video-preview:-1\" \/>\n<link rel=\"canonical\" href=\"https:\/\/www.versiegelung24.com\/pt-pt\/pedra-de-concreto-premium-vedando-agua-extrema-repelente-nao-respiravel.html\" \/>\n<meta property=\"og:locale\" content=\"pt_PT\" \/>\n<meta property=\"og:type\" content=\"article\" \/>\n<meta property=\"og:title\" content=\"Selante premium para bet\u00e3o e pedra com intensifica\u00e7\u00e3o da cor - n\u00e3o respir\u00e1vel\" \/>\n<meta property=\"og:description\" content=\"Premium Concrete &amp; Stone Sealant - saiba mais sobre o nosso Premium Concrete &amp; Stone Sealant com nanotecnologia e intensifica\u00e7\u00e3o da cor.\" \/>\n<meta property=\"og:url\" content=\"https:\/\/www.versiegelung24.com\/pt-pt\/pedra-de-concreto-premium-vedando-agua-extrema-repelente-nao-respiravel.html\" \/>\n<meta property=\"og:site_name\" content=\"versiegelung24.com\" \/>\n<meta property=\"article:modified_time\" content=\"2025-01-03T22:54:11+00:00\" \/>\n<meta property=\"og:image\" content=\"https:\/\/www.versiegelung24.com\/wp-content\/uploads\/2020\/06\/produkt-3008-704-1000-Beton-Stein-Versiegelung-extreme-Wasserabweisung-nicht-atmungsaktiv-scaled.jpg\" \/>\n\t<meta property=\"og:image:width\" content=\"2560\" \/>\n\t<meta property=\"og:image:height\" content=\"2560\" \/>\n\t<meta property=\"og:image:type\" content=\"image\/jpeg\" \/>\n<meta name=\"twitter:card\" content=\"summary_large_image\" \/>\n<meta name=\"twitter:label1\" content=\"Disponibilidade\" \/>\n\t<meta name=\"twitter:data1\" content=\"Em stock\" \/>\n<script type=\"application\/ld+json\" class=\"yoast-schema-graph\">{\"@context\":\"https:\\\/\\\/schema.org\",\"@graph\":[{\"@type\":\"WebPage\",\"@id\":\"https:\\\/\\\/www.versiegelung24.com\\\/pt-pt\\\/pedra-de-concreto-premium-vedando-agua-extrema-repelente-nao-respiravel.html\",\"url\":\"https:\\\/\\\/www.versiegelung24.com\\\/pt-pt\\\/pedra-de-concreto-premium-vedando-agua-extrema-repelente-nao-respiravel.html\",\"name\":\"Selante premium para bet\u00e3o e pedra com intensifica\u00e7\u00e3o da cor - versiegelung24\",\"isPartOf\":{\"@id\":\"https:\\\/\\\/www.versiegelung24.com\\\/pt-pt\\\/#website\"},\"primaryImageOfPage\":{\"@id\":\"https:\\\/\\\/www.versiegelung24.com\\\/pt-pt\\\/pedra-de-concreto-premium-vedando-agua-extrema-repelente-nao-respiravel.html#primaryimage\"},\"image\":{\"@id\":\"https:\\\/\\\/www.versiegelung24.com\\\/pt-pt\\\/pedra-de-concreto-premium-vedando-agua-extrema-repelente-nao-respiravel.html#primaryimage\"},\"thumbnailUrl\":\"https:\\\/\\\/www.versiegelung24.com\\\/wp-content\\\/uploads\\\/2020\\\/06\\\/produkt-3008-704-1000-Beton-Stein-Versiegelung-extreme-Wasserabweisung-nicht-atmungsaktiv-scaled.jpg\",\"datePublished\":\"2021-08-02T20:58:33+00:00\",\"dateModified\":\"2025-01-03T22:54:11+00:00\",\"description\":\"Premium Concrete & Stone Sealant - saiba mais sobre o nosso Premium Concrete & Stone Sealant com nanotecnologia e intensifica\u00e7\u00e3o da cor.\",\"breadcrumb\":{\"@id\":\"https:\\\/\\\/www.versiegelung24.com\\\/pt-pt\\\/pedra-de-concreto-premium-vedando-agua-extrema-repelente-nao-respiravel.html#breadcrumb\"},\"inLanguage\":\"pt-PT\",\"potentialAction\":[{\"@type\":\"ReadAction\",\"target\":[\"https:\\\/\\\/www.versiegelung24.com\\\/pt-pt\\\/pedra-de-concreto-premium-vedando-agua-extrema-repelente-nao-respiravel.html\"]}]},{\"@type\":\"ImageObject\",\"inLanguage\":\"pt-PT\",\"@id\":\"https:\\\/\\\/www.versiegelung24.com\\\/pt-pt\\\/pedra-de-concreto-premium-vedando-agua-extrema-repelente-nao-respiravel.html#primaryimage\",\"url\":\"https:\\\/\\\/www.versiegelung24.com\\\/wp-content\\\/uploads\\\/2020\\\/06\\\/produkt-3008-704-1000-Beton-Stein-Versiegelung-extreme-Wasserabweisung-nicht-atmungsaktiv-scaled.jpg\",\"contentUrl\":\"https:\\\/\\\/www.versiegelung24.com\\\/wp-content\\\/uploads\\\/2020\\\/06\\\/produkt-3008-704-1000-Beton-Stein-Versiegelung-extreme-Wasserabweisung-nicht-atmungsaktiv-scaled.jpg\",\"width\":2560,\"height\":2560},{\"@type\":\"BreadcrumbList\",\"@id\":\"https:\\\/\\\/www.versiegelung24.com\\\/pt-pt\\\/pedra-de-concreto-premium-vedando-agua-extrema-repelente-nao-respiravel.html#breadcrumb\",\"itemListElement\":[{\"@type\":\"ListItem\",\"position\":1,\"name\":\"P\u00e1gina inicial\",\"item\":\"https:\\\/\\\/www.versiegelung24.com\\\/pt-pt\\\/frente\\\/\"},{\"@type\":\"ListItem\",\"position\":2,\"name\":\"Loja\",\"item\":\"https:\\\/\\\/www.versiegelung24.com\\\/pt-pt\\\/loja\\\/\"},{\"@type\":\"ListItem\",\"position\":3,\"name\":\"Selante premium para bet\u00e3o e pedra com intensifica\u00e7\u00e3o da cor &#8211; n\u00e3o respir\u00e1vel\"}]},{\"@type\":\"WebSite\",\"@id\":\"https:\\\/\\\/www.versiegelung24.com\\\/pt-pt\\\/#website\",\"url\":\"https:\\\/\\\/www.versiegelung24.com\\\/pt-pt\\\/\",\"name\":\"versiegelung24.com\",\"description\":\"Fl\u00fcssigglas-Versiegelung - Made in Germany\",\"publisher\":{\"@id\":\"https:\\\/\\\/www.versiegelung24.com\\\/pt-pt\\\/#organization\"},\"potentialAction\":[{\"@type\":\"SearchAction\",\"target\":{\"@type\":\"EntryPoint\",\"urlTemplate\":\"https:\\\/\\\/www.versiegelung24.com\\\/pt-pt\\\/?s={search_term_string}\"},\"query-input\":{\"@type\":\"PropertyValueSpecification\",\"valueRequired\":true,\"valueName\":\"search_term_string\"}}],\"inLanguage\":\"pt-PT\"},{\"@type\":\"Organization\",\"@id\":\"https:\\\/\\\/www.versiegelung24.com\\\/pt-pt\\\/#organization\",\"name\":\"versiegelung24\",\"url\":\"https:\\\/\\\/www.versiegelung24.com\\\/pt-pt\\\/\",\"logo\":{\"@type\":\"ImageObject\",\"inLanguage\":\"pt-PT\",\"@id\":\"https:\\\/\\\/www.versiegelung24.com\\\/pt-pt\\\/#\\\/schema\\\/logo\\\/image\\\/\",\"url\":\"https:\\\/\\\/www.versiegelung24.com\\\/wp-content\\\/uploads\\\/2020\\\/04\\\/versiegelung24.png\",\"contentUrl\":\"https:\\\/\\\/www.versiegelung24.com\\\/wp-content\\\/uploads\\\/2020\\\/04\\\/versiegelung24.png\",\"width\":470,\"height\":102,\"caption\":\"versiegelung24\"},\"image\":{\"@id\":\"https:\\\/\\\/www.versiegelung24.com\\\/pt-pt\\\/#\\\/schema\\\/logo\\\/image\\\/\"}}]}<\/script>\n<meta property=\"og:availability\" content=\"instock\" \/>\n<meta property=\"product:availability\" content=\"instock\" \/>\n<meta property=\"product:retailer_item_id\" content=\"3008-704\" \/>\n<meta property=\"product:condition\" content=\"new\" \/>\n<!-- \/ Yoast SEO Premium plugin. -->","yoast_head_json":{"title":"Selante premium para bet\u00e3o e pedra com intensifica\u00e7\u00e3o da cor - versiegelung24","description":"Premium Concrete & Stone Sealant - saiba mais sobre o nosso Premium Concrete & Stone Sealant com nanotecnologia e intensifica\u00e7\u00e3o da cor.","robots":{"index":"index","follow":"follow","max-snippet":"max-snippet:-1","max-image-preview":"max-image-preview:large","max-video-preview":"max-video-preview:-1"},"canonical":"https:\/\/www.versiegelung24.com\/pt-pt\/pedra-de-concreto-premium-vedando-agua-extrema-repelente-nao-respiravel.html","og_locale":"pt_PT","og_type":"article","og_title":"Selante premium para bet\u00e3o e pedra com intensifica\u00e7\u00e3o da cor - n\u00e3o respir\u00e1vel","og_description":"Premium Concrete & Stone Sealant - saiba mais sobre o nosso Premium Concrete & Stone Sealant com nanotecnologia e intensifica\u00e7\u00e3o da cor.","og_url":"https:\/\/www.versiegelung24.com\/pt-pt\/pedra-de-concreto-premium-vedando-agua-extrema-repelente-nao-respiravel.html","og_site_name":"versiegelung24.com","article_modified_time":"2025-01-03T22:54:11+00:00","og_image":[{"width":2560,"height":2560,"url":"https:\/\/www.versiegelung24.com\/wp-content\/uploads\/2020\/06\/produkt-3008-704-1000-Beton-Stein-Versiegelung-extreme-Wasserabweisung-nicht-atmungsaktiv-scaled.jpg","type":"image\/jpeg"}],"twitter_card":"summary_large_image","twitter_misc":{"Disponibilidade":"Em stock"},"schema":{"@context":"https:\/\/schema.org","@graph":[{"@type":"WebPage","@id":"https:\/\/www.versiegelung24.com\/pt-pt\/pedra-de-concreto-premium-vedando-agua-extrema-repelente-nao-respiravel.html","url":"https:\/\/www.versiegelung24.com\/pt-pt\/pedra-de-concreto-premium-vedando-agua-extrema-repelente-nao-respiravel.html","name":"Selante premium para bet\u00e3o e pedra com intensifica\u00e7\u00e3o da cor - versiegelung24","isPartOf":{"@id":"https:\/\/www.versiegelung24.com\/pt-pt\/#website"},"primaryImageOfPage":{"@id":"https:\/\/www.versiegelung24.com\/pt-pt\/pedra-de-concreto-premium-vedando-agua-extrema-repelente-nao-respiravel.html#primaryimage"},"image":{"@id":"https:\/\/www.versiegelung24.com\/pt-pt\/pedra-de-concreto-premium-vedando-agua-extrema-repelente-nao-respiravel.html#primaryimage"},"thumbnailUrl":"https:\/\/www.versiegelung24.com\/wp-content\/uploads\/2020\/06\/produkt-3008-704-1000-Beton-Stein-Versiegelung-extreme-Wasserabweisung-nicht-atmungsaktiv-scaled.jpg","datePublished":"2021-08-02T20:58:33+00:00","dateModified":"2025-01-03T22:54:11+00:00","description":"Premium Concrete & Stone Sealant - saiba mais sobre o nosso Premium Concrete & Stone Sealant com nanotecnologia e intensifica\u00e7\u00e3o da cor.","breadcrumb":{"@id":"https:\/\/www.versiegelung24.com\/pt-pt\/pedra-de-concreto-premium-vedando-agua-extrema-repelente-nao-respiravel.html#breadcrumb"},"inLanguage":"pt-PT","potentialAction":[{"@type":"ReadAction","target":["https:\/\/www.versiegelung24.com\/pt-pt\/pedra-de-concreto-premium-vedando-agua-extrema-repelente-nao-respiravel.html"]}]},{"@type":"ImageObject","inLanguage":"pt-PT","@id":"https:\/\/www.versiegelung24.com\/pt-pt\/pedra-de-concreto-premium-vedando-agua-extrema-repelente-nao-respiravel.html#primaryimage","url":"https:\/\/www.versiegelung24.com\/wp-content\/uploads\/2020\/06\/produkt-3008-704-1000-Beton-Stein-Versiegelung-extreme-Wasserabweisung-nicht-atmungsaktiv-scaled.jpg","contentUrl":"https:\/\/www.versiegelung24.com\/wp-content\/uploads\/2020\/06\/produkt-3008-704-1000-Beton-Stein-Versiegelung-extreme-Wasserabweisung-nicht-atmungsaktiv-scaled.jpg","width":2560,"height":2560},{"@type":"BreadcrumbList","@id":"https:\/\/www.versiegelung24.com\/pt-pt\/pedra-de-concreto-premium-vedando-agua-extrema-repelente-nao-respiravel.html#breadcrumb","itemListElement":[{"@type":"ListItem","position":1,"name":"P\u00e1gina inicial","item":"https:\/\/www.versiegelung24.com\/pt-pt\/frente\/"},{"@type":"ListItem","position":2,"name":"Loja","item":"https:\/\/www.versiegelung24.com\/pt-pt\/loja\/"},{"@type":"ListItem","position":3,"name":"Selante premium para bet\u00e3o e pedra com intensifica\u00e7\u00e3o da cor &#8211; n\u00e3o respir\u00e1vel"}]},{"@type":"WebSite","@id":"https:\/\/www.versiegelung24.com\/pt-pt\/#website","url":"https:\/\/www.versiegelung24.com\/pt-pt\/","name":"versiegelung24.com","description":"Fl\u00fcssigglas-Versiegelung - Made in Germany","publisher":{"@id":"https:\/\/www.versiegelung24.com\/pt-pt\/#organization"},"potentialAction":[{"@type":"SearchAction","target":{"@type":"EntryPoint","urlTemplate":"https:\/\/www.versiegelung24.com\/pt-pt\/?s={search_term_string}"},"query-input":{"@type":"PropertyValueSpecification","valueRequired":true,"valueName":"search_term_string"}}],"inLanguage":"pt-PT"},{"@type":"Organization","@id":"https:\/\/www.versiegelung24.com\/pt-pt\/#organization","name":"versiegelung24","url":"https:\/\/www.versiegelung24.com\/pt-pt\/","logo":{"@type":"ImageObject","inLanguage":"pt-PT","@id":"https:\/\/www.versiegelung24.com\/pt-pt\/#\/schema\/logo\/image\/","url":"https:\/\/www.versiegelung24.com\/wp-content\/uploads\/2020\/04\/versiegelung24.png","contentUrl":"https:\/\/www.versiegelung24.com\/wp-content\/uploads\/2020\/04\/versiegelung24.png","width":470,"height":102,"caption":"versiegelung24"},"image":{"@id":"https:\/\/www.versiegelung24.com\/pt-pt\/#\/schema\/logo\/image\/"}}]},"og_availability":"instock","product_availability":"instock","product_retailer_item_id":"3008-704","product_condition":"new"},"_links":{"self":[{"href":"https:\/\/www.versiegelung24.com\/pt-pt\/wp-json\/wp\/v2\/product\/24698","targetHints":{"allow":["GET"]}}],"collection":[{"href":"https:\/\/www.versiegelung24.com\/pt-pt\/wp-json\/wp\/v2\/product"}],"about":[{"href":"https:\/\/www.versiegelung24.com\/pt-pt\/wp-json\/wp\/v2\/types\/product"}],"version-history":[{"count":26,"href":"https:\/\/www.versiegelung24.com\/pt-pt\/wp-json\/wp\/v2\/product\/24698\/revisions"}],"predecessor-version":[{"id":177045,"href":"https:\/\/www.versiegelung24.com\/pt-pt\/wp-json\/wp\/v2\/product\/24698\/revisions\/177045"}],"wp:featuredmedia":[{"embeddable":true,"href":"https:\/\/www.versiegelung24.com\/pt-pt\/wp-json\/wp\/v2\/media\/18116"}],"wp:attachment":[{"href":"https:\/\/www.versiegelung24.com\/pt-pt\/wp-json\/wp\/v2\/media?parent=24698"}],"wp:term":[{"taxonomy":"product_brand","embeddable":true,"href":"https:\/\/www.versiegelung24.com\/pt-pt\/wp-json\/wp\/v2\/product_brand?post=24698"},{"taxonomy":"product_cat","embeddable":true,"href":"https:\/\/www.versiegelung24.com\/pt-pt\/wp-json\/wp\/v2\/product_cat?post=24698"},{"taxonomy":"product_tag","embeddable":true,"href":"https:\/\/www.versiegelung24.com\/pt-pt\/wp-json\/wp\/v2\/product_tag?post=24698"}],"curies":[{"name":"wp","href":"https:\/\/api.w.org\/{rel}","templated":true}]}}