{"id":25011,"date":"2020-05-20T20:21:58","date_gmt":"2021-08-02T21:19:00","guid":{"rendered":"https:\/\/www.versiegelung24.com\/produkt\/garrafa-de-desinfetante-de-mao-dexan-500ml"},"modified":"2025-01-13T16:40:27","modified_gmt":"2025-01-13T15:40:27","slug":"desinfectante-capilar-dexano-garrafa-de-500-ml","status":"publish","type":"product","link":"https:\/\/www.versiegelung24.com\/pt-pt\/haendedesinfektionsmittel-dexan-500ml-garrafa.html","title":{"rendered":"Desinfectante para as m\u00e3os Dexan Frasco de 500ml"},"content":{"rendered":"\n<h2 class=\"wp-block-heading\" id=\"gebrauchsfertige-alkoholbasierte-handedesinfektion-mit-pflegekomponente-aloe-vera\">Desinfec\u00e7\u00e3o das m\u00e3os \u00e0 base de \u00e1lcool pronta a usar com componente de cuidado (alo\u00e9 vera)<\/h2>\n\n<p>Virucida limitada (v\u00edrus com envelope)  <strong>incl. Coronav\u00edrus<\/strong>(VIH, VHB, VHC, gripe, herpes, v\u00edrus \u00c9bola, etc.)<\/p>\n\n<hr \/>\n\n<h4 class=\"wp-block-heading\" id=\"properties\">Caracter\u00edsticas do produto<\/h4>\n\n<div class=\"wp-block-columns is-layout-flex wp-container-core-columns-is-layout-9d6595d7 wp-block-columns-is-layout-flex\">\n<div class=\"wp-block-column is-layout-flow wp-block-column-is-layout-flow\">\n<p><br \/>E<strong>fic\u00e1cia:<\/strong> Testado de acordo com as normas hospitalares europeias: EN 1040, EN 1275, EN 1276, EN 1500: 1 min; prEN 12054: 30s. Virucida limitada (v\u00edrus com envelope, incluindo coronav\u00edrus, VIH, VHB, VHC, gripe, herpes, v\u00edrus \u00c9bola, etc.) de acordo com a directriz DVV\/RKI: 15s.<\/p>\n<\/div>\n\n\n\n<div class=\"wp-block-column is-layout-flow wp-block-column-is-layout-flow\">\n<p><br \/>U<strong>tiliza\u00e7\u00e3o prevista:<\/strong> Para a desinfe\u00e7\u00e3o higi\u00e9nica das m\u00e3os.<\/p>\n\n\n\n<p><br \/><br \/>C<strong>omposi\u00e7\u00e3o:<\/strong> 100 g cont\u00e9m: 50,0 g de etanol, 10,0 g de isopropanol, 0,10 g de cloreto de benzalc\u00f3nio, \u00e1gua purificada, extrato de alo\u00e9 vera.<\/p>\n<\/div>\n<\/div>\n\n<hr \/>\n\n<h4 class=\"wp-block-heading\" id=\"application\">Aplica\u00e7\u00e3o<\/h4>\n\n<p>Verter Dexan suficiente na cavidade seca da m\u00e3o, de modo a que todas as \u00e1reas das m\u00e3os fiquem completamente molhadas com a prepara\u00e7\u00e3o. Esfregar bem nas m\u00e3os, mantendo-as h\u00famidas durante o per\u00edodo de fric\u00e7\u00e3o.<\/p>\n\n<hr \/>\n\n<h4 class=\"wp-block-heading\" id=\"advisor\">Conselheiro<\/h4>\n\n<p><br \/>C<strong>onselhos de seguran\u00e7a:<\/strong> L\u00edquido e vapor altamente inflam\u00e1veis. Provoca irrita\u00e7\u00e3o ocular grave. Mant\u00e9m afastado do calor, superf\u00edcies quentes, fa\u00edscas, chamas abertas e outras fontes de igni\u00e7\u00e3o. N\u00e3o fumes. Mant\u00e9m o recipiente bem fechado. SE ENTRAR EM CONTACTO COM OS OLHOS: Enxaguar cuidadosamente com \u00e1gua durante v\u00e1rios minutos. Se poss\u00edvel, retira as lentes de contacto. Continua a enxaguar. Manter fora do alcance das crian\u00e7as. Biocide Reg. No.: 75940 Utiliza o desinfetante com cuidado. L\u00ea sempre o r\u00f3tulo e as informa\u00e7\u00f5es sobre o produto antes de o utilizares.<\/p>\n","protected":false},"excerpt":{"rendered":"<p><strong>Desinfec\u00e7\u00e3o das m\u00e3os \u00e0 base de \u00e1lcool pronta a usar:<\/strong><\/p>\n<p>Com componente de cuidado (alo\u00e9 vera)<\/p>\n<p>Virucida limitada (v\u00edrus com envelope, incluindo coronav\u00edrus, VIH, VHB, VHC, gripe, herpes, v\u00edrus \u00c9bola, etc.).<\/p>\n","protected":false},"featured_media":15541,"template":"","meta":{"_acf_changed":false,"neve_meta_sidebar":"","neve_meta_container":"","neve_meta_enable_content_width":"","neve_meta_content_width":0,"neve_meta_title_alignment":"","neve_meta_author_avatar":"","neve_post_elements_order":"","neve_meta_disable_header":"","neve_meta_disable_footer":"","neve_meta_disable_title":"","neve_meta_reading_time":"","_surfaces":[],"_ver_product_tabs":[],"footnotes":""},"product_brand":[],"product_cat":[2274,2722],"product_tag":[],"class_list":{"0":"post-25011","1":"product","2":"type-product","3":"status-publish","4":"has-post-thumbnail","6":"product_cat-desinfetante","7":"product_cat-antissetico-para-as-maos","9":"first","10":"instock","11":"taxable","12":"shipping-taxable","13":"purchasable","14":"product-type-simple"},"acf":[],"yoast_head":"<!-- This site is optimized with the Yoast SEO Premium plugin v22.8 (Yoast SEO v27.5) - https:\/\/yoast.com\/product\/yoast-seo-premium-wordpress\/ -->\n<title>Desinfectante para as m\u00e3os Dexan Frasco de 500ml - versiegelung24.com<\/title>\n<meta name=\"robots\" content=\"index, follow, max-snippet:-1, max-image-preview:large, max-video-preview:-1\" \/>\n<link rel=\"canonical\" href=\"https:\/\/www.versiegelung24.com\/pt-pt\/haendedesinfektionsmittel-dexan-500ml-garrafa.html\" \/>\n<meta property=\"og:locale\" content=\"pt_PT\" \/>\n<meta property=\"og:type\" content=\"article\" \/>\n<meta property=\"og:title\" content=\"Desinfectante para as m\u00e3os Dexan Frasco de 500ml\" \/>\n<meta property=\"og:description\" content=\"Desinfec\u00e7\u00e3o das m\u00e3os \u00e0 base de \u00e1lcool pronta a usar: Com componente de cuidado (alo\u00e9 vera) Virucida limitada (v\u00edrus com envelope, incluindo coronav\u00edrus, VIH, VHB, VHC, gripe, herpes, v\u00edrus \u00c9bola, etc.).\" \/>\n<meta property=\"og:url\" content=\"https:\/\/www.versiegelung24.com\/pt-pt\/haendedesinfektionsmittel-dexan-500ml-garrafa.html\" \/>\n<meta property=\"og:site_name\" content=\"versiegelung24.com\" \/>\n<meta property=\"article:modified_time\" content=\"2025-01-13T15:40:27+00:00\" \/>\n<meta property=\"og:image\" content=\"https:\/\/www.versiegelung24.com\/wp-content\/uploads\/2020\/05\/dexan-haendedesinfektionsmittel-500ml-1.png\" \/>\n\t<meta property=\"og:image:width\" content=\"2000\" \/>\n\t<meta property=\"og:image:height\" content=\"2000\" \/>\n\t<meta property=\"og:image:type\" content=\"image\/png\" \/>\n<meta name=\"twitter:card\" content=\"summary_large_image\" \/>\n<meta name=\"twitter:label1\" content=\"pre\u00e7o\" \/>\n\t<meta name=\"twitter:data1\" content=\"9,99&euro;\" \/>\n\t<meta name=\"twitter:label2\" content=\"Disponibilidade\" \/>\n\t<meta name=\"twitter:data2\" content=\"Em stock\" \/>\n<script type=\"application\/ld+json\" class=\"yoast-schema-graph\">{\"@context\":\"https:\\\/\\\/schema.org\",\"@graph\":[{\"@type\":\"WebPage\",\"@id\":\"https:\\\/\\\/www.versiegelung24.com\\\/pt-pt\\\/haendedesinfektionsmittel-dexan-500ml-garrafa.html\",\"url\":\"https:\\\/\\\/www.versiegelung24.com\\\/pt-pt\\\/haendedesinfektionsmittel-dexan-500ml-garrafa.html\",\"name\":\"Desinfectante para as m\u00e3os Dexan Frasco de 500ml - versiegelung24.com\",\"isPartOf\":{\"@id\":\"https:\\\/\\\/www.versiegelung24.com\\\/pt-pt\\\/#website\"},\"primaryImageOfPage\":{\"@id\":\"https:\\\/\\\/www.versiegelung24.com\\\/pt-pt\\\/haendedesinfektionsmittel-dexan-500ml-garrafa.html#primaryimage\"},\"image\":{\"@id\":\"https:\\\/\\\/www.versiegelung24.com\\\/pt-pt\\\/haendedesinfektionsmittel-dexan-500ml-garrafa.html#primaryimage\"},\"thumbnailUrl\":\"https:\\\/\\\/www.versiegelung24.com\\\/wp-content\\\/uploads\\\/2020\\\/05\\\/dexan-haendedesinfektionsmittel-500ml-1.png\",\"datePublished\":\"2021-08-02T21:19:00+00:00\",\"dateModified\":\"2025-01-13T15:40:27+00:00\",\"breadcrumb\":{\"@id\":\"https:\\\/\\\/www.versiegelung24.com\\\/pt-pt\\\/haendedesinfektionsmittel-dexan-500ml-garrafa.html#breadcrumb\"},\"inLanguage\":\"pt-PT\",\"potentialAction\":[{\"@type\":\"ReadAction\",\"target\":[\"https:\\\/\\\/www.versiegelung24.com\\\/pt-pt\\\/haendedesinfektionsmittel-dexan-500ml-garrafa.html\"]}]},{\"@type\":\"ImageObject\",\"inLanguage\":\"pt-PT\",\"@id\":\"https:\\\/\\\/www.versiegelung24.com\\\/pt-pt\\\/haendedesinfektionsmittel-dexan-500ml-garrafa.html#primaryimage\",\"url\":\"https:\\\/\\\/www.versiegelung24.com\\\/wp-content\\\/uploads\\\/2020\\\/05\\\/dexan-haendedesinfektionsmittel-500ml-1.png\",\"contentUrl\":\"https:\\\/\\\/www.versiegelung24.com\\\/wp-content\\\/uploads\\\/2020\\\/05\\\/dexan-haendedesinfektionsmittel-500ml-1.png\",\"width\":2000,\"height\":2000},{\"@type\":\"BreadcrumbList\",\"@id\":\"https:\\\/\\\/www.versiegelung24.com\\\/pt-pt\\\/haendedesinfektionsmittel-dexan-500ml-garrafa.html#breadcrumb\",\"itemListElement\":[{\"@type\":\"ListItem\",\"position\":1,\"name\":\"P\u00e1gina inicial\",\"item\":\"https:\\\/\\\/www.versiegelung24.com\\\/pt-pt\\\/frente\\\/\"},{\"@type\":\"ListItem\",\"position\":2,\"name\":\"Loja\",\"item\":\"https:\\\/\\\/www.versiegelung24.com\\\/pt-pt\\\/loja\\\/\"},{\"@type\":\"ListItem\",\"position\":3,\"name\":\"Desinfectante para as m\u00e3os Dexan Frasco de 500ml\"}]},{\"@type\":\"WebSite\",\"@id\":\"https:\\\/\\\/www.versiegelung24.com\\\/pt-pt\\\/#website\",\"url\":\"https:\\\/\\\/www.versiegelung24.com\\\/pt-pt\\\/\",\"name\":\"versiegelung24.com\",\"description\":\"Fl\u00fcssigglas-Versiegelung - Made in Germany\",\"publisher\":{\"@id\":\"https:\\\/\\\/www.versiegelung24.com\\\/pt-pt\\\/#organization\"},\"potentialAction\":[{\"@type\":\"SearchAction\",\"target\":{\"@type\":\"EntryPoint\",\"urlTemplate\":\"https:\\\/\\\/www.versiegelung24.com\\\/pt-pt\\\/?s={search_term_string}\"},\"query-input\":{\"@type\":\"PropertyValueSpecification\",\"valueRequired\":true,\"valueName\":\"search_term_string\"}}],\"inLanguage\":\"pt-PT\"},{\"@type\":\"Organization\",\"@id\":\"https:\\\/\\\/www.versiegelung24.com\\\/pt-pt\\\/#organization\",\"name\":\"versiegelung24\",\"url\":\"https:\\\/\\\/www.versiegelung24.com\\\/pt-pt\\\/\",\"logo\":{\"@type\":\"ImageObject\",\"inLanguage\":\"pt-PT\",\"@id\":\"https:\\\/\\\/www.versiegelung24.com\\\/pt-pt\\\/#\\\/schema\\\/logo\\\/image\\\/\",\"url\":\"https:\\\/\\\/www.versiegelung24.com\\\/wp-content\\\/uploads\\\/2020\\\/04\\\/versiegelung24.png\",\"contentUrl\":\"https:\\\/\\\/www.versiegelung24.com\\\/wp-content\\\/uploads\\\/2020\\\/04\\\/versiegelung24.png\",\"width\":470,\"height\":102,\"caption\":\"versiegelung24\"},\"image\":{\"@id\":\"https:\\\/\\\/www.versiegelung24.com\\\/pt-pt\\\/#\\\/schema\\\/logo\\\/image\\\/\"}}]}<\/script>\n<meta property=\"product:price:amount\" content=\"9.99\" \/>\n<meta property=\"product:price:currency\" content=\"EUR\" \/>\n<meta property=\"og:availability\" content=\"instock\" \/>\n<meta property=\"product:availability\" content=\"instock\" \/>\n<meta property=\"product:retailer_item_id\" content=\"dexan-500\" \/>\n<meta property=\"product:condition\" content=\"new\" \/>\n<!-- \/ Yoast SEO Premium plugin. -->","yoast_head_json":{"title":"Desinfectante para as m\u00e3os Dexan Frasco de 500ml - versiegelung24.com","robots":{"index":"index","follow":"follow","max-snippet":"max-snippet:-1","max-image-preview":"max-image-preview:large","max-video-preview":"max-video-preview:-1"},"canonical":"https:\/\/www.versiegelung24.com\/pt-pt\/haendedesinfektionsmittel-dexan-500ml-garrafa.html","og_locale":"pt_PT","og_type":"article","og_title":"Desinfectante para as m\u00e3os Dexan Frasco de 500ml","og_description":"Desinfec\u00e7\u00e3o das m\u00e3os \u00e0 base de \u00e1lcool pronta a usar: Com componente de cuidado (alo\u00e9 vera) Virucida limitada (v\u00edrus com envelope, incluindo coronav\u00edrus, VIH, VHB, VHC, gripe, herpes, v\u00edrus \u00c9bola, etc.).","og_url":"https:\/\/www.versiegelung24.com\/pt-pt\/haendedesinfektionsmittel-dexan-500ml-garrafa.html","og_site_name":"versiegelung24.com","article_modified_time":"2025-01-13T15:40:27+00:00","og_image":[{"width":2000,"height":2000,"url":"https:\/\/www.versiegelung24.com\/wp-content\/uploads\/2020\/05\/dexan-haendedesinfektionsmittel-500ml-1.png","type":"image\/png"}],"twitter_card":"summary_large_image","twitter_misc":{"pre\u00e7o":"9,99&euro;","Disponibilidade":"Em stock"},"schema":{"@context":"https:\/\/schema.org","@graph":[{"@type":"WebPage","@id":"https:\/\/www.versiegelung24.com\/pt-pt\/haendedesinfektionsmittel-dexan-500ml-garrafa.html","url":"https:\/\/www.versiegelung24.com\/pt-pt\/haendedesinfektionsmittel-dexan-500ml-garrafa.html","name":"Desinfectante para as m\u00e3os Dexan Frasco de 500ml - versiegelung24.com","isPartOf":{"@id":"https:\/\/www.versiegelung24.com\/pt-pt\/#website"},"primaryImageOfPage":{"@id":"https:\/\/www.versiegelung24.com\/pt-pt\/haendedesinfektionsmittel-dexan-500ml-garrafa.html#primaryimage"},"image":{"@id":"https:\/\/www.versiegelung24.com\/pt-pt\/haendedesinfektionsmittel-dexan-500ml-garrafa.html#primaryimage"},"thumbnailUrl":"https:\/\/www.versiegelung24.com\/wp-content\/uploads\/2020\/05\/dexan-haendedesinfektionsmittel-500ml-1.png","datePublished":"2021-08-02T21:19:00+00:00","dateModified":"2025-01-13T15:40:27+00:00","breadcrumb":{"@id":"https:\/\/www.versiegelung24.com\/pt-pt\/haendedesinfektionsmittel-dexan-500ml-garrafa.html#breadcrumb"},"inLanguage":"pt-PT","potentialAction":[{"@type":"ReadAction","target":["https:\/\/www.versiegelung24.com\/pt-pt\/haendedesinfektionsmittel-dexan-500ml-garrafa.html"]}]},{"@type":"ImageObject","inLanguage":"pt-PT","@id":"https:\/\/www.versiegelung24.com\/pt-pt\/haendedesinfektionsmittel-dexan-500ml-garrafa.html#primaryimage","url":"https:\/\/www.versiegelung24.com\/wp-content\/uploads\/2020\/05\/dexan-haendedesinfektionsmittel-500ml-1.png","contentUrl":"https:\/\/www.versiegelung24.com\/wp-content\/uploads\/2020\/05\/dexan-haendedesinfektionsmittel-500ml-1.png","width":2000,"height":2000},{"@type":"BreadcrumbList","@id":"https:\/\/www.versiegelung24.com\/pt-pt\/haendedesinfektionsmittel-dexan-500ml-garrafa.html#breadcrumb","itemListElement":[{"@type":"ListItem","position":1,"name":"P\u00e1gina inicial","item":"https:\/\/www.versiegelung24.com\/pt-pt\/frente\/"},{"@type":"ListItem","position":2,"name":"Loja","item":"https:\/\/www.versiegelung24.com\/pt-pt\/loja\/"},{"@type":"ListItem","position":3,"name":"Desinfectante para as m\u00e3os Dexan Frasco de 500ml"}]},{"@type":"WebSite","@id":"https:\/\/www.versiegelung24.com\/pt-pt\/#website","url":"https:\/\/www.versiegelung24.com\/pt-pt\/","name":"versiegelung24.com","description":"Fl\u00fcssigglas-Versiegelung - Made in Germany","publisher":{"@id":"https:\/\/www.versiegelung24.com\/pt-pt\/#organization"},"potentialAction":[{"@type":"SearchAction","target":{"@type":"EntryPoint","urlTemplate":"https:\/\/www.versiegelung24.com\/pt-pt\/?s={search_term_string}"},"query-input":{"@type":"PropertyValueSpecification","valueRequired":true,"valueName":"search_term_string"}}],"inLanguage":"pt-PT"},{"@type":"Organization","@id":"https:\/\/www.versiegelung24.com\/pt-pt\/#organization","name":"versiegelung24","url":"https:\/\/www.versiegelung24.com\/pt-pt\/","logo":{"@type":"ImageObject","inLanguage":"pt-PT","@id":"https:\/\/www.versiegelung24.com\/pt-pt\/#\/schema\/logo\/image\/","url":"https:\/\/www.versiegelung24.com\/wp-content\/uploads\/2020\/04\/versiegelung24.png","contentUrl":"https:\/\/www.versiegelung24.com\/wp-content\/uploads\/2020\/04\/versiegelung24.png","width":470,"height":102,"caption":"versiegelung24"},"image":{"@id":"https:\/\/www.versiegelung24.com\/pt-pt\/#\/schema\/logo\/image\/"}}]},"product_price_amount":"9.99","product_price_currency":"EUR","og_availability":"instock","product_availability":"instock","product_retailer_item_id":"dexan-500","product_condition":"new"},"_links":{"self":[{"href":"https:\/\/www.versiegelung24.com\/pt-pt\/wp-json\/wp\/v2\/product\/25011","targetHints":{"allow":["GET"]}}],"collection":[{"href":"https:\/\/www.versiegelung24.com\/pt-pt\/wp-json\/wp\/v2\/product"}],"about":[{"href":"https:\/\/www.versiegelung24.com\/pt-pt\/wp-json\/wp\/v2\/types\/product"}],"version-history":[{"count":12,"href":"https:\/\/www.versiegelung24.com\/pt-pt\/wp-json\/wp\/v2\/product\/25011\/revisions"}],"predecessor-version":[{"id":180595,"href":"https:\/\/www.versiegelung24.com\/pt-pt\/wp-json\/wp\/v2\/product\/25011\/revisions\/180595"}],"wp:featuredmedia":[{"embeddable":true,"href":"https:\/\/www.versiegelung24.com\/pt-pt\/wp-json\/wp\/v2\/media\/15541"}],"wp:attachment":[{"href":"https:\/\/www.versiegelung24.com\/pt-pt\/wp-json\/wp\/v2\/media?parent=25011"}],"wp:term":[{"taxonomy":"product_brand","embeddable":true,"href":"https:\/\/www.versiegelung24.com\/pt-pt\/wp-json\/wp\/v2\/product_brand?post=25011"},{"taxonomy":"product_cat","embeddable":true,"href":"https:\/\/www.versiegelung24.com\/pt-pt\/wp-json\/wp\/v2\/product_cat?post=25011"},{"taxonomy":"product_tag","embeddable":true,"href":"https:\/\/www.versiegelung24.com\/pt-pt\/wp-json\/wp\/v2\/product_tag?post=25011"}],"curies":[{"name":"wp","href":"https:\/\/api.w.org\/{rel}","templated":true}]}}