{"id":37393,"date":"2021-09-27T11:17:44","date_gmt":"2021-09-27T09:30:59","guid":{"rendered":"https:\/\/www.versiegelung24.com\/produkt\/camada-protetora-do-telemovel-feita-de-vidro-liquido-contra-bacterias-e-virus"},"modified":"2025-01-05T15:38:59","modified_gmt":"2025-01-05T14:38:59","slug":"camada-de-proteccao-de-vidro-fluido-contra-bacterias-e-virus","status":"publish","type":"product","link":"https:\/\/www.versiegelung24.com\/pt-pt\/camada-protetora-de-fluessigglas-util-contra-bacterias-virus.html","title":{"rendered":"Desinfectante de longa dura\u00e7\u00e3o para smartphones e telem\u00f3veis contra bact\u00e9rias e v\u00edrus"},"content":{"rendered":"\n<h2 class=\"wp-block-heading\" id=\"h-neuheit-am-markt-smartphones-amp-handys-fur-3-monate-mit-einer-unsichtbaren-flussigglas-schicht-gegen-bakterien-viren-und-pilze-schutzen\">Novidade no mercado: Proteger os smartphones e telem\u00f3veis durante 3 meses com uma camada de vidro l\u00edquido invis\u00edvel contra bact\u00e9rias, v\u00edrus e fungos.<\/h2>\n<div class=\"wp-block-image\">\n<figure class=\"aligncenter size-large\"><img fetchpriority=\"high\" decoding=\"async\" width=\"2560\" height=\"1440\" src=\"https:\/\/www.versiegelung24.com\/wp-content\/uploads\/2021\/09\/handy_bakterien-viren-edited-scaled.jpeg\" alt=\"\" class=\"wp-image-38698\" srcset=\"https:\/\/www.versiegelung24.com\/wp-content\/uploads\/2021\/09\/handy_bakterien-viren-edited-scaled.jpeg 2560w, https:\/\/www.versiegelung24.com\/wp-content\/uploads\/2021\/09\/handy_bakterien-viren-edited-scaled-600x338.jpeg 600w, https:\/\/www.versiegelung24.com\/wp-content\/uploads\/2021\/09\/handy_bakterien-viren-edited-300x169.jpeg 300w, https:\/\/www.versiegelung24.com\/wp-content\/uploads\/2021\/09\/handy_bakterien-viren-edited-1300x731.jpeg 1300w, https:\/\/www.versiegelung24.com\/wp-content\/uploads\/2021\/09\/handy_bakterien-viren-edited-768x432.jpeg 768w, https:\/\/www.versiegelung24.com\/wp-content\/uploads\/2021\/09\/handy_bakterien-viren-edited-1536x864.jpeg 1536w, https:\/\/www.versiegelung24.com\/wp-content\/uploads\/2021\/09\/handy_bakterien-viren-edited-2048x1152.jpeg 2048w\" sizes=\"(max-width: 2560px) 100vw, 2560px\" \/><figcaption class=\"wp-element-caption\">O smartphone como portador de bact\u00e9rias, v\u00edrus e fungos<\/figcaption><\/figure>\n<\/div>\n<p>Actualmente, o smartphone \u00e9 um companheiro constante. Ao longo do dia, muitas pessoas pegam nele centenas de vezes. Aqui, o telem\u00f3vel est\u00e1 em todo o lado <strong>&#8211;<\/strong> seja a dormir ou a descansar, seja na casa de banho ou durante o desporto e o lazer. Um verdadeiro banquete para a transmiss\u00e3o de v\u00edrus e bact\u00e9rias.  <\/p>\n\n<p>O perigo das bact\u00e9rias, bem como dos fungos e v\u00edrus nos smartphones, deve ser levado a s\u00e9rio pelo utilizador. N\u00e3o s\u00f3 s\u00e3o anti-higi\u00e9nicos, como podem afectar o bem-estar e a sa\u00fade. Ali\u00e1s, \u00e9 muito mais agrad\u00e1vel utilizar um telem\u00f3vel ou um smartphone que esteja geralmente limpo e com uma manuten\u00e7\u00e3o higi\u00e9nica.<\/p>\n\n<hr\/>\n\n<h4 class=\"wp-block-heading\" id=\"video\">V\u00eddeo<\/h4>\n\n<figure class=\"wp-block-embed aligncenter is-type-rich is-provider-handler-einbetten wp-block-embed-handler-einbetten wp-embed-aspect-16-9 wp-has-aspect-ratio\"><div class=\"wp-block-embed__wrapper\"> \n<div class=\"nv-iframe-embed\"><iframe title=\"Award-winning Mobile Phone Sanitizer by LiquiGlas (904)\" width=\"1200\" height=\"675\" src=\"https:\/\/www.youtube.com\/embed\/OPwnhKcFTvA?feature=oembed\" frameborder=\"0\" allow=\"accelerometer; autoplay; clipboard-write; encrypted-media; gyroscope; picture-in-picture\" allowfullscreen><\/iframe><\/div>\n <\/div><\/figure>\n\n<hr\/>\n\n<h4 class=\"wp-block-heading\" id=\"properties\">Caracter\u00edsticas do produto<\/h4>\n\n<div class=\"wp-block-columns is-layout-flex wp-container-core-columns-is-layout-9d6595d7 wp-block-columns-is-layout-flex\">\n<div class=\"wp-block-column is-layout-flow wp-block-column-is-layout-flow\">\n<h2 class=\"wp-block-heading\" id=\"die-highlights-auf-einen-blick\">Os destaques em resumo<\/h2>\n\n\n\n<p><br\/><br\/><br\/><br\/><br\/>&#8211; excecional a \u00fanica prote\u00e7\u00e3o bacteriana a longo prazo &#8211; neutraliza\u00e7\u00e3o garantida de bact\u00e9rias, fungos e v\u00edrus &#8211; simples e f\u00e1cil de utilizar &#8211; desinfe\u00e7\u00e3o de grau m\u00e9dico &#8211; prote\u00e7\u00e3o adicional contra o coronav\u00edrus &#8211; vencedor do Pr\u00e9mio MedTech 2020 &#8211; melhor efeito a longo prazo em superf\u00edcies contra agentes patog\u00e9nicos<\/p>\n<\/div>\n\n\n\n<div class=\"wp-block-column is-layout-flow wp-block-column-is-layout-flow\">\n<h2 class=\"wp-block-heading\" id=\"lieferumfang\">\u00c2mbito da entrega<\/h2>\n\n\n\n<p>12 toalhetes de protec\u00e7\u00e3o bacteriol\u00f3gica, para utilizar 1 x por semana = 3 meses<\/p>\n<\/div>\n<\/div>\n\n<hr\/>\n\n<h4 class=\"wp-block-heading\" id=\"application\">Aplica\u00e7\u00e3o<\/h4>\n\n<h2 class=\"wp-block-heading\" id=\"die-anwendung-hygienisch-sauberes-handy\">A aplica\u00e7\u00e3o &#8211; Telem\u00f3vel higienicamente limpo<\/h2>\n\n<div class=\"wp-block-getwid-toggle has-icon-left\">\n<div class=\"wp-block-getwid-toggle__row\"><div class=\"wp-block-getwid-toggle__header-wrapper\"><span class=\"wp-block-getwid-toggle__header\"><a href=\"#\"><span class=\"wp-block-getwid-toggle__header-title\">1. Smartphone s\u00e4ubern<\/span><span class=\"wp-block-getwid-toggle__icon is-active\"><i class=\"fas fa-plus\"><\/i><\/span><span class=\"wp-block-getwid-toggle__icon is-passive\"><i class=\"fas fa-minus\"><\/i><\/span><\/a><\/span><\/div><div class=\"wp-block-getwid-toggle__content-wrapper\"><div class=\"wp-block-getwid-toggle__content\">\n<p>O dispositivo final \u00e9 limpo com um pano de microfibras ou um pano seco e que n\u00e3o largue p\u00ealos na frente e no verso, com o objectivo de remover impress\u00f5es digitais, sujidade e qualquer abras\u00e3o.<\/p>\n<\/div><\/div><\/div>\n\n\n\n<div class=\"wp-block-getwid-toggle__row\"><div class=\"wp-block-getwid-toggle__header-wrapper\"><span class=\"wp-block-getwid-toggle__header\"><a href=\"#\"><span class=\"wp-block-getwid-toggle__header-title\">2. Smartphone desinfizieren<\/span><span class=\"wp-block-getwid-toggle__icon is-active\"><i class=\"fas fa-plus\"><\/i><\/span><span class=\"wp-block-getwid-toggle__icon is-passive\"><i class=\"fas fa-minus\"><\/i><\/span><\/a><\/span><\/div><div class=\"wp-block-getwid-toggle__content-wrapper\"><div class=\"wp-block-getwid-toggle__content\">\n<p>Abre-se a embalagem de 12 unidades e retira-se o primeiro toalhete desinfectante em pel\u00edcula retr\u00e1ctil. Um dos lados do toalhete desinfectante \u00e9 utilizado para limpar cuidadosamente a parte da frente e de tr\u00e1s do telem\u00f3vel. Em seguida, desinfecte o dispositivo terminal durante cerca de 30 segundos com o outro lado do pano, ainda limpo. Isto provoca a forma\u00e7\u00e3o de uma ligeira n\u00e9voa na sua superf\u00edcie.<\/p>\n<\/div><\/div><\/div>\n\n\n\n<div class=\"wp-block-getwid-toggle__row\"><div class=\"wp-block-getwid-toggle__header-wrapper\"><span class=\"wp-block-getwid-toggle__header\"><a href=\"#\"><span class=\"wp-block-getwid-toggle__header-title\">3. Trocknungsvorgang<\/span><span class=\"wp-block-getwid-toggle__icon is-active\"><i class=\"fas fa-plus\"><\/i><\/span><span class=\"wp-block-getwid-toggle__icon is-passive\"><i class=\"fas fa-minus\"><\/i><\/span><\/a><\/span><\/div><div class=\"wp-block-getwid-toggle__content-wrapper\"><div class=\"wp-block-getwid-toggle__content\">\n<p>Seguir agora um processo de secagem de dois a tr\u00eas minutos. O l\u00edquido aplicado faz efeito e forma uma camada protectora desinfectante.<\/p>\n<\/div><\/div><\/div>\n\n\n\n<div class=\"wp-block-getwid-toggle__row\"><div class=\"wp-block-getwid-toggle__header-wrapper\"><span class=\"wp-block-getwid-toggle__header\"><a href=\"#\"><span class=\"wp-block-getwid-toggle__header-title\">4. Nachpolieren<\/span><span class=\"wp-block-getwid-toggle__icon is-active\"><i class=\"fas fa-plus\"><\/i><\/span><span class=\"wp-block-getwid-toggle__icon is-passive\"><i class=\"fas fa-minus\"><\/i><\/span><\/a><\/span><\/div><div class=\"wp-block-getwid-toggle__content-wrapper\"><div class=\"wp-block-getwid-toggle__content\">\n<p>No final do processo de secagem, o telem\u00f3vel \u00e9 novamente polido com um pano de secagem limpo <strong>&#8211;<\/strong> feito de microfibras, por exemplo <strong>&#8211;<\/strong> at\u00e9 a superf\u00edcie ficar livre de riscos. A protec\u00e7\u00e3o a longo prazo da desinfec\u00e7\u00e3o que agora se desenvolveu continua a trabalhar intensamente durante os pr\u00f3ximos sete a dez dias.<\/p>\n<\/div><\/div><\/div>\n<\/div>\n\n<br\/>\n\n<hr\/>\n\n<h4 class=\"wp-block-heading\" id=\"advisor\">Conselheiro<\/h4>\n\n<h2 class=\"wp-block-heading\" id=\"award-gewinner-handy-desinfektion-raumt-ab\">Vencedor do pr\u00e9mio &#8211; A desinfec\u00e7\u00e3o de telem\u00f3veis abre caminho<\/h2>\n\n<p>A novidade no mercado para a protec\u00e7\u00e3o contra a desinfec\u00e7\u00e3o de aparelhos finais m\u00f3veis, como telem\u00f3veis, smartphones ou tablets, \u00e9 o pacote de 12 toalhetes de protec\u00e7\u00e3o contra bact\u00e9rias da CCM\u00ae. CCM significa Creative Chemical Manufacturer GmbH, com sede em Overath, Ren\u00e2nia do Norte-Vestef\u00e1lia.<\/p>\n\n<figure class=\"wp-block-image size-full\"><img decoding=\"async\" width=\"700\" height=\"207\" src=\"https:\/\/www.versiegelung24.com\/wp-content\/uploads\/2021\/09\/2020-MedTech-Awards-2.png\" alt=\"\" class=\"wp-image-37295\" srcset=\"https:\/\/www.versiegelung24.com\/wp-content\/uploads\/2021\/09\/2020-MedTech-Awards-2.png 700w, https:\/\/www.versiegelung24.com\/wp-content\/uploads\/2021\/09\/2020-MedTech-Awards-2-600x177.png 600w, https:\/\/www.versiegelung24.com\/wp-content\/uploads\/2021\/09\/2020-MedTech-Awards-2-300x89.png 300w\" sizes=\"(max-width: 700px) 100vw, 700px\" \/><figcaption class=\"wp-element-caption\"><strong>Vencedor do Pr\u00e9mio MedTech &#8211; Melhor Solu\u00e7\u00e3o de Protec\u00e7\u00e3o Anti-Patog\u00e9nica de Longa Dura\u00e7\u00e3o<\/strong><\/figcaption><\/figure>\n\n<h2 class=\"wp-block-heading\" id=\"ohne-handy-und-smartphone-desinfizieren-geht-es-einfach-nicht\">Desinfectar telem\u00f3veis e smartphones \u00e9 simplesmente imposs\u00edvel!<\/h2>\n\n<p>Actualmente, as pessoas est\u00e3o habituadas a lavar e desinfectar as m\u00e3os regularmente. Por isso, \u00e9 ainda mais importante n\u00e3o se esquecer de desinfectar o seu pr\u00f3prio smartphone. O pano de protec\u00e7\u00e3o contra bact\u00e9rias desenvolve um efeito de desinfec\u00e7\u00e3o consistente at\u00e9 dez dias quando manuseado correctamente. Com a embalagem de 12 unidades, o dispositivo final est\u00e1 sempre em perfeitas condi\u00e7\u00f5es higi\u00e9nicas durante um quarto de ano.<\/p>\n\n<p><\/p>\n\n<p><strong>A utiliza\u00e7\u00e3o regular dos doze panos de protec\u00e7\u00e3o desenvolve um revestimento de vidro l\u00edquido ultra-fino na superf\u00edcie do smartphone.<\/strong>  Previne a forma\u00e7\u00e3o de agentes patog\u00e9nicos e, consequentemente, a fixa\u00e7\u00e3o de agentes patog\u00e9nicos. Como efeito secund\u00e1rio positivo, a superf\u00edcie torna-se cada vez mais lisa e muito f\u00e1cil de limpar. Este efeito aumenta com o tempo de utiliza\u00e7\u00e3o dos toalhetes desinfectantes.<\/p>\n","protected":false},"excerpt":{"rendered":"<p>A novidade no mercado para a protec\u00e7\u00e3o contra a desinfec\u00e7\u00e3o de aparelhos finais m\u00f3veis, como telem\u00f3veis, smartphones ou tablets, \u00e9 o pacote de 12 toalhetes de protec\u00e7\u00e3o contra bact\u00e9rias da CCM\u00ae.<\/p>\n<p>Certificado com o pr\u00e9mio MedTech<strong>&#8220;Melhor Solu\u00e7\u00e3o de Prote\u00e7\u00e3o Anti-Patog\u00e9nica de Longa Dura\u00e7\u00e3o&#8221;<\/p>\n<p><\/strong><\/p>\n<p><img decoding=\"async\" class=\"alignnone size-medium wp-image-37295\" src=\"https:\/\/www.versiegelung24.com\/wp-content\/uploads\/2021\/09\/2020-MedTech-Awards-2-300x89.png\" alt=\"\" width=\"300\" height=\"89\" srcset=\"https:\/\/www.versiegelung24.com\/wp-content\/uploads\/2021\/09\/2020-MedTech-Awards-2-300x89.png 300w, https:\/\/www.versiegelung24.com\/wp-content\/uploads\/2021\/09\/2020-MedTech-Awards-2-600x177.png 600w, https:\/\/www.versiegelung24.com\/wp-content\/uploads\/2021\/09\/2020-MedTech-Awards-2.png 700w\" sizes=\"(max-width: 300px) 100vw, 300px\" \/><\/p>\n","protected":false},"featured_media":63248,"template":"","meta":{"_acf_changed":false,"neve_meta_sidebar":"","neve_meta_container":"","neve_meta_enable_content_width":"","neve_meta_content_width":0,"neve_meta_title_alignment":"","neve_meta_author_avatar":"","neve_post_elements_order":"","neve_meta_disable_header":"","neve_meta_disable_footer":"","neve_meta_disable_title":"","neve_meta_reading_time":"","_surfaces":[],"_ver_product_tabs":[],"footnotes":""},"product_brand":[],"product_cat":[3023,2274],"product_tag":[],"class_list":{"0":"post-37393","1":"product","2":"type-product","3":"status-publish","4":"has-post-thumbnail","6":"product_cat-desinfetante-do-telemovel","7":"product_cat-desinfetante","9":"first","10":"instock","11":"taxable","12":"shipping-taxable","13":"purchasable","14":"product-type-simple"},"acf":[],"yoast_head":"<!-- This site is optimized with the Yoast SEO Premium plugin v22.8 (Yoast SEO v27.5) - https:\/\/yoast.com\/product\/yoast-seo-premium-wordpress\/ -->\n<title>Desinfectante de longa dura\u00e7\u00e3o para smartphones e telem\u00f3veis contra bact\u00e9rias e v\u00edrus - versiegelung24.com<\/title>\n<meta name=\"robots\" content=\"index, follow, max-snippet:-1, max-image-preview:large, max-video-preview:-1\" \/>\n<link rel=\"canonical\" href=\"https:\/\/www.versiegelung24.com\/pt-pt\/camada-protetora-de-fluessigglas-util-contra-bacterias-virus.html\" \/>\n<meta property=\"og:locale\" content=\"pt_PT\" \/>\n<meta property=\"og:type\" content=\"article\" \/>\n<meta property=\"og:title\" content=\"Desinfectante de longa dura\u00e7\u00e3o para smartphones e telem\u00f3veis contra bact\u00e9rias e v\u00edrus\" \/>\n<meta property=\"og:description\" content=\"A novidade no mercado para a protec\u00e7\u00e3o contra a desinfec\u00e7\u00e3o de aparelhos finais m\u00f3veis, como telem\u00f3veis, smartphones ou tablets, \u00e9 o pacote de 12 toalhetes de protec\u00e7\u00e3o contra bact\u00e9rias da CCM\u00ae. Certificado com o pr\u00e9mio MedTech&quot;Melhor Solu\u00e7\u00e3o de Prote\u00e7\u00e3o Anti-Patog\u00e9nica de Longa Dura\u00e7\u00e3o&quot;\" \/>\n<meta property=\"og:url\" content=\"https:\/\/www.versiegelung24.com\/pt-pt\/camada-protetora-de-fluessigglas-util-contra-bacterias-virus.html\" \/>\n<meta property=\"og:site_name\" content=\"versiegelung24.com\" \/>\n<meta property=\"article:modified_time\" content=\"2025-01-05T14:38:59+00:00\" \/>\n<meta property=\"og:image\" content=\"https:\/\/www.versiegelung24.com\/wp-content\/uploads\/2021\/09\/produkt-4009-904-Handy-Bakterienschutz-Verpackung1.jpg\" \/>\n\t<meta property=\"og:image:width\" content=\"2000\" \/>\n\t<meta property=\"og:image:height\" content=\"2000\" \/>\n\t<meta property=\"og:image:type\" content=\"image\/jpeg\" \/>\n<meta name=\"twitter:card\" content=\"summary_large_image\" \/>\n<meta name=\"twitter:label1\" content=\"pre\u00e7o\" \/>\n\t<meta name=\"twitter:data1\" content=\"10,99&euro;\" \/>\n\t<meta name=\"twitter:label2\" content=\"Disponibilidade\" \/>\n\t<meta name=\"twitter:data2\" content=\"Em stock\" \/>\n<script type=\"application\/ld+json\" class=\"yoast-schema-graph\">{\"@context\":\"https:\\\/\\\/schema.org\",\"@graph\":[{\"@type\":\"WebPage\",\"@id\":\"https:\\\/\\\/www.versiegelung24.com\\\/pt-pt\\\/camada-protetora-de-fluessigglas-util-contra-bacterias-virus.html\",\"url\":\"https:\\\/\\\/www.versiegelung24.com\\\/pt-pt\\\/camada-protetora-de-fluessigglas-util-contra-bacterias-virus.html\",\"name\":\"Desinfectante de longa dura\u00e7\u00e3o para smartphones e telem\u00f3veis contra bact\u00e9rias e v\u00edrus - versiegelung24.com\",\"isPartOf\":{\"@id\":\"https:\\\/\\\/www.versiegelung24.com\\\/pt-pt\\\/#website\"},\"primaryImageOfPage\":{\"@id\":\"https:\\\/\\\/www.versiegelung24.com\\\/pt-pt\\\/camada-protetora-de-fluessigglas-util-contra-bacterias-virus.html#primaryimage\"},\"image\":{\"@id\":\"https:\\\/\\\/www.versiegelung24.com\\\/pt-pt\\\/camada-protetora-de-fluessigglas-util-contra-bacterias-virus.html#primaryimage\"},\"thumbnailUrl\":\"https:\\\/\\\/www.versiegelung24.com\\\/wp-content\\\/uploads\\\/2021\\\/09\\\/produkt-4009-904-Handy-Bakterienschutz-Verpackung1.jpg\",\"datePublished\":\"2021-09-27T09:30:59+00:00\",\"dateModified\":\"2025-01-05T14:38:59+00:00\",\"breadcrumb\":{\"@id\":\"https:\\\/\\\/www.versiegelung24.com\\\/pt-pt\\\/camada-protetora-de-fluessigglas-util-contra-bacterias-virus.html#breadcrumb\"},\"inLanguage\":\"pt-PT\",\"potentialAction\":[{\"@type\":\"ReadAction\",\"target\":[\"https:\\\/\\\/www.versiegelung24.com\\\/pt-pt\\\/camada-protetora-de-fluessigglas-util-contra-bacterias-virus.html\"]}]},{\"@type\":\"ImageObject\",\"inLanguage\":\"pt-PT\",\"@id\":\"https:\\\/\\\/www.versiegelung24.com\\\/pt-pt\\\/camada-protetora-de-fluessigglas-util-contra-bacterias-virus.html#primaryimage\",\"url\":\"https:\\\/\\\/www.versiegelung24.com\\\/wp-content\\\/uploads\\\/2021\\\/09\\\/produkt-4009-904-Handy-Bakterienschutz-Verpackung1.jpg\",\"contentUrl\":\"https:\\\/\\\/www.versiegelung24.com\\\/wp-content\\\/uploads\\\/2021\\\/09\\\/produkt-4009-904-Handy-Bakterienschutz-Verpackung1.jpg\",\"width\":2000,\"height\":2000},{\"@type\":\"BreadcrumbList\",\"@id\":\"https:\\\/\\\/www.versiegelung24.com\\\/pt-pt\\\/camada-protetora-de-fluessigglas-util-contra-bacterias-virus.html#breadcrumb\",\"itemListElement\":[{\"@type\":\"ListItem\",\"position\":1,\"name\":\"P\u00e1gina inicial\",\"item\":\"https:\\\/\\\/www.versiegelung24.com\\\/pt-pt\\\/frente\\\/\"},{\"@type\":\"ListItem\",\"position\":2,\"name\":\"Loja\",\"item\":\"https:\\\/\\\/www.versiegelung24.com\\\/pt-pt\\\/loja\\\/\"},{\"@type\":\"ListItem\",\"position\":3,\"name\":\"Desinfectante de longa dura\u00e7\u00e3o para smartphones e telem\u00f3veis contra bact\u00e9rias e v\u00edrus\"}]},{\"@type\":\"WebSite\",\"@id\":\"https:\\\/\\\/www.versiegelung24.com\\\/pt-pt\\\/#website\",\"url\":\"https:\\\/\\\/www.versiegelung24.com\\\/pt-pt\\\/\",\"name\":\"versiegelung24.com\",\"description\":\"Fl\u00fcssigglas-Versiegelung - Made in Germany\",\"publisher\":{\"@id\":\"https:\\\/\\\/www.versiegelung24.com\\\/pt-pt\\\/#organization\"},\"potentialAction\":[{\"@type\":\"SearchAction\",\"target\":{\"@type\":\"EntryPoint\",\"urlTemplate\":\"https:\\\/\\\/www.versiegelung24.com\\\/pt-pt\\\/?s={search_term_string}\"},\"query-input\":{\"@type\":\"PropertyValueSpecification\",\"valueRequired\":true,\"valueName\":\"search_term_string\"}}],\"inLanguage\":\"pt-PT\"},{\"@type\":\"Organization\",\"@id\":\"https:\\\/\\\/www.versiegelung24.com\\\/pt-pt\\\/#organization\",\"name\":\"versiegelung24\",\"url\":\"https:\\\/\\\/www.versiegelung24.com\\\/pt-pt\\\/\",\"logo\":{\"@type\":\"ImageObject\",\"inLanguage\":\"pt-PT\",\"@id\":\"https:\\\/\\\/www.versiegelung24.com\\\/pt-pt\\\/#\\\/schema\\\/logo\\\/image\\\/\",\"url\":\"https:\\\/\\\/www.versiegelung24.com\\\/wp-content\\\/uploads\\\/2020\\\/04\\\/versiegelung24.png\",\"contentUrl\":\"https:\\\/\\\/www.versiegelung24.com\\\/wp-content\\\/uploads\\\/2020\\\/04\\\/versiegelung24.png\",\"width\":470,\"height\":102,\"caption\":\"versiegelung24\"},\"image\":{\"@id\":\"https:\\\/\\\/www.versiegelung24.com\\\/pt-pt\\\/#\\\/schema\\\/logo\\\/image\\\/\"}}]}<\/script>\n<meta property=\"product:price:amount\" content=\"10.99\" \/>\n<meta property=\"product:price:currency\" content=\"EUR\" \/>\n<meta property=\"og:availability\" content=\"instock\" \/>\n<meta property=\"product:availability\" content=\"instock\" \/>\n<meta property=\"product:retailer_item_id\" content=\"4009-904\" \/>\n<meta property=\"product:condition\" content=\"new\" \/>\n<!-- \/ Yoast SEO Premium plugin. -->","yoast_head_json":{"title":"Desinfectante de longa dura\u00e7\u00e3o para smartphones e telem\u00f3veis contra bact\u00e9rias e v\u00edrus - versiegelung24.com","robots":{"index":"index","follow":"follow","max-snippet":"max-snippet:-1","max-image-preview":"max-image-preview:large","max-video-preview":"max-video-preview:-1"},"canonical":"https:\/\/www.versiegelung24.com\/pt-pt\/camada-protetora-de-fluessigglas-util-contra-bacterias-virus.html","og_locale":"pt_PT","og_type":"article","og_title":"Desinfectante de longa dura\u00e7\u00e3o para smartphones e telem\u00f3veis contra bact\u00e9rias e v\u00edrus","og_description":"A novidade no mercado para a protec\u00e7\u00e3o contra a desinfec\u00e7\u00e3o de aparelhos finais m\u00f3veis, como telem\u00f3veis, smartphones ou tablets, \u00e9 o pacote de 12 toalhetes de protec\u00e7\u00e3o contra bact\u00e9rias da CCM\u00ae. Certificado com o pr\u00e9mio MedTech\"Melhor Solu\u00e7\u00e3o de Prote\u00e7\u00e3o Anti-Patog\u00e9nica de Longa Dura\u00e7\u00e3o\"","og_url":"https:\/\/www.versiegelung24.com\/pt-pt\/camada-protetora-de-fluessigglas-util-contra-bacterias-virus.html","og_site_name":"versiegelung24.com","article_modified_time":"2025-01-05T14:38:59+00:00","og_image":[{"width":2000,"height":2000,"url":"https:\/\/www.versiegelung24.com\/wp-content\/uploads\/2021\/09\/produkt-4009-904-Handy-Bakterienschutz-Verpackung1.jpg","type":"image\/jpeg"}],"twitter_card":"summary_large_image","twitter_misc":{"pre\u00e7o":"10,99&euro;","Disponibilidade":"Em stock"},"schema":{"@context":"https:\/\/schema.org","@graph":[{"@type":"WebPage","@id":"https:\/\/www.versiegelung24.com\/pt-pt\/camada-protetora-de-fluessigglas-util-contra-bacterias-virus.html","url":"https:\/\/www.versiegelung24.com\/pt-pt\/camada-protetora-de-fluessigglas-util-contra-bacterias-virus.html","name":"Desinfectante de longa dura\u00e7\u00e3o para smartphones e telem\u00f3veis contra bact\u00e9rias e v\u00edrus - versiegelung24.com","isPartOf":{"@id":"https:\/\/www.versiegelung24.com\/pt-pt\/#website"},"primaryImageOfPage":{"@id":"https:\/\/www.versiegelung24.com\/pt-pt\/camada-protetora-de-fluessigglas-util-contra-bacterias-virus.html#primaryimage"},"image":{"@id":"https:\/\/www.versiegelung24.com\/pt-pt\/camada-protetora-de-fluessigglas-util-contra-bacterias-virus.html#primaryimage"},"thumbnailUrl":"https:\/\/www.versiegelung24.com\/wp-content\/uploads\/2021\/09\/produkt-4009-904-Handy-Bakterienschutz-Verpackung1.jpg","datePublished":"2021-09-27T09:30:59+00:00","dateModified":"2025-01-05T14:38:59+00:00","breadcrumb":{"@id":"https:\/\/www.versiegelung24.com\/pt-pt\/camada-protetora-de-fluessigglas-util-contra-bacterias-virus.html#breadcrumb"},"inLanguage":"pt-PT","potentialAction":[{"@type":"ReadAction","target":["https:\/\/www.versiegelung24.com\/pt-pt\/camada-protetora-de-fluessigglas-util-contra-bacterias-virus.html"]}]},{"@type":"ImageObject","inLanguage":"pt-PT","@id":"https:\/\/www.versiegelung24.com\/pt-pt\/camada-protetora-de-fluessigglas-util-contra-bacterias-virus.html#primaryimage","url":"https:\/\/www.versiegelung24.com\/wp-content\/uploads\/2021\/09\/produkt-4009-904-Handy-Bakterienschutz-Verpackung1.jpg","contentUrl":"https:\/\/www.versiegelung24.com\/wp-content\/uploads\/2021\/09\/produkt-4009-904-Handy-Bakterienschutz-Verpackung1.jpg","width":2000,"height":2000},{"@type":"BreadcrumbList","@id":"https:\/\/www.versiegelung24.com\/pt-pt\/camada-protetora-de-fluessigglas-util-contra-bacterias-virus.html#breadcrumb","itemListElement":[{"@type":"ListItem","position":1,"name":"P\u00e1gina inicial","item":"https:\/\/www.versiegelung24.com\/pt-pt\/frente\/"},{"@type":"ListItem","position":2,"name":"Loja","item":"https:\/\/www.versiegelung24.com\/pt-pt\/loja\/"},{"@type":"ListItem","position":3,"name":"Desinfectante de longa dura\u00e7\u00e3o para smartphones e telem\u00f3veis contra bact\u00e9rias e v\u00edrus"}]},{"@type":"WebSite","@id":"https:\/\/www.versiegelung24.com\/pt-pt\/#website","url":"https:\/\/www.versiegelung24.com\/pt-pt\/","name":"versiegelung24.com","description":"Fl\u00fcssigglas-Versiegelung - Made in Germany","publisher":{"@id":"https:\/\/www.versiegelung24.com\/pt-pt\/#organization"},"potentialAction":[{"@type":"SearchAction","target":{"@type":"EntryPoint","urlTemplate":"https:\/\/www.versiegelung24.com\/pt-pt\/?s={search_term_string}"},"query-input":{"@type":"PropertyValueSpecification","valueRequired":true,"valueName":"search_term_string"}}],"inLanguage":"pt-PT"},{"@type":"Organization","@id":"https:\/\/www.versiegelung24.com\/pt-pt\/#organization","name":"versiegelung24","url":"https:\/\/www.versiegelung24.com\/pt-pt\/","logo":{"@type":"ImageObject","inLanguage":"pt-PT","@id":"https:\/\/www.versiegelung24.com\/pt-pt\/#\/schema\/logo\/image\/","url":"https:\/\/www.versiegelung24.com\/wp-content\/uploads\/2020\/04\/versiegelung24.png","contentUrl":"https:\/\/www.versiegelung24.com\/wp-content\/uploads\/2020\/04\/versiegelung24.png","width":470,"height":102,"caption":"versiegelung24"},"image":{"@id":"https:\/\/www.versiegelung24.com\/pt-pt\/#\/schema\/logo\/image\/"}}]},"product_price_amount":"10.99","product_price_currency":"EUR","og_availability":"instock","product_availability":"instock","product_retailer_item_id":"4009-904","product_condition":"new"},"_links":{"self":[{"href":"https:\/\/www.versiegelung24.com\/pt-pt\/wp-json\/wp\/v2\/product\/37393","targetHints":{"allow":["GET"]}}],"collection":[{"href":"https:\/\/www.versiegelung24.com\/pt-pt\/wp-json\/wp\/v2\/product"}],"about":[{"href":"https:\/\/www.versiegelung24.com\/pt-pt\/wp-json\/wp\/v2\/types\/product"}],"version-history":[{"count":81,"href":"https:\/\/www.versiegelung24.com\/pt-pt\/wp-json\/wp\/v2\/product\/37393\/revisions"}],"predecessor-version":[{"id":178256,"href":"https:\/\/www.versiegelung24.com\/pt-pt\/wp-json\/wp\/v2\/product\/37393\/revisions\/178256"}],"wp:featuredmedia":[{"embeddable":true,"href":"https:\/\/www.versiegelung24.com\/pt-pt\/wp-json\/wp\/v2\/media\/63248"}],"wp:attachment":[{"href":"https:\/\/www.versiegelung24.com\/pt-pt\/wp-json\/wp\/v2\/media?parent=37393"}],"wp:term":[{"taxonomy":"product_brand","embeddable":true,"href":"https:\/\/www.versiegelung24.com\/pt-pt\/wp-json\/wp\/v2\/product_brand?post=37393"},{"taxonomy":"product_cat","embeddable":true,"href":"https:\/\/www.versiegelung24.com\/pt-pt\/wp-json\/wp\/v2\/product_cat?post=37393"},{"taxonomy":"product_tag","embeddable":true,"href":"https:\/\/www.versiegelung24.com\/pt-pt\/wp-json\/wp\/v2\/product_tag?post=37393"}],"curies":[{"name":"wp","href":"https:\/\/api.w.org\/{rel}","templated":true}]}}