{"id":46468,"date":"2022-01-04T18:16:33","date_gmt":"2022-01-04T17:16:33","guid":{"rendered":"https:\/\/www.versiegelung24.com\/?post_type=product&#038;p=46468"},"modified":"2026-04-30T14:16:06","modified_gmt":"2026-04-30T12:16:06","slug":"frasco-de-recarga-para-desinfecao-de-calcado-pedexan","status":"publish","type":"product","link":"https:\/\/www.versiegelung24.com\/pt-pt\/frasco-de-recarga-de-desinfecao-de-sapato-pedexan.html","title":{"rendered":"Pedexan desinfetante para cal\u00e7ado com efeito duradouro, garrafa de recarga de 1 litro"},"content":{"rendered":"\n<h2 class=\"wp-block-heading\" id=\"pedexan-schuhdesinfektion-alaska-frische-fur-die-schuhe\">Desinfe\u00e7\u00e3o do sapato pedexano &#8211; Frescura do Alasca para sapatos<\/h2>\n\n<p><strong>Pr\u00e1tico frasco de recarga de 1 litro para o <a href=\"https:\/\/www.versiegelung24.com\/pt-pt\/pedexan-sapato-desinfetante-dispensador-pedspend.html\">dispensador de desinfetante para cal\u00e7ado Pedexan PedSpend com lan\u00e7a pul<\/a> verizadora ou para o <a href=\"https:\/\/www.versiegelung24.com\/pt-pt\/desinfecao-do-sapato-pedexano.html\">frasco de 125 ml com bomba pulverizadora Pedexan<\/a>.<\/strong><\/p>\n\n<p>Se sapatos de trabalho ou sapatos de lazer s\u00e3o fortemente usados por muito tempo, um ambiente ideal para a multiplica\u00e7\u00e3o de bact\u00e9rias &amp; fungos muitas vezes forma e odores desagrad\u00e1veis surgem.<\/p>\n\n<p>Mesmo com meias frescas e ventila\u00e7\u00e3o dos sapatos, o fedor desagrad\u00e1vel permanece e pode at\u00e9 causar infe\u00e7\u00f5es desagrad\u00e1veis nos p\u00e9s.<\/p>\n\n<p>A solu\u00e7\u00e3o para este caso \u00e9 a desinfe\u00e7\u00e3o de sapatos <strong>Pedexan<\/strong>. As bact\u00e9rias e os fungos s\u00e3o eficazmente eliminados e a forma\u00e7\u00e3o de novos \u00e9 impedida pelo efeito a longo prazo.<\/p>\n\n<p>Pedexan fornece a sua nota de fragr\u00e2ncia do Alasca para uma frescura agrad\u00e1vel e \u00e9 mesmo biocompat\u00edvel.<\/p>\n\n<hr \/>\n\n<h4 class=\"wp-block-heading\" id=\"application\">Aplica\u00e7\u00e3o<\/h4>\n\n<p>A aplica\u00e7\u00e3o \u00e9 muito simples:<\/p>\n\n<p><br \/><br \/>&#8211; Pulveriza o interior do cal\u00e7ado ao ar livre &#8211; Recomendamos 5 a 10 pulveriza\u00e7\u00f5es para a primeira aplica\u00e7\u00e3o &#8211; O desinfetante para cal\u00e7ado Pedexan deve ser utilizado 1-2 vezes por semana ou conforme necess\u00e1rio.<\/p>\n\n<hr \/>\n\n<h4 class=\"wp-block-heading\" id=\"advisor\">Conselheiro<\/h4>\n\n<p><strong>Aviso de seguran\u00e7a:<\/strong><\/p>\n\n<p>N\u00e3o se esque\u00e7a de prestar aten\u00e7\u00e3o! Assegurar uma ventila\u00e7\u00e3o adequada durante o tratamento. L\u00edquido e vapor facilmente inflam\u00e1veis. Causa irrita\u00e7\u00e3o ocular grave. Mantenha-se afastado do calor, das superf\u00edcies quentes, das fa\u00edscas, das chamas abertas e de outras fontes de igni\u00e7\u00e3o. N\u00e3o fume. Guarde num local fresco num local bem ventilado. Se for necess\u00e1rio aconselhamento m\u00e9dico, ter a embalagem ou o r\u00f3tulo \u00e0 m\u00e3o. Manter fora do alcance das crian\u00e7as.<\/p>\n\n<p>Pode ser usado para todas as superf\u00edcies interiores do sapato. Em caso de d\u00favida, teste Pedexan num lugar invis\u00edvel.<\/p>\n\n<p>Armazenamento apenas no recipiente fechado. S\u00f3 quando completamente esvaziado \u00e9 que o recipiente pode ser reciclado. N\u00e3o utilizar ap\u00f3s o prazo de validade.<\/p>\n\n<p>Bioc\u00eddio Reg.-No.:N-25889<\/p>\n\n<p>Importante: Utilize cuidadosamente os produtos biocidas. Leia sempre as informa\u00e7\u00f5es do r\u00f3tulo e do produto antes da utiliza\u00e7\u00e3o.<\/p>\n\n<hr \/>\n","protected":false},"excerpt":{"rendered":"<p>Desinfe\u00e7\u00e3o do sapato pedexano &#8211; Frescura do Alasca para sapatos Pr\u00e1tico frasco de recarga de 1 litro para o dispensador de desinfetante para cal\u00e7ado Pedexan PedSpend com lan\u00e7a pul verizadora ou para o frasco de 125 ml com bomba pulverizadora Pedexan. Se sapatos de trabalho ou sapatos de lazer s\u00e3o fortemente usados por muito tempo,&hellip;&nbsp;<a href=\"https:\/\/www.versiegelung24.com\/pt-pt\/frasco-de-recarga-de-desinfecao-de-sapato-pedexan.html\" rel=\"bookmark\">Read More &raquo;<span class=\"screen-reader-text\">Pedexan desinfetante para cal\u00e7ado com efeito duradouro, garrafa de recarga de 1 litro<\/span><\/a><\/p>\n","protected":false},"featured_media":21935,"template":"","meta":{"_acf_changed":false,"neve_meta_sidebar":"","neve_meta_container":"","neve_meta_enable_content_width":"","neve_meta_content_width":0,"neve_meta_title_alignment":"","neve_meta_author_avatar":"","neve_post_elements_order":"","neve_meta_disable_header":"","neve_meta_disable_footer":"","neve_meta_disable_title":"","neve_meta_reading_time":"","_surfaces":[],"_ver_product_tabs":[],"footnotes":""},"product_brand":[],"product_cat":[2274,2882],"product_tag":[],"class_list":{"0":"post-46468","1":"product","2":"type-product","3":"status-publish","4":"has-post-thumbnail","6":"product_cat-desinfetante","7":"product_cat-desinfetante-de-sapatos","9":"first","10":"instock","11":"taxable","12":"shipping-taxable","13":"purchasable","14":"product-type-simple"},"acf":[],"yoast_head":"<!-- This site is optimized with the Yoast SEO Premium plugin v22.8 (Yoast SEO v27.5) - https:\/\/yoast.com\/product\/yoast-seo-premium-wordpress\/ -->\n<title>Pedexan desinfetante para cal\u00e7ado com efeito duradouro, garrafa de recarga de 1 litro - versiegelung24.com<\/title>\n<meta name=\"description\" content=\"Pedexan desinfe\u00e7\u00e3o de cal\u00e7ado - A solu\u00e7\u00e3o contra odores desagrad\u00e1veis e bact\u00e9rias e fungos.\" \/>\n<meta name=\"robots\" content=\"index, follow, max-snippet:-1, max-image-preview:large, max-video-preview:-1\" \/>\n<link rel=\"canonical\" href=\"https:\/\/www.versiegelung24.com\/pt-pt\/frasco-de-recarga-de-desinfecao-de-sapato-pedexan.html\" \/>\n<meta property=\"og:locale\" content=\"pt_PT\" \/>\n<meta property=\"og:type\" content=\"article\" \/>\n<meta property=\"og:title\" content=\"Pedexan desinfetante para cal\u00e7ado com efeito duradouro, garrafa de recarga de 1 litro\" \/>\n<meta property=\"og:description\" content=\"Pedexan desinfe\u00e7\u00e3o de cal\u00e7ado - A solu\u00e7\u00e3o contra odores desagrad\u00e1veis e bact\u00e9rias e fungos.\" \/>\n<meta property=\"og:url\" content=\"https:\/\/www.versiegelung24.com\/pt-pt\/frasco-de-recarga-de-desinfecao-de-sapato-pedexan.html\" \/>\n<meta property=\"og:site_name\" content=\"versiegelung24.com\" \/>\n<meta property=\"article:modified_time\" content=\"2026-04-30T12:16:06+00:00\" \/>\n<meta property=\"og:image\" content=\"https:\/\/www.versiegelung24.com\/wp-content\/uploads\/2021\/03\/pedexan-schuhdesinfektion-1-liter.png\" \/>\n\t<meta property=\"og:image:width\" content=\"2000\" \/>\n\t<meta property=\"og:image:height\" content=\"2000\" \/>\n\t<meta property=\"og:image:type\" content=\"image\/png\" \/>\n<meta name=\"twitter:card\" content=\"summary_large_image\" \/>\n<meta name=\"twitter:label1\" content=\"pre\u00e7o\" \/>\n\t<meta name=\"twitter:data1\" content=\"42,49&euro;\" \/>\n\t<meta name=\"twitter:label2\" content=\"Disponibilidade\" \/>\n\t<meta name=\"twitter:data2\" content=\"Em stock\" \/>\n<script type=\"application\/ld+json\" class=\"yoast-schema-graph\">{\"@context\":\"https:\\\/\\\/schema.org\",\"@graph\":[{\"@type\":\"WebPage\",\"@id\":\"https:\\\/\\\/www.versiegelung24.com\\\/pt-pt\\\/frasco-de-recarga-de-desinfecao-de-sapato-pedexan.html\",\"url\":\"https:\\\/\\\/www.versiegelung24.com\\\/pt-pt\\\/frasco-de-recarga-de-desinfecao-de-sapato-pedexan.html\",\"name\":\"Pedexan desinfetante para cal\u00e7ado com efeito duradouro, garrafa de recarga de 1 litro - versiegelung24.com\",\"isPartOf\":{\"@id\":\"https:\\\/\\\/www.versiegelung24.com\\\/pt-pt\\\/#website\"},\"primaryImageOfPage\":{\"@id\":\"https:\\\/\\\/www.versiegelung24.com\\\/pt-pt\\\/frasco-de-recarga-de-desinfecao-de-sapato-pedexan.html#primaryimage\"},\"image\":{\"@id\":\"https:\\\/\\\/www.versiegelung24.com\\\/pt-pt\\\/frasco-de-recarga-de-desinfecao-de-sapato-pedexan.html#primaryimage\"},\"thumbnailUrl\":\"https:\\\/\\\/www.versiegelung24.com\\\/wp-content\\\/uploads\\\/2021\\\/03\\\/pedexan-schuhdesinfektion-1-liter.png\",\"datePublished\":\"2022-01-04T17:16:33+00:00\",\"dateModified\":\"2026-04-30T12:16:06+00:00\",\"description\":\"Pedexan desinfe\u00e7\u00e3o de cal\u00e7ado - A solu\u00e7\u00e3o contra odores desagrad\u00e1veis e bact\u00e9rias e fungos.\",\"breadcrumb\":{\"@id\":\"https:\\\/\\\/www.versiegelung24.com\\\/pt-pt\\\/frasco-de-recarga-de-desinfecao-de-sapato-pedexan.html#breadcrumb\"},\"inLanguage\":\"pt-PT\",\"potentialAction\":[{\"@type\":\"ReadAction\",\"target\":[\"https:\\\/\\\/www.versiegelung24.com\\\/pt-pt\\\/frasco-de-recarga-de-desinfecao-de-sapato-pedexan.html\"]}]},{\"@type\":\"ImageObject\",\"inLanguage\":\"pt-PT\",\"@id\":\"https:\\\/\\\/www.versiegelung24.com\\\/pt-pt\\\/frasco-de-recarga-de-desinfecao-de-sapato-pedexan.html#primaryimage\",\"url\":\"https:\\\/\\\/www.versiegelung24.com\\\/wp-content\\\/uploads\\\/2021\\\/03\\\/pedexan-schuhdesinfektion-1-liter.png\",\"contentUrl\":\"https:\\\/\\\/www.versiegelung24.com\\\/wp-content\\\/uploads\\\/2021\\\/03\\\/pedexan-schuhdesinfektion-1-liter.png\",\"width\":2000,\"height\":2000},{\"@type\":\"BreadcrumbList\",\"@id\":\"https:\\\/\\\/www.versiegelung24.com\\\/pt-pt\\\/frasco-de-recarga-de-desinfecao-de-sapato-pedexan.html#breadcrumb\",\"itemListElement\":[{\"@type\":\"ListItem\",\"position\":1,\"name\":\"P\u00e1gina inicial\",\"item\":\"https:\\\/\\\/www.versiegelung24.com\\\/pt-pt\\\/frente\\\/\"},{\"@type\":\"ListItem\",\"position\":2,\"name\":\"Loja\",\"item\":\"https:\\\/\\\/www.versiegelung24.com\\\/pt-pt\\\/loja\\\/\"},{\"@type\":\"ListItem\",\"position\":3,\"name\":\"Pedexan desinfetante para cal\u00e7ado com efeito duradouro, garrafa de recarga de 1 litro\"}]},{\"@type\":\"WebSite\",\"@id\":\"https:\\\/\\\/www.versiegelung24.com\\\/pt-pt\\\/#website\",\"url\":\"https:\\\/\\\/www.versiegelung24.com\\\/pt-pt\\\/\",\"name\":\"versiegelung24.com\",\"description\":\"Fl\u00fcssigglas-Versiegelung - Made in Germany\",\"publisher\":{\"@id\":\"https:\\\/\\\/www.versiegelung24.com\\\/pt-pt\\\/#organization\"},\"potentialAction\":[{\"@type\":\"SearchAction\",\"target\":{\"@type\":\"EntryPoint\",\"urlTemplate\":\"https:\\\/\\\/www.versiegelung24.com\\\/pt-pt\\\/?s={search_term_string}\"},\"query-input\":{\"@type\":\"PropertyValueSpecification\",\"valueRequired\":true,\"valueName\":\"search_term_string\"}}],\"inLanguage\":\"pt-PT\"},{\"@type\":\"Organization\",\"@id\":\"https:\\\/\\\/www.versiegelung24.com\\\/pt-pt\\\/#organization\",\"name\":\"versiegelung24\",\"url\":\"https:\\\/\\\/www.versiegelung24.com\\\/pt-pt\\\/\",\"logo\":{\"@type\":\"ImageObject\",\"inLanguage\":\"pt-PT\",\"@id\":\"https:\\\/\\\/www.versiegelung24.com\\\/pt-pt\\\/#\\\/schema\\\/logo\\\/image\\\/\",\"url\":\"https:\\\/\\\/www.versiegelung24.com\\\/wp-content\\\/uploads\\\/2020\\\/04\\\/versiegelung24.png\",\"contentUrl\":\"https:\\\/\\\/www.versiegelung24.com\\\/wp-content\\\/uploads\\\/2020\\\/04\\\/versiegelung24.png\",\"width\":470,\"height\":102,\"caption\":\"versiegelung24\"},\"image\":{\"@id\":\"https:\\\/\\\/www.versiegelung24.com\\\/pt-pt\\\/#\\\/schema\\\/logo\\\/image\\\/\"}}]}<\/script>\n<meta property=\"product:price:amount\" content=\"42.49\" \/>\n<meta property=\"product:price:currency\" content=\"EUR\" \/>\n<meta property=\"og:availability\" content=\"instock\" \/>\n<meta property=\"product:availability\" content=\"instock\" \/>\n<meta property=\"product:retailer_item_id\" content=\"PED-1A\" \/>\n<meta property=\"product:condition\" content=\"new\" \/>\n<!-- \/ Yoast SEO Premium plugin. -->","yoast_head_json":{"title":"Pedexan desinfetante para cal\u00e7ado com efeito duradouro, garrafa de recarga de 1 litro - versiegelung24.com","description":"Pedexan desinfe\u00e7\u00e3o de cal\u00e7ado - A solu\u00e7\u00e3o contra odores desagrad\u00e1veis e bact\u00e9rias e fungos.","robots":{"index":"index","follow":"follow","max-snippet":"max-snippet:-1","max-image-preview":"max-image-preview:large","max-video-preview":"max-video-preview:-1"},"canonical":"https:\/\/www.versiegelung24.com\/pt-pt\/frasco-de-recarga-de-desinfecao-de-sapato-pedexan.html","og_locale":"pt_PT","og_type":"article","og_title":"Pedexan desinfetante para cal\u00e7ado com efeito duradouro, garrafa de recarga de 1 litro","og_description":"Pedexan desinfe\u00e7\u00e3o de cal\u00e7ado - A solu\u00e7\u00e3o contra odores desagrad\u00e1veis e bact\u00e9rias e fungos.","og_url":"https:\/\/www.versiegelung24.com\/pt-pt\/frasco-de-recarga-de-desinfecao-de-sapato-pedexan.html","og_site_name":"versiegelung24.com","article_modified_time":"2026-04-30T12:16:06+00:00","og_image":[{"width":2000,"height":2000,"url":"https:\/\/www.versiegelung24.com\/wp-content\/uploads\/2021\/03\/pedexan-schuhdesinfektion-1-liter.png","type":"image\/png"}],"twitter_card":"summary_large_image","twitter_misc":{"pre\u00e7o":"42,49&euro;","Disponibilidade":"Em stock"},"schema":{"@context":"https:\/\/schema.org","@graph":[{"@type":"WebPage","@id":"https:\/\/www.versiegelung24.com\/pt-pt\/frasco-de-recarga-de-desinfecao-de-sapato-pedexan.html","url":"https:\/\/www.versiegelung24.com\/pt-pt\/frasco-de-recarga-de-desinfecao-de-sapato-pedexan.html","name":"Pedexan desinfetante para cal\u00e7ado com efeito duradouro, garrafa de recarga de 1 litro - versiegelung24.com","isPartOf":{"@id":"https:\/\/www.versiegelung24.com\/pt-pt\/#website"},"primaryImageOfPage":{"@id":"https:\/\/www.versiegelung24.com\/pt-pt\/frasco-de-recarga-de-desinfecao-de-sapato-pedexan.html#primaryimage"},"image":{"@id":"https:\/\/www.versiegelung24.com\/pt-pt\/frasco-de-recarga-de-desinfecao-de-sapato-pedexan.html#primaryimage"},"thumbnailUrl":"https:\/\/www.versiegelung24.com\/wp-content\/uploads\/2021\/03\/pedexan-schuhdesinfektion-1-liter.png","datePublished":"2022-01-04T17:16:33+00:00","dateModified":"2026-04-30T12:16:06+00:00","description":"Pedexan desinfe\u00e7\u00e3o de cal\u00e7ado - A solu\u00e7\u00e3o contra odores desagrad\u00e1veis e bact\u00e9rias e fungos.","breadcrumb":{"@id":"https:\/\/www.versiegelung24.com\/pt-pt\/frasco-de-recarga-de-desinfecao-de-sapato-pedexan.html#breadcrumb"},"inLanguage":"pt-PT","potentialAction":[{"@type":"ReadAction","target":["https:\/\/www.versiegelung24.com\/pt-pt\/frasco-de-recarga-de-desinfecao-de-sapato-pedexan.html"]}]},{"@type":"ImageObject","inLanguage":"pt-PT","@id":"https:\/\/www.versiegelung24.com\/pt-pt\/frasco-de-recarga-de-desinfecao-de-sapato-pedexan.html#primaryimage","url":"https:\/\/www.versiegelung24.com\/wp-content\/uploads\/2021\/03\/pedexan-schuhdesinfektion-1-liter.png","contentUrl":"https:\/\/www.versiegelung24.com\/wp-content\/uploads\/2021\/03\/pedexan-schuhdesinfektion-1-liter.png","width":2000,"height":2000},{"@type":"BreadcrumbList","@id":"https:\/\/www.versiegelung24.com\/pt-pt\/frasco-de-recarga-de-desinfecao-de-sapato-pedexan.html#breadcrumb","itemListElement":[{"@type":"ListItem","position":1,"name":"P\u00e1gina inicial","item":"https:\/\/www.versiegelung24.com\/pt-pt\/frente\/"},{"@type":"ListItem","position":2,"name":"Loja","item":"https:\/\/www.versiegelung24.com\/pt-pt\/loja\/"},{"@type":"ListItem","position":3,"name":"Pedexan desinfetante para cal\u00e7ado com efeito duradouro, garrafa de recarga de 1 litro"}]},{"@type":"WebSite","@id":"https:\/\/www.versiegelung24.com\/pt-pt\/#website","url":"https:\/\/www.versiegelung24.com\/pt-pt\/","name":"versiegelung24.com","description":"Fl\u00fcssigglas-Versiegelung - Made in Germany","publisher":{"@id":"https:\/\/www.versiegelung24.com\/pt-pt\/#organization"},"potentialAction":[{"@type":"SearchAction","target":{"@type":"EntryPoint","urlTemplate":"https:\/\/www.versiegelung24.com\/pt-pt\/?s={search_term_string}"},"query-input":{"@type":"PropertyValueSpecification","valueRequired":true,"valueName":"search_term_string"}}],"inLanguage":"pt-PT"},{"@type":"Organization","@id":"https:\/\/www.versiegelung24.com\/pt-pt\/#organization","name":"versiegelung24","url":"https:\/\/www.versiegelung24.com\/pt-pt\/","logo":{"@type":"ImageObject","inLanguage":"pt-PT","@id":"https:\/\/www.versiegelung24.com\/pt-pt\/#\/schema\/logo\/image\/","url":"https:\/\/www.versiegelung24.com\/wp-content\/uploads\/2020\/04\/versiegelung24.png","contentUrl":"https:\/\/www.versiegelung24.com\/wp-content\/uploads\/2020\/04\/versiegelung24.png","width":470,"height":102,"caption":"versiegelung24"},"image":{"@id":"https:\/\/www.versiegelung24.com\/pt-pt\/#\/schema\/logo\/image\/"}}]},"product_price_amount":"42.49","product_price_currency":"EUR","og_availability":"instock","product_availability":"instock","product_retailer_item_id":"PED-1A","product_condition":"new"},"_links":{"self":[{"href":"https:\/\/www.versiegelung24.com\/pt-pt\/wp-json\/wp\/v2\/product\/46468","targetHints":{"allow":["GET"]}}],"collection":[{"href":"https:\/\/www.versiegelung24.com\/pt-pt\/wp-json\/wp\/v2\/product"}],"about":[{"href":"https:\/\/www.versiegelung24.com\/pt-pt\/wp-json\/wp\/v2\/types\/product"}],"version-history":[{"count":23,"href":"https:\/\/www.versiegelung24.com\/pt-pt\/wp-json\/wp\/v2\/product\/46468\/revisions"}],"predecessor-version":[{"id":180432,"href":"https:\/\/www.versiegelung24.com\/pt-pt\/wp-json\/wp\/v2\/product\/46468\/revisions\/180432"}],"wp:featuredmedia":[{"embeddable":true,"href":"https:\/\/www.versiegelung24.com\/pt-pt\/wp-json\/wp\/v2\/media\/21935"}],"wp:attachment":[{"href":"https:\/\/www.versiegelung24.com\/pt-pt\/wp-json\/wp\/v2\/media?parent=46468"}],"wp:term":[{"taxonomy":"product_brand","embeddable":true,"href":"https:\/\/www.versiegelung24.com\/pt-pt\/wp-json\/wp\/v2\/product_brand?post=46468"},{"taxonomy":"product_cat","embeddable":true,"href":"https:\/\/www.versiegelung24.com\/pt-pt\/wp-json\/wp\/v2\/product_cat?post=46468"},{"taxonomy":"product_tag","embeddable":true,"href":"https:\/\/www.versiegelung24.com\/pt-pt\/wp-json\/wp\/v2\/product_tag?post=46468"}],"curies":[{"name":"wp","href":"https:\/\/api.w.org\/{rel}","templated":true}]}}