{"id":62256,"date":"2022-02-06T23:03:40","date_gmt":"2022-02-06T22:04:01","guid":{"rendered":"https:\/\/www.versiegelung24.com\/?post_type=product&#038;p=62256"},"modified":"2025-01-05T17:32:27","modified_gmt":"2025-01-05T16:32:27","slug":"komplett-set-premium-solaranlagen-photovoltaik-versiegelung-mit-extremer-haltbarkeit-und-effizienzsteigerung","status":"publish","type":"product","link":"https:\/\/www.versiegelung24.com\/pt-pt\/komplett-set-premium-solaranlagen-photovoltaik-versiegelung-mit-extremer-haltbarkeit-und-effizienzsteigerung.html","title":{"rendered":"Conjunto completo para veda\u00e7\u00e3o de sistemas solares \/ sistemas fotovoltaicos"},"content":{"rendered":"\n<p><strong>Conjunto completo composto por pr\u00e9-limpador biol\u00f3gico, bioetanol para remo\u00e7\u00e3o de gorduras e nano-selante de alto desempenho \u00e0 base de vidro l\u00edquido<\/strong><\/p>\n\n<p><strong>Nano-revestimento altamente eficaz para sistemas solares, com efeito l\u00f3tus (repel\u00eancia \u00e0 \u00e1gua)<\/strong><\/p>\n\n<p>Alta qualidade Fabricado na Alemanha<\/p>\n\n<h4 class=\"wp-block-heading\" id=\"properties\">Propriedades<\/h4>\n\n<div class=\"wp-block-columns is-layout-flex wp-container-core-columns-is-layout-9d6595d7 wp-block-columns-is-layout-flex\">\n<div class=\"wp-block-column is-layout-flow wp-block-column-is-layout-flow\">\n<ul class=\"wp-block-list\">\n<li>Tecnologia futura com uma camada protetora invis\u00edvel, com cerca de 100 nm (nan\u00f3metros) de &#8220;espessura&#8221;<\/li>\n\n\n\n<li>Protege a superf\u00edcie<\/li>\n\n\n\n<li>Resistente ao calor e ao gelo<\/li>\n\n\n\n<li>Resistente \u00e0 \u00e1gua do mar e ao sal (pH \u00e1cido\/alcalino 1,5 a 12,5)<\/li>\n\n\n\n<li>Repelente \u00e0 \u00e1gua e \u00e0 sujidade<\/li>\n\n\n\n<li>R\u00e1pido e f\u00e1cil de utilizar<\/li>\n\n\n\n<li>Pode ser aplicado entre +10\u00b0 e +30\u00b0C<\/li>\n\n\n\n<li>Est\u00e1vel aos raios UV<\/li>\n\n\n\n<li>Efeito &#8220;easy-to-clean&#8221; (as superf\u00edcies s\u00e3o f\u00e1ceis de limpar = poupa tempo e dinheiro e a sujidade \u00e9 parcialmente arrastada pela chuva)<\/li>\n\n\n\n<li>Consumo: cerca de 150 m\u00b2 com um litro<\/li>\n\n\n\n<li>Reduz a pegada ecol\u00f3gica (CO2) da limpeza:\n<ul class=\"wp-block-list\">\n<li>Necessita de menos \u00e1gua<\/li>\n\n\n\n<li>S\u00e3o necess\u00e1rios menos produtos qu\u00edmicos de limpeza<\/li>\n<\/ul>\n<\/li>\n<\/ul>\n<\/div>\n\n\n\n<div class=\"wp-block-column is-layout-flow wp-block-column-is-layout-flow\">\n<p><strong>\u00c2mbito da entrega:<\/strong><\/p>\n\n\n\n<ul class=\"wp-block-list\">\n<li>500 ml de produto de limpeza biol\u00f3gico Biosativa\u00ae concentrado 1:10 para pr\u00e9-limpeza<\/li>\n\n\n\n<li>1.000 ml de \u00e1lcool isopropanol 99,9% para desengordurar<\/li>\n\n\n\n<li>500 ml de vedante l\u00edquido para vidro 7601 (para aprox. 75-100 m\u00b2)<\/li>\n\n\n\n<li>100 panos de secagem 25 x 16 cm para a pr\u00e9-limpeza<\/li>\n\n\n\n<li>10 panos de microfibra de 10 x 10 cm para a aplica\u00e7\u00e3o<\/li>\n\n\n\n<li>5 panos de microfibra 30 x 30 cm para polir<\/li>\n\n\n\n<li>10 luvas de prote\u00e7\u00e3o descart\u00e1veis<\/li>\n<\/ul>\n<\/div>\n<\/div>\n\n<hr\/>\n\n<h4 class=\"wp-block-heading\" id=\"application\">Aplica\u00e7\u00e3o<\/h4>\n\n<p>F\u00e1cil de utilizar<\/p>\n\n<ol class=\"wp-block-list\">\n<li>Limpar muito bem o m\u00f3dulo com Biosativa (quanto melhor for a limpeza pr\u00e9via, maior ser\u00e1 a dura\u00e7\u00e3o do selante)<\/li>\n\n\n\n<li>Limpar novamente com \u00e1lcool antes de selar<\/li>\n\n\n\n<li>Aplicar o vedante com um pano, polir &#8211; pronto.<\/li>\n<\/ol>\n\n<p><\/p>\n","protected":false},"excerpt":{"rendered":"<div class=\"column mcb-column mcb-item-mrk8thufa one column_column column-margin-0px\">\n<div class=\"column_attr clearfix\"><b>Os m\u00f3dulos fotovoltaicos apresentam o seu melhor rendimento em condi\u00e7\u00f5es \u00f3ptimas<\/b><b>. <\/b> <\/div>\n<div class=\"column_attr clearfix\"><b>O nosso vedante especial prolonga o ciclo de limpeza e facilita consideravelmente a limpeza.  <\/b><\/div>\n<div class=\"column_attr clearfix\"><b>Isto conduz a um maior retorno do seu investimento.<\/b><\/div>\n<\/div>\n","protected":false},"featured_media":18510,"template":"","meta":{"_acf_changed":false,"neve_meta_sidebar":"","neve_meta_container":"","neve_meta_enable_content_width":"","neve_meta_content_width":0,"neve_meta_title_alignment":"","neve_meta_author_avatar":"","neve_post_elements_order":"","neve_meta_disable_header":"","neve_meta_disable_footer":"","neve_meta_disable_title":"","neve_meta_reading_time":"","_surfaces":[],"_ver_product_tabs":[],"footnotes":""},"product_brand":[],"product_cat":[2290],"product_tag":[],"class_list":{"0":"post-62256","1":"product","2":"type-product","3":"status-publish","4":"has-post-thumbnail","6":"product_cat-vedacao-para-vidro-ceramica","8":"first","9":"instock","10":"taxable","11":"shipping-taxable","12":"purchasable","13":"product-type-simple"},"acf":[],"yoast_head":"<!-- This site is optimized with the Yoast SEO Premium plugin v22.8 (Yoast SEO v27.5) - https:\/\/yoast.com\/product\/yoast-seo-premium-wordpress\/ -->\n<title>Conjunto completo para veda\u00e7\u00e3o de sistemas solares \/ sistemas fotovoltaicos - versiegelung24.com<\/title>\n<meta name=\"robots\" content=\"index, follow, max-snippet:-1, max-image-preview:large, max-video-preview:-1\" \/>\n<link rel=\"canonical\" href=\"https:\/\/www.versiegelung24.com\/pt-pt\/komplett-set-premium-solaranlagen-photovoltaik-versiegelung-mit-extremer-haltbarkeit-und-effizienzsteigerung.html\" \/>\n<meta property=\"og:locale\" content=\"pt_PT\" \/>\n<meta property=\"og:type\" content=\"article\" \/>\n<meta property=\"og:title\" content=\"Conjunto completo para veda\u00e7\u00e3o de sistemas solares \/ sistemas fotovoltaicos\" \/>\n<meta property=\"og:description\" content=\"Os m\u00f3dulos fotovoltaicos apresentam o seu melhor rendimento em condi\u00e7\u00f5es \u00f3ptimas.  O nosso vedante especial prolonga o ciclo de limpeza e facilita consideravelmente a limpeza.  Isto conduz a um maior retorno do seu investimento.\" \/>\n<meta property=\"og:url\" content=\"https:\/\/www.versiegelung24.com\/pt-pt\/komplett-set-premium-solaranlagen-photovoltaik-versiegelung-mit-extremer-haltbarkeit-und-effizienzsteigerung.html\" \/>\n<meta property=\"og:site_name\" content=\"versiegelung24.com\" \/>\n<meta property=\"article:modified_time\" content=\"2025-01-05T16:32:27+00:00\" \/>\n<meta property=\"og:image\" content=\"https:\/\/www.versiegelung24.com\/wp-content\/uploads\/2020\/06\/produkt-7000-7601-1000-Solarversiegelung-scaled.jpg\" \/>\n\t<meta property=\"og:image:width\" content=\"2560\" \/>\n\t<meta property=\"og:image:height\" content=\"2560\" \/>\n\t<meta property=\"og:image:type\" content=\"image\/jpeg\" \/>\n<meta name=\"twitter:card\" content=\"summary_large_image\" \/>\n<meta name=\"twitter:label1\" content=\"pre\u00e7o\" \/>\n\t<meta name=\"twitter:data1\" content=\"199,00&euro;\" \/>\n\t<meta name=\"twitter:label2\" content=\"Disponibilidade\" \/>\n\t<meta name=\"twitter:data2\" content=\"Em stock\" \/>\n<script type=\"application\/ld+json\" class=\"yoast-schema-graph\">{\"@context\":\"https:\\\/\\\/schema.org\",\"@graph\":[{\"@type\":\"WebPage\",\"@id\":\"https:\\\/\\\/www.versiegelung24.com\\\/pt-pt\\\/komplett-set-premium-solaranlagen-photovoltaik-versiegelung-mit-extremer-haltbarkeit-und-effizienzsteigerung.html\",\"url\":\"https:\\\/\\\/www.versiegelung24.com\\\/pt-pt\\\/komplett-set-premium-solaranlagen-photovoltaik-versiegelung-mit-extremer-haltbarkeit-und-effizienzsteigerung.html\",\"name\":\"Conjunto completo para veda\u00e7\u00e3o de sistemas solares \\\/ sistemas fotovoltaicos - versiegelung24.com\",\"isPartOf\":{\"@id\":\"https:\\\/\\\/www.versiegelung24.com\\\/pt-pt\\\/#website\"},\"primaryImageOfPage\":{\"@id\":\"https:\\\/\\\/www.versiegelung24.com\\\/pt-pt\\\/komplett-set-premium-solaranlagen-photovoltaik-versiegelung-mit-extremer-haltbarkeit-und-effizienzsteigerung.html#primaryimage\"},\"image\":{\"@id\":\"https:\\\/\\\/www.versiegelung24.com\\\/pt-pt\\\/komplett-set-premium-solaranlagen-photovoltaik-versiegelung-mit-extremer-haltbarkeit-und-effizienzsteigerung.html#primaryimage\"},\"thumbnailUrl\":\"https:\\\/\\\/www.versiegelung24.com\\\/wp-content\\\/uploads\\\/2020\\\/06\\\/produkt-7000-7601-1000-Solarversiegelung-scaled.jpg\",\"datePublished\":\"2022-02-06T22:04:01+00:00\",\"dateModified\":\"2025-01-05T16:32:27+00:00\",\"breadcrumb\":{\"@id\":\"https:\\\/\\\/www.versiegelung24.com\\\/pt-pt\\\/komplett-set-premium-solaranlagen-photovoltaik-versiegelung-mit-extremer-haltbarkeit-und-effizienzsteigerung.html#breadcrumb\"},\"inLanguage\":\"pt-PT\",\"potentialAction\":[{\"@type\":\"ReadAction\",\"target\":[\"https:\\\/\\\/www.versiegelung24.com\\\/pt-pt\\\/komplett-set-premium-solaranlagen-photovoltaik-versiegelung-mit-extremer-haltbarkeit-und-effizienzsteigerung.html\"]}]},{\"@type\":\"ImageObject\",\"inLanguage\":\"pt-PT\",\"@id\":\"https:\\\/\\\/www.versiegelung24.com\\\/pt-pt\\\/komplett-set-premium-solaranlagen-photovoltaik-versiegelung-mit-extremer-haltbarkeit-und-effizienzsteigerung.html#primaryimage\",\"url\":\"https:\\\/\\\/www.versiegelung24.com\\\/wp-content\\\/uploads\\\/2020\\\/06\\\/produkt-7000-7601-1000-Solarversiegelung-scaled.jpg\",\"contentUrl\":\"https:\\\/\\\/www.versiegelung24.com\\\/wp-content\\\/uploads\\\/2020\\\/06\\\/produkt-7000-7601-1000-Solarversiegelung-scaled.jpg\",\"width\":2560,\"height\":2560},{\"@type\":\"BreadcrumbList\",\"@id\":\"https:\\\/\\\/www.versiegelung24.com\\\/pt-pt\\\/komplett-set-premium-solaranlagen-photovoltaik-versiegelung-mit-extremer-haltbarkeit-und-effizienzsteigerung.html#breadcrumb\",\"itemListElement\":[{\"@type\":\"ListItem\",\"position\":1,\"name\":\"P\u00e1gina inicial\",\"item\":\"https:\\\/\\\/www.versiegelung24.com\\\/pt-pt\\\/frente\\\/\"},{\"@type\":\"ListItem\",\"position\":2,\"name\":\"Loja\",\"item\":\"https:\\\/\\\/www.versiegelung24.com\\\/pt-pt\\\/loja\\\/\"},{\"@type\":\"ListItem\",\"position\":3,\"name\":\"Conjunto completo para veda\u00e7\u00e3o de sistemas solares \\\/ sistemas fotovoltaicos\"}]},{\"@type\":\"WebSite\",\"@id\":\"https:\\\/\\\/www.versiegelung24.com\\\/pt-pt\\\/#website\",\"url\":\"https:\\\/\\\/www.versiegelung24.com\\\/pt-pt\\\/\",\"name\":\"versiegelung24.com\",\"description\":\"Fl\u00fcssigglas-Versiegelung - Made in Germany\",\"publisher\":{\"@id\":\"https:\\\/\\\/www.versiegelung24.com\\\/pt-pt\\\/#organization\"},\"potentialAction\":[{\"@type\":\"SearchAction\",\"target\":{\"@type\":\"EntryPoint\",\"urlTemplate\":\"https:\\\/\\\/www.versiegelung24.com\\\/pt-pt\\\/?s={search_term_string}\"},\"query-input\":{\"@type\":\"PropertyValueSpecification\",\"valueRequired\":true,\"valueName\":\"search_term_string\"}}],\"inLanguage\":\"pt-PT\"},{\"@type\":\"Organization\",\"@id\":\"https:\\\/\\\/www.versiegelung24.com\\\/pt-pt\\\/#organization\",\"name\":\"versiegelung24\",\"url\":\"https:\\\/\\\/www.versiegelung24.com\\\/pt-pt\\\/\",\"logo\":{\"@type\":\"ImageObject\",\"inLanguage\":\"pt-PT\",\"@id\":\"https:\\\/\\\/www.versiegelung24.com\\\/pt-pt\\\/#\\\/schema\\\/logo\\\/image\\\/\",\"url\":\"https:\\\/\\\/www.versiegelung24.com\\\/wp-content\\\/uploads\\\/2020\\\/04\\\/versiegelung24.png\",\"contentUrl\":\"https:\\\/\\\/www.versiegelung24.com\\\/wp-content\\\/uploads\\\/2020\\\/04\\\/versiegelung24.png\",\"width\":470,\"height\":102,\"caption\":\"versiegelung24\"},\"image\":{\"@id\":\"https:\\\/\\\/www.versiegelung24.com\\\/pt-pt\\\/#\\\/schema\\\/logo\\\/image\\\/\"}}]}<\/script>\n<meta property=\"product:price:amount\" content=\"199.00\" \/>\n<meta property=\"product:price:currency\" content=\"EUR\" \/>\n<meta property=\"og:availability\" content=\"instock\" \/>\n<meta property=\"product:availability\" content=\"instock\" \/>\n<meta property=\"product:retailer_item_id\" content=\"7005-5575-komplettset\" \/>\n<meta property=\"product:condition\" content=\"new\" \/>\n<!-- \/ Yoast SEO Premium plugin. -->","yoast_head_json":{"title":"Conjunto completo para veda\u00e7\u00e3o de sistemas solares \/ sistemas fotovoltaicos - versiegelung24.com","robots":{"index":"index","follow":"follow","max-snippet":"max-snippet:-1","max-image-preview":"max-image-preview:large","max-video-preview":"max-video-preview:-1"},"canonical":"https:\/\/www.versiegelung24.com\/pt-pt\/komplett-set-premium-solaranlagen-photovoltaik-versiegelung-mit-extremer-haltbarkeit-und-effizienzsteigerung.html","og_locale":"pt_PT","og_type":"article","og_title":"Conjunto completo para veda\u00e7\u00e3o de sistemas solares \/ sistemas fotovoltaicos","og_description":"Os m\u00f3dulos fotovoltaicos apresentam o seu melhor rendimento em condi\u00e7\u00f5es \u00f3ptimas.  O nosso vedante especial prolonga o ciclo de limpeza e facilita consideravelmente a limpeza.  Isto conduz a um maior retorno do seu investimento.","og_url":"https:\/\/www.versiegelung24.com\/pt-pt\/komplett-set-premium-solaranlagen-photovoltaik-versiegelung-mit-extremer-haltbarkeit-und-effizienzsteigerung.html","og_site_name":"versiegelung24.com","article_modified_time":"2025-01-05T16:32:27+00:00","og_image":[{"width":2560,"height":2560,"url":"https:\/\/www.versiegelung24.com\/wp-content\/uploads\/2020\/06\/produkt-7000-7601-1000-Solarversiegelung-scaled.jpg","type":"image\/jpeg"}],"twitter_card":"summary_large_image","twitter_misc":{"pre\u00e7o":"199,00&euro;","Disponibilidade":"Em stock"},"schema":{"@context":"https:\/\/schema.org","@graph":[{"@type":"WebPage","@id":"https:\/\/www.versiegelung24.com\/pt-pt\/komplett-set-premium-solaranlagen-photovoltaik-versiegelung-mit-extremer-haltbarkeit-und-effizienzsteigerung.html","url":"https:\/\/www.versiegelung24.com\/pt-pt\/komplett-set-premium-solaranlagen-photovoltaik-versiegelung-mit-extremer-haltbarkeit-und-effizienzsteigerung.html","name":"Conjunto completo para veda\u00e7\u00e3o de sistemas solares \/ sistemas fotovoltaicos - versiegelung24.com","isPartOf":{"@id":"https:\/\/www.versiegelung24.com\/pt-pt\/#website"},"primaryImageOfPage":{"@id":"https:\/\/www.versiegelung24.com\/pt-pt\/komplett-set-premium-solaranlagen-photovoltaik-versiegelung-mit-extremer-haltbarkeit-und-effizienzsteigerung.html#primaryimage"},"image":{"@id":"https:\/\/www.versiegelung24.com\/pt-pt\/komplett-set-premium-solaranlagen-photovoltaik-versiegelung-mit-extremer-haltbarkeit-und-effizienzsteigerung.html#primaryimage"},"thumbnailUrl":"https:\/\/www.versiegelung24.com\/wp-content\/uploads\/2020\/06\/produkt-7000-7601-1000-Solarversiegelung-scaled.jpg","datePublished":"2022-02-06T22:04:01+00:00","dateModified":"2025-01-05T16:32:27+00:00","breadcrumb":{"@id":"https:\/\/www.versiegelung24.com\/pt-pt\/komplett-set-premium-solaranlagen-photovoltaik-versiegelung-mit-extremer-haltbarkeit-und-effizienzsteigerung.html#breadcrumb"},"inLanguage":"pt-PT","potentialAction":[{"@type":"ReadAction","target":["https:\/\/www.versiegelung24.com\/pt-pt\/komplett-set-premium-solaranlagen-photovoltaik-versiegelung-mit-extremer-haltbarkeit-und-effizienzsteigerung.html"]}]},{"@type":"ImageObject","inLanguage":"pt-PT","@id":"https:\/\/www.versiegelung24.com\/pt-pt\/komplett-set-premium-solaranlagen-photovoltaik-versiegelung-mit-extremer-haltbarkeit-und-effizienzsteigerung.html#primaryimage","url":"https:\/\/www.versiegelung24.com\/wp-content\/uploads\/2020\/06\/produkt-7000-7601-1000-Solarversiegelung-scaled.jpg","contentUrl":"https:\/\/www.versiegelung24.com\/wp-content\/uploads\/2020\/06\/produkt-7000-7601-1000-Solarversiegelung-scaled.jpg","width":2560,"height":2560},{"@type":"BreadcrumbList","@id":"https:\/\/www.versiegelung24.com\/pt-pt\/komplett-set-premium-solaranlagen-photovoltaik-versiegelung-mit-extremer-haltbarkeit-und-effizienzsteigerung.html#breadcrumb","itemListElement":[{"@type":"ListItem","position":1,"name":"P\u00e1gina inicial","item":"https:\/\/www.versiegelung24.com\/pt-pt\/frente\/"},{"@type":"ListItem","position":2,"name":"Loja","item":"https:\/\/www.versiegelung24.com\/pt-pt\/loja\/"},{"@type":"ListItem","position":3,"name":"Conjunto completo para veda\u00e7\u00e3o de sistemas solares \/ sistemas fotovoltaicos"}]},{"@type":"WebSite","@id":"https:\/\/www.versiegelung24.com\/pt-pt\/#website","url":"https:\/\/www.versiegelung24.com\/pt-pt\/","name":"versiegelung24.com","description":"Fl\u00fcssigglas-Versiegelung - Made in Germany","publisher":{"@id":"https:\/\/www.versiegelung24.com\/pt-pt\/#organization"},"potentialAction":[{"@type":"SearchAction","target":{"@type":"EntryPoint","urlTemplate":"https:\/\/www.versiegelung24.com\/pt-pt\/?s={search_term_string}"},"query-input":{"@type":"PropertyValueSpecification","valueRequired":true,"valueName":"search_term_string"}}],"inLanguage":"pt-PT"},{"@type":"Organization","@id":"https:\/\/www.versiegelung24.com\/pt-pt\/#organization","name":"versiegelung24","url":"https:\/\/www.versiegelung24.com\/pt-pt\/","logo":{"@type":"ImageObject","inLanguage":"pt-PT","@id":"https:\/\/www.versiegelung24.com\/pt-pt\/#\/schema\/logo\/image\/","url":"https:\/\/www.versiegelung24.com\/wp-content\/uploads\/2020\/04\/versiegelung24.png","contentUrl":"https:\/\/www.versiegelung24.com\/wp-content\/uploads\/2020\/04\/versiegelung24.png","width":470,"height":102,"caption":"versiegelung24"},"image":{"@id":"https:\/\/www.versiegelung24.com\/pt-pt\/#\/schema\/logo\/image\/"}}]},"product_price_amount":"199.00","product_price_currency":"EUR","og_availability":"instock","product_availability":"instock","product_retailer_item_id":"7005-5575-komplettset","product_condition":"new"},"_links":{"self":[{"href":"https:\/\/www.versiegelung24.com\/pt-pt\/wp-json\/wp\/v2\/product\/62256","targetHints":{"allow":["GET"]}}],"collection":[{"href":"https:\/\/www.versiegelung24.com\/pt-pt\/wp-json\/wp\/v2\/product"}],"about":[{"href":"https:\/\/www.versiegelung24.com\/pt-pt\/wp-json\/wp\/v2\/types\/product"}],"version-history":[{"count":14,"href":"https:\/\/www.versiegelung24.com\/pt-pt\/wp-json\/wp\/v2\/product\/62256\/revisions"}],"predecessor-version":[{"id":141231,"href":"https:\/\/www.versiegelung24.com\/pt-pt\/wp-json\/wp\/v2\/product\/62256\/revisions\/141231"}],"wp:featuredmedia":[{"embeddable":true,"href":"https:\/\/www.versiegelung24.com\/pt-pt\/wp-json\/wp\/v2\/media\/18510"}],"wp:attachment":[{"href":"https:\/\/www.versiegelung24.com\/pt-pt\/wp-json\/wp\/v2\/media?parent=62256"}],"wp:term":[{"taxonomy":"product_brand","embeddable":true,"href":"https:\/\/www.versiegelung24.com\/pt-pt\/wp-json\/wp\/v2\/product_brand?post=62256"},{"taxonomy":"product_cat","embeddable":true,"href":"https:\/\/www.versiegelung24.com\/pt-pt\/wp-json\/wp\/v2\/product_cat?post=62256"},{"taxonomy":"product_tag","embeddable":true,"href":"https:\/\/www.versiegelung24.com\/pt-pt\/wp-json\/wp\/v2\/product_tag?post=62256"}],"curies":[{"name":"wp","href":"https:\/\/api.w.org\/{rel}","templated":true}]}}