{"id":64543,"date":"2022-02-10T12:39:20","date_gmt":"2022-02-10T11:39:22","guid":{"rendered":"https:\/\/www.versiegelung24.com\/?post_type=product&#038;p=64543"},"modified":"2025-01-05T15:34:59","modified_gmt":"2025-01-05T14:34:59","slug":"colorus-plastic-paint-tub-plus-15x32cm","status":"publish","type":"product","link":"https:\/\/www.versiegelung24.com\/pt-pt\/rolo-de-espuma-de-laca-colorus-fino-classico-ko15-branco-em-ambos-os-lados-11cm-kopie-2.html","title":{"rendered":"Tabuleiro de pintura em pl\u00e1stico Colorus PLUS 15x32cm"},"content":{"rendered":"\n<h3 class=\"wp-block-heading\" id=\"h-colorus-plus-lackierwannen-bzw-farbwannen-aus-losemittelbestandigem-kunststoff-in-absoluter-spitzenqualitat\">Tabuleiros de tinta Colorus PLUS ou bandejas de tinta feitas de pl\u00e1stico resistente a solventes em absoluta qualidade superior<\/h3>\n\n<h4 class=\"wp-block-heading\" id=\"properties\">Caracter\u00edsticas do produto<\/h4>\n\n<ul class=\"wp-block-list\">\n<li>Bandeja de tinta ou bandeja de tinta em diferentes desenhos (tamanhos)<\/li>\n\n\n\n<li>Os tabuleiros de tinta s\u00e3o feitos de pl\u00e1stico de alta qualidade e sem solventes<\/li>\n\n\n\n<li>Com nariz de bico pr\u00e1tico nos cantos superiores das panelas de tinta para devolver tintas, vernizes e vidros no recipiente de pintura<\/li>\n\n\n\n<li>Tra\u00e7ados de medi\u00e7\u00e3o integrados nas paredes traseiras das banheiras de cor para controlo pr\u00e1tico do consumo e do conte\u00fado <\/li>\n\n\n\n<li>15cm x 32cm para rolos de cor at\u00e9 11cm de comprimento com at\u00e9 300ml de capacidade<\/li>\n<\/ul>\n","protected":false},"excerpt":{"rendered":"<p><strong>Tabuleiros de pintura Colorus PLUS, ou tabuleiros de cor:<\/strong><\/p>\n<p>Fabricado em pl\u00e1stico resistente a solventes e de qualidade superior absoluta<\/p>\n","protected":false},"featured_media":64563,"template":"","meta":{"_acf_changed":false,"neve_meta_sidebar":"","neve_meta_container":"","neve_meta_enable_content_width":"","neve_meta_content_width":0,"neve_meta_title_alignment":"","neve_meta_author_avatar":"","neve_post_elements_order":"","neve_meta_disable_header":"","neve_meta_disable_footer":"","neve_meta_disable_title":"","neve_meta_reading_time":"","_surfaces":[],"_ver_product_tabs":[],"footnotes":""},"product_brand":[],"product_cat":[3082],"product_tag":[],"class_list":{"0":"post-64543","1":"product","2":"type-product","3":"status-publish","4":"has-post-thumbnail","6":"product_cat-acessorios","8":"first","9":"outofstock","10":"taxable","11":"shipping-taxable","12":"purchasable","13":"product-type-simple"},"acf":[],"yoast_head":"<!-- This site is optimized with the Yoast SEO Premium plugin v22.8 (Yoast SEO v27.6) - https:\/\/yoast.com\/product\/yoast-seo-premium-wordpress\/ -->\n<title>Tabuleiro de pintura em pl\u00e1stico Colorus PLUS 15x32cm - versiegelung24.com<\/title>\n<meta name=\"robots\" content=\"index, follow, max-snippet:-1, max-image-preview:large, max-video-preview:-1\" \/>\n<link rel=\"canonical\" href=\"https:\/\/www.versiegelung24.com\/pt-pt\/rolo-de-espuma-de-laca-colorus-fino-classico-ko15-branco-em-ambos-os-lados-11cm-kopie-2.html\" \/>\n<meta property=\"og:locale\" content=\"pt_PT\" \/>\n<meta property=\"og:type\" content=\"article\" \/>\n<meta property=\"og:title\" content=\"Tabuleiro de pintura em pl\u00e1stico Colorus PLUS 15x32cm\" \/>\n<meta property=\"og:description\" content=\"Tabuleiros de pintura Colorus PLUS, ou tabuleiros de cor: Fabricado em pl\u00e1stico resistente a solventes e de qualidade superior absoluta\" \/>\n<meta property=\"og:url\" content=\"https:\/\/www.versiegelung24.com\/pt-pt\/rolo-de-espuma-de-laca-colorus-fino-classico-ko15-branco-em-ambos-os-lados-11cm-kopie-2.html\" \/>\n<meta property=\"og:site_name\" content=\"versiegelung24.com\" \/>\n<meta property=\"article:modified_time\" content=\"2025-01-05T14:34:59+00:00\" \/>\n<meta property=\"og:image\" content=\"https:\/\/www.versiegelung24.com\/wp-content\/uploads\/2022\/02\/produkt-v24-1532-FW-Farbwannen.jpg\" \/>\n\t<meta property=\"og:image:width\" content=\"2000\" \/>\n\t<meta property=\"og:image:height\" content=\"2000\" \/>\n\t<meta property=\"og:image:type\" content=\"image\/jpeg\" \/>\n<meta name=\"twitter:card\" content=\"summary_large_image\" \/>\n<meta name=\"twitter:label1\" content=\"pre\u00e7o\" \/>\n\t<meta name=\"twitter:data1\" content=\"1,79&euro;\" \/>\n\t<meta name=\"twitter:label2\" content=\"Disponibilidade\" \/>\n\t<meta name=\"twitter:data2\" content=\"Esgotado\" \/>\n<script type=\"application\/ld+json\" class=\"yoast-schema-graph\">{\"@context\":\"https:\\\/\\\/schema.org\",\"@graph\":[{\"@type\":\"WebPage\",\"@id\":\"https:\\\/\\\/www.versiegelung24.com\\\/pt-pt\\\/rolo-de-espuma-de-laca-colorus-fino-classico-ko15-branco-em-ambos-os-lados-11cm-kopie-2.html\",\"url\":\"https:\\\/\\\/www.versiegelung24.com\\\/pt-pt\\\/rolo-de-espuma-de-laca-colorus-fino-classico-ko15-branco-em-ambos-os-lados-11cm-kopie-2.html\",\"name\":\"Tabuleiro de pintura em pl\u00e1stico Colorus PLUS 15x32cm - versiegelung24.com\",\"isPartOf\":{\"@id\":\"https:\\\/\\\/www.versiegelung24.com\\\/pt-pt\\\/#website\"},\"primaryImageOfPage\":{\"@id\":\"https:\\\/\\\/www.versiegelung24.com\\\/pt-pt\\\/rolo-de-espuma-de-laca-colorus-fino-classico-ko15-branco-em-ambos-os-lados-11cm-kopie-2.html#primaryimage\"},\"image\":{\"@id\":\"https:\\\/\\\/www.versiegelung24.com\\\/pt-pt\\\/rolo-de-espuma-de-laca-colorus-fino-classico-ko15-branco-em-ambos-os-lados-11cm-kopie-2.html#primaryimage\"},\"thumbnailUrl\":\"https:\\\/\\\/www.versiegelung24.com\\\/wp-content\\\/uploads\\\/2022\\\/02\\\/produkt-v24-1532-FW-Farbwannen.jpg\",\"datePublished\":\"2022-02-10T11:39:22+00:00\",\"dateModified\":\"2025-01-05T14:34:59+00:00\",\"breadcrumb\":{\"@id\":\"https:\\\/\\\/www.versiegelung24.com\\\/pt-pt\\\/rolo-de-espuma-de-laca-colorus-fino-classico-ko15-branco-em-ambos-os-lados-11cm-kopie-2.html#breadcrumb\"},\"inLanguage\":\"pt-PT\",\"potentialAction\":[{\"@type\":\"ReadAction\",\"target\":[\"https:\\\/\\\/www.versiegelung24.com\\\/pt-pt\\\/rolo-de-espuma-de-laca-colorus-fino-classico-ko15-branco-em-ambos-os-lados-11cm-kopie-2.html\"]}]},{\"@type\":\"ImageObject\",\"inLanguage\":\"pt-PT\",\"@id\":\"https:\\\/\\\/www.versiegelung24.com\\\/pt-pt\\\/rolo-de-espuma-de-laca-colorus-fino-classico-ko15-branco-em-ambos-os-lados-11cm-kopie-2.html#primaryimage\",\"url\":\"https:\\\/\\\/www.versiegelung24.com\\\/wp-content\\\/uploads\\\/2022\\\/02\\\/produkt-v24-1532-FW-Farbwannen.jpg\",\"contentUrl\":\"https:\\\/\\\/www.versiegelung24.com\\\/wp-content\\\/uploads\\\/2022\\\/02\\\/produkt-v24-1532-FW-Farbwannen.jpg\",\"width\":2000,\"height\":2000},{\"@type\":\"BreadcrumbList\",\"@id\":\"https:\\\/\\\/www.versiegelung24.com\\\/pt-pt\\\/rolo-de-espuma-de-laca-colorus-fino-classico-ko15-branco-em-ambos-os-lados-11cm-kopie-2.html#breadcrumb\",\"itemListElement\":[{\"@type\":\"ListItem\",\"position\":1,\"name\":\"P\u00e1gina inicial\",\"item\":\"https:\\\/\\\/www.versiegelung24.com\\\/pt-pt\\\/frente\\\/\"},{\"@type\":\"ListItem\",\"position\":2,\"name\":\"Loja\",\"item\":\"https:\\\/\\\/www.versiegelung24.com\\\/pt-pt\\\/loja\\\/\"},{\"@type\":\"ListItem\",\"position\":3,\"name\":\"Tabuleiro de pintura em pl\u00e1stico Colorus PLUS 15x32cm\"}]},{\"@type\":\"WebSite\",\"@id\":\"https:\\\/\\\/www.versiegelung24.com\\\/pt-pt\\\/#website\",\"url\":\"https:\\\/\\\/www.versiegelung24.com\\\/pt-pt\\\/\",\"name\":\"versiegelung24.com\",\"description\":\"Fl\u00fcssigglas-Versiegelung - Made in Germany\",\"publisher\":{\"@id\":\"https:\\\/\\\/www.versiegelung24.com\\\/pt-pt\\\/#organization\"},\"potentialAction\":[{\"@type\":\"SearchAction\",\"target\":{\"@type\":\"EntryPoint\",\"urlTemplate\":\"https:\\\/\\\/www.versiegelung24.com\\\/pt-pt\\\/?s={search_term_string}\"},\"query-input\":{\"@type\":\"PropertyValueSpecification\",\"valueRequired\":true,\"valueName\":\"search_term_string\"}}],\"inLanguage\":\"pt-PT\"},{\"@type\":\"Organization\",\"@id\":\"https:\\\/\\\/www.versiegelung24.com\\\/pt-pt\\\/#organization\",\"name\":\"versiegelung24\",\"url\":\"https:\\\/\\\/www.versiegelung24.com\\\/pt-pt\\\/\",\"logo\":{\"@type\":\"ImageObject\",\"inLanguage\":\"pt-PT\",\"@id\":\"https:\\\/\\\/www.versiegelung24.com\\\/pt-pt\\\/#\\\/schema\\\/logo\\\/image\\\/\",\"url\":\"https:\\\/\\\/www.versiegelung24.com\\\/wp-content\\\/uploads\\\/2020\\\/04\\\/versiegelung24.png\",\"contentUrl\":\"https:\\\/\\\/www.versiegelung24.com\\\/wp-content\\\/uploads\\\/2020\\\/04\\\/versiegelung24.png\",\"width\":470,\"height\":102,\"caption\":\"versiegelung24\"},\"image\":{\"@id\":\"https:\\\/\\\/www.versiegelung24.com\\\/pt-pt\\\/#\\\/schema\\\/logo\\\/image\\\/\"}}]}<\/script>\n<meta property=\"product:price:amount\" content=\"1.79\" \/>\n<meta property=\"product:price:currency\" content=\"EUR\" \/>\n<meta property=\"og:availability\" content=\"out of stock\" \/>\n<meta property=\"product:availability\" content=\"out of stock\" \/>\n<meta property=\"product:retailer_item_id\" content=\"V24-1532-FW\" \/>\n<meta property=\"product:condition\" content=\"new\" \/>\n<!-- \/ Yoast SEO Premium plugin. -->","yoast_head_json":{"title":"Tabuleiro de pintura em pl\u00e1stico Colorus PLUS 15x32cm - versiegelung24.com","robots":{"index":"index","follow":"follow","max-snippet":"max-snippet:-1","max-image-preview":"max-image-preview:large","max-video-preview":"max-video-preview:-1"},"canonical":"https:\/\/www.versiegelung24.com\/pt-pt\/rolo-de-espuma-de-laca-colorus-fino-classico-ko15-branco-em-ambos-os-lados-11cm-kopie-2.html","og_locale":"pt_PT","og_type":"article","og_title":"Tabuleiro de pintura em pl\u00e1stico Colorus PLUS 15x32cm","og_description":"Tabuleiros de pintura Colorus PLUS, ou tabuleiros de cor: Fabricado em pl\u00e1stico resistente a solventes e de qualidade superior absoluta","og_url":"https:\/\/www.versiegelung24.com\/pt-pt\/rolo-de-espuma-de-laca-colorus-fino-classico-ko15-branco-em-ambos-os-lados-11cm-kopie-2.html","og_site_name":"versiegelung24.com","article_modified_time":"2025-01-05T14:34:59+00:00","og_image":[{"width":2000,"height":2000,"url":"https:\/\/www.versiegelung24.com\/wp-content\/uploads\/2022\/02\/produkt-v24-1532-FW-Farbwannen.jpg","type":"image\/jpeg"}],"twitter_card":"summary_large_image","twitter_misc":{"pre\u00e7o":"1,79&euro;","Disponibilidade":"Esgotado"},"schema":{"@context":"https:\/\/schema.org","@graph":[{"@type":"WebPage","@id":"https:\/\/www.versiegelung24.com\/pt-pt\/rolo-de-espuma-de-laca-colorus-fino-classico-ko15-branco-em-ambos-os-lados-11cm-kopie-2.html","url":"https:\/\/www.versiegelung24.com\/pt-pt\/rolo-de-espuma-de-laca-colorus-fino-classico-ko15-branco-em-ambos-os-lados-11cm-kopie-2.html","name":"Tabuleiro de pintura em pl\u00e1stico Colorus PLUS 15x32cm - versiegelung24.com","isPartOf":{"@id":"https:\/\/www.versiegelung24.com\/pt-pt\/#website"},"primaryImageOfPage":{"@id":"https:\/\/www.versiegelung24.com\/pt-pt\/rolo-de-espuma-de-laca-colorus-fino-classico-ko15-branco-em-ambos-os-lados-11cm-kopie-2.html#primaryimage"},"image":{"@id":"https:\/\/www.versiegelung24.com\/pt-pt\/rolo-de-espuma-de-laca-colorus-fino-classico-ko15-branco-em-ambos-os-lados-11cm-kopie-2.html#primaryimage"},"thumbnailUrl":"https:\/\/www.versiegelung24.com\/wp-content\/uploads\/2022\/02\/produkt-v24-1532-FW-Farbwannen.jpg","datePublished":"2022-02-10T11:39:22+00:00","dateModified":"2025-01-05T14:34:59+00:00","breadcrumb":{"@id":"https:\/\/www.versiegelung24.com\/pt-pt\/rolo-de-espuma-de-laca-colorus-fino-classico-ko15-branco-em-ambos-os-lados-11cm-kopie-2.html#breadcrumb"},"inLanguage":"pt-PT","potentialAction":[{"@type":"ReadAction","target":["https:\/\/www.versiegelung24.com\/pt-pt\/rolo-de-espuma-de-laca-colorus-fino-classico-ko15-branco-em-ambos-os-lados-11cm-kopie-2.html"]}]},{"@type":"ImageObject","inLanguage":"pt-PT","@id":"https:\/\/www.versiegelung24.com\/pt-pt\/rolo-de-espuma-de-laca-colorus-fino-classico-ko15-branco-em-ambos-os-lados-11cm-kopie-2.html#primaryimage","url":"https:\/\/www.versiegelung24.com\/wp-content\/uploads\/2022\/02\/produkt-v24-1532-FW-Farbwannen.jpg","contentUrl":"https:\/\/www.versiegelung24.com\/wp-content\/uploads\/2022\/02\/produkt-v24-1532-FW-Farbwannen.jpg","width":2000,"height":2000},{"@type":"BreadcrumbList","@id":"https:\/\/www.versiegelung24.com\/pt-pt\/rolo-de-espuma-de-laca-colorus-fino-classico-ko15-branco-em-ambos-os-lados-11cm-kopie-2.html#breadcrumb","itemListElement":[{"@type":"ListItem","position":1,"name":"P\u00e1gina inicial","item":"https:\/\/www.versiegelung24.com\/pt-pt\/frente\/"},{"@type":"ListItem","position":2,"name":"Loja","item":"https:\/\/www.versiegelung24.com\/pt-pt\/loja\/"},{"@type":"ListItem","position":3,"name":"Tabuleiro de pintura em pl\u00e1stico Colorus PLUS 15x32cm"}]},{"@type":"WebSite","@id":"https:\/\/www.versiegelung24.com\/pt-pt\/#website","url":"https:\/\/www.versiegelung24.com\/pt-pt\/","name":"versiegelung24.com","description":"Fl\u00fcssigglas-Versiegelung - Made in Germany","publisher":{"@id":"https:\/\/www.versiegelung24.com\/pt-pt\/#organization"},"potentialAction":[{"@type":"SearchAction","target":{"@type":"EntryPoint","urlTemplate":"https:\/\/www.versiegelung24.com\/pt-pt\/?s={search_term_string}"},"query-input":{"@type":"PropertyValueSpecification","valueRequired":true,"valueName":"search_term_string"}}],"inLanguage":"pt-PT"},{"@type":"Organization","@id":"https:\/\/www.versiegelung24.com\/pt-pt\/#organization","name":"versiegelung24","url":"https:\/\/www.versiegelung24.com\/pt-pt\/","logo":{"@type":"ImageObject","inLanguage":"pt-PT","@id":"https:\/\/www.versiegelung24.com\/pt-pt\/#\/schema\/logo\/image\/","url":"https:\/\/www.versiegelung24.com\/wp-content\/uploads\/2020\/04\/versiegelung24.png","contentUrl":"https:\/\/www.versiegelung24.com\/wp-content\/uploads\/2020\/04\/versiegelung24.png","width":470,"height":102,"caption":"versiegelung24"},"image":{"@id":"https:\/\/www.versiegelung24.com\/pt-pt\/#\/schema\/logo\/image\/"}}]},"product_price_amount":"1.79","product_price_currency":"EUR","og_availability":"out of stock","product_availability":"out of stock","product_retailer_item_id":"V24-1532-FW","product_condition":"new"},"_links":{"self":[{"href":"https:\/\/www.versiegelung24.com\/pt-pt\/wp-json\/wp\/v2\/product\/64543","targetHints":{"allow":["GET"]}}],"collection":[{"href":"https:\/\/www.versiegelung24.com\/pt-pt\/wp-json\/wp\/v2\/product"}],"about":[{"href":"https:\/\/www.versiegelung24.com\/pt-pt\/wp-json\/wp\/v2\/types\/product"}],"version-history":[{"count":10,"href":"https:\/\/www.versiegelung24.com\/pt-pt\/wp-json\/wp\/v2\/product\/64543\/revisions"}],"predecessor-version":[{"id":141467,"href":"https:\/\/www.versiegelung24.com\/pt-pt\/wp-json\/wp\/v2\/product\/64543\/revisions\/141467"}],"wp:featuredmedia":[{"embeddable":true,"href":"https:\/\/www.versiegelung24.com\/pt-pt\/wp-json\/wp\/v2\/media\/64563"}],"wp:attachment":[{"href":"https:\/\/www.versiegelung24.com\/pt-pt\/wp-json\/wp\/v2\/media?parent=64543"}],"wp:term":[{"taxonomy":"product_brand","embeddable":true,"href":"https:\/\/www.versiegelung24.com\/pt-pt\/wp-json\/wp\/v2\/product_brand?post=64543"},{"taxonomy":"product_cat","embeddable":true,"href":"https:\/\/www.versiegelung24.com\/pt-pt\/wp-json\/wp\/v2\/product_cat?post=64543"},{"taxonomy":"product_tag","embeddable":true,"href":"https:\/\/www.versiegelung24.com\/pt-pt\/wp-json\/wp\/v2\/product_tag?post=64543"}],"curies":[{"name":"wp","href":"https:\/\/api.w.org\/{rel}","templated":true}]}}