{"id":82338,"date":"2022-02-23T12:42:58","date_gmt":"2022-02-23T11:42:58","guid":{"rendered":"https:\/\/www.versiegelung24.com\/produkt\/nitrilo-de-luvas-de-trabalho-com-amarelo-cintura-de-malha\/"},"modified":"2025-12-19T14:35:46","modified_gmt":"2025-12-19T13:35:46","slug":"luvas-de-trabalho-de-nitrilo-com-banda-tricotada-amarela","status":"publish","type":"product","link":"https:\/\/www.versiegelung24.com\/pt-pt\/nitrilo-de-luvas-de-trabalho-com-amarelo-cintura-de-malha.html","title":{"rendered":"Luvas de trabalho em nitrilo com punho tricotado amarelo"},"content":{"rendered":"\n<h4 class=\"wp-block-heading\" id=\"h-beschreibung\">Descri\u00e7\u00e3o da<\/h4>\n\n<p>Luvas de nitrilo universais para ambiente seco ou h\u00famido. Adequado para trabalhos com riscos m\u00e9dios e elevadas exig\u00eancias em mat\u00e9ria de abras\u00e3o (artesanato, constru\u00e7\u00e3o, constru\u00e7\u00e3o de feiras comerciais, ind\u00fastria autom\u00f3vel, ind\u00fastria de engenharia mec\u00e2nica, ind\u00fastria sider\u00fargica, ind\u00fastria do vidro, ind\u00fastria alimentar, agricultura, etc.) EN 420 Categoria II, EN 388<\/p>\n\n<hr \/>\n\n<h4 class=\"wp-block-heading\" id=\"properties\">Caracter\u00edsticas do produto<\/h4>\n\n<div class=\"wp-block-columns is-layout-flex wp-container-core-columns-is-layout-9d6595d7 wp-block-columns-is-layout-flex\">\n<div class=\"wp-block-column is-layout-flow wp-block-column-is-layout-flow\">\n<p>Revestido com nitrilo amarelo<\/p>\n\n\n\n<p>Costas da m\u00e3o respir\u00e1veis<\/p>\n\n\n\n<p>Extremamente confort\u00e1vel devido ao ajuste perfeito<\/p>\n\n\n\n<p>\u2713 EN 420 Categoria II, EN 388<\/p>\n\n\n\n<p>Resist\u00eancia \u00e0 abras\u00e3o: N\u00edvel de desempenho 4<\/p>\n\n\n\n<p>\u2713 Resist\u00eancia de corte: N\u00edvel de desempenho 1<\/p>\n\n\n\n<p>\u2713 For\u00e7a de l\u00e1grima: N\u00edvel de desempenho 1<\/p>\n\n\n\n<p>\u2713 For\u00e7a de pun\u00e7\u00e3o: Pot\u00eancia n\u00edvel 1<\/p>\n\n\n\n<p>\u2713 Tamanho: 9<\/p>\n<\/div>\n<\/div>\n","protected":false},"excerpt":{"rendered":"<div class=\"product_text_extra\">\n<p>Revestido com nitrilo amarelo<\/p>\n<p>Costas da m\u00e3o respir\u00e1veis<\/p>\n<p>Extremamente confort\u00e1vel devido ao ajuste perfeito<\/p>\n<p>\u2713 EN 420 Categoria II, EN 388<\/p>\n<p>Resist\u00eancia \u00e0 abras\u00e3o: N\u00edvel de desempenho 4<\/p>\n<\/div>\n","protected":false},"featured_media":82274,"template":"","meta":{"_acf_changed":false,"neve_meta_sidebar":"","neve_meta_container":"","neve_meta_enable_content_width":"","neve_meta_content_width":0,"neve_meta_title_alignment":"","neve_meta_author_avatar":"","neve_post_elements_order":"","neve_meta_disable_header":"","neve_meta_disable_footer":"","neve_meta_disable_title":"","neve_meta_reading_time":"","_surfaces":[],"_ver_product_tabs":[],"footnotes":""},"product_brand":[],"product_cat":[3082],"product_tag":[],"class_list":{"0":"post-82338","1":"product","2":"type-product","3":"status-publish","4":"has-post-thumbnail","6":"product_cat-acessorios","8":"first","9":"instock","10":"taxable","11":"shipping-taxable","12":"purchasable","13":"product-type-simple"},"acf":[],"yoast_head":"<!-- This site is optimized with the Yoast SEO Premium plugin v22.8 (Yoast SEO v27.5) - https:\/\/yoast.com\/product\/yoast-seo-premium-wordpress\/ -->\n<title>Luvas de trabalho em nitrilo com punho tricotado amarelo - versiegelung24.com<\/title>\n<meta name=\"robots\" content=\"index, follow, max-snippet:-1, max-image-preview:large, max-video-preview:-1\" \/>\n<link rel=\"canonical\" href=\"https:\/\/www.versiegelung24.com\/pt-pt\/nitrilo-de-luvas-de-trabalho-com-amarelo-cintura-de-malha.html\" \/>\n<meta property=\"og:locale\" content=\"pt_PT\" \/>\n<meta property=\"og:type\" content=\"article\" \/>\n<meta property=\"og:title\" content=\"Luvas de trabalho em nitrilo com punho tricotado amarelo\" \/>\n<meta property=\"og:description\" content=\"Revestido com nitrilo amarelo Costas da m\u00e3o respir\u00e1veis Extremamente confort\u00e1vel devido ao ajuste perfeito \u2713 EN 420 Categoria II, EN 388 Resist\u00eancia \u00e0 abras\u00e3o: N\u00edvel de desempenho 4\" \/>\n<meta property=\"og:url\" content=\"https:\/\/www.versiegelung24.com\/pt-pt\/nitrilo-de-luvas-de-trabalho-com-amarelo-cintura-de-malha.html\" \/>\n<meta property=\"og:site_name\" content=\"versiegelung24.com\" \/>\n<meta property=\"article:modified_time\" content=\"2025-12-19T13:35:46+00:00\" \/>\n<meta name=\"twitter:card\" content=\"summary_large_image\" \/>\n<meta name=\"twitter:label1\" content=\"pre\u00e7o\" \/>\n\t<meta name=\"twitter:data1\" content=\"2,69&euro;\" \/>\n\t<meta name=\"twitter:label2\" content=\"Disponibilidade\" \/>\n\t<meta name=\"twitter:data2\" content=\"Em stock\" \/>\n<script type=\"application\/ld+json\" class=\"yoast-schema-graph\">{\"@context\":\"https:\\\/\\\/schema.org\",\"@graph\":[{\"@type\":\"WebPage\",\"@id\":\"https:\\\/\\\/www.versiegelung24.com\\\/pt-pt\\\/nitrilo-de-luvas-de-trabalho-com-amarelo-cintura-de-malha.html\",\"url\":\"https:\\\/\\\/www.versiegelung24.com\\\/pt-pt\\\/nitrilo-de-luvas-de-trabalho-com-amarelo-cintura-de-malha.html\",\"name\":\"Luvas de trabalho em nitrilo com punho tricotado amarelo - versiegelung24.com\",\"isPartOf\":{\"@id\":\"https:\\\/\\\/www.versiegelung24.com\\\/pt-pt\\\/#website\"},\"primaryImageOfPage\":{\"@id\":\"https:\\\/\\\/www.versiegelung24.com\\\/pt-pt\\\/nitrilo-de-luvas-de-trabalho-com-amarelo-cintura-de-malha.html#primaryimage\"},\"image\":{\"@id\":\"https:\\\/\\\/www.versiegelung24.com\\\/pt-pt\\\/nitrilo-de-luvas-de-trabalho-com-amarelo-cintura-de-malha.html#primaryimage\"},\"thumbnailUrl\":\"https:\\\/\\\/www.versiegelung24.com\\\/wp-content\\\/uploads\\\/2022\\\/02\\\/produkt-v24-sb403-10-arbeitshandschuh.jpg\",\"datePublished\":\"2022-02-23T11:42:58+00:00\",\"dateModified\":\"2025-12-19T13:35:46+00:00\",\"breadcrumb\":{\"@id\":\"https:\\\/\\\/www.versiegelung24.com\\\/pt-pt\\\/nitrilo-de-luvas-de-trabalho-com-amarelo-cintura-de-malha.html#breadcrumb\"},\"inLanguage\":\"pt-PT\",\"potentialAction\":[{\"@type\":\"ReadAction\",\"target\":[\"https:\\\/\\\/www.versiegelung24.com\\\/pt-pt\\\/nitrilo-de-luvas-de-trabalho-com-amarelo-cintura-de-malha.html\"]}]},{\"@type\":\"ImageObject\",\"inLanguage\":\"pt-PT\",\"@id\":\"https:\\\/\\\/www.versiegelung24.com\\\/pt-pt\\\/nitrilo-de-luvas-de-trabalho-com-amarelo-cintura-de-malha.html#primaryimage\",\"url\":\"https:\\\/\\\/www.versiegelung24.com\\\/wp-content\\\/uploads\\\/2022\\\/02\\\/produkt-v24-sb403-10-arbeitshandschuh.jpg\",\"contentUrl\":\"https:\\\/\\\/www.versiegelung24.com\\\/wp-content\\\/uploads\\\/2022\\\/02\\\/produkt-v24-sb403-10-arbeitshandschuh.jpg\",\"width\":2000,\"height\":2000},{\"@type\":\"BreadcrumbList\",\"@id\":\"https:\\\/\\\/www.versiegelung24.com\\\/pt-pt\\\/nitrilo-de-luvas-de-trabalho-com-amarelo-cintura-de-malha.html#breadcrumb\",\"itemListElement\":[{\"@type\":\"ListItem\",\"position\":1,\"name\":\"P\u00e1gina inicial\",\"item\":\"https:\\\/\\\/www.versiegelung24.com\\\/pt-pt\\\/frente\\\/\"},{\"@type\":\"ListItem\",\"position\":2,\"name\":\"Loja\",\"item\":\"https:\\\/\\\/www.versiegelung24.com\\\/pt-pt\\\/loja\\\/\"},{\"@type\":\"ListItem\",\"position\":3,\"name\":\"Luvas de trabalho em nitrilo com punho tricotado amarelo\"}]},{\"@type\":\"WebSite\",\"@id\":\"https:\\\/\\\/www.versiegelung24.com\\\/pt-pt\\\/#website\",\"url\":\"https:\\\/\\\/www.versiegelung24.com\\\/pt-pt\\\/\",\"name\":\"versiegelung24.com\",\"description\":\"Fl\u00fcssigglas-Versiegelung - Made in Germany\",\"publisher\":{\"@id\":\"https:\\\/\\\/www.versiegelung24.com\\\/pt-pt\\\/#organization\"},\"potentialAction\":[{\"@type\":\"SearchAction\",\"target\":{\"@type\":\"EntryPoint\",\"urlTemplate\":\"https:\\\/\\\/www.versiegelung24.com\\\/pt-pt\\\/?s={search_term_string}\"},\"query-input\":{\"@type\":\"PropertyValueSpecification\",\"valueRequired\":true,\"valueName\":\"search_term_string\"}}],\"inLanguage\":\"pt-PT\"},{\"@type\":\"Organization\",\"@id\":\"https:\\\/\\\/www.versiegelung24.com\\\/pt-pt\\\/#organization\",\"name\":\"versiegelung24\",\"url\":\"https:\\\/\\\/www.versiegelung24.com\\\/pt-pt\\\/\",\"logo\":{\"@type\":\"ImageObject\",\"inLanguage\":\"pt-PT\",\"@id\":\"https:\\\/\\\/www.versiegelung24.com\\\/pt-pt\\\/#\\\/schema\\\/logo\\\/image\\\/\",\"url\":\"https:\\\/\\\/www.versiegelung24.com\\\/wp-content\\\/uploads\\\/2020\\\/04\\\/versiegelung24.png\",\"contentUrl\":\"https:\\\/\\\/www.versiegelung24.com\\\/wp-content\\\/uploads\\\/2020\\\/04\\\/versiegelung24.png\",\"width\":470,\"height\":102,\"caption\":\"versiegelung24\"},\"image\":{\"@id\":\"https:\\\/\\\/www.versiegelung24.com\\\/pt-pt\\\/#\\\/schema\\\/logo\\\/image\\\/\"}}]}<\/script>\n<meta property=\"product:price:amount\" content=\"2.69\" \/>\n<meta property=\"product:price:currency\" content=\"EUR\" \/>\n<meta property=\"og:availability\" content=\"instock\" \/>\n<meta property=\"product:availability\" content=\"instock\" \/>\n<meta property=\"product:retailer_item_id\" content=\"V24-SB403-10\" \/>\n<meta property=\"product:condition\" content=\"new\" \/>\n<!-- \/ Yoast SEO Premium plugin. -->","yoast_head_json":{"title":"Luvas de trabalho em nitrilo com punho tricotado amarelo - versiegelung24.com","robots":{"index":"index","follow":"follow","max-snippet":"max-snippet:-1","max-image-preview":"max-image-preview:large","max-video-preview":"max-video-preview:-1"},"canonical":"https:\/\/www.versiegelung24.com\/pt-pt\/nitrilo-de-luvas-de-trabalho-com-amarelo-cintura-de-malha.html","og_locale":"pt_PT","og_type":"article","og_title":"Luvas de trabalho em nitrilo com punho tricotado amarelo","og_description":"Revestido com nitrilo amarelo Costas da m\u00e3o respir\u00e1veis Extremamente confort\u00e1vel devido ao ajuste perfeito \u2713 EN 420 Categoria II, EN 388 Resist\u00eancia \u00e0 abras\u00e3o: N\u00edvel de desempenho 4","og_url":"https:\/\/www.versiegelung24.com\/pt-pt\/nitrilo-de-luvas-de-trabalho-com-amarelo-cintura-de-malha.html","og_site_name":"versiegelung24.com","article_modified_time":"2025-12-19T13:35:46+00:00","twitter_card":"summary_large_image","twitter_misc":{"pre\u00e7o":"2,69&euro;","Disponibilidade":"Em stock"},"schema":{"@context":"https:\/\/schema.org","@graph":[{"@type":"WebPage","@id":"https:\/\/www.versiegelung24.com\/pt-pt\/nitrilo-de-luvas-de-trabalho-com-amarelo-cintura-de-malha.html","url":"https:\/\/www.versiegelung24.com\/pt-pt\/nitrilo-de-luvas-de-trabalho-com-amarelo-cintura-de-malha.html","name":"Luvas de trabalho em nitrilo com punho tricotado amarelo - versiegelung24.com","isPartOf":{"@id":"https:\/\/www.versiegelung24.com\/pt-pt\/#website"},"primaryImageOfPage":{"@id":"https:\/\/www.versiegelung24.com\/pt-pt\/nitrilo-de-luvas-de-trabalho-com-amarelo-cintura-de-malha.html#primaryimage"},"image":{"@id":"https:\/\/www.versiegelung24.com\/pt-pt\/nitrilo-de-luvas-de-trabalho-com-amarelo-cintura-de-malha.html#primaryimage"},"thumbnailUrl":"https:\/\/www.versiegelung24.com\/wp-content\/uploads\/2022\/02\/produkt-v24-sb403-10-arbeitshandschuh.jpg","datePublished":"2022-02-23T11:42:58+00:00","dateModified":"2025-12-19T13:35:46+00:00","breadcrumb":{"@id":"https:\/\/www.versiegelung24.com\/pt-pt\/nitrilo-de-luvas-de-trabalho-com-amarelo-cintura-de-malha.html#breadcrumb"},"inLanguage":"pt-PT","potentialAction":[{"@type":"ReadAction","target":["https:\/\/www.versiegelung24.com\/pt-pt\/nitrilo-de-luvas-de-trabalho-com-amarelo-cintura-de-malha.html"]}]},{"@type":"ImageObject","inLanguage":"pt-PT","@id":"https:\/\/www.versiegelung24.com\/pt-pt\/nitrilo-de-luvas-de-trabalho-com-amarelo-cintura-de-malha.html#primaryimage","url":"https:\/\/www.versiegelung24.com\/wp-content\/uploads\/2022\/02\/produkt-v24-sb403-10-arbeitshandschuh.jpg","contentUrl":"https:\/\/www.versiegelung24.com\/wp-content\/uploads\/2022\/02\/produkt-v24-sb403-10-arbeitshandschuh.jpg","width":2000,"height":2000},{"@type":"BreadcrumbList","@id":"https:\/\/www.versiegelung24.com\/pt-pt\/nitrilo-de-luvas-de-trabalho-com-amarelo-cintura-de-malha.html#breadcrumb","itemListElement":[{"@type":"ListItem","position":1,"name":"P\u00e1gina inicial","item":"https:\/\/www.versiegelung24.com\/pt-pt\/frente\/"},{"@type":"ListItem","position":2,"name":"Loja","item":"https:\/\/www.versiegelung24.com\/pt-pt\/loja\/"},{"@type":"ListItem","position":3,"name":"Luvas de trabalho em nitrilo com punho tricotado amarelo"}]},{"@type":"WebSite","@id":"https:\/\/www.versiegelung24.com\/pt-pt\/#website","url":"https:\/\/www.versiegelung24.com\/pt-pt\/","name":"versiegelung24.com","description":"Fl\u00fcssigglas-Versiegelung - Made in Germany","publisher":{"@id":"https:\/\/www.versiegelung24.com\/pt-pt\/#organization"},"potentialAction":[{"@type":"SearchAction","target":{"@type":"EntryPoint","urlTemplate":"https:\/\/www.versiegelung24.com\/pt-pt\/?s={search_term_string}"},"query-input":{"@type":"PropertyValueSpecification","valueRequired":true,"valueName":"search_term_string"}}],"inLanguage":"pt-PT"},{"@type":"Organization","@id":"https:\/\/www.versiegelung24.com\/pt-pt\/#organization","name":"versiegelung24","url":"https:\/\/www.versiegelung24.com\/pt-pt\/","logo":{"@type":"ImageObject","inLanguage":"pt-PT","@id":"https:\/\/www.versiegelung24.com\/pt-pt\/#\/schema\/logo\/image\/","url":"https:\/\/www.versiegelung24.com\/wp-content\/uploads\/2020\/04\/versiegelung24.png","contentUrl":"https:\/\/www.versiegelung24.com\/wp-content\/uploads\/2020\/04\/versiegelung24.png","width":470,"height":102,"caption":"versiegelung24"},"image":{"@id":"https:\/\/www.versiegelung24.com\/pt-pt\/#\/schema\/logo\/image\/"}}]},"product_price_amount":"2.69","product_price_currency":"EUR","og_availability":"instock","product_availability":"instock","product_retailer_item_id":"V24-SB403-10","product_condition":"new"},"_links":{"self":[{"href":"https:\/\/www.versiegelung24.com\/pt-pt\/wp-json\/wp\/v2\/product\/82338","targetHints":{"allow":["GET"]}}],"collection":[{"href":"https:\/\/www.versiegelung24.com\/pt-pt\/wp-json\/wp\/v2\/product"}],"about":[{"href":"https:\/\/www.versiegelung24.com\/pt-pt\/wp-json\/wp\/v2\/types\/product"}],"version-history":[{"count":11,"href":"https:\/\/www.versiegelung24.com\/pt-pt\/wp-json\/wp\/v2\/product\/82338\/revisions"}],"predecessor-version":[{"id":180758,"href":"https:\/\/www.versiegelung24.com\/pt-pt\/wp-json\/wp\/v2\/product\/82338\/revisions\/180758"}],"wp:featuredmedia":[{"embeddable":true,"href":"https:\/\/www.versiegelung24.com\/pt-pt\/wp-json\/wp\/v2\/media\/82274"}],"wp:attachment":[{"href":"https:\/\/www.versiegelung24.com\/pt-pt\/wp-json\/wp\/v2\/media?parent=82338"}],"wp:term":[{"taxonomy":"product_brand","embeddable":true,"href":"https:\/\/www.versiegelung24.com\/pt-pt\/wp-json\/wp\/v2\/product_brand?post=82338"},{"taxonomy":"product_cat","embeddable":true,"href":"https:\/\/www.versiegelung24.com\/pt-pt\/wp-json\/wp\/v2\/product_cat?post=82338"},{"taxonomy":"product_tag","embeddable":true,"href":"https:\/\/www.versiegelung24.com\/pt-pt\/wp-json\/wp\/v2\/product_tag?post=82338"}],"curies":[{"name":"wp","href":"https:\/\/api.w.org\/{rel}","templated":true}]}}