{"id":93759,"date":"2022-10-21T16:49:10","date_gmt":"2022-10-21T14:49:10","guid":{"rendered":"https:\/\/www.versiegelung24.com\/?post_type=product&#038;p=93759"},"modified":"2025-03-31T14:58:30","modified_gmt":"2025-03-31T12:58:30","slug":"aplicacao-sponge-95x40x23mm","status":"publish","type":"product","link":"https:\/\/www.versiegelung24.com\/pt-pt\/pano-de-microfibra-40x40cm-para-pre-limpeza-ou-polimento-amarelo-kopie.html","title":{"rendered":"Aplica\u00e7\u00e3o Esponja 95x40x23mm"},"content":{"rendered":"\n<p>Esponja para aplica\u00e7\u00e3o <\/p>\n\n<p>Ideal para utiliza\u00e7\u00e3o em combina\u00e7\u00e3o com o nosso <a href=\"https:\/\/www.versiegelung24.com\/applikationstuch-20x20cm.html\">pano de microfibras para a aplica\u00e7\u00e3o dos nossos selantes l\u00edquidos de vidro<\/a>.<\/p>\n\n<p>Recomendamos a utiliza\u00e7\u00e3o de um pano de microfibras separado para cada passo da aplica\u00e7\u00e3o dos nossos vedantes e impregna\u00e7\u00f5es de superf\u00edcies.<\/p>\n\n<p>Ao utilizar a esponja de aplica\u00e7\u00e3o em combina\u00e7\u00e3o com os nossos panos de microfibras, \u00e9 poss\u00edvel dosear e optimizar a aplica\u00e7\u00e3o ou polimento dependendo do lado da esponja, do estado da superf\u00edcie e da press\u00e3o aplicada.<\/p>\n\n<hr \/>\n\n<h4 class=\"wp-block-heading\" id=\"properties\">Caracter\u00edsticas do produto<\/h4>\n\n<div class=\"wp-block-columns is-layout-flex wp-container-core-columns-is-layout-9d6595d7 wp-block-columns-is-layout-flex\">\n<div class=\"wp-block-column is-layout-flow wp-block-column-is-layout-flow\">\n<p>Esponja para aplica\u00e7\u00e3o e polimento Tamanho: 95 x 40 x 23mm <\/p>\n<\/div>\n\n\n\n<div class=\"wp-block-column is-layout-flow wp-block-column-is-layout-flow\">\n<p>Camada superior dura 5mm branco XPE 3000-33 Camada m\u00e9dia mole 18mm azul S2145<\/p>\n<\/div>\n<\/div>\n\n<hr \/>\n\n<h4 class=\"wp-block-heading\" id=\"application\">Aplica\u00e7\u00e3o<\/h4>\n\n<p>Para a aplica\u00e7\u00e3o dos nossos selantes em superf\u00edcies lisas n\u00e3o absorventes, recomendamos a combina\u00e7\u00e3o com o nosso <a href=\"https:\/\/www.versiegelung24.com\/applikationstuch-20x20cm.html\">pano de microfibras para a aplica\u00e7\u00e3o dos nossos selantes l\u00edquidos de vidro<\/a>. Colocar o pano de microfibra no lado branco duro para aplicar o selante e aplicar o selante de acordo com as respectivas instru\u00e7\u00f5es de aplica\u00e7\u00e3o.<\/p>\n\n<p>Para repolir com o nosso <a href=\"https:\/\/www.versiegelung24.com\/pt-pt\/pano-de-microfibra-30x30cm-for-pre-cleaning-or-polishing.html\">pano de microfibra 30x30cm para pr\u00e9-limpeza ou polimento<\/a>, colocar tamb\u00e9m o pano sobre a esponja e utilizar o lado duro ou macio da esponja, dependendo do estado da superf\u00edcie e da necessidade, para criar uma press\u00e3o uniforme sobre uma superf\u00edcie alargada.<\/p>\n","protected":false},"excerpt":{"rendered":"<p><strong>Esponja para a aplica\u00e7\u00e3o de selantes<\/strong><\/p>\n<p>\u2713 Reutiliz\u00e1vel<\/p>\n<p>Amigo do ambiente<\/p>\n<p>Pr\u00e1tico<\/p>\n<p>\u2713 Lado duro e suave<\/p>\n<p>\u2713 95x40x23mm<\/p>\n<p>&nbsp;<\/p>\n","protected":false},"featured_media":13266,"template":"","meta":{"_acf_changed":false,"neve_meta_sidebar":"","neve_meta_container":"","neve_meta_enable_content_width":"","neve_meta_content_width":0,"neve_meta_title_alignment":"","neve_meta_author_avatar":"","neve_post_elements_order":"","neve_meta_disable_header":"","neve_meta_disable_footer":"","neve_meta_disable_title":"","neve_meta_reading_time":"","_surfaces":[],"_ver_product_tabs":[],"footnotes":""},"product_brand":[],"product_cat":[2290,2380,2388,2423,2482,3082,2152],"product_tag":[],"class_list":{"0":"post-93759","1":"product","2":"type-product","3":"status-publish","4":"has-post-thumbnail","6":"product_cat-vedacao-para-vidro-ceramica","7":"product_cat-selo-de-metal-plastico","8":"product_cat-detergente","9":"product_cat-desinfetantes-de-superficie","10":"product_cat-vedacao-universal","11":"product_cat-acessorios","12":"product_cat-vedacao-automatica","14":"first","15":"instock","16":"taxable","17":"shipping-taxable","18":"purchasable","19":"product-type-simple"},"acf":[],"yoast_head":"<!-- This site is optimized with the Yoast SEO Premium plugin v22.8 (Yoast SEO v27.5) - https:\/\/yoast.com\/product\/yoast-seo-premium-wordpress\/ -->\n<title>Aplica\u00e7\u00e3o Esponja 95x40x23mm - versiegelung24.com<\/title>\n<meta name=\"description\" content=\"Esponja de aplica\u00e7\u00e3o - Ideal para aplicar os nossos vedantes. Um polivalente em combina\u00e7\u00e3o com os nossos panos de microfibras.\" \/>\n<meta name=\"robots\" content=\"index, follow, max-snippet:-1, max-image-preview:large, max-video-preview:-1\" \/>\n<link rel=\"canonical\" href=\"https:\/\/www.versiegelung24.com\/pt-pt\/pano-de-microfibra-40x40cm-para-pre-limpeza-ou-polimento-amarelo-kopie.html\" \/>\n<meta property=\"og:locale\" content=\"pt_PT\" \/>\n<meta property=\"og:type\" content=\"article\" \/>\n<meta property=\"og:title\" content=\"Aplica\u00e7\u00e3o Esponja 95x40x23mm\" \/>\n<meta property=\"og:description\" content=\"Esponja de aplica\u00e7\u00e3o - Ideal para aplicar os nossos vedantes. Um polivalente em combina\u00e7\u00e3o com os nossos panos de microfibras.\" \/>\n<meta property=\"og:url\" content=\"https:\/\/www.versiegelung24.com\/pt-pt\/pano-de-microfibra-40x40cm-para-pre-limpeza-ou-polimento-amarelo-kopie.html\" \/>\n<meta property=\"og:site_name\" content=\"versiegelung24.com\" \/>\n<meta property=\"article:modified_time\" content=\"2025-03-31T12:58:30+00:00\" \/>\n<meta property=\"og:image\" content=\"https:\/\/www.versiegelung24.com\/wp-content\/uploads\/2020\/04\/mikrofasertuch.png\" \/>\n\t<meta property=\"og:image:width\" content=\"1000\" \/>\n\t<meta property=\"og:image:height\" content=\"1000\" \/>\n\t<meta property=\"og:image:type\" content=\"image\/png\" \/>\n<meta name=\"twitter:card\" content=\"summary_large_image\" \/>\n<meta name=\"twitter:label1\" content=\"pre\u00e7o\" \/>\n\t<meta name=\"twitter:data1\" content=\"1,99&euro;\" \/>\n\t<meta name=\"twitter:label2\" content=\"Disponibilidade\" \/>\n\t<meta name=\"twitter:data2\" content=\"Em stock\" \/>\n<script type=\"application\/ld+json\" class=\"yoast-schema-graph\">{\"@context\":\"https:\\\/\\\/schema.org\",\"@graph\":[{\"@type\":\"WebPage\",\"@id\":\"https:\\\/\\\/www.versiegelung24.com\\\/pt-pt\\\/pano-de-microfibra-40x40cm-para-pre-limpeza-ou-polimento-amarelo-kopie.html\",\"url\":\"https:\\\/\\\/www.versiegelung24.com\\\/pt-pt\\\/pano-de-microfibra-40x40cm-para-pre-limpeza-ou-polimento-amarelo-kopie.html\",\"name\":\"Aplica\u00e7\u00e3o Esponja 95x40x23mm - versiegelung24.com\",\"isPartOf\":{\"@id\":\"https:\\\/\\\/www.versiegelung24.com\\\/pt-pt\\\/#website\"},\"primaryImageOfPage\":{\"@id\":\"https:\\\/\\\/www.versiegelung24.com\\\/pt-pt\\\/pano-de-microfibra-40x40cm-para-pre-limpeza-ou-polimento-amarelo-kopie.html#primaryimage\"},\"image\":{\"@id\":\"https:\\\/\\\/www.versiegelung24.com\\\/pt-pt\\\/pano-de-microfibra-40x40cm-para-pre-limpeza-ou-polimento-amarelo-kopie.html#primaryimage\"},\"thumbnailUrl\":\"https:\\\/\\\/www.versiegelung24.com\\\/wp-content\\\/uploads\\\/2020\\\/04\\\/mikrofasertuch.png\",\"datePublished\":\"2022-10-21T14:49:10+00:00\",\"dateModified\":\"2025-03-31T12:58:30+00:00\",\"description\":\"Esponja de aplica\u00e7\u00e3o - Ideal para aplicar os nossos vedantes. Um polivalente em combina\u00e7\u00e3o com os nossos panos de microfibras.\",\"breadcrumb\":{\"@id\":\"https:\\\/\\\/www.versiegelung24.com\\\/pt-pt\\\/pano-de-microfibra-40x40cm-para-pre-limpeza-ou-polimento-amarelo-kopie.html#breadcrumb\"},\"inLanguage\":\"pt-PT\",\"potentialAction\":[{\"@type\":\"ReadAction\",\"target\":[\"https:\\\/\\\/www.versiegelung24.com\\\/pt-pt\\\/pano-de-microfibra-40x40cm-para-pre-limpeza-ou-polimento-amarelo-kopie.html\"]}]},{\"@type\":\"ImageObject\",\"inLanguage\":\"pt-PT\",\"@id\":\"https:\\\/\\\/www.versiegelung24.com\\\/pt-pt\\\/pano-de-microfibra-40x40cm-para-pre-limpeza-ou-polimento-amarelo-kopie.html#primaryimage\",\"url\":\"https:\\\/\\\/www.versiegelung24.com\\\/wp-content\\\/uploads\\\/2020\\\/04\\\/mikrofasertuch.png\",\"contentUrl\":\"https:\\\/\\\/www.versiegelung24.com\\\/wp-content\\\/uploads\\\/2020\\\/04\\\/mikrofasertuch.png\",\"width\":1000,\"height\":1000},{\"@type\":\"BreadcrumbList\",\"@id\":\"https:\\\/\\\/www.versiegelung24.com\\\/pt-pt\\\/pano-de-microfibra-40x40cm-para-pre-limpeza-ou-polimento-amarelo-kopie.html#breadcrumb\",\"itemListElement\":[{\"@type\":\"ListItem\",\"position\":1,\"name\":\"P\u00e1gina inicial\",\"item\":\"https:\\\/\\\/www.versiegelung24.com\\\/pt-pt\\\/frente\\\/\"},{\"@type\":\"ListItem\",\"position\":2,\"name\":\"Loja\",\"item\":\"https:\\\/\\\/www.versiegelung24.com\\\/pt-pt\\\/loja\\\/\"},{\"@type\":\"ListItem\",\"position\":3,\"name\":\"Aplica\u00e7\u00e3o Esponja 95x40x23mm\"}]},{\"@type\":\"WebSite\",\"@id\":\"https:\\\/\\\/www.versiegelung24.com\\\/pt-pt\\\/#website\",\"url\":\"https:\\\/\\\/www.versiegelung24.com\\\/pt-pt\\\/\",\"name\":\"versiegelung24.com\",\"description\":\"Fl\u00fcssigglas-Versiegelung - Made in Germany\",\"publisher\":{\"@id\":\"https:\\\/\\\/www.versiegelung24.com\\\/pt-pt\\\/#organization\"},\"potentialAction\":[{\"@type\":\"SearchAction\",\"target\":{\"@type\":\"EntryPoint\",\"urlTemplate\":\"https:\\\/\\\/www.versiegelung24.com\\\/pt-pt\\\/?s={search_term_string}\"},\"query-input\":{\"@type\":\"PropertyValueSpecification\",\"valueRequired\":true,\"valueName\":\"search_term_string\"}}],\"inLanguage\":\"pt-PT\"},{\"@type\":\"Organization\",\"@id\":\"https:\\\/\\\/www.versiegelung24.com\\\/pt-pt\\\/#organization\",\"name\":\"versiegelung24\",\"url\":\"https:\\\/\\\/www.versiegelung24.com\\\/pt-pt\\\/\",\"logo\":{\"@type\":\"ImageObject\",\"inLanguage\":\"pt-PT\",\"@id\":\"https:\\\/\\\/www.versiegelung24.com\\\/pt-pt\\\/#\\\/schema\\\/logo\\\/image\\\/\",\"url\":\"https:\\\/\\\/www.versiegelung24.com\\\/wp-content\\\/uploads\\\/2020\\\/04\\\/versiegelung24.png\",\"contentUrl\":\"https:\\\/\\\/www.versiegelung24.com\\\/wp-content\\\/uploads\\\/2020\\\/04\\\/versiegelung24.png\",\"width\":470,\"height\":102,\"caption\":\"versiegelung24\"},\"image\":{\"@id\":\"https:\\\/\\\/www.versiegelung24.com\\\/pt-pt\\\/#\\\/schema\\\/logo\\\/image\\\/\"}}]}<\/script>\n<meta property=\"product:price:amount\" content=\"1.99\" \/>\n<meta property=\"product:price:currency\" content=\"EUR\" \/>\n<meta property=\"og:availability\" content=\"instock\" \/>\n<meta property=\"product:availability\" content=\"instock\" \/>\n<meta property=\"product:retailer_item_id\" content=\"V24-9010-1\" \/>\n<meta property=\"product:condition\" content=\"new\" \/>\n<!-- \/ Yoast SEO Premium plugin. -->","yoast_head_json":{"title":"Aplica\u00e7\u00e3o Esponja 95x40x23mm - versiegelung24.com","description":"Esponja de aplica\u00e7\u00e3o - Ideal para aplicar os nossos vedantes. Um polivalente em combina\u00e7\u00e3o com os nossos panos de microfibras.","robots":{"index":"index","follow":"follow","max-snippet":"max-snippet:-1","max-image-preview":"max-image-preview:large","max-video-preview":"max-video-preview:-1"},"canonical":"https:\/\/www.versiegelung24.com\/pt-pt\/pano-de-microfibra-40x40cm-para-pre-limpeza-ou-polimento-amarelo-kopie.html","og_locale":"pt_PT","og_type":"article","og_title":"Aplica\u00e7\u00e3o Esponja 95x40x23mm","og_description":"Esponja de aplica\u00e7\u00e3o - Ideal para aplicar os nossos vedantes. Um polivalente em combina\u00e7\u00e3o com os nossos panos de microfibras.","og_url":"https:\/\/www.versiegelung24.com\/pt-pt\/pano-de-microfibra-40x40cm-para-pre-limpeza-ou-polimento-amarelo-kopie.html","og_site_name":"versiegelung24.com","article_modified_time":"2025-03-31T12:58:30+00:00","og_image":[{"width":1000,"height":1000,"url":"https:\/\/www.versiegelung24.com\/wp-content\/uploads\/2020\/04\/mikrofasertuch.png","type":"image\/png"}],"twitter_card":"summary_large_image","twitter_misc":{"pre\u00e7o":"1,99&euro;","Disponibilidade":"Em stock"},"schema":{"@context":"https:\/\/schema.org","@graph":[{"@type":"WebPage","@id":"https:\/\/www.versiegelung24.com\/pt-pt\/pano-de-microfibra-40x40cm-para-pre-limpeza-ou-polimento-amarelo-kopie.html","url":"https:\/\/www.versiegelung24.com\/pt-pt\/pano-de-microfibra-40x40cm-para-pre-limpeza-ou-polimento-amarelo-kopie.html","name":"Aplica\u00e7\u00e3o Esponja 95x40x23mm - versiegelung24.com","isPartOf":{"@id":"https:\/\/www.versiegelung24.com\/pt-pt\/#website"},"primaryImageOfPage":{"@id":"https:\/\/www.versiegelung24.com\/pt-pt\/pano-de-microfibra-40x40cm-para-pre-limpeza-ou-polimento-amarelo-kopie.html#primaryimage"},"image":{"@id":"https:\/\/www.versiegelung24.com\/pt-pt\/pano-de-microfibra-40x40cm-para-pre-limpeza-ou-polimento-amarelo-kopie.html#primaryimage"},"thumbnailUrl":"https:\/\/www.versiegelung24.com\/wp-content\/uploads\/2020\/04\/mikrofasertuch.png","datePublished":"2022-10-21T14:49:10+00:00","dateModified":"2025-03-31T12:58:30+00:00","description":"Esponja de aplica\u00e7\u00e3o - Ideal para aplicar os nossos vedantes. Um polivalente em combina\u00e7\u00e3o com os nossos panos de microfibras.","breadcrumb":{"@id":"https:\/\/www.versiegelung24.com\/pt-pt\/pano-de-microfibra-40x40cm-para-pre-limpeza-ou-polimento-amarelo-kopie.html#breadcrumb"},"inLanguage":"pt-PT","potentialAction":[{"@type":"ReadAction","target":["https:\/\/www.versiegelung24.com\/pt-pt\/pano-de-microfibra-40x40cm-para-pre-limpeza-ou-polimento-amarelo-kopie.html"]}]},{"@type":"ImageObject","inLanguage":"pt-PT","@id":"https:\/\/www.versiegelung24.com\/pt-pt\/pano-de-microfibra-40x40cm-para-pre-limpeza-ou-polimento-amarelo-kopie.html#primaryimage","url":"https:\/\/www.versiegelung24.com\/wp-content\/uploads\/2020\/04\/mikrofasertuch.png","contentUrl":"https:\/\/www.versiegelung24.com\/wp-content\/uploads\/2020\/04\/mikrofasertuch.png","width":1000,"height":1000},{"@type":"BreadcrumbList","@id":"https:\/\/www.versiegelung24.com\/pt-pt\/pano-de-microfibra-40x40cm-para-pre-limpeza-ou-polimento-amarelo-kopie.html#breadcrumb","itemListElement":[{"@type":"ListItem","position":1,"name":"P\u00e1gina inicial","item":"https:\/\/www.versiegelung24.com\/pt-pt\/frente\/"},{"@type":"ListItem","position":2,"name":"Loja","item":"https:\/\/www.versiegelung24.com\/pt-pt\/loja\/"},{"@type":"ListItem","position":3,"name":"Aplica\u00e7\u00e3o Esponja 95x40x23mm"}]},{"@type":"WebSite","@id":"https:\/\/www.versiegelung24.com\/pt-pt\/#website","url":"https:\/\/www.versiegelung24.com\/pt-pt\/","name":"versiegelung24.com","description":"Fl\u00fcssigglas-Versiegelung - Made in Germany","publisher":{"@id":"https:\/\/www.versiegelung24.com\/pt-pt\/#organization"},"potentialAction":[{"@type":"SearchAction","target":{"@type":"EntryPoint","urlTemplate":"https:\/\/www.versiegelung24.com\/pt-pt\/?s={search_term_string}"},"query-input":{"@type":"PropertyValueSpecification","valueRequired":true,"valueName":"search_term_string"}}],"inLanguage":"pt-PT"},{"@type":"Organization","@id":"https:\/\/www.versiegelung24.com\/pt-pt\/#organization","name":"versiegelung24","url":"https:\/\/www.versiegelung24.com\/pt-pt\/","logo":{"@type":"ImageObject","inLanguage":"pt-PT","@id":"https:\/\/www.versiegelung24.com\/pt-pt\/#\/schema\/logo\/image\/","url":"https:\/\/www.versiegelung24.com\/wp-content\/uploads\/2020\/04\/versiegelung24.png","contentUrl":"https:\/\/www.versiegelung24.com\/wp-content\/uploads\/2020\/04\/versiegelung24.png","width":470,"height":102,"caption":"versiegelung24"},"image":{"@id":"https:\/\/www.versiegelung24.com\/pt-pt\/#\/schema\/logo\/image\/"}}]},"product_price_amount":"1.99","product_price_currency":"EUR","og_availability":"instock","product_availability":"instock","product_retailer_item_id":"V24-9010-1","product_condition":"new"},"_links":{"self":[{"href":"https:\/\/www.versiegelung24.com\/pt-pt\/wp-json\/wp\/v2\/product\/93759","targetHints":{"allow":["GET"]}}],"collection":[{"href":"https:\/\/www.versiegelung24.com\/pt-pt\/wp-json\/wp\/v2\/product"}],"about":[{"href":"https:\/\/www.versiegelung24.com\/pt-pt\/wp-json\/wp\/v2\/types\/product"}],"version-history":[{"count":11,"href":"https:\/\/www.versiegelung24.com\/pt-pt\/wp-json\/wp\/v2\/product\/93759\/revisions"}],"predecessor-version":[{"id":180676,"href":"https:\/\/www.versiegelung24.com\/pt-pt\/wp-json\/wp\/v2\/product\/93759\/revisions\/180676"}],"wp:featuredmedia":[{"embeddable":true,"href":"https:\/\/www.versiegelung24.com\/pt-pt\/wp-json\/wp\/v2\/media\/13266"}],"wp:attachment":[{"href":"https:\/\/www.versiegelung24.com\/pt-pt\/wp-json\/wp\/v2\/media?parent=93759"}],"wp:term":[{"taxonomy":"product_brand","embeddable":true,"href":"https:\/\/www.versiegelung24.com\/pt-pt\/wp-json\/wp\/v2\/product_brand?post=93759"},{"taxonomy":"product_cat","embeddable":true,"href":"https:\/\/www.versiegelung24.com\/pt-pt\/wp-json\/wp\/v2\/product_cat?post=93759"},{"taxonomy":"product_tag","embeddable":true,"href":"https:\/\/www.versiegelung24.com\/pt-pt\/wp-json\/wp\/v2\/product_tag?post=93759"}],"curies":[{"name":"wp","href":"https:\/\/api.w.org\/{rel}","templated":true}]}}