{"id":94889,"date":"2022-11-29T14:50:43","date_gmt":"2022-11-29T13:50:48","guid":{"rendered":"https:\/\/www.versiegelung24.com\/?post_type=product&#038;p=94889"},"modified":"2025-01-05T17:41:22","modified_gmt":"2025-01-05T16:41:22","slug":"percent-c2-percent","status":"publish","type":"product","link":"https:\/\/www.versiegelung24.com\/pt-pt\/percent-c2-percent.html","title":{"rendered":"TiOSEPT\u00ae SG-55 prote\u00e7\u00e3o de superf\u00edcie a longo prazo, 20 conjuntos para 1m\u00b2 cada"},"content":{"rendered":"\n<p><strong>Vedante de vidro l\u00edquido antimicrobiano<\/strong> <strong>eficaz at\u00e9 18 meses<\/strong> &#8211; 20 conjuntos de saquetas prontas a usar para 1m\u00b2 de superf\u00edcie cada  <\/p>\n\n<p><strong>Prote\u00e7\u00e3o de superf\u00edcie de longa dura\u00e7\u00e3o adequada para superf\u00edcies lisas<\/strong>: Vidro, a\u00e7o inoxid\u00e1vel, alum\u00ednio e madeira tratada<\/p>\n\n<hr\/>\n\n<h4 class=\"wp-block-heading\" id=\"properties\">Caracter\u00edsticas do produto<\/h4>\n\n<div class=\"wp-block-columns is-layout-flex wp-container-core-columns-is-layout-9d6595d7 wp-block-columns-is-layout-flex\">\n<div class=\"wp-block-column is-layout-flow wp-block-column-is-layout-flow\">\n<ul class=\"wp-block-list\">\n<li>Elimina bact\u00e9rias (E.coli, S. aureus) e v\u00edrus envelopados (Corona, Ebola, v\u00edrus Rota) at\u00e9 99,99%.<\/li>\n\n\n\n<li>Previne a coloniza\u00e7\u00e3o de fungos da levedura e do bolor<\/li>\n\n\n\n<li>Dermatologicamente testado &#8220;muito bom<\/li>\n\n\n\n<li>As superf\u00edcies tornam-se mais f\u00e1ceis e mais r\u00e1pidas de limpar (&#8220;easy-to-clean&#8221;)<\/li>\n\n\n\n<li>Para interiores e exteriores<\/li>\n\n\n\n<li>Resistente \u00e0 abras\u00e3o (maior resist\u00eancia aos arranh\u00f5es)<\/li>\n\n\n\n<li>Aplica\u00e7\u00e3o simples e r\u00e1pida<\/li>\n\n\n\n<li>Dureza superficial no vidro 9H (teste T\u00dcV de acordo com MSZ EN ISO 15184:2013)<\/li>\n\n\n\n<li>Dureza de arranh\u00e3o no vidro 10N (teste T\u00dcV de acordo com MSZ 9640\/41:1983)<\/li>\n\n\n\n<li>\u00c2ngulo de contacto 95\u00b0 no vidro e 91\u00b0 no a\u00e7o inoxid\u00e1vel, ap\u00f3s 10.000 ciclos de limpeza 92\u00b0 + 85\u00b0 (testado por T\u00dcV com \u00e1gua)<\/li>\n<\/ul>\n<\/div>\n\n\n\n<div class=\"wp-block-column is-layout-flow wp-block-column-is-layout-flow\">\n<ul class=\"wp-block-list\">\n<li>Espessura da camada aprox. 20 nm (nan\u00f3metros)<\/li>\n\n\n\n<li>Rugosidade: 6 nm na superf\u00edcie<\/li>\n\n\n\n<li>Sachets (toalhetes h\u00famidos embalados individualmente)<\/li>\n\n\n\n<li>Sachet 1: pano de pr\u00e9-limpeza, encharcado com IPA (isopropanol) 99%.<\/li>\n\n\n\n<li>Sachet 2: pano de selagem embebido em TiOSEPT\u00ae SG-55<\/li>\n\n\n\n<li>Velo de viscose, sem pl\u00e1stico, 60 g\/m\u00b2<\/li>\n\n\n\n<li>Tamanho do pano 100 x 140 mm<\/li>\n\n\n\n<li>Um pano \u00e9 suficiente para cerca de 1 m\u00b2<\/li>\n\n\n\n<li>BAUA-Reg.No. N-104947<\/li>\n<\/ul>\n<\/div>\n<\/div>\n\n<hr\/>\n\n<h4 class=\"wp-block-heading\" id=\"application\">Aplica\u00e7\u00e3o<\/h4>\n\n<p>Conjunto de saquetas prontas a usar <strong>TiOSEPT\u00ae SG-55 <\/strong>para superf\u00edcies lisas de vidro, a\u00e7o inoxid\u00e1vel, a\u00e7o, alum\u00ednio, pl\u00e1stico e madeira tratada<\/p>\n\n<h5 class=\"wp-block-heading\">Pr\u00e9-limpeza<\/h5>\n\n<p>Recomenda-se o uso de luvas de protec\u00e7\u00e3o descart\u00e1veis. Temperatura de aplica\u00e7\u00e3o 5 &#8211; 35\u00b0C.<\/p>\n\n<ol class=\"wp-block-list\">\n<li>Limpar a superf\u00edcie com especial cuidado com produtos de limpeza dispon\u00edveis comercialmente. Quanto melhor for a limpeza, maior ser\u00e1 a dura\u00e7\u00e3o do selo. Em seguida, secar a superf\u00edcie.<\/li>\n\n\n\n<li>Retirar o pano de pr\u00e9-limpeza com \u00e1lcool da saqueta e desengordurar completamente a superf\u00edcie com ele.<\/li>\n\n\n\n<li>Superf\u00edcie min. Deixar secar durante 1 minuto.<\/li>\n<\/ol>\n\n<h5 class=\"wp-block-heading\">Selagem<\/h5>\n\n<p>Recomenda-se o uso de luvas de protec\u00e7\u00e3o descart\u00e1veis. Temperatura de aplica\u00e7\u00e3o 5 &#8211; 35\u00b0C.<\/p>\n\n<ol class=\"wp-block-list\">\n<li>Retirar o pano vedante da saqueta e limpar a superf\u00edcie uma vez na vertical e outra na horizontal. O pano \u00e9 suficiente para cerca de 1m\u00b2. \u00c9 importante que trabalhe rapidamente porque o pano seca ap\u00f3s cerca de 90 segundos.<\/li>\n\n\n\n<li>Deixar secar a superf\u00edcie durante pelo menos 2 minutos (abaixo de 15\u00b0C = 10 minutos), n\u00e3o tocar durante 10 minutos. Cura total ap\u00f3s 10 horas. Repeti\u00e7\u00e3o do pedido, se necess\u00e1rio. Se houver um ligeiro arrepio cinzento, este pode ser cuidadosamente polido com um pano de microfibras.<\/li>\n<\/ol>\n\n<p>As superf\u00edcies pl\u00e1sticas tornam-se antimicrobianas e obt\u00eam um aumento da hidrofobicidade, a resist\u00eancia aos arranh\u00f5es n\u00e3o \u00e9 alterada. A aplica\u00e7\u00e3o em policarbonato e Plexiglas\u00ae n\u00e3o \u00e9 recomendada.<\/p>\n\n<h5 class=\"wp-block-heading\" id=\"gebrauch\">Armazenamento<\/h5>\n\n<p>Armazenar <strong>TiOSEPT\u00ae SG-55<\/strong> entre +5 e +25\u00b0C. Proteger do gelo e da luz solar directa.<\/p>\n","protected":false},"excerpt":{"rendered":"<p><strong>Prote\u00e7\u00e3o antimicrobiana de longa dura\u00e7\u00e3o at\u00e9 18 meses<\/strong> <strong>para superf\u00edcies lisas<\/strong><\/p>\n<p>Transparente e invis\u00edvel<\/p>\n<p>Repelente de \u00e1gua<\/p>\n<p>Testado por institutos de ensaio independentes<\/p>\n<p>Conjuntos de saquetas prontos a usar para pr\u00e9-limpeza e selagem<\/p>\n","protected":false},"featured_media":94931,"template":"","meta":{"_acf_changed":false,"neve_meta_sidebar":"","neve_meta_container":"","neve_meta_enable_content_width":"","neve_meta_content_width":0,"neve_meta_title_alignment":"","neve_meta_author_avatar":"","neve_post_elements_order":"","neve_meta_disable_header":"","neve_meta_disable_footer":"","neve_meta_disable_title":"","neve_meta_reading_time":"","_surfaces":[],"_ver_product_tabs":[],"footnotes":""},"product_brand":[],"product_cat":[2274,2290,2380,2423,2482,3023],"product_tag":[],"class_list":{"0":"post-94889","1":"product","2":"type-product","3":"status-publish","4":"has-post-thumbnail","6":"product_cat-desinfetante","7":"product_cat-vedacao-para-vidro-ceramica","8":"product_cat-selo-de-metal-plastico","9":"product_cat-desinfetantes-de-superficie","10":"product_cat-vedacao-universal","11":"product_cat-desinfetante-do-telemovel","13":"first","14":"onbackorder","15":"taxable","16":"shipping-taxable","17":"purchasable","18":"product-type-simple"},"acf":[],"yoast_head":"<!-- This site is optimized with the Yoast SEO Premium plugin v22.8 (Yoast SEO v27.5) - https:\/\/yoast.com\/product\/yoast-seo-premium-wordpress\/ -->\n<title>TiOSEPT\u00ae SG-55 prote\u00e7\u00e3o de superf\u00edcie a longo prazo, 20 conjuntos para 1m\u00b2 cada - versiegelung24.com<\/title>\n<meta name=\"robots\" content=\"index, follow, max-snippet:-1, max-image-preview:large, max-video-preview:-1\" \/>\n<link rel=\"canonical\" href=\"https:\/\/www.versiegelung24.com\/pt-pt\/percent-c2-percent.html\" \/>\n<meta property=\"og:locale\" content=\"pt_PT\" \/>\n<meta property=\"og:type\" content=\"article\" \/>\n<meta property=\"og:title\" content=\"TiOSEPT\u00ae SG-55 prote\u00e7\u00e3o de superf\u00edcie a longo prazo, 20 conjuntos para 1m\u00b2 cada\" \/>\n<meta property=\"og:description\" content=\"Prote\u00e7\u00e3o antimicrobiana de longa dura\u00e7\u00e3o at\u00e9 18 meses para superf\u00edcies lisas Transparente e invis\u00edvel Repelente de \u00e1gua Testado por institutos de ensaio independentes Conjuntos de saquetas prontos a usar para pr\u00e9-limpeza e selagem\" \/>\n<meta property=\"og:url\" content=\"https:\/\/www.versiegelung24.com\/pt-pt\/percent-c2-percent.html\" \/>\n<meta property=\"og:site_name\" content=\"versiegelung24.com\" \/>\n<meta property=\"article:modified_time\" content=\"2025-01-05T16:41:22+00:00\" \/>\n<meta property=\"og:image\" content=\"https:\/\/www.versiegelung24.com\/wp-content\/uploads\/2022\/11\/Tiosept-Schachtel-rechts.jpg\" \/>\n\t<meta property=\"og:image:width\" content=\"1668\" \/>\n\t<meta property=\"og:image:height\" content=\"1568\" \/>\n\t<meta property=\"og:image:type\" content=\"image\/jpeg\" \/>\n<meta name=\"twitter:card\" content=\"summary_large_image\" \/>\n<meta name=\"twitter:label1\" content=\"pre\u00e7o\" \/>\n\t<meta name=\"twitter:data1\" content=\"79,99&euro;\" \/>\n\t<meta name=\"twitter:label2\" content=\"Disponibilidade\" \/>\n\t<meta name=\"twitter:data2\" content=\"Por encomenda\" \/>\n<script type=\"application\/ld+json\" class=\"yoast-schema-graph\">{\"@context\":\"https:\\\/\\\/schema.org\",\"@graph\":[{\"@type\":\"WebPage\",\"@id\":\"https:\\\/\\\/www.versiegelung24.com\\\/pt-pt\\\/percent-c2-percent.html\",\"url\":\"https:\\\/\\\/www.versiegelung24.com\\\/pt-pt\\\/percent-c2-percent.html\",\"name\":\"TiOSEPT\u00ae SG-55 prote\u00e7\u00e3o de superf\u00edcie a longo prazo, 20 conjuntos para 1m\u00b2 cada - versiegelung24.com\",\"isPartOf\":{\"@id\":\"https:\\\/\\\/www.versiegelung24.com\\\/pt-pt\\\/#website\"},\"primaryImageOfPage\":{\"@id\":\"https:\\\/\\\/www.versiegelung24.com\\\/pt-pt\\\/percent-c2-percent.html#primaryimage\"},\"image\":{\"@id\":\"https:\\\/\\\/www.versiegelung24.com\\\/pt-pt\\\/percent-c2-percent.html#primaryimage\"},\"thumbnailUrl\":\"https:\\\/\\\/www.versiegelung24.com\\\/wp-content\\\/uploads\\\/2022\\\/11\\\/Tiosept-Schachtel-rechts.jpg\",\"datePublished\":\"2022-11-29T13:50:48+00:00\",\"dateModified\":\"2025-01-05T16:41:22+00:00\",\"breadcrumb\":{\"@id\":\"https:\\\/\\\/www.versiegelung24.com\\\/pt-pt\\\/percent-c2-percent.html#breadcrumb\"},\"inLanguage\":\"pt-PT\",\"potentialAction\":[{\"@type\":\"ReadAction\",\"target\":[\"https:\\\/\\\/www.versiegelung24.com\\\/pt-pt\\\/percent-c2-percent.html\"]}]},{\"@type\":\"ImageObject\",\"inLanguage\":\"pt-PT\",\"@id\":\"https:\\\/\\\/www.versiegelung24.com\\\/pt-pt\\\/percent-c2-percent.html#primaryimage\",\"url\":\"https:\\\/\\\/www.versiegelung24.com\\\/wp-content\\\/uploads\\\/2022\\\/11\\\/Tiosept-Schachtel-rechts.jpg\",\"contentUrl\":\"https:\\\/\\\/www.versiegelung24.com\\\/wp-content\\\/uploads\\\/2022\\\/11\\\/Tiosept-Schachtel-rechts.jpg\",\"width\":1668,\"height\":1568},{\"@type\":\"BreadcrumbList\",\"@id\":\"https:\\\/\\\/www.versiegelung24.com\\\/pt-pt\\\/percent-c2-percent.html#breadcrumb\",\"itemListElement\":[{\"@type\":\"ListItem\",\"position\":1,\"name\":\"P\u00e1gina inicial\",\"item\":\"https:\\\/\\\/www.versiegelung24.com\\\/pt-pt\\\/frente\\\/\"},{\"@type\":\"ListItem\",\"position\":2,\"name\":\"Loja\",\"item\":\"https:\\\/\\\/www.versiegelung24.com\\\/pt-pt\\\/loja\\\/\"},{\"@type\":\"ListItem\",\"position\":3,\"name\":\"TiOSEPT\u00ae SG-55 prote\u00e7\u00e3o de superf\u00edcie a longo prazo, 20 conjuntos para 1m\u00b2 cada\"}]},{\"@type\":\"WebSite\",\"@id\":\"https:\\\/\\\/www.versiegelung24.com\\\/pt-pt\\\/#website\",\"url\":\"https:\\\/\\\/www.versiegelung24.com\\\/pt-pt\\\/\",\"name\":\"versiegelung24.com\",\"description\":\"Fl\u00fcssigglas-Versiegelung - Made in Germany\",\"publisher\":{\"@id\":\"https:\\\/\\\/www.versiegelung24.com\\\/pt-pt\\\/#organization\"},\"potentialAction\":[{\"@type\":\"SearchAction\",\"target\":{\"@type\":\"EntryPoint\",\"urlTemplate\":\"https:\\\/\\\/www.versiegelung24.com\\\/pt-pt\\\/?s={search_term_string}\"},\"query-input\":{\"@type\":\"PropertyValueSpecification\",\"valueRequired\":true,\"valueName\":\"search_term_string\"}}],\"inLanguage\":\"pt-PT\"},{\"@type\":\"Organization\",\"@id\":\"https:\\\/\\\/www.versiegelung24.com\\\/pt-pt\\\/#organization\",\"name\":\"versiegelung24\",\"url\":\"https:\\\/\\\/www.versiegelung24.com\\\/pt-pt\\\/\",\"logo\":{\"@type\":\"ImageObject\",\"inLanguage\":\"pt-PT\",\"@id\":\"https:\\\/\\\/www.versiegelung24.com\\\/pt-pt\\\/#\\\/schema\\\/logo\\\/image\\\/\",\"url\":\"https:\\\/\\\/www.versiegelung24.com\\\/wp-content\\\/uploads\\\/2020\\\/04\\\/versiegelung24.png\",\"contentUrl\":\"https:\\\/\\\/www.versiegelung24.com\\\/wp-content\\\/uploads\\\/2020\\\/04\\\/versiegelung24.png\",\"width\":470,\"height\":102,\"caption\":\"versiegelung24\"},\"image\":{\"@id\":\"https:\\\/\\\/www.versiegelung24.com\\\/pt-pt\\\/#\\\/schema\\\/logo\\\/image\\\/\"}}]}<\/script>\n<meta property=\"product:price:amount\" content=\"79.99\" \/>\n<meta property=\"product:price:currency\" content=\"EUR\" \/>\n<meta property=\"og:availability\" content=\"backorder\" \/>\n<meta property=\"product:availability\" content=\"available for order\" \/>\n<meta property=\"product:retailer_item_id\" content=\"TiOS-SG55-SA1-20\" \/>\n<meta property=\"product:condition\" content=\"new\" \/>\n<!-- \/ Yoast SEO Premium plugin. -->","yoast_head_json":{"title":"TiOSEPT\u00ae SG-55 prote\u00e7\u00e3o de superf\u00edcie a longo prazo, 20 conjuntos para 1m\u00b2 cada - versiegelung24.com","robots":{"index":"index","follow":"follow","max-snippet":"max-snippet:-1","max-image-preview":"max-image-preview:large","max-video-preview":"max-video-preview:-1"},"canonical":"https:\/\/www.versiegelung24.com\/pt-pt\/percent-c2-percent.html","og_locale":"pt_PT","og_type":"article","og_title":"TiOSEPT\u00ae SG-55 prote\u00e7\u00e3o de superf\u00edcie a longo prazo, 20 conjuntos para 1m\u00b2 cada","og_description":"Prote\u00e7\u00e3o antimicrobiana de longa dura\u00e7\u00e3o at\u00e9 18 meses para superf\u00edcies lisas Transparente e invis\u00edvel Repelente de \u00e1gua Testado por institutos de ensaio independentes Conjuntos de saquetas prontos a usar para pr\u00e9-limpeza e selagem","og_url":"https:\/\/www.versiegelung24.com\/pt-pt\/percent-c2-percent.html","og_site_name":"versiegelung24.com","article_modified_time":"2025-01-05T16:41:22+00:00","og_image":[{"width":1668,"height":1568,"url":"https:\/\/www.versiegelung24.com\/wp-content\/uploads\/2022\/11\/Tiosept-Schachtel-rechts.jpg","type":"image\/jpeg"}],"twitter_card":"summary_large_image","twitter_misc":{"pre\u00e7o":"79,99&euro;","Disponibilidade":"Por encomenda"},"schema":{"@context":"https:\/\/schema.org","@graph":[{"@type":"WebPage","@id":"https:\/\/www.versiegelung24.com\/pt-pt\/percent-c2-percent.html","url":"https:\/\/www.versiegelung24.com\/pt-pt\/percent-c2-percent.html","name":"TiOSEPT\u00ae SG-55 prote\u00e7\u00e3o de superf\u00edcie a longo prazo, 20 conjuntos para 1m\u00b2 cada - versiegelung24.com","isPartOf":{"@id":"https:\/\/www.versiegelung24.com\/pt-pt\/#website"},"primaryImageOfPage":{"@id":"https:\/\/www.versiegelung24.com\/pt-pt\/percent-c2-percent.html#primaryimage"},"image":{"@id":"https:\/\/www.versiegelung24.com\/pt-pt\/percent-c2-percent.html#primaryimage"},"thumbnailUrl":"https:\/\/www.versiegelung24.com\/wp-content\/uploads\/2022\/11\/Tiosept-Schachtel-rechts.jpg","datePublished":"2022-11-29T13:50:48+00:00","dateModified":"2025-01-05T16:41:22+00:00","breadcrumb":{"@id":"https:\/\/www.versiegelung24.com\/pt-pt\/percent-c2-percent.html#breadcrumb"},"inLanguage":"pt-PT","potentialAction":[{"@type":"ReadAction","target":["https:\/\/www.versiegelung24.com\/pt-pt\/percent-c2-percent.html"]}]},{"@type":"ImageObject","inLanguage":"pt-PT","@id":"https:\/\/www.versiegelung24.com\/pt-pt\/percent-c2-percent.html#primaryimage","url":"https:\/\/www.versiegelung24.com\/wp-content\/uploads\/2022\/11\/Tiosept-Schachtel-rechts.jpg","contentUrl":"https:\/\/www.versiegelung24.com\/wp-content\/uploads\/2022\/11\/Tiosept-Schachtel-rechts.jpg","width":1668,"height":1568},{"@type":"BreadcrumbList","@id":"https:\/\/www.versiegelung24.com\/pt-pt\/percent-c2-percent.html#breadcrumb","itemListElement":[{"@type":"ListItem","position":1,"name":"P\u00e1gina inicial","item":"https:\/\/www.versiegelung24.com\/pt-pt\/frente\/"},{"@type":"ListItem","position":2,"name":"Loja","item":"https:\/\/www.versiegelung24.com\/pt-pt\/loja\/"},{"@type":"ListItem","position":3,"name":"TiOSEPT\u00ae SG-55 prote\u00e7\u00e3o de superf\u00edcie a longo prazo, 20 conjuntos para 1m\u00b2 cada"}]},{"@type":"WebSite","@id":"https:\/\/www.versiegelung24.com\/pt-pt\/#website","url":"https:\/\/www.versiegelung24.com\/pt-pt\/","name":"versiegelung24.com","description":"Fl\u00fcssigglas-Versiegelung - Made in Germany","publisher":{"@id":"https:\/\/www.versiegelung24.com\/pt-pt\/#organization"},"potentialAction":[{"@type":"SearchAction","target":{"@type":"EntryPoint","urlTemplate":"https:\/\/www.versiegelung24.com\/pt-pt\/?s={search_term_string}"},"query-input":{"@type":"PropertyValueSpecification","valueRequired":true,"valueName":"search_term_string"}}],"inLanguage":"pt-PT"},{"@type":"Organization","@id":"https:\/\/www.versiegelung24.com\/pt-pt\/#organization","name":"versiegelung24","url":"https:\/\/www.versiegelung24.com\/pt-pt\/","logo":{"@type":"ImageObject","inLanguage":"pt-PT","@id":"https:\/\/www.versiegelung24.com\/pt-pt\/#\/schema\/logo\/image\/","url":"https:\/\/www.versiegelung24.com\/wp-content\/uploads\/2020\/04\/versiegelung24.png","contentUrl":"https:\/\/www.versiegelung24.com\/wp-content\/uploads\/2020\/04\/versiegelung24.png","width":470,"height":102,"caption":"versiegelung24"},"image":{"@id":"https:\/\/www.versiegelung24.com\/pt-pt\/#\/schema\/logo\/image\/"}}]},"product_price_amount":"79.99","product_price_currency":"EUR","og_availability":"backorder","product_availability":"available for order","product_retailer_item_id":"TiOS-SG55-SA1-20","product_condition":"new"},"_links":{"self":[{"href":"https:\/\/www.versiegelung24.com\/pt-pt\/wp-json\/wp\/v2\/product\/94889","targetHints":{"allow":["GET"]}}],"collection":[{"href":"https:\/\/www.versiegelung24.com\/pt-pt\/wp-json\/wp\/v2\/product"}],"about":[{"href":"https:\/\/www.versiegelung24.com\/pt-pt\/wp-json\/wp\/v2\/types\/product"}],"version-history":[{"count":13,"href":"https:\/\/www.versiegelung24.com\/pt-pt\/wp-json\/wp\/v2\/product\/94889\/revisions"}],"predecessor-version":[{"id":141632,"href":"https:\/\/www.versiegelung24.com\/pt-pt\/wp-json\/wp\/v2\/product\/94889\/revisions\/141632"}],"wp:featuredmedia":[{"embeddable":true,"href":"https:\/\/www.versiegelung24.com\/pt-pt\/wp-json\/wp\/v2\/media\/94931"}],"wp:attachment":[{"href":"https:\/\/www.versiegelung24.com\/pt-pt\/wp-json\/wp\/v2\/media?parent=94889"}],"wp:term":[{"taxonomy":"product_brand","embeddable":true,"href":"https:\/\/www.versiegelung24.com\/pt-pt\/wp-json\/wp\/v2\/product_brand?post=94889"},{"taxonomy":"product_cat","embeddable":true,"href":"https:\/\/www.versiegelung24.com\/pt-pt\/wp-json\/wp\/v2\/product_cat?post=94889"},{"taxonomy":"product_tag","embeddable":true,"href":"https:\/\/www.versiegelung24.com\/pt-pt\/wp-json\/wp\/v2\/product_tag?post=94889"}],"curies":[{"name":"wp","href":"https:\/\/api.w.org\/{rel}","templated":true}]}}