{"id":22456,"date":"2021-08-02T20:42:52","date_gmt":"2021-08-02T18:42:52","guid":{"rendered":"https:\/\/www.versiegelung24.com\/politica-de-anulare-si-formularul-de-anulare"},"modified":"2024-06-25T20:51:09","modified_gmt":"2024-06-25T18:51:09","slug":"politica-de-anulare","status":"publish","type":"page","link":"https:\/\/www.versiegelung24.com\/ro\/politica-de-anulare-si-formularul-de-anulare\/","title":{"rendered":"Politica de anulare \u0219i formularul de anulare"},"content":{"rendered":"<div class=\"main-container col1-layout\">\n<div class=\"main container\">\n<div class=\"inner-container\">\n<div class=\"col-main\">\n<div class=\"std\">\n<p>Consumatorii au dreptul la un drept de retragere \u00een conformitate cu urm\u0103toarele prevederi, prin care un consumator este orice persoan\u0103 fizic\u0103 care \u00eencheie o tranzac\u021bie juridic\u0103 \u00een scopuri care nu sunt predominant nici comerciale, nici independente:<\/p>\n<p><strong>A. Politica de anulare<\/strong><\/p>\n<p><strong>Dreptul de retragere<br \/>\n<\/strong> Ave\u021bi dreptul s\u0103 v\u0103 retrage\u021bi din acest contract \u00een termen de 14 zile, f\u0103r\u0103 a oferi un motiv.<\/p>\n<p>Perioada de anulare este de 14 zile din ziua \u00een care dvs. sau un ter\u021b desemnat de dvs., care nu este transportatorul, a\u021bi intrat \u00een posesia ultimelor bunuri.<\/p>\n<p>Pentru a v\u0103 exercita dreptul de retragere, trebuie s\u0103 ne informa\u021bi (Holger K\u00e4ding, An den Ellmen 14, 53773 Hennef, Tel.: 02242-9695650, e-mail: info@versiegelung24.com) printr-o declara\u021bie clar\u0103 (de exemplu, o scrisoare sau un e-mail trimis prin po\u0219t\u0103) cu privire la decizia dumneavoastr\u0103 de a v\u0103 retrage din acest contract. Pute\u021bi utiliza formularul de retragere model ata\u0219at \u00een acest scop, dar acest lucru nu este obligatoriu.<\/p>\n<p>Pentru a respecta termenul de anulare, este suficient s\u0103 trimite\u021bi notificarea de exercitare a dreptului de anulare \u00eenainte de expirarea perioadei de anulare.<\/p>\n<p><strong><br \/>\nConsecin\u021bele anul\u0103rii<\/strong>\u00cen cazul \u00een care anula\u021bi prezentul contract, v\u0103 vom rambursa toate pl\u0103\u021bile primite de la dvs., inclusiv costurile de livrare (cu excep\u021bia costurilor suplimentare rezultate din alegerea de c\u0103tre dvs. a unui alt tip de livrare dec\u00e2t cel mai ieftin tip de livrare standard oferit de noi), f\u0103r\u0103 \u00eent\u00e2rzieri nejustificate \u0219i, \u00een orice caz, nu mai t\u00e2rziu de 14 zile de la data la care suntem informa\u021bi cu privire la decizia dvs. de a anula prezentul contract.<strong><\/strong> Pentru aceast\u0103 rambursare, vom utiliza acelea\u0219i mijloace de plat\u0103 pe care le-a\u021bi utilizat pentru tranzac\u021bia ini\u021bial\u0103, cu excep\u021bia cazului \u00een care altceva a fost convenit \u00een mod expres cu dvs.; \u00cen nici un caz nu vi se vor percepe taxe pentru aceast\u0103 rambursare. Putem refuza rambursarea p\u00e2n\u0103 c\u00e2nd am primit bunurile \u00eenapoi sau p\u00e2n\u0103 c\u00e2nd nu a\u021bi furnizat dovezi c\u0103 a\u021bi trimis bunurile \u00eenapoi, oricare ar fi fost mai devreme.<\/p>\n<p>Trebuie s\u0103 ne returna\u021bi sau s\u0103 ne preda\u021bi bunurile imediat \u0219i, \u00een orice caz, \u00een cel mult paisprezece zile de la data la care ne-a\u021bi informat despre anularea acestui contract. Termenul este respectat dac\u0103 trimite\u021bi bunurile \u00eenainte de expirarea perioadei de paisprezece zile.<\/p>\n<p>Ve\u021bi suporta costurile directe ale return\u0103rii bunurilor.<\/p>\n<p>Trebuie s\u0103 pl\u0103ti\u021bi pentru orice pierdere de valoare a bunurilor dac\u0103 aceast\u0103 pierdere de valoare se datoreaz\u0103 manipul\u0103rii bunurilor care nu este necesar\u0103 pentru a verifica natura, propriet\u0103\u021bile \u0219i func\u021bionalitatea bunurilor.<\/p>\n<p>Excluderea sau expirarea prematur\u0103 a dreptului de retragere<\/p>\n<p>Dreptul de retragere expir\u0103 prematur \u00een cazul contractelor pentru livrarea de \u00eenregistr\u0103ri audio sau video sau software de calculator \u00eentr-un pachet sigilat dac\u0103 sigiliul a fost eliminat dup\u0103 livrare.<\/p>\n<p><strong>B. Formular de retragere<\/strong><\/p>\n<p>Dac\u0103 dori\u021bi s\u0103 anula\u021bi contractul, v\u0103 rug\u0103m s\u0103 completa\u021bi acest formular \u0219i s\u0103 \u00eel trimite\u021bi \u00eenapoi.<\/p>\n<p>Pe<\/p>\n<p>samstore.de<\/p>\n<p>Holger K\u00e4ding<br \/>\nLa Ellmen 14<br \/>\n53773 Hennef<br \/>\nGermania<br \/>\nE-mail: info@versiegelung24.com<\/p>\n<p>Eu \/ noi (*) revoc prin prezenta contractul \u00eencheiat de mine \/ noi (*) pentru achizi\u021bionarea urm\u0103toarelor bunuri (*) \/ furnizarea urm\u0103torului serviciu (*)<\/p>\n<p>_______________________________________________________<\/p>\n<p>_______________________________________________________<\/p>\n<p>Comandat la (*) ____________ \/ primit la (*) __________________<\/p>\n<p>________________________________________________________<\/p>\n<p>Numele consumatorului (consumatorilor)<\/p>\n<p>________________________________________________________<\/p>\n<p>Adresa consumatorului (consumatorilor)<\/p>\n<p>________________________________________________________<\/p>\n<p>Semn\u0103tura consumatorului (consumatorilor) (numai dac\u0103 aceasta este comunicat\u0103 pe h\u00e2rtie)<\/p>\n<p>_________________________<\/p>\n<p>Data<\/p>\n<p>(*) \u0218terge\u021bi unde nu este aplicabil<\/p>\n<\/div>\n<\/div>\n<div class=\"postscript\"><\/div>\n<\/div>\n<\/div>\n<div class=\"main-bottom-container\"><\/div>\n<\/div>\n<div class=\"footer-container\">\n<div class=\"footer-container2\">\n<div class=\"footer-container3\">\n<div class=\"footer-primary-container section-container\">\n<div class=\"footer-primary footer container\">\n<div class=\"inner-container\">\n<div class=\"clearer\">\n<div class=\"grid12-3\">\n<div class=\"std\">\n<div class=\"collapsible mobile-collapsible\"><\/div>\n<\/div>\n<\/div>\n<\/div>\n<\/div>\n<\/div>\n<\/div>\n<\/div>\n<\/div>\n<\/div>\n","protected":false},"excerpt":{"rendered":"<p>Consumatorii au dreptul la un drept de retragere \u00een conformitate cu urm\u0103toarele prevederi, prin care un consumator este orice persoan\u0103 fizic\u0103 care \u00eencheie o tranzac\u021bie juridic\u0103 \u00een scopuri care nu sunt predominant nici comerciale, nici independente: A. Politica de anulare Dreptul de retragere Ave\u021bi dreptul s\u0103 v\u0103 retrage\u021bi din acest contract \u00een termen de 14&hellip;&nbsp;<a href=\"https:\/\/www.versiegelung24.com\/ro\/politica-de-anulare-si-formularul-de-anulare\/\" rel=\"bookmark\">Read More &raquo;<span class=\"screen-reader-text\">Politica de anulare \u0219i formularul de anulare<\/span><\/a><\/p>\n","protected":false},"author":932,"featured_media":71031,"parent":0,"menu_order":0,"comment_status":"closed","ping_status":"closed","template":"","meta":{"_acf_changed":false,"neve_meta_sidebar":"","neve_meta_container":"","neve_meta_enable_content_width":"","neve_meta_content_width":0,"neve_meta_title_alignment":"","neve_meta_author_avatar":"","neve_post_elements_order":"","neve_meta_disable_header":"","neve_meta_disable_footer":"","neve_meta_disable_title":"","neve_meta_reading_time":"","footnotes":""},"categories":[],"seiten_kategorie":[],"class_list":["post-22456","page","type-page","status-publish","has-post-thumbnail","hentry"],"acf":[],"yoast_head":"<!-- This site is optimized with the Yoast SEO Premium plugin v22.8 (Yoast SEO v27.5) - https:\/\/yoast.com\/product\/yoast-seo-premium-wordpress\/ -->\n<title>Politica de anulare \u0219i formularul de anulare - versiegelung24.com<\/title>\n<meta name=\"robots\" content=\"index, follow, max-snippet:-1, max-image-preview:large, max-video-preview:-1\" \/>\n<link rel=\"canonical\" href=\"https:\/\/www.versiegelung24.com\/ro\/politica-de-anulare-si-formularul-de-anulare\/\" \/>\n<meta property=\"og:locale\" content=\"ro_RO\" \/>\n<meta property=\"og:type\" content=\"article\" \/>\n<meta property=\"og:title\" content=\"Politica de anulare \u0219i formularul de anulare\" \/>\n<meta property=\"og:description\" content=\"Consumatorii au dreptul la un drept de retragere \u00een conformitate cu urm\u0103toarele prevederi, prin care un consumator este orice persoan\u0103 fizic\u0103 care \u00eencheie o tranzac\u021bie juridic\u0103 \u00een scopuri care nu sunt predominant nici comerciale, nici independente: A. Politica de anulare Dreptul de retragere Ave\u021bi dreptul s\u0103 v\u0103 retrage\u021bi din acest contract \u00een termen de 14&hellip;&nbsp;Read More &raquo;Politica de anulare \u0219i formularul de anulare\" \/>\n<meta property=\"og:url\" content=\"https:\/\/www.versiegelung24.com\/ro\/politica-de-anulare-si-formularul-de-anulare\/\" \/>\n<meta property=\"og:site_name\" content=\"versiegelung24.com\" \/>\n<meta property=\"article:modified_time\" content=\"2024-06-25T18:51:09+00:00\" \/>\n<meta property=\"og:image\" content=\"https:\/\/www.versiegelung24.com\/wp-content\/uploads\/2022\/02\/Widerruf.png\" \/>\n\t<meta property=\"og:image:width\" content=\"2000\" \/>\n\t<meta property=\"og:image:height\" content=\"2000\" \/>\n\t<meta property=\"og:image:type\" content=\"image\/png\" \/>\n<meta name=\"twitter:card\" content=\"summary_large_image\" \/>\n<meta name=\"twitter:label1\" content=\"Timp estimat pentru citire\" \/>\n\t<meta name=\"twitter:data1\" content=\"3 minute\" \/>\n<script type=\"application\/ld+json\" class=\"yoast-schema-graph\">{\"@context\":\"https:\\\/\\\/schema.org\",\"@graph\":[{\"@type\":\"WebPage\",\"@id\":\"https:\\\/\\\/www.versiegelung24.com\\\/ro\\\/politica-de-anulare-si-formularul-de-anulare\\\/\",\"url\":\"https:\\\/\\\/www.versiegelung24.com\\\/ro\\\/politica-de-anulare-si-formularul-de-anulare\\\/\",\"name\":\"Politica de anulare \u0219i formularul de anulare - versiegelung24.com\",\"isPartOf\":{\"@id\":\"https:\\\/\\\/www.versiegelung24.com\\\/ro\\\/#website\"},\"primaryImageOfPage\":{\"@id\":\"https:\\\/\\\/www.versiegelung24.com\\\/ro\\\/politica-de-anulare-si-formularul-de-anulare\\\/#primaryimage\"},\"image\":{\"@id\":\"https:\\\/\\\/www.versiegelung24.com\\\/ro\\\/politica-de-anulare-si-formularul-de-anulare\\\/#primaryimage\"},\"thumbnailUrl\":\"https:\\\/\\\/www.versiegelung24.com\\\/wp-content\\\/uploads\\\/2022\\\/02\\\/Widerruf.png\",\"datePublished\":\"2021-08-02T18:42:52+00:00\",\"dateModified\":\"2024-06-25T18:51:09+00:00\",\"breadcrumb\":{\"@id\":\"https:\\\/\\\/www.versiegelung24.com\\\/ro\\\/politica-de-anulare-si-formularul-de-anulare\\\/#breadcrumb\"},\"inLanguage\":\"ro-RO\",\"potentialAction\":[{\"@type\":\"ReadAction\",\"target\":[\"https:\\\/\\\/www.versiegelung24.com\\\/ro\\\/politica-de-anulare-si-formularul-de-anulare\\\/\"]}]},{\"@type\":\"ImageObject\",\"inLanguage\":\"ro-RO\",\"@id\":\"https:\\\/\\\/www.versiegelung24.com\\\/ro\\\/politica-de-anulare-si-formularul-de-anulare\\\/#primaryimage\",\"url\":\"https:\\\/\\\/www.versiegelung24.com\\\/wp-content\\\/uploads\\\/2022\\\/02\\\/Widerruf.png\",\"contentUrl\":\"https:\\\/\\\/www.versiegelung24.com\\\/wp-content\\\/uploads\\\/2022\\\/02\\\/Widerruf.png\",\"width\":2000,\"height\":2000},{\"@type\":\"BreadcrumbList\",\"@id\":\"https:\\\/\\\/www.versiegelung24.com\\\/ro\\\/politica-de-anulare-si-formularul-de-anulare\\\/#breadcrumb\",\"itemListElement\":[{\"@type\":\"ListItem\",\"position\":1,\"name\":\"Pagina de start\",\"item\":\"https:\\\/\\\/www.versiegelung24.com\\\/ro\\\/fata\\\/\"},{\"@type\":\"ListItem\",\"position\":2,\"name\":\"Politica de anulare \u0219i formularul de anulare\"}]},{\"@type\":\"WebSite\",\"@id\":\"https:\\\/\\\/www.versiegelung24.com\\\/ro\\\/#website\",\"url\":\"https:\\\/\\\/www.versiegelung24.com\\\/ro\\\/\",\"name\":\"versiegelung24.com\",\"description\":\"Fl\u00fcssigglas-Versiegelung - Made in Germany\",\"publisher\":{\"@id\":\"https:\\\/\\\/www.versiegelung24.com\\\/ro\\\/#organization\"},\"potentialAction\":[{\"@type\":\"SearchAction\",\"target\":{\"@type\":\"EntryPoint\",\"urlTemplate\":\"https:\\\/\\\/www.versiegelung24.com\\\/ro\\\/?s={search_term_string}\"},\"query-input\":{\"@type\":\"PropertyValueSpecification\",\"valueRequired\":true,\"valueName\":\"search_term_string\"}}],\"inLanguage\":\"ro-RO\"},{\"@type\":\"Organization\",\"@id\":\"https:\\\/\\\/www.versiegelung24.com\\\/ro\\\/#organization\",\"name\":\"versiegelung24\",\"url\":\"https:\\\/\\\/www.versiegelung24.com\\\/ro\\\/\",\"logo\":{\"@type\":\"ImageObject\",\"inLanguage\":\"ro-RO\",\"@id\":\"https:\\\/\\\/www.versiegelung24.com\\\/ro\\\/#\\\/schema\\\/logo\\\/image\\\/\",\"url\":\"https:\\\/\\\/www.versiegelung24.com\\\/wp-content\\\/uploads\\\/2020\\\/04\\\/versiegelung24.png\",\"contentUrl\":\"https:\\\/\\\/www.versiegelung24.com\\\/wp-content\\\/uploads\\\/2020\\\/04\\\/versiegelung24.png\",\"width\":470,\"height\":102,\"caption\":\"versiegelung24\"},\"image\":{\"@id\":\"https:\\\/\\\/www.versiegelung24.com\\\/ro\\\/#\\\/schema\\\/logo\\\/image\\\/\"}}]}<\/script>\n<!-- \/ Yoast SEO Premium plugin. -->","yoast_head_json":{"title":"Politica de anulare \u0219i formularul de anulare - versiegelung24.com","robots":{"index":"index","follow":"follow","max-snippet":"max-snippet:-1","max-image-preview":"max-image-preview:large","max-video-preview":"max-video-preview:-1"},"canonical":"https:\/\/www.versiegelung24.com\/ro\/politica-de-anulare-si-formularul-de-anulare\/","og_locale":"ro_RO","og_type":"article","og_title":"Politica de anulare \u0219i formularul de anulare","og_description":"Consumatorii au dreptul la un drept de retragere \u00een conformitate cu urm\u0103toarele prevederi, prin care un consumator este orice persoan\u0103 fizic\u0103 care \u00eencheie o tranzac\u021bie juridic\u0103 \u00een scopuri care nu sunt predominant nici comerciale, nici independente: A. Politica de anulare Dreptul de retragere Ave\u021bi dreptul s\u0103 v\u0103 retrage\u021bi din acest contract \u00een termen de 14&hellip;&nbsp;Read More &raquo;Politica de anulare \u0219i formularul de anulare","og_url":"https:\/\/www.versiegelung24.com\/ro\/politica-de-anulare-si-formularul-de-anulare\/","og_site_name":"versiegelung24.com","article_modified_time":"2024-06-25T18:51:09+00:00","og_image":[{"width":2000,"height":2000,"url":"https:\/\/www.versiegelung24.com\/wp-content\/uploads\/2022\/02\/Widerruf.png","type":"image\/png"}],"twitter_card":"summary_large_image","twitter_misc":{"Timp estimat pentru citire":"3 minute"},"schema":{"@context":"https:\/\/schema.org","@graph":[{"@type":"WebPage","@id":"https:\/\/www.versiegelung24.com\/ro\/politica-de-anulare-si-formularul-de-anulare\/","url":"https:\/\/www.versiegelung24.com\/ro\/politica-de-anulare-si-formularul-de-anulare\/","name":"Politica de anulare \u0219i formularul de anulare - versiegelung24.com","isPartOf":{"@id":"https:\/\/www.versiegelung24.com\/ro\/#website"},"primaryImageOfPage":{"@id":"https:\/\/www.versiegelung24.com\/ro\/politica-de-anulare-si-formularul-de-anulare\/#primaryimage"},"image":{"@id":"https:\/\/www.versiegelung24.com\/ro\/politica-de-anulare-si-formularul-de-anulare\/#primaryimage"},"thumbnailUrl":"https:\/\/www.versiegelung24.com\/wp-content\/uploads\/2022\/02\/Widerruf.png","datePublished":"2021-08-02T18:42:52+00:00","dateModified":"2024-06-25T18:51:09+00:00","breadcrumb":{"@id":"https:\/\/www.versiegelung24.com\/ro\/politica-de-anulare-si-formularul-de-anulare\/#breadcrumb"},"inLanguage":"ro-RO","potentialAction":[{"@type":"ReadAction","target":["https:\/\/www.versiegelung24.com\/ro\/politica-de-anulare-si-formularul-de-anulare\/"]}]},{"@type":"ImageObject","inLanguage":"ro-RO","@id":"https:\/\/www.versiegelung24.com\/ro\/politica-de-anulare-si-formularul-de-anulare\/#primaryimage","url":"https:\/\/www.versiegelung24.com\/wp-content\/uploads\/2022\/02\/Widerruf.png","contentUrl":"https:\/\/www.versiegelung24.com\/wp-content\/uploads\/2022\/02\/Widerruf.png","width":2000,"height":2000},{"@type":"BreadcrumbList","@id":"https:\/\/www.versiegelung24.com\/ro\/politica-de-anulare-si-formularul-de-anulare\/#breadcrumb","itemListElement":[{"@type":"ListItem","position":1,"name":"Pagina de start","item":"https:\/\/www.versiegelung24.com\/ro\/fata\/"},{"@type":"ListItem","position":2,"name":"Politica de anulare \u0219i formularul de anulare"}]},{"@type":"WebSite","@id":"https:\/\/www.versiegelung24.com\/ro\/#website","url":"https:\/\/www.versiegelung24.com\/ro\/","name":"versiegelung24.com","description":"Fl\u00fcssigglas-Versiegelung - Made in Germany","publisher":{"@id":"https:\/\/www.versiegelung24.com\/ro\/#organization"},"potentialAction":[{"@type":"SearchAction","target":{"@type":"EntryPoint","urlTemplate":"https:\/\/www.versiegelung24.com\/ro\/?s={search_term_string}"},"query-input":{"@type":"PropertyValueSpecification","valueRequired":true,"valueName":"search_term_string"}}],"inLanguage":"ro-RO"},{"@type":"Organization","@id":"https:\/\/www.versiegelung24.com\/ro\/#organization","name":"versiegelung24","url":"https:\/\/www.versiegelung24.com\/ro\/","logo":{"@type":"ImageObject","inLanguage":"ro-RO","@id":"https:\/\/www.versiegelung24.com\/ro\/#\/schema\/logo\/image\/","url":"https:\/\/www.versiegelung24.com\/wp-content\/uploads\/2020\/04\/versiegelung24.png","contentUrl":"https:\/\/www.versiegelung24.com\/wp-content\/uploads\/2020\/04\/versiegelung24.png","width":470,"height":102,"caption":"versiegelung24"},"image":{"@id":"https:\/\/www.versiegelung24.com\/ro\/#\/schema\/logo\/image\/"}}]}},"_links":{"self":[{"href":"https:\/\/www.versiegelung24.com\/ro\/wp-json\/wp\/v2\/pages\/22456","targetHints":{"allow":["GET"]}}],"collection":[{"href":"https:\/\/www.versiegelung24.com\/ro\/wp-json\/wp\/v2\/pages"}],"about":[{"href":"https:\/\/www.versiegelung24.com\/ro\/wp-json\/wp\/v2\/types\/page"}],"author":[{"embeddable":true,"href":"https:\/\/www.versiegelung24.com\/ro\/wp-json\/wp\/v2\/users\/932"}],"replies":[{"embeddable":true,"href":"https:\/\/www.versiegelung24.com\/ro\/wp-json\/wp\/v2\/comments?post=22456"}],"version-history":[{"count":3,"href":"https:\/\/www.versiegelung24.com\/ro\/wp-json\/wp\/v2\/pages\/22456\/revisions"}],"predecessor-version":[{"id":167642,"href":"https:\/\/www.versiegelung24.com\/ro\/wp-json\/wp\/v2\/pages\/22456\/revisions\/167642"}],"wp:featuredmedia":[{"embeddable":true,"href":"https:\/\/www.versiegelung24.com\/ro\/wp-json\/wp\/v2\/media\/71031"}],"wp:attachment":[{"href":"https:\/\/www.versiegelung24.com\/ro\/wp-json\/wp\/v2\/media?parent=22456"}],"wp:term":[{"taxonomy":"category","embeddable":true,"href":"https:\/\/www.versiegelung24.com\/ro\/wp-json\/wp\/v2\/categories?post=22456"},{"taxonomy":"seiten_kategorie","embeddable":true,"href":"https:\/\/www.versiegelung24.com\/ro\/wp-json\/wp\/v2\/seiten_kategorie?post=22456"}],"curies":[{"name":"wp","href":"https:\/\/api.w.org\/{rel}","templated":true}]}}