{"id":25333,"date":"2021-08-03T10:06:49","date_gmt":"2021-08-03T08:06:49","guid":{"rendered":"https:\/\/www.versiegelung24.com\/a-lua-legatura"},"modified":"2023-11-28T11:02:47","modified_gmt":"2023-11-28T10:02:47","slug":"a-lua-legatura","status":"publish","type":"page","link":"https:\/\/www.versiegelung24.com\/ro\/a-lua-legatura\/","title":{"rendered":"a lua legatura"},"content":{"rendered":"\t\t<div data-elementor-type=\"wp-page\" data-elementor-id=\"25333\" class=\"elementor elementor-25333 elementor-3277\" data-elementor-post-type=\"page\">\n\t\t\t\t\t\t<section class=\"elementor-section elementor-top-section elementor-element elementor-element-3dc714b6 elementor-section-boxed elementor-section-height-default elementor-section-height-default\" data-id=\"3dc714b6\" data-element_type=\"section\" data-e-type=\"section\">\n\t\t\t\t\t\t<div class=\"elementor-container elementor-column-gap-default\">\n\t\t\t\t\t<div class=\"elementor-column elementor-col-100 elementor-top-column elementor-element elementor-element-14b7050d\" data-id=\"14b7050d\" data-element_type=\"column\" data-e-type=\"column\">\n\t\t\t<div class=\"elementor-widget-wrap elementor-element-populated\">\n\t\t\t\t\t\t<section class=\"elementor-section elementor-inner-section elementor-element elementor-element-4b3971db elementor-section-boxed elementor-section-height-default elementor-section-height-default\" data-id=\"4b3971db\" data-element_type=\"section\" data-e-type=\"section\">\n\t\t\t\t\t\t<div class=\"elementor-container elementor-column-gap-default\">\n\t\t\t\t\t<div class=\"elementor-column elementor-col-50 elementor-inner-column elementor-element elementor-element-480015cb\" data-id=\"480015cb\" data-element_type=\"column\" data-e-type=\"column\">\n\t\t\t<div class=\"elementor-widget-wrap elementor-element-populated\">\n\t\t\t\t\t\t<div class=\"elementor-element elementor-element-2453bf87 elementor-widget elementor-widget-image\" data-id=\"2453bf87\" data-element_type=\"widget\" data-e-type=\"widget\" data-widget_type=\"image.default\">\n\t\t\t\t<div class=\"elementor-widget-container\">\n\t\t\t\t\t\t\t\t\t\t\t\t\t\t\t<img fetchpriority=\"high\" decoding=\"async\" width=\"1200\" height=\"349\" src=\"https:\/\/www.versiegelung24.com\/wp-content\/uploads\/2023\/11\/logo-kontaktseite-1300x378.webp\" class=\"attachment-large size-large wp-image-133726\" alt=\"\" srcset=\"https:\/\/www.versiegelung24.com\/wp-content\/uploads\/2023\/11\/logo-kontaktseite-1300x378.webp 1300w, https:\/\/www.versiegelung24.com\/wp-content\/uploads\/2023\/11\/logo-kontaktseite-300x87.webp 300w, https:\/\/www.versiegelung24.com\/wp-content\/uploads\/2023\/11\/logo-kontaktseite-768x223.webp 768w, https:\/\/www.versiegelung24.com\/wp-content\/uploads\/2023\/11\/logo-kontaktseite-1536x447.webp 1536w, https:\/\/www.versiegelung24.com\/wp-content\/uploads\/2023\/11\/logo-kontaktseite-600x175.webp 600w, https:\/\/www.versiegelung24.com\/wp-content\/uploads\/2023\/11\/logo-kontaktseite.webp 2000w\" sizes=\"(max-width: 1200px) 100vw, 1200px\" \/>\t\t\t\t\t\t\t\t\t\t\t\t\t\t\t<\/div>\n\t\t\t\t<\/div>\n\t\t\t\t\t<\/div>\n\t\t<\/div>\n\t\t\t\t<div class=\"elementor-column elementor-col-50 elementor-inner-column elementor-element elementor-element-7b53c7bc\" data-id=\"7b53c7bc\" data-element_type=\"column\" data-e-type=\"column\">\n\t\t\t<div class=\"elementor-widget-wrap elementor-element-populated\">\n\t\t\t\t\t\t<div class=\"elementor-element elementor-element-4d1a0711 elementor-widget elementor-widget-heading\" data-id=\"4d1a0711\" data-element_type=\"widget\" data-e-type=\"widget\" data-widget_type=\"heading.default\">\n\t\t\t\t<div class=\"elementor-widget-container\">\n\t\t\t\t\t<h2 class=\"elementor-heading-title elementor-size-default\">Sfaturi \u0219i asisten\u021b\u0103 pentru produs<\/h2>\t\t\t\t<\/div>\n\t\t\t\t<\/div>\n\t\t\t\t<div class=\"elementor-element elementor-element-6bb7e0d3 elementor-widget elementor-widget-text-editor\" data-id=\"6bb7e0d3\" data-element_type=\"widget\" data-e-type=\"widget\" data-widget_type=\"text-editor.default\">\n\t\t\t\t<div class=\"elementor-widget-container\">\n\t\t\t\t\t\t\t\t\t<p>Suntem foarte \u00eenc\u00e2nta\u021bi c\u0103 sunte\u021bi interesat de produsele noastre \u0219i suntem bucuro\u0219i s\u0103 v\u0103 r\u0103spundem la orice \u00eentreb\u0103ri.<\/p>\n<p><\/p>\n<p>Pentru a putea procesa solicitarea dvs. \u00een cel mai bun mod posibil, v\u0103 rug\u0103m s\u0103 completa\u021bi formularul nostru de contact sau s\u0103 ne trimite\u021bi un e-mail la<a href=\"mailto:info@versiegelung24.com\"> info@versiegelung24.com<\/a> a scrie.<\/p>\n<p><\/p>\n<p>V\u0103 vom contacta c\u00e2t mai cur\u00e2nd posibil.<\/p>\n<p><\/p>\n<p><strong>Echipa dvs. de service versiegelung24.com.<\/strong><\/p>\t\t\t\t\t\t\t\t<\/div>\n\t\t\t\t<\/div>\n\t\t\t\t\t<\/div>\n\t\t<\/div>\n\t\t\t\t\t<\/div>\n\t\t<\/section>\n\t\t\t\t<section class=\"elementor-section elementor-inner-section elementor-element elementor-element-2a4ee3a8 elementor-section-boxed elementor-section-height-default elementor-section-height-default\" data-id=\"2a4ee3a8\" data-element_type=\"section\" data-e-type=\"section\">\n\t\t\t\t\t\t<div class=\"elementor-container elementor-column-gap-default\">\n\t\t\t\t\t<div class=\"elementor-column elementor-col-100 elementor-inner-column elementor-element elementor-element-69c4bee1\" data-id=\"69c4bee1\" data-element_type=\"column\" data-e-type=\"column\">\n\t\t\t<div class=\"elementor-widget-wrap elementor-element-populated\">\n\t\t\t\t\t\t<div class=\"elementor-element elementor-element-49ba6b22 eael-wpforms-labels-yes eael-wpforms-form-button-custom elementor-widget elementor-widget-eael-wpforms\" data-id=\"49ba6b22\" data-element_type=\"widget\" data-e-type=\"widget\" data-widget_type=\"eael-wpforms.default\">\n\t\t\t\t<div class=\"elementor-widget-container\">\n\t\t\t\t\t            <div class=\"eael-contact-form eael-wpforms eael-wpforms-align-default\">\n                                <div class=\"wpforms-container wpforms-container-full\" id=\"wpforms-10789\"><form id=\"wpforms-form-10789\" class=\"wpforms-validate wpforms-form\" data-formid=\"10789\" method=\"post\" enctype=\"multipart\/form-data\" action=\"\/ro\/wp-json\/wp\/v2\/pages\/25333\" data-token=\"efef211d8087d91a40cc668f7929228c\" data-token-time=\"1777530477\"><div class=\"wpforms-head-container\"><div class=\"wpforms-title\">Formular de contact<\/div><\/div><noscript class=\"wpforms-error-noscript\">Please enable JavaScript in your browser to complete this form.<\/noscript><div class=\"wpforms-field-container\"><div id=\"wpforms-10789-field_5-container\" class=\"wpforms-field wpforms-field-text\" data-field-id=\"5\"><label class=\"wpforms-field-label\" for=\"wpforms-10789-field_5\">Prenume<\/label><input type=\"text\" id=\"wpforms-10789-field_5\" class=\"wpforms-field-medium\" name=\"wpforms[fields][5]\" ><\/div><div id=\"wpforms-10789-field_7-container\" class=\"wpforms-field wpforms-field-text\" data-field-id=\"7\"><label class=\"wpforms-field-label\" for=\"wpforms-10789-field_7\">Numele de familie<\/label><input type=\"text\" id=\"wpforms-10789-field_7\" class=\"wpforms-field-medium\" name=\"wpforms[fields][7]\" ><\/div><div id=\"wpforms-10789-field_8-container\" class=\"wpforms-field wpforms-field-text\" data-field-id=\"8\"><label class=\"wpforms-field-label\" for=\"wpforms-10789-field_8\">Compania<\/label><input type=\"text\" id=\"wpforms-10789-field_8\" class=\"wpforms-field-medium\" name=\"wpforms[fields][8]\" ><\/div><div id=\"wpforms-10789-field_10-container\" class=\"wpforms-field wpforms-field-text\" data-field-id=\"10\"><label class=\"wpforms-field-label wpforms-label-hide\" for=\"wpforms-10789-field_10\">URL<\/label><input type=\"text\" id=\"wpforms-10789-field_10\" class=\"wpforms-field-medium\" name=\"wpforms[fields][10]\" value=\"https:\/\/www.versiegelung24.com\/ro\/wp-json\/wp\/v2\/pages\/25333\" ><\/div><div id=\"wpforms-10789-field_1-container\" class=\"wpforms-field wpforms-field-email\" data-field-id=\"1\"><label class=\"wpforms-field-label\" for=\"wpforms-10789-field_1\">Adresa de e-mail <span class=\"wpforms-required-label\">*<\/span><\/label><input type=\"email\" id=\"wpforms-10789-field_1\" class=\"wpforms-field-medium wpforms-field-required\" name=\"wpforms[fields][1]\" spellcheck=\"false\" required><\/div><div id=\"wpforms-10789-field_4-container\" class=\"wpforms-field wpforms-field-text\" data-field-id=\"4\"><label class=\"wpforms-field-label\" for=\"wpforms-10789-field_4\">Num\u0103r de telefon<\/label><input type=\"text\" id=\"wpforms-10789-field_4\" class=\"wpforms-field-medium\" name=\"wpforms[fields][4]\" ><\/div><div id=\"wpforms-10789-field_2-container\" class=\"wpforms-field wpforms-field-textarea\" data-field-id=\"2\"><label class=\"wpforms-field-label\" for=\"wpforms-10789-field_2\">Mesajul dumneavoastr\u0103 c\u0103tre noi <span class=\"wpforms-required-label\">*<\/span><\/label><textarea id=\"wpforms-10789-field_2\" class=\"wpforms-field-large wpforms-field-required\" name=\"wpforms[fields][2]\" required><\/textarea><div class=\"wpforms-field-description\"><button data-service=\"google-recaptcha\" data-category=\"marketing\" class=\"cmplz-blocked-content-container cmplz-blocked-content-notice cmplz-accept-service cmplz-accept-marketing cmplz-wpforms\" \r\nstyle=\"text-align: left; cursor: pointer;margin-top:20px;background-color:white;border:none;color: var(--nv-primary-accent);font-weight: 700;font-size: 16px;\"> Bitte akzeptieren Sie mit Klick auf diesen Text die reCaptcha Cookies, damit Sie das Formular abschicken k\u00f6nnen.\r\n<\/button><\/div><\/div><\/div><!-- .wpforms-field-container --><div class=\"wpforms-recaptcha-container wpforms-is-recaptcha wpforms-is-recaptcha-type-v3\" ><input type=\"hidden\" name=\"wpforms[recaptcha]\" value=\"\"><\/div><div class=\"wpforms-submit-container\" ><input type=\"hidden\" name=\"wpforms[id]\" value=\"10789\"><input type=\"hidden\" name=\"page_title\" value=\"\"><input type=\"hidden\" name=\"page_url\" value=\"https:\/\/www.versiegelung24.com\/ro\/wp-json\/wp\/v2\/pages\/25333\"><input type=\"hidden\" name=\"url_referer\" value=\"\"><button type=\"submit\" name=\"wpforms[submit]\" id=\"wpforms-submit-10789\" class=\"wpforms-submit\" data-alt-text=\"Va fi expediat...\" data-submit-text=\"Trimite\u021bi\" aria-live=\"assertive\" value=\"wpforms-submit\">Trimite\u021bi<\/button><\/div><\/form><\/div>  <!-- .wpforms-container -->            <\/div>\n\t\t\t\t<\/div>\n\t\t\t\t<\/div>\n\t\t\t\t\t<\/div>\n\t\t<\/div>\n\t\t\t\t\t<\/div>\n\t\t<\/section>\n\t\t\t\t\t<\/div>\n\t\t<\/div>\n\t\t\t\t\t<\/div>\n\t\t<\/section>\n\t\t\t\t<\/div>\n\t\t","protected":false},"excerpt":{"rendered":"<p>Sfaturi \u0219i asisten\u021b\u0103 pentru produs Suntem foarte \u00eenc\u00e2nta\u021bi c\u0103 sunte\u021bi interesat de produsele noastre \u0219i suntem bucuro\u0219i s\u0103 v\u0103 r\u0103spundem la orice \u00eentreb\u0103ri. Pentru a putea procesa solicitarea dvs. \u00een cel mai bun mod posibil, v\u0103 rug\u0103m s\u0103 completa\u021bi formularul nostru de contact sau s\u0103 ne trimite\u021bi un e-mail la info@versiegelung24.com a scrie. V\u0103 vom&hellip;&nbsp;<a href=\"https:\/\/www.versiegelung24.com\/ro\/a-lua-legatura\/\" rel=\"bookmark\">Read More &raquo;<span class=\"screen-reader-text\">a lua legatura<\/span><\/a><\/p>\n","protected":false},"author":932,"featured_media":70605,"parent":0,"menu_order":9,"comment_status":"closed","ping_status":"closed","template":"","meta":{"_acf_changed":false,"neve_meta_sidebar":"default","neve_meta_container":"","neve_meta_enable_content_width":"","neve_meta_content_width":0,"neve_meta_title_alignment":"","neve_meta_author_avatar":"","neve_post_elements_order":"","neve_meta_disable_header":"","neve_meta_disable_footer":"","neve_meta_disable_title":"off","neve_meta_reading_time":"","footnotes":""},"categories":[],"seiten_kategorie":[],"class_list":["post-25333","page","type-page","status-publish","has-post-thumbnail","hentry"],"acf":[],"yoast_head":"<!-- This site is optimized with the Yoast SEO Premium plugin v22.8 (Yoast SEO v27.5) - https:\/\/yoast.com\/product\/yoast-seo-premium-wordpress\/ -->\n<title>a lua legatura - versiegelung24.com<\/title>\n<meta name=\"robots\" content=\"index, follow, max-snippet:-1, max-image-preview:large, max-video-preview:-1\" \/>\n<link rel=\"canonical\" href=\"https:\/\/www.versiegelung24.com\/ro\/a-lua-legatura\/\" \/>\n<meta property=\"og:locale\" content=\"ro_RO\" \/>\n<meta property=\"og:type\" content=\"article\" \/>\n<meta property=\"og:title\" content=\"a lua legatura\" \/>\n<meta property=\"og:description\" content=\"Sfaturi \u0219i asisten\u021b\u0103 pentru produs Suntem foarte \u00eenc\u00e2nta\u021bi c\u0103 sunte\u021bi interesat de produsele noastre \u0219i suntem bucuro\u0219i s\u0103 v\u0103 r\u0103spundem la orice \u00eentreb\u0103ri. Pentru a putea procesa solicitarea dvs. \u00een cel mai bun mod posibil, v\u0103 rug\u0103m s\u0103 completa\u021bi formularul nostru de contact sau s\u0103 ne trimite\u021bi un e-mail la info@versiegelung24.com a scrie. V\u0103 vom&hellip;&nbsp;Read More &raquo;a lua legatura\" \/>\n<meta property=\"og:url\" content=\"https:\/\/www.versiegelung24.com\/ro\/a-lua-legatura\/\" \/>\n<meta property=\"og:site_name\" content=\"versiegelung24.com\" \/>\n<meta property=\"article:modified_time\" content=\"2023-11-28T10:02:47+00:00\" \/>\n<meta property=\"og:image\" content=\"https:\/\/www.versiegelung24.com\/wp-content\/uploads\/2022\/02\/Kontakt.png\" \/>\n\t<meta property=\"og:image:width\" content=\"2000\" \/>\n\t<meta property=\"og:image:height\" content=\"2000\" \/>\n\t<meta property=\"og:image:type\" content=\"image\/png\" \/>\n<meta name=\"twitter:card\" content=\"summary_large_image\" \/>\n<script type=\"application\/ld+json\" class=\"yoast-schema-graph\">{\"@context\":\"https:\\\/\\\/schema.org\",\"@graph\":[{\"@type\":\"WebPage\",\"@id\":\"https:\\\/\\\/www.versiegelung24.com\\\/ro\\\/a-lua-legatura\\\/\",\"url\":\"https:\\\/\\\/www.versiegelung24.com\\\/ro\\\/a-lua-legatura\\\/\",\"name\":\"a lua legatura - versiegelung24.com\",\"isPartOf\":{\"@id\":\"https:\\\/\\\/www.versiegelung24.com\\\/ro\\\/#website\"},\"primaryImageOfPage\":{\"@id\":\"https:\\\/\\\/www.versiegelung24.com\\\/ro\\\/a-lua-legatura\\\/#primaryimage\"},\"image\":{\"@id\":\"https:\\\/\\\/www.versiegelung24.com\\\/ro\\\/a-lua-legatura\\\/#primaryimage\"},\"thumbnailUrl\":\"https:\\\/\\\/www.versiegelung24.com\\\/wp-content\\\/uploads\\\/2022\\\/02\\\/Kontakt.png\",\"datePublished\":\"2021-08-03T08:06:49+00:00\",\"dateModified\":\"2023-11-28T10:02:47+00:00\",\"breadcrumb\":{\"@id\":\"https:\\\/\\\/www.versiegelung24.com\\\/ro\\\/a-lua-legatura\\\/#breadcrumb\"},\"inLanguage\":\"ro-RO\",\"potentialAction\":[{\"@type\":\"ReadAction\",\"target\":[\"https:\\\/\\\/www.versiegelung24.com\\\/ro\\\/a-lua-legatura\\\/\"]}]},{\"@type\":\"ImageObject\",\"inLanguage\":\"ro-RO\",\"@id\":\"https:\\\/\\\/www.versiegelung24.com\\\/ro\\\/a-lua-legatura\\\/#primaryimage\",\"url\":\"https:\\\/\\\/www.versiegelung24.com\\\/wp-content\\\/uploads\\\/2022\\\/02\\\/Kontakt.png\",\"contentUrl\":\"https:\\\/\\\/www.versiegelung24.com\\\/wp-content\\\/uploads\\\/2022\\\/02\\\/Kontakt.png\",\"width\":2000,\"height\":2000},{\"@type\":\"BreadcrumbList\",\"@id\":\"https:\\\/\\\/www.versiegelung24.com\\\/ro\\\/a-lua-legatura\\\/#breadcrumb\",\"itemListElement\":[{\"@type\":\"ListItem\",\"position\":1,\"name\":\"Pagina de start\",\"item\":\"https:\\\/\\\/www.versiegelung24.com\\\/ro\\\/fata\\\/\"},{\"@type\":\"ListItem\",\"position\":2,\"name\":\"a lua legatura\"}]},{\"@type\":\"WebSite\",\"@id\":\"https:\\\/\\\/www.versiegelung24.com\\\/ro\\\/#website\",\"url\":\"https:\\\/\\\/www.versiegelung24.com\\\/ro\\\/\",\"name\":\"versiegelung24.com\",\"description\":\"Fl\u00fcssigglas-Versiegelung - Made in Germany\",\"publisher\":{\"@id\":\"https:\\\/\\\/www.versiegelung24.com\\\/ro\\\/#organization\"},\"potentialAction\":[{\"@type\":\"SearchAction\",\"target\":{\"@type\":\"EntryPoint\",\"urlTemplate\":\"https:\\\/\\\/www.versiegelung24.com\\\/ro\\\/?s={search_term_string}\"},\"query-input\":{\"@type\":\"PropertyValueSpecification\",\"valueRequired\":true,\"valueName\":\"search_term_string\"}}],\"inLanguage\":\"ro-RO\"},{\"@type\":\"Organization\",\"@id\":\"https:\\\/\\\/www.versiegelung24.com\\\/ro\\\/#organization\",\"name\":\"versiegelung24\",\"url\":\"https:\\\/\\\/www.versiegelung24.com\\\/ro\\\/\",\"logo\":{\"@type\":\"ImageObject\",\"inLanguage\":\"ro-RO\",\"@id\":\"https:\\\/\\\/www.versiegelung24.com\\\/ro\\\/#\\\/schema\\\/logo\\\/image\\\/\",\"url\":\"https:\\\/\\\/www.versiegelung24.com\\\/wp-content\\\/uploads\\\/2020\\\/04\\\/versiegelung24.png\",\"contentUrl\":\"https:\\\/\\\/www.versiegelung24.com\\\/wp-content\\\/uploads\\\/2020\\\/04\\\/versiegelung24.png\",\"width\":470,\"height\":102,\"caption\":\"versiegelung24\"},\"image\":{\"@id\":\"https:\\\/\\\/www.versiegelung24.com\\\/ro\\\/#\\\/schema\\\/logo\\\/image\\\/\"}}]}<\/script>\n<!-- \/ Yoast SEO Premium plugin. -->","yoast_head_json":{"title":"a lua legatura - versiegelung24.com","robots":{"index":"index","follow":"follow","max-snippet":"max-snippet:-1","max-image-preview":"max-image-preview:large","max-video-preview":"max-video-preview:-1"},"canonical":"https:\/\/www.versiegelung24.com\/ro\/a-lua-legatura\/","og_locale":"ro_RO","og_type":"article","og_title":"a lua legatura","og_description":"Sfaturi \u0219i asisten\u021b\u0103 pentru produs Suntem foarte \u00eenc\u00e2nta\u021bi c\u0103 sunte\u021bi interesat de produsele noastre \u0219i suntem bucuro\u0219i s\u0103 v\u0103 r\u0103spundem la orice \u00eentreb\u0103ri. Pentru a putea procesa solicitarea dvs. \u00een cel mai bun mod posibil, v\u0103 rug\u0103m s\u0103 completa\u021bi formularul nostru de contact sau s\u0103 ne trimite\u021bi un e-mail la info@versiegelung24.com a scrie. V\u0103 vom&hellip;&nbsp;Read More &raquo;a lua legatura","og_url":"https:\/\/www.versiegelung24.com\/ro\/a-lua-legatura\/","og_site_name":"versiegelung24.com","article_modified_time":"2023-11-28T10:02:47+00:00","og_image":[{"width":2000,"height":2000,"url":"https:\/\/www.versiegelung24.com\/wp-content\/uploads\/2022\/02\/Kontakt.png","type":"image\/png"}],"twitter_card":"summary_large_image","schema":{"@context":"https:\/\/schema.org","@graph":[{"@type":"WebPage","@id":"https:\/\/www.versiegelung24.com\/ro\/a-lua-legatura\/","url":"https:\/\/www.versiegelung24.com\/ro\/a-lua-legatura\/","name":"a lua legatura - versiegelung24.com","isPartOf":{"@id":"https:\/\/www.versiegelung24.com\/ro\/#website"},"primaryImageOfPage":{"@id":"https:\/\/www.versiegelung24.com\/ro\/a-lua-legatura\/#primaryimage"},"image":{"@id":"https:\/\/www.versiegelung24.com\/ro\/a-lua-legatura\/#primaryimage"},"thumbnailUrl":"https:\/\/www.versiegelung24.com\/wp-content\/uploads\/2022\/02\/Kontakt.png","datePublished":"2021-08-03T08:06:49+00:00","dateModified":"2023-11-28T10:02:47+00:00","breadcrumb":{"@id":"https:\/\/www.versiegelung24.com\/ro\/a-lua-legatura\/#breadcrumb"},"inLanguage":"ro-RO","potentialAction":[{"@type":"ReadAction","target":["https:\/\/www.versiegelung24.com\/ro\/a-lua-legatura\/"]}]},{"@type":"ImageObject","inLanguage":"ro-RO","@id":"https:\/\/www.versiegelung24.com\/ro\/a-lua-legatura\/#primaryimage","url":"https:\/\/www.versiegelung24.com\/wp-content\/uploads\/2022\/02\/Kontakt.png","contentUrl":"https:\/\/www.versiegelung24.com\/wp-content\/uploads\/2022\/02\/Kontakt.png","width":2000,"height":2000},{"@type":"BreadcrumbList","@id":"https:\/\/www.versiegelung24.com\/ro\/a-lua-legatura\/#breadcrumb","itemListElement":[{"@type":"ListItem","position":1,"name":"Pagina de start","item":"https:\/\/www.versiegelung24.com\/ro\/fata\/"},{"@type":"ListItem","position":2,"name":"a lua legatura"}]},{"@type":"WebSite","@id":"https:\/\/www.versiegelung24.com\/ro\/#website","url":"https:\/\/www.versiegelung24.com\/ro\/","name":"versiegelung24.com","description":"Fl\u00fcssigglas-Versiegelung - Made in Germany","publisher":{"@id":"https:\/\/www.versiegelung24.com\/ro\/#organization"},"potentialAction":[{"@type":"SearchAction","target":{"@type":"EntryPoint","urlTemplate":"https:\/\/www.versiegelung24.com\/ro\/?s={search_term_string}"},"query-input":{"@type":"PropertyValueSpecification","valueRequired":true,"valueName":"search_term_string"}}],"inLanguage":"ro-RO"},{"@type":"Organization","@id":"https:\/\/www.versiegelung24.com\/ro\/#organization","name":"versiegelung24","url":"https:\/\/www.versiegelung24.com\/ro\/","logo":{"@type":"ImageObject","inLanguage":"ro-RO","@id":"https:\/\/www.versiegelung24.com\/ro\/#\/schema\/logo\/image\/","url":"https:\/\/www.versiegelung24.com\/wp-content\/uploads\/2020\/04\/versiegelung24.png","contentUrl":"https:\/\/www.versiegelung24.com\/wp-content\/uploads\/2020\/04\/versiegelung24.png","width":470,"height":102,"caption":"versiegelung24"},"image":{"@id":"https:\/\/www.versiegelung24.com\/ro\/#\/schema\/logo\/image\/"}}]}},"_links":{"self":[{"href":"https:\/\/www.versiegelung24.com\/ro\/wp-json\/wp\/v2\/pages\/25333","targetHints":{"allow":["GET"]}}],"collection":[{"href":"https:\/\/www.versiegelung24.com\/ro\/wp-json\/wp\/v2\/pages"}],"about":[{"href":"https:\/\/www.versiegelung24.com\/ro\/wp-json\/wp\/v2\/types\/page"}],"author":[{"embeddable":true,"href":"https:\/\/www.versiegelung24.com\/ro\/wp-json\/wp\/v2\/users\/932"}],"replies":[{"embeddable":true,"href":"https:\/\/www.versiegelung24.com\/ro\/wp-json\/wp\/v2\/comments?post=25333"}],"version-history":[{"count":9,"href":"https:\/\/www.versiegelung24.com\/ro\/wp-json\/wp\/v2\/pages\/25333\/revisions"}],"predecessor-version":[{"id":133944,"href":"https:\/\/www.versiegelung24.com\/ro\/wp-json\/wp\/v2\/pages\/25333\/revisions\/133944"}],"wp:featuredmedia":[{"embeddable":true,"href":"https:\/\/www.versiegelung24.com\/ro\/wp-json\/wp\/v2\/media\/70605"}],"wp:attachment":[{"href":"https:\/\/www.versiegelung24.com\/ro\/wp-json\/wp\/v2\/media?parent=25333"}],"wp:term":[{"taxonomy":"category","embeddable":true,"href":"https:\/\/www.versiegelung24.com\/ro\/wp-json\/wp\/v2\/categories?post=25333"},{"taxonomy":"seiten_kategorie","embeddable":true,"href":"https:\/\/www.versiegelung24.com\/ro\/wp-json\/wp\/v2\/seiten_kategorie?post=25333"}],"curies":[{"name":"wp","href":"https:\/\/api.w.org\/{rel}","templated":true}]}}