{"id":26008,"date":"2021-08-03T12:08:00","date_gmt":"2021-08-03T10:08:00","guid":{"rendered":"https:\/\/www.versiegelung24.com\/metode-de-plata"},"modified":"2024-07-09T09:46:38","modified_gmt":"2024-07-09T07:46:38","slug":"metode-de-plata","status":"publish","type":"page","link":"https:\/\/www.versiegelung24.com\/ro\/metode-de-plata\/","title":{"rendered":"Metode de plata"},"content":{"rendered":"\n<h1 class=\"wp-block-heading\" id=\"h-zahlungsarten\">Metode de plata<\/h1>\n<p>Oferim urm\u0103toarele metode de plat\u0103 pentru comanda dvs. pe versiegelung24.com:<\/p>\n<p><img fetchpriority=\"high\" decoding=\"async\" class=\"alignnone wp-image-133349 \" src=\"https:\/\/www.versiegelung24.com\/wp-content\/uploads\/2023\/11\/v24-footer-zahlungsarten-1300x93.webp\" alt=\"\" width=\"780\" height=\"76\"><\/p>\n<h3>Paypal<\/h3>\n<p>Dac\u0103 suma de plat\u0103 este pl\u0103tit\u0103 prin PayPal, comanda dvs. va fi procesat\u0103 imediat.<\/p>\n<h3>Plata \u00een avans prin transfer bancar<\/h3>\n<p>Dup\u0103 primirea pl\u0103\u021bii prin transfer \u00een avans \u00een contul nostru bancar, expedierea dvs. va fi trimis\u0103.<\/p>\n<p>Destinatar: Holger K\u00e4ding<br \/>IBAN: DE30370502990011006269<br \/>BIC \/ SWIFT: COKSDE33<br \/>Kreissparkasse K\u00f6ln<\/p>\n<h3>Achizitie pe factura<\/h3>\n<p>Pentru autorit\u0103\u021bile \u0219i institu\u021biile publice, oferim \u0219i achizi\u021bie \u00een cont la cerere. <a href=\"https:\/\/www.versiegelung24.com\/ro\/a-lua-legatura\/\">V\u0103 rug\u0103m s\u0103 ne contacta\u021bi pentru aceasta<\/a> .<\/p>\n","protected":false},"excerpt":{"rendered":"<p>Metode de plata Oferim urm\u0103toarele metode de plat\u0103 pentru comanda dvs. pe versiegelung24.com: Paypal Dac\u0103 suma de plat\u0103 este pl\u0103tit\u0103 prin PayPal, comanda dvs. va fi procesat\u0103 imediat. Plata \u00een avans prin transfer bancar Dup\u0103 primirea pl\u0103\u021bii prin transfer \u00een avans \u00een contul nostru bancar, expedierea dvs. va fi trimis\u0103. Destinatar: Holger K\u00e4dingIBAN: DE30370502990011006269BIC \/&hellip;&nbsp;<a href=\"https:\/\/www.versiegelung24.com\/ro\/metode-de-plata\/\" rel=\"bookmark\">Read More &raquo;<span class=\"screen-reader-text\">Metode de plata<\/span><\/a><\/p>\n","protected":false},"author":932,"featured_media":70661,"parent":0,"menu_order":0,"comment_status":"closed","ping_status":"closed","template":"","meta":{"_acf_changed":false,"neve_meta_sidebar":"","neve_meta_container":"","neve_meta_enable_content_width":"","neve_meta_content_width":0,"neve_meta_title_alignment":"","neve_meta_author_avatar":"","neve_post_elements_order":"","neve_meta_disable_header":"","neve_meta_disable_footer":"","neve_meta_disable_title":"","neve_meta_reading_time":"","footnotes":""},"categories":[],"seiten_kategorie":[],"class_list":["post-26008","page","type-page","status-publish","has-post-thumbnail","hentry"],"acf":[],"yoast_head":"<!-- This site is optimized with the Yoast SEO Premium plugin v22.8 (Yoast SEO v27.5) - https:\/\/yoast.com\/product\/yoast-seo-premium-wordpress\/ -->\n<title>Metode de plata - versiegelung24.com<\/title>\n<meta name=\"robots\" content=\"index, follow, max-snippet:-1, max-image-preview:large, max-video-preview:-1\" \/>\n<link rel=\"canonical\" href=\"https:\/\/www.versiegelung24.com\/ro\/metode-de-plata\/\" \/>\n<meta property=\"og:locale\" content=\"ro_RO\" \/>\n<meta property=\"og:type\" content=\"article\" \/>\n<meta property=\"og:title\" content=\"Metode de plata\" \/>\n<meta property=\"og:description\" content=\"Metode de plata Oferim urm\u0103toarele metode de plat\u0103 pentru comanda dvs. pe versiegelung24.com: Paypal Dac\u0103 suma de plat\u0103 este pl\u0103tit\u0103 prin PayPal, comanda dvs. va fi procesat\u0103 imediat. Plata \u00een avans prin transfer bancar Dup\u0103 primirea pl\u0103\u021bii prin transfer \u00een avans \u00een contul nostru bancar, expedierea dvs. va fi trimis\u0103. Destinatar: Holger K\u00e4dingIBAN: DE30370502990011006269BIC \/&hellip;&nbsp;Read More &raquo;Metode de plata\" \/>\n<meta property=\"og:url\" content=\"https:\/\/www.versiegelung24.com\/ro\/metode-de-plata\/\" \/>\n<meta property=\"og:site_name\" content=\"versiegelung24.com\" \/>\n<meta property=\"article:modified_time\" content=\"2024-07-09T07:46:38+00:00\" \/>\n<meta property=\"og:image\" content=\"https:\/\/www.versiegelung24.com\/wp-content\/uploads\/2022\/02\/Payment.png\" \/>\n\t<meta property=\"og:image:width\" content=\"2000\" \/>\n\t<meta property=\"og:image:height\" content=\"2000\" \/>\n\t<meta property=\"og:image:type\" content=\"image\/png\" \/>\n<meta name=\"twitter:card\" content=\"summary_large_image\" \/>\n<script type=\"application\/ld+json\" class=\"yoast-schema-graph\">{\"@context\":\"https:\\\/\\\/schema.org\",\"@graph\":[{\"@type\":\"WebPage\",\"@id\":\"https:\\\/\\\/www.versiegelung24.com\\\/ro\\\/metode-de-plata\\\/\",\"url\":\"https:\\\/\\\/www.versiegelung24.com\\\/ro\\\/metode-de-plata\\\/\",\"name\":\"Metode de plata - versiegelung24.com\",\"isPartOf\":{\"@id\":\"https:\\\/\\\/www.versiegelung24.com\\\/ro\\\/#website\"},\"primaryImageOfPage\":{\"@id\":\"https:\\\/\\\/www.versiegelung24.com\\\/ro\\\/metode-de-plata\\\/#primaryimage\"},\"image\":{\"@id\":\"https:\\\/\\\/www.versiegelung24.com\\\/ro\\\/metode-de-plata\\\/#primaryimage\"},\"thumbnailUrl\":\"https:\\\/\\\/www.versiegelung24.com\\\/wp-content\\\/uploads\\\/2022\\\/02\\\/Payment.png\",\"datePublished\":\"2021-08-03T10:08:00+00:00\",\"dateModified\":\"2024-07-09T07:46:38+00:00\",\"breadcrumb\":{\"@id\":\"https:\\\/\\\/www.versiegelung24.com\\\/ro\\\/metode-de-plata\\\/#breadcrumb\"},\"inLanguage\":\"ro-RO\",\"potentialAction\":[{\"@type\":\"ReadAction\",\"target\":[\"https:\\\/\\\/www.versiegelung24.com\\\/ro\\\/metode-de-plata\\\/\"]}]},{\"@type\":\"ImageObject\",\"inLanguage\":\"ro-RO\",\"@id\":\"https:\\\/\\\/www.versiegelung24.com\\\/ro\\\/metode-de-plata\\\/#primaryimage\",\"url\":\"https:\\\/\\\/www.versiegelung24.com\\\/wp-content\\\/uploads\\\/2022\\\/02\\\/Payment.png\",\"contentUrl\":\"https:\\\/\\\/www.versiegelung24.com\\\/wp-content\\\/uploads\\\/2022\\\/02\\\/Payment.png\",\"width\":2000,\"height\":2000},{\"@type\":\"BreadcrumbList\",\"@id\":\"https:\\\/\\\/www.versiegelung24.com\\\/ro\\\/metode-de-plata\\\/#breadcrumb\",\"itemListElement\":[{\"@type\":\"ListItem\",\"position\":1,\"name\":\"Pagina de start\",\"item\":\"https:\\\/\\\/www.versiegelung24.com\\\/ro\\\/fata\\\/\"},{\"@type\":\"ListItem\",\"position\":2,\"name\":\"Metode de plata\"}]},{\"@type\":\"WebSite\",\"@id\":\"https:\\\/\\\/www.versiegelung24.com\\\/ro\\\/#website\",\"url\":\"https:\\\/\\\/www.versiegelung24.com\\\/ro\\\/\",\"name\":\"versiegelung24.com\",\"description\":\"Fl\u00fcssigglas-Versiegelung - Made in Germany\",\"publisher\":{\"@id\":\"https:\\\/\\\/www.versiegelung24.com\\\/ro\\\/#organization\"},\"potentialAction\":[{\"@type\":\"SearchAction\",\"target\":{\"@type\":\"EntryPoint\",\"urlTemplate\":\"https:\\\/\\\/www.versiegelung24.com\\\/ro\\\/?s={search_term_string}\"},\"query-input\":{\"@type\":\"PropertyValueSpecification\",\"valueRequired\":true,\"valueName\":\"search_term_string\"}}],\"inLanguage\":\"ro-RO\"},{\"@type\":\"Organization\",\"@id\":\"https:\\\/\\\/www.versiegelung24.com\\\/ro\\\/#organization\",\"name\":\"versiegelung24\",\"url\":\"https:\\\/\\\/www.versiegelung24.com\\\/ro\\\/\",\"logo\":{\"@type\":\"ImageObject\",\"inLanguage\":\"ro-RO\",\"@id\":\"https:\\\/\\\/www.versiegelung24.com\\\/ro\\\/#\\\/schema\\\/logo\\\/image\\\/\",\"url\":\"https:\\\/\\\/www.versiegelung24.com\\\/wp-content\\\/uploads\\\/2020\\\/04\\\/versiegelung24.png\",\"contentUrl\":\"https:\\\/\\\/www.versiegelung24.com\\\/wp-content\\\/uploads\\\/2020\\\/04\\\/versiegelung24.png\",\"width\":470,\"height\":102,\"caption\":\"versiegelung24\"},\"image\":{\"@id\":\"https:\\\/\\\/www.versiegelung24.com\\\/ro\\\/#\\\/schema\\\/logo\\\/image\\\/\"}}]}<\/script>\n<!-- \/ Yoast SEO Premium plugin. -->","yoast_head_json":{"title":"Metode de plata - versiegelung24.com","robots":{"index":"index","follow":"follow","max-snippet":"max-snippet:-1","max-image-preview":"max-image-preview:large","max-video-preview":"max-video-preview:-1"},"canonical":"https:\/\/www.versiegelung24.com\/ro\/metode-de-plata\/","og_locale":"ro_RO","og_type":"article","og_title":"Metode de plata","og_description":"Metode de plata Oferim urm\u0103toarele metode de plat\u0103 pentru comanda dvs. pe versiegelung24.com: Paypal Dac\u0103 suma de plat\u0103 este pl\u0103tit\u0103 prin PayPal, comanda dvs. va fi procesat\u0103 imediat. Plata \u00een avans prin transfer bancar Dup\u0103 primirea pl\u0103\u021bii prin transfer \u00een avans \u00een contul nostru bancar, expedierea dvs. va fi trimis\u0103. Destinatar: Holger K\u00e4dingIBAN: DE30370502990011006269BIC \/&hellip;&nbsp;Read More &raquo;Metode de plata","og_url":"https:\/\/www.versiegelung24.com\/ro\/metode-de-plata\/","og_site_name":"versiegelung24.com","article_modified_time":"2024-07-09T07:46:38+00:00","og_image":[{"width":2000,"height":2000,"url":"https:\/\/www.versiegelung24.com\/wp-content\/uploads\/2022\/02\/Payment.png","type":"image\/png"}],"twitter_card":"summary_large_image","schema":{"@context":"https:\/\/schema.org","@graph":[{"@type":"WebPage","@id":"https:\/\/www.versiegelung24.com\/ro\/metode-de-plata\/","url":"https:\/\/www.versiegelung24.com\/ro\/metode-de-plata\/","name":"Metode de plata - versiegelung24.com","isPartOf":{"@id":"https:\/\/www.versiegelung24.com\/ro\/#website"},"primaryImageOfPage":{"@id":"https:\/\/www.versiegelung24.com\/ro\/metode-de-plata\/#primaryimage"},"image":{"@id":"https:\/\/www.versiegelung24.com\/ro\/metode-de-plata\/#primaryimage"},"thumbnailUrl":"https:\/\/www.versiegelung24.com\/wp-content\/uploads\/2022\/02\/Payment.png","datePublished":"2021-08-03T10:08:00+00:00","dateModified":"2024-07-09T07:46:38+00:00","breadcrumb":{"@id":"https:\/\/www.versiegelung24.com\/ro\/metode-de-plata\/#breadcrumb"},"inLanguage":"ro-RO","potentialAction":[{"@type":"ReadAction","target":["https:\/\/www.versiegelung24.com\/ro\/metode-de-plata\/"]}]},{"@type":"ImageObject","inLanguage":"ro-RO","@id":"https:\/\/www.versiegelung24.com\/ro\/metode-de-plata\/#primaryimage","url":"https:\/\/www.versiegelung24.com\/wp-content\/uploads\/2022\/02\/Payment.png","contentUrl":"https:\/\/www.versiegelung24.com\/wp-content\/uploads\/2022\/02\/Payment.png","width":2000,"height":2000},{"@type":"BreadcrumbList","@id":"https:\/\/www.versiegelung24.com\/ro\/metode-de-plata\/#breadcrumb","itemListElement":[{"@type":"ListItem","position":1,"name":"Pagina de start","item":"https:\/\/www.versiegelung24.com\/ro\/fata\/"},{"@type":"ListItem","position":2,"name":"Metode de plata"}]},{"@type":"WebSite","@id":"https:\/\/www.versiegelung24.com\/ro\/#website","url":"https:\/\/www.versiegelung24.com\/ro\/","name":"versiegelung24.com","description":"Fl\u00fcssigglas-Versiegelung - Made in Germany","publisher":{"@id":"https:\/\/www.versiegelung24.com\/ro\/#organization"},"potentialAction":[{"@type":"SearchAction","target":{"@type":"EntryPoint","urlTemplate":"https:\/\/www.versiegelung24.com\/ro\/?s={search_term_string}"},"query-input":{"@type":"PropertyValueSpecification","valueRequired":true,"valueName":"search_term_string"}}],"inLanguage":"ro-RO"},{"@type":"Organization","@id":"https:\/\/www.versiegelung24.com\/ro\/#organization","name":"versiegelung24","url":"https:\/\/www.versiegelung24.com\/ro\/","logo":{"@type":"ImageObject","inLanguage":"ro-RO","@id":"https:\/\/www.versiegelung24.com\/ro\/#\/schema\/logo\/image\/","url":"https:\/\/www.versiegelung24.com\/wp-content\/uploads\/2020\/04\/versiegelung24.png","contentUrl":"https:\/\/www.versiegelung24.com\/wp-content\/uploads\/2020\/04\/versiegelung24.png","width":470,"height":102,"caption":"versiegelung24"},"image":{"@id":"https:\/\/www.versiegelung24.com\/ro\/#\/schema\/logo\/image\/"}}]}},"_links":{"self":[{"href":"https:\/\/www.versiegelung24.com\/ro\/wp-json\/wp\/v2\/pages\/26008","targetHints":{"allow":["GET"]}}],"collection":[{"href":"https:\/\/www.versiegelung24.com\/ro\/wp-json\/wp\/v2\/pages"}],"about":[{"href":"https:\/\/www.versiegelung24.com\/ro\/wp-json\/wp\/v2\/types\/page"}],"author":[{"embeddable":true,"href":"https:\/\/www.versiegelung24.com\/ro\/wp-json\/wp\/v2\/users\/932"}],"replies":[{"embeddable":true,"href":"https:\/\/www.versiegelung24.com\/ro\/wp-json\/wp\/v2\/comments?post=26008"}],"version-history":[{"count":8,"href":"https:\/\/www.versiegelung24.com\/ro\/wp-json\/wp\/v2\/pages\/26008\/revisions"}],"predecessor-version":[{"id":169489,"href":"https:\/\/www.versiegelung24.com\/ro\/wp-json\/wp\/v2\/pages\/26008\/revisions\/169489"}],"wp:featuredmedia":[{"embeddable":true,"href":"https:\/\/www.versiegelung24.com\/ro\/wp-json\/wp\/v2\/media\/70661"}],"wp:attachment":[{"href":"https:\/\/www.versiegelung24.com\/ro\/wp-json\/wp\/v2\/media?parent=26008"}],"wp:term":[{"taxonomy":"category","embeddable":true,"href":"https:\/\/www.versiegelung24.com\/ro\/wp-json\/wp\/v2\/categories?post=26008"},{"taxonomy":"seiten_kategorie","embeddable":true,"href":"https:\/\/www.versiegelung24.com\/ro\/wp-json\/wp\/v2\/seiten_kategorie?post=26008"}],"curies":[{"name":"wp","href":"https:\/\/api.w.org\/{rel}","templated":true}]}}