{"id":41107,"date":"2021-12-14T14:16:07","date_gmt":"2021-12-14T13:16:07","guid":{"rendered":"https:\/\/www.versiegelung24.com\/sfaturi-despre-produsele-versiegelung24\/a-sti-cum\/protectie-pentru-graffiti"},"modified":"2024-09-01T18:17:00","modified_gmt":"2024-09-01T16:17:00","slug":"graffiti-protectie-cu-glass-lichid","status":"publish","type":"page","link":"https:\/\/www.versiegelung24.com\/ro\/sfaturi-despre-produsele-versiegelung24\/a-sti-cum\/protectie-pentru-graffiti\/","title":{"rendered":"Protec\u021bie \u00eempotriva graffiti-ului pentru fa\u021bad\u0103"},"content":{"rendered":"\n<h1 class=\"wp-block-heading\" id=\"h-graffiti-schutz-mit-flussigglas\">Protectie graffiti cu sticla lichida<\/h1>\n\n<p>Acest videoclip ar trebui s\u0103 fie deosebit de interesant pentru ora\u0219e \u0219i municipalit\u0103\u021bi sau pentru proprietarii de propriet\u0103\u021bi deteriorate care au avut deja experien\u021b\u0103 \u00een contaminarea cu pulverizatori de graffiti. Culorile \u201earti\u0219tilor\u201d sunt persistente \u0219i p\u0103trund \u00een beton sau piatr\u0103 atunci c\u00e2nd sunt pulverizate. Drept urmare, este foarte costisitor \u0219i necesit\u0103 mult timp eliminarea graffiti-urilor, care de obicei trebuie f\u0103cut\u0103 profesional.<\/p>\n\n<figure class=\"wp-block-embed aligncenter is-type-video is-provider-youtube wp-block-embed-youtube wp-embed-aspect-16-9 wp-has-aspect-ratio\"><div class=\"wp-block-embed__wrapper\"> \n<div class=\"nv-iframe-embed\"><iframe title=\"Graffiti Protection Pro 626 - How does it work?\" width=\"1200\" height=\"675\" src=\"https:\/\/www.youtube.com\/embed\/dP9jGmUvoek?feature=oembed\" frameborder=\"0\" allow=\"accelerometer; autoplay; clipboard-write; encrypted-media; gyroscope; picture-in-picture\" allowfullscreen><\/iframe><\/div>\n <\/div><\/figure>\n\n<div class=\"wp-block-columns is-layout-flex wp-container-core-columns-is-layout-9d6595d7 wp-block-columns-is-layout-flex\">\n<div class=\"wp-block-column is-layout-flow wp-block-column-is-layout-flow\" style=\"flex-basis:66.66%\">\n<p>Videoclipul arat\u0103 compara\u021bia cu dou\u0103 c\u0103r\u0103mizi de beton:<\/p>\n\n\n\n<p><a href=\"https:\/\/www.versiegelung24.com\/ro\/acoperire-de-protectie-anti-graffiti-etansare-pentru-fatade-foarte-eficienta.html\">O piatr\u0103 este complet sigilat\u0103 cu sticl\u0103 lichid\u0103<\/a> , cealalt\u0103 nu. Acum, ca contrapartid\u0103 a sprayului de culoare, pe piatra respectiv\u0103 este pictat\u0103 o cruce cu un stilou. \u0218i aici pute\u021bi vedea imediat &#8211; \u00een cazul pietrei netratate, culoarea neagr\u0103 este tras\u0103 imediat, crucea este clar vizibil\u0103. C\u00e2nd piatra este sigilat\u0103, culoarea nu poate p\u0103trunde \u00een sticla <a href=\"https:\/\/www.versiegelung24.com\/ro\/acoperire-de-protectie-anti-graffiti-etansare-pentru-fatade-foarte-eficienta.html\" target=\"_blank\" rel=\"noreferrer noopener\">lichid\u0103<\/a> , ceea ce \u00eenseamn\u0103 c\u0103 nu exist\u0103 aderen\u021b\u0103. Prin urmare, crucea este u\u0219or vizibil\u0103 \u0219i poate fi \u00eendep\u0103rtat\u0103 numai cu ap\u0103 f\u0103r\u0103 a l\u0103sa reziduuri. \u00cencerci degeaba s\u0103 faci asta cu c\u0103r\u0103mida netratat\u0103 din videoclip. \u00cen multe cazuri, cur\u0103\u021barea se poate face doar cu ap\u0103, dar eficien\u021ba poate varia \u00een func\u021bie de tipul de graffiti.<\/p>\n\n\n\n<p>Acoperirea lichid\u0103 a sticlei poate fi utilizat\u0103 pentru a proteja suprafa\u021ba de graffiti.\nAtunci c\u00e2nd este aplicat corect \u0219i \u00een condi\u021bii favorabile, efectul de protec\u021bie poate dura p\u00e2n\u0103 la 20 de ani. <\/p>\n\n\n\n<p>Urm\u0103ri\u021bi videoclipul pentru a vedea c\u00e2t de u\u0219or este s\u0103 sigila\u021bi betonul: Este suficient\u0103 o aplicare uniform\u0103 cu o pensul\u0103. \u00eenainte de aplicarea stratului de sticl\u0103 lichid\u0103, suprafa\u021ba trebuie cur\u0103\u021bat\u0103 \u0219i uscat\u0103 temeinic pentru a se asigura c\u0103 materialul de etan\u0219are ader\u0103 optim \u0219i este distribuit uniform.<\/p>\n<\/div>\n\n\n\n<div class=\"wp-block-column is-layout-flow wp-block-column-is-layout-flow\" style=\"flex-basis:33.33%\"><div class=\"wp-block-image\">\n<figure class=\"alignright size-full is-resized\"><img fetchpriority=\"high\" decoding=\"async\" width=\"1000\" height=\"1000\" src=\"https:\/\/www.versiegelung24.com\/wp-content\/uploads\/2021\/12\/graf-1.jpg\" alt=\"\" class=\"wp-image-40868\" style=\"width:313px;height:313px\" srcset=\"https:\/\/www.versiegelung24.com\/wp-content\/uploads\/2021\/12\/graf-1.jpg 1000w, https:\/\/www.versiegelung24.com\/wp-content\/uploads\/2021\/12\/graf-1-400x400.jpg 400w, https:\/\/www.versiegelung24.com\/wp-content\/uploads\/2021\/12\/graf-1-100x100.jpg 100w, https:\/\/www.versiegelung24.com\/wp-content\/uploads\/2021\/12\/graf-1-600x600.jpg 600w, https:\/\/www.versiegelung24.com\/wp-content\/uploads\/2021\/12\/graf-1-300x300.jpg 300w, https:\/\/www.versiegelung24.com\/wp-content\/uploads\/2021\/12\/graf-1-80x80.jpg 80w, https:\/\/www.versiegelung24.com\/wp-content\/uploads\/2021\/12\/graf-1-768x768.jpg 768w\" sizes=\"(max-width: 1000px) 100vw, 1000px\" \/><\/figure>\n<\/div><\/div>\n<\/div>\n<div class=\"woocommerce columns-4 \"><ul class=\"products columns-4\">\n<li class=\"product type-product post-23948 status-publish first instock product_cat-etansarea-pietrei-si-betonului has-post-thumbnail taxable shipping-taxable purchasable product-type-variable has-default-attributes\">\n\t<div class=\"nv-card-content-wrapper\"><a href=\"https:\/\/www.versiegelung24.com\/ro\/acoperire-de-protectie-anti-graffiti-etansare-pentru-fatade-foarte-eficienta.html\" class=\"woocommerce-LoopProduct-link woocommerce-loop-product__link\"><div class=\"sp-product-image \"><div class=\"img-wrap\"><img decoding=\"async\" width=\"400\" height=\"400\" src=\"https:\/\/www.versiegelung24.com\/wp-content\/uploads\/2020\/04\/7626-anti-graffiti-400x400.webp\" class=\"attachment-woocommerce_thumbnail size-woocommerce_thumbnail\" alt=\"Acoperire de protec\u021bie \u00eempotriva graffiti - Acoperire antigraffiti\" srcset=\"https:\/\/www.versiegelung24.com\/wp-content\/uploads\/2020\/04\/7626-anti-graffiti-400x400.webp 400w, https:\/\/www.versiegelung24.com\/wp-content\/uploads\/2020\/04\/7626-anti-graffiti-300x300.webp 300w, https:\/\/www.versiegelung24.com\/wp-content\/uploads\/2020\/04\/7626-anti-graffiti-1300x1300.webp 1300w, https:\/\/www.versiegelung24.com\/wp-content\/uploads\/2020\/04\/7626-anti-graffiti-80x80.webp 80w, https:\/\/www.versiegelung24.com\/wp-content\/uploads\/2020\/04\/7626-anti-graffiti-768x768.webp 768w, https:\/\/www.versiegelung24.com\/wp-content\/uploads\/2020\/04\/7626-anti-graffiti-1536x1536.webp 1536w, https:\/\/www.versiegelung24.com\/wp-content\/uploads\/2020\/04\/7626-anti-graffiti-2048x2048.webp 2048w, https:\/\/www.versiegelung24.com\/wp-content\/uploads\/2020\/04\/7626-anti-graffiti-70x70.webp 70w, https:\/\/www.versiegelung24.com\/wp-content\/uploads\/2020\/04\/7626-anti-graffiti-600x600.webp 600w, https:\/\/www.versiegelung24.com\/wp-content\/uploads\/2020\/04\/7626-anti-graffiti-100x100.webp 100w\" sizes=\"(max-width: 400px) 100vw, 400px\" \/><\/div><\/div><h2 class=\"woocommerce-loop-product__title\">Acoperire de protec\u021bie \u00eempotriva graffiti &#8211; Acoperire antigraffiti<\/h2>\n\t<span class=\"price\"><span class=\"woocommerce-Price-amount amount\"><bdi>359,00<span class=\"woocommerce-Price-currencySymbol\">&euro;<\/span><\/bdi><\/span><\/span>\n\n\n\t<p class=\"price price-unit smaller wc-gzd-additional-info wc-gzd-additional-info-loop\">(<span class=\"woocommerce-Price-amount amount\">71,80<span class=\"woocommerce-Price-currencySymbol\">&euro;<\/span><\/span> \/ <span class=\"unit\">l<\/span>)<\/p>\n\n<\/a>\t\t<p class=\"artikelnummer wc-gzd-additional-info\">\n\t\t\tSKU: 9201-7626-5000\t\t<\/p>\n\t\t\n\t<p class=\"wc-gzd-additional-info wc-gzd-additional-info-loop product-units-wrapper product-units\">Con\u021binut: 5 <span class=\"unit\">l<\/span><\/p>\n\t\t<p class=\"lagerbestand wc-gzd-additional-info\">\n\t\t\t<strong>\n\t\t\t\tInventar\t\t\t\t:\n\t\t\t<\/strong>\n\t\t\t\u00cen stoc\t\t<\/p>\n\t\t\n\t<p class=\"wc-gzd-additional-info delivery-time-info wc-gzd-additional-info-loop\"><span class=\"delivery-time-inner delivery-time-7-zile-lucrtoare\">Timp de livrare:  <span class=\"delivery-time-data\">7 zile lucr\u0103toare<\/span><\/span><\/p>\n\n\t<p class=\"wc-gzd-additional-info wc-gzd-additional-info-loop tax-info\">incl. VAT<\/p>\n\n\t<p class=\"wc-gzd-additional-info wc-gzd-additional-info-loop shipping-costs-info\">plus  <a href=\"https:\/\/www.versiegelung24.com\/ro\/sfaturi-despre-produsele-versiegelung24\/metode-de-expediere\/\" target=\"_blank\">livrare<\/a><\/p>\n<a href=\"https:\/\/www.versiegelung24.com\/ro\/acoperire-de-protectie-anti-graffiti-etansare-pentru-fatade-foarte-eficienta.html\" aria-describedby=\"woocommerce_loop_add_to_cart_link_describedby_23948\" data-quantity=\"1\" class=\"button product_type_variable add_to_cart_button\" data-product_id=\"23948\" data-product_sku=\"9201-7626-5000\" aria-label=\"Selecteaz\u0103 op\u021biunile pentru &bdquo;Acoperire de protec\u021bie \u00eempotriva graffiti - Acoperire antigraffiti&rdquo;\" rel=\"nofollow\">Selecteaz\u0103 op\u021biunile<\/a>\t<span id=\"woocommerce_loop_add_to_cart_link_describedby_23948\" class=\"screen-reader-text\">\n\t\tAcest produs are mai multe varia\u021bii. Op\u021biunile pot fi alese \u00een pagina produsului.\t<\/span>\n<\/div><\/li>\n<\/ul>\n<\/div>\n\n","protected":false},"excerpt":{"rendered":"<p>Declara\u021bi r\u0103zboi graffiti-ului &#8211; protec\u021bie eficient\u0103 pentru fa\u021bada dvs. cu sticl\u0103 lichid\u0103.<\/p>\n","protected":false},"author":932,"featured_media":40887,"parent":34655,"menu_order":0,"comment_status":"closed","ping_status":"closed","template":"","meta":{"_acf_changed":false,"neve_meta_sidebar":"full-width","neve_meta_container":"","neve_meta_enable_content_width":"on","neve_meta_content_width":100,"neve_meta_title_alignment":"","neve_meta_author_avatar":"","neve_post_elements_order":"","neve_meta_disable_header":"","neve_meta_disable_footer":"","neve_meta_disable_title":"","neve_meta_reading_time":"","footnotes":""},"categories":[3602,3510],"seiten_kategorie":[3846],"class_list":["post-41107","page","type-page","status-publish","has-post-thumbnail","hentry","category-casa-si-gradina","category-sfaturi-articol-revista"],"acf":[],"yoast_head":"<!-- This site is optimized with the Yoast SEO Premium plugin v22.8 (Yoast SEO v27.5) - https:\/\/yoast.com\/product\/yoast-seo-premium-wordpress\/ -->\n<title>Liquid gals sealant - Protec\u021bie \u00eempotriva graffiti-ului pentru fa\u021bad\u0103 - versiegelung24.com<\/title>\n<meta name=\"description\" content=\"Sigilant lichid gals ca protec\u021bie \u00eempotriva graffiti-urilor. Afla\u021bi de la noi cum v\u0103 pute\u021bi proteja bunurile.\" \/>\n<meta name=\"robots\" content=\"index, follow, max-snippet:-1, max-image-preview:large, max-video-preview:-1\" \/>\n<link rel=\"canonical\" href=\"https:\/\/www.versiegelung24.com\/ro\/sfaturi-despre-produsele-versiegelung24\/a-sti-cum\/protectie-pentru-graffiti\/\" \/>\n<meta property=\"og:locale\" content=\"ro_RO\" \/>\n<meta property=\"og:type\" content=\"article\" \/>\n<meta property=\"og:title\" content=\"Protec\u021bie \u00eempotriva graffiti-ului pentru fa\u021bad\u0103\" \/>\n<meta property=\"og:description\" content=\"Sigilant lichid gals ca protec\u021bie \u00eempotriva graffiti-urilor. Afla\u021bi de la noi cum v\u0103 pute\u021bi proteja bunurile.\" \/>\n<meta property=\"og:url\" content=\"https:\/\/www.versiegelung24.com\/ro\/sfaturi-despre-produsele-versiegelung24\/a-sti-cum\/protectie-pentru-graffiti\/\" \/>\n<meta property=\"og:site_name\" content=\"versiegelung24.com\" \/>\n<meta property=\"article:modified_time\" content=\"2024-09-01T16:17:00+00:00\" \/>\n<meta property=\"og:image\" content=\"https:\/\/www.versiegelung24.com\/wp-content\/uploads\/2021\/12\/graf-1.jpg\" \/>\n\t<meta property=\"og:image:width\" content=\"1000\" \/>\n\t<meta property=\"og:image:height\" content=\"1000\" \/>\n\t<meta property=\"og:image:type\" content=\"image\/jpeg\" \/>\n<meta name=\"twitter:card\" content=\"summary_large_image\" \/>\n<meta name=\"twitter:label1\" content=\"Timp estimat pentru citire\" \/>\n\t<meta name=\"twitter:data1\" content=\"2 minute\" \/>\n<script type=\"application\/ld+json\" class=\"yoast-schema-graph\">{\"@context\":\"https:\\\/\\\/schema.org\",\"@graph\":[{\"@type\":\"WebPage\",\"@id\":\"https:\\\/\\\/www.versiegelung24.com\\\/ro\\\/sfaturi-despre-produsele-versiegelung24\\\/a-sti-cum\\\/protectie-pentru-graffiti\\\/\",\"url\":\"https:\\\/\\\/www.versiegelung24.com\\\/ro\\\/sfaturi-despre-produsele-versiegelung24\\\/a-sti-cum\\\/protectie-pentru-graffiti\\\/\",\"name\":\"Liquid gals sealant - Protec\u021bie \u00eempotriva graffiti-ului pentru fa\u021bad\u0103 - versiegelung24.com\",\"isPartOf\":{\"@id\":\"https:\\\/\\\/www.versiegelung24.com\\\/ro\\\/#website\"},\"primaryImageOfPage\":{\"@id\":\"https:\\\/\\\/www.versiegelung24.com\\\/ro\\\/sfaturi-despre-produsele-versiegelung24\\\/a-sti-cum\\\/protectie-pentru-graffiti\\\/#primaryimage\"},\"image\":{\"@id\":\"https:\\\/\\\/www.versiegelung24.com\\\/ro\\\/sfaturi-despre-produsele-versiegelung24\\\/a-sti-cum\\\/protectie-pentru-graffiti\\\/#primaryimage\"},\"thumbnailUrl\":\"https:\\\/\\\/www.versiegelung24.com\\\/wp-content\\\/uploads\\\/2021\\\/12\\\/graf-1.jpg\",\"datePublished\":\"2021-12-14T13:16:07+00:00\",\"dateModified\":\"2024-09-01T16:17:00+00:00\",\"description\":\"Sigilant lichid gals ca protec\u021bie \u00eempotriva graffiti-urilor. Afla\u021bi de la noi cum v\u0103 pute\u021bi proteja bunurile.\",\"breadcrumb\":{\"@id\":\"https:\\\/\\\/www.versiegelung24.com\\\/ro\\\/sfaturi-despre-produsele-versiegelung24\\\/a-sti-cum\\\/protectie-pentru-graffiti\\\/#breadcrumb\"},\"inLanguage\":\"ro-RO\",\"potentialAction\":[{\"@type\":\"ReadAction\",\"target\":[\"https:\\\/\\\/www.versiegelung24.com\\\/ro\\\/sfaturi-despre-produsele-versiegelung24\\\/a-sti-cum\\\/protectie-pentru-graffiti\\\/\"]}]},{\"@type\":\"ImageObject\",\"inLanguage\":\"ro-RO\",\"@id\":\"https:\\\/\\\/www.versiegelung24.com\\\/ro\\\/sfaturi-despre-produsele-versiegelung24\\\/a-sti-cum\\\/protectie-pentru-graffiti\\\/#primaryimage\",\"url\":\"https:\\\/\\\/www.versiegelung24.com\\\/wp-content\\\/uploads\\\/2021\\\/12\\\/graf-1.jpg\",\"contentUrl\":\"https:\\\/\\\/www.versiegelung24.com\\\/wp-content\\\/uploads\\\/2021\\\/12\\\/graf-1.jpg\",\"width\":1000,\"height\":1000},{\"@type\":\"BreadcrumbList\",\"@id\":\"https:\\\/\\\/www.versiegelung24.com\\\/ro\\\/sfaturi-despre-produsele-versiegelung24\\\/a-sti-cum\\\/protectie-pentru-graffiti\\\/#breadcrumb\",\"itemListElement\":[{\"@type\":\"ListItem\",\"position\":1,\"name\":\"Pagina de start\",\"item\":\"https:\\\/\\\/www.versiegelung24.com\\\/ro\\\/fata\\\/\"},{\"@type\":\"ListItem\",\"position\":2,\"name\":\"Consilier\",\"item\":\"https:\\\/\\\/www.versiegelung24.com\\\/ro\\\/ratgeber\\\/\"},{\"@type\":\"ListItem\",\"position\":3,\"name\":\"revist\u0103\",\"item\":\"https:\\\/\\\/www.versiegelung24.com\\\/ro\\\/ratgeber\\\/magazin\\\/\"},{\"@type\":\"ListItem\",\"position\":4,\"name\":\"Protec\u021bie \u00eempotriva graffiti-ului pentru fa\u021bad\u0103\"}]},{\"@type\":\"WebSite\",\"@id\":\"https:\\\/\\\/www.versiegelung24.com\\\/ro\\\/#website\",\"url\":\"https:\\\/\\\/www.versiegelung24.com\\\/ro\\\/\",\"name\":\"versiegelung24.com\",\"description\":\"Fl\u00fcssigglas-Versiegelung - Made in Germany\",\"publisher\":{\"@id\":\"https:\\\/\\\/www.versiegelung24.com\\\/ro\\\/#organization\"},\"potentialAction\":[{\"@type\":\"SearchAction\",\"target\":{\"@type\":\"EntryPoint\",\"urlTemplate\":\"https:\\\/\\\/www.versiegelung24.com\\\/ro\\\/?s={search_term_string}\"},\"query-input\":{\"@type\":\"PropertyValueSpecification\",\"valueRequired\":true,\"valueName\":\"search_term_string\"}}],\"inLanguage\":\"ro-RO\"},{\"@type\":\"Organization\",\"@id\":\"https:\\\/\\\/www.versiegelung24.com\\\/ro\\\/#organization\",\"name\":\"versiegelung24\",\"url\":\"https:\\\/\\\/www.versiegelung24.com\\\/ro\\\/\",\"logo\":{\"@type\":\"ImageObject\",\"inLanguage\":\"ro-RO\",\"@id\":\"https:\\\/\\\/www.versiegelung24.com\\\/ro\\\/#\\\/schema\\\/logo\\\/image\\\/\",\"url\":\"https:\\\/\\\/www.versiegelung24.com\\\/wp-content\\\/uploads\\\/2020\\\/04\\\/versiegelung24.png\",\"contentUrl\":\"https:\\\/\\\/www.versiegelung24.com\\\/wp-content\\\/uploads\\\/2020\\\/04\\\/versiegelung24.png\",\"width\":470,\"height\":102,\"caption\":\"versiegelung24\"},\"image\":{\"@id\":\"https:\\\/\\\/www.versiegelung24.com\\\/ro\\\/#\\\/schema\\\/logo\\\/image\\\/\"}}]}<\/script>\n<!-- \/ Yoast SEO Premium plugin. -->","yoast_head_json":{"title":"Liquid gals sealant - Protec\u021bie \u00eempotriva graffiti-ului pentru fa\u021bad\u0103 - versiegelung24.com","description":"Sigilant lichid gals ca protec\u021bie \u00eempotriva graffiti-urilor. Afla\u021bi de la noi cum v\u0103 pute\u021bi proteja bunurile.","robots":{"index":"index","follow":"follow","max-snippet":"max-snippet:-1","max-image-preview":"max-image-preview:large","max-video-preview":"max-video-preview:-1"},"canonical":"https:\/\/www.versiegelung24.com\/ro\/sfaturi-despre-produsele-versiegelung24\/a-sti-cum\/protectie-pentru-graffiti\/","og_locale":"ro_RO","og_type":"article","og_title":"Protec\u021bie \u00eempotriva graffiti-ului pentru fa\u021bad\u0103","og_description":"Sigilant lichid gals ca protec\u021bie \u00eempotriva graffiti-urilor. Afla\u021bi de la noi cum v\u0103 pute\u021bi proteja bunurile.","og_url":"https:\/\/www.versiegelung24.com\/ro\/sfaturi-despre-produsele-versiegelung24\/a-sti-cum\/protectie-pentru-graffiti\/","og_site_name":"versiegelung24.com","article_modified_time":"2024-09-01T16:17:00+00:00","og_image":[{"width":1000,"height":1000,"url":"https:\/\/www.versiegelung24.com\/wp-content\/uploads\/2021\/12\/graf-1.jpg","type":"image\/jpeg"}],"twitter_card":"summary_large_image","twitter_misc":{"Timp estimat pentru citire":"2 minute"},"schema":{"@context":"https:\/\/schema.org","@graph":[{"@type":"WebPage","@id":"https:\/\/www.versiegelung24.com\/ro\/sfaturi-despre-produsele-versiegelung24\/a-sti-cum\/protectie-pentru-graffiti\/","url":"https:\/\/www.versiegelung24.com\/ro\/sfaturi-despre-produsele-versiegelung24\/a-sti-cum\/protectie-pentru-graffiti\/","name":"Liquid gals sealant - Protec\u021bie \u00eempotriva graffiti-ului pentru fa\u021bad\u0103 - versiegelung24.com","isPartOf":{"@id":"https:\/\/www.versiegelung24.com\/ro\/#website"},"primaryImageOfPage":{"@id":"https:\/\/www.versiegelung24.com\/ro\/sfaturi-despre-produsele-versiegelung24\/a-sti-cum\/protectie-pentru-graffiti\/#primaryimage"},"image":{"@id":"https:\/\/www.versiegelung24.com\/ro\/sfaturi-despre-produsele-versiegelung24\/a-sti-cum\/protectie-pentru-graffiti\/#primaryimage"},"thumbnailUrl":"https:\/\/www.versiegelung24.com\/wp-content\/uploads\/2021\/12\/graf-1.jpg","datePublished":"2021-12-14T13:16:07+00:00","dateModified":"2024-09-01T16:17:00+00:00","description":"Sigilant lichid gals ca protec\u021bie \u00eempotriva graffiti-urilor. Afla\u021bi de la noi cum v\u0103 pute\u021bi proteja bunurile.","breadcrumb":{"@id":"https:\/\/www.versiegelung24.com\/ro\/sfaturi-despre-produsele-versiegelung24\/a-sti-cum\/protectie-pentru-graffiti\/#breadcrumb"},"inLanguage":"ro-RO","potentialAction":[{"@type":"ReadAction","target":["https:\/\/www.versiegelung24.com\/ro\/sfaturi-despre-produsele-versiegelung24\/a-sti-cum\/protectie-pentru-graffiti\/"]}]},{"@type":"ImageObject","inLanguage":"ro-RO","@id":"https:\/\/www.versiegelung24.com\/ro\/sfaturi-despre-produsele-versiegelung24\/a-sti-cum\/protectie-pentru-graffiti\/#primaryimage","url":"https:\/\/www.versiegelung24.com\/wp-content\/uploads\/2021\/12\/graf-1.jpg","contentUrl":"https:\/\/www.versiegelung24.com\/wp-content\/uploads\/2021\/12\/graf-1.jpg","width":1000,"height":1000},{"@type":"BreadcrumbList","@id":"https:\/\/www.versiegelung24.com\/ro\/sfaturi-despre-produsele-versiegelung24\/a-sti-cum\/protectie-pentru-graffiti\/#breadcrumb","itemListElement":[{"@type":"ListItem","position":1,"name":"Pagina de start","item":"https:\/\/www.versiegelung24.com\/ro\/fata\/"},{"@type":"ListItem","position":2,"name":"Consilier","item":"https:\/\/www.versiegelung24.com\/ro\/ratgeber\/"},{"@type":"ListItem","position":3,"name":"revist\u0103","item":"https:\/\/www.versiegelung24.com\/ro\/ratgeber\/magazin\/"},{"@type":"ListItem","position":4,"name":"Protec\u021bie \u00eempotriva graffiti-ului pentru fa\u021bad\u0103"}]},{"@type":"WebSite","@id":"https:\/\/www.versiegelung24.com\/ro\/#website","url":"https:\/\/www.versiegelung24.com\/ro\/","name":"versiegelung24.com","description":"Fl\u00fcssigglas-Versiegelung - Made in Germany","publisher":{"@id":"https:\/\/www.versiegelung24.com\/ro\/#organization"},"potentialAction":[{"@type":"SearchAction","target":{"@type":"EntryPoint","urlTemplate":"https:\/\/www.versiegelung24.com\/ro\/?s={search_term_string}"},"query-input":{"@type":"PropertyValueSpecification","valueRequired":true,"valueName":"search_term_string"}}],"inLanguage":"ro-RO"},{"@type":"Organization","@id":"https:\/\/www.versiegelung24.com\/ro\/#organization","name":"versiegelung24","url":"https:\/\/www.versiegelung24.com\/ro\/","logo":{"@type":"ImageObject","inLanguage":"ro-RO","@id":"https:\/\/www.versiegelung24.com\/ro\/#\/schema\/logo\/image\/","url":"https:\/\/www.versiegelung24.com\/wp-content\/uploads\/2020\/04\/versiegelung24.png","contentUrl":"https:\/\/www.versiegelung24.com\/wp-content\/uploads\/2020\/04\/versiegelung24.png","width":470,"height":102,"caption":"versiegelung24"},"image":{"@id":"https:\/\/www.versiegelung24.com\/ro\/#\/schema\/logo\/image\/"}}]}},"_links":{"self":[{"href":"https:\/\/www.versiegelung24.com\/ro\/wp-json\/wp\/v2\/pages\/41107","targetHints":{"allow":["GET"]}}],"collection":[{"href":"https:\/\/www.versiegelung24.com\/ro\/wp-json\/wp\/v2\/pages"}],"about":[{"href":"https:\/\/www.versiegelung24.com\/ro\/wp-json\/wp\/v2\/types\/page"}],"author":[{"embeddable":true,"href":"https:\/\/www.versiegelung24.com\/ro\/wp-json\/wp\/v2\/users\/932"}],"replies":[{"embeddable":true,"href":"https:\/\/www.versiegelung24.com\/ro\/wp-json\/wp\/v2\/comments?post=41107"}],"version-history":[{"count":17,"href":"https:\/\/www.versiegelung24.com\/ro\/wp-json\/wp\/v2\/pages\/41107\/revisions"}],"predecessor-version":[{"id":172655,"href":"https:\/\/www.versiegelung24.com\/ro\/wp-json\/wp\/v2\/pages\/41107\/revisions\/172655"}],"up":[{"embeddable":true,"href":"https:\/\/www.versiegelung24.com\/ro\/wp-json\/wp\/v2\/pages\/34655"}],"wp:featuredmedia":[{"embeddable":true,"href":"https:\/\/www.versiegelung24.com\/ro\/wp-json\/wp\/v2\/media\/40887"}],"wp:attachment":[{"href":"https:\/\/www.versiegelung24.com\/ro\/wp-json\/wp\/v2\/media?parent=41107"}],"wp:term":[{"taxonomy":"category","embeddable":true,"href":"https:\/\/www.versiegelung24.com\/ro\/wp-json\/wp\/v2\/categories?post=41107"},{"taxonomy":"seiten_kategorie","embeddable":true,"href":"https:\/\/www.versiegelung24.com\/ro\/wp-json\/wp\/v2\/seiten_kategorie?post=41107"}],"curies":[{"name":"wp","href":"https:\/\/api.w.org\/{rel}","templated":true}]}}