{"id":41187,"date":"2021-12-14T14:16:43","date_gmt":"2021-12-14T13:16:43","guid":{"rendered":"https:\/\/www.versiegelung24.com\/sfaturi-despre-produsele-versiegelung24\/a-sti-cum\/smartphone"},"modified":"2024-09-01T22:43:02","modified_gmt":"2024-09-01T20:43:02","slug":"lichid-glass-etansare-de-smartphone-uri","status":"publish","type":"page","link":"https:\/\/www.versiegelung24.com\/ro\/sfaturi-despre-produsele-versiegelung24\/a-sti-cum\/smartphone\/","title":{"rendered":"Etan\u0219ant pentru sticl\u0103 lichid\u0103 pentru smartphone-uri \u0219i tablete &#8211; protejeaz\u0103 ecranele \u0219i cre\u0219te longevitatea"},"content":{"rendered":"\n<h1 class=\"wp-block-heading\" id=\"h-smartphone-flussigglas-versiegelung\">Etan\u0219are cu sticl\u0103 lichid\u0103 pentru smartphone<\/h1>\n\n<p>Aproape toat\u0103 lumea de\u021bine un smartphone \u00een zilele noastre. Din p\u0103cate, aceste aparate minune sunt foarte delicate. Odat\u0103 cu utilizarea zilnic\u0103, apar urme de utilizare precum zg\u00e2rieturi sau amprente care r\u0103m\u00e2n cu \u00eenc\u0103p\u0103\u021b\u00e2nare pe afi\u0219aj. Urm\u0103torul videoclip abordeaz\u0103 aceast\u0103 problem\u0103 \u0219i arat\u0103 cum pute\u021bi preveni aceste semne de utilizare. <\/p>\n\n<figure class=\"wp-block-embed aligncenter is-type-video is-provider-youtube wp-block-embed-youtube wp-embed-aspect-16-9 wp-has-aspect-ratio\"><div class=\"wp-block-embed__wrapper\"> \n<div class=\"nv-iframe-embed\"><iframe title=\"901 LiquiGlas Mobile Phone Coating   Preparation + application process\" width=\"1200\" height=\"675\" src=\"https:\/\/www.youtube.com\/embed\/8JLSZ1KA-yU?feature=oembed\" frameborder=\"0\" allow=\"accelerometer; autoplay; clipboard-write; encrypted-media; gyroscope; picture-in-picture\" allowfullscreen><\/iframe><\/div>\n <\/div><\/figure>\n\n<br\/>\n<br\/>\n\n<div class=\"wp-block-columns is-layout-flex wp-container-core-columns-is-layout-9d6595d7 wp-block-columns-is-layout-flex\">\n<div class=\"wp-block-column is-layout-flow wp-block-column-is-layout-flow\" style=\"flex-basis:33.33%\">\n<h2 class=\"wp-block-heading\" id=\"h-anleitung-smartphone-display-einfach-versiegeln\">Instruc\u021biuni &#8211; Pur \u0219i simplu sigila\u021bi ecranul smartphone-ului<\/h2>\n\n\n\n<ul class=\"wp-block-list\">\n<li>Chiar la \u00eenceputul videoclipului, po\u021bi vedea c\u0103 tot ce ai nevoie pentru a-\u021bi sigila <a href=\"https:\/\/www.versiegelung24.com\/ro\/lichid-sticla-telefon-mobil-etansare-lichid-ecran-protectie.html\" target=\"_blank\" rel=\"noreferrer noopener\">telefonul mobil<\/a> a fost adunat \u00eentr-un set practic. Aceasta include:<\/li>\n\n\n\n<li><strong>M\u0103nu\u0219\u0103<\/strong> pentru a evita amprentele digitale<\/li>\n\n\n\n<li>O <strong>c\u00e2rp\u0103 de cur\u0103\u021bare<a href=\"https:\/\/www.versiegelung24.com\/reinigung\/bioethanol\/\">\u00eembibat\u0103 cu etanol<\/a><\/strong><\/li>\n\n\n\n<li><strong>P\u00e2nz\u0103 de lustruit<\/strong><\/li>\n\n\n\n<li>A <strong><a href=\"https:\/\/www.versiegelung24.com\/ro\/panza-microfibra-10x10cm-pentru-aplicatie-profesional-de-sticla-lichida.html\" target=\"_blank\" rel=\"noreferrer noopener\">p\u00e2nz\u0103 de sticl\u0103 lichid\u0103<\/a><\/strong> pentru etan\u0219are<\/li>\n<\/ul>\n\n\n\n<p><\/p>\n\n\n\n<p>\u00cen timpul utiliz\u0103rii, smartphone-ul este \u021binut doar de m\u00e2na pe care se afl\u0103 m\u0103nu\u0219a pentru a evita amprentele noi &#8211; acestea sunt mai groase dec\u00e2t \u00eenveli\u0219ul de sticl\u0103 lichid\u0103 \u0219i ar \u00eempiedica etan\u0219area corect\u0103.<\/p>\n<\/div>\n\n\n\n<div class=\"wp-block-column is-layout-flow wp-block-column-is-layout-flow\" style=\"flex-basis:66.66%\">\n<figure class=\"wp-block-image size-large\"><img fetchpriority=\"high\" decoding=\"async\" width=\"1300\" height=\"867\" src=\"https:\/\/www.versiegelung24.com\/wp-content\/uploads\/2021\/12\/smart_liq-1300x867.jpg\" alt=\"\" class=\"wp-image-40898\" srcset=\"https:\/\/www.versiegelung24.com\/wp-content\/uploads\/2021\/12\/smart_liq-1300x867.jpg 1300w, https:\/\/www.versiegelung24.com\/wp-content\/uploads\/2021\/12\/smart_liq-scaled-600x400.jpg 600w, https:\/\/www.versiegelung24.com\/wp-content\/uploads\/2021\/12\/smart_liq-300x200.jpg 300w, https:\/\/www.versiegelung24.com\/wp-content\/uploads\/2021\/12\/smart_liq-768x512.jpg 768w, https:\/\/www.versiegelung24.com\/wp-content\/uploads\/2021\/12\/smart_liq-1536x1024.jpg 1536w, https:\/\/www.versiegelung24.com\/wp-content\/uploads\/2021\/12\/smart_liq-2048x1366.jpg 2048w, https:\/\/www.versiegelung24.com\/wp-content\/uploads\/2021\/12\/smart_liq-930x620.jpg 930w\" sizes=\"(max-width: 1300px) 100vw, 1300px\" \/><\/figure>\n<\/div>\n<\/div>\n\n<p>Dup\u0103 pre-cur\u0103\u021bare, afi\u0219ajul este uscat \u0219i astfel se elimin\u0103 orice reziduuri de amprente sau gr\u0103simi. <strong>Aici ar trebui folosit\u0103 doar o parte a c\u00e2rpei din microfibr\u0103<\/strong> &#8211; <strong>cealalt\u0103 parte va fi necesar\u0103 mai t\u00e2rziu<\/strong> pentru a lustrui garnitura. \u00cen pasul urm\u0103tor, c\u00e2rpa \u00eenmuiat\u0103 \u00een sticl\u0103 lichid\u0103 este despachetat\u0103 \u0219i &#8211; ca \u0219i \u00een cazul pre-cur\u0103\u021b\u0103rii &#8211; \u00eentregul smartphone este frecat cu ea. Poate fi sigilat de jur \u00eemprejur cu sticl\u0103 lichid\u0103. Spatele telefoanelor mobile este adesea din sticl\u0103 ast\u0103zi.<\/p>\n\n<p>Dup\u0103 cel pu\u021bin Suprafa\u021ba smartphone-ului este lustruit\u0103 timp de 30 de minute &#8211; sigilarea este realizat\u0103. \u00cen videoclip pute\u021bi vedea sfatul c\u0103 este avantajos s\u0103 l\u0103sa\u021bi sticla lichid\u0103 s\u0103 se \u00eent\u0103reasc\u0103 peste noapte &#8211; urma\u021bi aceast\u0103 recomandare, deoarece cu c\u00e2t stratul protector este mai rezistent dup\u0103 aceea. Se recomand\u0103 reaplicarea etan\u0219antului la intervale regulate pentru a men\u021bine protec\u021bia.<\/p>\n\n","protected":false},"excerpt":{"rendered":"<p>Protec\u021bie maxim\u0103 pentru smartphone-ul dvs. cu etan\u0219are inovatoare din sticl\u0103 lichid\u0103.<\/p>\n","protected":false},"author":932,"featured_media":41500,"parent":34655,"menu_order":0,"comment_status":"closed","ping_status":"closed","template":"","meta":{"_acf_changed":false,"neve_meta_sidebar":"full-width","neve_meta_container":"","neve_meta_enable_content_width":"on","neve_meta_content_width":100,"neve_meta_title_alignment":"","neve_meta_author_avatar":"","neve_post_elements_order":"","neve_meta_disable_header":"","neve_meta_disable_footer":"","neve_meta_disable_title":"","neve_meta_reading_time":"","footnotes":""},"categories":[3510,3617],"seiten_kategorie":[3846],"class_list":["post-41187","page","type-page","status-publish","has-post-thumbnail","hentry","category-sfaturi-articol-revista","category-stil-de-viata"],"acf":[],"yoast_head":"<!-- This site is optimized with the Yoast SEO Premium plugin v22.8 (Yoast SEO v27.5) - https:\/\/yoast.com\/product\/yoast-seo-premium-wordpress\/ -->\n<title>Proteja\u021bi-v\u0103 smartphone-ul \u0219i tableta cu lichid de etan\u0219are a sticlei!<\/title>\n<meta name=\"description\" content=\"Proteja\u021bi-v\u0103 smartphone-ul \u0219i tableta cu sigilantul nostru! Etan\u0219ant lichid pentru sticl\u0103 pentru o protec\u021bie optim\u0103 a ecranului smartphone-ului!\" \/>\n<meta name=\"robots\" content=\"index, follow, max-snippet:-1, max-image-preview:large, max-video-preview:-1\" \/>\n<link rel=\"canonical\" href=\"https:\/\/www.versiegelung24.com\/ro\/sfaturi-despre-produsele-versiegelung24\/a-sti-cum\/smartphone\/\" \/>\n<meta property=\"og:locale\" content=\"ro_RO\" \/>\n<meta property=\"og:type\" content=\"article\" \/>\n<meta property=\"og:title\" content=\"Etan\u0219ant pentru sticl\u0103 lichid\u0103 pentru smartphone-uri \u0219i tablete - protejeaz\u0103 ecranele \u0219i cre\u0219te longevitatea\" \/>\n<meta property=\"og:description\" content=\"Proteja\u021bi-v\u0103 smartphone-ul \u0219i tableta cu sigilantul nostru! Etan\u0219ant lichid pentru sticl\u0103 pentru o protec\u021bie optim\u0103 a ecranului smartphone-ului!\" \/>\n<meta property=\"og:url\" content=\"https:\/\/www.versiegelung24.com\/ro\/sfaturi-despre-produsele-versiegelung24\/a-sti-cum\/smartphone\/\" \/>\n<meta property=\"og:site_name\" content=\"versiegelung24.com\" \/>\n<meta property=\"article:modified_time\" content=\"2024-09-01T20:43:02+00:00\" \/>\n<meta property=\"og:image\" content=\"https:\/\/www.versiegelung24.com\/wp-content\/uploads\/2021\/12\/smart_liq-1-scaled.jpg\" \/>\n\t<meta property=\"og:image:width\" content=\"2560\" \/>\n\t<meta property=\"og:image:height\" content=\"2560\" \/>\n\t<meta property=\"og:image:type\" content=\"image\/jpeg\" \/>\n<meta name=\"twitter:card\" content=\"summary_large_image\" \/>\n<meta name=\"twitter:label1\" content=\"Timp estimat pentru citire\" \/>\n\t<meta name=\"twitter:data1\" content=\"2 minute\" \/>\n<script type=\"application\/ld+json\" class=\"yoast-schema-graph\">{\"@context\":\"https:\\\/\\\/schema.org\",\"@graph\":[{\"@type\":\"WebPage\",\"@id\":\"https:\\\/\\\/www.versiegelung24.com\\\/ro\\\/sfaturi-despre-produsele-versiegelung24\\\/a-sti-cum\\\/smartphone\\\/\",\"url\":\"https:\\\/\\\/www.versiegelung24.com\\\/ro\\\/sfaturi-despre-produsele-versiegelung24\\\/a-sti-cum\\\/smartphone\\\/\",\"name\":\"Proteja\u021bi-v\u0103 smartphone-ul \u0219i tableta cu lichid de etan\u0219are a sticlei!\",\"isPartOf\":{\"@id\":\"https:\\\/\\\/www.versiegelung24.com\\\/ro\\\/#website\"},\"primaryImageOfPage\":{\"@id\":\"https:\\\/\\\/www.versiegelung24.com\\\/ro\\\/sfaturi-despre-produsele-versiegelung24\\\/a-sti-cum\\\/smartphone\\\/#primaryimage\"},\"image\":{\"@id\":\"https:\\\/\\\/www.versiegelung24.com\\\/ro\\\/sfaturi-despre-produsele-versiegelung24\\\/a-sti-cum\\\/smartphone\\\/#primaryimage\"},\"thumbnailUrl\":\"https:\\\/\\\/www.versiegelung24.com\\\/wp-content\\\/uploads\\\/2021\\\/12\\\/smart_liq-1-scaled.jpg\",\"datePublished\":\"2021-12-14T13:16:43+00:00\",\"dateModified\":\"2024-09-01T20:43:02+00:00\",\"description\":\"Proteja\u021bi-v\u0103 smartphone-ul \u0219i tableta cu sigilantul nostru! Etan\u0219ant lichid pentru sticl\u0103 pentru o protec\u021bie optim\u0103 a ecranului smartphone-ului!\",\"breadcrumb\":{\"@id\":\"https:\\\/\\\/www.versiegelung24.com\\\/ro\\\/sfaturi-despre-produsele-versiegelung24\\\/a-sti-cum\\\/smartphone\\\/#breadcrumb\"},\"inLanguage\":\"ro-RO\",\"potentialAction\":[{\"@type\":\"ReadAction\",\"target\":[\"https:\\\/\\\/www.versiegelung24.com\\\/ro\\\/sfaturi-despre-produsele-versiegelung24\\\/a-sti-cum\\\/smartphone\\\/\"]}]},{\"@type\":\"ImageObject\",\"inLanguage\":\"ro-RO\",\"@id\":\"https:\\\/\\\/www.versiegelung24.com\\\/ro\\\/sfaturi-despre-produsele-versiegelung24\\\/a-sti-cum\\\/smartphone\\\/#primaryimage\",\"url\":\"https:\\\/\\\/www.versiegelung24.com\\\/wp-content\\\/uploads\\\/2021\\\/12\\\/smart_liq-1-scaled.jpg\",\"contentUrl\":\"https:\\\/\\\/www.versiegelung24.com\\\/wp-content\\\/uploads\\\/2021\\\/12\\\/smart_liq-1-scaled.jpg\",\"width\":2560,\"height\":2560},{\"@type\":\"BreadcrumbList\",\"@id\":\"https:\\\/\\\/www.versiegelung24.com\\\/ro\\\/sfaturi-despre-produsele-versiegelung24\\\/a-sti-cum\\\/smartphone\\\/#breadcrumb\",\"itemListElement\":[{\"@type\":\"ListItem\",\"position\":1,\"name\":\"Pagina de start\",\"item\":\"https:\\\/\\\/www.versiegelung24.com\\\/ro\\\/fata\\\/\"},{\"@type\":\"ListItem\",\"position\":2,\"name\":\"Consilier\",\"item\":\"https:\\\/\\\/www.versiegelung24.com\\\/ro\\\/ratgeber\\\/\"},{\"@type\":\"ListItem\",\"position\":3,\"name\":\"revist\u0103\",\"item\":\"https:\\\/\\\/www.versiegelung24.com\\\/ro\\\/ratgeber\\\/magazin\\\/\"},{\"@type\":\"ListItem\",\"position\":4,\"name\":\"Etan\u0219ant pentru sticl\u0103 lichid\u0103 pentru smartphone-uri \u0219i tablete &#8211; protejeaz\u0103 ecranele \u0219i cre\u0219te longevitatea\"}]},{\"@type\":\"WebSite\",\"@id\":\"https:\\\/\\\/www.versiegelung24.com\\\/ro\\\/#website\",\"url\":\"https:\\\/\\\/www.versiegelung24.com\\\/ro\\\/\",\"name\":\"versiegelung24.com\",\"description\":\"Fl\u00fcssigglas-Versiegelung - Made in Germany\",\"publisher\":{\"@id\":\"https:\\\/\\\/www.versiegelung24.com\\\/ro\\\/#organization\"},\"potentialAction\":[{\"@type\":\"SearchAction\",\"target\":{\"@type\":\"EntryPoint\",\"urlTemplate\":\"https:\\\/\\\/www.versiegelung24.com\\\/ro\\\/?s={search_term_string}\"},\"query-input\":{\"@type\":\"PropertyValueSpecification\",\"valueRequired\":true,\"valueName\":\"search_term_string\"}}],\"inLanguage\":\"ro-RO\"},{\"@type\":\"Organization\",\"@id\":\"https:\\\/\\\/www.versiegelung24.com\\\/ro\\\/#organization\",\"name\":\"versiegelung24\",\"url\":\"https:\\\/\\\/www.versiegelung24.com\\\/ro\\\/\",\"logo\":{\"@type\":\"ImageObject\",\"inLanguage\":\"ro-RO\",\"@id\":\"https:\\\/\\\/www.versiegelung24.com\\\/ro\\\/#\\\/schema\\\/logo\\\/image\\\/\",\"url\":\"https:\\\/\\\/www.versiegelung24.com\\\/wp-content\\\/uploads\\\/2020\\\/04\\\/versiegelung24.png\",\"contentUrl\":\"https:\\\/\\\/www.versiegelung24.com\\\/wp-content\\\/uploads\\\/2020\\\/04\\\/versiegelung24.png\",\"width\":470,\"height\":102,\"caption\":\"versiegelung24\"},\"image\":{\"@id\":\"https:\\\/\\\/www.versiegelung24.com\\\/ro\\\/#\\\/schema\\\/logo\\\/image\\\/\"}}]}<\/script>\n<!-- \/ Yoast SEO Premium plugin. -->","yoast_head_json":{"title":"Proteja\u021bi-v\u0103 smartphone-ul \u0219i tableta cu lichid de etan\u0219are a sticlei!","description":"Proteja\u021bi-v\u0103 smartphone-ul \u0219i tableta cu sigilantul nostru! Etan\u0219ant lichid pentru sticl\u0103 pentru o protec\u021bie optim\u0103 a ecranului smartphone-ului!","robots":{"index":"index","follow":"follow","max-snippet":"max-snippet:-1","max-image-preview":"max-image-preview:large","max-video-preview":"max-video-preview:-1"},"canonical":"https:\/\/www.versiegelung24.com\/ro\/sfaturi-despre-produsele-versiegelung24\/a-sti-cum\/smartphone\/","og_locale":"ro_RO","og_type":"article","og_title":"Etan\u0219ant pentru sticl\u0103 lichid\u0103 pentru smartphone-uri \u0219i tablete - protejeaz\u0103 ecranele \u0219i cre\u0219te longevitatea","og_description":"Proteja\u021bi-v\u0103 smartphone-ul \u0219i tableta cu sigilantul nostru! Etan\u0219ant lichid pentru sticl\u0103 pentru o protec\u021bie optim\u0103 a ecranului smartphone-ului!","og_url":"https:\/\/www.versiegelung24.com\/ro\/sfaturi-despre-produsele-versiegelung24\/a-sti-cum\/smartphone\/","og_site_name":"versiegelung24.com","article_modified_time":"2024-09-01T20:43:02+00:00","og_image":[{"width":2560,"height":2560,"url":"https:\/\/www.versiegelung24.com\/wp-content\/uploads\/2021\/12\/smart_liq-1-scaled.jpg","type":"image\/jpeg"}],"twitter_card":"summary_large_image","twitter_misc":{"Timp estimat pentru citire":"2 minute"},"schema":{"@context":"https:\/\/schema.org","@graph":[{"@type":"WebPage","@id":"https:\/\/www.versiegelung24.com\/ro\/sfaturi-despre-produsele-versiegelung24\/a-sti-cum\/smartphone\/","url":"https:\/\/www.versiegelung24.com\/ro\/sfaturi-despre-produsele-versiegelung24\/a-sti-cum\/smartphone\/","name":"Proteja\u021bi-v\u0103 smartphone-ul \u0219i tableta cu lichid de etan\u0219are a sticlei!","isPartOf":{"@id":"https:\/\/www.versiegelung24.com\/ro\/#website"},"primaryImageOfPage":{"@id":"https:\/\/www.versiegelung24.com\/ro\/sfaturi-despre-produsele-versiegelung24\/a-sti-cum\/smartphone\/#primaryimage"},"image":{"@id":"https:\/\/www.versiegelung24.com\/ro\/sfaturi-despre-produsele-versiegelung24\/a-sti-cum\/smartphone\/#primaryimage"},"thumbnailUrl":"https:\/\/www.versiegelung24.com\/wp-content\/uploads\/2021\/12\/smart_liq-1-scaled.jpg","datePublished":"2021-12-14T13:16:43+00:00","dateModified":"2024-09-01T20:43:02+00:00","description":"Proteja\u021bi-v\u0103 smartphone-ul \u0219i tableta cu sigilantul nostru! Etan\u0219ant lichid pentru sticl\u0103 pentru o protec\u021bie optim\u0103 a ecranului smartphone-ului!","breadcrumb":{"@id":"https:\/\/www.versiegelung24.com\/ro\/sfaturi-despre-produsele-versiegelung24\/a-sti-cum\/smartphone\/#breadcrumb"},"inLanguage":"ro-RO","potentialAction":[{"@type":"ReadAction","target":["https:\/\/www.versiegelung24.com\/ro\/sfaturi-despre-produsele-versiegelung24\/a-sti-cum\/smartphone\/"]}]},{"@type":"ImageObject","inLanguage":"ro-RO","@id":"https:\/\/www.versiegelung24.com\/ro\/sfaturi-despre-produsele-versiegelung24\/a-sti-cum\/smartphone\/#primaryimage","url":"https:\/\/www.versiegelung24.com\/wp-content\/uploads\/2021\/12\/smart_liq-1-scaled.jpg","contentUrl":"https:\/\/www.versiegelung24.com\/wp-content\/uploads\/2021\/12\/smart_liq-1-scaled.jpg","width":2560,"height":2560},{"@type":"BreadcrumbList","@id":"https:\/\/www.versiegelung24.com\/ro\/sfaturi-despre-produsele-versiegelung24\/a-sti-cum\/smartphone\/#breadcrumb","itemListElement":[{"@type":"ListItem","position":1,"name":"Pagina de start","item":"https:\/\/www.versiegelung24.com\/ro\/fata\/"},{"@type":"ListItem","position":2,"name":"Consilier","item":"https:\/\/www.versiegelung24.com\/ro\/ratgeber\/"},{"@type":"ListItem","position":3,"name":"revist\u0103","item":"https:\/\/www.versiegelung24.com\/ro\/ratgeber\/magazin\/"},{"@type":"ListItem","position":4,"name":"Etan\u0219ant pentru sticl\u0103 lichid\u0103 pentru smartphone-uri \u0219i tablete &#8211; protejeaz\u0103 ecranele \u0219i cre\u0219te longevitatea"}]},{"@type":"WebSite","@id":"https:\/\/www.versiegelung24.com\/ro\/#website","url":"https:\/\/www.versiegelung24.com\/ro\/","name":"versiegelung24.com","description":"Fl\u00fcssigglas-Versiegelung - Made in Germany","publisher":{"@id":"https:\/\/www.versiegelung24.com\/ro\/#organization"},"potentialAction":[{"@type":"SearchAction","target":{"@type":"EntryPoint","urlTemplate":"https:\/\/www.versiegelung24.com\/ro\/?s={search_term_string}"},"query-input":{"@type":"PropertyValueSpecification","valueRequired":true,"valueName":"search_term_string"}}],"inLanguage":"ro-RO"},{"@type":"Organization","@id":"https:\/\/www.versiegelung24.com\/ro\/#organization","name":"versiegelung24","url":"https:\/\/www.versiegelung24.com\/ro\/","logo":{"@type":"ImageObject","inLanguage":"ro-RO","@id":"https:\/\/www.versiegelung24.com\/ro\/#\/schema\/logo\/image\/","url":"https:\/\/www.versiegelung24.com\/wp-content\/uploads\/2020\/04\/versiegelung24.png","contentUrl":"https:\/\/www.versiegelung24.com\/wp-content\/uploads\/2020\/04\/versiegelung24.png","width":470,"height":102,"caption":"versiegelung24"},"image":{"@id":"https:\/\/www.versiegelung24.com\/ro\/#\/schema\/logo\/image\/"}}]}},"_links":{"self":[{"href":"https:\/\/www.versiegelung24.com\/ro\/wp-json\/wp\/v2\/pages\/41187","targetHints":{"allow":["GET"]}}],"collection":[{"href":"https:\/\/www.versiegelung24.com\/ro\/wp-json\/wp\/v2\/pages"}],"about":[{"href":"https:\/\/www.versiegelung24.com\/ro\/wp-json\/wp\/v2\/types\/page"}],"author":[{"embeddable":true,"href":"https:\/\/www.versiegelung24.com\/ro\/wp-json\/wp\/v2\/users\/932"}],"replies":[{"embeddable":true,"href":"https:\/\/www.versiegelung24.com\/ro\/wp-json\/wp\/v2\/comments?post=41187"}],"version-history":[{"count":15,"href":"https:\/\/www.versiegelung24.com\/ro\/wp-json\/wp\/v2\/pages\/41187\/revisions"}],"predecessor-version":[{"id":173412,"href":"https:\/\/www.versiegelung24.com\/ro\/wp-json\/wp\/v2\/pages\/41187\/revisions\/173412"}],"up":[{"embeddable":true,"href":"https:\/\/www.versiegelung24.com\/ro\/wp-json\/wp\/v2\/pages\/34655"}],"wp:featuredmedia":[{"embeddable":true,"href":"https:\/\/www.versiegelung24.com\/ro\/wp-json\/wp\/v2\/media\/41500"}],"wp:attachment":[{"href":"https:\/\/www.versiegelung24.com\/ro\/wp-json\/wp\/v2\/media?parent=41187"}],"wp:term":[{"taxonomy":"category","embeddable":true,"href":"https:\/\/www.versiegelung24.com\/ro\/wp-json\/wp\/v2\/categories?post=41187"},{"taxonomy":"seiten_kategorie","embeddable":true,"href":"https:\/\/www.versiegelung24.com\/ro\/wp-json\/wp\/v2\/seiten_kategorie?post=41187"}],"curies":[{"name":"wp","href":"https:\/\/api.w.org\/{rel}","templated":true}]}}