{"id":126086,"date":"2023-09-01T15:04:03","date_gmt":"2023-09-01T13:04:45","guid":{"rendered":"https:\/\/www.versiegelung24.com\/product\/etansant-pentru-parbrize-406\/"},"modified":"2025-01-05T18:36:51","modified_gmt":"2025-01-05T17:36:51","slug":"parbriz-sigilant-406","status":"publish","type":"product","link":"https:\/\/www.versiegelung24.com\/ro\/parbriz-sigilant-406.html","title":{"rendered":"Etan\u0219area parbrizului"},"content":{"rendered":"\n<p><strong>Intra\u021bi \u00eentr-o nou\u0103 er\u0103 a siguran\u021bei \u0219i confortului la volan cu materialul nostru de etan\u0219are a parbrizului aprobat de T\u00dcV<\/strong>. Formula noastr\u0103 avansat\u0103 nu este doar incredibil de durabil\u0103, ci \u0219i versatil\u0103 &#8211; de la ma\u0219ini, camioane, b\u0103rci \u0219i rulote. Experimenta\u021bi diferen\u021ba de p\u00e2n\u0103 la 20.000 km de condus f\u0103r\u0103 griji cu o singur\u0103 aplica\u021bie. Pur \u0219i simplu reaplica\u021bi la fiecare \u0219ase luni \u0219i v\u0103 ve\u021bi bucura de un an \u00eentreg de vedere de neegalat.<\/p>\n\n<p>Dar asta nu este tot. Materialul nostru de etan\u0219are asigur\u0103 c\u0103 apa se rostogole\u0219te pur \u0219i simplu la viteze de peste 60 km\/h, astfel \u00eenc\u00e2t \u0219terg\u0103toarele de parbriz sunt scutite \u0219i p\u0103stra\u021bi o vedere clar\u0103 chiar \u0219i pe vreme rea. Conduce\u021bi des pe timp de noapte? Etan\u0219antul nostru reduce str\u0103lucirea \u0219i distorsiunea luminii, astfel \u00eenc\u00e2t s\u0103 pute\u021bi fi \u00een siguran\u021b\u0103 \u0219i \u00eencrez\u0103tor pe \u0219osea.<\/p>\n\n<h2 class=\"wp-block-heading\" id=\"video\">Video<\/h2>\n\n<figure class=\"wp-block-embed is-type-video is-provider-youtube wp-block-embed-youtube wp-embed-aspect-16-9 wp-has-aspect-ratio\"><div class=\"wp-block-embed__wrapper\">\n<div class=\"nv-iframe-embed\"><iframe title=\"Windschutzscheiben Versiegelung - Versiegelung24.com\" width=\"1200\" height=\"675\" src=\"https:\/\/www.youtube.com\/embed\/5cu8smLIMD0?feature=oembed\" frameborder=\"0\" allow=\"accelerometer; autoplay; clipboard-write; encrypted-media; gyroscope; picture-in-picture; web-share\" allowfullscreen><\/iframe><\/div>\n<\/div><\/figure>\n\n<hr class=\"wp-block-separator has-alpha-channel-opacity\"\/>\n\n<h2 class=\"wp-block-heading\" id=\"properties\">propriet\u0103\u021bi<\/h2>\n\n<p><\/p>\n\n<p>Con\u021binut: 2 c\u00e2rpe de pre-cur\u0103\u021bare, 2 c\u00e2rpe de etan\u0219are (fiecare pentru 2 m\u00b2), 1 c\u00e2rp\u0103 din microfibre, 2 m\u0103nu\u0219i de unic\u0103 folosin\u021b\u0103<\/p>\n\n<ul class=\"wp-block-list\">\n<li>Durabilitate mare &#8211; p\u00e2n\u0103 la 20.000 km<\/li>\n\n\n\n<li>Reduce str\u0103lucirea \u0219i distorsiunea luminii pe timp de noapte<\/li>\n\n\n\n<li>Apa se scurge (60+ km\/h), adic\u0103 vizibilitate clar\u0103 chiar \u0219i f\u0103r\u0103 \u0219terg\u0103toare de parbriz<\/li>\n\n\n\n<li>Protejeaz\u0103 \u0219terg\u0103toarele de parbriz<\/li>\n\n\n\n<li>Aplicare simpl\u0103<\/li>\n\n\n\n<li>Propriet\u0103\u021bi anti-adezive puternice \u0219i mai pu\u021bin\u0103 aderen\u021b\u0103 a insectelor<\/li>\n\n\n\n<li>Reduce micro zg\u00e2rieturile<\/li>\n\n\n\n<li>Fereastr\u0103 mai u\u0219or de cur\u0103\u021bat \u0219i ghea\u021b\u0103 mai u\u0219or de \u00eendep\u0103rtat<\/li>\n\n\n\n<li>Strat protector invizibil &#8211; 500 x mai sub\u021bire dec\u00e2t un fir de p\u0103r uman<\/li>\n\n\n\n<li>Stabil la UV cu rezisten\u021b\u0103 ridicat\u0103 la abraziune<\/li>\n\n\n\n<li>Rezistent la fluctua\u021biile de temperatur\u0103<\/li>\n\n\n\n<li>Rezistent chimic (ph 2 p\u00e2n\u0103 la 13)<\/li>\n\n\n\n<li>Rezistent la ma\u0219ina de sp\u0103lat \u0219i la cur\u0103\u021b\u0103torul de \u00eenalt\u0103 presiune<\/li>\n\n\n\n<li>Pentru geamurile frontale \u0219i laterale ale ma\u0219inilor, camionetelor, camioanelor, b\u0103rcilor \u0219i rulotelor<\/li>\n\n\n\n<li>Aplica\u021bi pe parbriz \u0219i repeta\u021bi dup\u0103 6 luni = dureaz\u0103 p\u00e2n\u0103 la 1 an<\/li>\n\n\n\n<li>Testat de T\u00dcV<\/li>\n<\/ul>\n","protected":false},"excerpt":{"rendered":"<p>\u2713 Durabilitate lung\u0103 &#8211; p\u00e2n\u0103 la 20.000 km<\/p>\n<p>\u2713 Perle de ap\u0103 (60+ km\/h), adic\u0103 o vedere clar\u0103 chiar \u0219i f\u0103r\u0103 \u0219terg\u0103toare de parbriz<\/p>\n<p>\u2713 Propriet\u0103\u021bi anti-adezive puternice \u0219i mai pu\u021bin\u0103 aderen\u021b\u0103 a insectelor<\/p>\n","protected":false},"featured_media":132064,"template":"","meta":{"_acf_changed":false,"neve_meta_sidebar":"","neve_meta_container":"","neve_meta_enable_content_width":"","neve_meta_content_width":0,"neve_meta_title_alignment":"","neve_meta_author_avatar":"","neve_post_elements_order":"","neve_meta_disable_header":"","neve_meta_disable_footer":"","neve_meta_disable_title":"","neve_meta_reading_time":"","_surfaces":[],"_ver_product_tabs":[],"footnotes":""},"product_brand":[],"product_cat":[2166,2201,2997],"product_tag":[],"class_list":{"0":"post-126086","1":"product","2":"type-product","3":"status-publish","4":"has-post-thumbnail","6":"product_cat-etansare-pentru-sticla-si-ceramica","7":"product_cat-etansarea-masinii","8":"product_cat-etansarea-sticlei-lichide","10":"first","11":"instock","12":"taxable","13":"shipping-taxable","14":"purchasable","15":"product-type-simple"},"acf":[],"yoast_head":"<!-- This site is optimized with the Yoast SEO Premium plugin v22.8 (Yoast SEO v27.5) - https:\/\/yoast.com\/product\/yoast-seo-premium-wordpress\/ -->\n<title>Etan\u0219area parbrizului - versiegelung24.com<\/title>\n<meta name=\"robots\" content=\"index, follow, max-snippet:-1, max-image-preview:large, max-video-preview:-1\" \/>\n<link rel=\"canonical\" href=\"https:\/\/www.versiegelung24.com\/ro\/parbriz-sigilant-406.html\" \/>\n<meta property=\"og:locale\" content=\"ro_RO\" \/>\n<meta property=\"og:type\" content=\"article\" \/>\n<meta property=\"og:title\" content=\"Etan\u0219area parbrizului\" \/>\n<meta property=\"og:description\" content=\"\u2713 Durabilitate lung\u0103 - p\u00e2n\u0103 la 20.000 km \u2713 Perle de ap\u0103 (60+ km\/h), adic\u0103 o vedere clar\u0103 chiar \u0219i f\u0103r\u0103 \u0219terg\u0103toare de parbriz \u2713 Propriet\u0103\u021bi anti-adezive puternice \u0219i mai pu\u021bin\u0103 aderen\u021b\u0103 a insectelor\" \/>\n<meta property=\"og:url\" content=\"https:\/\/www.versiegelung24.com\/ro\/parbriz-sigilant-406.html\" \/>\n<meta property=\"og:site_name\" content=\"versiegelung24.com\" \/>\n<meta property=\"article:modified_time\" content=\"2025-01-05T17:36:51+00:00\" \/>\n<meta property=\"og:image\" content=\"https:\/\/www.versiegelung24.com\/wp-content\/uploads\/2023\/09\/windschutz-1-1.webp\" \/>\n\t<meta property=\"og:image:width\" content=\"2560\" \/>\n\t<meta property=\"og:image:height\" content=\"2560\" \/>\n\t<meta property=\"og:image:type\" content=\"image\/webp\" \/>\n<meta name=\"twitter:card\" content=\"summary_large_image\" \/>\n<meta name=\"twitter:label1\" content=\"Pre\u021b\" \/>\n\t<meta name=\"twitter:data1\" content=\"17,99&euro;\" \/>\n\t<meta name=\"twitter:label2\" content=\"Disponibilitate\" \/>\n\t<meta name=\"twitter:data2\" content=\"\u00cen stoc\" \/>\n<script type=\"application\/ld+json\" class=\"yoast-schema-graph\">{\"@context\":\"https:\\\/\\\/schema.org\",\"@graph\":[{\"@type\":\"WebPage\",\"@id\":\"https:\\\/\\\/www.versiegelung24.com\\\/ro\\\/parbriz-sigilant-406.html\",\"url\":\"https:\\\/\\\/www.versiegelung24.com\\\/ro\\\/parbriz-sigilant-406.html\",\"name\":\"Etan\u0219area parbrizului - versiegelung24.com\",\"isPartOf\":{\"@id\":\"https:\\\/\\\/www.versiegelung24.com\\\/ro\\\/#website\"},\"primaryImageOfPage\":{\"@id\":\"https:\\\/\\\/www.versiegelung24.com\\\/ro\\\/parbriz-sigilant-406.html#primaryimage\"},\"image\":{\"@id\":\"https:\\\/\\\/www.versiegelung24.com\\\/ro\\\/parbriz-sigilant-406.html#primaryimage\"},\"thumbnailUrl\":\"https:\\\/\\\/www.versiegelung24.com\\\/wp-content\\\/uploads\\\/2023\\\/09\\\/windschutz-1-1.webp\",\"datePublished\":\"2023-09-01T13:04:45+00:00\",\"dateModified\":\"2025-01-05T17:36:51+00:00\",\"breadcrumb\":{\"@id\":\"https:\\\/\\\/www.versiegelung24.com\\\/ro\\\/parbriz-sigilant-406.html#breadcrumb\"},\"inLanguage\":\"ro-RO\",\"potentialAction\":[{\"@type\":\"ReadAction\",\"target\":[\"https:\\\/\\\/www.versiegelung24.com\\\/ro\\\/parbriz-sigilant-406.html\"]}]},{\"@type\":\"ImageObject\",\"inLanguage\":\"ro-RO\",\"@id\":\"https:\\\/\\\/www.versiegelung24.com\\\/ro\\\/parbriz-sigilant-406.html#primaryimage\",\"url\":\"https:\\\/\\\/www.versiegelung24.com\\\/wp-content\\\/uploads\\\/2023\\\/09\\\/windschutz-1-1.webp\",\"contentUrl\":\"https:\\\/\\\/www.versiegelung24.com\\\/wp-content\\\/uploads\\\/2023\\\/09\\\/windschutz-1-1.webp\",\"width\":2560,\"height\":2560},{\"@type\":\"BreadcrumbList\",\"@id\":\"https:\\\/\\\/www.versiegelung24.com\\\/ro\\\/parbriz-sigilant-406.html#breadcrumb\",\"itemListElement\":[{\"@type\":\"ListItem\",\"position\":1,\"name\":\"Pagina de start\",\"item\":\"https:\\\/\\\/www.versiegelung24.com\\\/ro\\\/fata\\\/\"},{\"@type\":\"ListItem\",\"position\":2,\"name\":\"Magazin\",\"item\":\"https:\\\/\\\/www.versiegelung24.com\\\/ro\\\/magazin_ro\\\/\"},{\"@type\":\"ListItem\",\"position\":3,\"name\":\"Etan\u0219area parbrizului\"}]},{\"@type\":\"WebSite\",\"@id\":\"https:\\\/\\\/www.versiegelung24.com\\\/ro\\\/#website\",\"url\":\"https:\\\/\\\/www.versiegelung24.com\\\/ro\\\/\",\"name\":\"versiegelung24.com\",\"description\":\"Fl\u00fcssigglas-Versiegelung - Made in Germany\",\"publisher\":{\"@id\":\"https:\\\/\\\/www.versiegelung24.com\\\/ro\\\/#organization\"},\"potentialAction\":[{\"@type\":\"SearchAction\",\"target\":{\"@type\":\"EntryPoint\",\"urlTemplate\":\"https:\\\/\\\/www.versiegelung24.com\\\/ro\\\/?s={search_term_string}\"},\"query-input\":{\"@type\":\"PropertyValueSpecification\",\"valueRequired\":true,\"valueName\":\"search_term_string\"}}],\"inLanguage\":\"ro-RO\"},{\"@type\":\"Organization\",\"@id\":\"https:\\\/\\\/www.versiegelung24.com\\\/ro\\\/#organization\",\"name\":\"versiegelung24\",\"url\":\"https:\\\/\\\/www.versiegelung24.com\\\/ro\\\/\",\"logo\":{\"@type\":\"ImageObject\",\"inLanguage\":\"ro-RO\",\"@id\":\"https:\\\/\\\/www.versiegelung24.com\\\/ro\\\/#\\\/schema\\\/logo\\\/image\\\/\",\"url\":\"https:\\\/\\\/www.versiegelung24.com\\\/wp-content\\\/uploads\\\/2020\\\/04\\\/versiegelung24.png\",\"contentUrl\":\"https:\\\/\\\/www.versiegelung24.com\\\/wp-content\\\/uploads\\\/2020\\\/04\\\/versiegelung24.png\",\"width\":470,\"height\":102,\"caption\":\"versiegelung24\"},\"image\":{\"@id\":\"https:\\\/\\\/www.versiegelung24.com\\\/ro\\\/#\\\/schema\\\/logo\\\/image\\\/\"}}]}<\/script>\n<meta property=\"product:price:amount\" content=\"17.99\" \/>\n<meta property=\"product:price:currency\" content=\"EUR\" \/>\n<meta property=\"og:availability\" content=\"instock\" \/>\n<meta property=\"product:availability\" content=\"instock\" \/>\n<meta property=\"product:retailer_item_id\" content=\"4040-406\" \/>\n<meta property=\"product:condition\" content=\"new\" \/>\n<!-- \/ Yoast SEO Premium plugin. -->","yoast_head_json":{"title":"Etan\u0219area parbrizului - versiegelung24.com","robots":{"index":"index","follow":"follow","max-snippet":"max-snippet:-1","max-image-preview":"max-image-preview:large","max-video-preview":"max-video-preview:-1"},"canonical":"https:\/\/www.versiegelung24.com\/ro\/parbriz-sigilant-406.html","og_locale":"ro_RO","og_type":"article","og_title":"Etan\u0219area parbrizului","og_description":"\u2713 Durabilitate lung\u0103 - p\u00e2n\u0103 la 20.000 km \u2713 Perle de ap\u0103 (60+ km\/h), adic\u0103 o vedere clar\u0103 chiar \u0219i f\u0103r\u0103 \u0219terg\u0103toare de parbriz \u2713 Propriet\u0103\u021bi anti-adezive puternice \u0219i mai pu\u021bin\u0103 aderen\u021b\u0103 a insectelor","og_url":"https:\/\/www.versiegelung24.com\/ro\/parbriz-sigilant-406.html","og_site_name":"versiegelung24.com","article_modified_time":"2025-01-05T17:36:51+00:00","og_image":[{"width":2560,"height":2560,"url":"https:\/\/www.versiegelung24.com\/wp-content\/uploads\/2023\/09\/windschutz-1-1.webp","type":"image\/webp"}],"twitter_card":"summary_large_image","twitter_misc":{"Pre\u021b":"17,99&euro;","Disponibilitate":"\u00cen stoc"},"schema":{"@context":"https:\/\/schema.org","@graph":[{"@type":"WebPage","@id":"https:\/\/www.versiegelung24.com\/ro\/parbriz-sigilant-406.html","url":"https:\/\/www.versiegelung24.com\/ro\/parbriz-sigilant-406.html","name":"Etan\u0219area parbrizului - versiegelung24.com","isPartOf":{"@id":"https:\/\/www.versiegelung24.com\/ro\/#website"},"primaryImageOfPage":{"@id":"https:\/\/www.versiegelung24.com\/ro\/parbriz-sigilant-406.html#primaryimage"},"image":{"@id":"https:\/\/www.versiegelung24.com\/ro\/parbriz-sigilant-406.html#primaryimage"},"thumbnailUrl":"https:\/\/www.versiegelung24.com\/wp-content\/uploads\/2023\/09\/windschutz-1-1.webp","datePublished":"2023-09-01T13:04:45+00:00","dateModified":"2025-01-05T17:36:51+00:00","breadcrumb":{"@id":"https:\/\/www.versiegelung24.com\/ro\/parbriz-sigilant-406.html#breadcrumb"},"inLanguage":"ro-RO","potentialAction":[{"@type":"ReadAction","target":["https:\/\/www.versiegelung24.com\/ro\/parbriz-sigilant-406.html"]}]},{"@type":"ImageObject","inLanguage":"ro-RO","@id":"https:\/\/www.versiegelung24.com\/ro\/parbriz-sigilant-406.html#primaryimage","url":"https:\/\/www.versiegelung24.com\/wp-content\/uploads\/2023\/09\/windschutz-1-1.webp","contentUrl":"https:\/\/www.versiegelung24.com\/wp-content\/uploads\/2023\/09\/windschutz-1-1.webp","width":2560,"height":2560},{"@type":"BreadcrumbList","@id":"https:\/\/www.versiegelung24.com\/ro\/parbriz-sigilant-406.html#breadcrumb","itemListElement":[{"@type":"ListItem","position":1,"name":"Pagina de start","item":"https:\/\/www.versiegelung24.com\/ro\/fata\/"},{"@type":"ListItem","position":2,"name":"Magazin","item":"https:\/\/www.versiegelung24.com\/ro\/magazin_ro\/"},{"@type":"ListItem","position":3,"name":"Etan\u0219area parbrizului"}]},{"@type":"WebSite","@id":"https:\/\/www.versiegelung24.com\/ro\/#website","url":"https:\/\/www.versiegelung24.com\/ro\/","name":"versiegelung24.com","description":"Fl\u00fcssigglas-Versiegelung - Made in Germany","publisher":{"@id":"https:\/\/www.versiegelung24.com\/ro\/#organization"},"potentialAction":[{"@type":"SearchAction","target":{"@type":"EntryPoint","urlTemplate":"https:\/\/www.versiegelung24.com\/ro\/?s={search_term_string}"},"query-input":{"@type":"PropertyValueSpecification","valueRequired":true,"valueName":"search_term_string"}}],"inLanguage":"ro-RO"},{"@type":"Organization","@id":"https:\/\/www.versiegelung24.com\/ro\/#organization","name":"versiegelung24","url":"https:\/\/www.versiegelung24.com\/ro\/","logo":{"@type":"ImageObject","inLanguage":"ro-RO","@id":"https:\/\/www.versiegelung24.com\/ro\/#\/schema\/logo\/image\/","url":"https:\/\/www.versiegelung24.com\/wp-content\/uploads\/2020\/04\/versiegelung24.png","contentUrl":"https:\/\/www.versiegelung24.com\/wp-content\/uploads\/2020\/04\/versiegelung24.png","width":470,"height":102,"caption":"versiegelung24"},"image":{"@id":"https:\/\/www.versiegelung24.com\/ro\/#\/schema\/logo\/image\/"}}]},"product_price_amount":"17.99","product_price_currency":"EUR","og_availability":"instock","product_availability":"instock","product_retailer_item_id":"4040-406","product_condition":"new"},"_links":{"self":[{"href":"https:\/\/www.versiegelung24.com\/ro\/wp-json\/wp\/v2\/product\/126086","targetHints":{"allow":["GET"]}}],"collection":[{"href":"https:\/\/www.versiegelung24.com\/ro\/wp-json\/wp\/v2\/product"}],"about":[{"href":"https:\/\/www.versiegelung24.com\/ro\/wp-json\/wp\/v2\/types\/product"}],"version-history":[{"count":8,"href":"https:\/\/www.versiegelung24.com\/ro\/wp-json\/wp\/v2\/product\/126086\/revisions"}],"predecessor-version":[{"id":178606,"href":"https:\/\/www.versiegelung24.com\/ro\/wp-json\/wp\/v2\/product\/126086\/revisions\/178606"}],"wp:featuredmedia":[{"embeddable":true,"href":"https:\/\/www.versiegelung24.com\/ro\/wp-json\/wp\/v2\/media\/132064"}],"wp:attachment":[{"href":"https:\/\/www.versiegelung24.com\/ro\/wp-json\/wp\/v2\/media?parent=126086"}],"wp:term":[{"taxonomy":"product_brand","embeddable":true,"href":"https:\/\/www.versiegelung24.com\/ro\/wp-json\/wp\/v2\/product_brand?post=126086"},{"taxonomy":"product_cat","embeddable":true,"href":"https:\/\/www.versiegelung24.com\/ro\/wp-json\/wp\/v2\/product_cat?post=126086"},{"taxonomy":"product_tag","embeddable":true,"href":"https:\/\/www.versiegelung24.com\/ro\/wp-json\/wp\/v2\/product_tag?post=126086"}],"curies":[{"name":"wp","href":"https:\/\/api.w.org\/{rel}","templated":true}]}}