{"id":145287,"date":"2024-01-07T15:15:48","date_gmt":"2024-01-13T10:21:55","guid":{"rendered":"https:\/\/www.versiegelung24.com\/product\/v24-guma-de-sters-murdaria-100x70x30mm\/"},"modified":"2025-01-05T18:36:59","modified_gmt":"2025-01-05T17:36:59","slug":"v24-schmutzradierer-100x70x30mm","status":"publish","type":"product","link":"https:\/\/www.versiegelung24.com\/ro\/v24-schmutzradierer-100x70x30mm.html","title":{"rendered":"V24 Gum\u0103 de \u0219ters murd\u0103ria 100x70x30mm"},"content":{"rendered":"\n<h1 class=\"wp-block-heading\" id=\"h-v24-schmutzradierer-gegen-hartnackige-flecken-online-kaufen\">Cump\u0103ra\u021bi online V24 pentru a \u0219terge petele dificile de petele persistente<\/h1>\n\n<h2 class=\"wp-block-heading\" id=\"h-muhelos-hartnackige-flecken-beseitigen-mit-dem-versiegelung24-com-schmutzradierer\">\u00cendep\u0103rta\u021bi f\u0103r\u0103 efort petele dificile cu ajutorul \u0219terg\u0103torului de pete Versiegelung24.com<\/h2>\n\n<p>Numai suprafe\u021bele curate pot fi sigilate cu produsele noastre <a href=\"https:\/\/www.versiegelung24.com\/fluessigglas-versiegelung\/\">de etan\u0219are<\/a>, motiv pentru care este esen\u021bial s\u0103 \u00eendep\u0103rta\u021bi petele u\u0219oare \u0219i persistente. \u0218terg\u0103torul nostru de murd\u0103rie este un burete de melamin\u0103 de \u00eenalt\u0103 tehnologie, perfect pentru cur\u0103\u021barea suprafe\u021belor. Pentru petele deosebit de dificile, recomand\u0103m utilizarea suplimentar\u0103 a produsului nostru de cur\u0103\u021bare organic 100% biodegradabil <a href=\"https:\/\/www.versiegelung24.com\/ro\/biosativa-biologica-pre-curatatoare.html\">BIOSATIVA\u00ae<\/a>, dar nu este necesar niciun detergent chimic.<\/p>\n\n<div class=\"wp-block-columns is-layout-flex wp-container-core-columns-is-layout-9d6595d7 wp-block-columns-is-layout-flex\">\n<div class=\"wp-block-column is-layout-flow wp-block-column-is-layout-flow\">\n<h2 class=\"wp-block-heading\" id=\"properties\">Caracteristicile produsului<\/h2>\n\n\n\n<ul class=\"wp-block-list\">\n<li>Burete de melamin\u0103 de \u00eenalt\u0103 tehnologie<\/li>\n\n\n\n<li>Dimensiuni: 100x70x30mm<\/li>\n\n\n\n<li>f\u0103r\u0103 ingrediente chimice<\/li>\n\n\n\n<li>netoxic<\/li>\n<\/ul>\n\n\n\n<h2 class=\"wp-block-heading\" id=\"application\">Cum s\u0103 elimina\u021bi \u00een mod fiabil murd\u0103ria cu buretele nostru de \u0219ters<\/h2>\n\n\n\n<ol class=\"wp-block-list\">\n<li>Umezi\u021bi \u0219i stoarce\u021bi buretele<\/li>\n\n\n\n<li>Se freac\u0103 peste murd\u0103rie cu o presiune u\u0219oar\u0103<\/li>\n\n\n\n<li>Apoi cl\u0103ti\u021bi buretele \u0219i folosi\u021bi-l din nou.<\/li>\n<\/ol>\n<\/div>\n\n\n\n<div class=\"wp-block-column is-layout-flow wp-block-column-is-layout-flow\">\n<figure class=\"wp-block-image size-full\"><img fetchpriority=\"high\" decoding=\"async\" width=\"1105\" height=\"1105\" src=\"https:\/\/www.versiegelung24.com\/wp-content\/uploads\/2024\/01\/v24-9020-content-1.webp\" alt=\"\" class=\"wp-image-138069\" srcset=\"https:\/\/www.versiegelung24.com\/wp-content\/uploads\/2024\/01\/v24-9020-content-1.webp 1105w, https:\/\/www.versiegelung24.com\/wp-content\/uploads\/2024\/01\/v24-9020-content-1-300x300.webp 300w, https:\/\/www.versiegelung24.com\/wp-content\/uploads\/2024\/01\/v24-9020-content-1-80x80.webp 80w, https:\/\/www.versiegelung24.com\/wp-content\/uploads\/2024\/01\/v24-9020-content-1-768x768.webp 768w, https:\/\/www.versiegelung24.com\/wp-content\/uploads\/2024\/01\/v24-9020-content-1-70x70.webp 70w, https:\/\/www.versiegelung24.com\/wp-content\/uploads\/2024\/01\/v24-9020-content-1-400x400.webp 400w, https:\/\/www.versiegelung24.com\/wp-content\/uploads\/2024\/01\/v24-9020-content-1-600x600.webp 600w, https:\/\/www.versiegelung24.com\/wp-content\/uploads\/2024\/01\/v24-9020-content-1-100x100.webp 100w\" sizes=\"(max-width: 1105px) 100vw, 1105px\" \/><\/figure>\n<\/div>\n<\/div>\n\n<h2 class=\"wp-block-heading\" id=\"h-vielfaltige-einsatzmoglichkeiten-des-schmutzradierers\"><strong>Gam\u0103 larg\u0103 de aplica\u021bii pentru radier\u0103<\/strong><\/h2>\n\n<p>\u0218terg\u0103torul de murd\u0103rie de la Versiegelung24.com este un adev\u0103rat atotcuprinz\u0103tor atunci c\u00e2nd vine vorba de \u00eendep\u0103rtarea petelor \u0219i a murd\u0103riei \u00eenc\u0103p\u0103\u021b\u00e2nate. Gama sa larg\u0103 de utiliz\u0103ri \u00eel face un ajutor indispensabil \u00een gospod\u0103rie. Iat\u0103 c\u00e2teva exemple de utilizare a radiera noastr\u0103:<\/p>\n\n<ol class=\"wp-block-list\">\n<li><strong>\u00cendep\u0103rta\u021bi petele de pe pere\u021bi:<\/strong> Ideal\u0103 pentru \u00eendep\u0103rtarea urmelor \u0219i petelor de pe pere\u021bi, cum ar fi amprentele digitale sau d\u00e2rele de murd\u0103rie.<\/li>\n\n\n\n<li><strong>Cur\u0103\u021barea aparatelor de<\/strong> buc\u0103t\u0103rie: \u00cendep\u0103rteaz\u0103 eficient gr\u0103simea \u0219i reziduurile alimentare de pe suprafe\u021bele buc\u0103t\u0103riei, aragazuri \u0219i cuptoare.<\/li>\n\n\n\n<li><strong>Cur\u0103\u021barea b\u0103ii:<\/strong> \u00cendep\u0103rteaz\u0103 calcarul \u0219i petele de ap\u0103 de pe robine\u021bi, gresie \u0219i cabine de du\u0219.<\/li>\n\n\n\n<li><strong>Detergent pentru pantofi<\/strong>: \u00cendep\u0103rteaz\u0103 petele \u0219i abraziunile persistente de pe pantofii de sport \u0219i alte materiale pentru \u00eenc\u0103l\u021b\u0103minte.<\/li>\n\n\n\n<li><strong>\u00cengrijirea mobilei:<\/strong> Ideal pentru cur\u0103\u021barea suprafe\u021belor de mobilier din plastic sau lemn, \u00eendep\u0103rteaz\u0103 amprentele \u0219i petele.<\/li>\n\n\n\n<li>Petele de <strong>pe materiale textile<\/strong>: \u00cendep\u0103rteaz\u0103 \u00een siguran\u021b\u0103 petele de pe canapele, scaune sau alte suprafe\u021be din material textil.<\/li>\n\n\n\n<li><strong>Cur\u0103\u021barea interiorului ma\u0219inii:<\/strong> Perfect pentru cur\u0103\u021barea plan\u0219elor de bord, a panourilor de u\u0219\u0103 \u0219i a altor p\u0103r\u021bi din plastic din ma\u0219in\u0103.<\/li>\n\n\n\n<li><strong>Calculatoare \u0219i electronice:<\/strong> sigur pentru cur\u0103\u021barea tastaturilor \u0219i a altor dispozitive electronice sensibile.<\/li>\n\n\n\n<li><strong>Cur\u0103\u021b\u0103tor de juc\u0103rii:<\/strong> \u00cendep\u0103rteaz\u0103 murd\u0103ria \u0219i petele de pe juc\u0103riile din plastic f\u0103r\u0103 substan\u021be chimice d\u0103un\u0103toare.<\/li>\n\n\n\n<li>U\u0219i <strong>\u0219i m<\/strong> \u00e2nere: eficient pentru \u00eendep\u0103rtarea amprentelor \u0219i a murd\u0103riei de pe m\u00e2nerele \u0219i ramele u\u0219ilor.<\/li>\n<\/ol>\n\n<h2 class=\"wp-block-heading\" id=\"h-was-sie-vor-dem-kauf-des-radierschwamms-beachten-sollten\">Ce ar trebui s\u0103 lua\u021bi \u00een considerare \u00eenainte de a cump\u0103ra buretele de \u0219tergere<\/h2>\n\n<h3 class=\"wp-block-heading\" id=\"h-geeignete-oberflachen-fur-den-wunderschwamm\">Suprafe\u021be potrivite pentru buretele miraculos<\/h3>\n\n<p>Buretele miraculos este un instrument de cur\u0103\u021bare versatil, care poate fi utilizat pe diverse suprafe\u021be. Suprafe\u021bele potrivite pentru buretele miraculos includ <strong>plastic, o\u021bel inoxidabil, sticl\u0103, ceramic\u0103, tapet, gresie \u0219i multe altele<\/strong>. Buretele poate fi utilizat eficient pe aceste materiale pentru a \u00eendep\u0103rta murd\u0103ria, gr\u0103simea \u0219i reziduurile. Buretele miraculos este, de asemenea, potrivit pentru suprafe\u021bele sensibile, cum ar fi lemnul, deoarece nu zg\u00e2rie \u0219i nu las\u0103 urme inestetice. Acesta poate fi utilizat pentru a cur\u0103\u021ba u\u0219or suprafe\u021bele f\u0103r\u0103 a le deteriora.  <\/p>\n\n<p><\/p><h3>Ce trebuie s\u0103 ave\u021bi \u00een vedere<\/h3>Buretele poate fi t\u0103iat la dimensiune pentru a ajunge \u00een zone deosebit de dificile.  <strong>Se recomand\u0103 pruden\u021b\u0103 cu<\/strong> <strong>suprafe\u021bele<\/strong><strong>deosebit de sensibile<\/strong>, <strong>lucioase<\/strong>, <strong>vopsite<\/strong> \u0219i <strong>lustruite<\/strong>! Este recomandabil s\u0103 efectua\u021bi \u00een prealabil un test pe o suprafa\u021b\u0103 discret\u0103 \u0219i s\u0103 observa\u021bi c\u0103 produsul se \u0219terge, \u00een special pe suprafe\u021be rugoase. Dup\u0103 aplicare, suprafe\u021bele trebuie cur\u0103\u021bate cu ap\u0103 curat\u0103 pentru a elimina orice reziduuri.\n","protected":false},"excerpt":{"rendered":"<p class=\"MsoNormal\"><strong>Burete de melamin\u0103 pentru pre-cur\u0103\u021barea suprafe\u021belor<\/strong><\/p>\n<p>\u2713 Reutilizabil<\/p>\n<p>\u2713 Prietenos cu mediul \u00eenconjur\u0103tor<\/p>\n<p>\u2713 Handy<\/p>\n<p>\u2713 Aplicabil la nivel universal<\/p>\n<p>\u2713 100x70x30mm<\/p>\n<p>&nbsp;<\/p>\n","protected":false},"featured_media":138040,"template":"","meta":{"_acf_changed":false,"neve_meta_sidebar":"","neve_meta_container":"","neve_meta_enable_content_width":"","neve_meta_content_width":0,"neve_meta_title_alignment":"","neve_meta_author_avatar":"","neve_post_elements_order":"","neve_meta_disable_header":"","neve_meta_disable_footer":"","neve_meta_disable_title":"","neve_meta_reading_time":"","_surfaces":[],"_ver_product_tabs":[],"footnotes":""},"product_brand":[],"product_cat":[2166,2201,2447,2454,2477,3083],"product_tag":[],"class_list":{"0":"post-145287","1":"product","2":"type-product","3":"status-publish","4":"has-post-thumbnail","6":"product_cat-etansare-pentru-sticla-si-ceramica","7":"product_cat-etansarea-masinii","8":"product_cat-etansare-din-metal-si-plastic","9":"product_cat-produse-de-curatat","10":"product_cat-etansare-universala","11":"product_cat-echipamente","13":"first","14":"instock","15":"taxable","16":"shipping-taxable","17":"purchasable","18":"product-type-simple"},"acf":[],"yoast_head":"<!-- This site is optimized with the Yoast SEO Premium plugin v22.8 (Yoast SEO v27.5) - https:\/\/yoast.com\/product\/yoast-seo-premium-wordpress\/ -->\n<title>Cump\u0103ra\u021bi gume de \u0219ters murdare ieftine online - Versiegelung24.com<\/title>\n<meta name=\"description\" content=\"Cump\u0103ra\u021bi guma de \u0219ters murd\u0103ria ieftin online la Versiegelung24.com \u0219i \u00eendep\u0103rta\u021bi murd\u0103ria \u00eenc\u0103p\u0103\u021b\u00e2nat\u0103 f\u0103r\u0103 efort de pe diverse suprafe\u021be.\" \/>\n<meta name=\"robots\" content=\"index, follow, max-snippet:-1, max-image-preview:large, max-video-preview:-1\" \/>\n<link rel=\"canonical\" href=\"https:\/\/www.versiegelung24.com\/ro\/v24-schmutzradierer-100x70x30mm.html\" \/>\n<meta property=\"og:locale\" content=\"ro_RO\" \/>\n<meta property=\"og:type\" content=\"article\" \/>\n<meta property=\"og:title\" content=\"V24 Gum\u0103 de \u0219ters murd\u0103ria 100x70x30mm\" \/>\n<meta property=\"og:description\" content=\"Cump\u0103ra\u021bi guma de \u0219ters murd\u0103ria ieftin online la Versiegelung24.com \u0219i \u00eendep\u0103rta\u021bi murd\u0103ria \u00eenc\u0103p\u0103\u021b\u00e2nat\u0103 f\u0103r\u0103 efort de pe diverse suprafe\u021be.\" \/>\n<meta property=\"og:url\" content=\"https:\/\/www.versiegelung24.com\/ro\/v24-schmutzradierer-100x70x30mm.html\" \/>\n<meta property=\"og:site_name\" content=\"versiegelung24.com\" \/>\n<meta property=\"article:modified_time\" content=\"2025-01-05T17:36:59+00:00\" \/>\n<meta property=\"og:image\" content=\"https:\/\/www.versiegelung24.com\/wp-content\/uploads\/2024\/01\/V24-9020-3.webp\" \/>\n\t<meta property=\"og:image:width\" content=\"600\" \/>\n\t<meta property=\"og:image:height\" content=\"600\" \/>\n\t<meta property=\"og:image:type\" content=\"image\/webp\" \/>\n<meta name=\"twitter:card\" content=\"summary_large_image\" \/>\n<meta name=\"twitter:label1\" content=\"Pre\u021b\" \/>\n\t<meta name=\"twitter:data1\" content=\"0,99&euro;\" \/>\n\t<meta name=\"twitter:label2\" content=\"Disponibilitate\" \/>\n\t<meta name=\"twitter:data2\" content=\"\u00cen stoc\" \/>\n<script type=\"application\/ld+json\" class=\"yoast-schema-graph\">{\"@context\":\"https:\\\/\\\/schema.org\",\"@graph\":[{\"@type\":\"WebPage\",\"@id\":\"https:\\\/\\\/www.versiegelung24.com\\\/ro\\\/v24-schmutzradierer-100x70x30mm.html\",\"url\":\"https:\\\/\\\/www.versiegelung24.com\\\/ro\\\/v24-schmutzradierer-100x70x30mm.html\",\"name\":\"Cump\u0103ra\u021bi gume de \u0219ters murdare ieftine online - Versiegelung24.com\",\"isPartOf\":{\"@id\":\"https:\\\/\\\/www.versiegelung24.com\\\/ro\\\/#website\"},\"primaryImageOfPage\":{\"@id\":\"https:\\\/\\\/www.versiegelung24.com\\\/ro\\\/v24-schmutzradierer-100x70x30mm.html#primaryimage\"},\"image\":{\"@id\":\"https:\\\/\\\/www.versiegelung24.com\\\/ro\\\/v24-schmutzradierer-100x70x30mm.html#primaryimage\"},\"thumbnailUrl\":\"https:\\\/\\\/www.versiegelung24.com\\\/wp-content\\\/uploads\\\/2024\\\/01\\\/V24-9020-3.webp\",\"datePublished\":\"2024-01-13T10:21:55+00:00\",\"dateModified\":\"2025-01-05T17:36:59+00:00\",\"description\":\"Cump\u0103ra\u021bi guma de \u0219ters murd\u0103ria ieftin online la Versiegelung24.com \u0219i \u00eendep\u0103rta\u021bi murd\u0103ria \u00eenc\u0103p\u0103\u021b\u00e2nat\u0103 f\u0103r\u0103 efort de pe diverse suprafe\u021be.\",\"breadcrumb\":{\"@id\":\"https:\\\/\\\/www.versiegelung24.com\\\/ro\\\/v24-schmutzradierer-100x70x30mm.html#breadcrumb\"},\"inLanguage\":\"ro-RO\",\"potentialAction\":[{\"@type\":\"ReadAction\",\"target\":[\"https:\\\/\\\/www.versiegelung24.com\\\/ro\\\/v24-schmutzradierer-100x70x30mm.html\"]}]},{\"@type\":\"ImageObject\",\"inLanguage\":\"ro-RO\",\"@id\":\"https:\\\/\\\/www.versiegelung24.com\\\/ro\\\/v24-schmutzradierer-100x70x30mm.html#primaryimage\",\"url\":\"https:\\\/\\\/www.versiegelung24.com\\\/wp-content\\\/uploads\\\/2024\\\/01\\\/V24-9020-3.webp\",\"contentUrl\":\"https:\\\/\\\/www.versiegelung24.com\\\/wp-content\\\/uploads\\\/2024\\\/01\\\/V24-9020-3.webp\",\"width\":600,\"height\":600},{\"@type\":\"BreadcrumbList\",\"@id\":\"https:\\\/\\\/www.versiegelung24.com\\\/ro\\\/v24-schmutzradierer-100x70x30mm.html#breadcrumb\",\"itemListElement\":[{\"@type\":\"ListItem\",\"position\":1,\"name\":\"Pagina de start\",\"item\":\"https:\\\/\\\/www.versiegelung24.com\\\/ro\\\/fata\\\/\"},{\"@type\":\"ListItem\",\"position\":2,\"name\":\"Magazin\",\"item\":\"https:\\\/\\\/www.versiegelung24.com\\\/ro\\\/magazin_ro\\\/\"},{\"@type\":\"ListItem\",\"position\":3,\"name\":\"V24 Gum\u0103 de \u0219ters murd\u0103ria 100x70x30mm\"}]},{\"@type\":\"WebSite\",\"@id\":\"https:\\\/\\\/www.versiegelung24.com\\\/ro\\\/#website\",\"url\":\"https:\\\/\\\/www.versiegelung24.com\\\/ro\\\/\",\"name\":\"versiegelung24.com\",\"description\":\"Fl\u00fcssigglas-Versiegelung - Made in Germany\",\"publisher\":{\"@id\":\"https:\\\/\\\/www.versiegelung24.com\\\/ro\\\/#organization\"},\"potentialAction\":[{\"@type\":\"SearchAction\",\"target\":{\"@type\":\"EntryPoint\",\"urlTemplate\":\"https:\\\/\\\/www.versiegelung24.com\\\/ro\\\/?s={search_term_string}\"},\"query-input\":{\"@type\":\"PropertyValueSpecification\",\"valueRequired\":true,\"valueName\":\"search_term_string\"}}],\"inLanguage\":\"ro-RO\"},{\"@type\":\"Organization\",\"@id\":\"https:\\\/\\\/www.versiegelung24.com\\\/ro\\\/#organization\",\"name\":\"versiegelung24\",\"url\":\"https:\\\/\\\/www.versiegelung24.com\\\/ro\\\/\",\"logo\":{\"@type\":\"ImageObject\",\"inLanguage\":\"ro-RO\",\"@id\":\"https:\\\/\\\/www.versiegelung24.com\\\/ro\\\/#\\\/schema\\\/logo\\\/image\\\/\",\"url\":\"https:\\\/\\\/www.versiegelung24.com\\\/wp-content\\\/uploads\\\/2020\\\/04\\\/versiegelung24.png\",\"contentUrl\":\"https:\\\/\\\/www.versiegelung24.com\\\/wp-content\\\/uploads\\\/2020\\\/04\\\/versiegelung24.png\",\"width\":470,\"height\":102,\"caption\":\"versiegelung24\"},\"image\":{\"@id\":\"https:\\\/\\\/www.versiegelung24.com\\\/ro\\\/#\\\/schema\\\/logo\\\/image\\\/\"}}]}<\/script>\n<meta property=\"product:price:amount\" content=\"0.99\" \/>\n<meta property=\"product:price:currency\" content=\"EUR\" \/>\n<meta property=\"og:availability\" content=\"instock\" \/>\n<meta property=\"product:availability\" content=\"instock\" \/>\n<meta property=\"product:retailer_item_id\" content=\"V24-9020-1\" \/>\n<meta property=\"product:condition\" content=\"new\" \/>\n<!-- \/ Yoast SEO Premium plugin. -->","yoast_head_json":{"title":"Cump\u0103ra\u021bi gume de \u0219ters murdare ieftine online - Versiegelung24.com","description":"Cump\u0103ra\u021bi guma de \u0219ters murd\u0103ria ieftin online la Versiegelung24.com \u0219i \u00eendep\u0103rta\u021bi murd\u0103ria \u00eenc\u0103p\u0103\u021b\u00e2nat\u0103 f\u0103r\u0103 efort de pe diverse suprafe\u021be.","robots":{"index":"index","follow":"follow","max-snippet":"max-snippet:-1","max-image-preview":"max-image-preview:large","max-video-preview":"max-video-preview:-1"},"canonical":"https:\/\/www.versiegelung24.com\/ro\/v24-schmutzradierer-100x70x30mm.html","og_locale":"ro_RO","og_type":"article","og_title":"V24 Gum\u0103 de \u0219ters murd\u0103ria 100x70x30mm","og_description":"Cump\u0103ra\u021bi guma de \u0219ters murd\u0103ria ieftin online la Versiegelung24.com \u0219i \u00eendep\u0103rta\u021bi murd\u0103ria \u00eenc\u0103p\u0103\u021b\u00e2nat\u0103 f\u0103r\u0103 efort de pe diverse suprafe\u021be.","og_url":"https:\/\/www.versiegelung24.com\/ro\/v24-schmutzradierer-100x70x30mm.html","og_site_name":"versiegelung24.com","article_modified_time":"2025-01-05T17:36:59+00:00","og_image":[{"width":600,"height":600,"url":"https:\/\/www.versiegelung24.com\/wp-content\/uploads\/2024\/01\/V24-9020-3.webp","type":"image\/webp"}],"twitter_card":"summary_large_image","twitter_misc":{"Pre\u021b":"0,99&euro;","Disponibilitate":"\u00cen stoc"},"schema":{"@context":"https:\/\/schema.org","@graph":[{"@type":"WebPage","@id":"https:\/\/www.versiegelung24.com\/ro\/v24-schmutzradierer-100x70x30mm.html","url":"https:\/\/www.versiegelung24.com\/ro\/v24-schmutzradierer-100x70x30mm.html","name":"Cump\u0103ra\u021bi gume de \u0219ters murdare ieftine online - Versiegelung24.com","isPartOf":{"@id":"https:\/\/www.versiegelung24.com\/ro\/#website"},"primaryImageOfPage":{"@id":"https:\/\/www.versiegelung24.com\/ro\/v24-schmutzradierer-100x70x30mm.html#primaryimage"},"image":{"@id":"https:\/\/www.versiegelung24.com\/ro\/v24-schmutzradierer-100x70x30mm.html#primaryimage"},"thumbnailUrl":"https:\/\/www.versiegelung24.com\/wp-content\/uploads\/2024\/01\/V24-9020-3.webp","datePublished":"2024-01-13T10:21:55+00:00","dateModified":"2025-01-05T17:36:59+00:00","description":"Cump\u0103ra\u021bi guma de \u0219ters murd\u0103ria ieftin online la Versiegelung24.com \u0219i \u00eendep\u0103rta\u021bi murd\u0103ria \u00eenc\u0103p\u0103\u021b\u00e2nat\u0103 f\u0103r\u0103 efort de pe diverse suprafe\u021be.","breadcrumb":{"@id":"https:\/\/www.versiegelung24.com\/ro\/v24-schmutzradierer-100x70x30mm.html#breadcrumb"},"inLanguage":"ro-RO","potentialAction":[{"@type":"ReadAction","target":["https:\/\/www.versiegelung24.com\/ro\/v24-schmutzradierer-100x70x30mm.html"]}]},{"@type":"ImageObject","inLanguage":"ro-RO","@id":"https:\/\/www.versiegelung24.com\/ro\/v24-schmutzradierer-100x70x30mm.html#primaryimage","url":"https:\/\/www.versiegelung24.com\/wp-content\/uploads\/2024\/01\/V24-9020-3.webp","contentUrl":"https:\/\/www.versiegelung24.com\/wp-content\/uploads\/2024\/01\/V24-9020-3.webp","width":600,"height":600},{"@type":"BreadcrumbList","@id":"https:\/\/www.versiegelung24.com\/ro\/v24-schmutzradierer-100x70x30mm.html#breadcrumb","itemListElement":[{"@type":"ListItem","position":1,"name":"Pagina de start","item":"https:\/\/www.versiegelung24.com\/ro\/fata\/"},{"@type":"ListItem","position":2,"name":"Magazin","item":"https:\/\/www.versiegelung24.com\/ro\/magazin_ro\/"},{"@type":"ListItem","position":3,"name":"V24 Gum\u0103 de \u0219ters murd\u0103ria 100x70x30mm"}]},{"@type":"WebSite","@id":"https:\/\/www.versiegelung24.com\/ro\/#website","url":"https:\/\/www.versiegelung24.com\/ro\/","name":"versiegelung24.com","description":"Fl\u00fcssigglas-Versiegelung - Made in Germany","publisher":{"@id":"https:\/\/www.versiegelung24.com\/ro\/#organization"},"potentialAction":[{"@type":"SearchAction","target":{"@type":"EntryPoint","urlTemplate":"https:\/\/www.versiegelung24.com\/ro\/?s={search_term_string}"},"query-input":{"@type":"PropertyValueSpecification","valueRequired":true,"valueName":"search_term_string"}}],"inLanguage":"ro-RO"},{"@type":"Organization","@id":"https:\/\/www.versiegelung24.com\/ro\/#organization","name":"versiegelung24","url":"https:\/\/www.versiegelung24.com\/ro\/","logo":{"@type":"ImageObject","inLanguage":"ro-RO","@id":"https:\/\/www.versiegelung24.com\/ro\/#\/schema\/logo\/image\/","url":"https:\/\/www.versiegelung24.com\/wp-content\/uploads\/2020\/04\/versiegelung24.png","contentUrl":"https:\/\/www.versiegelung24.com\/wp-content\/uploads\/2020\/04\/versiegelung24.png","width":470,"height":102,"caption":"versiegelung24"},"image":{"@id":"https:\/\/www.versiegelung24.com\/ro\/#\/schema\/logo\/image\/"}}]},"product_price_amount":"0.99","product_price_currency":"EUR","og_availability":"instock","product_availability":"instock","product_retailer_item_id":"V24-9020-1","product_condition":"new"},"_links":{"self":[{"href":"https:\/\/www.versiegelung24.com\/ro\/wp-json\/wp\/v2\/product\/145287","targetHints":{"allow":["GET"]}}],"collection":[{"href":"https:\/\/www.versiegelung24.com\/ro\/wp-json\/wp\/v2\/product"}],"about":[{"href":"https:\/\/www.versiegelung24.com\/ro\/wp-json\/wp\/v2\/types\/product"}],"version-history":[{"count":2,"href":"https:\/\/www.versiegelung24.com\/ro\/wp-json\/wp\/v2\/product\/145287\/revisions"}],"predecessor-version":[{"id":178604,"href":"https:\/\/www.versiegelung24.com\/ro\/wp-json\/wp\/v2\/product\/145287\/revisions\/178604"}],"wp:featuredmedia":[{"embeddable":true,"href":"https:\/\/www.versiegelung24.com\/ro\/wp-json\/wp\/v2\/media\/138040"}],"wp:attachment":[{"href":"https:\/\/www.versiegelung24.com\/ro\/wp-json\/wp\/v2\/media?parent=145287"}],"wp:term":[{"taxonomy":"product_brand","embeddable":true,"href":"https:\/\/www.versiegelung24.com\/ro\/wp-json\/wp\/v2\/product_brand?post=145287"},{"taxonomy":"product_cat","embeddable":true,"href":"https:\/\/www.versiegelung24.com\/ro\/wp-json\/wp\/v2\/product_cat?post=145287"},{"taxonomy":"product_tag","embeddable":true,"href":"https:\/\/www.versiegelung24.com\/ro\/wp-json\/wp\/v2\/product_tag?post=145287"}],"curies":[{"name":"wp","href":"https:\/\/api.w.org\/{rel}","templated":true}]}}