{"id":149484,"date":"2022-02-11T08:49:15","date_gmt":"2024-01-29T19:43:27","guid":{"rendered":"https:\/\/www.versiegelung24.com\/product\/panza-din-microfibre-40x40cm-pentru-pre-curatare-sau-lustruire-galbena\/"},"modified":"2025-01-05T15:32:50","modified_gmt":"2025-01-05T14:32:50","slug":"carpa-din-microfibra-40x40cm-pentru-pre-curatare-sau-lustruire-galben","status":"publish","type":"product","link":"https:\/\/www.versiegelung24.com\/ro\/carpa-din-microfibra-40x40cm-pentru-pre-curatare-sau-lustruire-galben.html","title":{"rendered":"P\u00e2nz\u0103 din microfibre 40x40cm pentru pre-cur\u0103\u021bare sau lustruire galben\u0103"},"content":{"rendered":"\n<p>P\u00e2nz\u0103 din microfibre pentru pre-cur\u0103\u021bare sau lustruire final\u0103.<\/p>\n\n<p>Datorit\u0103 absorb\u021biei ridicate, recomand\u0103m \u0219i <a href=\"https:\/\/www.versiegelung24.com\/applikationstuch-20x20cm.html\">c\u00e2rpa din microfibr\u0103 pentru aplicarea etan\u0219an\u021bilor no\u0219tri lichid de sticl\u0103<\/a><\/p>\n\n<p>V\u0103 recomand\u0103m s\u0103 folosi\u021bi o c\u00e2rp\u0103 din microfibr\u0103 separat\u0103 pentru fiecare etap\u0103 de aplicare a produselor noastre de etan\u0219are \u0219i impregnare a suprafe\u021belor.<\/p>\n\n<p>Dac\u0103 pe c\u00e2rp\u0103 r\u0103m\u00e2n urme de murd\u0103rie dup\u0103 cur\u0103\u021bare, \u00eenseamn\u0103 c\u0103 suprafa\u021ba nu a fost \u00eenc\u0103 cur\u0103\u021bat\u0103 complet \u0219i \u00een mod optim. Un efect de etan\u0219are bun poate fi ob\u021binut numai dac\u0103 nu mai exist\u0103 murd\u0103rie pe suprafa\u021b\u0103.<\/p>\n\n<hr\/>\n\n<h4 class=\"wp-block-heading\" id=\"properties\">Caracteristicile produsului<\/h4>\n\n<div class=\"wp-block-columns is-layout-flex wp-container-core-columns-is-layout-9d6595d7 wp-block-columns-is-layout-flex\">\n<div class=\"wp-block-column is-layout-flow wp-block-column-is-layout-flow\">\n<p><br\/>Compozi\u021bie: 80% poliester, 20% poliamid\u0103 Dimensiune: 40x40cm<\/p>\n<\/div>\n\n\n\n<div class=\"wp-block-column is-layout-flow wp-block-column-is-layout-flow\">\n<p>De \u00eenalt\u0103 calitate, cu o greutate uscat\u0103 de 280g\/mp.<\/p>\n<\/div>\n<\/div>\n\n<hr\/>\n\n<h4 class=\"wp-block-heading\" id=\"application\">Aplica\u021bie<\/h4>\n\n<p>Poate fi utilizat \u00een mod universal \u00een interior \u0219i \u00een exterior. Dimensiunea ideal\u0103 pentru cur\u0103\u021barea sticlei, a ceramicii, a b\u0103rcilor, a ma\u0219inilor \u0219i a rulotelor.<\/p>\n\n<p>Cur\u0103\u021bare f\u0103r\u0103 puf, f\u0103r\u0103 zg\u00e2rieturi \u0219i cu uscare rapid\u0103. Murd\u0103ria \u0219i particulele de praf sunt absorbite f\u0103r\u0103 a l\u0103sa practic niciun reziduu.<\/p>\n\n<p>Materialul este reutilizabil \u0219i, prin urmare, foarte ecologic. U\u0219or de sp\u0103lat \u00een ma\u0219ina de sp\u0103lat f\u0103r\u0103 detergent.<\/p>\n","protected":false},"excerpt":{"rendered":"<p><strong>P\u00e2nz\u0103 din microfibre pentru pre-cur\u0103\u021bare sau lustruire final\u0103:<\/strong><\/p>\n<p>\u2713 Reutilizabil<\/p>\n<p>\u2713 Prietenos cu mediul \u00eenconjur\u0103tor<\/p>\n<p>\u2713 Extrem de absorbant<\/p>\n<p>\u2713 Uscare rapid\u0103<\/p>\n<p>\u2713 Lint-free<\/p>\n<p>\u2713 F\u0103r\u0103 zg\u00e2rieturi<\/p>\n<p>\u2713 80% poliester \/ 20% poliamid\u0103<\/p>\n<p>\u2713 Greutate uscat\u0103 280g \/ mp<\/p>\n","protected":false},"featured_media":64791,"template":"","meta":{"_acf_changed":false,"neve_meta_sidebar":"","neve_meta_container":"","neve_meta_enable_content_width":"","neve_meta_content_width":0,"neve_meta_title_alignment":"","neve_meta_author_avatar":"","neve_post_elements_order":"","neve_meta_disable_header":"","neve_meta_disable_footer":"","neve_meta_disable_title":"","neve_meta_reading_time":"","_surfaces":[],"_ver_product_tabs":[],"footnotes":""},"product_brand":[],"product_cat":[3083,2201,2277,2279,2280,2447,2454,2477,2696,2166],"product_tag":[],"class_list":{"0":"post-149484","1":"product","2":"type-product","3":"status-publish","4":"has-post-thumbnail","6":"product_cat-echipamente","7":"product_cat-etansarea-masinii","8":"product_cat-dezinfectanti","9":"product_cat-dezinfectanti-de-suprafata","10":"product_cat-concentrate-dezinfectante","11":"product_cat-etansare-din-metal-si-plastic","12":"product_cat-produse-de-curatat","13":"product_cat-etansare-universala","14":"product_cat-dezinfectant-pentru-maini","15":"product_cat-etansare-pentru-sticla-si-ceramica","16":"pa_farbe-albastru","17":"pa_farbe-alb","19":"first","20":"instock","21":"taxable","22":"shipping-taxable","23":"purchasable","24":"product-type-simple"},"acf":[],"yoast_head":"<!-- This site is optimized with the Yoast SEO Premium plugin v22.8 (Yoast SEO v27.5) - https:\/\/yoast.com\/product\/yoast-seo-premium-wordpress\/ -->\n<title>P\u00e2nz\u0103 din microfibre 40x40cm pentru pre-cur\u0103\u021bare sau lustruire galben\u0103 - versiegelung24.com<\/title>\n<meta name=\"description\" content=\"P\u00e2nz\u0103 din microfibre &quot; Extrem de absorbant\u0103 &quot; Uscare rapid\u0103 &quot; F\u0103r\u0103 scame &quot; F\u0103r\u0103 zg\u00e2rieturi &quot; 80% poliester \/ 20% poliamid\u0103 &quot; Greutate uscat\u0103 280g\/mp\" \/>\n<meta name=\"robots\" content=\"index, follow, max-snippet:-1, max-image-preview:large, max-video-preview:-1\" \/>\n<link rel=\"canonical\" href=\"https:\/\/www.versiegelung24.com\/ro\/carpa-din-microfibra-40x40cm-pentru-pre-curatare-sau-lustruire-galben.html\" \/>\n<meta property=\"og:locale\" content=\"ro_RO\" \/>\n<meta property=\"og:type\" content=\"article\" \/>\n<meta property=\"og:title\" content=\"P\u00e2nz\u0103 din microfibre 40x40cm pentru pre-cur\u0103\u021bare sau lustruire galben\u0103\" \/>\n<meta property=\"og:description\" content=\"P\u00e2nz\u0103 din microfibre &quot; Extrem de absorbant\u0103 &quot; Uscare rapid\u0103 &quot; F\u0103r\u0103 scame &quot; F\u0103r\u0103 zg\u00e2rieturi &quot; 80% poliester \/ 20% poliamid\u0103 &quot; Greutate uscat\u0103 280g\/mp\" \/>\n<meta property=\"og:url\" content=\"https:\/\/www.versiegelung24.com\/ro\/carpa-din-microfibra-40x40cm-pentru-pre-curatare-sau-lustruire-galben.html\" \/>\n<meta property=\"og:site_name\" content=\"versiegelung24.com\" \/>\n<meta property=\"article:modified_time\" content=\"2025-01-05T14:32:50+00:00\" \/>\n<meta property=\"og:image\" content=\"https:\/\/www.versiegelung24.com\/wp-content\/uploads\/2022\/02\/V24-9004-1-Mikrofaser-gelb-40x40cm-Custom.jpg\" \/>\n\t<meta property=\"og:image:width\" content=\"1024\" \/>\n\t<meta property=\"og:image:height\" content=\"1024\" \/>\n\t<meta property=\"og:image:type\" content=\"image\/jpeg\" \/>\n<meta name=\"twitter:card\" content=\"summary_large_image\" \/>\n<meta name=\"twitter:label1\" content=\"Pre\u021b\" \/>\n\t<meta name=\"twitter:data1\" content=\"1,25&euro;\" \/>\n\t<meta name=\"twitter:label2\" content=\"Disponibilitate\" \/>\n\t<meta name=\"twitter:data2\" content=\"\u00cen stoc\" \/>\n<script type=\"application\/ld+json\" class=\"yoast-schema-graph\">{\"@context\":\"https:\\\/\\\/schema.org\",\"@graph\":[{\"@type\":\"WebPage\",\"@id\":\"https:\\\/\\\/www.versiegelung24.com\\\/ro\\\/carpa-din-microfibra-40x40cm-pentru-pre-curatare-sau-lustruire-galben.html\",\"url\":\"https:\\\/\\\/www.versiegelung24.com\\\/ro\\\/carpa-din-microfibra-40x40cm-pentru-pre-curatare-sau-lustruire-galben.html\",\"name\":\"P\u00e2nz\u0103 din microfibre 40x40cm pentru pre-cur\u0103\u021bare sau lustruire galben\u0103 - versiegelung24.com\",\"isPartOf\":{\"@id\":\"https:\\\/\\\/www.versiegelung24.com\\\/ro\\\/#website\"},\"primaryImageOfPage\":{\"@id\":\"https:\\\/\\\/www.versiegelung24.com\\\/ro\\\/carpa-din-microfibra-40x40cm-pentru-pre-curatare-sau-lustruire-galben.html#primaryimage\"},\"image\":{\"@id\":\"https:\\\/\\\/www.versiegelung24.com\\\/ro\\\/carpa-din-microfibra-40x40cm-pentru-pre-curatare-sau-lustruire-galben.html#primaryimage\"},\"thumbnailUrl\":\"https:\\\/\\\/www.versiegelung24.com\\\/wp-content\\\/uploads\\\/2022\\\/02\\\/V24-9004-1-Mikrofaser-gelb-40x40cm-Custom.jpg\",\"datePublished\":\"2024-01-29T19:43:27+00:00\",\"dateModified\":\"2025-01-05T14:32:50+00:00\",\"description\":\"P\u00e2nz\u0103 din microfibre \\\" Extrem de absorbant\u0103 \\\" Uscare rapid\u0103 \\\" F\u0103r\u0103 scame \\\" F\u0103r\u0103 zg\u00e2rieturi \\\" 80% poliester \\\/ 20% poliamid\u0103 \\\" Greutate uscat\u0103 280g\\\/mp\",\"breadcrumb\":{\"@id\":\"https:\\\/\\\/www.versiegelung24.com\\\/ro\\\/carpa-din-microfibra-40x40cm-pentru-pre-curatare-sau-lustruire-galben.html#breadcrumb\"},\"inLanguage\":\"ro-RO\",\"potentialAction\":[{\"@type\":\"ReadAction\",\"target\":[\"https:\\\/\\\/www.versiegelung24.com\\\/ro\\\/carpa-din-microfibra-40x40cm-pentru-pre-curatare-sau-lustruire-galben.html\"]}]},{\"@type\":\"ImageObject\",\"inLanguage\":\"ro-RO\",\"@id\":\"https:\\\/\\\/www.versiegelung24.com\\\/ro\\\/carpa-din-microfibra-40x40cm-pentru-pre-curatare-sau-lustruire-galben.html#primaryimage\",\"url\":\"https:\\\/\\\/www.versiegelung24.com\\\/wp-content\\\/uploads\\\/2022\\\/02\\\/V24-9004-1-Mikrofaser-gelb-40x40cm-Custom.jpg\",\"contentUrl\":\"https:\\\/\\\/www.versiegelung24.com\\\/wp-content\\\/uploads\\\/2022\\\/02\\\/V24-9004-1-Mikrofaser-gelb-40x40cm-Custom.jpg\",\"width\":1024,\"height\":1024},{\"@type\":\"BreadcrumbList\",\"@id\":\"https:\\\/\\\/www.versiegelung24.com\\\/ro\\\/carpa-din-microfibra-40x40cm-pentru-pre-curatare-sau-lustruire-galben.html#breadcrumb\",\"itemListElement\":[{\"@type\":\"ListItem\",\"position\":1,\"name\":\"Pagina de start\",\"item\":\"https:\\\/\\\/www.versiegelung24.com\\\/ro\\\/fata\\\/\"},{\"@type\":\"ListItem\",\"position\":2,\"name\":\"Magazin\",\"item\":\"https:\\\/\\\/www.versiegelung24.com\\\/ro\\\/magazin_ro\\\/\"},{\"@type\":\"ListItem\",\"position\":3,\"name\":\"P\u00e2nz\u0103 din microfibre 40x40cm pentru pre-cur\u0103\u021bare sau lustruire galben\u0103\"}]},{\"@type\":\"WebSite\",\"@id\":\"https:\\\/\\\/www.versiegelung24.com\\\/ro\\\/#website\",\"url\":\"https:\\\/\\\/www.versiegelung24.com\\\/ro\\\/\",\"name\":\"versiegelung24.com\",\"description\":\"Fl\u00fcssigglas-Versiegelung - Made in Germany\",\"publisher\":{\"@id\":\"https:\\\/\\\/www.versiegelung24.com\\\/ro\\\/#organization\"},\"potentialAction\":[{\"@type\":\"SearchAction\",\"target\":{\"@type\":\"EntryPoint\",\"urlTemplate\":\"https:\\\/\\\/www.versiegelung24.com\\\/ro\\\/?s={search_term_string}\"},\"query-input\":{\"@type\":\"PropertyValueSpecification\",\"valueRequired\":true,\"valueName\":\"search_term_string\"}}],\"inLanguage\":\"ro-RO\"},{\"@type\":\"Organization\",\"@id\":\"https:\\\/\\\/www.versiegelung24.com\\\/ro\\\/#organization\",\"name\":\"versiegelung24\",\"url\":\"https:\\\/\\\/www.versiegelung24.com\\\/ro\\\/\",\"logo\":{\"@type\":\"ImageObject\",\"inLanguage\":\"ro-RO\",\"@id\":\"https:\\\/\\\/www.versiegelung24.com\\\/ro\\\/#\\\/schema\\\/logo\\\/image\\\/\",\"url\":\"https:\\\/\\\/www.versiegelung24.com\\\/wp-content\\\/uploads\\\/2020\\\/04\\\/versiegelung24.png\",\"contentUrl\":\"https:\\\/\\\/www.versiegelung24.com\\\/wp-content\\\/uploads\\\/2020\\\/04\\\/versiegelung24.png\",\"width\":470,\"height\":102,\"caption\":\"versiegelung24\"},\"image\":{\"@id\":\"https:\\\/\\\/www.versiegelung24.com\\\/ro\\\/#\\\/schema\\\/logo\\\/image\\\/\"}}]}<\/script>\n<meta property=\"product:price:amount\" content=\"1.25\" \/>\n<meta property=\"product:price:currency\" content=\"EUR\" \/>\n<meta property=\"og:availability\" content=\"instock\" \/>\n<meta property=\"product:availability\" content=\"instock\" \/>\n<meta property=\"product:retailer_item_id\" content=\"V24-9004\" \/>\n<meta property=\"product:condition\" content=\"new\" \/>\n<!-- \/ Yoast SEO Premium plugin. -->","yoast_head_json":{"title":"P\u00e2nz\u0103 din microfibre 40x40cm pentru pre-cur\u0103\u021bare sau lustruire galben\u0103 - versiegelung24.com","description":"P\u00e2nz\u0103 din microfibre \" Extrem de absorbant\u0103 \" Uscare rapid\u0103 \" F\u0103r\u0103 scame \" F\u0103r\u0103 zg\u00e2rieturi \" 80% poliester \/ 20% poliamid\u0103 \" Greutate uscat\u0103 280g\/mp","robots":{"index":"index","follow":"follow","max-snippet":"max-snippet:-1","max-image-preview":"max-image-preview:large","max-video-preview":"max-video-preview:-1"},"canonical":"https:\/\/www.versiegelung24.com\/ro\/carpa-din-microfibra-40x40cm-pentru-pre-curatare-sau-lustruire-galben.html","og_locale":"ro_RO","og_type":"article","og_title":"P\u00e2nz\u0103 din microfibre 40x40cm pentru pre-cur\u0103\u021bare sau lustruire galben\u0103","og_description":"P\u00e2nz\u0103 din microfibre \" Extrem de absorbant\u0103 \" Uscare rapid\u0103 \" F\u0103r\u0103 scame \" F\u0103r\u0103 zg\u00e2rieturi \" 80% poliester \/ 20% poliamid\u0103 \" Greutate uscat\u0103 280g\/mp","og_url":"https:\/\/www.versiegelung24.com\/ro\/carpa-din-microfibra-40x40cm-pentru-pre-curatare-sau-lustruire-galben.html","og_site_name":"versiegelung24.com","article_modified_time":"2025-01-05T14:32:50+00:00","og_image":[{"width":1024,"height":1024,"url":"https:\/\/www.versiegelung24.com\/wp-content\/uploads\/2022\/02\/V24-9004-1-Mikrofaser-gelb-40x40cm-Custom.jpg","type":"image\/jpeg"}],"twitter_card":"summary_large_image","twitter_misc":{"Pre\u021b":"1,25&euro;","Disponibilitate":"\u00cen stoc"},"schema":{"@context":"https:\/\/schema.org","@graph":[{"@type":"WebPage","@id":"https:\/\/www.versiegelung24.com\/ro\/carpa-din-microfibra-40x40cm-pentru-pre-curatare-sau-lustruire-galben.html","url":"https:\/\/www.versiegelung24.com\/ro\/carpa-din-microfibra-40x40cm-pentru-pre-curatare-sau-lustruire-galben.html","name":"P\u00e2nz\u0103 din microfibre 40x40cm pentru pre-cur\u0103\u021bare sau lustruire galben\u0103 - versiegelung24.com","isPartOf":{"@id":"https:\/\/www.versiegelung24.com\/ro\/#website"},"primaryImageOfPage":{"@id":"https:\/\/www.versiegelung24.com\/ro\/carpa-din-microfibra-40x40cm-pentru-pre-curatare-sau-lustruire-galben.html#primaryimage"},"image":{"@id":"https:\/\/www.versiegelung24.com\/ro\/carpa-din-microfibra-40x40cm-pentru-pre-curatare-sau-lustruire-galben.html#primaryimage"},"thumbnailUrl":"https:\/\/www.versiegelung24.com\/wp-content\/uploads\/2022\/02\/V24-9004-1-Mikrofaser-gelb-40x40cm-Custom.jpg","datePublished":"2024-01-29T19:43:27+00:00","dateModified":"2025-01-05T14:32:50+00:00","description":"P\u00e2nz\u0103 din microfibre \" Extrem de absorbant\u0103 \" Uscare rapid\u0103 \" F\u0103r\u0103 scame \" F\u0103r\u0103 zg\u00e2rieturi \" 80% poliester \/ 20% poliamid\u0103 \" Greutate uscat\u0103 280g\/mp","breadcrumb":{"@id":"https:\/\/www.versiegelung24.com\/ro\/carpa-din-microfibra-40x40cm-pentru-pre-curatare-sau-lustruire-galben.html#breadcrumb"},"inLanguage":"ro-RO","potentialAction":[{"@type":"ReadAction","target":["https:\/\/www.versiegelung24.com\/ro\/carpa-din-microfibra-40x40cm-pentru-pre-curatare-sau-lustruire-galben.html"]}]},{"@type":"ImageObject","inLanguage":"ro-RO","@id":"https:\/\/www.versiegelung24.com\/ro\/carpa-din-microfibra-40x40cm-pentru-pre-curatare-sau-lustruire-galben.html#primaryimage","url":"https:\/\/www.versiegelung24.com\/wp-content\/uploads\/2022\/02\/V24-9004-1-Mikrofaser-gelb-40x40cm-Custom.jpg","contentUrl":"https:\/\/www.versiegelung24.com\/wp-content\/uploads\/2022\/02\/V24-9004-1-Mikrofaser-gelb-40x40cm-Custom.jpg","width":1024,"height":1024},{"@type":"BreadcrumbList","@id":"https:\/\/www.versiegelung24.com\/ro\/carpa-din-microfibra-40x40cm-pentru-pre-curatare-sau-lustruire-galben.html#breadcrumb","itemListElement":[{"@type":"ListItem","position":1,"name":"Pagina de start","item":"https:\/\/www.versiegelung24.com\/ro\/fata\/"},{"@type":"ListItem","position":2,"name":"Magazin","item":"https:\/\/www.versiegelung24.com\/ro\/magazin_ro\/"},{"@type":"ListItem","position":3,"name":"P\u00e2nz\u0103 din microfibre 40x40cm pentru pre-cur\u0103\u021bare sau lustruire galben\u0103"}]},{"@type":"WebSite","@id":"https:\/\/www.versiegelung24.com\/ro\/#website","url":"https:\/\/www.versiegelung24.com\/ro\/","name":"versiegelung24.com","description":"Fl\u00fcssigglas-Versiegelung - Made in Germany","publisher":{"@id":"https:\/\/www.versiegelung24.com\/ro\/#organization"},"potentialAction":[{"@type":"SearchAction","target":{"@type":"EntryPoint","urlTemplate":"https:\/\/www.versiegelung24.com\/ro\/?s={search_term_string}"},"query-input":{"@type":"PropertyValueSpecification","valueRequired":true,"valueName":"search_term_string"}}],"inLanguage":"ro-RO"},{"@type":"Organization","@id":"https:\/\/www.versiegelung24.com\/ro\/#organization","name":"versiegelung24","url":"https:\/\/www.versiegelung24.com\/ro\/","logo":{"@type":"ImageObject","inLanguage":"ro-RO","@id":"https:\/\/www.versiegelung24.com\/ro\/#\/schema\/logo\/image\/","url":"https:\/\/www.versiegelung24.com\/wp-content\/uploads\/2020\/04\/versiegelung24.png","contentUrl":"https:\/\/www.versiegelung24.com\/wp-content\/uploads\/2020\/04\/versiegelung24.png","width":470,"height":102,"caption":"versiegelung24"},"image":{"@id":"https:\/\/www.versiegelung24.com\/ro\/#\/schema\/logo\/image\/"}}]},"product_price_amount":"1.25","product_price_currency":"EUR","og_availability":"instock","product_availability":"instock","product_retailer_item_id":"V24-9004","product_condition":"new"},"_links":{"self":[{"href":"https:\/\/www.versiegelung24.com\/ro\/wp-json\/wp\/v2\/product\/149484","targetHints":{"allow":["GET"]}}],"collection":[{"href":"https:\/\/www.versiegelung24.com\/ro\/wp-json\/wp\/v2\/product"}],"about":[{"href":"https:\/\/www.versiegelung24.com\/ro\/wp-json\/wp\/v2\/types\/product"}],"version-history":[{"count":7,"href":"https:\/\/www.versiegelung24.com\/ro\/wp-json\/wp\/v2\/product\/149484\/revisions"}],"predecessor-version":[{"id":178228,"href":"https:\/\/www.versiegelung24.com\/ro\/wp-json\/wp\/v2\/product\/149484\/revisions\/178228"}],"wp:featuredmedia":[{"embeddable":true,"href":"https:\/\/www.versiegelung24.com\/ro\/wp-json\/wp\/v2\/media\/64791"}],"wp:attachment":[{"href":"https:\/\/www.versiegelung24.com\/ro\/wp-json\/wp\/v2\/media?parent=149484"}],"wp:term":[{"taxonomy":"product_brand","embeddable":true,"href":"https:\/\/www.versiegelung24.com\/ro\/wp-json\/wp\/v2\/product_brand?post=149484"},{"taxonomy":"product_cat","embeddable":true,"href":"https:\/\/www.versiegelung24.com\/ro\/wp-json\/wp\/v2\/product_cat?post=149484"},{"taxonomy":"product_tag","embeddable":true,"href":"https:\/\/www.versiegelung24.com\/ro\/wp-json\/wp\/v2\/product_tag?post=149484"}],"curies":[{"name":"wp","href":"https:\/\/api.w.org\/{rel}","templated":true}]}}