{"id":160943,"date":"2024-05-06T17:28:31","date_gmt":"2024-05-06T15:28:34","guid":{"rendered":"https:\/\/www.versiegelung24.com\/?post_type=product&#038;p=160943"},"modified":"2025-01-13T17:08:40","modified_gmt":"2025-01-13T16:08:40","slug":"arbeitshandschuhe-nylon-schwarz-groesse-9","status":"publish","type":"product","link":"https:\/\/www.versiegelung24.com\/ro\/product\/arbeitshandschuhe-nylon-schwarz-groesse-9\/","title":{"rendered":"M\u0103nu\u0219i de lucru din nailon negru dimensiune 9"},"content":{"rendered":"\n<h4 class=\"wp-block-heading\" id=\"h-beschreibung\">Descriere a<\/h4>\n\n<p>M\u0103nu\u0219i din nailon pentru utilizare universal\u0103, cu rezisten\u021b\u0103 special\u0103 la alunecare \u0219i abraziune. M\u0103nu\u0219ile din nailon sunt tricotate f\u0103r\u0103 cus\u0103turi iritante \u0219i previn astfel iritarea pielii. Datorit\u0103 ajust\u0103rii lor perfecte, acestea ofer\u0103 un nivel deosebit de ridicat de confort. M\u0103nu\u0219ile sunt lavabile \u0219i reutilizabile \u0219i sunt potrivite \u00een special pentru industria auto, gr\u0103din\u0103rit, bricolaj etc.<\/p>\n\n<hr \/>\n\n<h4 class=\"wp-block-heading\" id=\"properties\">Caracteristicile produsului<\/h4>\n\n<div class=\"wp-block-columns is-layout-flex wp-container-core-columns-is-layout-9d6595d7 wp-block-columns-is-layout-flex\">\n<div class=\"wp-block-column is-layout-flow wp-block-column-is-layout-flow\">\n<p>\u2713 \u00cenveli\u0219 de poliuretan de prim\u0103 clas\u0103, sub\u021bire pe palm\u0103 \u0219i degete<\/p>\n\n\n\n<p>\u2713 Tricotat f\u0103r\u0103 cus\u0103turi f\u0103r\u0103 cus\u0103turi iritante pentru a preveni iritarea pielii<\/p>\n\n\n\n<p>\u2713 Extrem de confortabil datorit\u0103 potrivirii perfecte<\/p>\n\n\n\n<p>\u2713 Fabricat \u00een conformitate cu EN 388<\/p>\n\n\n\n<p>\u2713 Ideal pentru aproape toate lucr\u0103rile de asamblare \u00een mecanica de precizie \u0219i oriunde este necesar\u0103 precizia<\/p>\n\n\n\n<p>\u2713 Nu exist\u0103 oboseal\u0103 a m\u00e2inilor din cauza purt\u0103rii m\u0103nu\u0219ilor<\/p>\n\n\n\n<p>\u2713 Partea din spate a m\u00e2inii este neacoperit\u0103 \u0219i foarte respirabil\u0103<\/p>\n\n\n\n<p>\u2713 Lavabil<\/p>\n\n\n\n<p>\u2713 Dimensiune: 9<\/p>\n<\/div>\n<\/div>\n","protected":false},"excerpt":{"rendered":"<div class=\"product_text_extra\">\n<p>\u2713 Rezistent \u00een special la alunecare \u0219i abraziune<\/p>\n<p>\u2713 Partea din spate a m\u00e2inii neacoperit\u0103 \u0219i foarte respirabil\u0103<\/p>\n<p>\u2713 Extrem de confortabil datorit\u0103 potrivirii perfecte<\/p>\n<p>\u2713 Lavabil \u0219i reutilizabil<\/p>\n<p>\u2713 Fabricat \u00een conformitate cu EN388<\/p>\n<\/div>\n","protected":false},"featured_media":161005,"template":"","meta":{"_acf_changed":false,"neve_meta_sidebar":"","neve_meta_container":"","neve_meta_enable_content_width":"","neve_meta_content_width":0,"neve_meta_title_alignment":"","neve_meta_author_avatar":"","neve_post_elements_order":"","neve_meta_disable_header":"","neve_meta_disable_footer":"","neve_meta_disable_title":"","neve_meta_reading_time":"","_surfaces":[],"_ver_product_tabs":[],"footnotes":""},"product_brand":[],"product_cat":[3083],"product_tag":[],"class_list":{"0":"post-160943","1":"product","2":"type-product","3":"status-publish","4":"has-post-thumbnail","6":"product_cat-echipamente","8":"first","9":"instock","10":"taxable","11":"shipping-taxable","12":"purchasable","13":"product-type-simple"},"acf":[],"yoast_head":"<!-- This site is optimized with the Yoast SEO Premium plugin v22.8 (Yoast SEO v27.4) - https:\/\/yoast.com\/product\/yoast-seo-premium-wordpress\/ -->\n<title>M\u0103nu\u0219i de lucru din nailon negru dimensiune 9 - versiegelung24.com<\/title>\n<meta name=\"robots\" content=\"index, follow, max-snippet:-1, max-image-preview:large, max-video-preview:-1\" \/>\n<link rel=\"canonical\" href=\"https:\/\/www.versiegelung24.com\/ro\/product\/arbeitshandschuhe-nylon-schwarz-groesse-9\/\" \/>\n<meta property=\"og:locale\" content=\"ro_RO\" \/>\n<meta property=\"og:type\" content=\"article\" \/>\n<meta property=\"og:title\" content=\"M\u0103nu\u0219i de lucru din nailon negru dimensiune 9\" \/>\n<meta property=\"og:description\" content=\"\u2713 Rezistent \u00een special la alunecare \u0219i abraziune \u2713 Partea din spate a m\u00e2inii neacoperit\u0103 \u0219i foarte respirabil\u0103 \u2713 Extrem de confortabil datorit\u0103 potrivirii perfecte \u2713 Lavabil \u0219i reutilizabil \u2713 Fabricat \u00een conformitate cu EN388\" \/>\n<meta property=\"og:url\" content=\"https:\/\/www.versiegelung24.com\/ro\/product\/arbeitshandschuhe-nylon-schwarz-groesse-9\/\" \/>\n<meta property=\"og:site_name\" content=\"versiegelung24.com\" \/>\n<meta property=\"article:modified_time\" content=\"2025-01-13T16:08:40+00:00\" \/>\n<meta name=\"twitter:card\" content=\"summary_large_image\" \/>\n<meta name=\"twitter:label1\" content=\"Pre\u021b\" \/>\n\t<meta name=\"twitter:data1\" content=\"2,49&euro;\" \/>\n\t<meta name=\"twitter:label2\" content=\"Disponibilitate\" \/>\n\t<meta name=\"twitter:data2\" content=\"\u00cen stoc\" \/>\n<script type=\"application\/ld+json\" class=\"yoast-schema-graph\">{\"@context\":\"https:\\\/\\\/schema.org\",\"@graph\":[{\"@type\":\"WebPage\",\"@id\":\"https:\\\/\\\/www.versiegelung24.com\\\/ro\\\/product\\\/arbeitshandschuhe-nylon-schwarz-groesse-9\\\/\",\"url\":\"https:\\\/\\\/www.versiegelung24.com\\\/ro\\\/product\\\/arbeitshandschuhe-nylon-schwarz-groesse-9\\\/\",\"name\":\"M\u0103nu\u0219i de lucru din nailon negru dimensiune 9 - versiegelung24.com\",\"isPartOf\":{\"@id\":\"https:\\\/\\\/www.versiegelung24.com\\\/ro\\\/#website\"},\"primaryImageOfPage\":{\"@id\":\"https:\\\/\\\/www.versiegelung24.com\\\/ro\\\/product\\\/arbeitshandschuhe-nylon-schwarz-groesse-9\\\/#primaryimage\"},\"image\":{\"@id\":\"https:\\\/\\\/www.versiegelung24.com\\\/ro\\\/product\\\/arbeitshandschuhe-nylon-schwarz-groesse-9\\\/#primaryimage\"},\"thumbnailUrl\":\"https:\\\/\\\/www.versiegelung24.com\\\/wp-content\\\/uploads\\\/2024\\\/05\\\/nitril-oben.webp\",\"datePublished\":\"2024-05-06T15:28:34+00:00\",\"dateModified\":\"2025-01-13T16:08:40+00:00\",\"breadcrumb\":{\"@id\":\"https:\\\/\\\/www.versiegelung24.com\\\/ro\\\/product\\\/arbeitshandschuhe-nylon-schwarz-groesse-9\\\/#breadcrumb\"},\"inLanguage\":\"ro-RO\",\"potentialAction\":[{\"@type\":\"ReadAction\",\"target\":[\"https:\\\/\\\/www.versiegelung24.com\\\/ro\\\/product\\\/arbeitshandschuhe-nylon-schwarz-groesse-9\\\/\"]}]},{\"@type\":\"ImageObject\",\"inLanguage\":\"ro-RO\",\"@id\":\"https:\\\/\\\/www.versiegelung24.com\\\/ro\\\/product\\\/arbeitshandschuhe-nylon-schwarz-groesse-9\\\/#primaryimage\",\"url\":\"https:\\\/\\\/www.versiegelung24.com\\\/wp-content\\\/uploads\\\/2024\\\/05\\\/nitril-oben.webp\",\"contentUrl\":\"https:\\\/\\\/www.versiegelung24.com\\\/wp-content\\\/uploads\\\/2024\\\/05\\\/nitril-oben.webp\",\"width\":2000,\"height\":2000},{\"@type\":\"BreadcrumbList\",\"@id\":\"https:\\\/\\\/www.versiegelung24.com\\\/ro\\\/product\\\/arbeitshandschuhe-nylon-schwarz-groesse-9\\\/#breadcrumb\",\"itemListElement\":[{\"@type\":\"ListItem\",\"position\":1,\"name\":\"Pagina de start\",\"item\":\"https:\\\/\\\/www.versiegelung24.com\\\/ro\\\/fata\\\/\"},{\"@type\":\"ListItem\",\"position\":2,\"name\":\"Magazin\",\"item\":\"https:\\\/\\\/www.versiegelung24.com\\\/ro\\\/magazin_ro\\\/\"},{\"@type\":\"ListItem\",\"position\":3,\"name\":\"M\u0103nu\u0219i de lucru din nailon negru dimensiune 9\"}]},{\"@type\":\"WebSite\",\"@id\":\"https:\\\/\\\/www.versiegelung24.com\\\/ro\\\/#website\",\"url\":\"https:\\\/\\\/www.versiegelung24.com\\\/ro\\\/\",\"name\":\"versiegelung24.com\",\"description\":\"Fl\u00fcssigglas-Versiegelung - Made in Germany\",\"publisher\":{\"@id\":\"https:\\\/\\\/www.versiegelung24.com\\\/ro\\\/#organization\"},\"potentialAction\":[{\"@type\":\"SearchAction\",\"target\":{\"@type\":\"EntryPoint\",\"urlTemplate\":\"https:\\\/\\\/www.versiegelung24.com\\\/ro\\\/?s={search_term_string}\"},\"query-input\":{\"@type\":\"PropertyValueSpecification\",\"valueRequired\":true,\"valueName\":\"search_term_string\"}}],\"inLanguage\":\"ro-RO\"},{\"@type\":\"Organization\",\"@id\":\"https:\\\/\\\/www.versiegelung24.com\\\/ro\\\/#organization\",\"name\":\"versiegelung24\",\"url\":\"https:\\\/\\\/www.versiegelung24.com\\\/ro\\\/\",\"logo\":{\"@type\":\"ImageObject\",\"inLanguage\":\"ro-RO\",\"@id\":\"https:\\\/\\\/www.versiegelung24.com\\\/ro\\\/#\\\/schema\\\/logo\\\/image\\\/\",\"url\":\"https:\\\/\\\/www.versiegelung24.com\\\/wp-content\\\/uploads\\\/2020\\\/04\\\/versiegelung24.png\",\"contentUrl\":\"https:\\\/\\\/www.versiegelung24.com\\\/wp-content\\\/uploads\\\/2020\\\/04\\\/versiegelung24.png\",\"width\":470,\"height\":102,\"caption\":\"versiegelung24\"},\"image\":{\"@id\":\"https:\\\/\\\/www.versiegelung24.com\\\/ro\\\/#\\\/schema\\\/logo\\\/image\\\/\"}}]}<\/script>\n<meta property=\"product:price:amount\" content=\"2.49\" \/>\n<meta property=\"product:price:currency\" content=\"EUR\" \/>\n<meta property=\"og:availability\" content=\"instock\" \/>\n<meta property=\"product:availability\" content=\"instock\" \/>\n<meta property=\"product:retailer_item_id\" content=\"V24-SB340-9\" \/>\n<meta property=\"product:condition\" content=\"new\" \/>\n<!-- \/ Yoast SEO Premium plugin. -->","yoast_head_json":{"title":"M\u0103nu\u0219i de lucru din nailon negru dimensiune 9 - versiegelung24.com","robots":{"index":"index","follow":"follow","max-snippet":"max-snippet:-1","max-image-preview":"max-image-preview:large","max-video-preview":"max-video-preview:-1"},"canonical":"https:\/\/www.versiegelung24.com\/ro\/product\/arbeitshandschuhe-nylon-schwarz-groesse-9\/","og_locale":"ro_RO","og_type":"article","og_title":"M\u0103nu\u0219i de lucru din nailon negru dimensiune 9","og_description":"\u2713 Rezistent \u00een special la alunecare \u0219i abraziune \u2713 Partea din spate a m\u00e2inii neacoperit\u0103 \u0219i foarte respirabil\u0103 \u2713 Extrem de confortabil datorit\u0103 potrivirii perfecte \u2713 Lavabil \u0219i reutilizabil \u2713 Fabricat \u00een conformitate cu EN388","og_url":"https:\/\/www.versiegelung24.com\/ro\/product\/arbeitshandschuhe-nylon-schwarz-groesse-9\/","og_site_name":"versiegelung24.com","article_modified_time":"2025-01-13T16:08:40+00:00","twitter_card":"summary_large_image","twitter_misc":{"Pre\u021b":"2,49&euro;","Disponibilitate":"\u00cen stoc"},"schema":{"@context":"https:\/\/schema.org","@graph":[{"@type":"WebPage","@id":"https:\/\/www.versiegelung24.com\/ro\/product\/arbeitshandschuhe-nylon-schwarz-groesse-9\/","url":"https:\/\/www.versiegelung24.com\/ro\/product\/arbeitshandschuhe-nylon-schwarz-groesse-9\/","name":"M\u0103nu\u0219i de lucru din nailon negru dimensiune 9 - versiegelung24.com","isPartOf":{"@id":"https:\/\/www.versiegelung24.com\/ro\/#website"},"primaryImageOfPage":{"@id":"https:\/\/www.versiegelung24.com\/ro\/product\/arbeitshandschuhe-nylon-schwarz-groesse-9\/#primaryimage"},"image":{"@id":"https:\/\/www.versiegelung24.com\/ro\/product\/arbeitshandschuhe-nylon-schwarz-groesse-9\/#primaryimage"},"thumbnailUrl":"https:\/\/www.versiegelung24.com\/wp-content\/uploads\/2024\/05\/nitril-oben.webp","datePublished":"2024-05-06T15:28:34+00:00","dateModified":"2025-01-13T16:08:40+00:00","breadcrumb":{"@id":"https:\/\/www.versiegelung24.com\/ro\/product\/arbeitshandschuhe-nylon-schwarz-groesse-9\/#breadcrumb"},"inLanguage":"ro-RO","potentialAction":[{"@type":"ReadAction","target":["https:\/\/www.versiegelung24.com\/ro\/product\/arbeitshandschuhe-nylon-schwarz-groesse-9\/"]}]},{"@type":"ImageObject","inLanguage":"ro-RO","@id":"https:\/\/www.versiegelung24.com\/ro\/product\/arbeitshandschuhe-nylon-schwarz-groesse-9\/#primaryimage","url":"https:\/\/www.versiegelung24.com\/wp-content\/uploads\/2024\/05\/nitril-oben.webp","contentUrl":"https:\/\/www.versiegelung24.com\/wp-content\/uploads\/2024\/05\/nitril-oben.webp","width":2000,"height":2000},{"@type":"BreadcrumbList","@id":"https:\/\/www.versiegelung24.com\/ro\/product\/arbeitshandschuhe-nylon-schwarz-groesse-9\/#breadcrumb","itemListElement":[{"@type":"ListItem","position":1,"name":"Pagina de start","item":"https:\/\/www.versiegelung24.com\/ro\/fata\/"},{"@type":"ListItem","position":2,"name":"Magazin","item":"https:\/\/www.versiegelung24.com\/ro\/magazin_ro\/"},{"@type":"ListItem","position":3,"name":"M\u0103nu\u0219i de lucru din nailon negru dimensiune 9"}]},{"@type":"WebSite","@id":"https:\/\/www.versiegelung24.com\/ro\/#website","url":"https:\/\/www.versiegelung24.com\/ro\/","name":"versiegelung24.com","description":"Fl\u00fcssigglas-Versiegelung - Made in Germany","publisher":{"@id":"https:\/\/www.versiegelung24.com\/ro\/#organization"},"potentialAction":[{"@type":"SearchAction","target":{"@type":"EntryPoint","urlTemplate":"https:\/\/www.versiegelung24.com\/ro\/?s={search_term_string}"},"query-input":{"@type":"PropertyValueSpecification","valueRequired":true,"valueName":"search_term_string"}}],"inLanguage":"ro-RO"},{"@type":"Organization","@id":"https:\/\/www.versiegelung24.com\/ro\/#organization","name":"versiegelung24","url":"https:\/\/www.versiegelung24.com\/ro\/","logo":{"@type":"ImageObject","inLanguage":"ro-RO","@id":"https:\/\/www.versiegelung24.com\/ro\/#\/schema\/logo\/image\/","url":"https:\/\/www.versiegelung24.com\/wp-content\/uploads\/2020\/04\/versiegelung24.png","contentUrl":"https:\/\/www.versiegelung24.com\/wp-content\/uploads\/2020\/04\/versiegelung24.png","width":470,"height":102,"caption":"versiegelung24"},"image":{"@id":"https:\/\/www.versiegelung24.com\/ro\/#\/schema\/logo\/image\/"}}]},"product_price_amount":"2.49","product_price_currency":"EUR","og_availability":"instock","product_availability":"instock","product_retailer_item_id":"V24-SB340-9","product_condition":"new"},"_links":{"self":[{"href":"https:\/\/www.versiegelung24.com\/ro\/wp-json\/wp\/v2\/product\/160943","targetHints":{"allow":["GET"]}}],"collection":[{"href":"https:\/\/www.versiegelung24.com\/ro\/wp-json\/wp\/v2\/product"}],"about":[{"href":"https:\/\/www.versiegelung24.com\/ro\/wp-json\/wp\/v2\/types\/product"}],"version-history":[{"count":4,"href":"https:\/\/www.versiegelung24.com\/ro\/wp-json\/wp\/v2\/product\/160943\/revisions"}],"predecessor-version":[{"id":180732,"href":"https:\/\/www.versiegelung24.com\/ro\/wp-json\/wp\/v2\/product\/160943\/revisions\/180732"}],"wp:featuredmedia":[{"embeddable":true,"href":"https:\/\/www.versiegelung24.com\/ro\/wp-json\/wp\/v2\/media\/161005"}],"wp:attachment":[{"href":"https:\/\/www.versiegelung24.com\/ro\/wp-json\/wp\/v2\/media?parent=160943"}],"wp:term":[{"taxonomy":"product_brand","embeddable":true,"href":"https:\/\/www.versiegelung24.com\/ro\/wp-json\/wp\/v2\/product_brand?post=160943"},{"taxonomy":"product_cat","embeddable":true,"href":"https:\/\/www.versiegelung24.com\/ro\/wp-json\/wp\/v2\/product_cat?post=160943"},{"taxonomy":"product_tag","embeddable":true,"href":"https:\/\/www.versiegelung24.com\/ro\/wp-json\/wp\/v2\/product_tag?post=160943"}],"curies":[{"name":"wp","href":"https:\/\/api.w.org\/{rel}","templated":true}]}}