{"id":175293,"date":"2024-09-24T07:29:11","date_gmt":"2024-09-24T05:29:11","guid":{"rendered":"https:\/\/www.versiegelung24.com\/product\/acoperire-protectoare-impotriva-graffiti-anti-graffiti-7626-esantion\/"},"modified":"2025-10-25T21:30:36","modified_gmt":"2025-10-25T19:30:36","slug":"acoperire-protectoare-impotriva-graffiti-anti-graffiti-7626-esantion","status":"publish","type":"product","link":"https:\/\/www.versiegelung24.com\/ro\/acoperire-protectoare-impotriva-graffiti-anti-graffiti-7626-esantion.html","title":{"rendered":"Exemplu: \u00cenveli\u0219 de protec\u021bie \u00eempotriva graffiti &#8211; \u00cenveli\u0219 antigraffiti &#8211; 7626 &#8211; Exemplu"},"content":{"rendered":"\n<p><a href=\"https:\/\/www.versiegelung24.com\/ro\/acoperire-de-protectie-anti-graffiti-etansare-pentru-fatade-foarte-eficienta.html\">Aici pute\u021bi g\u0103si informa\u021bii despre produse<\/a><\/p>\n","protected":false},"excerpt":{"rendered":"<p style=\"box-sizing: border-box; margin: 0px 0px 5px; padding: 0px; color: #000000; font-family: Helvetica, HelveticaNeue, 'Helvetica Neue', Arial, sans-serif;\">\u2713 U\u0219or de utilizat: nu necesit\u0103 amestecare etc<\/p>\n<p style=\"box-sizing: border-box; margin: 0px 0px 5px; padding: 0px; color: #000000; font-family: Helvetica, HelveticaNeue, 'Helvetica Neue', Arial, sans-serif;\">\u2713 Protec\u021bie pe termen lung \u0219i finisaj satinat<\/p>\n<p style=\"box-sizing: border-box; margin: 0px 0px 5px; padding: 0px; color: #000000; font-family: Helvetica, HelveticaNeue, 'Helvetica Neue', Arial, sans-serif;\">\u2713 Acoperire complet\u0103: f\u0103r\u0103 umbre<\/p>\n<p style=\"box-sizing: border-box; margin: 0px 0px 5px; padding: 0px; color: #000000; font-family: Helvetica, HelveticaNeue, 'Helvetica Neue', Arial, sans-serif;\">\u2713 Dup\u0103 vopsire, graffiti-urile pot fi \u00eendep\u0103rtate cu u\u0219urin\u021b\u0103 cu ap\u0103<\/p>\n<p style=\"box-sizing: border-box; margin: 0px 0px 5px; padding: 0px; color: #000000; font-family: Helvetica, HelveticaNeue, 'Helvetica Neue', Arial, sans-serif;\">\u2713 Uscarea la atingere dup\u0103 3-4 ore<\/p>\n","protected":false},"featured_media":14617,"template":"","meta":{"_acf_changed":false,"neve_meta_sidebar":"","neve_meta_container":"","neve_meta_enable_content_width":"","neve_meta_content_width":0,"neve_meta_title_alignment":"","neve_meta_author_avatar":"","neve_post_elements_order":"","neve_meta_disable_header":"","neve_meta_disable_footer":"","neve_meta_disable_title":"","neve_meta_reading_time":"","_surfaces":[],"_ver_product_tabs":[],"footnotes":""},"product_brand":[],"product_cat":[2671],"product_tag":[],"class_list":{"0":"post-175293","1":"product","2":"type-product","3":"status-publish","4":"has-post-thumbnail","6":"product_cat-sablon-ro","8":"first","9":"instock","10":"sold-individually","11":"taxable","12":"shipping-taxable","13":"purchasable","14":"product-type-simple"},"acf":[],"yoast_head":"<!-- This site is optimized with the Yoast SEO Premium plugin v22.8 (Yoast SEO v27.3) - https:\/\/yoast.com\/product\/yoast-seo-premium-wordpress\/ -->\n<title>Exemplu: \u00cenveli\u0219 de protec\u021bie \u00eempotriva graffiti - \u00cenveli\u0219 antigraffiti - 7626 - Exemplu - versiegelung24.com<\/title>\n<meta name=\"robots\" content=\"index, follow, max-snippet:-1, max-image-preview:large, max-video-preview:-1\" \/>\n<link rel=\"canonical\" href=\"https:\/\/www.versiegelung24.com\/ro\/acoperire-protectoare-impotriva-graffiti-anti-graffiti-7626-esantion.html\" \/>\n<meta property=\"og:locale\" content=\"ro_RO\" \/>\n<meta property=\"og:type\" content=\"article\" \/>\n<meta property=\"og:title\" content=\"Exemplu: \u00cenveli\u0219 de protec\u021bie \u00eempotriva graffiti - \u00cenveli\u0219 antigraffiti - 7626 - Exemplu\" \/>\n<meta property=\"og:description\" content=\"\u2713 U\u0219or de utilizat: nu necesit\u0103 amestecare etc \u2713 Protec\u021bie pe termen lung \u0219i finisaj satinat \u2713 Acoperire complet\u0103: f\u0103r\u0103 umbre \u2713 Dup\u0103 vopsire, graffiti-urile pot fi \u00eendep\u0103rtate cu u\u0219urin\u021b\u0103 cu ap\u0103 \u2713 Uscarea la atingere dup\u0103 3-4 ore\" \/>\n<meta property=\"og:url\" content=\"https:\/\/www.versiegelung24.com\/ro\/acoperire-protectoare-impotriva-graffiti-anti-graffiti-7626-esantion.html\" \/>\n<meta property=\"og:site_name\" content=\"versiegelung24.com\" \/>\n<meta property=\"article:modified_time\" content=\"2025-10-25T19:30:36+00:00\" \/>\n<meta property=\"og:image\" content=\"https:\/\/www.versiegelung24.com\/wp-content\/uploads\/2020\/04\/versiegelung-muster.png\" \/>\n\t<meta property=\"og:image:width\" content=\"1000\" \/>\n\t<meta property=\"og:image:height\" content=\"1000\" \/>\n\t<meta property=\"og:image:type\" content=\"image\/png\" \/>\n<meta name=\"twitter:card\" content=\"summary_large_image\" \/>\n<meta name=\"twitter:label1\" content=\"Pre\u021b\" \/>\n\t<meta name=\"twitter:data1\" content=\"9,99&euro;\" \/>\n\t<meta name=\"twitter:label2\" content=\"Disponibilitate\" \/>\n\t<meta name=\"twitter:data2\" content=\"\u00cen stoc\" \/>\n<script type=\"application\/ld+json\" class=\"yoast-schema-graph\">{\"@context\":\"https:\\\/\\\/schema.org\",\"@graph\":[{\"@type\":\"WebPage\",\"@id\":\"https:\\\/\\\/www.versiegelung24.com\\\/ro\\\/acoperire-protectoare-impotriva-graffiti-anti-graffiti-7626-esantion.html\",\"url\":\"https:\\\/\\\/www.versiegelung24.com\\\/ro\\\/acoperire-protectoare-impotriva-graffiti-anti-graffiti-7626-esantion.html\",\"name\":\"Exemplu: \u00cenveli\u0219 de protec\u021bie \u00eempotriva graffiti - \u00cenveli\u0219 antigraffiti - 7626 - Exemplu - versiegelung24.com\",\"isPartOf\":{\"@id\":\"https:\\\/\\\/www.versiegelung24.com\\\/ro\\\/#website\"},\"primaryImageOfPage\":{\"@id\":\"https:\\\/\\\/www.versiegelung24.com\\\/ro\\\/acoperire-protectoare-impotriva-graffiti-anti-graffiti-7626-esantion.html#primaryimage\"},\"image\":{\"@id\":\"https:\\\/\\\/www.versiegelung24.com\\\/ro\\\/acoperire-protectoare-impotriva-graffiti-anti-graffiti-7626-esantion.html#primaryimage\"},\"thumbnailUrl\":\"https:\\\/\\\/www.versiegelung24.com\\\/wp-content\\\/uploads\\\/2020\\\/04\\\/versiegelung-muster.png\",\"datePublished\":\"2024-09-24T05:29:11+00:00\",\"dateModified\":\"2025-10-25T19:30:36+00:00\",\"breadcrumb\":{\"@id\":\"https:\\\/\\\/www.versiegelung24.com\\\/ro\\\/acoperire-protectoare-impotriva-graffiti-anti-graffiti-7626-esantion.html#breadcrumb\"},\"inLanguage\":\"ro-RO\",\"potentialAction\":[{\"@type\":\"ReadAction\",\"target\":[\"https:\\\/\\\/www.versiegelung24.com\\\/ro\\\/acoperire-protectoare-impotriva-graffiti-anti-graffiti-7626-esantion.html\"]}]},{\"@type\":\"ImageObject\",\"inLanguage\":\"ro-RO\",\"@id\":\"https:\\\/\\\/www.versiegelung24.com\\\/ro\\\/acoperire-protectoare-impotriva-graffiti-anti-graffiti-7626-esantion.html#primaryimage\",\"url\":\"https:\\\/\\\/www.versiegelung24.com\\\/wp-content\\\/uploads\\\/2020\\\/04\\\/versiegelung-muster.png\",\"contentUrl\":\"https:\\\/\\\/www.versiegelung24.com\\\/wp-content\\\/uploads\\\/2020\\\/04\\\/versiegelung-muster.png\",\"width\":1000,\"height\":1000},{\"@type\":\"BreadcrumbList\",\"@id\":\"https:\\\/\\\/www.versiegelung24.com\\\/ro\\\/acoperire-protectoare-impotriva-graffiti-anti-graffiti-7626-esantion.html#breadcrumb\",\"itemListElement\":[{\"@type\":\"ListItem\",\"position\":1,\"name\":\"Pagina de start\",\"item\":\"https:\\\/\\\/www.versiegelung24.com\\\/ro\\\/fata\\\/\"},{\"@type\":\"ListItem\",\"position\":2,\"name\":\"Magazin\",\"item\":\"https:\\\/\\\/www.versiegelung24.com\\\/ro\\\/magazin_ro\\\/\"},{\"@type\":\"ListItem\",\"position\":3,\"name\":\"Exemplu: \u00cenveli\u0219 de protec\u021bie \u00eempotriva graffiti &#8211; \u00cenveli\u0219 antigraffiti &#8211; 7626 &#8211; Exemplu\"}]},{\"@type\":\"WebSite\",\"@id\":\"https:\\\/\\\/www.versiegelung24.com\\\/ro\\\/#website\",\"url\":\"https:\\\/\\\/www.versiegelung24.com\\\/ro\\\/\",\"name\":\"versiegelung24.com\",\"description\":\"Fl\u00fcssigglas-Versiegelung - Made in Germany\",\"publisher\":{\"@id\":\"https:\\\/\\\/www.versiegelung24.com\\\/ro\\\/#organization\"},\"potentialAction\":[{\"@type\":\"SearchAction\",\"target\":{\"@type\":\"EntryPoint\",\"urlTemplate\":\"https:\\\/\\\/www.versiegelung24.com\\\/ro\\\/?s={search_term_string}\"},\"query-input\":{\"@type\":\"PropertyValueSpecification\",\"valueRequired\":true,\"valueName\":\"search_term_string\"}}],\"inLanguage\":\"ro-RO\"},{\"@type\":\"Organization\",\"@id\":\"https:\\\/\\\/www.versiegelung24.com\\\/ro\\\/#organization\",\"name\":\"versiegelung24\",\"url\":\"https:\\\/\\\/www.versiegelung24.com\\\/ro\\\/\",\"logo\":{\"@type\":\"ImageObject\",\"inLanguage\":\"ro-RO\",\"@id\":\"https:\\\/\\\/www.versiegelung24.com\\\/ro\\\/#\\\/schema\\\/logo\\\/image\\\/\",\"url\":\"https:\\\/\\\/www.versiegelung24.com\\\/wp-content\\\/uploads\\\/2020\\\/04\\\/versiegelung24.png\",\"contentUrl\":\"https:\\\/\\\/www.versiegelung24.com\\\/wp-content\\\/uploads\\\/2020\\\/04\\\/versiegelung24.png\",\"width\":470,\"height\":102,\"caption\":\"versiegelung24\"},\"image\":{\"@id\":\"https:\\\/\\\/www.versiegelung24.com\\\/ro\\\/#\\\/schema\\\/logo\\\/image\\\/\"}}]}<\/script>\n<meta property=\"product:price:amount\" content=\"9.99\" \/>\n<meta property=\"product:price:currency\" content=\"EUR\" \/>\n<meta property=\"og:availability\" content=\"instock\" \/>\n<meta property=\"product:availability\" content=\"instock\" \/>\n<meta property=\"product:retailer_item_id\" content=\"7626-Muster\" \/>\n<meta property=\"product:condition\" content=\"new\" \/>\n<!-- \/ Yoast SEO Premium plugin. -->","yoast_head_json":{"title":"Exemplu: \u00cenveli\u0219 de protec\u021bie \u00eempotriva graffiti - \u00cenveli\u0219 antigraffiti - 7626 - Exemplu - versiegelung24.com","robots":{"index":"index","follow":"follow","max-snippet":"max-snippet:-1","max-image-preview":"max-image-preview:large","max-video-preview":"max-video-preview:-1"},"canonical":"https:\/\/www.versiegelung24.com\/ro\/acoperire-protectoare-impotriva-graffiti-anti-graffiti-7626-esantion.html","og_locale":"ro_RO","og_type":"article","og_title":"Exemplu: \u00cenveli\u0219 de protec\u021bie \u00eempotriva graffiti - \u00cenveli\u0219 antigraffiti - 7626 - Exemplu","og_description":"\u2713 U\u0219or de utilizat: nu necesit\u0103 amestecare etc \u2713 Protec\u021bie pe termen lung \u0219i finisaj satinat \u2713 Acoperire complet\u0103: f\u0103r\u0103 umbre \u2713 Dup\u0103 vopsire, graffiti-urile pot fi \u00eendep\u0103rtate cu u\u0219urin\u021b\u0103 cu ap\u0103 \u2713 Uscarea la atingere dup\u0103 3-4 ore","og_url":"https:\/\/www.versiegelung24.com\/ro\/acoperire-protectoare-impotriva-graffiti-anti-graffiti-7626-esantion.html","og_site_name":"versiegelung24.com","article_modified_time":"2025-10-25T19:30:36+00:00","og_image":[{"width":1000,"height":1000,"url":"https:\/\/www.versiegelung24.com\/wp-content\/uploads\/2020\/04\/versiegelung-muster.png","type":"image\/png"}],"twitter_card":"summary_large_image","twitter_misc":{"Pre\u021b":"9,99&euro;","Disponibilitate":"\u00cen stoc"},"schema":{"@context":"https:\/\/schema.org","@graph":[{"@type":"WebPage","@id":"https:\/\/www.versiegelung24.com\/ro\/acoperire-protectoare-impotriva-graffiti-anti-graffiti-7626-esantion.html","url":"https:\/\/www.versiegelung24.com\/ro\/acoperire-protectoare-impotriva-graffiti-anti-graffiti-7626-esantion.html","name":"Exemplu: \u00cenveli\u0219 de protec\u021bie \u00eempotriva graffiti - \u00cenveli\u0219 antigraffiti - 7626 - Exemplu - versiegelung24.com","isPartOf":{"@id":"https:\/\/www.versiegelung24.com\/ro\/#website"},"primaryImageOfPage":{"@id":"https:\/\/www.versiegelung24.com\/ro\/acoperire-protectoare-impotriva-graffiti-anti-graffiti-7626-esantion.html#primaryimage"},"image":{"@id":"https:\/\/www.versiegelung24.com\/ro\/acoperire-protectoare-impotriva-graffiti-anti-graffiti-7626-esantion.html#primaryimage"},"thumbnailUrl":"https:\/\/www.versiegelung24.com\/wp-content\/uploads\/2020\/04\/versiegelung-muster.png","datePublished":"2024-09-24T05:29:11+00:00","dateModified":"2025-10-25T19:30:36+00:00","breadcrumb":{"@id":"https:\/\/www.versiegelung24.com\/ro\/acoperire-protectoare-impotriva-graffiti-anti-graffiti-7626-esantion.html#breadcrumb"},"inLanguage":"ro-RO","potentialAction":[{"@type":"ReadAction","target":["https:\/\/www.versiegelung24.com\/ro\/acoperire-protectoare-impotriva-graffiti-anti-graffiti-7626-esantion.html"]}]},{"@type":"ImageObject","inLanguage":"ro-RO","@id":"https:\/\/www.versiegelung24.com\/ro\/acoperire-protectoare-impotriva-graffiti-anti-graffiti-7626-esantion.html#primaryimage","url":"https:\/\/www.versiegelung24.com\/wp-content\/uploads\/2020\/04\/versiegelung-muster.png","contentUrl":"https:\/\/www.versiegelung24.com\/wp-content\/uploads\/2020\/04\/versiegelung-muster.png","width":1000,"height":1000},{"@type":"BreadcrumbList","@id":"https:\/\/www.versiegelung24.com\/ro\/acoperire-protectoare-impotriva-graffiti-anti-graffiti-7626-esantion.html#breadcrumb","itemListElement":[{"@type":"ListItem","position":1,"name":"Pagina de start","item":"https:\/\/www.versiegelung24.com\/ro\/fata\/"},{"@type":"ListItem","position":2,"name":"Magazin","item":"https:\/\/www.versiegelung24.com\/ro\/magazin_ro\/"},{"@type":"ListItem","position":3,"name":"Exemplu: \u00cenveli\u0219 de protec\u021bie \u00eempotriva graffiti &#8211; \u00cenveli\u0219 antigraffiti &#8211; 7626 &#8211; Exemplu"}]},{"@type":"WebSite","@id":"https:\/\/www.versiegelung24.com\/ro\/#website","url":"https:\/\/www.versiegelung24.com\/ro\/","name":"versiegelung24.com","description":"Fl\u00fcssigglas-Versiegelung - Made in Germany","publisher":{"@id":"https:\/\/www.versiegelung24.com\/ro\/#organization"},"potentialAction":[{"@type":"SearchAction","target":{"@type":"EntryPoint","urlTemplate":"https:\/\/www.versiegelung24.com\/ro\/?s={search_term_string}"},"query-input":{"@type":"PropertyValueSpecification","valueRequired":true,"valueName":"search_term_string"}}],"inLanguage":"ro-RO"},{"@type":"Organization","@id":"https:\/\/www.versiegelung24.com\/ro\/#organization","name":"versiegelung24","url":"https:\/\/www.versiegelung24.com\/ro\/","logo":{"@type":"ImageObject","inLanguage":"ro-RO","@id":"https:\/\/www.versiegelung24.com\/ro\/#\/schema\/logo\/image\/","url":"https:\/\/www.versiegelung24.com\/wp-content\/uploads\/2020\/04\/versiegelung24.png","contentUrl":"https:\/\/www.versiegelung24.com\/wp-content\/uploads\/2020\/04\/versiegelung24.png","width":470,"height":102,"caption":"versiegelung24"},"image":{"@id":"https:\/\/www.versiegelung24.com\/ro\/#\/schema\/logo\/image\/"}}]},"product_price_amount":"9.99","product_price_currency":"EUR","og_availability":"instock","product_availability":"instock","product_retailer_item_id":"7626-Muster","product_condition":"new"},"_links":{"self":[{"href":"https:\/\/www.versiegelung24.com\/ro\/wp-json\/wp\/v2\/product\/175293","targetHints":{"allow":["GET"]}}],"collection":[{"href":"https:\/\/www.versiegelung24.com\/ro\/wp-json\/wp\/v2\/product"}],"about":[{"href":"https:\/\/www.versiegelung24.com\/ro\/wp-json\/wp\/v2\/types\/product"}],"version-history":[{"count":1,"href":"https:\/\/www.versiegelung24.com\/ro\/wp-json\/wp\/v2\/product\/175293\/revisions"}],"predecessor-version":[{"id":175297,"href":"https:\/\/www.versiegelung24.com\/ro\/wp-json\/wp\/v2\/product\/175293\/revisions\/175297"}],"wp:featuredmedia":[{"embeddable":true,"href":"https:\/\/www.versiegelung24.com\/ro\/wp-json\/wp\/v2\/media\/14617"}],"wp:attachment":[{"href":"https:\/\/www.versiegelung24.com\/ro\/wp-json\/wp\/v2\/media?parent=175293"}],"wp:term":[{"taxonomy":"product_brand","embeddable":true,"href":"https:\/\/www.versiegelung24.com\/ro\/wp-json\/wp\/v2\/product_brand?post=175293"},{"taxonomy":"product_cat","embeddable":true,"href":"https:\/\/www.versiegelung24.com\/ro\/wp-json\/wp\/v2\/product_cat?post=175293"},{"taxonomy":"product_tag","embeddable":true,"href":"https:\/\/www.versiegelung24.com\/ro\/wp-json\/wp\/v2\/product_tag?post=175293"}],"curies":[{"name":"wp","href":"https:\/\/api.w.org\/{rel}","templated":true}]}}