{"id":181874,"date":"2025-07-31T12:51:03","date_gmt":"2025-07-31T10:51:15","guid":{"rendered":"https:\/\/www.versiegelung24.com\/?post_type=product&#038;p=181874"},"modified":"2025-09-05T13:58:09","modified_gmt":"2025-09-05T11:58:09","slug":"holzimpragnierung-silanbasis","status":"publish","type":"product","link":"https:\/\/www.versiegelung24.com\/ro\/holzimpragnierung-silanbasis.html","title":{"rendered":"Impregnarea lemnului &#8211; protec\u021bie natural\u0103 a lemnului pe baz\u0103 de silan"},"content":{"rendered":"\n<h2 class=\"wp-block-heading\" id=\"h-holzschutz-naturimpragnierung-auf-silanbasis-wasserbasierend\"><strong>Protec\u021bia lemnului: Impregnare natural\u0103 pe baz\u0103 de silan (pe baz\u0103 de ap\u0103)<\/strong><\/h2>\n\n<p>\u00cenalt\u0103 calitate Fabricat \u00een Germania.<\/p>\n\n<hr\/>\n\n<div class=\"wp-block-columns is-layout-flex wp-container-core-columns-is-layout-9d6595d7 wp-block-columns-is-layout-flex\">\n<div class=\"wp-block-column is-layout-flow wp-block-column-is-layout-flow\">\n<p>Impregnarea lemnului nostru este un sistem de impregnare pe baz\u0103 de silan gata de utilizare. Acesta stabilizeaz\u0103 lignina \u0219i, astfel, protejeaz\u0103 \u00een mod semnificativ lemnul de \u00eenc\u0103run\u021bire. Propriet\u0103\u021bile sale hidrofobe \u00eempiedic\u0103 p\u0103trunderea \u00een lemn a umidit\u0103\u021bii \u0219i a murd\u0103riei nedorite.  <\/p>\n\n\n\n<p><strong>Potrivit pentru:<\/strong> Lemn, alei, carporturi, pervazuri de ferestre, magazii de gr\u0103din\u0103, mobilier de gr\u0103din\u0103, lemn de construc\u021bie, fa\u021bade, jardiniere, terase, garduri \u0219i multe altele.<\/p>\n<\/div>\n\n\n\n<div class=\"wp-block-column is-layout-flow wp-block-column-is-layout-flow\">\n<figure class=\"wp-block-image size-large\"><img fetchpriority=\"high\" decoding=\"async\" width=\"1300\" height=\"851\" src=\"https:\/\/www.versiegelung24.com\/wp-content\/uploads\/2025\/07\/image-1300x851.png\" alt=\"\" class=\"wp-image-181965\" srcset=\"https:\/\/www.versiegelung24.com\/wp-content\/uploads\/2025\/07\/image-1300x851.png 1300w, https:\/\/www.versiegelung24.com\/wp-content\/uploads\/2025\/07\/image-300x196.png 300w, https:\/\/www.versiegelung24.com\/wp-content\/uploads\/2025\/07\/image-768x503.png 768w, https:\/\/www.versiegelung24.com\/wp-content\/uploads\/2025\/07\/image-1536x1006.png 1536w, https:\/\/www.versiegelung24.com\/wp-content\/uploads\/2025\/07\/image-600x393.png 600w, https:\/\/www.versiegelung24.com\/wp-content\/uploads\/2025\/07\/image.png 1784w\" sizes=\"(max-width: 1300px) 100vw, 1300px\" \/><\/figure>\n<\/div>\n<\/div>\n\n<h4 class=\"wp-block-heading\" id=\"properties\">Caracteristicile produsului<\/h4>\n\n<div class=\"wp-block-columns is-layout-flex wp-container-core-columns-is-layout-9d6595d7 wp-block-columns-is-layout-flex\">\n<div class=\"wp-block-column is-layout-flow wp-block-column-is-layout-flow\">\n<ul class=\"wp-block-list\">\n<li><strong>Colourfast<\/strong> &#8211; Protec\u021bie transparent\u0103 pentru p\u0103strarea culorii lemnului  <\/li>\n\n\n\n<li><strong>F\u0103r\u0103 produse petroliere<\/strong> &#8211; Formul\u0103 ecologic\u0103  <\/li>\n\n\n\n<li><strong>Primer \u0219i func\u021bie de protec\u021bie \u00eentr-un singur pas<\/strong> &#8211; Aplicare u\u0219oar\u0103  <\/li>\n\n\n\n<li><strong>Uscare foarte rapid\u0103<\/strong> &#8211; economie de timp la procesare  <\/li>\n\n\n\n<li><strong>Durabilitate<\/strong> &#8211; 2-5 ani (semnificativ mai mult dac\u0103 este utilizat \u00een interior)<\/li>\n\n\n\n<li><strong>Protec\u021bia cu lignin\u0103<\/strong> <strong>\u00eent\u00e2rzie<\/strong> semnificativ <strong>procesul de \u00eenc\u0103run\u021bire<\/strong> cu <strong>c\u00e2teva luni<\/strong>.<\/li>\n<\/ul>\n<\/div>\n\n\n\n<div class=\"wp-block-column is-layout-flow wp-block-column-is-layout-flow\">\n<ul class=\"wp-block-list\">\n<li><strong>F\u0103r\u0103 PFAS, PFOA \u0219i PFOS<\/strong><\/li>\n\n\n\n<li><strong>Protejeaz\u0103 \u00eempotriva \u00eenc\u0103run\u021birilor cauzate de lumina soarelui<\/strong> &#8211; protec\u021bie UV  <\/li>\n\n\n\n<li><strong>Repelent la ap\u0103 \u0219i murd\u0103rie<\/strong> &#8211; Propriet\u0103\u021bi hidrofobe  <\/li>\n\n\n\n<li><strong>Previne dezvoltarea algelor, mu\u0219chiului \u0219i lichenilor<\/strong> &#8211; Protec\u021bie de lung\u0103 durat\u0103  <\/li>\n\n\n\n<li><strong>Consum: 1 litru este suficient pentru aprox. 30 &#8211; 40 m\u00b2<\/strong> (\u00een func\u021bie de substrat)<\/li>\n\n\n\n<li>Aplica\u021bia este <strong>preferat\u0103 pentru<\/strong> suprafe\u021bele <strong>verticale<\/strong> din lemn de deasupra (garduri din lemn, &#8230; ) \u0219i de sub gazon (st\u00e2lpi din lemn)<\/li>\n<\/ul>\n<\/div>\n<\/div>\n\n<p>Domeniul de aplicare: 1 x sticl\u0103 de un litru, 1 x pomp\u0103 de pulverizare<br\/><\/p>\n\n<hr\/>\n\n<h4 class=\"wp-block-heading\" id=\"application\">Aplica\u021bie<\/h4>\n\n<div class=\"wp-block-columns is-layout-flex wp-container-core-columns-is-layout-9d6595d7 wp-block-columns-is-layout-flex\">\n<div class=\"wp-block-column is-layout-flow wp-block-column-is-layout-flow\">\n<p><strong>Preg\u0103tirea:<\/strong><\/p>\n\n\n\n<ul class=\"wp-block-list\">\n<li>Agita\u021bi energic timp de 1 minut \u00eenainte de utilizare.<\/li>\n\n\n\n<li>Suprafe\u021bele care urmeaz\u0103 s\u0103 fie tratate trebuie s\u0103 fie curate, complet uscate \u0219i f\u0103r\u0103 praf \u0219i nu trebuie s\u0103 fi fost tratate \u00een prealabil cu alte acoperiri.<\/li>\n\n\n\n<li>Contaminarea cauzat\u0103 de vopsea, gr\u0103sime, ulei sau cre\u0219tere organic\u0103 (alge, licheni, mu\u0219chi) trebuie \u00eendep\u0103rtat\u0103 \u00een prealabil.<\/li>\n<\/ul>\n\n\n\n<p><strong>Cerere:<\/strong><\/p>\n\n\n\n<ul class=\"wp-block-list\">\n<li><strong>Metoda recomandat\u0103:<\/strong> Produsul trebuie pulverizat de preferin\u021b\u0103 cu ajutorul unui pulverizator\/pulverizator cu pomp\u0103 de joas\u0103 presiune.<\/li>\n\n\n\n<li>Regla\u021bi distan\u021ba p\u00e2n\u0103 la suprafa\u021b\u0103 \u00een func\u021bie de puterea pulverizatorului dvs.<\/li>\n\n\n\n<li>Suprafa\u021ba trebuie s\u0103 dea o impresie uniform\u0103, umed\u0103-umed\u0103.<\/li>\n\n\n\n<li><strong>Alternativ\u0103:<\/strong> Este posibil\u0103 aplicarea cu o perie\/rolet\u0103, dar trebuie testat\u0103 \u00een prealabil pe o suprafa\u021b\u0103 mic\u0103. Evita\u021bi formarea de b\u0103l\u021bi! <\/li>\n<\/ul>\n\n\n\n<p><strong>Procesare:<\/strong><\/p>\n\n\n\n<ul class=\"wp-block-list\">\n<li>Pulveriza\u021bi de cel pu\u021bin dou\u0103 ori pe suprafa\u021ba care urmeaz\u0103 s\u0103 fie tratat\u0103 pentru a ob\u021bine o acoperire optim\u0103.<\/li>\n\n\n\n<li>\u00cen func\u021bie de capacitatea de absorb\u021bie a substratului \u0219i de cerin\u021be, acest proces poate fi repetat dup\u0103 ce primul strat s-a uscat.<\/li>\n\n\n\n<li>Dac\u0103 s-a aplicat prea mult produs pe o suprafa\u021b\u0103, acesta poate fi \u00eendep\u0103rtat cu o c\u00e2rp\u0103 umed\u0103 \u00een timp ce este \u00eenc\u0103 umed.<\/li>\n\n\n\n<li>Uneltele utilizate trebuie cur\u0103\u021bate cu mult\u0103 ap\u0103 dup\u0103 utilizare.<\/li>\n<\/ul>\n\n\n\n<p><strong>Timp de uscare:<\/strong><\/p>\n\n\n\n<ul class=\"wp-block-list\">\n<li>L\u0103sa\u021bi produsul s\u0103 ac\u021bioneze timp de cel pu\u021bin 30 de minute.<\/li>\n\n\n\n<li>Timpul complet de \u00eent\u0103rire este de aproximativ 6 &#8211; 12 ore.<\/li>\n\n\n\n<li>\u00cen acest timp, suprafa\u021ba trebuie s\u0103 r\u0103m\u00e2n\u0103 uscat\u0103 \u0219i s\u0103 nu fie supus\u0103 la stres.<\/li>\n<\/ul>\n\n\n\n<p><strong>\u00cengrijirea \u0219i cur\u0103\u021barea suprafe\u021bei impregnate:<\/strong><\/p>\n\n\n\n<ul class=\"wp-block-list\">\n<li>Cur\u0103\u021ba\u021bi suprafe\u021bele numai cu ap\u0103 sau cu un detergent organic u\u0219or, de ex. <a href=\"https:\/\/www.versiegelung24.com\/ro\/biosativa-biologica-pre-curatatoare.html\">detergentul nostru organic BIOSATIVA\u00ae &#8211; 100% natural &#8211; 100% organic.<\/a> <\/li>\n\n\n\n<li>Agen\u021bii de cur\u0103\u021bare agresivi (detergen\u021bi chimici, tampoane de cur\u0103\u021bat etc.) nu sunt necesari \u0219i ar afecta func\u021bia de protec\u021bie.<\/li>\n\n\n\n<li>Cur\u0103\u021barea delicat\u0103 \u0219i \u00eengrijirea regulat\u0103 duc la o durabilitate mai mare \u0219i la un aspect frumos de lung\u0103 durat\u0103.<\/li>\n<\/ul>\n\n\n\n<p><strong>Depozitare:<\/strong><\/p>\n\n\n\n<ul class=\"wp-block-list\">\n<li>A se p\u0103stra \u00eentr-un loc uscat \u0219i ferit de \u00eenghe\u021b, la 5 &#8211; 25\u00b0C.<\/li>\n\n\n\n<li>Stabil pentru cel pu\u021bin 24 de luni \u00een recipientul original nedeschis, dac\u0103 este depozitat corespunz\u0103tor.<\/li>\n<\/ul>\n<\/div>\n<\/div>\n\n<h2 class=\"wp-block-heading\" id=\"h-galerie\">Galerie<\/h2>\n\n<div class=\"wp-block-getwid-images-slider gallery-wood has-arrows-inside has-dots-inside has-images-center has-fitted-images has-fixed-height\"><div class=\"wp-block-getwid-images-slider__wrapper\" data-effect=\"slide\" data-slides-show=\"1\" data-slides-show-laptop=\"1\" data-slides-show-tablet=\"1\" data-slides-show-mobile=\"1\" data-slides-scroll=\"1\" data-autoplay=\"true\" data-pause-hover=\"true\" data-autoplay-speed=\"3000\" data-infinite=\"true\" data-animation-speed=\"800\" data-center-mode=\"false\" data-variable-width=\"false\" data-arrows=\"inside\" data-dots=\"inside\" data-spacing=\"none\"><div class=\"wp-block-getwid-images-slider__item\" style=\"height:500px\"><figure><img decoding=\"async\" width=\"1634\" height=\"1620\" src=\"https:\/\/www.versiegelung24.com\/wp-content\/uploads\/2025\/07\/Holzimpraegnierung-pfloecke.png\" data-id=\"181994\" data-link=\"https:\/\/www.versiegelung24.com\/holzversiegelung-in-profi-qualitaet-kopie.html\/attachment\/holzimpraegnierung-pfloecke\/\" data-original-link=\"https:\/\/www.versiegelung24.com\/wp-content\/uploads\/2025\/07\/Holzimpraegnierung-pfloecke.png\" class=\"wp-block-getwid-images-slider__image wp-image-181994\" srcset=\"https:\/\/www.versiegelung24.com\/wp-content\/uploads\/2025\/07\/Holzimpraegnierung-pfloecke.png 1634w, https:\/\/www.versiegelung24.com\/wp-content\/uploads\/2025\/07\/Holzimpraegnierung-pfloecke-300x297.png 300w, https:\/\/www.versiegelung24.com\/wp-content\/uploads\/2025\/07\/Holzimpraegnierung-pfloecke-1300x1289.png 1300w, https:\/\/www.versiegelung24.com\/wp-content\/uploads\/2025\/07\/Holzimpraegnierung-pfloecke-80x80.png 80w, https:\/\/www.versiegelung24.com\/wp-content\/uploads\/2025\/07\/Holzimpraegnierung-pfloecke-768x761.png 768w, https:\/\/www.versiegelung24.com\/wp-content\/uploads\/2025\/07\/Holzimpraegnierung-pfloecke-1536x1523.png 1536w, https:\/\/www.versiegelung24.com\/wp-content\/uploads\/2025\/07\/Holzimpraegnierung-pfloecke-70x70.png 70w, https:\/\/www.versiegelung24.com\/wp-content\/uploads\/2025\/07\/Holzimpraegnierung-pfloecke-600x595.png 600w, https:\/\/www.versiegelung24.com\/wp-content\/uploads\/2025\/07\/Holzimpraegnierung-pfloecke-100x100.png 100w\" sizes=\"(max-width: 1634px) 100vw, 1634px\" \/><\/figure><\/div><div class=\"wp-block-getwid-images-slider__item\" style=\"height:500px\"><figure><img decoding=\"async\" width=\"1726\" height=\"1252\" src=\"https:\/\/www.versiegelung24.com\/wp-content\/uploads\/2025\/07\/Holzimpraegnierung-bank.png\" data-id=\"182022\" data-link=\"https:\/\/www.versiegelung24.com\/holzversiegelung-in-profi-qualitaet-kopie.html\/attachment\/holzimpraegnierung-bank\/\" data-original-link=\"https:\/\/www.versiegelung24.com\/wp-content\/uploads\/2025\/07\/Holzimpraegnierung-bank.png\" class=\"wp-block-getwid-images-slider__image wp-image-182022\" srcset=\"https:\/\/www.versiegelung24.com\/wp-content\/uploads\/2025\/07\/Holzimpraegnierung-bank.png 1726w, https:\/\/www.versiegelung24.com\/wp-content\/uploads\/2025\/07\/Holzimpraegnierung-bank-300x218.png 300w, https:\/\/www.versiegelung24.com\/wp-content\/uploads\/2025\/07\/Holzimpraegnierung-bank-1300x943.png 1300w, https:\/\/www.versiegelung24.com\/wp-content\/uploads\/2025\/07\/Holzimpraegnierung-bank-768x557.png 768w, https:\/\/www.versiegelung24.com\/wp-content\/uploads\/2025\/07\/Holzimpraegnierung-bank-1536x1114.png 1536w, https:\/\/www.versiegelung24.com\/wp-content\/uploads\/2025\/07\/Holzimpraegnierung-bank-600x435.png 600w\" sizes=\"(max-width: 1726px) 100vw, 1726px\" \/><\/figure><\/div><div class=\"wp-block-getwid-images-slider__item\" style=\"height:500px\"><figure><img loading=\"lazy\" decoding=\"async\" width=\"1982\" height=\"1274\" src=\"https:\/\/www.versiegelung24.com\/wp-content\/uploads\/2025\/07\/Holzimpraegnierung-eigenschaften.png\" data-id=\"182050\" data-link=\"https:\/\/www.versiegelung24.com\/holzversiegelung-in-profi-qualitaet-kopie.html\/attachment\/holzimpraegnierung-eigenschaften\/\" data-original-link=\"https:\/\/www.versiegelung24.com\/wp-content\/uploads\/2025\/07\/Holzimpraegnierung-eigenschaften.png\" class=\"wp-block-getwid-images-slider__image wp-image-182050\" srcset=\"https:\/\/www.versiegelung24.com\/wp-content\/uploads\/2025\/07\/Holzimpraegnierung-eigenschaften.png 1982w, https:\/\/www.versiegelung24.com\/wp-content\/uploads\/2025\/07\/Holzimpraegnierung-eigenschaften-300x193.png 300w, https:\/\/www.versiegelung24.com\/wp-content\/uploads\/2025\/07\/Holzimpraegnierung-eigenschaften-1300x836.png 1300w, https:\/\/www.versiegelung24.com\/wp-content\/uploads\/2025\/07\/Holzimpraegnierung-eigenschaften-768x494.png 768w, https:\/\/www.versiegelung24.com\/wp-content\/uploads\/2025\/07\/Holzimpraegnierung-eigenschaften-1536x987.png 1536w, https:\/\/www.versiegelung24.com\/wp-content\/uploads\/2025\/07\/Holzimpraegnierung-eigenschaften-600x386.png 600w\" sizes=\"(max-width: 1982px) 100vw, 1982px\" \/><\/figure><\/div><\/div><\/div>\n\n<p><\/p>\n","protected":false},"excerpt":{"rendered":"<p><strong>Etan\u0219ant extrem de eficient pentru suprafe\u021be interioare \u0219i exterioare din lemn<\/strong><\/p>\n<p>\u2713 Culoare rezistent\u0103 \u0219i protec\u021bie \u00eempotriva \u00eenc\u0103run\u021birilor<\/p>\n<p>\u2713 Repelent la ap\u0103 \u0219i murd\u0103rie<\/p>\n<p>\u2713 Amorsare \u0219i protec\u021bie \u00eentr-un singur pas<\/p>\n<p>\u2713 F\u0103r\u0103 PFAS, PFOA \u0219i PFOS<\/p>\n<p>&nbsp;<\/p>\n","protected":false},"featured_media":183273,"template":"","meta":{"_acf_changed":false,"neve_meta_sidebar":"","neve_meta_container":"","neve_meta_enable_content_width":"","neve_meta_content_width":0,"neve_meta_title_alignment":"","neve_meta_author_avatar":"","neve_post_elements_order":"","neve_meta_disable_header":"","neve_meta_disable_footer":"","neve_meta_disable_title":"","neve_meta_reading_time":"","_surfaces":[],"_ver_product_tabs":null,"footnotes":""},"product_brand":[],"product_cat":[2450],"product_tag":[],"class_list":{"0":"post-181874","1":"product","2":"type-product","3":"status-publish","4":"has-post-thumbnail","6":"product_cat-etansarea-lemnului","7":"pa_gebinde-flacon-spray-cu-pompa-de-125-ml","8":"pa_gebinde-flacon-de-reumplere-de-1000-ml","9":"pa_gebinde-canister-de-20-l","10":"pa_gebinde-bidon-de-10l","11":"pa_gebinde-set-de-actiune-cu-flacon-de-100ml","12":"pa_gebinde-flacon-de-50-ml-ro","13":"pa_gebinde-set-de-actiune-cu-flacon-de-50-ml","14":"pa_gebinde-flacon-de-100-ml-ro","15":"pa_gebinde-sticla-de-150-ml","16":"pa_gebinde-flacon-de-500-ml-ro","17":"pa_gebinde-flacon-de-200-ml","18":"pa_gebinde-sticla-de-1000-ml","19":"pa_gebinde-canistra-de-5l","20":"pa_gebinde-sticla-de-10-ml","21":"pa_gebinde-sticla-de-5-ml","23":"first","24":"instock","25":"taxable","26":"shipping-taxable","27":"purchasable","28":"product-type-variable","29":"has-default-attributes"},"acf":[],"yoast_head":"<!-- This site is optimized with the Yoast SEO Premium plugin v22.8 (Yoast SEO v27.5) - https:\/\/yoast.com\/product\/yoast-seo-premium-wordpress\/ -->\n<title>Impregnarea lemnului - protec\u021bie natural\u0103 a lemnului pe baz\u0103 de silan - versiegelung24.com<\/title>\n<meta name=\"robots\" content=\"index, follow, max-snippet:-1, max-image-preview:large, max-video-preview:-1\" \/>\n<link rel=\"canonical\" href=\"https:\/\/www.versiegelung24.com\/ro\/holzimpragnierung-silanbasis.html\" \/>\n<meta property=\"og:locale\" content=\"ro_RO\" \/>\n<meta property=\"og:type\" content=\"article\" \/>\n<meta property=\"og:title\" content=\"Impregnarea lemnului - protec\u021bie natural\u0103 a lemnului pe baz\u0103 de silan\" \/>\n<meta property=\"og:description\" content=\"Etan\u0219ant extrem de eficient pentru suprafe\u021be interioare \u0219i exterioare din lemn \u2713 Culoare rezistent\u0103 \u0219i protec\u021bie \u00eempotriva \u00eenc\u0103run\u021birilor \u2713 Repelent la ap\u0103 \u0219i murd\u0103rie \u2713 Amorsare \u0219i protec\u021bie \u00eentr-un singur pas \u2713 F\u0103r\u0103 PFAS, PFOA \u0219i PFOS &nbsp;\" \/>\n<meta property=\"og:url\" content=\"https:\/\/www.versiegelung24.com\/ro\/holzimpragnierung-silanbasis.html\" \/>\n<meta property=\"og:site_name\" content=\"versiegelung24.com\" \/>\n<meta property=\"article:modified_time\" content=\"2025-09-05T11:58:09+00:00\" \/>\n<meta property=\"og:image\" content=\"https:\/\/www.versiegelung24.com\/wp-content\/uploads\/2025\/07\/V24-Holzimpraegnierung-4008-693.jpg\" \/>\n\t<meta property=\"og:image:width\" content=\"2560\" \/>\n\t<meta property=\"og:image:height\" content=\"2560\" \/>\n\t<meta property=\"og:image:type\" content=\"image\/jpeg\" \/>\n<meta name=\"twitter:card\" content=\"summary_large_image\" \/>\n<meta name=\"twitter:label1\" content=\"Disponibilitate\" \/>\n\t<meta name=\"twitter:data1\" content=\"\u00cen stoc\" \/>\n<script type=\"application\/ld+json\" class=\"yoast-schema-graph\">{\"@context\":\"https:\\\/\\\/schema.org\",\"@graph\":[{\"@type\":\"WebPage\",\"@id\":\"https:\\\/\\\/www.versiegelung24.com\\\/ro\\\/holzimpragnierung-silanbasis.html\",\"url\":\"https:\\\/\\\/www.versiegelung24.com\\\/ro\\\/holzimpragnierung-silanbasis.html\",\"name\":\"Impregnarea lemnului - protec\u021bie natural\u0103 a lemnului pe baz\u0103 de silan - versiegelung24.com\",\"isPartOf\":{\"@id\":\"https:\\\/\\\/www.versiegelung24.com\\\/ro\\\/#website\"},\"primaryImageOfPage\":{\"@id\":\"https:\\\/\\\/www.versiegelung24.com\\\/ro\\\/holzimpragnierung-silanbasis.html#primaryimage\"},\"image\":{\"@id\":\"https:\\\/\\\/www.versiegelung24.com\\\/ro\\\/holzimpragnierung-silanbasis.html#primaryimage\"},\"thumbnailUrl\":\"https:\\\/\\\/www.versiegelung24.com\\\/wp-content\\\/uploads\\\/2025\\\/07\\\/V24-Holzimpraegnierung-4008-693.jpg\",\"datePublished\":\"2025-07-31T10:51:15+00:00\",\"dateModified\":\"2025-09-05T11:58:09+00:00\",\"breadcrumb\":{\"@id\":\"https:\\\/\\\/www.versiegelung24.com\\\/ro\\\/holzimpragnierung-silanbasis.html#breadcrumb\"},\"inLanguage\":\"ro-RO\",\"potentialAction\":[{\"@type\":\"ReadAction\",\"target\":[\"https:\\\/\\\/www.versiegelung24.com\\\/ro\\\/holzimpragnierung-silanbasis.html\"]}]},{\"@type\":\"ImageObject\",\"inLanguage\":\"ro-RO\",\"@id\":\"https:\\\/\\\/www.versiegelung24.com\\\/ro\\\/holzimpragnierung-silanbasis.html#primaryimage\",\"url\":\"https:\\\/\\\/www.versiegelung24.com\\\/wp-content\\\/uploads\\\/2025\\\/07\\\/V24-Holzimpraegnierung-4008-693.jpg\",\"contentUrl\":\"https:\\\/\\\/www.versiegelung24.com\\\/wp-content\\\/uploads\\\/2025\\\/07\\\/V24-Holzimpraegnierung-4008-693.jpg\",\"width\":2560,\"height\":2560},{\"@type\":\"BreadcrumbList\",\"@id\":\"https:\\\/\\\/www.versiegelung24.com\\\/ro\\\/holzimpragnierung-silanbasis.html#breadcrumb\",\"itemListElement\":[{\"@type\":\"ListItem\",\"position\":1,\"name\":\"Pagina de start\",\"item\":\"https:\\\/\\\/www.versiegelung24.com\\\/ro\\\/fata\\\/\"},{\"@type\":\"ListItem\",\"position\":2,\"name\":\"Magazin\",\"item\":\"https:\\\/\\\/www.versiegelung24.com\\\/ro\\\/magazin_ro\\\/\"},{\"@type\":\"ListItem\",\"position\":3,\"name\":\"Impregnarea lemnului &#8211; protec\u021bie natural\u0103 a lemnului pe baz\u0103 de silan\"}]},{\"@type\":\"WebSite\",\"@id\":\"https:\\\/\\\/www.versiegelung24.com\\\/ro\\\/#website\",\"url\":\"https:\\\/\\\/www.versiegelung24.com\\\/ro\\\/\",\"name\":\"versiegelung24.com\",\"description\":\"Fl\u00fcssigglas-Versiegelung - Made in Germany\",\"publisher\":{\"@id\":\"https:\\\/\\\/www.versiegelung24.com\\\/ro\\\/#organization\"},\"potentialAction\":[{\"@type\":\"SearchAction\",\"target\":{\"@type\":\"EntryPoint\",\"urlTemplate\":\"https:\\\/\\\/www.versiegelung24.com\\\/ro\\\/?s={search_term_string}\"},\"query-input\":{\"@type\":\"PropertyValueSpecification\",\"valueRequired\":true,\"valueName\":\"search_term_string\"}}],\"inLanguage\":\"ro-RO\"},{\"@type\":\"Organization\",\"@id\":\"https:\\\/\\\/www.versiegelung24.com\\\/ro\\\/#organization\",\"name\":\"versiegelung24\",\"url\":\"https:\\\/\\\/www.versiegelung24.com\\\/ro\\\/\",\"logo\":{\"@type\":\"ImageObject\",\"inLanguage\":\"ro-RO\",\"@id\":\"https:\\\/\\\/www.versiegelung24.com\\\/ro\\\/#\\\/schema\\\/logo\\\/image\\\/\",\"url\":\"https:\\\/\\\/www.versiegelung24.com\\\/wp-content\\\/uploads\\\/2020\\\/04\\\/versiegelung24.png\",\"contentUrl\":\"https:\\\/\\\/www.versiegelung24.com\\\/wp-content\\\/uploads\\\/2020\\\/04\\\/versiegelung24.png\",\"width\":470,\"height\":102,\"caption\":\"versiegelung24\"},\"image\":{\"@id\":\"https:\\\/\\\/www.versiegelung24.com\\\/ro\\\/#\\\/schema\\\/logo\\\/image\\\/\"}}]}<\/script>\n<meta property=\"og:availability\" content=\"instock\" \/>\n<meta property=\"product:availability\" content=\"instock\" \/>\n<meta property=\"product:retailer_item_id\" content=\"4008-693\" \/>\n<meta property=\"product:condition\" content=\"new\" \/>\n<!-- \/ Yoast SEO Premium plugin. -->","yoast_head_json":{"title":"Impregnarea lemnului - protec\u021bie natural\u0103 a lemnului pe baz\u0103 de silan - versiegelung24.com","robots":{"index":"index","follow":"follow","max-snippet":"max-snippet:-1","max-image-preview":"max-image-preview:large","max-video-preview":"max-video-preview:-1"},"canonical":"https:\/\/www.versiegelung24.com\/ro\/holzimpragnierung-silanbasis.html","og_locale":"ro_RO","og_type":"article","og_title":"Impregnarea lemnului - protec\u021bie natural\u0103 a lemnului pe baz\u0103 de silan","og_description":"Etan\u0219ant extrem de eficient pentru suprafe\u021be interioare \u0219i exterioare din lemn \u2713 Culoare rezistent\u0103 \u0219i protec\u021bie \u00eempotriva \u00eenc\u0103run\u021birilor \u2713 Repelent la ap\u0103 \u0219i murd\u0103rie \u2713 Amorsare \u0219i protec\u021bie \u00eentr-un singur pas \u2713 F\u0103r\u0103 PFAS, PFOA \u0219i PFOS &nbsp;","og_url":"https:\/\/www.versiegelung24.com\/ro\/holzimpragnierung-silanbasis.html","og_site_name":"versiegelung24.com","article_modified_time":"2025-09-05T11:58:09+00:00","og_image":[{"width":2560,"height":2560,"url":"https:\/\/www.versiegelung24.com\/wp-content\/uploads\/2025\/07\/V24-Holzimpraegnierung-4008-693.jpg","type":"image\/jpeg"}],"twitter_card":"summary_large_image","twitter_misc":{"Disponibilitate":"\u00cen stoc"},"schema":{"@context":"https:\/\/schema.org","@graph":[{"@type":"WebPage","@id":"https:\/\/www.versiegelung24.com\/ro\/holzimpragnierung-silanbasis.html","url":"https:\/\/www.versiegelung24.com\/ro\/holzimpragnierung-silanbasis.html","name":"Impregnarea lemnului - protec\u021bie natural\u0103 a lemnului pe baz\u0103 de silan - versiegelung24.com","isPartOf":{"@id":"https:\/\/www.versiegelung24.com\/ro\/#website"},"primaryImageOfPage":{"@id":"https:\/\/www.versiegelung24.com\/ro\/holzimpragnierung-silanbasis.html#primaryimage"},"image":{"@id":"https:\/\/www.versiegelung24.com\/ro\/holzimpragnierung-silanbasis.html#primaryimage"},"thumbnailUrl":"https:\/\/www.versiegelung24.com\/wp-content\/uploads\/2025\/07\/V24-Holzimpraegnierung-4008-693.jpg","datePublished":"2025-07-31T10:51:15+00:00","dateModified":"2025-09-05T11:58:09+00:00","breadcrumb":{"@id":"https:\/\/www.versiegelung24.com\/ro\/holzimpragnierung-silanbasis.html#breadcrumb"},"inLanguage":"ro-RO","potentialAction":[{"@type":"ReadAction","target":["https:\/\/www.versiegelung24.com\/ro\/holzimpragnierung-silanbasis.html"]}]},{"@type":"ImageObject","inLanguage":"ro-RO","@id":"https:\/\/www.versiegelung24.com\/ro\/holzimpragnierung-silanbasis.html#primaryimage","url":"https:\/\/www.versiegelung24.com\/wp-content\/uploads\/2025\/07\/V24-Holzimpraegnierung-4008-693.jpg","contentUrl":"https:\/\/www.versiegelung24.com\/wp-content\/uploads\/2025\/07\/V24-Holzimpraegnierung-4008-693.jpg","width":2560,"height":2560},{"@type":"BreadcrumbList","@id":"https:\/\/www.versiegelung24.com\/ro\/holzimpragnierung-silanbasis.html#breadcrumb","itemListElement":[{"@type":"ListItem","position":1,"name":"Pagina de start","item":"https:\/\/www.versiegelung24.com\/ro\/fata\/"},{"@type":"ListItem","position":2,"name":"Magazin","item":"https:\/\/www.versiegelung24.com\/ro\/magazin_ro\/"},{"@type":"ListItem","position":3,"name":"Impregnarea lemnului &#8211; protec\u021bie natural\u0103 a lemnului pe baz\u0103 de silan"}]},{"@type":"WebSite","@id":"https:\/\/www.versiegelung24.com\/ro\/#website","url":"https:\/\/www.versiegelung24.com\/ro\/","name":"versiegelung24.com","description":"Fl\u00fcssigglas-Versiegelung - Made in Germany","publisher":{"@id":"https:\/\/www.versiegelung24.com\/ro\/#organization"},"potentialAction":[{"@type":"SearchAction","target":{"@type":"EntryPoint","urlTemplate":"https:\/\/www.versiegelung24.com\/ro\/?s={search_term_string}"},"query-input":{"@type":"PropertyValueSpecification","valueRequired":true,"valueName":"search_term_string"}}],"inLanguage":"ro-RO"},{"@type":"Organization","@id":"https:\/\/www.versiegelung24.com\/ro\/#organization","name":"versiegelung24","url":"https:\/\/www.versiegelung24.com\/ro\/","logo":{"@type":"ImageObject","inLanguage":"ro-RO","@id":"https:\/\/www.versiegelung24.com\/ro\/#\/schema\/logo\/image\/","url":"https:\/\/www.versiegelung24.com\/wp-content\/uploads\/2020\/04\/versiegelung24.png","contentUrl":"https:\/\/www.versiegelung24.com\/wp-content\/uploads\/2020\/04\/versiegelung24.png","width":470,"height":102,"caption":"versiegelung24"},"image":{"@id":"https:\/\/www.versiegelung24.com\/ro\/#\/schema\/logo\/image\/"}}]},"og_availability":"instock","product_availability":"instock","product_retailer_item_id":"4008-693","product_condition":"new"},"_links":{"self":[{"href":"https:\/\/www.versiegelung24.com\/ro\/wp-json\/wp\/v2\/product\/181874","targetHints":{"allow":["GET"]}}],"collection":[{"href":"https:\/\/www.versiegelung24.com\/ro\/wp-json\/wp\/v2\/product"}],"about":[{"href":"https:\/\/www.versiegelung24.com\/ro\/wp-json\/wp\/v2\/types\/product"}],"version-history":[{"count":4,"href":"https:\/\/www.versiegelung24.com\/ro\/wp-json\/wp\/v2\/product\/181874\/revisions"}],"predecessor-version":[{"id":182829,"href":"https:\/\/www.versiegelung24.com\/ro\/wp-json\/wp\/v2\/product\/181874\/revisions\/182829"}],"wp:featuredmedia":[{"embeddable":true,"href":"https:\/\/www.versiegelung24.com\/ro\/wp-json\/wp\/v2\/media\/183273"}],"wp:attachment":[{"href":"https:\/\/www.versiegelung24.com\/ro\/wp-json\/wp\/v2\/media?parent=181874"}],"wp:term":[{"taxonomy":"product_brand","embeddable":true,"href":"https:\/\/www.versiegelung24.com\/ro\/wp-json\/wp\/v2\/product_brand?post=181874"},{"taxonomy":"product_cat","embeddable":true,"href":"https:\/\/www.versiegelung24.com\/ro\/wp-json\/wp\/v2\/product_cat?post=181874"},{"taxonomy":"product_tag","embeddable":true,"href":"https:\/\/www.versiegelung24.com\/ro\/wp-json\/wp\/v2\/product_tag?post=181874"}],"curies":[{"name":"wp","href":"https:\/\/api.w.org\/{rel}","templated":true}]}}