{"id":183003,"date":"2025-08-28T14:07:51","date_gmt":"2025-08-28T12:07:51","guid":{"rendered":"https:\/\/www.versiegelung24.com\/?post_type=product&#038;p=183003"},"modified":"2025-09-08T16:04:16","modified_gmt":"2025-09-08T14:04:16","slug":"permanent-protector-646","status":"publish","type":"product","link":"https:\/\/www.versiegelung24.com\/ro\/permanent-protector-646.html","title":{"rendered":"Protec\u021bie permanent\u0103 646 5M"},"content":{"rendered":"\n<p>Permanent Protect 646 Ultra Thin este un etan\u0219ant ceramic de \u00eenalt\u0103 calitate pentru acoperirea permanent\u0103 a suprafe\u021belor netede, cum ar fi metal, sticl\u0103, plastic sau materiale vopsite. Stratul protector ultra-sub\u021bire \u0219i transparent ofer\u0103 o rezisten\u021b\u0103 excep\u021bional\u0103 la murd\u0103rie, substan\u021be chimice, radia\u021bii UV \u0219i influen\u021be mecanice. Datorit\u0103 propriet\u0103\u021bilor sale hidrofobe \u0219i oleofobe, etan\u0219antul ofer\u0103 un efect de lung\u0103 durat\u0103, u\u0219or de cur\u0103\u021bat.  <\/p>\n\n<p>Ideal pentru aplica\u021bii auto \u0219i marine, ca strat anti-graffiti sau pentru finisarea suprafe\u021belor vopsite de \u00eenalt\u0103 calitate &#8211; Permanent Protect 646 Ultra Thin stabile\u0219te noi standarde \u00een ceea ce prive\u0219te protec\u021bia \u0219i durabilitatea suprafe\u021belor.<\/p>\n\n<hr class=\"wp-block-separator has-text-color has-css-opacity has-background is-style-wide\" style=\"background-color:#e1e1e1;color:#e1e1e1\"\/>\n\n<h2 class=\"wp-block-heading\" id=\"properties\">Caracteristicile produsului<\/h2>\n\n<div class=\"wp-block-columns is-layout-flex wp-container-core-columns-is-layout-9d6595d7 wp-block-columns-is-layout-flex\">\n<div class=\"wp-block-column is-layout-flow wp-block-column-is-layout-flow\">\n<ul id=\"block-5ec6b591-a82a-45bd-aa1b-599082db3ae8\" class=\"wp-block-list\">\n<li><strong>Efect hidrofob \u0219i oleofob pronun\u021bat<\/strong> &#8211; repelent la ap\u0103 \u0219i ulei<\/li>\n\n\n\n<li><strong>Efect u\u0219or de cur\u0103\u021bat<\/strong> &#8211; murd\u0103ria poate fi \u00eendep\u0103rtat\u0103 cu u\u0219urin\u021b\u0103<\/li>\n\n\n\n<li><strong>Rezisten\u021b\u0103 ridicat\u0103 la abraziune<\/strong> &#8211; aderen\u021b\u0103 chimic\u0103 permanent\u0103 la substrat<\/li>\n\n\n\n<li><strong>Rezistent la temperatur\u0103 \u0219i UV<\/strong> &#8211; potrivit pentru aplica\u021bii \u00een exterior<\/li>\n\n\n\n<li><strong>Respirabil<\/strong> &#8211; deschis la difuzie<\/li>\n\n\n\n<li><strong>Durabilitate <\/strong>&#8211; 2-5 ani pentru utilizare \u00een exterior, semnificativ mai mult pentru utilizare \u00een interior  <\/li>\n\n\n\n<li><strong>Consum <\/strong>&#8211; 5-10ml\/m\u00b2 (=&gt; p\u00e2n\u0103 la 200 m\u00b2 per litru)<\/li>\n\n\n\n<li><strong>Rezistent la mul\u021bi detergen\u021bi de uz casnic obi\u0219nui\u021bi<\/strong> (cu excep\u021bia solu\u021biilor alcaline concentrate)<\/li>\n\n\n\n<li><strong>Pe baz\u0103 de solven\u021bi<\/strong> (aproximativ 60 % con\u021binut de ingredient activ)<\/li>\n<\/ul>\n<\/div>\n\n\n\n<div class=\"wp-block-column is-layout-flow wp-block-column-is-layout-flow\">\n<ul id=\"block-6091e271-3752-4132-9f5b-206019bd2d6b\" class=\"wp-block-list\">\n<li><strong>Propriet\u0103\u021bi antigraffiti foarte bune<\/strong> pe suprafe\u021be neporoase<\/li>\n\n\n\n<li><strong>Structura stratului ceramic<\/strong> &#8211; rezistent la c\u0103ldur\u0103 p\u00e2n\u0103 la 600 \u00b0C (integritatea filmului), 300 \u00b0C f\u0103r\u0103 decolorare<\/li>\n\n\n\n<li><strong>Grosimea stratului sub\u021bire<\/strong>: aprox. 0,5-2 \u03bcm<\/li>\n\n\n\n<li><strong>Con\u021bine COV<\/strong> (propionat de butil)<\/li>\n\n\n\n<li><strong>Efect biostatic<\/strong> &#8211; inhib\u0103 cre\u0219terea microorganismelorextrem de mult  <\/li>\n\n\n\n<li><strong>Culoare<\/strong> &#8211; Incolor\u0103 p\u00e2n\u0103 la u\u0219or g\u0103lbuie<\/li>\n\n\n\n<li><strong>Not\u0103 PFAS <\/strong>&#8211; f\u0103r\u0103 PFOA \u0219i PFOS. Con\u021binutul de fluor este sub valorile limit\u0103 legale \u00een conformitate cu Regulamentul UE 2024\/2462. Aditivii fluorura\u021bi utiliza\u021bi servesc exclusiv la optimizarea capacit\u0103\u021bii de respingere a murd\u0103riei  <\/li>\n<\/ul>\n<\/div>\n<\/div>\n\n<hr class=\"wp-block-separator has-text-color has-background is-style-wide\" style=\"background-color:#e1e1e1;color:#e1e1e1\"\/>\n\n<h2 class=\"wp-block-heading\" id=\"application\">Domenii de aplicare<\/h2>\n\n<div class=\"wp-block-columns is-layout-flex wp-container-core-columns-is-layout-9d6595d7 wp-block-columns-is-layout-flex\">\n<div class=\"wp-block-column is-layout-flow wp-block-column-is-layout-flow\">\n<ul id=\"block-6091e271-3752-4132-9f5b-206019bd2d6b\" class=\"wp-block-list\">\n<li>Acoperirea suprafe\u021belor vehiculelor (de exemplu, caroserii, jante)<\/li>\n\n\n\n<li>Acoperiri u\u0219or de cur\u0103\u021bat pentru suprafe\u021be interioare \u0219i exterioare<\/li>\n\n\n\n<li>Acoperiri de protec\u021bie durabile \u00een sectorul marin<\/li>\n<\/ul>\n<\/div>\n\n\n\n<div class=\"wp-block-column is-layout-flow wp-block-column-is-layout-flow\">\n<ul class=\"wp-block-list\">\n<li>Rafinarea vopselelor pentru iahturi \u0219i b\u0103rci<\/li>\n\n\n\n<li>Tratament ulterior pentru autovehicule (etan\u0219are ceramic\u0103)n<\/li>\n\n\n\n<li>Acoperiri anti-graffiti pe suprafe\u021be neporoase<\/li>\n<\/ul>\n<\/div>\n<\/div>\n\n<h2 class=\"wp-block-heading\" id=\"h-anwendung\">Aplica\u021bie<\/h2>\n\n<p><strong>Generalit\u0103\u021bi  <\/strong><\/p>\n\n<ol class=\"wp-block-list\">\n<li><a href=\"https:\/\/www.versiegelung24.com\/ro\/biosativa-biologica-pre-curatatoare.html\">Cur\u0103\u021ba\u021bi<\/a> \u0219i degresa\u021bi temeinic suprafa\u021ba (de exemplu, cu <a href=\"https:\/\/www.versiegelung24.com\/ro\/100-bioetanol-de-inalta-puritate-pentru-pre-curatare-profesionala-kopie.html\">izopropanol<\/a>, acetat de etil sau white spirit). <\/li>\n\n\n\n<li>Suprafa\u021ba trebuie s\u0103 fie complet uscat\u0103 \u0219i lipsit\u0103 de gr\u0103simi.<\/li>\n\n\n\n<li>Temperatura de prelucrare: 15-30 \u00b0C, umiditatea relativ\u0103: 50-80 %. <\/li>\n\n\n\n<li>Evita\u021bi lumina direct\u0103 a soarelui.<\/li>\n<\/ol>\n\n<p><strong>Aplica\u021bie prin glisare  <\/strong><\/p>\n\n<ol class=\"wp-block-list\">\n<li>Aplica\u021bi c\u00e2teva pic\u0103turi (5-10\/ml m\u00b2) pe o c\u00e2rp\u0103 din microfibr\u0103.<\/li>\n\n\n\n<li>Aplica\u021bi uniform cu o presiune u\u0219oar\u0103 \u00een mi\u0219c\u0103ri liniare.<\/li>\n\n\n\n<li>Lustrui\u021bi cu o c\u00e2rp\u0103 moale dup\u0103 max. 30 de minute. <\/li>\n\n\n\n<li>Repeta\u021bi procesul dac\u0103 este necesar.<\/li>\n<\/ol>\n\n<p><strong>Aplicare prin pulverizare  <\/strong><\/p>\n\n<ol class=\"wp-block-list\">\n<li>Dimensiunea duzei: 0,8-1,0 mm \/ presiune: 0,6-1,0 bar \/ distan\u021b\u0103: aprox. 20 cm<\/li>\n\n\n\n<li>Grosimea stratului (uscat): 2,5-25 \u03bcm (\u00een func\u021bie de pasaje)<\/li>\n\n\n\n<li>Alternativ\u0103: clopot rotativ (30.000 rpm, 2 bar, 0,2-0,4 m\/s, 50-150 ml\/min)  <\/li>\n<\/ol>\n\n<h2 class=\"wp-block-heading\" id=\"h-reinigung-amp-pflege\">Cur\u0103\u021bare \u0219i \u00eengrijire<\/h2>\n\n<p>Pentru cur\u0103\u021barea suprafe\u021bei este suficient\u0103 utilizarea unui detergent delicat, cum ar fi detergentul nostru <a href=\"https:\/\/www.versiegelung24.com\/ro\/biosativa-biologica-pre-curatatoare.html\">V24 Biosativa\u00ae<\/a>. Agen\u021bi de cur\u0103\u021bare agresivi nu sunt necesari sau recomanda\u021bi. <\/p>\n\n<hr class=\"wp-block-separator has-text-color has-css-opacity has-background is-style-wide\" style=\"background-color:#e1e1e1;color:#e1e1e1\"\/>\n\n<h2 class=\"wp-block-heading\" id=\"h-produktsicherheit-amp-lagerung\">Siguran\u021ba \u0219i depozitarea produselor<\/h2>\n\n<p>Informa\u021bii privind clasificarea produsului \u00een cadrul Ordonan\u021bei privind substan\u021bele periculoase, date de siguran\u021b\u0103 \u0219i date privind toxicologia \u0219i depozitarea pot fi g\u0103site \u00een fi\u0219a noastr\u0103 cu date de siguran\u021b\u0103 <a href=\"https:\/\/www.versiegelung24.com\/ro\/a-lua-legatura\/\">la cerere<\/a>.<\/p>\n\n<ul class=\"wp-block-list\">\n<li>Permanent Protect 646 nu trebuie s\u0103 intre \u00een contact cu umiditatea.<\/li>\n\n\n\n<li>Temperatura de depozitare a materialului: +5\u00b0C p\u00e2n\u0103 la +20\u00b0C.<\/li>\n\n\n\n<li>Echipament individual de protec\u021bie: m\u0103nu\u0219i, ochelari de protec\u021bie, \u00eembr\u0103c\u0103minte de protec\u021bie adecvat\u0103<\/li>\n\n\n\n<li>Primul ajutor: \u00cen caz de contact cu ochii sau pielea, cl\u0103ti\u021bi imediat cu ap\u0103 \u0219i consulta\u021bi un medic<\/li>\n\n\n\n<li>Depozitare: Rece, uscat \u0219i bine ventilat. Deschide\u021bi recipientul o dat\u0103 pe lun\u0103 cu ventila\u021bie pentru a elibera presiunea. <\/li>\n\n\n\n<li>Se recomand\u0103 pre-purjarea cu azot pentru reumplere.<\/li>\n<\/ul>\n\n<p><strong>Permanent Protect 646 <\/strong>are un termen de valabilitate de 12 luni dac\u0103 este depozitat nedeschis \u00een recipientele originale sigilate.<\/p>\n\n<hr class=\"wp-block-separator has-text-color has-css-opacity has-background is-style-wide\" style=\"background-color:#e1e1e1;color:#e1e1e1\"\/>\n\n<h2 class=\"wp-block-heading\">Test de intemperii<\/h2>\n\n<figure class=\"wp-block-table aligncenter\"><table class=\"has-fixed-layout\"><thead><tr><th class=\"has-text-align-left\" data-align=\"left\">\u00a0<\/th><th class=\"has-text-align-left\" data-align=\"left\">Test de pulverizare cu sare NSS<\/th><th>Atmosfer\u0103 de condensare,<br\/>umiditate constant\u0103<\/th><th>Intemperii artificiale<br\/>cu arc de xenon<\/th><\/tr><\/thead><tbody><tr><td class=\"has-text-align-left\" data-align=\"left\">DIN<\/td><td class=\"has-text-align-left\" data-align=\"left\">EN ISO 9227<\/td><td>EN ISO 6270-2<\/td><td>EN ISO 16474-2<\/td><\/tr><tr><td class=\"has-text-align-left\" data-align=\"left\">\u00a0<\/td><td class=\"has-text-align-left\" data-align=\"left\" colspan=\"3\"><strong>Test de pulverizare salin\u0103 o\u021bel inoxidabil 2,5 \u03bcm, acoperit<\/strong><\/td><\/tr><tr><td class=\"has-text-align-left\" data-align=\"left\">Durat\u0103<\/td><td class=\"has-text-align-left\" data-align=\"left\">1.500 h<\/td><td>1.400 h<\/td><td>1.400 h<\/td><\/tr><tr><td class=\"has-text-align-left\" data-align=\"left\">Rezultat<\/td><td class=\"has-text-align-left\" data-align=\"left\">B\u0103\u0219ici: nu<br\/>Rugin\u0103: nu<br\/>Coroziune \u00een trasare &lt; 0,5 mm<\/td><td>B\u0103\u0219ici: nu<br\/>Rugin\u0103: nu<\/td><td>Pierdere de luciu: 5%<br\/>Fisurare: nu<br\/>Diferen\u021b\u0103 de culoare \u0394E* = 0,40<\/td><\/tr><tr><td class=\"has-text-align-left\" data-align=\"left\">\u00a0<\/td><td class=\"has-text-align-left\" data-align=\"left\" colspan=\"3\"><strong>Test de pulverizare salin\u0103 aluminiu 2,5 \u03bcm, acoperit<\/strong><\/td><\/tr><tr><td class=\"has-text-align-left\" data-align=\"left\">Durat\u0103<\/td><td class=\"has-text-align-left\" data-align=\"left\">1.500 h<\/td><td>1.400 h<\/td><td>1.400 h<\/td><\/tr><tr><td class=\"has-text-align-left\" data-align=\"left\">Rezultat<\/td><td class=\"has-text-align-left\" data-align=\"left\">B\u0103\u0219ici: nu<br\/>Rugin\u0103: nu<br\/>Coroziune \u00een trasare &lt; 0,5 mm<\/td><td>B\u0103\u0219ici: nu<br\/>Rugin\u0103: nu<\/td><td>Pierdere de luciu: 5%<br\/>Fisurare: nu<br\/>Diferen\u021b\u0103 de culoare \u0394E* = 0,17<\/td><\/tr><tr><td class=\"has-text-align-left\" data-align=\"left\">\u00a0<\/td><td class=\"has-text-align-left\" data-align=\"left\" colspan=\"3\"><strong>O\u021bel sablat 2,5 \u03bcm, acoperit<\/strong><\/td><\/tr><tr><td class=\"has-text-align-left\" data-align=\"left\">Durat\u0103<\/td><td class=\"has-text-align-left\" data-align=\"left\">1.000 h<\/td><td>1.000 h<\/td><td>1.400 h<\/td><\/tr><tr><td class=\"has-text-align-left\" data-align=\"left\">Rezultat<\/td><td class=\"has-text-align-left\" data-align=\"left\">B\u0103\u0219ici: nu<br\/>Rugin\u0103: nu<br\/>Coroziune \u00een trasare &lt; 0,5 mm<\/td><td>B\u0103\u0219ici: nu<br\/>Rugin\u0103: nu<\/td><td>Pierdere de luciu: 12%<br\/>Fisurare: nu<br\/>Diferen\u021b\u0103 de culoare \u0394E* = 0,51<\/td><\/tr><\/tbody><\/table><\/figure>\n\n<hr class=\"wp-block-separator has-text-color has-css-opacity has-background is-style-wide\" style=\"background-color:#e1e1e1;color:#e1e1e1\"\/>\n","protected":false},"excerpt":{"rendered":"<p><strong>Acoperire ceramic\u0103 durabil\u0103 de \u00eenalt\u0103 calitate pentru suprafe\u021be netede<\/strong><\/p>\n<p>\u2713 Grosimea stratului ultra sub\u021bire<\/p>\n<p>\u2713 Perioada de valabilitate 2-5 ani<\/p>\n<p>\u2713 Rezisten\u021b\u0103 ridicat\u0103 la abraziune<\/p>\n<p>\u2713 Efect biostatic<\/p>\n","protected":false},"featured_media":183067,"template":"","meta":{"_acf_changed":false,"neve_meta_sidebar":"","neve_meta_container":"","neve_meta_enable_content_width":"","neve_meta_content_width":0,"neve_meta_title_alignment":"","neve_meta_author_avatar":"","neve_post_elements_order":"","neve_meta_disable_header":"","neve_meta_disable_footer":"","neve_meta_disable_title":"","neve_meta_reading_time":"","_surfaces":[],"_ver_product_tabs":[],"footnotes":""},"product_brand":[],"product_cat":[2201,2447,2477,2997],"product_tag":[],"class_list":{"0":"post-183003","1":"product","2":"type-product","3":"status-publish","4":"has-post-thumbnail","6":"product_cat-etansarea-masinii","7":"product_cat-etansare-din-metal-si-plastic","8":"product_cat-etansare-universala","9":"product_cat-etansarea-sticlei-lichide","10":"pa_gebinde-flacon-de-100-ml-ro","11":"pa_gebinde-sticla-de-1000-ml","13":"first","14":"instock","15":"taxable","16":"shipping-taxable","17":"purchasable","18":"product-type-variable","19":"has-default-attributes"},"acf":[],"yoast_head":"<!-- This site is optimized with the Yoast SEO Premium plugin v22.8 (Yoast SEO v27.5) - https:\/\/yoast.com\/product\/yoast-seo-premium-wordpress\/ -->\n<title>Permanent Protector 646 Ultra Thin - 9H etan\u0219ant ceramic<\/title>\n<meta name=\"description\" content=\"Simplu de utilizat, puternic \u00een protec\u021bie. Noul etan\u0219ant ceramic Permanent Protector 646 Ultra Thin - 9H ofer\u0103 protec\u021bie fiabil\u0103 \u00eempotriva influen\u021belor externe\" \/>\n<meta name=\"robots\" content=\"index, follow, max-snippet:-1, max-image-preview:large, max-video-preview:-1\" \/>\n<link rel=\"canonical\" href=\"https:\/\/www.versiegelung24.com\/ro\/permanent-protector-646.html\" \/>\n<meta property=\"og:locale\" content=\"ro_RO\" \/>\n<meta property=\"og:type\" content=\"article\" \/>\n<meta property=\"og:title\" content=\"Protec\u021bie permanent\u0103 646 5M\" \/>\n<meta property=\"og:description\" content=\"Simplu de utilizat, puternic \u00een protec\u021bie. Noul etan\u0219ant ceramic Permanent Protector 646 Ultra Thin - 9H ofer\u0103 protec\u021bie fiabil\u0103 \u00eempotriva influen\u021belor externe\" \/>\n<meta property=\"og:url\" content=\"https:\/\/www.versiegelung24.com\/ro\/permanent-protector-646.html\" \/>\n<meta property=\"og:site_name\" content=\"versiegelung24.com\" \/>\n<meta property=\"article:modified_time\" content=\"2025-09-08T14:04:16+00:00\" \/>\n<meta property=\"og:image\" content=\"https:\/\/www.versiegelung24.com\/wp-content\/uploads\/2025\/08\/V24-Permanent-Protector-646-Keramikversiegelung-scaled-1.jpg\" \/>\n\t<meta property=\"og:image:width\" content=\"2560\" \/>\n\t<meta property=\"og:image:height\" content=\"2560\" \/>\n\t<meta property=\"og:image:type\" content=\"image\/jpeg\" \/>\n<meta name=\"twitter:card\" content=\"summary_large_image\" \/>\n<meta name=\"twitter:label1\" content=\"Disponibilitate\" \/>\n\t<meta name=\"twitter:data1\" content=\"\u00cen stoc\" \/>\n<script type=\"application\/ld+json\" class=\"yoast-schema-graph\">{\"@context\":\"https:\\\/\\\/schema.org\",\"@graph\":[{\"@type\":\"WebPage\",\"@id\":\"https:\\\/\\\/www.versiegelung24.com\\\/ro\\\/permanent-protector-646.html\",\"url\":\"https:\\\/\\\/www.versiegelung24.com\\\/ro\\\/permanent-protector-646.html\",\"name\":\"Permanent Protector 646 Ultra Thin - 9H etan\u0219ant ceramic\",\"isPartOf\":{\"@id\":\"https:\\\/\\\/www.versiegelung24.com\\\/ro\\\/#website\"},\"primaryImageOfPage\":{\"@id\":\"https:\\\/\\\/www.versiegelung24.com\\\/ro\\\/permanent-protector-646.html#primaryimage\"},\"image\":{\"@id\":\"https:\\\/\\\/www.versiegelung24.com\\\/ro\\\/permanent-protector-646.html#primaryimage\"},\"thumbnailUrl\":\"https:\\\/\\\/www.versiegelung24.com\\\/wp-content\\\/uploads\\\/2025\\\/08\\\/V24-Permanent-Protector-646-Keramikversiegelung-scaled-1.jpg\",\"datePublished\":\"2025-08-28T12:07:51+00:00\",\"dateModified\":\"2025-09-08T14:04:16+00:00\",\"description\":\"Simplu de utilizat, puternic \u00een protec\u021bie. Noul etan\u0219ant ceramic Permanent Protector 646 Ultra Thin - 9H ofer\u0103 protec\u021bie fiabil\u0103 \u00eempotriva influen\u021belor externe\",\"breadcrumb\":{\"@id\":\"https:\\\/\\\/www.versiegelung24.com\\\/ro\\\/permanent-protector-646.html#breadcrumb\"},\"inLanguage\":\"ro-RO\",\"potentialAction\":[{\"@type\":\"ReadAction\",\"target\":[\"https:\\\/\\\/www.versiegelung24.com\\\/ro\\\/permanent-protector-646.html\"]}]},{\"@type\":\"ImageObject\",\"inLanguage\":\"ro-RO\",\"@id\":\"https:\\\/\\\/www.versiegelung24.com\\\/ro\\\/permanent-protector-646.html#primaryimage\",\"url\":\"https:\\\/\\\/www.versiegelung24.com\\\/wp-content\\\/uploads\\\/2025\\\/08\\\/V24-Permanent-Protector-646-Keramikversiegelung-scaled-1.jpg\",\"contentUrl\":\"https:\\\/\\\/www.versiegelung24.com\\\/wp-content\\\/uploads\\\/2025\\\/08\\\/V24-Permanent-Protector-646-Keramikversiegelung-scaled-1.jpg\",\"width\":2560,\"height\":2560},{\"@type\":\"BreadcrumbList\",\"@id\":\"https:\\\/\\\/www.versiegelung24.com\\\/ro\\\/permanent-protector-646.html#breadcrumb\",\"itemListElement\":[{\"@type\":\"ListItem\",\"position\":1,\"name\":\"Pagina de start\",\"item\":\"https:\\\/\\\/www.versiegelung24.com\\\/ro\\\/fata\\\/\"},{\"@type\":\"ListItem\",\"position\":2,\"name\":\"Magazin\",\"item\":\"https:\\\/\\\/www.versiegelung24.com\\\/ro\\\/magazin_ro\\\/\"},{\"@type\":\"ListItem\",\"position\":3,\"name\":\"Protec\u021bie permanent\u0103 646 5M\"}]},{\"@type\":\"WebSite\",\"@id\":\"https:\\\/\\\/www.versiegelung24.com\\\/ro\\\/#website\",\"url\":\"https:\\\/\\\/www.versiegelung24.com\\\/ro\\\/\",\"name\":\"versiegelung24.com\",\"description\":\"Fl\u00fcssigglas-Versiegelung - Made in Germany\",\"publisher\":{\"@id\":\"https:\\\/\\\/www.versiegelung24.com\\\/ro\\\/#organization\"},\"potentialAction\":[{\"@type\":\"SearchAction\",\"target\":{\"@type\":\"EntryPoint\",\"urlTemplate\":\"https:\\\/\\\/www.versiegelung24.com\\\/ro\\\/?s={search_term_string}\"},\"query-input\":{\"@type\":\"PropertyValueSpecification\",\"valueRequired\":true,\"valueName\":\"search_term_string\"}}],\"inLanguage\":\"ro-RO\"},{\"@type\":\"Organization\",\"@id\":\"https:\\\/\\\/www.versiegelung24.com\\\/ro\\\/#organization\",\"name\":\"versiegelung24\",\"url\":\"https:\\\/\\\/www.versiegelung24.com\\\/ro\\\/\",\"logo\":{\"@type\":\"ImageObject\",\"inLanguage\":\"ro-RO\",\"@id\":\"https:\\\/\\\/www.versiegelung24.com\\\/ro\\\/#\\\/schema\\\/logo\\\/image\\\/\",\"url\":\"https:\\\/\\\/www.versiegelung24.com\\\/wp-content\\\/uploads\\\/2020\\\/04\\\/versiegelung24.png\",\"contentUrl\":\"https:\\\/\\\/www.versiegelung24.com\\\/wp-content\\\/uploads\\\/2020\\\/04\\\/versiegelung24.png\",\"width\":470,\"height\":102,\"caption\":\"versiegelung24\"},\"image\":{\"@id\":\"https:\\\/\\\/www.versiegelung24.com\\\/ro\\\/#\\\/schema\\\/logo\\\/image\\\/\"}}]}<\/script>\n<meta property=\"og:availability\" content=\"instock\" \/>\n<meta property=\"product:availability\" content=\"instock\" \/>\n<meta property=\"product:retailer_item_id\" content=\"8056-646\" \/>\n<meta property=\"product:condition\" content=\"new\" \/>\n<!-- \/ Yoast SEO Premium plugin. -->","yoast_head_json":{"title":"Permanent Protector 646 Ultra Thin - 9H etan\u0219ant ceramic","description":"Simplu de utilizat, puternic \u00een protec\u021bie. Noul etan\u0219ant ceramic Permanent Protector 646 Ultra Thin - 9H ofer\u0103 protec\u021bie fiabil\u0103 \u00eempotriva influen\u021belor externe","robots":{"index":"index","follow":"follow","max-snippet":"max-snippet:-1","max-image-preview":"max-image-preview:large","max-video-preview":"max-video-preview:-1"},"canonical":"https:\/\/www.versiegelung24.com\/ro\/permanent-protector-646.html","og_locale":"ro_RO","og_type":"article","og_title":"Protec\u021bie permanent\u0103 646 5M","og_description":"Simplu de utilizat, puternic \u00een protec\u021bie. Noul etan\u0219ant ceramic Permanent Protector 646 Ultra Thin - 9H ofer\u0103 protec\u021bie fiabil\u0103 \u00eempotriva influen\u021belor externe","og_url":"https:\/\/www.versiegelung24.com\/ro\/permanent-protector-646.html","og_site_name":"versiegelung24.com","article_modified_time":"2025-09-08T14:04:16+00:00","og_image":[{"width":2560,"height":2560,"url":"https:\/\/www.versiegelung24.com\/wp-content\/uploads\/2025\/08\/V24-Permanent-Protector-646-Keramikversiegelung-scaled-1.jpg","type":"image\/jpeg"}],"twitter_card":"summary_large_image","twitter_misc":{"Disponibilitate":"\u00cen stoc"},"schema":{"@context":"https:\/\/schema.org","@graph":[{"@type":"WebPage","@id":"https:\/\/www.versiegelung24.com\/ro\/permanent-protector-646.html","url":"https:\/\/www.versiegelung24.com\/ro\/permanent-protector-646.html","name":"Permanent Protector 646 Ultra Thin - 9H etan\u0219ant ceramic","isPartOf":{"@id":"https:\/\/www.versiegelung24.com\/ro\/#website"},"primaryImageOfPage":{"@id":"https:\/\/www.versiegelung24.com\/ro\/permanent-protector-646.html#primaryimage"},"image":{"@id":"https:\/\/www.versiegelung24.com\/ro\/permanent-protector-646.html#primaryimage"},"thumbnailUrl":"https:\/\/www.versiegelung24.com\/wp-content\/uploads\/2025\/08\/V24-Permanent-Protector-646-Keramikversiegelung-scaled-1.jpg","datePublished":"2025-08-28T12:07:51+00:00","dateModified":"2025-09-08T14:04:16+00:00","description":"Simplu de utilizat, puternic \u00een protec\u021bie. Noul etan\u0219ant ceramic Permanent Protector 646 Ultra Thin - 9H ofer\u0103 protec\u021bie fiabil\u0103 \u00eempotriva influen\u021belor externe","breadcrumb":{"@id":"https:\/\/www.versiegelung24.com\/ro\/permanent-protector-646.html#breadcrumb"},"inLanguage":"ro-RO","potentialAction":[{"@type":"ReadAction","target":["https:\/\/www.versiegelung24.com\/ro\/permanent-protector-646.html"]}]},{"@type":"ImageObject","inLanguage":"ro-RO","@id":"https:\/\/www.versiegelung24.com\/ro\/permanent-protector-646.html#primaryimage","url":"https:\/\/www.versiegelung24.com\/wp-content\/uploads\/2025\/08\/V24-Permanent-Protector-646-Keramikversiegelung-scaled-1.jpg","contentUrl":"https:\/\/www.versiegelung24.com\/wp-content\/uploads\/2025\/08\/V24-Permanent-Protector-646-Keramikversiegelung-scaled-1.jpg","width":2560,"height":2560},{"@type":"BreadcrumbList","@id":"https:\/\/www.versiegelung24.com\/ro\/permanent-protector-646.html#breadcrumb","itemListElement":[{"@type":"ListItem","position":1,"name":"Pagina de start","item":"https:\/\/www.versiegelung24.com\/ro\/fata\/"},{"@type":"ListItem","position":2,"name":"Magazin","item":"https:\/\/www.versiegelung24.com\/ro\/magazin_ro\/"},{"@type":"ListItem","position":3,"name":"Protec\u021bie permanent\u0103 646 5M"}]},{"@type":"WebSite","@id":"https:\/\/www.versiegelung24.com\/ro\/#website","url":"https:\/\/www.versiegelung24.com\/ro\/","name":"versiegelung24.com","description":"Fl\u00fcssigglas-Versiegelung - Made in Germany","publisher":{"@id":"https:\/\/www.versiegelung24.com\/ro\/#organization"},"potentialAction":[{"@type":"SearchAction","target":{"@type":"EntryPoint","urlTemplate":"https:\/\/www.versiegelung24.com\/ro\/?s={search_term_string}"},"query-input":{"@type":"PropertyValueSpecification","valueRequired":true,"valueName":"search_term_string"}}],"inLanguage":"ro-RO"},{"@type":"Organization","@id":"https:\/\/www.versiegelung24.com\/ro\/#organization","name":"versiegelung24","url":"https:\/\/www.versiegelung24.com\/ro\/","logo":{"@type":"ImageObject","inLanguage":"ro-RO","@id":"https:\/\/www.versiegelung24.com\/ro\/#\/schema\/logo\/image\/","url":"https:\/\/www.versiegelung24.com\/wp-content\/uploads\/2020\/04\/versiegelung24.png","contentUrl":"https:\/\/www.versiegelung24.com\/wp-content\/uploads\/2020\/04\/versiegelung24.png","width":470,"height":102,"caption":"versiegelung24"},"image":{"@id":"https:\/\/www.versiegelung24.com\/ro\/#\/schema\/logo\/image\/"}}]},"og_availability":"instock","product_availability":"instock","product_retailer_item_id":"8056-646","product_condition":"new"},"_links":{"self":[{"href":"https:\/\/www.versiegelung24.com\/ro\/wp-json\/wp\/v2\/product\/183003","targetHints":{"allow":["GET"]}}],"collection":[{"href":"https:\/\/www.versiegelung24.com\/ro\/wp-json\/wp\/v2\/product"}],"about":[{"href":"https:\/\/www.versiegelung24.com\/ro\/wp-json\/wp\/v2\/types\/product"}],"version-history":[{"count":3,"href":"https:\/\/www.versiegelung24.com\/ro\/wp-json\/wp\/v2\/product\/183003\/revisions"}],"predecessor-version":[{"id":183598,"href":"https:\/\/www.versiegelung24.com\/ro\/wp-json\/wp\/v2\/product\/183003\/revisions\/183598"}],"wp:featuredmedia":[{"embeddable":true,"href":"https:\/\/www.versiegelung24.com\/ro\/wp-json\/wp\/v2\/media\/183067"}],"wp:attachment":[{"href":"https:\/\/www.versiegelung24.com\/ro\/wp-json\/wp\/v2\/media?parent=183003"}],"wp:term":[{"taxonomy":"product_brand","embeddable":true,"href":"https:\/\/www.versiegelung24.com\/ro\/wp-json\/wp\/v2\/product_brand?post=183003"},{"taxonomy":"product_cat","embeddable":true,"href":"https:\/\/www.versiegelung24.com\/ro\/wp-json\/wp\/v2\/product_cat?post=183003"},{"taxonomy":"product_tag","embeddable":true,"href":"https:\/\/www.versiegelung24.com\/ro\/wp-json\/wp\/v2\/product_tag?post=183003"}],"curies":[{"name":"wp","href":"https:\/\/api.w.org\/{rel}","templated":true}]}}