{"id":22767,"date":"2020-04-04T18:53:13","date_gmt":"2021-08-02T18:57:11","guid":{"rendered":"https:\/\/www.versiegelung24.com\/produkt\/caravan-special-de-lustruit-si-etansare-de-calitate-profesionala"},"modified":"2025-01-03T23:24:42","modified_gmt":"2025-01-03T22:24:42","slug":"rulota-speciala-poloneza-si-etansare-in-calitate-profesionala","status":"publish","type":"product","link":"https:\/\/www.versiegelung24.com\/ro\/rulota-speciala-poloneza-si-etansare-in-calitate-profesionala.html","title":{"rendered":"Lustruire \u0219i etan\u0219ant special pentru caravana \/ rulot\u0103 \/ rulot\u0103 de calitate profesional\u0103"},"content":{"rendered":"\n<p><strong>Sigilant profesional extrem de eficient pentru rulote, cu efect de lotus (hidrofug), termen de valabilitate de p\u00e2n\u0103 la 3 luni<\/strong><\/p>\n\n<p>\u00cenalt\u0103 calitate Fabricat \u00een Germania.<\/p>\n\n<hr\/>\n\n<h4 class=\"wp-block-heading\" id=\"properties\">Caracteristicile produsului<\/h4>\n\n<div class=\"wp-block-columns is-layout-flex wp-container-core-columns-is-layout-9d6595d7 wp-block-columns-is-layout-flex\">\n<div class=\"wp-block-column is-layout-flow wp-block-column-is-layout-flow\">\n<ul class=\"wp-block-list\"><li>Lustruire de \u00eenalt\u0103 calitate f\u0103r\u0103 componente abrazive, straturile de vopsea nu sunt atacate<\/li><li>Emulsie, foarte u\u0219or de utilizat<\/li><li>Str\u0103lucire \u0219i efect r\u0103coritor de culoare<\/li><li>Cur\u0103\u021b\u0103, lustruie\u0219te \u0219i sigileaz\u0103 \u00eentr-o singur\u0103 etap\u0103 (elimin\u0103 reziduurile de gudron, r\u0103\u0219in\u0103 \u0219i insecte)<\/li><li>Acoperire antiaderent\u0103, rezistent\u0103 la ap\u0103 \u0219i murd\u0103rie, lucioas\u0103<\/li><li>\u00cempiedic\u0103 resturile de gudron \u0219i insecte s\u0103 se lipeasc\u0103 de suprafa\u021b\u0103<\/li><li>Reduce zg\u00e2rieturile<\/li><li>Pentru interior \u0219i exterior<\/li><\/ul>\n<\/div>\n\n\n\n<div class=\"wp-block-column is-layout-flow wp-block-column-is-layout-flow\">\n<ul class=\"wp-block-list\" id=\"block-feede020-7d07-4fe3-abd9-bbbd73e79539\"><li>Transparent \/ invizibil, aspectul suprafe\u021bei r\u0103m\u00e2ne neschimbat<\/li><li>Rezistent la \u00eenghe\u021b, cur\u0103\u021bare (inclusiv sp\u0103l\u0103torie auto), UV (previne maturarea vopselei), le\u0219ii \/ alcaline, ap\u0103 de mare, aer s\u0103rat, excremente de insecte \u0219i alte murd\u0103ri grele<\/li><li>Reduce semnificativ rezisten\u021ba la aer \u0219i ofer\u0103 astfel o eficien\u021b\u0103 mai mare vehiculelor<\/li><li>Efectul \u201eu\u0219or de cur\u0103\u021bat\u201d, suprafe\u021bele acoperite r\u0103m\u00e2n curate mai mult timp \u0219i sunt mai u\u0219or de cur\u0103\u021bat.<\/li><\/ul>\n\n\n\n<p><br\/><br\/>Pachetul de livrare: 1 x sticl\u0103 de un litru 1 x descrierea produsului<\/p>\n<\/div>\n<\/div>\n\n<hr\/>\n\n<h4 class=\"wp-block-heading\" id=\"application\">Aplica\u021bie<\/h4>\n\n<div class=\"wp-block-columns is-layout-flex wp-container-core-columns-is-layout-9d6595d7 wp-block-columns-is-layout-flex\">\n<div class=\"wp-block-column is-layout-flow wp-block-column-is-layout-flow\">\n<ul class=\"wp-block-list\"><li>Ideal pentru tratarea rulotelor, remorcilor, rulotelelor, rulotelor \/ caselor mobile (deosebit de eficiente pentru vopselele care nu au mai mult de 10 ani)<\/li><li>Tratamente \u00eempotriva murd\u0103riei \u0219i hidrofugului pe jante din aliaj (mai u\u0219or de cur\u0103\u021bat)<\/li><li>Tratamente pe metal (protec\u021bie \u00eempotriva ruginii \u0219i oxid\u0103rii)<\/li><li>Vehicule feroviare, utilaje pentru construc\u021bii, vehicule agricole<\/li><\/ul>\n\n\n\n<p><\/p>\n<\/div>\n\n\n\n<div class=\"wp-block-column is-layout-flow wp-block-column-is-layout-flow\">\n<p>Cantitatea necesar\u0103 depinde de suprafa\u021ba care trebuie acoperit\u0103 (gradul de uzur\u0103 \u0219i murd\u0103rire) \u0219i de c\u00e2rpa folosit\u0103. Viteza de \u00eempr\u0103\u0219tiere este de aproximativ 20-40 ml \/ m\u00b2.<\/p>\n\n\n\n<p><br\/><br\/>U\u0219or de aplicat: 1. \u0218terge\u021bi pe etan\u0219ator \u0219i lustrui\u021bi 2. Se las\u0103 s\u0103 se \u00eent\u0103reasc\u0103 timp de 12 ore &#8211; terminat<\/p>\n\n\n\n<p>Perioada de valabilitate: P\u00e2n\u0103 la 3 luni<\/p>\n<\/div>\n<\/div>\n","protected":false},"excerpt":{"rendered":"<p><strong>Sigiliu profesional extrem de eficient pentru:<\/strong><\/p>\n<p>\u2713 Rulote<\/p>\n<p>\u2713 Cu efect de lotus (repelente la ap\u0103)<\/p>\n<p>\u2713 Perioada de valabilitate p\u00e2n\u0103 la 3 luni<\/p>\n","protected":false},"featured_media":17794,"template":"","meta":{"_acf_changed":false,"neve_meta_sidebar":"","neve_meta_container":"","neve_meta_enable_content_width":"","neve_meta_content_width":0,"neve_meta_title_alignment":"","neve_meta_author_avatar":"","neve_post_elements_order":"","neve_meta_disable_header":"","neve_meta_disable_footer":"","neve_meta_disable_title":"","neve_meta_reading_time":"","_surfaces":[],"_ver_product_tabs":[],"footnotes":""},"product_brand":[],"product_cat":[2201],"product_tag":[],"class_list":{"0":"post-22767","1":"product","2":"type-product","3":"status-publish","4":"has-post-thumbnail","6":"product_cat-etansarea-masinii","8":"first","9":"instock","10":"taxable","11":"shipping-taxable","12":"purchasable","13":"product-type-simple"},"acf":[],"yoast_head":"<!-- This site is optimized with the Yoast SEO Premium plugin v22.8 (Yoast SEO v27.5) - https:\/\/yoast.com\/product\/yoast-seo-premium-wordpress\/ -->\n<title>Lustruire \u0219i etan\u0219ant special pentru caravana \/ rulot\u0103 \/ rulot\u0103 de calitate profesional\u0103 - versiegelung24.com<\/title>\n<meta name=\"robots\" content=\"index, follow, max-snippet:-1, max-image-preview:large, max-video-preview:-1\" \/>\n<link rel=\"canonical\" href=\"https:\/\/www.versiegelung24.com\/ro\/rulota-speciala-poloneza-si-etansare-in-calitate-profesionala.html\" \/>\n<meta property=\"og:locale\" content=\"ro_RO\" \/>\n<meta property=\"og:type\" content=\"article\" \/>\n<meta property=\"og:title\" content=\"Lustruire \u0219i etan\u0219ant special pentru caravana \/ rulot\u0103 \/ rulot\u0103 de calitate profesional\u0103\" \/>\n<meta property=\"og:description\" content=\"Sigiliu profesional extrem de eficient pentru: \u2713 Rulote \u2713 Cu efect de lotus (repelente la ap\u0103) \u2713 Perioada de valabilitate p\u00e2n\u0103 la 3 luni\" \/>\n<meta property=\"og:url\" content=\"https:\/\/www.versiegelung24.com\/ro\/rulota-speciala-poloneza-si-etansare-in-calitate-profesionala.html\" \/>\n<meta property=\"og:site_name\" content=\"versiegelung24.com\" \/>\n<meta property=\"article:modified_time\" content=\"2025-01-03T22:24:42+00:00\" \/>\n<meta property=\"og:image\" content=\"https:\/\/www.versiegelung24.com\/wp-content\/uploads\/2020\/06\/produkt-2001-7660-1000-Caravan-Spezialpolitur-versiegelung-scaled.jpg\" \/>\n\t<meta property=\"og:image:width\" content=\"2560\" \/>\n\t<meta property=\"og:image:height\" content=\"2560\" \/>\n\t<meta property=\"og:image:type\" content=\"image\/jpeg\" \/>\n<meta name=\"twitter:card\" content=\"summary_large_image\" \/>\n<meta name=\"twitter:label1\" content=\"Pre\u021b\" \/>\n\t<meta name=\"twitter:data1\" content=\"99,00&euro;\" \/>\n\t<meta name=\"twitter:label2\" content=\"Disponibilitate\" \/>\n\t<meta name=\"twitter:data2\" content=\"\u00cen stoc\" \/>\n<script type=\"application\/ld+json\" class=\"yoast-schema-graph\">{\"@context\":\"https:\\\/\\\/schema.org\",\"@graph\":[{\"@type\":\"WebPage\",\"@id\":\"https:\\\/\\\/www.versiegelung24.com\\\/ro\\\/rulota-speciala-poloneza-si-etansare-in-calitate-profesionala.html\",\"url\":\"https:\\\/\\\/www.versiegelung24.com\\\/ro\\\/rulota-speciala-poloneza-si-etansare-in-calitate-profesionala.html\",\"name\":\"Lustruire \u0219i etan\u0219ant special pentru caravana \\\/ rulot\u0103 \\\/ rulot\u0103 de calitate profesional\u0103 - versiegelung24.com\",\"isPartOf\":{\"@id\":\"https:\\\/\\\/www.versiegelung24.com\\\/ro\\\/#website\"},\"primaryImageOfPage\":{\"@id\":\"https:\\\/\\\/www.versiegelung24.com\\\/ro\\\/rulota-speciala-poloneza-si-etansare-in-calitate-profesionala.html#primaryimage\"},\"image\":{\"@id\":\"https:\\\/\\\/www.versiegelung24.com\\\/ro\\\/rulota-speciala-poloneza-si-etansare-in-calitate-profesionala.html#primaryimage\"},\"thumbnailUrl\":\"https:\\\/\\\/www.versiegelung24.com\\\/wp-content\\\/uploads\\\/2020\\\/06\\\/produkt-2001-7660-1000-Caravan-Spezialpolitur-versiegelung-scaled.jpg\",\"datePublished\":\"2021-08-02T18:57:11+00:00\",\"dateModified\":\"2025-01-03T22:24:42+00:00\",\"breadcrumb\":{\"@id\":\"https:\\\/\\\/www.versiegelung24.com\\\/ro\\\/rulota-speciala-poloneza-si-etansare-in-calitate-profesionala.html#breadcrumb\"},\"inLanguage\":\"ro-RO\",\"potentialAction\":[{\"@type\":\"ReadAction\",\"target\":[\"https:\\\/\\\/www.versiegelung24.com\\\/ro\\\/rulota-speciala-poloneza-si-etansare-in-calitate-profesionala.html\"]}]},{\"@type\":\"ImageObject\",\"inLanguage\":\"ro-RO\",\"@id\":\"https:\\\/\\\/www.versiegelung24.com\\\/ro\\\/rulota-speciala-poloneza-si-etansare-in-calitate-profesionala.html#primaryimage\",\"url\":\"https:\\\/\\\/www.versiegelung24.com\\\/wp-content\\\/uploads\\\/2020\\\/06\\\/produkt-2001-7660-1000-Caravan-Spezialpolitur-versiegelung-scaled.jpg\",\"contentUrl\":\"https:\\\/\\\/www.versiegelung24.com\\\/wp-content\\\/uploads\\\/2020\\\/06\\\/produkt-2001-7660-1000-Caravan-Spezialpolitur-versiegelung-scaled.jpg\",\"width\":2560,\"height\":2560},{\"@type\":\"BreadcrumbList\",\"@id\":\"https:\\\/\\\/www.versiegelung24.com\\\/ro\\\/rulota-speciala-poloneza-si-etansare-in-calitate-profesionala.html#breadcrumb\",\"itemListElement\":[{\"@type\":\"ListItem\",\"position\":1,\"name\":\"Pagina de start\",\"item\":\"https:\\\/\\\/www.versiegelung24.com\\\/ro\\\/fata\\\/\"},{\"@type\":\"ListItem\",\"position\":2,\"name\":\"Magazin\",\"item\":\"https:\\\/\\\/www.versiegelung24.com\\\/ro\\\/magazin_ro\\\/\"},{\"@type\":\"ListItem\",\"position\":3,\"name\":\"Lustruire \u0219i etan\u0219ant special pentru caravana \\\/ rulot\u0103 \\\/ rulot\u0103 de calitate profesional\u0103\"}]},{\"@type\":\"WebSite\",\"@id\":\"https:\\\/\\\/www.versiegelung24.com\\\/ro\\\/#website\",\"url\":\"https:\\\/\\\/www.versiegelung24.com\\\/ro\\\/\",\"name\":\"versiegelung24.com\",\"description\":\"Fl\u00fcssigglas-Versiegelung - Made in Germany\",\"publisher\":{\"@id\":\"https:\\\/\\\/www.versiegelung24.com\\\/ro\\\/#organization\"},\"potentialAction\":[{\"@type\":\"SearchAction\",\"target\":{\"@type\":\"EntryPoint\",\"urlTemplate\":\"https:\\\/\\\/www.versiegelung24.com\\\/ro\\\/?s={search_term_string}\"},\"query-input\":{\"@type\":\"PropertyValueSpecification\",\"valueRequired\":true,\"valueName\":\"search_term_string\"}}],\"inLanguage\":\"ro-RO\"},{\"@type\":\"Organization\",\"@id\":\"https:\\\/\\\/www.versiegelung24.com\\\/ro\\\/#organization\",\"name\":\"versiegelung24\",\"url\":\"https:\\\/\\\/www.versiegelung24.com\\\/ro\\\/\",\"logo\":{\"@type\":\"ImageObject\",\"inLanguage\":\"ro-RO\",\"@id\":\"https:\\\/\\\/www.versiegelung24.com\\\/ro\\\/#\\\/schema\\\/logo\\\/image\\\/\",\"url\":\"https:\\\/\\\/www.versiegelung24.com\\\/wp-content\\\/uploads\\\/2020\\\/04\\\/versiegelung24.png\",\"contentUrl\":\"https:\\\/\\\/www.versiegelung24.com\\\/wp-content\\\/uploads\\\/2020\\\/04\\\/versiegelung24.png\",\"width\":470,\"height\":102,\"caption\":\"versiegelung24\"},\"image\":{\"@id\":\"https:\\\/\\\/www.versiegelung24.com\\\/ro\\\/#\\\/schema\\\/logo\\\/image\\\/\"}}]}<\/script>\n<meta property=\"product:price:amount\" content=\"99.00\" \/>\n<meta property=\"product:price:currency\" content=\"EUR\" \/>\n<meta property=\"og:availability\" content=\"instock\" \/>\n<meta property=\"product:availability\" content=\"instock\" \/>\n<meta property=\"product:retailer_item_id\" content=\"2001-7660-1000\" \/>\n<meta property=\"product:condition\" content=\"new\" \/>\n<!-- \/ Yoast SEO Premium plugin. -->","yoast_head_json":{"title":"Lustruire \u0219i etan\u0219ant special pentru caravana \/ rulot\u0103 \/ rulot\u0103 de calitate profesional\u0103 - versiegelung24.com","robots":{"index":"index","follow":"follow","max-snippet":"max-snippet:-1","max-image-preview":"max-image-preview:large","max-video-preview":"max-video-preview:-1"},"canonical":"https:\/\/www.versiegelung24.com\/ro\/rulota-speciala-poloneza-si-etansare-in-calitate-profesionala.html","og_locale":"ro_RO","og_type":"article","og_title":"Lustruire \u0219i etan\u0219ant special pentru caravana \/ rulot\u0103 \/ rulot\u0103 de calitate profesional\u0103","og_description":"Sigiliu profesional extrem de eficient pentru: \u2713 Rulote \u2713 Cu efect de lotus (repelente la ap\u0103) \u2713 Perioada de valabilitate p\u00e2n\u0103 la 3 luni","og_url":"https:\/\/www.versiegelung24.com\/ro\/rulota-speciala-poloneza-si-etansare-in-calitate-profesionala.html","og_site_name":"versiegelung24.com","article_modified_time":"2025-01-03T22:24:42+00:00","og_image":[{"width":2560,"height":2560,"url":"https:\/\/www.versiegelung24.com\/wp-content\/uploads\/2020\/06\/produkt-2001-7660-1000-Caravan-Spezialpolitur-versiegelung-scaled.jpg","type":"image\/jpeg"}],"twitter_card":"summary_large_image","twitter_misc":{"Pre\u021b":"99,00&euro;","Disponibilitate":"\u00cen stoc"},"schema":{"@context":"https:\/\/schema.org","@graph":[{"@type":"WebPage","@id":"https:\/\/www.versiegelung24.com\/ro\/rulota-speciala-poloneza-si-etansare-in-calitate-profesionala.html","url":"https:\/\/www.versiegelung24.com\/ro\/rulota-speciala-poloneza-si-etansare-in-calitate-profesionala.html","name":"Lustruire \u0219i etan\u0219ant special pentru caravana \/ rulot\u0103 \/ rulot\u0103 de calitate profesional\u0103 - versiegelung24.com","isPartOf":{"@id":"https:\/\/www.versiegelung24.com\/ro\/#website"},"primaryImageOfPage":{"@id":"https:\/\/www.versiegelung24.com\/ro\/rulota-speciala-poloneza-si-etansare-in-calitate-profesionala.html#primaryimage"},"image":{"@id":"https:\/\/www.versiegelung24.com\/ro\/rulota-speciala-poloneza-si-etansare-in-calitate-profesionala.html#primaryimage"},"thumbnailUrl":"https:\/\/www.versiegelung24.com\/wp-content\/uploads\/2020\/06\/produkt-2001-7660-1000-Caravan-Spezialpolitur-versiegelung-scaled.jpg","datePublished":"2021-08-02T18:57:11+00:00","dateModified":"2025-01-03T22:24:42+00:00","breadcrumb":{"@id":"https:\/\/www.versiegelung24.com\/ro\/rulota-speciala-poloneza-si-etansare-in-calitate-profesionala.html#breadcrumb"},"inLanguage":"ro-RO","potentialAction":[{"@type":"ReadAction","target":["https:\/\/www.versiegelung24.com\/ro\/rulota-speciala-poloneza-si-etansare-in-calitate-profesionala.html"]}]},{"@type":"ImageObject","inLanguage":"ro-RO","@id":"https:\/\/www.versiegelung24.com\/ro\/rulota-speciala-poloneza-si-etansare-in-calitate-profesionala.html#primaryimage","url":"https:\/\/www.versiegelung24.com\/wp-content\/uploads\/2020\/06\/produkt-2001-7660-1000-Caravan-Spezialpolitur-versiegelung-scaled.jpg","contentUrl":"https:\/\/www.versiegelung24.com\/wp-content\/uploads\/2020\/06\/produkt-2001-7660-1000-Caravan-Spezialpolitur-versiegelung-scaled.jpg","width":2560,"height":2560},{"@type":"BreadcrumbList","@id":"https:\/\/www.versiegelung24.com\/ro\/rulota-speciala-poloneza-si-etansare-in-calitate-profesionala.html#breadcrumb","itemListElement":[{"@type":"ListItem","position":1,"name":"Pagina de start","item":"https:\/\/www.versiegelung24.com\/ro\/fata\/"},{"@type":"ListItem","position":2,"name":"Magazin","item":"https:\/\/www.versiegelung24.com\/ro\/magazin_ro\/"},{"@type":"ListItem","position":3,"name":"Lustruire \u0219i etan\u0219ant special pentru caravana \/ rulot\u0103 \/ rulot\u0103 de calitate profesional\u0103"}]},{"@type":"WebSite","@id":"https:\/\/www.versiegelung24.com\/ro\/#website","url":"https:\/\/www.versiegelung24.com\/ro\/","name":"versiegelung24.com","description":"Fl\u00fcssigglas-Versiegelung - Made in Germany","publisher":{"@id":"https:\/\/www.versiegelung24.com\/ro\/#organization"},"potentialAction":[{"@type":"SearchAction","target":{"@type":"EntryPoint","urlTemplate":"https:\/\/www.versiegelung24.com\/ro\/?s={search_term_string}"},"query-input":{"@type":"PropertyValueSpecification","valueRequired":true,"valueName":"search_term_string"}}],"inLanguage":"ro-RO"},{"@type":"Organization","@id":"https:\/\/www.versiegelung24.com\/ro\/#organization","name":"versiegelung24","url":"https:\/\/www.versiegelung24.com\/ro\/","logo":{"@type":"ImageObject","inLanguage":"ro-RO","@id":"https:\/\/www.versiegelung24.com\/ro\/#\/schema\/logo\/image\/","url":"https:\/\/www.versiegelung24.com\/wp-content\/uploads\/2020\/04\/versiegelung24.png","contentUrl":"https:\/\/www.versiegelung24.com\/wp-content\/uploads\/2020\/04\/versiegelung24.png","width":470,"height":102,"caption":"versiegelung24"},"image":{"@id":"https:\/\/www.versiegelung24.com\/ro\/#\/schema\/logo\/image\/"}}]},"product_price_amount":"99.00","product_price_currency":"EUR","og_availability":"instock","product_availability":"instock","product_retailer_item_id":"2001-7660-1000","product_condition":"new"},"_links":{"self":[{"href":"https:\/\/www.versiegelung24.com\/ro\/wp-json\/wp\/v2\/product\/22767","targetHints":{"allow":["GET"]}}],"collection":[{"href":"https:\/\/www.versiegelung24.com\/ro\/wp-json\/wp\/v2\/product"}],"about":[{"href":"https:\/\/www.versiegelung24.com\/ro\/wp-json\/wp\/v2\/types\/product"}],"version-history":[{"count":11,"href":"https:\/\/www.versiegelung24.com\/ro\/wp-json\/wp\/v2\/product\/22767\/revisions"}],"predecessor-version":[{"id":177337,"href":"https:\/\/www.versiegelung24.com\/ro\/wp-json\/wp\/v2\/product\/22767\/revisions\/177337"}],"wp:featuredmedia":[{"embeddable":true,"href":"https:\/\/www.versiegelung24.com\/ro\/wp-json\/wp\/v2\/media\/17794"}],"wp:attachment":[{"href":"https:\/\/www.versiegelung24.com\/ro\/wp-json\/wp\/v2\/media?parent=22767"}],"wp:term":[{"taxonomy":"product_brand","embeddable":true,"href":"https:\/\/www.versiegelung24.com\/ro\/wp-json\/wp\/v2\/product_brand?post=22767"},{"taxonomy":"product_cat","embeddable":true,"href":"https:\/\/www.versiegelung24.com\/ro\/wp-json\/wp\/v2\/product_cat?post=22767"},{"taxonomy":"product_tag","embeddable":true,"href":"https:\/\/www.versiegelung24.com\/ro\/wp-json\/wp\/v2\/product_tag?post=22767"}],"curies":[{"name":"wp","href":"https:\/\/api.w.org\/{rel}","templated":true}]}}