{"id":22825,"date":"2020-04-04T18:53:13","date_gmt":"2020-04-04T16:53:13","guid":{"rendered":"https:\/\/www.versiegelung24.com\/produkt\/etansare-sticla-auto-de-calitate-profesionala"},"modified":"2025-01-03T23:39:52","modified_gmt":"2025-01-03T22:39:52","slug":"etansare-sticla-auto-in-calitate-profesionala","status":"publish","type":"product","link":"https:\/\/www.versiegelung24.com\/ro\/etansare-sticla-auto-in-calitate-profesionala.html","title":{"rendered":"Etansare auto sticla de calitate profesionala"},"content":{"rendered":"\n<p><strong>Etan\u0219are foarte eficient\u0103 pentru sticla auto \u0219i rulote, calitate profesional\u0103, NOU, trece\u021bi peste iarn\u0103 aproape f\u0103r\u0103 zg\u00e2rieturi, vizibilitate \u00eembun\u0103t\u0103\u021bit\u0103 semnificativ pe vreme rea<\/strong><\/p>\n\n<p>\u00cenalt\u0103 calitate Fabricat \u00een Germania.<\/p>\n\n<hr\/>\n\n<h4 class=\"wp-block-heading\" id=\"properties\">Caracteristicile produsului<\/h4>\n\n<div class=\"wp-block-columns is-layout-flex wp-container-core-columns-is-layout-9d6595d7 wp-block-columns-is-layout-flex\">\n<div class=\"wp-block-column is-layout-flow wp-block-column-is-layout-flow\">\n<ul class=\"wp-block-list\">\n<li>Lichid limpede, incolor, invizibil \u0219i impalpabil<\/li>\n\n\n\n<li>Efect remarcabil, u\u0219or de cur\u0103\u021bat, pentru aderen\u021ba murd\u0103riei<\/li>\n\n\n\n<li>Repelente la ap\u0103, ulei \u0219i murd\u0103rie, ploaia \u0219i z\u0103pada se rostogolesc de pe geam, murd\u0103ria, excrementele de p\u0103s\u0103ri, insectele \u0219i ghea\u021ba nu mai pot adera ferm<\/li>\n\n\n\n<li>Face r\u0103zuirea ghe\u021bii mult mai u\u0219oar\u0103 iarna<\/li>\n\n\n\n<li>De la aproximativ 70 km\/h, ploaia se rostogole\u0219te \u00een timpul mersului chiar \u0219i f\u0103r\u0103 \u0219terg\u0103toare de parbriz \u0219i asigur\u0103 o vedere clar\u0103<\/li>\n\n\n\n<li>Dureaz\u0103 aproximativ 25.000 km sau p\u00e2n\u0103 la un an<\/li>\n\n\n\n<li>Reduce cre\u0219terea microorganismelor \u0219i bacteriilor, \u00eembun\u0103t\u0103\u021be\u0219te igiena<\/li>\n\n\n\n<li>Rezistent la \u00eenghe\u021b, c\u0103ldur\u0103 extrem\u0103, radia\u021bii UV, ap\u0103 s\u0103rat\u0103 \u0219i aer s\u0103rat, minerale din ap\u0103 dur\u0103 \u0219i alcaline, rezistent la sare de drum<\/li>\n\n\n\n<li>Inofensiv din punct de vedere fiziologic<\/li>\n<\/ul>\n<\/div>\n\n\n\n<div class=\"wp-block-column is-layout-flow wp-block-column-is-layout-flow\">\n<ul class=\"wp-block-list\" id=\"block-4d08488f-e4e2-46e9-af9b-8ca16197df33\">\n<li>Suprafe\u021bele r\u0103m\u00e2n curate mult mai mult, ceea ce extinde ciclurile de cur\u0103\u021bare \u0219i reduce semnificativ costurile, timpul \u0219i energia pentru cur\u0103\u021bare \u0219i \u00eentre\u021binere<\/li>\n\n\n\n<li>Nu mai sunt necesari agen\u021bi de cur\u0103\u021bare chimici (etan\u0219are, dar \u0219i rezisten\u021bi chimici la agen\u021bi de cur\u0103\u021bare p\u00e2n\u0103 la o valoare a pH-ului de 12)<\/li>\n\n\n\n<li>Stabil la UV \/ rezistent la \u00eenghe\u021b \/ rezistent la ap\u0103 s\u0103rat\u0103 \/ invizibil (grosimea stratului: 100-150 nm)<\/li>\n\n\n\n<li>Poate fi reaplicat cu u\u0219urin\u021b\u0103 dac\u0103 efectul dispare<\/li>\n<\/ul>\n\n\n\n<p><br\/><br\/>Pachetul de livrare: 1 x sticl\u0103 de un litru 1 x cap de pulverizare cu pomp\u0103<br\/><\/p>\n<\/div>\n<\/div>\n\n<hr\/>\n\n<h4 class=\"wp-block-heading\" id=\"application\">Aplica\u021bie<\/h4>\n\n<ul class=\"wp-block-list\">\n<li>Toate geamurile \u0219i oglinzile ma\u0219inilor, rulotelor, motocicletelor etc.<\/li>\n<\/ul>\n\n<p>Consumul depinde de structura suprafetei aproximativ 100-200m\u00b2\/litru.<\/p>\n\n<p>Perioada de valabilitate: Aproximativ 12 luni<\/p>\n","protected":false},"excerpt":{"rendered":"<p><strong>Etan\u0219are foarte eficient\u0103 pentru sticla auto \u0219i rulote:<\/strong><\/p>\n<p>\u2713 Calitate profesional\u0103 <\/p>\n<p>\u2713 Trece\u021bi peste iarn\u0103 aproape f\u0103r\u0103 zg\u00e2rieturi<\/p>\n<p>\u2713 Vizibilitate \u00eembun\u0103t\u0103\u021bit\u0103 semnificativ pe vreme rea<\/p>\n<p>\u2713 De la aproximativ 70 km\/h, ploaia se rostogole\u0219te \u00een timpul conducerii chiar \u0219i f\u0103r\u0103 \u0219terg\u0103toare de parbriz \u0219i asigur\u0103 o vedere clar\u0103<\/p>\n","protected":false},"featured_media":17622,"template":"","meta":{"_acf_changed":false,"neve_meta_sidebar":"","neve_meta_container":"","neve_meta_enable_content_width":"","neve_meta_content_width":0,"neve_meta_title_alignment":"","neve_meta_author_avatar":"","neve_post_elements_order":"","neve_meta_disable_header":"","neve_meta_disable_footer":"","neve_meta_disable_title":"","neve_meta_reading_time":"","_surfaces":[],"_ver_product_tabs":[],"footnotes":""},"product_brand":[],"product_cat":[2201],"product_tag":[],"class_list":{"0":"post-22825","1":"product","2":"type-product","3":"status-publish","4":"has-post-thumbnail","6":"product_cat-etansarea-masinii","7":"pa_gebinde-canister-de-20-l","8":"pa_gebinde-sticla-de-1000-ml","10":"first","11":"instock","12":"taxable","13":"shipping-taxable","14":"purchasable","15":"product-type-variable","16":"has-default-attributes"},"acf":[],"yoast_head":"<!-- This site is optimized with the Yoast SEO Premium plugin v22.8 (Yoast SEO v27.5) - https:\/\/yoast.com\/product\/yoast-seo-premium-wordpress\/ -->\n<title>Etansare auto sticla de calitate profesionala - versiegelung24.com<\/title>\n<meta name=\"robots\" content=\"index, follow, max-snippet:-1, max-image-preview:large, max-video-preview:-1\" \/>\n<link rel=\"canonical\" href=\"https:\/\/www.versiegelung24.com\/ro\/etansare-sticla-auto-in-calitate-profesionala.html\" \/>\n<meta property=\"og:locale\" content=\"ro_RO\" \/>\n<meta property=\"og:type\" content=\"article\" \/>\n<meta property=\"og:title\" content=\"Etansare auto sticla de calitate profesionala\" \/>\n<meta property=\"og:description\" content=\"Etan\u0219are foarte eficient\u0103 pentru sticla auto \u0219i rulote: \u2713 Calitate profesional\u0103 \u2713 Trece\u021bi peste iarn\u0103 aproape f\u0103r\u0103 zg\u00e2rieturi \u2713 Vizibilitate \u00eembun\u0103t\u0103\u021bit\u0103 semnificativ pe vreme rea \u2713 De la aproximativ 70 km\/h, ploaia se rostogole\u0219te \u00een timpul conducerii chiar \u0219i f\u0103r\u0103 \u0219terg\u0103toare de parbriz \u0219i asigur\u0103 o vedere clar\u0103\" \/>\n<meta property=\"og:url\" content=\"https:\/\/www.versiegelung24.com\/ro\/etansare-sticla-auto-in-calitate-profesionala.html\" \/>\n<meta property=\"og:site_name\" content=\"versiegelung24.com\" \/>\n<meta property=\"article:modified_time\" content=\"2025-01-03T22:39:52+00:00\" \/>\n<meta property=\"og:image\" content=\"https:\/\/www.versiegelung24.com\/wp-content\/uploads\/2020\/06\/produkt-1002-7601-1000-Autoglasversiegelung-scaled.jpg\" \/>\n\t<meta property=\"og:image:width\" content=\"2560\" \/>\n\t<meta property=\"og:image:height\" content=\"2560\" \/>\n\t<meta property=\"og:image:type\" content=\"image\/jpeg\" \/>\n<meta name=\"twitter:card\" content=\"summary_large_image\" \/>\n<meta name=\"twitter:label1\" content=\"Disponibilitate\" \/>\n\t<meta name=\"twitter:data1\" content=\"\u00cen stoc\" \/>\n<script type=\"application\/ld+json\" class=\"yoast-schema-graph\">{\"@context\":\"https:\\\/\\\/schema.org\",\"@graph\":[{\"@type\":\"WebPage\",\"@id\":\"https:\\\/\\\/www.versiegelung24.com\\\/ro\\\/etansare-sticla-auto-in-calitate-profesionala.html\",\"url\":\"https:\\\/\\\/www.versiegelung24.com\\\/ro\\\/etansare-sticla-auto-in-calitate-profesionala.html\",\"name\":\"Etansare auto sticla de calitate profesionala - versiegelung24.com\",\"isPartOf\":{\"@id\":\"https:\\\/\\\/www.versiegelung24.com\\\/ro\\\/#website\"},\"primaryImageOfPage\":{\"@id\":\"https:\\\/\\\/www.versiegelung24.com\\\/ro\\\/etansare-sticla-auto-in-calitate-profesionala.html#primaryimage\"},\"image\":{\"@id\":\"https:\\\/\\\/www.versiegelung24.com\\\/ro\\\/etansare-sticla-auto-in-calitate-profesionala.html#primaryimage\"},\"thumbnailUrl\":\"https:\\\/\\\/www.versiegelung24.com\\\/wp-content\\\/uploads\\\/2020\\\/06\\\/produkt-1002-7601-1000-Autoglasversiegelung-scaled.jpg\",\"datePublished\":\"2020-04-04T16:53:13+00:00\",\"dateModified\":\"2025-01-03T22:39:52+00:00\",\"breadcrumb\":{\"@id\":\"https:\\\/\\\/www.versiegelung24.com\\\/ro\\\/etansare-sticla-auto-in-calitate-profesionala.html#breadcrumb\"},\"inLanguage\":\"ro-RO\",\"potentialAction\":[{\"@type\":\"ReadAction\",\"target\":[\"https:\\\/\\\/www.versiegelung24.com\\\/ro\\\/etansare-sticla-auto-in-calitate-profesionala.html\"]}]},{\"@type\":\"ImageObject\",\"inLanguage\":\"ro-RO\",\"@id\":\"https:\\\/\\\/www.versiegelung24.com\\\/ro\\\/etansare-sticla-auto-in-calitate-profesionala.html#primaryimage\",\"url\":\"https:\\\/\\\/www.versiegelung24.com\\\/wp-content\\\/uploads\\\/2020\\\/06\\\/produkt-1002-7601-1000-Autoglasversiegelung-scaled.jpg\",\"contentUrl\":\"https:\\\/\\\/www.versiegelung24.com\\\/wp-content\\\/uploads\\\/2020\\\/06\\\/produkt-1002-7601-1000-Autoglasversiegelung-scaled.jpg\",\"width\":2560,\"height\":2560},{\"@type\":\"BreadcrumbList\",\"@id\":\"https:\\\/\\\/www.versiegelung24.com\\\/ro\\\/etansare-sticla-auto-in-calitate-profesionala.html#breadcrumb\",\"itemListElement\":[{\"@type\":\"ListItem\",\"position\":1,\"name\":\"Pagina de start\",\"item\":\"https:\\\/\\\/www.versiegelung24.com\\\/ro\\\/fata\\\/\"},{\"@type\":\"ListItem\",\"position\":2,\"name\":\"Magazin\",\"item\":\"https:\\\/\\\/www.versiegelung24.com\\\/ro\\\/magazin_ro\\\/\"},{\"@type\":\"ListItem\",\"position\":3,\"name\":\"Etansare auto sticla de calitate profesionala\"}]},{\"@type\":\"WebSite\",\"@id\":\"https:\\\/\\\/www.versiegelung24.com\\\/ro\\\/#website\",\"url\":\"https:\\\/\\\/www.versiegelung24.com\\\/ro\\\/\",\"name\":\"versiegelung24.com\",\"description\":\"Fl\u00fcssigglas-Versiegelung - Made in Germany\",\"publisher\":{\"@id\":\"https:\\\/\\\/www.versiegelung24.com\\\/ro\\\/#organization\"},\"potentialAction\":[{\"@type\":\"SearchAction\",\"target\":{\"@type\":\"EntryPoint\",\"urlTemplate\":\"https:\\\/\\\/www.versiegelung24.com\\\/ro\\\/?s={search_term_string}\"},\"query-input\":{\"@type\":\"PropertyValueSpecification\",\"valueRequired\":true,\"valueName\":\"search_term_string\"}}],\"inLanguage\":\"ro-RO\"},{\"@type\":\"Organization\",\"@id\":\"https:\\\/\\\/www.versiegelung24.com\\\/ro\\\/#organization\",\"name\":\"versiegelung24\",\"url\":\"https:\\\/\\\/www.versiegelung24.com\\\/ro\\\/\",\"logo\":{\"@type\":\"ImageObject\",\"inLanguage\":\"ro-RO\",\"@id\":\"https:\\\/\\\/www.versiegelung24.com\\\/ro\\\/#\\\/schema\\\/logo\\\/image\\\/\",\"url\":\"https:\\\/\\\/www.versiegelung24.com\\\/wp-content\\\/uploads\\\/2020\\\/04\\\/versiegelung24.png\",\"contentUrl\":\"https:\\\/\\\/www.versiegelung24.com\\\/wp-content\\\/uploads\\\/2020\\\/04\\\/versiegelung24.png\",\"width\":470,\"height\":102,\"caption\":\"versiegelung24\"},\"image\":{\"@id\":\"https:\\\/\\\/www.versiegelung24.com\\\/ro\\\/#\\\/schema\\\/logo\\\/image\\\/\"}}]}<\/script>\n<meta property=\"og:availability\" content=\"instock\" \/>\n<meta property=\"product:availability\" content=\"instock\" \/>\n<meta property=\"product:retailer_item_id\" content=\"1002-7601\" \/>\n<meta property=\"product:condition\" content=\"new\" \/>\n<!-- \/ Yoast SEO Premium plugin. -->","yoast_head_json":{"title":"Etansare auto sticla de calitate profesionala - versiegelung24.com","robots":{"index":"index","follow":"follow","max-snippet":"max-snippet:-1","max-image-preview":"max-image-preview:large","max-video-preview":"max-video-preview:-1"},"canonical":"https:\/\/www.versiegelung24.com\/ro\/etansare-sticla-auto-in-calitate-profesionala.html","og_locale":"ro_RO","og_type":"article","og_title":"Etansare auto sticla de calitate profesionala","og_description":"Etan\u0219are foarte eficient\u0103 pentru sticla auto \u0219i rulote: \u2713 Calitate profesional\u0103 \u2713 Trece\u021bi peste iarn\u0103 aproape f\u0103r\u0103 zg\u00e2rieturi \u2713 Vizibilitate \u00eembun\u0103t\u0103\u021bit\u0103 semnificativ pe vreme rea \u2713 De la aproximativ 70 km\/h, ploaia se rostogole\u0219te \u00een timpul conducerii chiar \u0219i f\u0103r\u0103 \u0219terg\u0103toare de parbriz \u0219i asigur\u0103 o vedere clar\u0103","og_url":"https:\/\/www.versiegelung24.com\/ro\/etansare-sticla-auto-in-calitate-profesionala.html","og_site_name":"versiegelung24.com","article_modified_time":"2025-01-03T22:39:52+00:00","og_image":[{"width":2560,"height":2560,"url":"https:\/\/www.versiegelung24.com\/wp-content\/uploads\/2020\/06\/produkt-1002-7601-1000-Autoglasversiegelung-scaled.jpg","type":"image\/jpeg"}],"twitter_card":"summary_large_image","twitter_misc":{"Disponibilitate":"\u00cen stoc"},"schema":{"@context":"https:\/\/schema.org","@graph":[{"@type":"WebPage","@id":"https:\/\/www.versiegelung24.com\/ro\/etansare-sticla-auto-in-calitate-profesionala.html","url":"https:\/\/www.versiegelung24.com\/ro\/etansare-sticla-auto-in-calitate-profesionala.html","name":"Etansare auto sticla de calitate profesionala - versiegelung24.com","isPartOf":{"@id":"https:\/\/www.versiegelung24.com\/ro\/#website"},"primaryImageOfPage":{"@id":"https:\/\/www.versiegelung24.com\/ro\/etansare-sticla-auto-in-calitate-profesionala.html#primaryimage"},"image":{"@id":"https:\/\/www.versiegelung24.com\/ro\/etansare-sticla-auto-in-calitate-profesionala.html#primaryimage"},"thumbnailUrl":"https:\/\/www.versiegelung24.com\/wp-content\/uploads\/2020\/06\/produkt-1002-7601-1000-Autoglasversiegelung-scaled.jpg","datePublished":"2020-04-04T16:53:13+00:00","dateModified":"2025-01-03T22:39:52+00:00","breadcrumb":{"@id":"https:\/\/www.versiegelung24.com\/ro\/etansare-sticla-auto-in-calitate-profesionala.html#breadcrumb"},"inLanguage":"ro-RO","potentialAction":[{"@type":"ReadAction","target":["https:\/\/www.versiegelung24.com\/ro\/etansare-sticla-auto-in-calitate-profesionala.html"]}]},{"@type":"ImageObject","inLanguage":"ro-RO","@id":"https:\/\/www.versiegelung24.com\/ro\/etansare-sticla-auto-in-calitate-profesionala.html#primaryimage","url":"https:\/\/www.versiegelung24.com\/wp-content\/uploads\/2020\/06\/produkt-1002-7601-1000-Autoglasversiegelung-scaled.jpg","contentUrl":"https:\/\/www.versiegelung24.com\/wp-content\/uploads\/2020\/06\/produkt-1002-7601-1000-Autoglasversiegelung-scaled.jpg","width":2560,"height":2560},{"@type":"BreadcrumbList","@id":"https:\/\/www.versiegelung24.com\/ro\/etansare-sticla-auto-in-calitate-profesionala.html#breadcrumb","itemListElement":[{"@type":"ListItem","position":1,"name":"Pagina de start","item":"https:\/\/www.versiegelung24.com\/ro\/fata\/"},{"@type":"ListItem","position":2,"name":"Magazin","item":"https:\/\/www.versiegelung24.com\/ro\/magazin_ro\/"},{"@type":"ListItem","position":3,"name":"Etansare auto sticla de calitate profesionala"}]},{"@type":"WebSite","@id":"https:\/\/www.versiegelung24.com\/ro\/#website","url":"https:\/\/www.versiegelung24.com\/ro\/","name":"versiegelung24.com","description":"Fl\u00fcssigglas-Versiegelung - Made in Germany","publisher":{"@id":"https:\/\/www.versiegelung24.com\/ro\/#organization"},"potentialAction":[{"@type":"SearchAction","target":{"@type":"EntryPoint","urlTemplate":"https:\/\/www.versiegelung24.com\/ro\/?s={search_term_string}"},"query-input":{"@type":"PropertyValueSpecification","valueRequired":true,"valueName":"search_term_string"}}],"inLanguage":"ro-RO"},{"@type":"Organization","@id":"https:\/\/www.versiegelung24.com\/ro\/#organization","name":"versiegelung24","url":"https:\/\/www.versiegelung24.com\/ro\/","logo":{"@type":"ImageObject","inLanguage":"ro-RO","@id":"https:\/\/www.versiegelung24.com\/ro\/#\/schema\/logo\/image\/","url":"https:\/\/www.versiegelung24.com\/wp-content\/uploads\/2020\/04\/versiegelung24.png","contentUrl":"https:\/\/www.versiegelung24.com\/wp-content\/uploads\/2020\/04\/versiegelung24.png","width":470,"height":102,"caption":"versiegelung24"},"image":{"@id":"https:\/\/www.versiegelung24.com\/ro\/#\/schema\/logo\/image\/"}}]},"og_availability":"instock","product_availability":"instock","product_retailer_item_id":"1002-7601","product_condition":"new"},"_links":{"self":[{"href":"https:\/\/www.versiegelung24.com\/ro\/wp-json\/wp\/v2\/product\/22825","targetHints":{"allow":["GET"]}}],"collection":[{"href":"https:\/\/www.versiegelung24.com\/ro\/wp-json\/wp\/v2\/product"}],"about":[{"href":"https:\/\/www.versiegelung24.com\/ro\/wp-json\/wp\/v2\/types\/product"}],"version-history":[{"count":14,"href":"https:\/\/www.versiegelung24.com\/ro\/wp-json\/wp\/v2\/product\/22825\/revisions"}],"predecessor-version":[{"id":177540,"href":"https:\/\/www.versiegelung24.com\/ro\/wp-json\/wp\/v2\/product\/22825\/revisions\/177540"}],"wp:featuredmedia":[{"embeddable":true,"href":"https:\/\/www.versiegelung24.com\/ro\/wp-json\/wp\/v2\/media\/17622"}],"wp:attachment":[{"href":"https:\/\/www.versiegelung24.com\/ro\/wp-json\/wp\/v2\/media?parent=22825"}],"wp:term":[{"taxonomy":"product_brand","embeddable":true,"href":"https:\/\/www.versiegelung24.com\/ro\/wp-json\/wp\/v2\/product_brand?post=22825"},{"taxonomy":"product_cat","embeddable":true,"href":"https:\/\/www.versiegelung24.com\/ro\/wp-json\/wp\/v2\/product_cat?post=22825"},{"taxonomy":"product_tag","embeddable":true,"href":"https:\/\/www.versiegelung24.com\/ro\/wp-json\/wp\/v2\/product_tag?post=22825"}],"curies":[{"name":"wp","href":"https:\/\/api.w.org\/{rel}","templated":true}]}}