{"id":22841,"date":"2020-04-04T18:53:16","date_gmt":"2021-08-02T19:04:16","guid":{"rendered":"https:\/\/www.versiegelung24.com\/produkt\/1-litru-de-concentrat-bacoban-pentru-100-de-litri-de-dezinfectie-pe-suprafata-pe-termen-lung"},"modified":"2025-01-13T16:36:07","modified_gmt":"2025-01-13T15:36:07","slug":"bacoban-concentrat-de-dezinfectie-pe-suprafata-pe-termen-lung","status":"publish","type":"product","link":"https:\/\/www.versiegelung24.com\/ro\/bacoban-concentrat-de-dezinfectie-pe-suprafata-pe-termen-lung.html","title":{"rendered":"1 litru de concentrat BACOBAN\u00ae pentru 100 de litri de dezinfec\u021bie pe suprafa\u021b\u0103 pe termen lung"},"content":{"rendered":"\n<h2 class=\"wp-block-heading\" id=\"1-liter-flasche-bacoban-langzeit-flachendesinfektion-konzentrat\">Flacon de 1 litru de concentrat BACOBAN\u00ae pe termen lung pentru dezinfectarea suprafe\u021bei<\/h2>\n\n<p><strong>Suficient pentru 100 de litri de dezinfectant (diluat 1: 100 cu ap\u0103)<\/strong><\/p>\n\n<p><strong>Folosi\u021bi cu aten\u021bie dezinfectan\u021bii. Citi\u021bi \u00eentotdeauna eticheta \u0219i informa\u021biile despre produs \u00eenainte de utilizare.<\/strong><\/p>\n\n<hr \/>\n\n<h4 class=\"wp-block-heading\" id=\"properties\">Caracteristicile produsului<\/h4>\n\n<ul class=\"wp-block-list\"><li><br \/>Efect antimicrobian de durat\u0103 (efect de remanen\u021b\u0103) p\u00e2n\u0103 la 10 zile<\/li><li>VAH listat<\/li><li>eficient \u00eempotriva coronavirusului<\/li><li>toleran\u021b\u0103 foarte bun\u0103 a pielii<\/li><li>efect de curatare ridicat<\/li><li>Aplica\u021bie practic\u0103 testat\u0103 \u00een testul \u00een 4 c\u00e2mpuri<\/li><\/ul>\n\n<p><strong>Bacoban<\/strong><sup> \u00ae<\/sup><strong> WB<\/strong> este un concentrat pe baz\u0103 de ap\u0103 pentru dezinfectarea \u0219i cur\u0103\u021barea combinat\u0103 a inventarului \u0219i a pardoselilor cu efect antimicrobian de durat\u0103 (efect de remanen\u021b\u0103).<\/p>\n\n<hr \/>\n\n<h4 class=\"wp-block-heading\" id=\"application\">Aplica\u021bie<\/h4>\n\n<h3 class=\"wp-block-heading\" id=\"gebrauch\">utilizare<\/h3>\n\n<p>Afar\u0103<strong> Bacoban<\/strong><sup> \u00ae<\/sup><strong> WB<\/strong> Preg\u0103ti\u021bi o solu\u021bie gata de utilizare conform tabelului de amestecare \u0219i uda\u021bi suficient suprafe\u021bele. Nu cl\u0103ti\u021bi \u0219i nu freca\u021bi uscat. Timp de repaus al solu\u021biei de lucru proasp\u0103t preparate: 8 ore<\/p>\n\n<figure class=\"wp-block-table\"><table><tbody><tr><td>Mas\u0103 de amestecare<\/td><\/tr><tr><td>Volumul final<\/td><td>0,5 %<\/td><td>1 %<\/td><td>2 %<\/td><td>3 %<\/td><\/tr><tr><td>1 litru<\/td><td>5 ml<\/td><td>10 ml<\/td><td>20 ml<\/td><td>30 ml<\/td><\/tr><tr><td>2 litri<\/td><td>10 ml<\/td><td>20 ml<\/td><td>40 ml<\/td><td>60 ml<\/td><\/tr><tr><td>4 litri<\/td><td>20 ml<\/td><td>40 ml<\/td><td>80 ml<\/td><td>120 ml<\/td><\/tr><tr><td>8 litri<\/td><td>40 ml<\/td><td>80 ml<\/td><td>160 ml<\/td><td>240 ml<\/td><\/tr><tr><td>10 litri<\/td><td>50 ml<\/td><td>100 ml<\/td><td>200 ml<\/td><td>300 ml<\/td><\/tr><\/tbody><\/table><\/figure>\n\n<p><br \/>Efect antimicrobian durabil <strong>(efect de remanen\u021b\u0103)<\/strong> timp de p\u00e2n\u0103 la <strong>10 zile<\/strong> (testat \u00een conformitate cu ASTM E 2180). Testat dermatologic (*la 1%): compatibilitate foarte bun\u0103 cu pielea.<\/p>\n\n<h3 class=\"wp-block-heading\" id=\"lagerung\">depozitare<\/h3>\n\n<p><strong>Bacoban<\/strong><sup> \u00ae<\/sup><strong> WB<\/strong> depozita\u021bi la +5 p\u00e2n\u0103 la + 25 \u00b0 C. Proteja\u021bi-v\u0103 de \u00eenghe\u021b \u0219i de lumina direct\u0103 a soarelui.<\/p>\n\n<hr \/>\n\n<h4 class=\"wp-block-heading\" id=\"advisor\">Consilier<\/h4>\n\n<h3 class=\"wp-block-heading\" id=\"gutachten\">Evaluare<\/h3>\n\n<p>Produsele noastre au fost testate extensiv. La cerere, v\u0103 vom oferi cu pl\u0103cere rapoartele noastre microbiologice \u0219i dermatologice.<\/p>\n\n<h3 class=\"wp-block-heading\" id=\"sicherheitshinweis\">Not\u0103 de siguran\u021b\u0103<\/h3>\n\n<p>Fi\u0219a cu date de securitate este disponibil\u0103 la cerere.<\/p>\n\n<p><strong>Important<\/strong> ! Efectul remanent antimicrobian al<strong> Bacoban<\/strong><sup> \u00ae<\/sup><strong> WB<\/strong> nu trebuie s\u0103 conduc\u0103 la omiterea m\u0103surilor de dezinfec\u021bie necesare \u00een cazul unei contamin\u0103ri vizibile \u0219i \/ sau discutabile!<\/p>\n\n<p>Asocia\u021bia de asigurare de r\u0103spundere civil\u0103 a angajatorilor prevede c\u0103 trebuie purtate m\u0103nu\u0219i atunci c\u00e2nd se manipuleaz\u0103 dezinfectan\u021bi. Nociv dac\u0103 este \u00eenghi\u021bit. Provoac\u0103 arsuri grave ale pielii \u0219i leziuni oculare. Foarte toxic pentru organismele acvatice. Toxic pentru organismele acvatice, cu efecte de lung\u0103 durat\u0103. Nu m\u00e2nca\u021bi, nu be\u021bi \u0219i nu fuma\u021bi \u00een timpul utiliz\u0103rii produsului. \u00ceN CAZ DE INGHI\u021aIRE: Cl\u0103ti\u021bi gura. NU provoca\u021bi v\u0103rs\u0103turi. \u00ceN CAZ DE CONTACT CU PIELEA (sau p\u0103rul): \u00cendep\u0103rta\u021bi imediat toate hainele contaminate. Cl\u0103ti\u021bi pielea cu ap\u0103\/du\u0219. \u00ceN CAZ DE CONTACT CU OCHII: Cl\u0103ti\u021bi cu aten\u021bie cu ap\u0103 timp de c\u00e2teva minute. \u00cendep\u0103rta\u021bi lentilele de contact existente, dac\u0103 este posibil. Continua\u021bi s\u0103 cl\u0103ti\u021bi. Suna\u021bi imediat la un CENTRU ANTIPOZITICE sau la un medic. \u00cen cazul \u00een care este necesar un aviz medical, preg\u0103ti\u021bi ambalajul sau eticheta. <br \/>A nu se l\u0103sa la \u00eendem\u00e2na copiilor. A se utiliza numai cu ap\u0103 \u0219i \u00een conformitate cu tabelul de amestecare. Nu se utilizeaz\u0103 \u00eempreun\u0103 cu al\u021bi agen\u021bi de cur\u0103\u021bare sau dezinfectan\u021bi.<\/p>\n\n<p>Poate fi utilizat pe toate suprafe\u021bele. Pentru suprafe\u021bele cu sensibilitate \u00eendoielnic\u0103, v\u0103 recomand\u0103m un test de rezisten\u021b\u0103 pe o zon\u0103 pu\u021bin vizibil\u0103. A se p\u0103stra numai \u00eentr-un recipient \u00eenchis. A se p\u0103stra \u00eentr-un loc r\u0103coros \u0219i uscat.<\/p>\n\n<p>Recipientul poate fi reciclat numai atunci c\u00e2nd este complet gol. Nu se utilizeaz\u0103 dup\u0103 data de expirare. Elimina\u021bi \u00een conformitate cu reglement\u0103rile locale \u0219i oficiale.<\/p>\n\n<p>Nr. de \u00eenregistrare biocid: N-28795 (D). 263\/17\/L (Lu)<\/p>\n\n<p>Solu\u021bia <strong>gata<\/strong> de utilizare conform tabelului de amestecare nu necesit\u0103 un simbol de pericol.<\/p>\n\n<h3 class=\"wp-block-heading\" id=\"zusammensetzung\">compozi\u0163ie<\/h3>\n\n<p>100 g de solu\u021bie con\u021bin: clorur\u0103 de benzalconiu 26 g, pirition\u0103 de sodiu 2,5 g, policondensate, parfumuri, ap\u0103 purificat\u0103. Ingrediente conform Regulamentului (CE) nr. 648\/2004: 15% \u0219i mai mult, dar mai pu\u021bin de 30% surfactan\u021bi cationici, dezinfectan\u021bi, parfumuri (linalol, limonen, citral, geraniol, citronelol).<br \/>F\u0103r\u0103 formaldehid\u0103, f\u0103r\u0103 fenol.<\/p>\n\n<figure class=\"wp-block-table\"><table><tbody><tr><td>eficacitate<\/td><\/tr><tr><td>Testarea conform ghidurilor DVV \/ RKI<\/td><td>diluare<\/td><td>Timp de expunere<\/td><\/tr><tr><td><br \/>Virucid limitat (virusuri \u00eenvelite, inclusiv <strong>coronavirus<\/strong>, HIV, HBV, HCV, grip\u0103, herpes, virusul Ebola&#8230;.)<\/td><td>1,00 %<\/td><td>5 minute<\/td><\/tr><tr><td>Adenovirus<\/td><td>2,00 %<\/td><td>240 min<\/td><\/tr><tr><td>Virusul papilomului uman (HPV)<\/td><td>1,00 %<\/td><td>60 min<\/td><\/tr><tr><td>Norovirus<\/td><td>1,00 %<\/td><td>30 minute<\/td><\/tr><tr><td>Testare conform ghidului DGHM (cu mecanic\u0103, sarcin\u0103 mare)<\/td><\/tr><tr><td>bactericid\u0103 \u0219i levidicid\u0103<\/td><td>1,00 %<\/td><td>5 minute<\/td><\/tr><tr><td>Standardele EN<\/td><\/tr><tr><td>EN 1040 (bactericid)<\/td><td>0,25 %<\/td><td>5 minute<\/td><\/tr><tr><td>EN 1275 (levidicid)<\/td><td>0,25 %<\/td><td>5 minute<\/td><\/tr><tr><td>EN 1276 (bactericid)<\/td><td>0,75 %<\/td><td>5 minute<\/td><\/tr><tr><td>\u00a0<\/td><td>0,50 %<\/td><td>15 minute<\/td><\/tr><tr><td>EN 13727 (bactericid)<\/td><td>1,00 %<\/td><td>5 minute<\/td><\/tr><tr><td>EN 13624 (drojdicid, fungicid)<\/td><td>1,00 %<\/td><td>5 minute<\/td><\/tr><tr><td>EN 1650 (levidicid)<\/td><td>0,50 %<\/td><td>5 minute<\/td><\/tr><tr><td>\u00a0<\/td><td>0,25 %<\/td><td>15 minute<\/td><\/tr><tr><td>EN 13697 (bactericid)<\/td><td>0,50 %<\/td><td>15 minute<\/td><\/tr><tr><td>EN 14561 (bactericid)<\/td><td>0,50 %<\/td><td>15 minute<\/td><\/tr><tr><td>\u00a0<\/td><td>0,50 %<\/td><td>60 min<\/td><\/tr><tr><td>EN 14562 (levidicid)<\/td><td>0,50 %<\/td><td>60 min<\/td><\/tr><tr><td>EN 16615 (bactericid, drojdicid) (test pe 4 c\u00e2mpuri)<\/td><td>1,00 %<\/td><td>5 minute<\/td><\/tr><\/tbody><\/table><\/figure>\n\n<p><strong>Folosi\u021bi cu aten\u021bie dezinfectan\u021bii. Citi\u021bi \u00eentotdeauna eticheta \u0219i informa\u021biile despre produs \u00eenainte de utilizare.<\/strong><\/p>\n","protected":false},"excerpt":{"rendered":"<p style=\"color: #545454;font-family: Verdana, sans-serif;font-size: 11px;line-height: 15.666666984558105px\"><strong>Dezinfectarea \u0219i cur\u0103\u021barea suprafe\u021bei f\u0103r\u0103 alcool<\/strong><\/p>\n","protected":false},"featured_media":21961,"template":"","meta":{"_acf_changed":false,"neve_meta_sidebar":"","neve_meta_container":"","neve_meta_enable_content_width":"","neve_meta_content_width":0,"neve_meta_title_alignment":"","neve_meta_author_avatar":"","neve_post_elements_order":"","neve_meta_disable_header":"","neve_meta_disable_footer":"","neve_meta_disable_title":"","neve_meta_reading_time":"","_surfaces":[],"_ver_product_tabs":[],"footnotes":""},"product_brand":[],"product_cat":[2277,2279,2280],"product_tag":[],"class_list":{"0":"post-22841","1":"product","2":"type-product","3":"status-publish","4":"has-post-thumbnail","6":"product_cat-dezinfectanti","7":"product_cat-dezinfectanti-de-suprafata","8":"product_cat-concentrate-dezinfectante","10":"first","11":"instock","12":"taxable","13":"shipping-taxable","14":"purchasable","15":"product-type-simple"},"acf":[],"yoast_head":"<!-- This site is optimized with the Yoast SEO Premium plugin v22.8 (Yoast SEO v27.5) - https:\/\/yoast.com\/product\/yoast-seo-premium-wordpress\/ -->\n<title>1 litru de concentrat BACOBAN\u00ae pentru 100 de litri de dezinfec\u021bie pe suprafa\u021b\u0103 pe termen lung - versiegelung24.com<\/title>\n<meta name=\"robots\" content=\"index, follow, max-snippet:-1, max-image-preview:large, max-video-preview:-1\" \/>\n<link rel=\"canonical\" href=\"https:\/\/www.versiegelung24.com\/ro\/bacoban-concentrat-de-dezinfectie-pe-suprafata-pe-termen-lung.html\" \/>\n<meta property=\"og:locale\" content=\"ro_RO\" \/>\n<meta property=\"og:type\" content=\"article\" \/>\n<meta property=\"og:title\" content=\"1 litru de concentrat BACOBAN\u00ae pentru 100 de litri de dezinfec\u021bie pe suprafa\u021b\u0103 pe termen lung\" \/>\n<meta property=\"og:description\" content=\"Dezinfectarea \u0219i cur\u0103\u021barea suprafe\u021bei f\u0103r\u0103 alcool\" \/>\n<meta property=\"og:url\" content=\"https:\/\/www.versiegelung24.com\/ro\/bacoban-concentrat-de-dezinfectie-pe-suprafata-pe-termen-lung.html\" \/>\n<meta property=\"og:site_name\" content=\"versiegelung24.com\" \/>\n<meta property=\"article:modified_time\" content=\"2025-01-13T15:36:07+00:00\" \/>\n<meta property=\"og:image\" content=\"https:\/\/www.versiegelung24.com\/wp-content\/uploads\/2020\/04\/bacwb1-bacoban-langzeitdesinfektion-konzentrat-1-liter.png\" \/>\n\t<meta property=\"og:image:width\" content=\"1000\" \/>\n\t<meta property=\"og:image:height\" content=\"1000\" \/>\n\t<meta property=\"og:image:type\" content=\"image\/png\" \/>\n<meta name=\"twitter:card\" content=\"summary_large_image\" \/>\n<meta name=\"twitter:label1\" content=\"Pre\u021b\" \/>\n\t<meta name=\"twitter:data1\" content=\"89,90&euro;\" \/>\n\t<meta name=\"twitter:label2\" content=\"Disponibilitate\" \/>\n\t<meta name=\"twitter:data2\" content=\"\u00cen stoc\" \/>\n<script type=\"application\/ld+json\" class=\"yoast-schema-graph\">{\"@context\":\"https:\\\/\\\/schema.org\",\"@graph\":[{\"@type\":\"WebPage\",\"@id\":\"https:\\\/\\\/www.versiegelung24.com\\\/ro\\\/bacoban-concentrat-de-dezinfectie-pe-suprafata-pe-termen-lung.html\",\"url\":\"https:\\\/\\\/www.versiegelung24.com\\\/ro\\\/bacoban-concentrat-de-dezinfectie-pe-suprafata-pe-termen-lung.html\",\"name\":\"1 litru de concentrat BACOBAN\u00ae pentru 100 de litri de dezinfec\u021bie pe suprafa\u021b\u0103 pe termen lung - versiegelung24.com\",\"isPartOf\":{\"@id\":\"https:\\\/\\\/www.versiegelung24.com\\\/ro\\\/#website\"},\"primaryImageOfPage\":{\"@id\":\"https:\\\/\\\/www.versiegelung24.com\\\/ro\\\/bacoban-concentrat-de-dezinfectie-pe-suprafata-pe-termen-lung.html#primaryimage\"},\"image\":{\"@id\":\"https:\\\/\\\/www.versiegelung24.com\\\/ro\\\/bacoban-concentrat-de-dezinfectie-pe-suprafata-pe-termen-lung.html#primaryimage\"},\"thumbnailUrl\":\"https:\\\/\\\/www.versiegelung24.com\\\/wp-content\\\/uploads\\\/2020\\\/04\\\/bacwb1-bacoban-langzeitdesinfektion-konzentrat-1-liter.png\",\"datePublished\":\"2021-08-02T19:04:16+00:00\",\"dateModified\":\"2025-01-13T15:36:07+00:00\",\"breadcrumb\":{\"@id\":\"https:\\\/\\\/www.versiegelung24.com\\\/ro\\\/bacoban-concentrat-de-dezinfectie-pe-suprafata-pe-termen-lung.html#breadcrumb\"},\"inLanguage\":\"ro-RO\",\"potentialAction\":[{\"@type\":\"ReadAction\",\"target\":[\"https:\\\/\\\/www.versiegelung24.com\\\/ro\\\/bacoban-concentrat-de-dezinfectie-pe-suprafata-pe-termen-lung.html\"]}]},{\"@type\":\"ImageObject\",\"inLanguage\":\"ro-RO\",\"@id\":\"https:\\\/\\\/www.versiegelung24.com\\\/ro\\\/bacoban-concentrat-de-dezinfectie-pe-suprafata-pe-termen-lung.html#primaryimage\",\"url\":\"https:\\\/\\\/www.versiegelung24.com\\\/wp-content\\\/uploads\\\/2020\\\/04\\\/bacwb1-bacoban-langzeitdesinfektion-konzentrat-1-liter.png\",\"contentUrl\":\"https:\\\/\\\/www.versiegelung24.com\\\/wp-content\\\/uploads\\\/2020\\\/04\\\/bacwb1-bacoban-langzeitdesinfektion-konzentrat-1-liter.png\",\"width\":1000,\"height\":1000},{\"@type\":\"BreadcrumbList\",\"@id\":\"https:\\\/\\\/www.versiegelung24.com\\\/ro\\\/bacoban-concentrat-de-dezinfectie-pe-suprafata-pe-termen-lung.html#breadcrumb\",\"itemListElement\":[{\"@type\":\"ListItem\",\"position\":1,\"name\":\"Pagina de start\",\"item\":\"https:\\\/\\\/www.versiegelung24.com\\\/ro\\\/fata\\\/\"},{\"@type\":\"ListItem\",\"position\":2,\"name\":\"Magazin\",\"item\":\"https:\\\/\\\/www.versiegelung24.com\\\/ro\\\/magazin_ro\\\/\"},{\"@type\":\"ListItem\",\"position\":3,\"name\":\"1 litru de concentrat BACOBAN\u00ae pentru 100 de litri de dezinfec\u021bie pe suprafa\u021b\u0103 pe termen lung\"}]},{\"@type\":\"WebSite\",\"@id\":\"https:\\\/\\\/www.versiegelung24.com\\\/ro\\\/#website\",\"url\":\"https:\\\/\\\/www.versiegelung24.com\\\/ro\\\/\",\"name\":\"versiegelung24.com\",\"description\":\"Fl\u00fcssigglas-Versiegelung - Made in Germany\",\"publisher\":{\"@id\":\"https:\\\/\\\/www.versiegelung24.com\\\/ro\\\/#organization\"},\"potentialAction\":[{\"@type\":\"SearchAction\",\"target\":{\"@type\":\"EntryPoint\",\"urlTemplate\":\"https:\\\/\\\/www.versiegelung24.com\\\/ro\\\/?s={search_term_string}\"},\"query-input\":{\"@type\":\"PropertyValueSpecification\",\"valueRequired\":true,\"valueName\":\"search_term_string\"}}],\"inLanguage\":\"ro-RO\"},{\"@type\":\"Organization\",\"@id\":\"https:\\\/\\\/www.versiegelung24.com\\\/ro\\\/#organization\",\"name\":\"versiegelung24\",\"url\":\"https:\\\/\\\/www.versiegelung24.com\\\/ro\\\/\",\"logo\":{\"@type\":\"ImageObject\",\"inLanguage\":\"ro-RO\",\"@id\":\"https:\\\/\\\/www.versiegelung24.com\\\/ro\\\/#\\\/schema\\\/logo\\\/image\\\/\",\"url\":\"https:\\\/\\\/www.versiegelung24.com\\\/wp-content\\\/uploads\\\/2020\\\/04\\\/versiegelung24.png\",\"contentUrl\":\"https:\\\/\\\/www.versiegelung24.com\\\/wp-content\\\/uploads\\\/2020\\\/04\\\/versiegelung24.png\",\"width\":470,\"height\":102,\"caption\":\"versiegelung24\"},\"image\":{\"@id\":\"https:\\\/\\\/www.versiegelung24.com\\\/ro\\\/#\\\/schema\\\/logo\\\/image\\\/\"}}]}<\/script>\n<meta property=\"product:price:amount\" content=\"89.90\" \/>\n<meta property=\"product:price:currency\" content=\"EUR\" \/>\n<meta property=\"og:availability\" content=\"instock\" \/>\n<meta property=\"product:availability\" content=\"instock\" \/>\n<meta property=\"product:retailer_item_id\" content=\"BACWB1D\" \/>\n<meta property=\"product:condition\" content=\"new\" \/>\n<!-- \/ Yoast SEO Premium plugin. -->","yoast_head_json":{"title":"1 litru de concentrat BACOBAN\u00ae pentru 100 de litri de dezinfec\u021bie pe suprafa\u021b\u0103 pe termen lung - versiegelung24.com","robots":{"index":"index","follow":"follow","max-snippet":"max-snippet:-1","max-image-preview":"max-image-preview:large","max-video-preview":"max-video-preview:-1"},"canonical":"https:\/\/www.versiegelung24.com\/ro\/bacoban-concentrat-de-dezinfectie-pe-suprafata-pe-termen-lung.html","og_locale":"ro_RO","og_type":"article","og_title":"1 litru de concentrat BACOBAN\u00ae pentru 100 de litri de dezinfec\u021bie pe suprafa\u021b\u0103 pe termen lung","og_description":"Dezinfectarea \u0219i cur\u0103\u021barea suprafe\u021bei f\u0103r\u0103 alcool","og_url":"https:\/\/www.versiegelung24.com\/ro\/bacoban-concentrat-de-dezinfectie-pe-suprafata-pe-termen-lung.html","og_site_name":"versiegelung24.com","article_modified_time":"2025-01-13T15:36:07+00:00","og_image":[{"width":1000,"height":1000,"url":"https:\/\/www.versiegelung24.com\/wp-content\/uploads\/2020\/04\/bacwb1-bacoban-langzeitdesinfektion-konzentrat-1-liter.png","type":"image\/png"}],"twitter_card":"summary_large_image","twitter_misc":{"Pre\u021b":"89,90&euro;","Disponibilitate":"\u00cen stoc"},"schema":{"@context":"https:\/\/schema.org","@graph":[{"@type":"WebPage","@id":"https:\/\/www.versiegelung24.com\/ro\/bacoban-concentrat-de-dezinfectie-pe-suprafata-pe-termen-lung.html","url":"https:\/\/www.versiegelung24.com\/ro\/bacoban-concentrat-de-dezinfectie-pe-suprafata-pe-termen-lung.html","name":"1 litru de concentrat BACOBAN\u00ae pentru 100 de litri de dezinfec\u021bie pe suprafa\u021b\u0103 pe termen lung - versiegelung24.com","isPartOf":{"@id":"https:\/\/www.versiegelung24.com\/ro\/#website"},"primaryImageOfPage":{"@id":"https:\/\/www.versiegelung24.com\/ro\/bacoban-concentrat-de-dezinfectie-pe-suprafata-pe-termen-lung.html#primaryimage"},"image":{"@id":"https:\/\/www.versiegelung24.com\/ro\/bacoban-concentrat-de-dezinfectie-pe-suprafata-pe-termen-lung.html#primaryimage"},"thumbnailUrl":"https:\/\/www.versiegelung24.com\/wp-content\/uploads\/2020\/04\/bacwb1-bacoban-langzeitdesinfektion-konzentrat-1-liter.png","datePublished":"2021-08-02T19:04:16+00:00","dateModified":"2025-01-13T15:36:07+00:00","breadcrumb":{"@id":"https:\/\/www.versiegelung24.com\/ro\/bacoban-concentrat-de-dezinfectie-pe-suprafata-pe-termen-lung.html#breadcrumb"},"inLanguage":"ro-RO","potentialAction":[{"@type":"ReadAction","target":["https:\/\/www.versiegelung24.com\/ro\/bacoban-concentrat-de-dezinfectie-pe-suprafata-pe-termen-lung.html"]}]},{"@type":"ImageObject","inLanguage":"ro-RO","@id":"https:\/\/www.versiegelung24.com\/ro\/bacoban-concentrat-de-dezinfectie-pe-suprafata-pe-termen-lung.html#primaryimage","url":"https:\/\/www.versiegelung24.com\/wp-content\/uploads\/2020\/04\/bacwb1-bacoban-langzeitdesinfektion-konzentrat-1-liter.png","contentUrl":"https:\/\/www.versiegelung24.com\/wp-content\/uploads\/2020\/04\/bacwb1-bacoban-langzeitdesinfektion-konzentrat-1-liter.png","width":1000,"height":1000},{"@type":"BreadcrumbList","@id":"https:\/\/www.versiegelung24.com\/ro\/bacoban-concentrat-de-dezinfectie-pe-suprafata-pe-termen-lung.html#breadcrumb","itemListElement":[{"@type":"ListItem","position":1,"name":"Pagina de start","item":"https:\/\/www.versiegelung24.com\/ro\/fata\/"},{"@type":"ListItem","position":2,"name":"Magazin","item":"https:\/\/www.versiegelung24.com\/ro\/magazin_ro\/"},{"@type":"ListItem","position":3,"name":"1 litru de concentrat BACOBAN\u00ae pentru 100 de litri de dezinfec\u021bie pe suprafa\u021b\u0103 pe termen lung"}]},{"@type":"WebSite","@id":"https:\/\/www.versiegelung24.com\/ro\/#website","url":"https:\/\/www.versiegelung24.com\/ro\/","name":"versiegelung24.com","description":"Fl\u00fcssigglas-Versiegelung - Made in Germany","publisher":{"@id":"https:\/\/www.versiegelung24.com\/ro\/#organization"},"potentialAction":[{"@type":"SearchAction","target":{"@type":"EntryPoint","urlTemplate":"https:\/\/www.versiegelung24.com\/ro\/?s={search_term_string}"},"query-input":{"@type":"PropertyValueSpecification","valueRequired":true,"valueName":"search_term_string"}}],"inLanguage":"ro-RO"},{"@type":"Organization","@id":"https:\/\/www.versiegelung24.com\/ro\/#organization","name":"versiegelung24","url":"https:\/\/www.versiegelung24.com\/ro\/","logo":{"@type":"ImageObject","inLanguage":"ro-RO","@id":"https:\/\/www.versiegelung24.com\/ro\/#\/schema\/logo\/image\/","url":"https:\/\/www.versiegelung24.com\/wp-content\/uploads\/2020\/04\/versiegelung24.png","contentUrl":"https:\/\/www.versiegelung24.com\/wp-content\/uploads\/2020\/04\/versiegelung24.png","width":470,"height":102,"caption":"versiegelung24"},"image":{"@id":"https:\/\/www.versiegelung24.com\/ro\/#\/schema\/logo\/image\/"}}]},"product_price_amount":"89.90","product_price_currency":"EUR","og_availability":"instock","product_availability":"instock","product_retailer_item_id":"BACWB1D","product_condition":"new"},"_links":{"self":[{"href":"https:\/\/www.versiegelung24.com\/ro\/wp-json\/wp\/v2\/product\/22841","targetHints":{"allow":["GET"]}}],"collection":[{"href":"https:\/\/www.versiegelung24.com\/ro\/wp-json\/wp\/v2\/product"}],"about":[{"href":"https:\/\/www.versiegelung24.com\/ro\/wp-json\/wp\/v2\/types\/product"}],"version-history":[{"count":17,"href":"https:\/\/www.versiegelung24.com\/ro\/wp-json\/wp\/v2\/product\/22841\/revisions"}],"predecessor-version":[{"id":180487,"href":"https:\/\/www.versiegelung24.com\/ro\/wp-json\/wp\/v2\/product\/22841\/revisions\/180487"}],"wp:featuredmedia":[{"embeddable":true,"href":"https:\/\/www.versiegelung24.com\/ro\/wp-json\/wp\/v2\/media\/21961"}],"wp:attachment":[{"href":"https:\/\/www.versiegelung24.com\/ro\/wp-json\/wp\/v2\/media?parent=22841"}],"wp:term":[{"taxonomy":"product_brand","embeddable":true,"href":"https:\/\/www.versiegelung24.com\/ro\/wp-json\/wp\/v2\/product_brand?post=22841"},{"taxonomy":"product_cat","embeddable":true,"href":"https:\/\/www.versiegelung24.com\/ro\/wp-json\/wp\/v2\/product_cat?post=22841"},{"taxonomy":"product_tag","embeddable":true,"href":"https:\/\/www.versiegelung24.com\/ro\/wp-json\/wp\/v2\/product_tag?post=22841"}],"curies":[{"name":"wp","href":"https:\/\/api.w.org\/{rel}","templated":true}]}}