{"id":22887,"date":"2020-04-04T18:53:11","date_gmt":"2021-08-02T19:06:35","guid":{"rendered":"https:\/\/www.versiegelung24.com\/produkt\/etansarea-materialelor-textile-de-calitate-profesionala"},"modified":"2025-01-03T23:26:02","modified_gmt":"2025-01-03T22:26:02","slug":"etansare-textila-in-calitate-profesionala","status":"publish","type":"product","link":"https:\/\/www.versiegelung24.com\/ro\/etansare-textila-in-calitate-profesionala.html","title":{"rendered":"Rapid Tex &#8211; etan\u0219are textil\u0103 de calitate profesional\u0103"},"content":{"rendered":"\n<p><strong>Sigiliu textil profesional cu efect de lotus (repelente la apa) pentru uz interior si exterior<\/strong><\/p>\n\n<p>\u00cenalt\u0103 calitate Fabricat \u00een Germania.<\/p>\n\n<hr\/>\n\n<h4 class=\"wp-block-heading\" id=\"properties\">Caracteristicile produsului<\/h4>\n\n<div class=\"wp-block-columns is-layout-flex wp-container-core-columns-is-layout-9d6595d7 wp-block-columns-is-layout-flex\">\n<div class=\"wp-block-column is-layout-flow wp-block-column-is-layout-flow\">\n<ul class=\"wp-block-list\">\n<li>Efect puternic hidrofob \u0219i oleofob (impermeabilizare la ap\u0103 \u0219i ulei)<\/li>\n\n\n\n<li>Efect excelent u\u0219or de cur\u0103\u021bat<\/li>\n\n\n\n<li>Impurit\u0103\u021bile pot fi \u00eendep\u0103rtate cu u\u0219urin\u021b\u0103 cu o c\u00e2rp\u0103 umed\u0103<\/li>\n\n\n\n<li>Respirabil<\/li>\n\n\n\n<li>Invizibil (nu se schimb\u0103 aspectul \u0219i senza\u021bia)<\/li>\n\n\n\n<li>Propriet\u0103\u021bi puternice antiaderente<\/li>\n\n\n\n<li>Protec\u021bie \u00eempotriva petelor<\/li>\n\n\n\n<li>Reduce utilizarea produselor de cur\u0103\u021bat chimice<\/li>\n<\/ul>\n<\/div>\n\n\n\n<div class=\"wp-block-column is-layout-flow wp-block-column-is-layout-flow\">\n<ul id=\"block-f0be9b0c-a029-4c3c-a6e1-740fba50b471\" class=\"wp-block-list\">\n<li>Cre\u0219te rezisten\u021ba la uzur\u0103<\/li>\n\n\n\n<li>F\u0103r\u0103 afectarea aspectului<\/li>\n\n\n\n<li>Tehnologie nano SiO\u00b2<\/li>\n\n\n\n<li>Protec\u021bia fibrelor \u00eempotriva p\u0103trunderii particulelor de murd\u0103rie<\/li>\n\n\n\n<li>Aplica\u021bie simpl\u0103<\/li>\n\n\n\n<li>Termen de valabilitate lung \u00een func\u021bie de stresul mecanic<\/li>\n<\/ul>\n\n\n\n<p><br\/><br\/>Pachetul de livrare: 1 x sticl\u0103 de un litru 1 x cap de pulverizare cu pomp\u0103<br\/><\/p>\n<\/div>\n<\/div>\n\n<hr\/>\n\n<h4 class=\"wp-block-heading\" id=\"application\">Aplica\u021bie<\/h4>\n\n<div class=\"wp-block-columns is-layout-flex wp-container-core-columns-is-layout-9d6595d7 wp-block-columns-is-layout-flex\">\n<div class=\"wp-block-column is-layout-flow wp-block-column-is-layout-flow\">\n<ul class=\"wp-block-list\">\n<li>\u00eembr\u0103c\u0103minte<\/li>\n\n\n\n<li>Textile de uz casnic (tapi\u021berie, mobilier, covoare)<\/li>\n\n\n\n<li>Piele intoarsa<\/li>\n\n\n\n<li>Cutie de h\u00e2rtie<\/li>\n<\/ul>\n\n\n\n<p>Consumul depinde foarte mult de structura, absorb\u021bia \u0219i grosimea materialului care urmeaz\u0103 s\u0103 fie acoperit, aproximativ 10-50 m\u00b2 \/ litru (aproximativ 10 ml \/ m\u00b2 per mm de grosime \u00een func\u021bie de absorb\u021bie).<\/p>\n<\/div>\n\n\n\n<div class=\"wp-block-column is-layout-flow wp-block-column-is-layout-flow\">\n<p><em>Aten\u021bie: Sigiliul a fost dezvoltat pentru textile care nu sunt niciodat\u0103 sau rareori sp\u0103late. Durabilitatea sigiliului pe hainele care sunt sp\u0103late \u00een mod regulat este de p\u00e2n\u0103 la 5 sp\u0103l\u0103ri, la max. 30 \u00b0 C \u0219i sp\u0103lare numai cu ap\u0103, f\u0103r\u0103 detergent.<\/em><\/p>\n\n\n\n<p><br\/><br\/>U\u0219or de aplicat: 1. Pulveriza\u021bi pe o suprafa\u021b\u0103 curat\u0103. 3. L\u0103sa\u021bi s\u0103 se usuce \u0219i s\u0103 se \u00eenmoaie timp de 12 ore &#8211; terminat<\/p>\n\n\n\n<p>Durabilitate: p\u00e2n\u0103 la 1-5 ani (\u00een func\u021bie de materialul textil)<\/p>\n<\/div>\n<\/div>\n\n<p><strong>Potrivit pentru:<\/strong><br\/>Mobilier tapi\u021bat, saltele, huse din \u021bes\u0103turi, scaune auto, corturi, \u00eembr\u0103c\u0103minte de petrecere a timpului liber \u0219i de lucru, costume, c\u0103m\u0103\u0219i\/ bluze, cravate, copertine, textile pentru cas\u0103, jachete, piele de c\u0103prioar\u0103 (numai dac\u0103 nu este acoperit\u0103 anterior), \u00eembr\u0103c\u0103minte de aventur\u0103, serviete, hanorace, Costum, capota ma\u0219inii, bumbac, perdele, m\u0103nu\u0219i din material textil, jaluzele din material textil, scaune pentru copii, c\u0103rucioare, perne, costume din material textil, lamele din material textil, piele nappa, paltoane, p\u0103l\u0103rii, juc\u0103rii moi, rucsacuri, jachete, m\u0103tase, umbrele de soare, juc\u0103rii din material textil, fe\u021be de mas\u0103 \u0219i multe altele.<\/p>\n","protected":false},"excerpt":{"rendered":"<p><strong>Sigilare profesional\u0103 a textilelor:<\/strong><\/p>\n<p>\u2713 Cu efect de lotus (repelente la ap\u0103)<\/p>\n<p>\u2713 Pentru uz interior \u0219i exterior<\/p>\n","protected":false},"featured_media":125358,"template":"","meta":{"_acf_changed":false,"neve_meta_sidebar":"","neve_meta_container":"","neve_meta_enable_content_width":"","neve_meta_content_width":0,"neve_meta_title_alignment":"","neve_meta_author_avatar":"","neve_post_elements_order":"","neve_meta_disable_header":"","neve_meta_disable_footer":"","neve_meta_disable_title":"","neve_meta_reading_time":"","_surfaces":[],"_ver_product_tabs":[],"footnotes":""},"product_brand":[],"product_cat":[2365],"product_tag":[],"class_list":{"0":"post-22887","1":"product","2":"type-product","3":"status-publish","4":"has-post-thumbnail","6":"product_cat-etansare-piele-si-textile","8":"first","9":"instock","10":"taxable","11":"shipping-taxable","12":"purchasable","13":"product-type-simple"},"acf":[],"yoast_head":"<!-- This site is optimized with the Yoast SEO Premium plugin v22.8 (Yoast SEO v27.5) - https:\/\/yoast.com\/product\/yoast-seo-premium-wordpress\/ -->\n<title>Rapid Tex - etan\u0219are textil\u0103 de calitate profesional\u0103 - versiegelung24.com<\/title>\n<meta name=\"robots\" content=\"index, follow, max-snippet:-1, max-image-preview:large, max-video-preview:-1\" \/>\n<link rel=\"canonical\" href=\"https:\/\/www.versiegelung24.com\/ro\/etansare-textila-in-calitate-profesionala.html\" \/>\n<meta property=\"og:locale\" content=\"ro_RO\" \/>\n<meta property=\"og:type\" content=\"article\" \/>\n<meta property=\"og:title\" content=\"Rapid Tex - etan\u0219are textil\u0103 de calitate profesional\u0103\" \/>\n<meta property=\"og:description\" content=\"Sigilare profesional\u0103 a textilelor: \u2713 Cu efect de lotus (repelente la ap\u0103) \u2713 Pentru uz interior \u0219i exterior\" \/>\n<meta property=\"og:url\" content=\"https:\/\/www.versiegelung24.com\/ro\/etansare-textila-in-calitate-profesionala.html\" \/>\n<meta property=\"og:site_name\" content=\"versiegelung24.com\" \/>\n<meta property=\"article:modified_time\" content=\"2025-01-03T22:26:02+00:00\" \/>\n<meta property=\"og:image\" content=\"https:\/\/www.versiegelung24.com\/wp-content\/uploads\/2020\/04\/produkt-6000-689-1000-rapid-tex-Textilversiegelung-scaled.webp\" \/>\n\t<meta property=\"og:image:width\" content=\"2560\" \/>\n\t<meta property=\"og:image:height\" content=\"2560\" \/>\n\t<meta property=\"og:image:type\" content=\"image\/webp\" \/>\n<meta name=\"twitter:card\" content=\"summary_large_image\" \/>\n<meta name=\"twitter:label1\" content=\"Pre\u021b\" \/>\n\t<meta name=\"twitter:data1\" content=\"49,00&euro;\" \/>\n\t<meta name=\"twitter:label2\" content=\"Disponibilitate\" \/>\n\t<meta name=\"twitter:data2\" content=\"\u00cen stoc\" \/>\n<script type=\"application\/ld+json\" class=\"yoast-schema-graph\">{\"@context\":\"https:\\\/\\\/schema.org\",\"@graph\":[{\"@type\":\"WebPage\",\"@id\":\"https:\\\/\\\/www.versiegelung24.com\\\/ro\\\/etansare-textila-in-calitate-profesionala.html\",\"url\":\"https:\\\/\\\/www.versiegelung24.com\\\/ro\\\/etansare-textila-in-calitate-profesionala.html\",\"name\":\"Rapid Tex - etan\u0219are textil\u0103 de calitate profesional\u0103 - versiegelung24.com\",\"isPartOf\":{\"@id\":\"https:\\\/\\\/www.versiegelung24.com\\\/ro\\\/#website\"},\"primaryImageOfPage\":{\"@id\":\"https:\\\/\\\/www.versiegelung24.com\\\/ro\\\/etansare-textila-in-calitate-profesionala.html#primaryimage\"},\"image\":{\"@id\":\"https:\\\/\\\/www.versiegelung24.com\\\/ro\\\/etansare-textila-in-calitate-profesionala.html#primaryimage\"},\"thumbnailUrl\":\"https:\\\/\\\/www.versiegelung24.com\\\/wp-content\\\/uploads\\\/2020\\\/04\\\/produkt-6000-689-1000-rapid-tex-Textilversiegelung-scaled.webp\",\"datePublished\":\"2021-08-02T19:06:35+00:00\",\"dateModified\":\"2025-01-03T22:26:02+00:00\",\"breadcrumb\":{\"@id\":\"https:\\\/\\\/www.versiegelung24.com\\\/ro\\\/etansare-textila-in-calitate-profesionala.html#breadcrumb\"},\"inLanguage\":\"ro-RO\",\"potentialAction\":[{\"@type\":\"ReadAction\",\"target\":[\"https:\\\/\\\/www.versiegelung24.com\\\/ro\\\/etansare-textila-in-calitate-profesionala.html\"]}]},{\"@type\":\"ImageObject\",\"inLanguage\":\"ro-RO\",\"@id\":\"https:\\\/\\\/www.versiegelung24.com\\\/ro\\\/etansare-textila-in-calitate-profesionala.html#primaryimage\",\"url\":\"https:\\\/\\\/www.versiegelung24.com\\\/wp-content\\\/uploads\\\/2020\\\/04\\\/produkt-6000-689-1000-rapid-tex-Textilversiegelung-scaled.webp\",\"contentUrl\":\"https:\\\/\\\/www.versiegelung24.com\\\/wp-content\\\/uploads\\\/2020\\\/04\\\/produkt-6000-689-1000-rapid-tex-Textilversiegelung-scaled.webp\",\"width\":2560,\"height\":2560},{\"@type\":\"BreadcrumbList\",\"@id\":\"https:\\\/\\\/www.versiegelung24.com\\\/ro\\\/etansare-textila-in-calitate-profesionala.html#breadcrumb\",\"itemListElement\":[{\"@type\":\"ListItem\",\"position\":1,\"name\":\"Pagina de start\",\"item\":\"https:\\\/\\\/www.versiegelung24.com\\\/ro\\\/fata\\\/\"},{\"@type\":\"ListItem\",\"position\":2,\"name\":\"Magazin\",\"item\":\"https:\\\/\\\/www.versiegelung24.com\\\/ro\\\/magazin_ro\\\/\"},{\"@type\":\"ListItem\",\"position\":3,\"name\":\"Rapid Tex &#8211; etan\u0219are textil\u0103 de calitate profesional\u0103\"}]},{\"@type\":\"WebSite\",\"@id\":\"https:\\\/\\\/www.versiegelung24.com\\\/ro\\\/#website\",\"url\":\"https:\\\/\\\/www.versiegelung24.com\\\/ro\\\/\",\"name\":\"versiegelung24.com\",\"description\":\"Fl\u00fcssigglas-Versiegelung - Made in Germany\",\"publisher\":{\"@id\":\"https:\\\/\\\/www.versiegelung24.com\\\/ro\\\/#organization\"},\"potentialAction\":[{\"@type\":\"SearchAction\",\"target\":{\"@type\":\"EntryPoint\",\"urlTemplate\":\"https:\\\/\\\/www.versiegelung24.com\\\/ro\\\/?s={search_term_string}\"},\"query-input\":{\"@type\":\"PropertyValueSpecification\",\"valueRequired\":true,\"valueName\":\"search_term_string\"}}],\"inLanguage\":\"ro-RO\"},{\"@type\":\"Organization\",\"@id\":\"https:\\\/\\\/www.versiegelung24.com\\\/ro\\\/#organization\",\"name\":\"versiegelung24\",\"url\":\"https:\\\/\\\/www.versiegelung24.com\\\/ro\\\/\",\"logo\":{\"@type\":\"ImageObject\",\"inLanguage\":\"ro-RO\",\"@id\":\"https:\\\/\\\/www.versiegelung24.com\\\/ro\\\/#\\\/schema\\\/logo\\\/image\\\/\",\"url\":\"https:\\\/\\\/www.versiegelung24.com\\\/wp-content\\\/uploads\\\/2020\\\/04\\\/versiegelung24.png\",\"contentUrl\":\"https:\\\/\\\/www.versiegelung24.com\\\/wp-content\\\/uploads\\\/2020\\\/04\\\/versiegelung24.png\",\"width\":470,\"height\":102,\"caption\":\"versiegelung24\"},\"image\":{\"@id\":\"https:\\\/\\\/www.versiegelung24.com\\\/ro\\\/#\\\/schema\\\/logo\\\/image\\\/\"}}]}<\/script>\n<meta property=\"product:price:amount\" content=\"49.00\" \/>\n<meta property=\"product:price:currency\" content=\"EUR\" \/>\n<meta property=\"og:availability\" content=\"instock\" \/>\n<meta property=\"product:availability\" content=\"instock\" \/>\n<meta property=\"product:retailer_item_id\" content=\"6000-689-1000\" \/>\n<meta property=\"product:condition\" content=\"new\" \/>\n<!-- \/ Yoast SEO Premium plugin. -->","yoast_head_json":{"title":"Rapid Tex - etan\u0219are textil\u0103 de calitate profesional\u0103 - versiegelung24.com","robots":{"index":"index","follow":"follow","max-snippet":"max-snippet:-1","max-image-preview":"max-image-preview:large","max-video-preview":"max-video-preview:-1"},"canonical":"https:\/\/www.versiegelung24.com\/ro\/etansare-textila-in-calitate-profesionala.html","og_locale":"ro_RO","og_type":"article","og_title":"Rapid Tex - etan\u0219are textil\u0103 de calitate profesional\u0103","og_description":"Sigilare profesional\u0103 a textilelor: \u2713 Cu efect de lotus (repelente la ap\u0103) \u2713 Pentru uz interior \u0219i exterior","og_url":"https:\/\/www.versiegelung24.com\/ro\/etansare-textila-in-calitate-profesionala.html","og_site_name":"versiegelung24.com","article_modified_time":"2025-01-03T22:26:02+00:00","og_image":[{"width":2560,"height":2560,"url":"https:\/\/www.versiegelung24.com\/wp-content\/uploads\/2020\/04\/produkt-6000-689-1000-rapid-tex-Textilversiegelung-scaled.webp","type":"image\/webp"}],"twitter_card":"summary_large_image","twitter_misc":{"Pre\u021b":"49,00&euro;","Disponibilitate":"\u00cen stoc"},"schema":{"@context":"https:\/\/schema.org","@graph":[{"@type":"WebPage","@id":"https:\/\/www.versiegelung24.com\/ro\/etansare-textila-in-calitate-profesionala.html","url":"https:\/\/www.versiegelung24.com\/ro\/etansare-textila-in-calitate-profesionala.html","name":"Rapid Tex - etan\u0219are textil\u0103 de calitate profesional\u0103 - versiegelung24.com","isPartOf":{"@id":"https:\/\/www.versiegelung24.com\/ro\/#website"},"primaryImageOfPage":{"@id":"https:\/\/www.versiegelung24.com\/ro\/etansare-textila-in-calitate-profesionala.html#primaryimage"},"image":{"@id":"https:\/\/www.versiegelung24.com\/ro\/etansare-textila-in-calitate-profesionala.html#primaryimage"},"thumbnailUrl":"https:\/\/www.versiegelung24.com\/wp-content\/uploads\/2020\/04\/produkt-6000-689-1000-rapid-tex-Textilversiegelung-scaled.webp","datePublished":"2021-08-02T19:06:35+00:00","dateModified":"2025-01-03T22:26:02+00:00","breadcrumb":{"@id":"https:\/\/www.versiegelung24.com\/ro\/etansare-textila-in-calitate-profesionala.html#breadcrumb"},"inLanguage":"ro-RO","potentialAction":[{"@type":"ReadAction","target":["https:\/\/www.versiegelung24.com\/ro\/etansare-textila-in-calitate-profesionala.html"]}]},{"@type":"ImageObject","inLanguage":"ro-RO","@id":"https:\/\/www.versiegelung24.com\/ro\/etansare-textila-in-calitate-profesionala.html#primaryimage","url":"https:\/\/www.versiegelung24.com\/wp-content\/uploads\/2020\/04\/produkt-6000-689-1000-rapid-tex-Textilversiegelung-scaled.webp","contentUrl":"https:\/\/www.versiegelung24.com\/wp-content\/uploads\/2020\/04\/produkt-6000-689-1000-rapid-tex-Textilversiegelung-scaled.webp","width":2560,"height":2560},{"@type":"BreadcrumbList","@id":"https:\/\/www.versiegelung24.com\/ro\/etansare-textila-in-calitate-profesionala.html#breadcrumb","itemListElement":[{"@type":"ListItem","position":1,"name":"Pagina de start","item":"https:\/\/www.versiegelung24.com\/ro\/fata\/"},{"@type":"ListItem","position":2,"name":"Magazin","item":"https:\/\/www.versiegelung24.com\/ro\/magazin_ro\/"},{"@type":"ListItem","position":3,"name":"Rapid Tex &#8211; etan\u0219are textil\u0103 de calitate profesional\u0103"}]},{"@type":"WebSite","@id":"https:\/\/www.versiegelung24.com\/ro\/#website","url":"https:\/\/www.versiegelung24.com\/ro\/","name":"versiegelung24.com","description":"Fl\u00fcssigglas-Versiegelung - Made in Germany","publisher":{"@id":"https:\/\/www.versiegelung24.com\/ro\/#organization"},"potentialAction":[{"@type":"SearchAction","target":{"@type":"EntryPoint","urlTemplate":"https:\/\/www.versiegelung24.com\/ro\/?s={search_term_string}"},"query-input":{"@type":"PropertyValueSpecification","valueRequired":true,"valueName":"search_term_string"}}],"inLanguage":"ro-RO"},{"@type":"Organization","@id":"https:\/\/www.versiegelung24.com\/ro\/#organization","name":"versiegelung24","url":"https:\/\/www.versiegelung24.com\/ro\/","logo":{"@type":"ImageObject","inLanguage":"ro-RO","@id":"https:\/\/www.versiegelung24.com\/ro\/#\/schema\/logo\/image\/","url":"https:\/\/www.versiegelung24.com\/wp-content\/uploads\/2020\/04\/versiegelung24.png","contentUrl":"https:\/\/www.versiegelung24.com\/wp-content\/uploads\/2020\/04\/versiegelung24.png","width":470,"height":102,"caption":"versiegelung24"},"image":{"@id":"https:\/\/www.versiegelung24.com\/ro\/#\/schema\/logo\/image\/"}}]},"product_price_amount":"49.00","product_price_currency":"EUR","og_availability":"instock","product_availability":"instock","product_retailer_item_id":"6000-689-1000","product_condition":"new"},"_links":{"self":[{"href":"https:\/\/www.versiegelung24.com\/ro\/wp-json\/wp\/v2\/product\/22887","targetHints":{"allow":["GET"]}}],"collection":[{"href":"https:\/\/www.versiegelung24.com\/ro\/wp-json\/wp\/v2\/product"}],"about":[{"href":"https:\/\/www.versiegelung24.com\/ro\/wp-json\/wp\/v2\/types\/product"}],"version-history":[{"count":13,"href":"https:\/\/www.versiegelung24.com\/ro\/wp-json\/wp\/v2\/product\/22887\/revisions"}],"predecessor-version":[{"id":174340,"href":"https:\/\/www.versiegelung24.com\/ro\/wp-json\/wp\/v2\/product\/22887\/revisions\/174340"}],"wp:featuredmedia":[{"embeddable":true,"href":"https:\/\/www.versiegelung24.com\/ro\/wp-json\/wp\/v2\/media\/125358"}],"wp:attachment":[{"href":"https:\/\/www.versiegelung24.com\/ro\/wp-json\/wp\/v2\/media?parent=22887"}],"wp:term":[{"taxonomy":"product_brand","embeddable":true,"href":"https:\/\/www.versiegelung24.com\/ro\/wp-json\/wp\/v2\/product_brand?post=22887"},{"taxonomy":"product_cat","embeddable":true,"href":"https:\/\/www.versiegelung24.com\/ro\/wp-json\/wp\/v2\/product_cat?post=22887"},{"taxonomy":"product_tag","embeddable":true,"href":"https:\/\/www.versiegelung24.com\/ro\/wp-json\/wp\/v2\/product_tag?post=22887"}],"curies":[{"name":"wp","href":"https:\/\/api.w.org\/{rel}","templated":true}]}}