{"id":23195,"date":"2020-04-04T18:53:14","date_gmt":"2021-08-02T19:26:26","guid":{"rendered":"https:\/\/www.versiegelung24.com\/produkt\/etansarea-lemnului-de-calitate-profesionala"},"modified":"2025-01-03T23:38:14","modified_gmt":"2025-01-03T22:38:14","slug":"etansarea-lemnului-in-calitate-profesionala","status":"publish","type":"product","link":"https:\/\/www.versiegelung24.com\/ro\/etansarea-lemnului-in-calitate-profesionala.html","title":{"rendered":"Etan\u0219area lemnului de calitate profesional\u0103"},"content":{"rendered":"\n<p><strong>Etan\u0219ator de lemn profesional foarte eficient, cu efect de ad\u00e2ncime \u0219i lotus (hidrofug), pentru interior \u0219i exterior, NOU<\/strong><\/p>\n\n<p>\u00cenalt\u0103 calitate Fabricat \u00een Germania.<\/p>\n\n<hr\/>\n\n<h4 class=\"wp-block-heading\" id=\"properties\">Caracteristicile produsului<\/h4>\n\n<div class=\"wp-block-columns is-layout-flex wp-container-core-columns-is-layout-9d6595d7 wp-block-columns-is-layout-flex\">\n<div class=\"wp-block-column is-layout-flow wp-block-column-is-layout-flow\">\n<ul class=\"wp-block-list\">\n<li>puternic efect hidrofob \u0219i oleofob (respingere a apei \u0219i a uleiului)<\/li>\n\n\n\n<li>Efect de ad\u00e2ncime &#8211; p\u0103trunde p\u00e2n\u0103 la 10 mm \u00een lemn (\u00een func\u021bie de structur\u0103)<\/li>\n\n\n\n<li>Protejeaz\u0103 \u00eempotriva mucegaiului, algelor \u0219i intemperiilor<\/li>\n\n\n\n<li>Economii de costuri, timp \u0219i energie prin cicluri extinse de cur\u0103\u021bare<\/li>\n\n\n\n<li>Reducerea ratei de p\u0103trundere a umezelii atunci c\u00e2nd este expus\u0103 la ap\u0103<\/li>\n\n\n\n<li>Efect u\u0219or de cur\u0103\u021bat<\/li>\n<\/ul>\n<\/div>\n\n\n\n<div class=\"wp-block-column is-layout-flow wp-block-column-is-layout-flow\">\n<ul class=\"wp-block-list\">\n<li>suprafe\u021bele etan\u0219e r\u0103m\u00e2n respirabile<\/li>\n\n\n\n<li>Reducerea decolor\u0103rii intemperiilor<\/li>\n\n\n\n<li>Stabil la UV, rezistent la \u00eenghe\u021b \u0219i aproape invizibil<\/li>\n\n\n\n<li>Aplicare simpl\u0103 (poate fi pulverizat\u0103 pe o suprafa\u021b\u0103 mare)<\/li>\n\n\n\n<li>Perioada de valabilitate: p\u00e2n\u0103 la 3-10 ani<\/li>\n<\/ul>\n\n\n\n<p><br\/><br\/>Pachetul de livrare: 1 x sticl\u0103 de un litru 1 x cap de pulverizare cu pomp\u0103<br\/><\/p>\n<\/div>\n<\/div>\n\n<hr\/>\n\n<h4 class=\"wp-block-heading\" id=\"application\">Aplica\u021bie<\/h4>\n\n<div class=\"wp-block-columns is-layout-flex wp-container-core-columns-is-layout-9d6595d7 wp-block-columns-is-layout-flex\">\n<div class=\"wp-block-column is-layout-flow wp-block-column-is-layout-flow\">\n<ul class=\"wp-block-list\">\n<li>Toate p\u0103durile tari \u0219i moi<\/li>\n\n\n\n<li>Placarea lemnului \u00een interior \u0219i exterior<\/li>\n\n\n\n<li>Gr\u0103dini<\/li>\n\n\n\n<li>Tavane din lemn \/ podele din lemn<\/li>\n\n\n\n<li>Lemn pentru construc\u021bii<\/li>\n\n\n\n<li>Rame pentru ferestre \u0219i u\u0219i din lemn<\/li>\n<\/ul>\n<\/div>\n\n\n\n<div class=\"wp-block-column is-layout-flow wp-block-column-is-layout-flow\">\n<ul class=\"wp-block-list\" id=\"block-bd0826c4-8c3a-4f56-9878-ce5fe93599ff\">\n<li>Grinzi, panouri \u0219i pardoseli<\/li>\n\n\n\n<li>P\u0103duri antice<\/li>\n\n\n\n<li>Panouri din lemn \u00een zona sanitar\u0103<\/li>\n<\/ul>\n\n\n\n<p><strong>Consumul depinde de absorb\u021bia suprafe\u021bei aproximativ 10-40m\u00b2 \/ litru.<\/strong><\/p>\n<\/div>\n<\/div>\n","protected":false},"excerpt":{"rendered":"<p><strong>**NOU** Etan\u0219are foarte eficient\u0103 pentru suprafe\u021bele absorbante din lemn:<\/strong><\/p>\n<p>\u2713 Cu efect de profunzime<\/p>\n<p>\u2713 Cu efect de lotus (repelente la ap\u0103)<\/p>\n<p>\u2713 Pentru interior \u0219i exterior<\/p>\n","protected":false},"featured_media":18193,"template":"","meta":{"_acf_changed":false,"neve_meta_sidebar":"","neve_meta_container":"","neve_meta_enable_content_width":"","neve_meta_content_width":0,"neve_meta_title_alignment":"","neve_meta_author_avatar":"","neve_post_elements_order":"","neve_meta_disable_header":"","neve_meta_disable_footer":"","neve_meta_disable_title":"","neve_meta_reading_time":"","_surfaces":[],"_ver_product_tabs":[],"footnotes":""},"product_brand":[],"product_cat":[2450],"product_tag":[],"class_list":{"0":"post-23195","1":"product","2":"type-product","3":"status-publish","4":"has-post-thumbnail","6":"product_cat-etansarea-lemnului","7":"pa_gebinde-flacon-spray-cu-pompa-de-125-ml","8":"pa_gebinde-flacon-de-reumplere-de-1000-ml","9":"pa_gebinde-canister-de-20-l","10":"pa_gebinde-bidon-de-10l","11":"pa_gebinde-set-de-actiune-cu-flacon-de-100ml","12":"pa_gebinde-flacon-de-50-ml-ro","13":"pa_gebinde-set-de-actiune-cu-flacon-de-50-ml","14":"pa_gebinde-flacon-de-100-ml-ro","15":"pa_gebinde-sticla-de-150-ml","16":"pa_gebinde-flacon-de-500-ml-ro","17":"pa_gebinde-flacon-de-200-ml","18":"pa_gebinde-sticla-de-1000-ml","19":"pa_gebinde-sticla-de-10-ml","20":"pa_gebinde-sticla-de-5-ml","22":"first","23":"instock","24":"taxable","25":"shipping-taxable","26":"purchasable","27":"product-type-variable","28":"has-default-attributes"},"acf":[],"yoast_head":"<!-- This site is optimized with the Yoast SEO Premium plugin v22.8 (Yoast SEO v27.5) - https:\/\/yoast.com\/product\/yoast-seo-premium-wordpress\/ -->\n<title>Etan\u0219area lemnului de calitate profesional\u0103 - versiegelung24.com<\/title>\n<meta name=\"robots\" content=\"index, follow, max-snippet:-1, max-image-preview:large, max-video-preview:-1\" \/>\n<link rel=\"canonical\" href=\"https:\/\/www.versiegelung24.com\/ro\/etansarea-lemnului-in-calitate-profesionala.html\" \/>\n<meta property=\"og:locale\" content=\"ro_RO\" \/>\n<meta property=\"og:type\" content=\"article\" \/>\n<meta property=\"og:title\" content=\"Etan\u0219area lemnului de calitate profesional\u0103\" \/>\n<meta property=\"og:description\" content=\"**NOU** Etan\u0219are foarte eficient\u0103 pentru suprafe\u021bele absorbante din lemn: \u2713 Cu efect de profunzime \u2713 Cu efect de lotus (repelente la ap\u0103) \u2713 Pentru interior \u0219i exterior\" \/>\n<meta property=\"og:url\" content=\"https:\/\/www.versiegelung24.com\/ro\/etansarea-lemnului-in-calitate-profesionala.html\" \/>\n<meta property=\"og:site_name\" content=\"versiegelung24.com\" \/>\n<meta property=\"article:modified_time\" content=\"2025-01-03T22:38:14+00:00\" \/>\n<meta property=\"og:image\" content=\"https:\/\/www.versiegelung24.com\/wp-content\/uploads\/2020\/06\/produkt-4000-695-1000-Holzversiegelung-scaled.jpg\" \/>\n\t<meta property=\"og:image:width\" content=\"2560\" \/>\n\t<meta property=\"og:image:height\" content=\"2560\" \/>\n\t<meta property=\"og:image:type\" content=\"image\/jpeg\" \/>\n<meta name=\"twitter:card\" content=\"summary_large_image\" \/>\n<meta name=\"twitter:label1\" content=\"Disponibilitate\" \/>\n\t<meta name=\"twitter:data1\" content=\"\u00cen stoc\" \/>\n<script type=\"application\/ld+json\" class=\"yoast-schema-graph\">{\"@context\":\"https:\\\/\\\/schema.org\",\"@graph\":[{\"@type\":\"WebPage\",\"@id\":\"https:\\\/\\\/www.versiegelung24.com\\\/ro\\\/etansarea-lemnului-in-calitate-profesionala.html\",\"url\":\"https:\\\/\\\/www.versiegelung24.com\\\/ro\\\/etansarea-lemnului-in-calitate-profesionala.html\",\"name\":\"Etan\u0219area lemnului de calitate profesional\u0103 - versiegelung24.com\",\"isPartOf\":{\"@id\":\"https:\\\/\\\/www.versiegelung24.com\\\/ro\\\/#website\"},\"primaryImageOfPage\":{\"@id\":\"https:\\\/\\\/www.versiegelung24.com\\\/ro\\\/etansarea-lemnului-in-calitate-profesionala.html#primaryimage\"},\"image\":{\"@id\":\"https:\\\/\\\/www.versiegelung24.com\\\/ro\\\/etansarea-lemnului-in-calitate-profesionala.html#primaryimage\"},\"thumbnailUrl\":\"https:\\\/\\\/www.versiegelung24.com\\\/wp-content\\\/uploads\\\/2020\\\/06\\\/produkt-4000-695-1000-Holzversiegelung-scaled.jpg\",\"datePublished\":\"2021-08-02T19:26:26+00:00\",\"dateModified\":\"2025-01-03T22:38:14+00:00\",\"breadcrumb\":{\"@id\":\"https:\\\/\\\/www.versiegelung24.com\\\/ro\\\/etansarea-lemnului-in-calitate-profesionala.html#breadcrumb\"},\"inLanguage\":\"ro-RO\",\"potentialAction\":[{\"@type\":\"ReadAction\",\"target\":[\"https:\\\/\\\/www.versiegelung24.com\\\/ro\\\/etansarea-lemnului-in-calitate-profesionala.html\"]}]},{\"@type\":\"ImageObject\",\"inLanguage\":\"ro-RO\",\"@id\":\"https:\\\/\\\/www.versiegelung24.com\\\/ro\\\/etansarea-lemnului-in-calitate-profesionala.html#primaryimage\",\"url\":\"https:\\\/\\\/www.versiegelung24.com\\\/wp-content\\\/uploads\\\/2020\\\/06\\\/produkt-4000-695-1000-Holzversiegelung-scaled.jpg\",\"contentUrl\":\"https:\\\/\\\/www.versiegelung24.com\\\/wp-content\\\/uploads\\\/2020\\\/06\\\/produkt-4000-695-1000-Holzversiegelung-scaled.jpg\",\"width\":2560,\"height\":2560},{\"@type\":\"BreadcrumbList\",\"@id\":\"https:\\\/\\\/www.versiegelung24.com\\\/ro\\\/etansarea-lemnului-in-calitate-profesionala.html#breadcrumb\",\"itemListElement\":[{\"@type\":\"ListItem\",\"position\":1,\"name\":\"Pagina de start\",\"item\":\"https:\\\/\\\/www.versiegelung24.com\\\/ro\\\/fata\\\/\"},{\"@type\":\"ListItem\",\"position\":2,\"name\":\"Magazin\",\"item\":\"https:\\\/\\\/www.versiegelung24.com\\\/ro\\\/magazin_ro\\\/\"},{\"@type\":\"ListItem\",\"position\":3,\"name\":\"Etan\u0219area lemnului de calitate profesional\u0103\"}]},{\"@type\":\"WebSite\",\"@id\":\"https:\\\/\\\/www.versiegelung24.com\\\/ro\\\/#website\",\"url\":\"https:\\\/\\\/www.versiegelung24.com\\\/ro\\\/\",\"name\":\"versiegelung24.com\",\"description\":\"Fl\u00fcssigglas-Versiegelung - Made in Germany\",\"publisher\":{\"@id\":\"https:\\\/\\\/www.versiegelung24.com\\\/ro\\\/#organization\"},\"potentialAction\":[{\"@type\":\"SearchAction\",\"target\":{\"@type\":\"EntryPoint\",\"urlTemplate\":\"https:\\\/\\\/www.versiegelung24.com\\\/ro\\\/?s={search_term_string}\"},\"query-input\":{\"@type\":\"PropertyValueSpecification\",\"valueRequired\":true,\"valueName\":\"search_term_string\"}}],\"inLanguage\":\"ro-RO\"},{\"@type\":\"Organization\",\"@id\":\"https:\\\/\\\/www.versiegelung24.com\\\/ro\\\/#organization\",\"name\":\"versiegelung24\",\"url\":\"https:\\\/\\\/www.versiegelung24.com\\\/ro\\\/\",\"logo\":{\"@type\":\"ImageObject\",\"inLanguage\":\"ro-RO\",\"@id\":\"https:\\\/\\\/www.versiegelung24.com\\\/ro\\\/#\\\/schema\\\/logo\\\/image\\\/\",\"url\":\"https:\\\/\\\/www.versiegelung24.com\\\/wp-content\\\/uploads\\\/2020\\\/04\\\/versiegelung24.png\",\"contentUrl\":\"https:\\\/\\\/www.versiegelung24.com\\\/wp-content\\\/uploads\\\/2020\\\/04\\\/versiegelung24.png\",\"width\":470,\"height\":102,\"caption\":\"versiegelung24\"},\"image\":{\"@id\":\"https:\\\/\\\/www.versiegelung24.com\\\/ro\\\/#\\\/schema\\\/logo\\\/image\\\/\"}}]}<\/script>\n<meta property=\"og:availability\" content=\"instock\" \/>\n<meta property=\"product:availability\" content=\"instock\" \/>\n<meta property=\"product:retailer_item_id\" content=\"4000-695\" \/>\n<meta property=\"product:condition\" content=\"new\" \/>\n<!-- \/ Yoast SEO Premium plugin. -->","yoast_head_json":{"title":"Etan\u0219area lemnului de calitate profesional\u0103 - versiegelung24.com","robots":{"index":"index","follow":"follow","max-snippet":"max-snippet:-1","max-image-preview":"max-image-preview:large","max-video-preview":"max-video-preview:-1"},"canonical":"https:\/\/www.versiegelung24.com\/ro\/etansarea-lemnului-in-calitate-profesionala.html","og_locale":"ro_RO","og_type":"article","og_title":"Etan\u0219area lemnului de calitate profesional\u0103","og_description":"**NOU** Etan\u0219are foarte eficient\u0103 pentru suprafe\u021bele absorbante din lemn: \u2713 Cu efect de profunzime \u2713 Cu efect de lotus (repelente la ap\u0103) \u2713 Pentru interior \u0219i exterior","og_url":"https:\/\/www.versiegelung24.com\/ro\/etansarea-lemnului-in-calitate-profesionala.html","og_site_name":"versiegelung24.com","article_modified_time":"2025-01-03T22:38:14+00:00","og_image":[{"width":2560,"height":2560,"url":"https:\/\/www.versiegelung24.com\/wp-content\/uploads\/2020\/06\/produkt-4000-695-1000-Holzversiegelung-scaled.jpg","type":"image\/jpeg"}],"twitter_card":"summary_large_image","twitter_misc":{"Disponibilitate":"\u00cen stoc"},"schema":{"@context":"https:\/\/schema.org","@graph":[{"@type":"WebPage","@id":"https:\/\/www.versiegelung24.com\/ro\/etansarea-lemnului-in-calitate-profesionala.html","url":"https:\/\/www.versiegelung24.com\/ro\/etansarea-lemnului-in-calitate-profesionala.html","name":"Etan\u0219area lemnului de calitate profesional\u0103 - versiegelung24.com","isPartOf":{"@id":"https:\/\/www.versiegelung24.com\/ro\/#website"},"primaryImageOfPage":{"@id":"https:\/\/www.versiegelung24.com\/ro\/etansarea-lemnului-in-calitate-profesionala.html#primaryimage"},"image":{"@id":"https:\/\/www.versiegelung24.com\/ro\/etansarea-lemnului-in-calitate-profesionala.html#primaryimage"},"thumbnailUrl":"https:\/\/www.versiegelung24.com\/wp-content\/uploads\/2020\/06\/produkt-4000-695-1000-Holzversiegelung-scaled.jpg","datePublished":"2021-08-02T19:26:26+00:00","dateModified":"2025-01-03T22:38:14+00:00","breadcrumb":{"@id":"https:\/\/www.versiegelung24.com\/ro\/etansarea-lemnului-in-calitate-profesionala.html#breadcrumb"},"inLanguage":"ro-RO","potentialAction":[{"@type":"ReadAction","target":["https:\/\/www.versiegelung24.com\/ro\/etansarea-lemnului-in-calitate-profesionala.html"]}]},{"@type":"ImageObject","inLanguage":"ro-RO","@id":"https:\/\/www.versiegelung24.com\/ro\/etansarea-lemnului-in-calitate-profesionala.html#primaryimage","url":"https:\/\/www.versiegelung24.com\/wp-content\/uploads\/2020\/06\/produkt-4000-695-1000-Holzversiegelung-scaled.jpg","contentUrl":"https:\/\/www.versiegelung24.com\/wp-content\/uploads\/2020\/06\/produkt-4000-695-1000-Holzversiegelung-scaled.jpg","width":2560,"height":2560},{"@type":"BreadcrumbList","@id":"https:\/\/www.versiegelung24.com\/ro\/etansarea-lemnului-in-calitate-profesionala.html#breadcrumb","itemListElement":[{"@type":"ListItem","position":1,"name":"Pagina de start","item":"https:\/\/www.versiegelung24.com\/ro\/fata\/"},{"@type":"ListItem","position":2,"name":"Magazin","item":"https:\/\/www.versiegelung24.com\/ro\/magazin_ro\/"},{"@type":"ListItem","position":3,"name":"Etan\u0219area lemnului de calitate profesional\u0103"}]},{"@type":"WebSite","@id":"https:\/\/www.versiegelung24.com\/ro\/#website","url":"https:\/\/www.versiegelung24.com\/ro\/","name":"versiegelung24.com","description":"Fl\u00fcssigglas-Versiegelung - Made in Germany","publisher":{"@id":"https:\/\/www.versiegelung24.com\/ro\/#organization"},"potentialAction":[{"@type":"SearchAction","target":{"@type":"EntryPoint","urlTemplate":"https:\/\/www.versiegelung24.com\/ro\/?s={search_term_string}"},"query-input":{"@type":"PropertyValueSpecification","valueRequired":true,"valueName":"search_term_string"}}],"inLanguage":"ro-RO"},{"@type":"Organization","@id":"https:\/\/www.versiegelung24.com\/ro\/#organization","name":"versiegelung24","url":"https:\/\/www.versiegelung24.com\/ro\/","logo":{"@type":"ImageObject","inLanguage":"ro-RO","@id":"https:\/\/www.versiegelung24.com\/ro\/#\/schema\/logo\/image\/","url":"https:\/\/www.versiegelung24.com\/wp-content\/uploads\/2020\/04\/versiegelung24.png","contentUrl":"https:\/\/www.versiegelung24.com\/wp-content\/uploads\/2020\/04\/versiegelung24.png","width":470,"height":102,"caption":"versiegelung24"},"image":{"@id":"https:\/\/www.versiegelung24.com\/ro\/#\/schema\/logo\/image\/"}}]},"og_availability":"instock","product_availability":"instock","product_retailer_item_id":"4000-695","product_condition":"new"},"_links":{"self":[{"href":"https:\/\/www.versiegelung24.com\/ro\/wp-json\/wp\/v2\/product\/23195","targetHints":{"allow":["GET"]}}],"collection":[{"href":"https:\/\/www.versiegelung24.com\/ro\/wp-json\/wp\/v2\/product"}],"about":[{"href":"https:\/\/www.versiegelung24.com\/ro\/wp-json\/wp\/v2\/types\/product"}],"version-history":[{"count":16,"href":"https:\/\/www.versiegelung24.com\/ro\/wp-json\/wp\/v2\/product\/23195\/revisions"}],"predecessor-version":[{"id":177508,"href":"https:\/\/www.versiegelung24.com\/ro\/wp-json\/wp\/v2\/product\/23195\/revisions\/177508"}],"wp:featuredmedia":[{"embeddable":true,"href":"https:\/\/www.versiegelung24.com\/ro\/wp-json\/wp\/v2\/media\/18193"}],"wp:attachment":[{"href":"https:\/\/www.versiegelung24.com\/ro\/wp-json\/wp\/v2\/media?parent=23195"}],"wp:term":[{"taxonomy":"product_brand","embeddable":true,"href":"https:\/\/www.versiegelung24.com\/ro\/wp-json\/wp\/v2\/product_brand?post=23195"},{"taxonomy":"product_cat","embeddable":true,"href":"https:\/\/www.versiegelung24.com\/ro\/wp-json\/wp\/v2\/product_cat?post=23195"},{"taxonomy":"product_tag","embeddable":true,"href":"https:\/\/www.versiegelung24.com\/ro\/wp-json\/wp\/v2\/product_tag?post=23195"}],"curies":[{"name":"wp","href":"https:\/\/api.w.org\/{rel}","templated":true}]}}