{"id":23222,"date":"2020-04-04T18:53:42","date_gmt":"2021-08-02T19:28:05","guid":{"rendered":"https:\/\/www.versiegelung24.com\/produkt\/etansare-universala-7675-pentru-suprafete-dure-non-absorbante-sticla-ceramica-otel-inoxidabil-plastic-metal"},"modified":"2025-03-20T10:10:24","modified_gmt":"2025-03-20T09:10:24","slug":"etansare-universala-7675-pentru-suprafete-dure-non-absorbante-sticla-ceramica-otel-inoxidabil-plastic-metal","status":"publish","type":"product","link":"https:\/\/www.versiegelung24.com\/ro\/etansare-universala-7675-pentru-suprafete-dure-non-absorbante-sticla-ceramica-otel-inoxidabil-plastic-metal.html","title":{"rendered":"Etan\u0219are universal\u0103 7675 pentru suprafe\u021be &#8220;dure&#8221; \/ non-absorbante (sticl\u0103 \/ ceramic\u0103 +++, o\u021bel inoxidabil +++, plastic \/ metal ++)"},"content":{"rendered":"\n<p><strong>Sigilant universal profesional foarte eficient pentru suprafe\u021be &#8220;dure&#8221;\/neabsorbante, cum ar fi sticla, ceramica, plasticul \u0219i suprafe\u021bele metalice, cu efect u\u0219or de cur\u0103\u021bat NOU, pentru interior \u0219i exterior<\/strong><\/p>\n\n<p>Ideal pentru sticl\u0103 \/ ceramic\u0103 \u0219i o\u021bel inoxidabil, aplicabil \u0219i plasticului \u0219i metalului<\/p>\n\n<p>\u00cenalt\u0103 calitate Fabricat \u00een Germania.<\/p>\n\n<p><strong>Etan\u0219ant universal V24 4005-7675<\/strong> este un material de acoperire pe baz\u0103 de alcool (IPA) care creeaz\u0103 un efect u\u0219or de cur\u0103\u021bat pe suprafe\u021bele de sticl\u0103, plastic, ceramic\u0103 \u0219i metal (crom, o\u021bel inoxidabil, aluminiu). Materialul creeaz\u0103 o pelicul\u0103 sub\u021bire la suprafa\u021b\u0103, care reduce aderen\u021ba murd\u0103riei \u0219i a materiilor str\u0103ine \u0219i permite apei s\u0103 se rostogoleasc\u0103 mai bine. Suprafa\u021ba acoperit\u0103 este deosebit de u\u0219or de cur\u0103\u021bat<\/p>\n\n<hr \/>\n\n<h4 class=\"wp-block-heading\" id=\"properties\">Caracteristicile produsului<\/h4>\n\n<div class=\"wp-block-columns is-layout-flex wp-container-core-columns-is-layout-9d6595d7 wp-block-columns-is-layout-flex\">\n<div class=\"wp-block-column is-layout-flow wp-block-column-is-layout-flow\">\n<ul class=\"wp-block-list\">\n<li>Livrat gata de utilizare<\/li>\n\n\n\n<li>las\u0103 apa s\u0103 curg\u0103 mai bine<\/li>\n\n\n\n<li>Efect u\u0219or de cur\u0103\u021bat \u00een ceea ce prive\u0219te murd\u0103ria \u0219i calcarul<\/li>\n\n\n\n<li>lichid limpede, incolor, invizibil \u0219i imperceptibil<\/li>\n\n\n\n<li>Suprafe\u021bele r\u0103m\u00e2n curate mult mai mult, ceea ce extinde ciclurile de cur\u0103\u021bare \u0219i reduce semnificativ costurile, timpul \u0219i energia pentru cur\u0103\u021bare \u0219i \u00eentre\u021binere<\/li>\n\n\n\n<li>reduce cre\u0219terea microorganismelor \u0219i bacteriilor \u0219i astfel \u00eembun\u0103t\u0103\u021be\u0219te igiena<\/li>\n<\/ul>\n<\/div>\n\n\n\n<div class=\"wp-block-column is-layout-flow wp-block-column-is-layout-flow\">\n<ul class=\"wp-block-list\">\n<li>Rezistent la \u00eenghe\u021b, c\u0103ldur\u0103 extrem\u0103, radia\u021bii UV, ap\u0103 s\u0103rat\u0103 \u0219i aer s\u0103rat, minerale din ap\u0103 dur\u0103 \u0219i alcalii<\/li>\n\n\n\n<li>Algele \u0219i excrementele p\u0103s\u0103rilor nu mai pot adera ferm<\/li>\n\n\n\n<li>f\u0103r\u0103 fluor<\/li>\n<\/ul>\n\n\n\n<p><br \/><br \/>Pachetul de livrare: 1 x sticl\u0103 de un litru 1 x cap de pulverizare cu pomp\u0103<\/p>\n<\/div>\n<\/div>\n\n<hr \/>\n\n<h4 class=\"wp-block-heading\" id=\"application\">Aplica\u021bie<\/h4>\n\n<div class=\"wp-block-columns is-layout-flex wp-container-core-columns-is-layout-9d6595d7 wp-block-columns-is-layout-flex\">\n<div class=\"wp-block-column is-layout-flow wp-block-column-is-layout-flow\">\n<ul class=\"wp-block-list\">\n<li>Obiecte sanitare (toalete, bideuri, c\u0103zi din ceramic\u0103, du\u0219uri, chiuvete, oglinzi)<\/li>\n\n\n\n<li>Piscine (ceramice \u00een exterior, nu sunt potrivite pentru ap\u0103)<\/li>\n\n\n\n<li>Toate tipurile de pl\u0103ci ceramice, de ex. \u00cen buc\u0103t\u0103rii<\/li>\n\n\n\n<li>Ferestre \u0219i sticl\u0103 de construc\u021bie (gr\u0103dini de iarn\u0103, cl\u0103diri \u00eenalte, baldachin)<\/li>\n\n\n\n<li>Suprafe\u021be din plastic \u0219i metal<\/li>\n\n\n\n<li>Pentru sticla auto recomand\u0103m a noastr\u0103<a href=\"https:\/\/www.versiegelung24.com\/autoglas-versiegelung\/\"> Etan\u0219are premium a geamului auto<\/a><\/li>\n<\/ul>\n<\/div>\n\n\n\n<div class=\"wp-block-column is-layout-flow wp-block-column-is-layout-flow\">\n<p><br \/><br \/><br \/><br \/>U\u0219or de aplicat: 1. Pre-cur\u0103\u021ba\u021bi foarte bine suprafa\u021ba (cu c\u00e2t este mai curat\u0103, cu at\u00e2t mai mult va rezista materialul de etan\u0219are) 2. Pre-cur\u0103\u021ba\u021bi din nou cu alcool (de ex. izopropil) \u00eenainte de utilizare 3. Pulveriza\u021bi materialul de etan\u0219are pe o c\u00e2rp\u0103 \u0219i aplica\u021bi pe suprafa\u021b\u0103 4.<br \/>Dup\u0103 5 minute, lustrui\u021bi cu aten\u021bie cu o c\u00e2rp\u0103 din microfibr\u0103, f\u0103r\u0103 a aplica presiune 5. Se las\u0103 s\u0103 se \u00eent\u0103reasc\u0103 timp de 12 ore &#8211; terminat<\/p>\n\n\n\n<p>Perioada de valabilitate: p\u00e2n\u0103 la 3-10 ani<\/p>\n\n\n\n<p>P\u00e2n\u0103 la 200 m\u00b2 poate fi sigilat cu 1 litru.<\/p>\n<\/div>\n<\/div>\n\n<hr \/>\n\n<h4 class=\"wp-block-heading\" id=\"h-ratgeber\">Consilier<\/h4>\n\n<p>Sigiliile noastre universale sunt potrivite \u00een special pentru sectorul bricolajului.<\/p>\n\n<p>Acestea combin\u0103 un mod de ac\u021biune profesional pe diferite suprafe\u021be cu o manipulare u\u0219oar\u0103 \u00een timpul aplic\u0103rii. \u0218i toate acestea f\u0103r\u0103 a fi nevoie s\u0103 facem compromisuri majore \u00een ceea ce prive\u0219te calitatea.<\/p>\n\n<p>\u00cen acest fel, se pot face aplica\u021bii pe mai multe materiale cu un singur etan\u0219ant universal \u0219i se poate ob\u021bine, de asemenea, un efect de \u00eenalt\u0103 calitate \u0219i durabilitate \u00eendelungat\u0103.<\/p>\n\n<p>Cu toate acestea, pentru aplica\u021biile comerciale \u0219i industriale \u00een care se dore\u0219te atins cel mai \u00eenalt nivel posibil de performan\u021b\u0103 pe o anumit\u0103 suprafa\u021b\u0103, recomand\u0103m utilizarea finisajelor noastre speciale pentru acea suprafa\u021b\u0103.<\/p>\n","protected":false},"excerpt":{"rendered":"<p><strong>**NOU** Sigiliu universal profesional foarte eficient pentru suprafe\u021be \u201edure\u201d\/neabsorbante, cum ar fi:<\/strong><\/p>\n<p>\u2713 Sticl\u0103<\/p>\n<p>\u2713 Suprafe\u021be ceramice<\/p>\n<p>\u2713 Suprafe\u021be din plastic<\/p>\n<p>\u2713 Suprafe\u021be metalice<\/p>\n<p>\u2713 Cu efect u\u0219or de cur\u0103\u021bat<\/p>\n","protected":false},"featured_media":18263,"template":"","meta":{"_acf_changed":false,"neve_meta_sidebar":"","neve_meta_container":"","neve_meta_enable_content_width":"","neve_meta_content_width":0,"neve_meta_title_alignment":"","neve_meta_author_avatar":"","neve_post_elements_order":"","neve_meta_disable_header":"","neve_meta_disable_footer":"","neve_meta_disable_title":"","neve_meta_reading_time":"","_surfaces":[],"_ver_product_tabs":[],"footnotes":""},"product_brand":[],"product_cat":[2477],"product_tag":[],"class_list":{"0":"post-23222","1":"product","2":"type-product","3":"status-publish","4":"has-post-thumbnail","6":"product_cat-etansare-universala","8":"first","9":"instock","10":"taxable","11":"shipping-taxable","12":"purchasable","13":"product-type-simple"},"acf":[],"yoast_head":"<!-- This site is optimized with the Yoast SEO Premium plugin v22.8 (Yoast SEO v27.5) - https:\/\/yoast.com\/product\/yoast-seo-premium-wordpress\/ -->\n<title>Etan\u0219are universal\u0103 7675 pentru suprafe\u021be &quot;dure&quot; \/ non-absorbante (sticl\u0103 \/ ceramic\u0103 +++, o\u021bel inoxidabil +++, plastic \/ metal ++) - versiegelung24.com<\/title>\n<meta name=\"robots\" content=\"index, follow, max-snippet:-1, max-image-preview:large, max-video-preview:-1\" \/>\n<link rel=\"canonical\" href=\"https:\/\/www.versiegelung24.com\/ro\/etansare-universala-7675-pentru-suprafete-dure-non-absorbante-sticla-ceramica-otel-inoxidabil-plastic-metal.html\" \/>\n<meta property=\"og:locale\" content=\"ro_RO\" \/>\n<meta property=\"og:type\" content=\"article\" \/>\n<meta property=\"og:title\" content=\"Etan\u0219are universal\u0103 7675 pentru suprafe\u021be &quot;dure&quot; \/ non-absorbante (sticl\u0103 \/ ceramic\u0103 +++, o\u021bel inoxidabil +++, plastic \/ metal ++)\" \/>\n<meta property=\"og:description\" content=\"**NOU** Sigiliu universal profesional foarte eficient pentru suprafe\u021be \u201edure\u201d\/neabsorbante, cum ar fi: \u2713 Sticl\u0103 \u2713 Suprafe\u021be ceramice \u2713 Suprafe\u021be din plastic \u2713 Suprafe\u021be metalice \u2713 Cu efect u\u0219or de cur\u0103\u021bat\" \/>\n<meta property=\"og:url\" content=\"https:\/\/www.versiegelung24.com\/ro\/etansare-universala-7675-pentru-suprafete-dure-non-absorbante-sticla-ceramica-otel-inoxidabil-plastic-metal.html\" \/>\n<meta property=\"og:site_name\" content=\"versiegelung24.com\" \/>\n<meta property=\"article:modified_time\" content=\"2025-03-20T09:10:24+00:00\" \/>\n<meta property=\"og:image\" content=\"https:\/\/www.versiegelung24.com\/wp-content\/uploads\/2020\/06\/produkt-4005-7675-1000-Universalversiegelung-7675-scaled.jpg\" \/>\n\t<meta property=\"og:image:width\" content=\"2560\" \/>\n\t<meta property=\"og:image:height\" content=\"2560\" \/>\n\t<meta property=\"og:image:type\" content=\"image\/jpeg\" \/>\n<meta name=\"twitter:card\" content=\"summary_large_image\" \/>\n<meta name=\"twitter:label1\" content=\"Pre\u021b\" \/>\n\t<meta name=\"twitter:data1\" content=\"89,99&euro;\" \/>\n\t<meta name=\"twitter:label2\" content=\"Disponibilitate\" \/>\n\t<meta name=\"twitter:data2\" content=\"\u00cen stoc\" \/>\n<script type=\"application\/ld+json\" class=\"yoast-schema-graph\">{\"@context\":\"https:\\\/\\\/schema.org\",\"@graph\":[{\"@type\":\"WebPage\",\"@id\":\"https:\\\/\\\/www.versiegelung24.com\\\/ro\\\/etansare-universala-7675-pentru-suprafete-dure-non-absorbante-sticla-ceramica-otel-inoxidabil-plastic-metal.html\",\"url\":\"https:\\\/\\\/www.versiegelung24.com\\\/ro\\\/etansare-universala-7675-pentru-suprafete-dure-non-absorbante-sticla-ceramica-otel-inoxidabil-plastic-metal.html\",\"name\":\"Etan\u0219are universal\u0103 7675 pentru suprafe\u021be \\\"dure\\\" \\\/ non-absorbante (sticl\u0103 \\\/ ceramic\u0103 +++, o\u021bel inoxidabil +++, plastic \\\/ metal ++) - versiegelung24.com\",\"isPartOf\":{\"@id\":\"https:\\\/\\\/www.versiegelung24.com\\\/ro\\\/#website\"},\"primaryImageOfPage\":{\"@id\":\"https:\\\/\\\/www.versiegelung24.com\\\/ro\\\/etansare-universala-7675-pentru-suprafete-dure-non-absorbante-sticla-ceramica-otel-inoxidabil-plastic-metal.html#primaryimage\"},\"image\":{\"@id\":\"https:\\\/\\\/www.versiegelung24.com\\\/ro\\\/etansare-universala-7675-pentru-suprafete-dure-non-absorbante-sticla-ceramica-otel-inoxidabil-plastic-metal.html#primaryimage\"},\"thumbnailUrl\":\"https:\\\/\\\/www.versiegelung24.com\\\/wp-content\\\/uploads\\\/2020\\\/06\\\/produkt-4005-7675-1000-Universalversiegelung-7675-scaled.jpg\",\"datePublished\":\"2021-08-02T19:28:05+00:00\",\"dateModified\":\"2025-03-20T09:10:24+00:00\",\"breadcrumb\":{\"@id\":\"https:\\\/\\\/www.versiegelung24.com\\\/ro\\\/etansare-universala-7675-pentru-suprafete-dure-non-absorbante-sticla-ceramica-otel-inoxidabil-plastic-metal.html#breadcrumb\"},\"inLanguage\":\"ro-RO\",\"potentialAction\":[{\"@type\":\"ReadAction\",\"target\":[\"https:\\\/\\\/www.versiegelung24.com\\\/ro\\\/etansare-universala-7675-pentru-suprafete-dure-non-absorbante-sticla-ceramica-otel-inoxidabil-plastic-metal.html\"]}]},{\"@type\":\"ImageObject\",\"inLanguage\":\"ro-RO\",\"@id\":\"https:\\\/\\\/www.versiegelung24.com\\\/ro\\\/etansare-universala-7675-pentru-suprafete-dure-non-absorbante-sticla-ceramica-otel-inoxidabil-plastic-metal.html#primaryimage\",\"url\":\"https:\\\/\\\/www.versiegelung24.com\\\/wp-content\\\/uploads\\\/2020\\\/06\\\/produkt-4005-7675-1000-Universalversiegelung-7675-scaled.jpg\",\"contentUrl\":\"https:\\\/\\\/www.versiegelung24.com\\\/wp-content\\\/uploads\\\/2020\\\/06\\\/produkt-4005-7675-1000-Universalversiegelung-7675-scaled.jpg\",\"width\":2560,\"height\":2560},{\"@type\":\"BreadcrumbList\",\"@id\":\"https:\\\/\\\/www.versiegelung24.com\\\/ro\\\/etansare-universala-7675-pentru-suprafete-dure-non-absorbante-sticla-ceramica-otel-inoxidabil-plastic-metal.html#breadcrumb\",\"itemListElement\":[{\"@type\":\"ListItem\",\"position\":1,\"name\":\"Pagina de start\",\"item\":\"https:\\\/\\\/www.versiegelung24.com\\\/ro\\\/fata\\\/\"},{\"@type\":\"ListItem\",\"position\":2,\"name\":\"Magazin\",\"item\":\"https:\\\/\\\/www.versiegelung24.com\\\/ro\\\/magazin_ro\\\/\"},{\"@type\":\"ListItem\",\"position\":3,\"name\":\"Etan\u0219are universal\u0103 7675 pentru suprafe\u021be &#8220;dure&#8221; \\\/ non-absorbante (sticl\u0103 \\\/ ceramic\u0103 +++, o\u021bel inoxidabil +++, plastic \\\/ metal ++)\"}]},{\"@type\":\"WebSite\",\"@id\":\"https:\\\/\\\/www.versiegelung24.com\\\/ro\\\/#website\",\"url\":\"https:\\\/\\\/www.versiegelung24.com\\\/ro\\\/\",\"name\":\"versiegelung24.com\",\"description\":\"Fl\u00fcssigglas-Versiegelung - Made in Germany\",\"publisher\":{\"@id\":\"https:\\\/\\\/www.versiegelung24.com\\\/ro\\\/#organization\"},\"potentialAction\":[{\"@type\":\"SearchAction\",\"target\":{\"@type\":\"EntryPoint\",\"urlTemplate\":\"https:\\\/\\\/www.versiegelung24.com\\\/ro\\\/?s={search_term_string}\"},\"query-input\":{\"@type\":\"PropertyValueSpecification\",\"valueRequired\":true,\"valueName\":\"search_term_string\"}}],\"inLanguage\":\"ro-RO\"},{\"@type\":\"Organization\",\"@id\":\"https:\\\/\\\/www.versiegelung24.com\\\/ro\\\/#organization\",\"name\":\"versiegelung24\",\"url\":\"https:\\\/\\\/www.versiegelung24.com\\\/ro\\\/\",\"logo\":{\"@type\":\"ImageObject\",\"inLanguage\":\"ro-RO\",\"@id\":\"https:\\\/\\\/www.versiegelung24.com\\\/ro\\\/#\\\/schema\\\/logo\\\/image\\\/\",\"url\":\"https:\\\/\\\/www.versiegelung24.com\\\/wp-content\\\/uploads\\\/2020\\\/04\\\/versiegelung24.png\",\"contentUrl\":\"https:\\\/\\\/www.versiegelung24.com\\\/wp-content\\\/uploads\\\/2020\\\/04\\\/versiegelung24.png\",\"width\":470,\"height\":102,\"caption\":\"versiegelung24\"},\"image\":{\"@id\":\"https:\\\/\\\/www.versiegelung24.com\\\/ro\\\/#\\\/schema\\\/logo\\\/image\\\/\"}}]}<\/script>\n<meta property=\"product:price:amount\" content=\"89.99\" \/>\n<meta property=\"product:price:currency\" content=\"EUR\" \/>\n<meta property=\"og:availability\" content=\"instock\" \/>\n<meta property=\"product:availability\" content=\"instock\" \/>\n<meta property=\"product:retailer_item_id\" content=\"4005-7675\" \/>\n<meta property=\"product:condition\" content=\"new\" \/>\n<!-- \/ Yoast SEO Premium plugin. -->","yoast_head_json":{"title":"Etan\u0219are universal\u0103 7675 pentru suprafe\u021be \"dure\" \/ non-absorbante (sticl\u0103 \/ ceramic\u0103 +++, o\u021bel inoxidabil +++, plastic \/ metal ++) - versiegelung24.com","robots":{"index":"index","follow":"follow","max-snippet":"max-snippet:-1","max-image-preview":"max-image-preview:large","max-video-preview":"max-video-preview:-1"},"canonical":"https:\/\/www.versiegelung24.com\/ro\/etansare-universala-7675-pentru-suprafete-dure-non-absorbante-sticla-ceramica-otel-inoxidabil-plastic-metal.html","og_locale":"ro_RO","og_type":"article","og_title":"Etan\u0219are universal\u0103 7675 pentru suprafe\u021be \"dure\" \/ non-absorbante (sticl\u0103 \/ ceramic\u0103 +++, o\u021bel inoxidabil +++, plastic \/ metal ++)","og_description":"**NOU** Sigiliu universal profesional foarte eficient pentru suprafe\u021be \u201edure\u201d\/neabsorbante, cum ar fi: \u2713 Sticl\u0103 \u2713 Suprafe\u021be ceramice \u2713 Suprafe\u021be din plastic \u2713 Suprafe\u021be metalice \u2713 Cu efect u\u0219or de cur\u0103\u021bat","og_url":"https:\/\/www.versiegelung24.com\/ro\/etansare-universala-7675-pentru-suprafete-dure-non-absorbante-sticla-ceramica-otel-inoxidabil-plastic-metal.html","og_site_name":"versiegelung24.com","article_modified_time":"2025-03-20T09:10:24+00:00","og_image":[{"width":2560,"height":2560,"url":"https:\/\/www.versiegelung24.com\/wp-content\/uploads\/2020\/06\/produkt-4005-7675-1000-Universalversiegelung-7675-scaled.jpg","type":"image\/jpeg"}],"twitter_card":"summary_large_image","twitter_misc":{"Pre\u021b":"89,99&euro;","Disponibilitate":"\u00cen stoc"},"schema":{"@context":"https:\/\/schema.org","@graph":[{"@type":"WebPage","@id":"https:\/\/www.versiegelung24.com\/ro\/etansare-universala-7675-pentru-suprafete-dure-non-absorbante-sticla-ceramica-otel-inoxidabil-plastic-metal.html","url":"https:\/\/www.versiegelung24.com\/ro\/etansare-universala-7675-pentru-suprafete-dure-non-absorbante-sticla-ceramica-otel-inoxidabil-plastic-metal.html","name":"Etan\u0219are universal\u0103 7675 pentru suprafe\u021be \"dure\" \/ non-absorbante (sticl\u0103 \/ ceramic\u0103 +++, o\u021bel inoxidabil +++, plastic \/ metal ++) - versiegelung24.com","isPartOf":{"@id":"https:\/\/www.versiegelung24.com\/ro\/#website"},"primaryImageOfPage":{"@id":"https:\/\/www.versiegelung24.com\/ro\/etansare-universala-7675-pentru-suprafete-dure-non-absorbante-sticla-ceramica-otel-inoxidabil-plastic-metal.html#primaryimage"},"image":{"@id":"https:\/\/www.versiegelung24.com\/ro\/etansare-universala-7675-pentru-suprafete-dure-non-absorbante-sticla-ceramica-otel-inoxidabil-plastic-metal.html#primaryimage"},"thumbnailUrl":"https:\/\/www.versiegelung24.com\/wp-content\/uploads\/2020\/06\/produkt-4005-7675-1000-Universalversiegelung-7675-scaled.jpg","datePublished":"2021-08-02T19:28:05+00:00","dateModified":"2025-03-20T09:10:24+00:00","breadcrumb":{"@id":"https:\/\/www.versiegelung24.com\/ro\/etansare-universala-7675-pentru-suprafete-dure-non-absorbante-sticla-ceramica-otel-inoxidabil-plastic-metal.html#breadcrumb"},"inLanguage":"ro-RO","potentialAction":[{"@type":"ReadAction","target":["https:\/\/www.versiegelung24.com\/ro\/etansare-universala-7675-pentru-suprafete-dure-non-absorbante-sticla-ceramica-otel-inoxidabil-plastic-metal.html"]}]},{"@type":"ImageObject","inLanguage":"ro-RO","@id":"https:\/\/www.versiegelung24.com\/ro\/etansare-universala-7675-pentru-suprafete-dure-non-absorbante-sticla-ceramica-otel-inoxidabil-plastic-metal.html#primaryimage","url":"https:\/\/www.versiegelung24.com\/wp-content\/uploads\/2020\/06\/produkt-4005-7675-1000-Universalversiegelung-7675-scaled.jpg","contentUrl":"https:\/\/www.versiegelung24.com\/wp-content\/uploads\/2020\/06\/produkt-4005-7675-1000-Universalversiegelung-7675-scaled.jpg","width":2560,"height":2560},{"@type":"BreadcrumbList","@id":"https:\/\/www.versiegelung24.com\/ro\/etansare-universala-7675-pentru-suprafete-dure-non-absorbante-sticla-ceramica-otel-inoxidabil-plastic-metal.html#breadcrumb","itemListElement":[{"@type":"ListItem","position":1,"name":"Pagina de start","item":"https:\/\/www.versiegelung24.com\/ro\/fata\/"},{"@type":"ListItem","position":2,"name":"Magazin","item":"https:\/\/www.versiegelung24.com\/ro\/magazin_ro\/"},{"@type":"ListItem","position":3,"name":"Etan\u0219are universal\u0103 7675 pentru suprafe\u021be &#8220;dure&#8221; \/ non-absorbante (sticl\u0103 \/ ceramic\u0103 +++, o\u021bel inoxidabil +++, plastic \/ metal ++)"}]},{"@type":"WebSite","@id":"https:\/\/www.versiegelung24.com\/ro\/#website","url":"https:\/\/www.versiegelung24.com\/ro\/","name":"versiegelung24.com","description":"Fl\u00fcssigglas-Versiegelung - Made in Germany","publisher":{"@id":"https:\/\/www.versiegelung24.com\/ro\/#organization"},"potentialAction":[{"@type":"SearchAction","target":{"@type":"EntryPoint","urlTemplate":"https:\/\/www.versiegelung24.com\/ro\/?s={search_term_string}"},"query-input":{"@type":"PropertyValueSpecification","valueRequired":true,"valueName":"search_term_string"}}],"inLanguage":"ro-RO"},{"@type":"Organization","@id":"https:\/\/www.versiegelung24.com\/ro\/#organization","name":"versiegelung24","url":"https:\/\/www.versiegelung24.com\/ro\/","logo":{"@type":"ImageObject","inLanguage":"ro-RO","@id":"https:\/\/www.versiegelung24.com\/ro\/#\/schema\/logo\/image\/","url":"https:\/\/www.versiegelung24.com\/wp-content\/uploads\/2020\/04\/versiegelung24.png","contentUrl":"https:\/\/www.versiegelung24.com\/wp-content\/uploads\/2020\/04\/versiegelung24.png","width":470,"height":102,"caption":"versiegelung24"},"image":{"@id":"https:\/\/www.versiegelung24.com\/ro\/#\/schema\/logo\/image\/"}}]},"product_price_amount":"89.99","product_price_currency":"EUR","og_availability":"instock","product_availability":"instock","product_retailer_item_id":"4005-7675","product_condition":"new"},"_links":{"self":[{"href":"https:\/\/www.versiegelung24.com\/ro\/wp-json\/wp\/v2\/product\/23222","targetHints":{"allow":["GET"]}}],"collection":[{"href":"https:\/\/www.versiegelung24.com\/ro\/wp-json\/wp\/v2\/product"}],"about":[{"href":"https:\/\/www.versiegelung24.com\/ro\/wp-json\/wp\/v2\/types\/product"}],"version-history":[{"count":16,"href":"https:\/\/www.versiegelung24.com\/ro\/wp-json\/wp\/v2\/product\/23222\/revisions"}],"predecessor-version":[{"id":181103,"href":"https:\/\/www.versiegelung24.com\/ro\/wp-json\/wp\/v2\/product\/23222\/revisions\/181103"}],"wp:featuredmedia":[{"embeddable":true,"href":"https:\/\/www.versiegelung24.com\/ro\/wp-json\/wp\/v2\/media\/18263"}],"wp:attachment":[{"href":"https:\/\/www.versiegelung24.com\/ro\/wp-json\/wp\/v2\/media?parent=23222"}],"wp:term":[{"taxonomy":"product_brand","embeddable":true,"href":"https:\/\/www.versiegelung24.com\/ro\/wp-json\/wp\/v2\/product_brand?post=23222"},{"taxonomy":"product_cat","embeddable":true,"href":"https:\/\/www.versiegelung24.com\/ro\/wp-json\/wp\/v2\/product_cat?post=23222"},{"taxonomy":"product_tag","embeddable":true,"href":"https:\/\/www.versiegelung24.com\/ro\/wp-json\/wp\/v2\/product_tag?post=23222"}],"curies":[{"name":"wp","href":"https:\/\/api.w.org\/{rel}","templated":true}]}}