{"id":23249,"date":"2020-04-04T18:53:43","date_gmt":"2021-08-02T19:29:00","guid":{"rendered":"https:\/\/www.versiegelung24.com\/produkt\/etansare-universala-695-pentru-suprafete-moi-absorbante-piatra-lemn-textil"},"modified":"2025-04-12T11:47:56","modified_gmt":"2025-04-12T09:47:56","slug":"sigiliu-universal-695-pentru-suprafete-absorbante-moi-din-piatra-lemn-textile","status":"publish","type":"product","link":"https:\/\/www.versiegelung24.com\/ro\/etansare-universala-695-pentru-suprafete-moi-absorbante-piatra-lemn-textil.html","title":{"rendered":"Etan\u0219are universal\u0103 695 pentru suprafe\u021be &#8220;moi&#8221; \/ absorbante (piatr\u0103 +++, lemn +++, textil ++)"},"content":{"rendered":"\n<p><strong>Garnitur\u0103 universal\u0103 profesional\u0103 foarte eficient\u0103 pentru suprafe\u021be \u201emoale\u201d\/absorbante, cum ar fi textile, piatr\u0103, lemn, cu efect u\u0219or de cur\u0103\u021bat<\/strong><\/p>\n\n<p>Ideal pentru piatr\u0103 \u0219i lemn, aplicabil \u0219i textilelor<\/p>\n\n<p>De \u00eenalt\u0103 calitate &#8211; Fabricat \u00een Germania<\/p>\n\n<p><strong>Etan\u0219are universal\u0103 V24 4007-695<\/strong> este o impregnare apoas\u0103 pentru suprafe\u021be absorbante \/ \u201emoi\u201d cu hidrofobie foarte bun\u0103 (hidrofug) \u0219i oleofobicitate (hidrofug) a suprafe\u021belor. Produsul formeaz\u0103 o pelicul\u0103 de suprafa\u021b\u0103 aproape invizibil\u0103. Efectul hidrofug reduce semnificativ rata de penetrare a umezelii pe suprafe\u021bele tratate \u0219i re-murd\u0103rire. P\u0103trunderea uleiului \u0219i a substan\u021belor decolorante \u00een suprafa\u021b\u0103 este redus\u0103 \u0219i poate fi u\u0219or \u00eendep\u0103rtat\u0103 \/ cur\u0103\u021bat\u0103.<\/p>\n\n<hr \/>\n\n<h4 class=\"wp-block-heading\" id=\"properties\">Caracteristicile produsului<\/h4>\n\n<div class=\"wp-block-columns is-layout-flex wp-container-core-columns-is-layout-9d6595d7 wp-block-columns-is-layout-flex\">\n<div class=\"wp-block-column is-layout-flow wp-block-column-is-layout-flow\">\n<p>Not\u0103: Textile albe ieftine pot avea o nuan\u021b\u0103 galben\u0103<\/p>\n\n\n\n<p>\u00cen func\u021bie de absorb\u021bia suprafe\u021bei de etan\u0219at, 1 litru este suficient pentru p\u00e2n\u0103 la 40m\u00b2.<\/p>\n<\/div>\n\n\n\n<div class=\"wp-block-column is-layout-flow wp-block-column-is-layout-flow\">\n<p><br \/><br \/>P<strong>achetul de livrare:<\/strong> 1 x sticl\u0103 de un litru 1 x cap de pulverizare cu pomp\u0103<\/p>\n<\/div>\n<\/div>\n\n<hr \/>\n\n<h4 class=\"wp-block-heading\" id=\"h-ratgeber\">Consilier<\/h4>\n\n<p>Sigiliile noastre universale sunt potrivite \u00een special pentru sectorul bricolajului.<\/p>\n\n<p>Acestea combin\u0103 un mod de ac\u021biune profesional pe diferite suprafe\u021be cu o manipulare u\u0219oar\u0103 \u00een timpul aplic\u0103rii. \u0218i toate acestea f\u0103r\u0103 a fi nevoie s\u0103 facem compromisuri majore \u00een ceea ce prive\u0219te calitatea.<\/p>\n\n<p>\u00cen acest fel, se pot face aplica\u021bii pe mai multe materiale cu un singur etan\u0219ant universal \u0219i se poate ob\u021bine, de asemenea, un efect de \u00eenalt\u0103 calitate \u0219i durabilitate \u00eendelungat\u0103.<\/p>\n\n<p>Cu toate acestea, pentru aplica\u021biile comerciale \u0219i industriale \u00een care se dore\u0219te atins cel mai \u00eenalt nivel posibil de performan\u021b\u0103 pe o anumit\u0103 suprafa\u021b\u0103, recomand\u0103m utilizarea finisajelor noastre speciale pentru acea suprafa\u021b\u0103.<\/p>\n","protected":false},"excerpt":{"rendered":"<p><strong>Etan\u0219are universal\u0103 profesional\u0103 foarte eficient\u0103 pentru suprafe\u021be absorbante \/ \u201emoale\u201d:<\/strong><\/p>\n<p>\u2713 Textile<\/p>\n<p>\u2713 Piatra<\/p>\n<p>\u2713 lemn<\/p>\n<p>\u2713 Cu efect u\u0219or de cur\u0103\u021bat<\/p>\n","protected":false},"featured_media":18332,"template":"","meta":{"_acf_changed":false,"neve_meta_sidebar":"","neve_meta_container":"","neve_meta_enable_content_width":"","neve_meta_content_width":0,"neve_meta_title_alignment":"","neve_meta_author_avatar":"","neve_post_elements_order":"","neve_meta_disable_header":"","neve_meta_disable_footer":"","neve_meta_disable_title":"","neve_meta_reading_time":"","_surfaces":[],"_ver_product_tabs":[],"footnotes":""},"product_brand":[],"product_cat":[2477],"product_tag":[],"class_list":{"0":"post-23249","1":"product","2":"type-product","3":"status-publish","4":"has-post-thumbnail","6":"product_cat-etansare-universala","7":"pa_gebinde-sticla-de-1000-ml","8":"pa_gebinde-canister-de-20-l","10":"first","11":"instock","12":"taxable","13":"shipping-taxable","14":"purchasable","15":"product-type-variable","16":"has-default-attributes"},"acf":[],"yoast_head":"<!-- This site is optimized with the Yoast SEO Premium plugin v22.8 (Yoast SEO v27.5) - https:\/\/yoast.com\/product\/yoast-seo-premium-wordpress\/ -->\n<title>Etan\u0219are universal\u0103 695 pentru suprafe\u021be &quot;moi&quot; \/ absorbante (piatr\u0103 +++, lemn +++, textil ++) - versiegelung24.com<\/title>\n<meta name=\"robots\" content=\"index, follow, max-snippet:-1, max-image-preview:large, max-video-preview:-1\" \/>\n<link rel=\"canonical\" href=\"https:\/\/www.versiegelung24.com\/ro\/etansare-universala-695-pentru-suprafete-moi-absorbante-piatra-lemn-textil.html\" \/>\n<meta property=\"og:locale\" content=\"ro_RO\" \/>\n<meta property=\"og:type\" content=\"article\" \/>\n<meta property=\"og:title\" content=\"Etan\u0219are universal\u0103 695 pentru suprafe\u021be &quot;moi&quot; \/ absorbante (piatr\u0103 +++, lemn +++, textil ++)\" \/>\n<meta property=\"og:description\" content=\"Etan\u0219are universal\u0103 profesional\u0103 foarte eficient\u0103 pentru suprafe\u021be absorbante \/ \u201emoale\u201d: \u2713 Textile \u2713 Piatra \u2713 lemn \u2713 Cu efect u\u0219or de cur\u0103\u021bat\" \/>\n<meta property=\"og:url\" content=\"https:\/\/www.versiegelung24.com\/ro\/etansare-universala-695-pentru-suprafete-moi-absorbante-piatra-lemn-textil.html\" \/>\n<meta property=\"og:site_name\" content=\"versiegelung24.com\" \/>\n<meta property=\"article:modified_time\" content=\"2025-04-12T09:47:56+00:00\" \/>\n<meta property=\"og:image\" content=\"https:\/\/www.versiegelung24.com\/wp-content\/uploads\/2020\/06\/produkt-4007-695-1000-Universalversiegelung-695-scaled.jpg\" \/>\n\t<meta property=\"og:image:width\" content=\"2560\" \/>\n\t<meta property=\"og:image:height\" content=\"2560\" \/>\n\t<meta property=\"og:image:type\" content=\"image\/jpeg\" \/>\n<meta name=\"twitter:card\" content=\"summary_large_image\" \/>\n<meta name=\"twitter:label1\" content=\"Disponibilitate\" \/>\n\t<meta name=\"twitter:data1\" content=\"\u00cen stoc\" \/>\n<script type=\"application\/ld+json\" class=\"yoast-schema-graph\">{\"@context\":\"https:\\\/\\\/schema.org\",\"@graph\":[{\"@type\":\"WebPage\",\"@id\":\"https:\\\/\\\/www.versiegelung24.com\\\/ro\\\/etansare-universala-695-pentru-suprafete-moi-absorbante-piatra-lemn-textil.html\",\"url\":\"https:\\\/\\\/www.versiegelung24.com\\\/ro\\\/etansare-universala-695-pentru-suprafete-moi-absorbante-piatra-lemn-textil.html\",\"name\":\"Etan\u0219are universal\u0103 695 pentru suprafe\u021be \\\"moi\\\" \\\/ absorbante (piatr\u0103 +++, lemn +++, textil ++) - versiegelung24.com\",\"isPartOf\":{\"@id\":\"https:\\\/\\\/www.versiegelung24.com\\\/ro\\\/#website\"},\"primaryImageOfPage\":{\"@id\":\"https:\\\/\\\/www.versiegelung24.com\\\/ro\\\/etansare-universala-695-pentru-suprafete-moi-absorbante-piatra-lemn-textil.html#primaryimage\"},\"image\":{\"@id\":\"https:\\\/\\\/www.versiegelung24.com\\\/ro\\\/etansare-universala-695-pentru-suprafete-moi-absorbante-piatra-lemn-textil.html#primaryimage\"},\"thumbnailUrl\":\"https:\\\/\\\/www.versiegelung24.com\\\/wp-content\\\/uploads\\\/2020\\\/06\\\/produkt-4007-695-1000-Universalversiegelung-695-scaled.jpg\",\"datePublished\":\"2021-08-02T19:29:00+00:00\",\"dateModified\":\"2025-04-12T09:47:56+00:00\",\"breadcrumb\":{\"@id\":\"https:\\\/\\\/www.versiegelung24.com\\\/ro\\\/etansare-universala-695-pentru-suprafete-moi-absorbante-piatra-lemn-textil.html#breadcrumb\"},\"inLanguage\":\"ro-RO\",\"potentialAction\":[{\"@type\":\"ReadAction\",\"target\":[\"https:\\\/\\\/www.versiegelung24.com\\\/ro\\\/etansare-universala-695-pentru-suprafete-moi-absorbante-piatra-lemn-textil.html\"]}]},{\"@type\":\"ImageObject\",\"inLanguage\":\"ro-RO\",\"@id\":\"https:\\\/\\\/www.versiegelung24.com\\\/ro\\\/etansare-universala-695-pentru-suprafete-moi-absorbante-piatra-lemn-textil.html#primaryimage\",\"url\":\"https:\\\/\\\/www.versiegelung24.com\\\/wp-content\\\/uploads\\\/2020\\\/06\\\/produkt-4007-695-1000-Universalversiegelung-695-scaled.jpg\",\"contentUrl\":\"https:\\\/\\\/www.versiegelung24.com\\\/wp-content\\\/uploads\\\/2020\\\/06\\\/produkt-4007-695-1000-Universalversiegelung-695-scaled.jpg\",\"width\":2560,\"height\":2560},{\"@type\":\"BreadcrumbList\",\"@id\":\"https:\\\/\\\/www.versiegelung24.com\\\/ro\\\/etansare-universala-695-pentru-suprafete-moi-absorbante-piatra-lemn-textil.html#breadcrumb\",\"itemListElement\":[{\"@type\":\"ListItem\",\"position\":1,\"name\":\"Pagina de start\",\"item\":\"https:\\\/\\\/www.versiegelung24.com\\\/ro\\\/fata\\\/\"},{\"@type\":\"ListItem\",\"position\":2,\"name\":\"Magazin\",\"item\":\"https:\\\/\\\/www.versiegelung24.com\\\/ro\\\/magazin_ro\\\/\"},{\"@type\":\"ListItem\",\"position\":3,\"name\":\"Etan\u0219are universal\u0103 695 pentru suprafe\u021be &#8220;moi&#8221; \\\/ absorbante (piatr\u0103 +++, lemn +++, textil ++)\"}]},{\"@type\":\"WebSite\",\"@id\":\"https:\\\/\\\/www.versiegelung24.com\\\/ro\\\/#website\",\"url\":\"https:\\\/\\\/www.versiegelung24.com\\\/ro\\\/\",\"name\":\"versiegelung24.com\",\"description\":\"Fl\u00fcssigglas-Versiegelung - Made in Germany\",\"publisher\":{\"@id\":\"https:\\\/\\\/www.versiegelung24.com\\\/ro\\\/#organization\"},\"potentialAction\":[{\"@type\":\"SearchAction\",\"target\":{\"@type\":\"EntryPoint\",\"urlTemplate\":\"https:\\\/\\\/www.versiegelung24.com\\\/ro\\\/?s={search_term_string}\"},\"query-input\":{\"@type\":\"PropertyValueSpecification\",\"valueRequired\":true,\"valueName\":\"search_term_string\"}}],\"inLanguage\":\"ro-RO\"},{\"@type\":\"Organization\",\"@id\":\"https:\\\/\\\/www.versiegelung24.com\\\/ro\\\/#organization\",\"name\":\"versiegelung24\",\"url\":\"https:\\\/\\\/www.versiegelung24.com\\\/ro\\\/\",\"logo\":{\"@type\":\"ImageObject\",\"inLanguage\":\"ro-RO\",\"@id\":\"https:\\\/\\\/www.versiegelung24.com\\\/ro\\\/#\\\/schema\\\/logo\\\/image\\\/\",\"url\":\"https:\\\/\\\/www.versiegelung24.com\\\/wp-content\\\/uploads\\\/2020\\\/04\\\/versiegelung24.png\",\"contentUrl\":\"https:\\\/\\\/www.versiegelung24.com\\\/wp-content\\\/uploads\\\/2020\\\/04\\\/versiegelung24.png\",\"width\":470,\"height\":102,\"caption\":\"versiegelung24\"},\"image\":{\"@id\":\"https:\\\/\\\/www.versiegelung24.com\\\/ro\\\/#\\\/schema\\\/logo\\\/image\\\/\"}}]}<\/script>\n<meta property=\"og:availability\" content=\"instock\" \/>\n<meta property=\"product:availability\" content=\"instock\" \/>\n<meta property=\"product:retailer_item_id\" content=\"4007-695\" \/>\n<meta property=\"product:condition\" content=\"new\" \/>\n<!-- \/ Yoast SEO Premium plugin. -->","yoast_head_json":{"title":"Etan\u0219are universal\u0103 695 pentru suprafe\u021be \"moi\" \/ absorbante (piatr\u0103 +++, lemn +++, textil ++) - versiegelung24.com","robots":{"index":"index","follow":"follow","max-snippet":"max-snippet:-1","max-image-preview":"max-image-preview:large","max-video-preview":"max-video-preview:-1"},"canonical":"https:\/\/www.versiegelung24.com\/ro\/etansare-universala-695-pentru-suprafete-moi-absorbante-piatra-lemn-textil.html","og_locale":"ro_RO","og_type":"article","og_title":"Etan\u0219are universal\u0103 695 pentru suprafe\u021be \"moi\" \/ absorbante (piatr\u0103 +++, lemn +++, textil ++)","og_description":"Etan\u0219are universal\u0103 profesional\u0103 foarte eficient\u0103 pentru suprafe\u021be absorbante \/ \u201emoale\u201d: \u2713 Textile \u2713 Piatra \u2713 lemn \u2713 Cu efect u\u0219or de cur\u0103\u021bat","og_url":"https:\/\/www.versiegelung24.com\/ro\/etansare-universala-695-pentru-suprafete-moi-absorbante-piatra-lemn-textil.html","og_site_name":"versiegelung24.com","article_modified_time":"2025-04-12T09:47:56+00:00","og_image":[{"width":2560,"height":2560,"url":"https:\/\/www.versiegelung24.com\/wp-content\/uploads\/2020\/06\/produkt-4007-695-1000-Universalversiegelung-695-scaled.jpg","type":"image\/jpeg"}],"twitter_card":"summary_large_image","twitter_misc":{"Disponibilitate":"\u00cen stoc"},"schema":{"@context":"https:\/\/schema.org","@graph":[{"@type":"WebPage","@id":"https:\/\/www.versiegelung24.com\/ro\/etansare-universala-695-pentru-suprafete-moi-absorbante-piatra-lemn-textil.html","url":"https:\/\/www.versiegelung24.com\/ro\/etansare-universala-695-pentru-suprafete-moi-absorbante-piatra-lemn-textil.html","name":"Etan\u0219are universal\u0103 695 pentru suprafe\u021be \"moi\" \/ absorbante (piatr\u0103 +++, lemn +++, textil ++) - versiegelung24.com","isPartOf":{"@id":"https:\/\/www.versiegelung24.com\/ro\/#website"},"primaryImageOfPage":{"@id":"https:\/\/www.versiegelung24.com\/ro\/etansare-universala-695-pentru-suprafete-moi-absorbante-piatra-lemn-textil.html#primaryimage"},"image":{"@id":"https:\/\/www.versiegelung24.com\/ro\/etansare-universala-695-pentru-suprafete-moi-absorbante-piatra-lemn-textil.html#primaryimage"},"thumbnailUrl":"https:\/\/www.versiegelung24.com\/wp-content\/uploads\/2020\/06\/produkt-4007-695-1000-Universalversiegelung-695-scaled.jpg","datePublished":"2021-08-02T19:29:00+00:00","dateModified":"2025-04-12T09:47:56+00:00","breadcrumb":{"@id":"https:\/\/www.versiegelung24.com\/ro\/etansare-universala-695-pentru-suprafete-moi-absorbante-piatra-lemn-textil.html#breadcrumb"},"inLanguage":"ro-RO","potentialAction":[{"@type":"ReadAction","target":["https:\/\/www.versiegelung24.com\/ro\/etansare-universala-695-pentru-suprafete-moi-absorbante-piatra-lemn-textil.html"]}]},{"@type":"ImageObject","inLanguage":"ro-RO","@id":"https:\/\/www.versiegelung24.com\/ro\/etansare-universala-695-pentru-suprafete-moi-absorbante-piatra-lemn-textil.html#primaryimage","url":"https:\/\/www.versiegelung24.com\/wp-content\/uploads\/2020\/06\/produkt-4007-695-1000-Universalversiegelung-695-scaled.jpg","contentUrl":"https:\/\/www.versiegelung24.com\/wp-content\/uploads\/2020\/06\/produkt-4007-695-1000-Universalversiegelung-695-scaled.jpg","width":2560,"height":2560},{"@type":"BreadcrumbList","@id":"https:\/\/www.versiegelung24.com\/ro\/etansare-universala-695-pentru-suprafete-moi-absorbante-piatra-lemn-textil.html#breadcrumb","itemListElement":[{"@type":"ListItem","position":1,"name":"Pagina de start","item":"https:\/\/www.versiegelung24.com\/ro\/fata\/"},{"@type":"ListItem","position":2,"name":"Magazin","item":"https:\/\/www.versiegelung24.com\/ro\/magazin_ro\/"},{"@type":"ListItem","position":3,"name":"Etan\u0219are universal\u0103 695 pentru suprafe\u021be &#8220;moi&#8221; \/ absorbante (piatr\u0103 +++, lemn +++, textil ++)"}]},{"@type":"WebSite","@id":"https:\/\/www.versiegelung24.com\/ro\/#website","url":"https:\/\/www.versiegelung24.com\/ro\/","name":"versiegelung24.com","description":"Fl\u00fcssigglas-Versiegelung - Made in Germany","publisher":{"@id":"https:\/\/www.versiegelung24.com\/ro\/#organization"},"potentialAction":[{"@type":"SearchAction","target":{"@type":"EntryPoint","urlTemplate":"https:\/\/www.versiegelung24.com\/ro\/?s={search_term_string}"},"query-input":{"@type":"PropertyValueSpecification","valueRequired":true,"valueName":"search_term_string"}}],"inLanguage":"ro-RO"},{"@type":"Organization","@id":"https:\/\/www.versiegelung24.com\/ro\/#organization","name":"versiegelung24","url":"https:\/\/www.versiegelung24.com\/ro\/","logo":{"@type":"ImageObject","inLanguage":"ro-RO","@id":"https:\/\/www.versiegelung24.com\/ro\/#\/schema\/logo\/image\/","url":"https:\/\/www.versiegelung24.com\/wp-content\/uploads\/2020\/04\/versiegelung24.png","contentUrl":"https:\/\/www.versiegelung24.com\/wp-content\/uploads\/2020\/04\/versiegelung24.png","width":470,"height":102,"caption":"versiegelung24"},"image":{"@id":"https:\/\/www.versiegelung24.com\/ro\/#\/schema\/logo\/image\/"}}]},"og_availability":"instock","product_availability":"instock","product_retailer_item_id":"4007-695","product_condition":"new"},"_links":{"self":[{"href":"https:\/\/www.versiegelung24.com\/ro\/wp-json\/wp\/v2\/product\/23249","targetHints":{"allow":["GET"]}}],"collection":[{"href":"https:\/\/www.versiegelung24.com\/ro\/wp-json\/wp\/v2\/product"}],"about":[{"href":"https:\/\/www.versiegelung24.com\/ro\/wp-json\/wp\/v2\/types\/product"}],"version-history":[{"count":22,"href":"https:\/\/www.versiegelung24.com\/ro\/wp-json\/wp\/v2\/product\/23249\/revisions"}],"predecessor-version":[{"id":181441,"href":"https:\/\/www.versiegelung24.com\/ro\/wp-json\/wp\/v2\/product\/23249\/revisions\/181441"}],"wp:featuredmedia":[{"embeddable":true,"href":"https:\/\/www.versiegelung24.com\/ro\/wp-json\/wp\/v2\/media\/18332"}],"wp:attachment":[{"href":"https:\/\/www.versiegelung24.com\/ro\/wp-json\/wp\/v2\/media?parent=23249"}],"wp:term":[{"taxonomy":"product_brand","embeddable":true,"href":"https:\/\/www.versiegelung24.com\/ro\/wp-json\/wp\/v2\/product_brand?post=23249"},{"taxonomy":"product_cat","embeddable":true,"href":"https:\/\/www.versiegelung24.com\/ro\/wp-json\/wp\/v2\/product_cat?post=23249"},{"taxonomy":"product_tag","embeddable":true,"href":"https:\/\/www.versiegelung24.com\/ro\/wp-json\/wp\/v2\/product_tag?post=23249"}],"curies":[{"name":"wp","href":"https:\/\/api.w.org\/{rel}","templated":true}]}}