{"id":23265,"date":"2020-04-04T18:53:12","date_gmt":"2021-08-02T19:29:47","guid":{"rendered":"https:\/\/www.versiegelung24.com\/produkt\/etansare-plastic-metal-de-calitate-profesionala"},"modified":"2025-01-03T23:28:31","modified_gmt":"2025-01-03T22:28:31","slug":"etansare-plastic-metal-la-calitate-profesionala","status":"publish","type":"product","link":"https:\/\/www.versiegelung24.com\/ro\/etansare-plastic-metal-in-calitate-profesionala.html","title":{"rendered":"Etan\u0219are plastic + metal de calitate profesional\u0103"},"content":{"rendered":"\n<p><strong>*** Versiune nou\u0103 de produs cu efect \u00eembun\u0103t\u0103\u021bit *** <\/strong><\/p>\n\n<p><strong>Sigiliu de protec\u021bie profesional de mare eficien\u021b\u0103 pentru plastic \u0219i metal (de exemplu, o\u021bel inoxidabil), cu efect de lotus (repelen\u021b\u0103 la ap\u0103), pentru interior \u0219i exterior. NOU<\/strong><\/p>\n\n<p>\u00cenalt\u0103 calitate Fabricat \u00een Germania.<\/p>\n\n<hr\/>\n\n<h4 class=\"wp-block-heading\" id=\"properties\">Caracteristicile produsului<\/h4>\n\n<div class=\"wp-block-columns is-layout-flex wp-container-core-columns-is-layout-9d6595d7 wp-block-columns-is-layout-flex\">\n<div class=\"wp-block-column is-layout-flow wp-block-column-is-layout-flow\">\n<ul class=\"wp-block-list\">\n<li>Efect remarcabil, u\u0219or de cur\u0103\u021bat, pentru aderen\u021ba murd\u0103riei<\/li>\n\n\n\n<li>Efect hidrofob \u0219i oleofob (repelente la ap\u0103 \u0219i ulei)<\/li>\n\n\n\n<li>Rezisten\u021b\u0103 foarte mare la abraziune datorit\u0103 nanotehnologiei SiO\u00b2<\/li>\n\n\n\n<li>Rezistent chimic la agen\u021bii de cur\u0103\u021bare (p\u00e2n\u0103 la valoarea pH 12)<\/li>\n\n\n\n<li>Stabil la UV \/ rezistent la \u00eenghe\u021b \/ rezistent la ap\u0103 s\u0103rat\u0103 \/ invizibil (grosimea stratului: 100-150 nm)<\/li>\n<\/ul>\n<\/div>\n\n\n\n<div class=\"wp-block-column is-layout-flow wp-block-column-is-layout-flow\">\n<ul class=\"wp-block-list\">\n<li>Economii de costuri, timp \u0219i energie prin cicluri extinse de cur\u0103\u021bare<\/li>\n\n\n\n<li>Aplica\u021bie simpl\u0103<\/li>\n\n\n\n<li>Respirabil<\/li>\n\n\n\n<li>Propriet\u0103\u021bi puternice antiaderente<\/li>\n\n\n\n<li>Durabilitate: pana la 1 an (in functie de utilizare)<\/li>\n<\/ul>\n\n\n\n<p><br\/><br\/>Pachetul de livrare: 1 x sticl\u0103 de un litru 1 x descrierea produsului<\/p>\n<\/div>\n<\/div>\n\n<hr\/>\n\n<h4 class=\"wp-block-heading\" id=\"application\">Aplica\u021bie<\/h4>\n\n<div class=\"wp-block-columns is-layout-flex wp-container-core-columns-is-layout-9d6595d7 wp-block-columns-is-layout-flex\">\n<div class=\"wp-block-column is-layout-flow wp-block-column-is-layout-flow\">\n<ul class=\"wp-block-list\">\n<li>suprafete din otel inoxidabil<\/li>\n\n\n\n<li>vopsea auto<\/li>\n\n\n\n<li>jante din aluminiu<\/li>\n\n\n\n<li>Suprafe\u021be vopsite<\/li>\n\n\n\n<li>Suprafe\u021be netede din plastic<\/li>\n\n\n\n<li>plexiglas<\/li>\n\n\n\n<li>suprafete metalice<\/li>\n<\/ul>\n\n\n\n<p>Consumul depinde de structura suprafetei, aproximativ 100-200m\u00b2\/litru.<\/p>\n<\/div>\n\n\n\n<div class=\"wp-block-column is-layout-flow wp-block-column-is-layout-flow\">\n<p>Usor de aplicat: <\/p>\n\n\n\n<p><br\/>1.manual: Aplicare prin mi\u0219c\u0103ri circulare cu o c\u00e2rp\u0103 curat\u0103 din h\u00e2rtie, in sau microfibr\u0103. 2.industrial: Poate fi utilizat at\u00e2t \u00een sistemele de lustruire, c\u00e2t \u0219i \u00een cele de acoperire prin pulverizare.<\/p>\n\n\n\n<p>Acest strat de SiO2 este complet reticulat \u0219i \u00eent\u0103rit dup\u0103 24 de ore. Efectul u\u0219or de cur\u0103\u021bat poate fi testat pentru prima dat\u0103 dup\u0103 aceast\u0103 faz\u0103 de \u00eent\u0103rire.<\/p>\n\n\n\n<p><br\/><br\/><br\/><br\/>Consum: P\u00e2n\u0103 la 200 m\u00b2 pot fi sigila\u021bi cu 1 litru Manual: 5-10 ml\/m\u00b2 Industrial: 10-15 ml\/m\u00b2<\/p>\n<\/div>\n<\/div>\n","protected":false},"excerpt":{"rendered":"<p><strong>Sigiliu de protec\u021bie profesional foarte eficient pentru plastic \u0219i metal (de exemplu, o\u021bel inoxidabil):<\/strong><\/p>\n<p>\u2713 Cu efect de lotus (repelente la ap\u0103)<\/p>\n<p>\u2713 Pentru interior \u0219i exterior. NOU<\/p>\n","protected":false},"featured_media":18364,"template":"","meta":{"_acf_changed":false,"neve_meta_sidebar":"","neve_meta_container":"","neve_meta_enable_content_width":"","neve_meta_content_width":0,"neve_meta_title_alignment":"","neve_meta_author_avatar":"","neve_post_elements_order":"","neve_meta_disable_header":"","neve_meta_disable_footer":"","neve_meta_disable_title":"","neve_meta_reading_time":"","_surfaces":[],"_ver_product_tabs":[],"footnotes":""},"product_brand":[],"product_cat":[2447],"product_tag":[],"class_list":{"0":"post-23265","1":"product","2":"type-product","3":"status-publish","4":"has-post-thumbnail","6":"product_cat-etansare-din-metal-si-plastic","8":"first","9":"instock","10":"taxable","11":"shipping-taxable","12":"purchasable","13":"product-type-simple"},"acf":[],"yoast_head":"<!-- This site is optimized with the Yoast SEO Premium plugin v22.8 (Yoast SEO v27.5) - https:\/\/yoast.com\/product\/yoast-seo-premium-wordpress\/ -->\n<title>Etan\u0219are plastic + metal de calitate profesional\u0103 - versiegelung24.com<\/title>\n<meta name=\"robots\" content=\"index, follow, max-snippet:-1, max-image-preview:large, max-video-preview:-1\" \/>\n<link rel=\"canonical\" href=\"https:\/\/www.versiegelung24.com\/ro\/etansare-plastic-metal-in-calitate-profesionala.html\" \/>\n<meta property=\"og:locale\" content=\"ro_RO\" \/>\n<meta property=\"og:type\" content=\"article\" \/>\n<meta property=\"og:title\" content=\"Etan\u0219are plastic + metal de calitate profesional\u0103\" \/>\n<meta property=\"og:description\" content=\"Sigiliu de protec\u021bie profesional foarte eficient pentru plastic \u0219i metal (de exemplu, o\u021bel inoxidabil): \u2713 Cu efect de lotus (repelente la ap\u0103) \u2713 Pentru interior \u0219i exterior. NOU\" \/>\n<meta property=\"og:url\" content=\"https:\/\/www.versiegelung24.com\/ro\/etansare-plastic-metal-in-calitate-profesionala.html\" \/>\n<meta property=\"og:site_name\" content=\"versiegelung24.com\" \/>\n<meta property=\"article:modified_time\" content=\"2025-01-03T22:28:31+00:00\" \/>\n<meta property=\"og:image\" content=\"https:\/\/www.versiegelung24.com\/wp-content\/uploads\/2020\/06\/produkt-5000-7656-1000-Kunststoff-Metallversiegelung-scaled.jpg\" \/>\n\t<meta property=\"og:image:width\" content=\"2560\" \/>\n\t<meta property=\"og:image:height\" content=\"2560\" \/>\n\t<meta property=\"og:image:type\" content=\"image\/jpeg\" \/>\n<meta name=\"twitter:card\" content=\"summary_large_image\" \/>\n<meta name=\"twitter:label1\" content=\"Pre\u021b\" \/>\n\t<meta name=\"twitter:data1\" content=\"149,00&euro;\" \/>\n\t<meta name=\"twitter:label2\" content=\"Disponibilitate\" \/>\n\t<meta name=\"twitter:data2\" content=\"\u00cen stoc\" \/>\n<script type=\"application\/ld+json\" class=\"yoast-schema-graph\">{\"@context\":\"https:\\\/\\\/schema.org\",\"@graph\":[{\"@type\":\"WebPage\",\"@id\":\"https:\\\/\\\/www.versiegelung24.com\\\/ro\\\/etansare-plastic-metal-in-calitate-profesionala.html\",\"url\":\"https:\\\/\\\/www.versiegelung24.com\\\/ro\\\/etansare-plastic-metal-in-calitate-profesionala.html\",\"name\":\"Etan\u0219are plastic + metal de calitate profesional\u0103 - versiegelung24.com\",\"isPartOf\":{\"@id\":\"https:\\\/\\\/www.versiegelung24.com\\\/ro\\\/#website\"},\"primaryImageOfPage\":{\"@id\":\"https:\\\/\\\/www.versiegelung24.com\\\/ro\\\/etansare-plastic-metal-in-calitate-profesionala.html#primaryimage\"},\"image\":{\"@id\":\"https:\\\/\\\/www.versiegelung24.com\\\/ro\\\/etansare-plastic-metal-in-calitate-profesionala.html#primaryimage\"},\"thumbnailUrl\":\"https:\\\/\\\/www.versiegelung24.com\\\/wp-content\\\/uploads\\\/2020\\\/06\\\/produkt-5000-7656-1000-Kunststoff-Metallversiegelung-scaled.jpg\",\"datePublished\":\"2021-08-02T19:29:47+00:00\",\"dateModified\":\"2025-01-03T22:28:31+00:00\",\"breadcrumb\":{\"@id\":\"https:\\\/\\\/www.versiegelung24.com\\\/ro\\\/etansare-plastic-metal-in-calitate-profesionala.html#breadcrumb\"},\"inLanguage\":\"ro-RO\",\"potentialAction\":[{\"@type\":\"ReadAction\",\"target\":[\"https:\\\/\\\/www.versiegelung24.com\\\/ro\\\/etansare-plastic-metal-in-calitate-profesionala.html\"]}]},{\"@type\":\"ImageObject\",\"inLanguage\":\"ro-RO\",\"@id\":\"https:\\\/\\\/www.versiegelung24.com\\\/ro\\\/etansare-plastic-metal-in-calitate-profesionala.html#primaryimage\",\"url\":\"https:\\\/\\\/www.versiegelung24.com\\\/wp-content\\\/uploads\\\/2020\\\/06\\\/produkt-5000-7656-1000-Kunststoff-Metallversiegelung-scaled.jpg\",\"contentUrl\":\"https:\\\/\\\/www.versiegelung24.com\\\/wp-content\\\/uploads\\\/2020\\\/06\\\/produkt-5000-7656-1000-Kunststoff-Metallversiegelung-scaled.jpg\",\"width\":2560,\"height\":2560},{\"@type\":\"BreadcrumbList\",\"@id\":\"https:\\\/\\\/www.versiegelung24.com\\\/ro\\\/etansare-plastic-metal-in-calitate-profesionala.html#breadcrumb\",\"itemListElement\":[{\"@type\":\"ListItem\",\"position\":1,\"name\":\"Pagina de start\",\"item\":\"https:\\\/\\\/www.versiegelung24.com\\\/ro\\\/fata\\\/\"},{\"@type\":\"ListItem\",\"position\":2,\"name\":\"Magazin\",\"item\":\"https:\\\/\\\/www.versiegelung24.com\\\/ro\\\/magazin_ro\\\/\"},{\"@type\":\"ListItem\",\"position\":3,\"name\":\"Etan\u0219are plastic + metal de calitate profesional\u0103\"}]},{\"@type\":\"WebSite\",\"@id\":\"https:\\\/\\\/www.versiegelung24.com\\\/ro\\\/#website\",\"url\":\"https:\\\/\\\/www.versiegelung24.com\\\/ro\\\/\",\"name\":\"versiegelung24.com\",\"description\":\"Fl\u00fcssigglas-Versiegelung - Made in Germany\",\"publisher\":{\"@id\":\"https:\\\/\\\/www.versiegelung24.com\\\/ro\\\/#organization\"},\"potentialAction\":[{\"@type\":\"SearchAction\",\"target\":{\"@type\":\"EntryPoint\",\"urlTemplate\":\"https:\\\/\\\/www.versiegelung24.com\\\/ro\\\/?s={search_term_string}\"},\"query-input\":{\"@type\":\"PropertyValueSpecification\",\"valueRequired\":true,\"valueName\":\"search_term_string\"}}],\"inLanguage\":\"ro-RO\"},{\"@type\":\"Organization\",\"@id\":\"https:\\\/\\\/www.versiegelung24.com\\\/ro\\\/#organization\",\"name\":\"versiegelung24\",\"url\":\"https:\\\/\\\/www.versiegelung24.com\\\/ro\\\/\",\"logo\":{\"@type\":\"ImageObject\",\"inLanguage\":\"ro-RO\",\"@id\":\"https:\\\/\\\/www.versiegelung24.com\\\/ro\\\/#\\\/schema\\\/logo\\\/image\\\/\",\"url\":\"https:\\\/\\\/www.versiegelung24.com\\\/wp-content\\\/uploads\\\/2020\\\/04\\\/versiegelung24.png\",\"contentUrl\":\"https:\\\/\\\/www.versiegelung24.com\\\/wp-content\\\/uploads\\\/2020\\\/04\\\/versiegelung24.png\",\"width\":470,\"height\":102,\"caption\":\"versiegelung24\"},\"image\":{\"@id\":\"https:\\\/\\\/www.versiegelung24.com\\\/ro\\\/#\\\/schema\\\/logo\\\/image\\\/\"}}]}<\/script>\n<meta property=\"product:price:amount\" content=\"149.00\" \/>\n<meta property=\"product:price:currency\" content=\"EUR\" \/>\n<meta property=\"og:availability\" content=\"instock\" \/>\n<meta property=\"product:availability\" content=\"instock\" \/>\n<meta property=\"product:retailer_item_id\" content=\"5000-7656-1000\" \/>\n<meta property=\"product:condition\" content=\"new\" \/>\n<!-- \/ Yoast SEO Premium plugin. -->","yoast_head_json":{"title":"Etan\u0219are plastic + metal de calitate profesional\u0103 - versiegelung24.com","robots":{"index":"index","follow":"follow","max-snippet":"max-snippet:-1","max-image-preview":"max-image-preview:large","max-video-preview":"max-video-preview:-1"},"canonical":"https:\/\/www.versiegelung24.com\/ro\/etansare-plastic-metal-in-calitate-profesionala.html","og_locale":"ro_RO","og_type":"article","og_title":"Etan\u0219are plastic + metal de calitate profesional\u0103","og_description":"Sigiliu de protec\u021bie profesional foarte eficient pentru plastic \u0219i metal (de exemplu, o\u021bel inoxidabil): \u2713 Cu efect de lotus (repelente la ap\u0103) \u2713 Pentru interior \u0219i exterior. NOU","og_url":"https:\/\/www.versiegelung24.com\/ro\/etansare-plastic-metal-in-calitate-profesionala.html","og_site_name":"versiegelung24.com","article_modified_time":"2025-01-03T22:28:31+00:00","og_image":[{"width":2560,"height":2560,"url":"https:\/\/www.versiegelung24.com\/wp-content\/uploads\/2020\/06\/produkt-5000-7656-1000-Kunststoff-Metallversiegelung-scaled.jpg","type":"image\/jpeg"}],"twitter_card":"summary_large_image","twitter_misc":{"Pre\u021b":"149,00&euro;","Disponibilitate":"\u00cen stoc"},"schema":{"@context":"https:\/\/schema.org","@graph":[{"@type":"WebPage","@id":"https:\/\/www.versiegelung24.com\/ro\/etansare-plastic-metal-in-calitate-profesionala.html","url":"https:\/\/www.versiegelung24.com\/ro\/etansare-plastic-metal-in-calitate-profesionala.html","name":"Etan\u0219are plastic + metal de calitate profesional\u0103 - versiegelung24.com","isPartOf":{"@id":"https:\/\/www.versiegelung24.com\/ro\/#website"},"primaryImageOfPage":{"@id":"https:\/\/www.versiegelung24.com\/ro\/etansare-plastic-metal-in-calitate-profesionala.html#primaryimage"},"image":{"@id":"https:\/\/www.versiegelung24.com\/ro\/etansare-plastic-metal-in-calitate-profesionala.html#primaryimage"},"thumbnailUrl":"https:\/\/www.versiegelung24.com\/wp-content\/uploads\/2020\/06\/produkt-5000-7656-1000-Kunststoff-Metallversiegelung-scaled.jpg","datePublished":"2021-08-02T19:29:47+00:00","dateModified":"2025-01-03T22:28:31+00:00","breadcrumb":{"@id":"https:\/\/www.versiegelung24.com\/ro\/etansare-plastic-metal-in-calitate-profesionala.html#breadcrumb"},"inLanguage":"ro-RO","potentialAction":[{"@type":"ReadAction","target":["https:\/\/www.versiegelung24.com\/ro\/etansare-plastic-metal-in-calitate-profesionala.html"]}]},{"@type":"ImageObject","inLanguage":"ro-RO","@id":"https:\/\/www.versiegelung24.com\/ro\/etansare-plastic-metal-in-calitate-profesionala.html#primaryimage","url":"https:\/\/www.versiegelung24.com\/wp-content\/uploads\/2020\/06\/produkt-5000-7656-1000-Kunststoff-Metallversiegelung-scaled.jpg","contentUrl":"https:\/\/www.versiegelung24.com\/wp-content\/uploads\/2020\/06\/produkt-5000-7656-1000-Kunststoff-Metallversiegelung-scaled.jpg","width":2560,"height":2560},{"@type":"BreadcrumbList","@id":"https:\/\/www.versiegelung24.com\/ro\/etansare-plastic-metal-in-calitate-profesionala.html#breadcrumb","itemListElement":[{"@type":"ListItem","position":1,"name":"Pagina de start","item":"https:\/\/www.versiegelung24.com\/ro\/fata\/"},{"@type":"ListItem","position":2,"name":"Magazin","item":"https:\/\/www.versiegelung24.com\/ro\/magazin_ro\/"},{"@type":"ListItem","position":3,"name":"Etan\u0219are plastic + metal de calitate profesional\u0103"}]},{"@type":"WebSite","@id":"https:\/\/www.versiegelung24.com\/ro\/#website","url":"https:\/\/www.versiegelung24.com\/ro\/","name":"versiegelung24.com","description":"Fl\u00fcssigglas-Versiegelung - Made in Germany","publisher":{"@id":"https:\/\/www.versiegelung24.com\/ro\/#organization"},"potentialAction":[{"@type":"SearchAction","target":{"@type":"EntryPoint","urlTemplate":"https:\/\/www.versiegelung24.com\/ro\/?s={search_term_string}"},"query-input":{"@type":"PropertyValueSpecification","valueRequired":true,"valueName":"search_term_string"}}],"inLanguage":"ro-RO"},{"@type":"Organization","@id":"https:\/\/www.versiegelung24.com\/ro\/#organization","name":"versiegelung24","url":"https:\/\/www.versiegelung24.com\/ro\/","logo":{"@type":"ImageObject","inLanguage":"ro-RO","@id":"https:\/\/www.versiegelung24.com\/ro\/#\/schema\/logo\/image\/","url":"https:\/\/www.versiegelung24.com\/wp-content\/uploads\/2020\/04\/versiegelung24.png","contentUrl":"https:\/\/www.versiegelung24.com\/wp-content\/uploads\/2020\/04\/versiegelung24.png","width":470,"height":102,"caption":"versiegelung24"},"image":{"@id":"https:\/\/www.versiegelung24.com\/ro\/#\/schema\/logo\/image\/"}}]},"product_price_amount":"149.00","product_price_currency":"EUR","og_availability":"instock","product_availability":"instock","product_retailer_item_id":"5000-7656-1000","product_condition":"new"},"_links":{"self":[{"href":"https:\/\/www.versiegelung24.com\/ro\/wp-json\/wp\/v2\/product\/23265","targetHints":{"allow":["GET"]}}],"collection":[{"href":"https:\/\/www.versiegelung24.com\/ro\/wp-json\/wp\/v2\/product"}],"about":[{"href":"https:\/\/www.versiegelung24.com\/ro\/wp-json\/wp\/v2\/types\/product"}],"version-history":[{"count":16,"href":"https:\/\/www.versiegelung24.com\/ro\/wp-json\/wp\/v2\/product\/23265\/revisions"}],"predecessor-version":[{"id":177390,"href":"https:\/\/www.versiegelung24.com\/ro\/wp-json\/wp\/v2\/product\/23265\/revisions\/177390"}],"wp:featuredmedia":[{"embeddable":true,"href":"https:\/\/www.versiegelung24.com\/ro\/wp-json\/wp\/v2\/media\/18364"}],"wp:attachment":[{"href":"https:\/\/www.versiegelung24.com\/ro\/wp-json\/wp\/v2\/media?parent=23265"}],"wp:term":[{"taxonomy":"product_brand","embeddable":true,"href":"https:\/\/www.versiegelung24.com\/ro\/wp-json\/wp\/v2\/product_brand?post=23265"},{"taxonomy":"product_cat","embeddable":true,"href":"https:\/\/www.versiegelung24.com\/ro\/wp-json\/wp\/v2\/product_cat?post=23265"},{"taxonomy":"product_tag","embeddable":true,"href":"https:\/\/www.versiegelung24.com\/ro\/wp-json\/wp\/v2\/product_tag?post=23265"}],"curies":[{"name":"wp","href":"https:\/\/api.w.org\/{rel}","templated":true}]}}