{"id":23421,"date":"2020-04-04T18:53:17","date_gmt":"2021-08-02T19:35:42","guid":{"rendered":"https:\/\/www.versiegelung24.com\/produkt\/5-litri-de-concentrat-bacoban-pentru-500-de-litri-de-dezinfectie-pe-suprafata-pe-termen-lung"},"modified":"2025-01-13T16:36:49","modified_gmt":"2025-01-13T15:36:49","slug":"bacoban-dezinfectarea-suprafetei-pe-termen-lung-5-000ml-concentrat-pe-baza-de-apa","status":"publish","type":"product","link":"https:\/\/www.versiegelung24.com\/ro\/5-litri-de-concentrat-bacoban-pentru-500-de-litri-de-dezinfectie-pe-suprafata-pe-termen-lung.html","title":{"rendered":"5 litri de concentrat BACOBAN\u00ae pentru 500 de litri de dezinfec\u021bie pe suprafa\u021b\u0103 pe termen lung"},"content":{"rendered":"\n<h2 class=\"wp-block-heading\" id=\"h-5-liter-kanister-bacoban-langzeit-flachendesinfektion-konzentrat\">Cutie de 5 litri BACOBAN\u00ae concentrat de dezinfec\u021bie pe suprafa\u021b\u0103 pe termen lung<\/h2>\n\n<p><strong>Suficient pentru 500 de litri de dezinfectant (diluat 1: 100 cu ap\u0103)<\/strong><\/p>\n\n<p><strong>Folosi\u021bi cu aten\u021bie dezinfectan\u021bii. Citi\u021bi \u00eentotdeauna eticheta \u0219i informa\u021biile despre produs \u00eenainte de utilizare.<\/strong><\/p>\n\n<hr \/>\n\n<h4 class=\"wp-block-heading\" id=\"properties\">Caracteristicile produsului<\/h4>\n\n<p><br \/>C<strong>ompozi\u021bie:<\/strong> 100 g solu\u021bie con\u021bine:<br \/>Clorur\u0103 de benzalconiu 26 g, pirition\u0103 de sodiu 2,5 g, policondensa\u021bi, parfumuri, ap\u0103 purificat\u0103, f\u0103r\u0103 formaldehid\u0103, f\u0103r\u0103 fenol. Ingrediente conform Regulamentului (CE) nr. 648\/2004: 15 % \u0219i peste, dar mai pu\u021bin de 30 % agen\u021bi tensioactivi cationici, dezinfectan\u021bi, parfum (linalool, limonen, citral, geraniol, citronellol)<\/p>\n<div class=\"wp-block-image\">\n<figure class=\"aligncenter size-large is-resized\"><img decoding=\"async\" src=\"https:\/\/www.versiegelung24.com\/wp-content\/uploads\/2022\/01\/desinfektion_tisch-1300x260.jpg\" alt=\"\" class=\"wp-image-59386\" width=\"1500\" srcset=\"https:\/\/www.versiegelung24.com\/wp-content\/uploads\/2022\/01\/desinfektion_tisch-1300x260.jpg 1300w, https:\/\/www.versiegelung24.com\/wp-content\/uploads\/2022\/01\/desinfektion_tisch-300x60.jpg 300w, https:\/\/www.versiegelung24.com\/wp-content\/uploads\/2022\/01\/desinfektion_tisch-768x154.jpg 768w, https:\/\/www.versiegelung24.com\/wp-content\/uploads\/2022\/01\/desinfektion_tisch-600x120.jpg 600w, https:\/\/www.versiegelung24.com\/wp-content\/uploads\/2022\/01\/desinfektion_tisch.jpg 1500w\" sizes=\"(max-width: 1300px) 100vw, 1300px\" \/><\/figure>\n<\/div>\n<hr \/>\n\n<h4 class=\"wp-block-heading\" id=\"application\">Aplica\u021bie<\/h4>\n\n<p>Afar\u0103<strong> Bacoban<\/strong><sup> \u00ae<\/sup><strong> WB<\/strong> Preg\u0103ti\u021bi o solu\u021bie gata de utilizare conform tabelului de amestecare \u0219i uda\u021bi suficient suprafe\u021bele. Nu cl\u0103ti\u021bi \u0219i nu freca\u021bi uscat. Timp de repaus al solu\u021biei de lucru proasp\u0103t preparate: 8 ore<\/p>\n\n<figure class=\"wp-block-table\"><table><tbody><tr><td>Mas\u0103 de amestecare<\/td><\/tr><tr><td>Volumul final<\/td><td>0,5 %<\/td><td>1 %<\/td><td>2 %<\/td><td>3 %<\/td><\/tr><tr><td>1 litru<\/td><td>5 ml<\/td><td>10 ml<\/td><td>20 ml<\/td><td>30 ml<\/td><\/tr><tr><td>2 litri<\/td><td>10 ml<\/td><td>20 ml<\/td><td>40 ml<\/td><td>60 ml<\/td><\/tr><tr><td>4 litri<\/td><td>20 ml<\/td><td>40 ml<\/td><td>80 ml<\/td><td>120 ml<\/td><\/tr><tr><td>8 litri<\/td><td>40 ml<\/td><td>80 ml<\/td><td>160 ml<\/td><td>240 ml<\/td><\/tr><tr><td>10 litri<\/td><td>50 ml<\/td><td>100 ml<\/td><td>200 ml<\/td><td>300 ml<\/td><\/tr><\/tbody><\/table><figcaption>masa de amestecare<\/figcaption><\/figure>\n\n<p><br \/>Efect antimicrobian durabil <strong>(efect de remanen\u021b\u0103)<\/strong> timp de p\u00e2n\u0103 la <strong>10 zile<\/strong> (testat \u00een conformitate cu ASTM E 2180). Testat dermatologic (*la 1%): compatibilitate foarte bun\u0103 cu pielea.<\/p>\n\n<p><strong>Eficacitate \u0219i dozare:<\/strong><\/p>\n\n<div class=\"wp-block-columns is-layout-flex wp-container-core-columns-is-layout-9d6595d7 wp-block-columns-is-layout-flex\">\n<div class=\"wp-block-column is-layout-flow wp-block-column-is-layout-flow\">\n<p><br \/><br \/><br \/><br \/><br \/>Testare \u00een conformitate cu orient\u0103rile DGHM (sarcin\u0103 organic\u0103 ridicat\u0103): 1,5 %, 15 min.; 2,0 %, 5 min. Testare \u00een conformitate cu orient\u0103rile EN: DIN EN 1040: 0,25 %, 5 min. DIN EN 1275: 0,25 %, 5 min. DIN EN 1276: 0,75 %, 5 min.\/0,50 %, 15 min.<\/p>\n<\/div>\n\n\n\n<div class=\"wp-block-column is-layout-flow wp-block-column-is-layout-flow\">\n<p><br \/><br \/>DIN EN 1650: 0,50 %, 5 min\/0,25 %, 15 min DIN EN 13697: 0,50 %, 15 min EN 13727:<br \/><br \/><br \/><br \/>1%, 5 min. EN 13624: 1%, 5 min. DIN EN 14561: 3% 5 min, 0,5% 60 min DIN EN 14562: 0,5% 60 min Testare \u00een conformitate cu orient\u0103rile DVV: *eficacitate virucid\u0103 limitat\u0103; 1,0 %; 5 min. (HIV, HBV, HCV, herpes, grip\u0103, de asemenea grip\u0103 aviar\u0103, BVDV, vaccinia), rotavirus: 0,1 %, 5 min., adenovirus: 2,0 %, 240 min.<\/p>\n<\/div>\n<\/div>\n\n<p><strong>Efect antimicrobian durabil p\u00e2n\u0103 la 10 zile<\/strong> (testat pe baza ASTM E 2180)<\/p>\n\n<p><br \/>I<strong>mportant!<\/strong> Efectul antimicrobian de lung\u0103 durat\u0103 al<sup>Bacoban\u00aeWB<\/sup>nu trebuie s\u0103 conduc\u0103 la omiterea m\u0103surilor de dezinfec\u021bie necesare \u00een cazul contamin\u0103rii vizibile \u0219i\/sau \u00eendoielnice!<\/p>\n<div class=\"wp-block-image\">\n<figure class=\"aligncenter size-large is-resized\"><img decoding=\"async\" src=\"https:\/\/www.versiegelung24.com\/wp-content\/uploads\/2022\/01\/tuere_viren-1300x260.jpg\" alt=\"\" class=\"wp-image-59414\" width=\"1500\" srcset=\"https:\/\/www.versiegelung24.com\/wp-content\/uploads\/2022\/01\/tuere_viren-1300x260.jpg 1300w, https:\/\/www.versiegelung24.com\/wp-content\/uploads\/2022\/01\/tuere_viren-300x60.jpg 300w, https:\/\/www.versiegelung24.com\/wp-content\/uploads\/2022\/01\/tuere_viren-768x154.jpg 768w, https:\/\/www.versiegelung24.com\/wp-content\/uploads\/2022\/01\/tuere_viren-600x120.jpg 600w, https:\/\/www.versiegelung24.com\/wp-content\/uploads\/2022\/01\/tuere_viren.jpg 1500w\" sizes=\"(max-width: 1300px) 100vw, 1300px\" \/><\/figure>\n<\/div>\n<hr \/>\n\n<h4 class=\"wp-block-heading\" id=\"advisor\">Consilier<\/h4>\n\n<p><br \/>I<strong>nforma\u021bii privind siguran\u021ba:<\/strong> Asocia\u021bia de asigur\u0103ri de r\u0103spundere civil\u0103 a angajatorilor stipuleaz\u0103 c\u0103 trebuie purtate m\u0103nu\u0219i atunci c\u00e2nd se manipuleaz\u0103 dezinfectan\u021bi. Nociv dac\u0103 este \u00eenghi\u021bit. Provoac\u0103 arsuri grave ale pielii \u0219i leziuni oculare. Foarte toxic pentru organismele acvatice. Toxic pentru organismele acvatice, cu efecte de lung\u0103 durat\u0103. Nu m\u00e2nca\u021bi, nu be\u021bi \u0219i nu fuma\u021bi \u00een timpul utiliz\u0103rii produsului. \u00ceN CAZ DE INGHI\u021aIRE: Cl\u0103ti\u021bi gura. NU provoca\u021bi v\u0103rs\u0103turi. \u00ceN CAZ DE CONTACT CU PIELEA (sau p\u0103rul): \u00cendep\u0103rta\u021bi imediat toate hainele contaminate. Cl\u0103ti\u021bi pielea cu ap\u0103\/du\u0219. \u00ceN CAZ DE CONTACT CU OCHII: Cl\u0103ti\u021bi cu aten\u021bie cu ap\u0103 timp de c\u00e2teva minute. \u00cendep\u0103rta\u021bi lentilele de contact existente, dac\u0103 este posibil. Continua\u021bi s\u0103 cl\u0103ti\u021bi. Suna\u021bi imediat la un CENTRU ANTIPOZITICE sau la un medic. \u00cen cazul \u00een care este necesar un aviz medical, preg\u0103ti\u021bi ambalajul sau eticheta. <br \/>A nu se l\u0103sa la \u00eendem\u00e2na copiilor. A se utiliza numai cu ap\u0103 \u0219i \u00een conformitate cu tabelul de amestecare. Nu se utilizeaz\u0103 \u00eempreun\u0103 cu al\u021bi agen\u021bi de cur\u0103\u021bare sau dezinfectan\u021bi.<\/p>\n\n<div class=\"wp-block-columns is-layout-flex wp-container-core-columns-is-layout-9d6595d7 wp-block-columns-is-layout-flex\">\n<div class=\"wp-block-column is-layout-flow wp-block-column-is-layout-flow\">\n<p>Poate fi utilizat pe toate suprafe\u021bele. \u00cen cazul <strong>suprafe\u021belor \u00eendoielnic de sensibile, recomand\u0103m un test de rezisten\u021b\u0103<\/strong> pe o zon\u0103 neobservat\u0103. A se p\u0103stra numai \u00eentr-un recipient \u00eenchis. A se p\u0103stra \u00eentr-un loc r\u0103coros \u0219i uscat.<\/p>\n<\/div>\n\n\n\n<div class=\"wp-block-column is-layout-flow wp-block-column-is-layout-flow\">\n<p><strong>Recipientul poate fi reciclat numai atunci c\u00e2nd este complet gol.<\/strong> Nu utiliza\u021bi dup\u0103 data de expirare. Elimina\u021bi \u00een conformitate cu reglement\u0103rile locale \u0219i oficiale.<\/p>\n<\/div>\n<\/div>\n\n<p>Nr. de \u00eenregistrare biocid: N-28795 (D). 263\/17\/L (Lu)<\/p>\n\n<p>Solu\u021bia <strong>gata<\/strong> de utilizare conform tabelului de amestecare nu necesit\u0103 un simbol de pericol.<\/p>\n","protected":false},"excerpt":{"rendered":"<p><strong>Se concentreaz\u0103 pentru 500 de litri de dezinfectant pe baz\u0103 de ap\u0103.<\/strong><\/p>\n","protected":false},"featured_media":15392,"template":"","meta":{"_acf_changed":false,"neve_meta_sidebar":"","neve_meta_container":"","neve_meta_enable_content_width":"","neve_meta_content_width":0,"neve_meta_title_alignment":"","neve_meta_author_avatar":"","neve_post_elements_order":"","neve_meta_disable_header":"","neve_meta_disable_footer":"","neve_meta_disable_title":"","neve_meta_reading_time":"","_surfaces":[],"_ver_product_tabs":[],"footnotes":""},"product_brand":[],"product_cat":[2277,2279,2280],"product_tag":[],"class_list":{"0":"post-23421","1":"product","2":"type-product","3":"status-publish","4":"has-post-thumbnail","6":"product_cat-dezinfectanti","7":"product_cat-dezinfectanti-de-suprafata","8":"product_cat-concentrate-dezinfectante","10":"first","11":"instock","12":"taxable","13":"shipping-taxable","14":"purchasable","15":"product-type-simple"},"acf":[],"yoast_head":"<!-- This site is optimized with the Yoast SEO Premium plugin v22.8 (Yoast SEO v27.5) - https:\/\/yoast.com\/product\/yoast-seo-premium-wordpress\/ -->\n<title>5 litri de concentrat BACOBAN\u00ae pentru 500 de litri de dezinfec\u021bie pe suprafa\u021b\u0103 pe termen lung - versiegelung24.com<\/title>\n<meta name=\"robots\" content=\"index, follow, max-snippet:-1, max-image-preview:large, max-video-preview:-1\" \/>\n<link rel=\"canonical\" href=\"https:\/\/www.versiegelung24.com\/ro\/5-litri-de-concentrat-bacoban-pentru-500-de-litri-de-dezinfectie-pe-suprafata-pe-termen-lung.html\" \/>\n<meta property=\"og:locale\" content=\"ro_RO\" \/>\n<meta property=\"og:type\" content=\"article\" \/>\n<meta property=\"og:title\" content=\"5 litri de concentrat BACOBAN\u00ae pentru 500 de litri de dezinfec\u021bie pe suprafa\u021b\u0103 pe termen lung\" \/>\n<meta property=\"og:description\" content=\"Se concentreaz\u0103 pentru 500 de litri de dezinfectant pe baz\u0103 de ap\u0103.\" \/>\n<meta property=\"og:url\" content=\"https:\/\/www.versiegelung24.com\/ro\/5-litri-de-concentrat-bacoban-pentru-500-de-litri-de-dezinfectie-pe-suprafata-pe-termen-lung.html\" \/>\n<meta property=\"og:site_name\" content=\"versiegelung24.com\" \/>\n<meta property=\"article:modified_time\" content=\"2025-01-13T15:36:49+00:00\" \/>\n<meta property=\"og:image\" content=\"https:\/\/www.versiegelung24.com\/wp-content\/uploads\/2020\/05\/bacoban-bacwb5-1.png\" \/>\n\t<meta property=\"og:image:width\" content=\"2000\" \/>\n\t<meta property=\"og:image:height\" content=\"2000\" \/>\n\t<meta property=\"og:image:type\" content=\"image\/png\" \/>\n<meta name=\"twitter:card\" content=\"summary_large_image\" \/>\n<meta name=\"twitter:label1\" content=\"Pre\u021b\" \/>\n\t<meta name=\"twitter:data1\" content=\"399,00&euro;\" \/>\n\t<meta name=\"twitter:label2\" content=\"Disponibilitate\" \/>\n\t<meta name=\"twitter:data2\" content=\"\u00cen stoc\" \/>\n<script type=\"application\/ld+json\" class=\"yoast-schema-graph\">{\"@context\":\"https:\\\/\\\/schema.org\",\"@graph\":[{\"@type\":\"WebPage\",\"@id\":\"https:\\\/\\\/www.versiegelung24.com\\\/ro\\\/5-litri-de-concentrat-bacoban-pentru-500-de-litri-de-dezinfectie-pe-suprafata-pe-termen-lung.html\",\"url\":\"https:\\\/\\\/www.versiegelung24.com\\\/ro\\\/5-litri-de-concentrat-bacoban-pentru-500-de-litri-de-dezinfectie-pe-suprafata-pe-termen-lung.html\",\"name\":\"5 litri de concentrat BACOBAN\u00ae pentru 500 de litri de dezinfec\u021bie pe suprafa\u021b\u0103 pe termen lung - versiegelung24.com\",\"isPartOf\":{\"@id\":\"https:\\\/\\\/www.versiegelung24.com\\\/ro\\\/#website\"},\"primaryImageOfPage\":{\"@id\":\"https:\\\/\\\/www.versiegelung24.com\\\/ro\\\/5-litri-de-concentrat-bacoban-pentru-500-de-litri-de-dezinfectie-pe-suprafata-pe-termen-lung.html#primaryimage\"},\"image\":{\"@id\":\"https:\\\/\\\/www.versiegelung24.com\\\/ro\\\/5-litri-de-concentrat-bacoban-pentru-500-de-litri-de-dezinfectie-pe-suprafata-pe-termen-lung.html#primaryimage\"},\"thumbnailUrl\":\"https:\\\/\\\/www.versiegelung24.com\\\/wp-content\\\/uploads\\\/2020\\\/05\\\/bacoban-bacwb5-1.png\",\"datePublished\":\"2021-08-02T19:35:42+00:00\",\"dateModified\":\"2025-01-13T15:36:49+00:00\",\"breadcrumb\":{\"@id\":\"https:\\\/\\\/www.versiegelung24.com\\\/ro\\\/5-litri-de-concentrat-bacoban-pentru-500-de-litri-de-dezinfectie-pe-suprafata-pe-termen-lung.html#breadcrumb\"},\"inLanguage\":\"ro-RO\",\"potentialAction\":[{\"@type\":\"ReadAction\",\"target\":[\"https:\\\/\\\/www.versiegelung24.com\\\/ro\\\/5-litri-de-concentrat-bacoban-pentru-500-de-litri-de-dezinfectie-pe-suprafata-pe-termen-lung.html\"]}]},{\"@type\":\"ImageObject\",\"inLanguage\":\"ro-RO\",\"@id\":\"https:\\\/\\\/www.versiegelung24.com\\\/ro\\\/5-litri-de-concentrat-bacoban-pentru-500-de-litri-de-dezinfectie-pe-suprafata-pe-termen-lung.html#primaryimage\",\"url\":\"https:\\\/\\\/www.versiegelung24.com\\\/wp-content\\\/uploads\\\/2020\\\/05\\\/bacoban-bacwb5-1.png\",\"contentUrl\":\"https:\\\/\\\/www.versiegelung24.com\\\/wp-content\\\/uploads\\\/2020\\\/05\\\/bacoban-bacwb5-1.png\",\"width\":2000,\"height\":2000},{\"@type\":\"BreadcrumbList\",\"@id\":\"https:\\\/\\\/www.versiegelung24.com\\\/ro\\\/5-litri-de-concentrat-bacoban-pentru-500-de-litri-de-dezinfectie-pe-suprafata-pe-termen-lung.html#breadcrumb\",\"itemListElement\":[{\"@type\":\"ListItem\",\"position\":1,\"name\":\"Pagina de start\",\"item\":\"https:\\\/\\\/www.versiegelung24.com\\\/ro\\\/fata\\\/\"},{\"@type\":\"ListItem\",\"position\":2,\"name\":\"Magazin\",\"item\":\"https:\\\/\\\/www.versiegelung24.com\\\/ro\\\/magazin_ro\\\/\"},{\"@type\":\"ListItem\",\"position\":3,\"name\":\"5 litri de concentrat BACOBAN\u00ae pentru 500 de litri de dezinfec\u021bie pe suprafa\u021b\u0103 pe termen lung\"}]},{\"@type\":\"WebSite\",\"@id\":\"https:\\\/\\\/www.versiegelung24.com\\\/ro\\\/#website\",\"url\":\"https:\\\/\\\/www.versiegelung24.com\\\/ro\\\/\",\"name\":\"versiegelung24.com\",\"description\":\"Fl\u00fcssigglas-Versiegelung - Made in Germany\",\"publisher\":{\"@id\":\"https:\\\/\\\/www.versiegelung24.com\\\/ro\\\/#organization\"},\"potentialAction\":[{\"@type\":\"SearchAction\",\"target\":{\"@type\":\"EntryPoint\",\"urlTemplate\":\"https:\\\/\\\/www.versiegelung24.com\\\/ro\\\/?s={search_term_string}\"},\"query-input\":{\"@type\":\"PropertyValueSpecification\",\"valueRequired\":true,\"valueName\":\"search_term_string\"}}],\"inLanguage\":\"ro-RO\"},{\"@type\":\"Organization\",\"@id\":\"https:\\\/\\\/www.versiegelung24.com\\\/ro\\\/#organization\",\"name\":\"versiegelung24\",\"url\":\"https:\\\/\\\/www.versiegelung24.com\\\/ro\\\/\",\"logo\":{\"@type\":\"ImageObject\",\"inLanguage\":\"ro-RO\",\"@id\":\"https:\\\/\\\/www.versiegelung24.com\\\/ro\\\/#\\\/schema\\\/logo\\\/image\\\/\",\"url\":\"https:\\\/\\\/www.versiegelung24.com\\\/wp-content\\\/uploads\\\/2020\\\/04\\\/versiegelung24.png\",\"contentUrl\":\"https:\\\/\\\/www.versiegelung24.com\\\/wp-content\\\/uploads\\\/2020\\\/04\\\/versiegelung24.png\",\"width\":470,\"height\":102,\"caption\":\"versiegelung24\"},\"image\":{\"@id\":\"https:\\\/\\\/www.versiegelung24.com\\\/ro\\\/#\\\/schema\\\/logo\\\/image\\\/\"}}]}<\/script>\n<meta property=\"product:price:amount\" content=\"399.00\" \/>\n<meta property=\"product:price:currency\" content=\"EUR\" \/>\n<meta property=\"og:availability\" content=\"instock\" \/>\n<meta property=\"product:availability\" content=\"instock\" \/>\n<meta property=\"product:retailer_item_id\" content=\"BACWB5\" \/>\n<meta property=\"product:condition\" content=\"new\" \/>\n<!-- \/ Yoast SEO Premium plugin. -->","yoast_head_json":{"title":"5 litri de concentrat BACOBAN\u00ae pentru 500 de litri de dezinfec\u021bie pe suprafa\u021b\u0103 pe termen lung - versiegelung24.com","robots":{"index":"index","follow":"follow","max-snippet":"max-snippet:-1","max-image-preview":"max-image-preview:large","max-video-preview":"max-video-preview:-1"},"canonical":"https:\/\/www.versiegelung24.com\/ro\/5-litri-de-concentrat-bacoban-pentru-500-de-litri-de-dezinfectie-pe-suprafata-pe-termen-lung.html","og_locale":"ro_RO","og_type":"article","og_title":"5 litri de concentrat BACOBAN\u00ae pentru 500 de litri de dezinfec\u021bie pe suprafa\u021b\u0103 pe termen lung","og_description":"Se concentreaz\u0103 pentru 500 de litri de dezinfectant pe baz\u0103 de ap\u0103.","og_url":"https:\/\/www.versiegelung24.com\/ro\/5-litri-de-concentrat-bacoban-pentru-500-de-litri-de-dezinfectie-pe-suprafata-pe-termen-lung.html","og_site_name":"versiegelung24.com","article_modified_time":"2025-01-13T15:36:49+00:00","og_image":[{"width":2000,"height":2000,"url":"https:\/\/www.versiegelung24.com\/wp-content\/uploads\/2020\/05\/bacoban-bacwb5-1.png","type":"image\/png"}],"twitter_card":"summary_large_image","twitter_misc":{"Pre\u021b":"399,00&euro;","Disponibilitate":"\u00cen stoc"},"schema":{"@context":"https:\/\/schema.org","@graph":[{"@type":"WebPage","@id":"https:\/\/www.versiegelung24.com\/ro\/5-litri-de-concentrat-bacoban-pentru-500-de-litri-de-dezinfectie-pe-suprafata-pe-termen-lung.html","url":"https:\/\/www.versiegelung24.com\/ro\/5-litri-de-concentrat-bacoban-pentru-500-de-litri-de-dezinfectie-pe-suprafata-pe-termen-lung.html","name":"5 litri de concentrat BACOBAN\u00ae pentru 500 de litri de dezinfec\u021bie pe suprafa\u021b\u0103 pe termen lung - versiegelung24.com","isPartOf":{"@id":"https:\/\/www.versiegelung24.com\/ro\/#website"},"primaryImageOfPage":{"@id":"https:\/\/www.versiegelung24.com\/ro\/5-litri-de-concentrat-bacoban-pentru-500-de-litri-de-dezinfectie-pe-suprafata-pe-termen-lung.html#primaryimage"},"image":{"@id":"https:\/\/www.versiegelung24.com\/ro\/5-litri-de-concentrat-bacoban-pentru-500-de-litri-de-dezinfectie-pe-suprafata-pe-termen-lung.html#primaryimage"},"thumbnailUrl":"https:\/\/www.versiegelung24.com\/wp-content\/uploads\/2020\/05\/bacoban-bacwb5-1.png","datePublished":"2021-08-02T19:35:42+00:00","dateModified":"2025-01-13T15:36:49+00:00","breadcrumb":{"@id":"https:\/\/www.versiegelung24.com\/ro\/5-litri-de-concentrat-bacoban-pentru-500-de-litri-de-dezinfectie-pe-suprafata-pe-termen-lung.html#breadcrumb"},"inLanguage":"ro-RO","potentialAction":[{"@type":"ReadAction","target":["https:\/\/www.versiegelung24.com\/ro\/5-litri-de-concentrat-bacoban-pentru-500-de-litri-de-dezinfectie-pe-suprafata-pe-termen-lung.html"]}]},{"@type":"ImageObject","inLanguage":"ro-RO","@id":"https:\/\/www.versiegelung24.com\/ro\/5-litri-de-concentrat-bacoban-pentru-500-de-litri-de-dezinfectie-pe-suprafata-pe-termen-lung.html#primaryimage","url":"https:\/\/www.versiegelung24.com\/wp-content\/uploads\/2020\/05\/bacoban-bacwb5-1.png","contentUrl":"https:\/\/www.versiegelung24.com\/wp-content\/uploads\/2020\/05\/bacoban-bacwb5-1.png","width":2000,"height":2000},{"@type":"BreadcrumbList","@id":"https:\/\/www.versiegelung24.com\/ro\/5-litri-de-concentrat-bacoban-pentru-500-de-litri-de-dezinfectie-pe-suprafata-pe-termen-lung.html#breadcrumb","itemListElement":[{"@type":"ListItem","position":1,"name":"Pagina de start","item":"https:\/\/www.versiegelung24.com\/ro\/fata\/"},{"@type":"ListItem","position":2,"name":"Magazin","item":"https:\/\/www.versiegelung24.com\/ro\/magazin_ro\/"},{"@type":"ListItem","position":3,"name":"5 litri de concentrat BACOBAN\u00ae pentru 500 de litri de dezinfec\u021bie pe suprafa\u021b\u0103 pe termen lung"}]},{"@type":"WebSite","@id":"https:\/\/www.versiegelung24.com\/ro\/#website","url":"https:\/\/www.versiegelung24.com\/ro\/","name":"versiegelung24.com","description":"Fl\u00fcssigglas-Versiegelung - Made in Germany","publisher":{"@id":"https:\/\/www.versiegelung24.com\/ro\/#organization"},"potentialAction":[{"@type":"SearchAction","target":{"@type":"EntryPoint","urlTemplate":"https:\/\/www.versiegelung24.com\/ro\/?s={search_term_string}"},"query-input":{"@type":"PropertyValueSpecification","valueRequired":true,"valueName":"search_term_string"}}],"inLanguage":"ro-RO"},{"@type":"Organization","@id":"https:\/\/www.versiegelung24.com\/ro\/#organization","name":"versiegelung24","url":"https:\/\/www.versiegelung24.com\/ro\/","logo":{"@type":"ImageObject","inLanguage":"ro-RO","@id":"https:\/\/www.versiegelung24.com\/ro\/#\/schema\/logo\/image\/","url":"https:\/\/www.versiegelung24.com\/wp-content\/uploads\/2020\/04\/versiegelung24.png","contentUrl":"https:\/\/www.versiegelung24.com\/wp-content\/uploads\/2020\/04\/versiegelung24.png","width":470,"height":102,"caption":"versiegelung24"},"image":{"@id":"https:\/\/www.versiegelung24.com\/ro\/#\/schema\/logo\/image\/"}}]},"product_price_amount":"399.00","product_price_currency":"EUR","og_availability":"instock","product_availability":"instock","product_retailer_item_id":"BACWB5","product_condition":"new"},"_links":{"self":[{"href":"https:\/\/www.versiegelung24.com\/ro\/wp-json\/wp\/v2\/product\/23421","targetHints":{"allow":["GET"]}}],"collection":[{"href":"https:\/\/www.versiegelung24.com\/ro\/wp-json\/wp\/v2\/product"}],"about":[{"href":"https:\/\/www.versiegelung24.com\/ro\/wp-json\/wp\/v2\/types\/product"}],"version-history":[{"count":27,"href":"https:\/\/www.versiegelung24.com\/ro\/wp-json\/wp\/v2\/product\/23421\/revisions"}],"predecessor-version":[{"id":180514,"href":"https:\/\/www.versiegelung24.com\/ro\/wp-json\/wp\/v2\/product\/23421\/revisions\/180514"}],"wp:featuredmedia":[{"embeddable":true,"href":"https:\/\/www.versiegelung24.com\/ro\/wp-json\/wp\/v2\/media\/15392"}],"wp:attachment":[{"href":"https:\/\/www.versiegelung24.com\/ro\/wp-json\/wp\/v2\/media?parent=23421"}],"wp:term":[{"taxonomy":"product_brand","embeddable":true,"href":"https:\/\/www.versiegelung24.com\/ro\/wp-json\/wp\/v2\/product_brand?post=23421"},{"taxonomy":"product_cat","embeddable":true,"href":"https:\/\/www.versiegelung24.com\/ro\/wp-json\/wp\/v2\/product_cat?post=23421"},{"taxonomy":"product_tag","embeddable":true,"href":"https:\/\/www.versiegelung24.com\/ro\/wp-json\/wp\/v2\/product_tag?post=23421"}],"curies":[{"name":"wp","href":"https:\/\/api.w.org\/{rel}","templated":true}]}}