{"id":23523,"date":"2020-04-04T18:53:42","date_gmt":"2020-04-04T16:53:42","guid":{"rendered":"https:\/\/www.versiegelung24.com\/produkt\/etansare-premium-pentru-sticla-si-ceramica-cu-durabilitate-extrema"},"modified":"2025-01-03T23:41:40","modified_gmt":"2025-01-03T22:41:40","slug":"etansare-premium-pentru-sticla-si-ceramica-cu-durabilitate-extrema","status":"publish","type":"product","link":"https:\/\/www.versiegelung24.com\/ro\/etansare-premium-pentru-sticla-si-ceramica-cu-durabilitate-extrema.html","title":{"rendered":"Etan\u0219ant premium pentru sticl\u0103 \u0219i ceramic\u0103 cu durabilitate extrem\u0103"},"content":{"rendered":"\n<p><strong>Etan\u0219are cu sticl\u0103 \u0219i ceramic\u0103 foarte eficient\u0103 pentru toate suprafe\u021bele pe care dori\u021bi s\u0103 ob\u021bine\u021bi cea mai lung\u0103 durabilitate posibil\u0103, de exemplu geamuri, fa\u021bade din sticl\u0103, u\u0219i de intrare (p\u00e2n\u0103 la 3 ani), etc., cu efect de lotus (repelente la ap\u0103), pentru interior \u0219i afara<\/strong> .<\/p>\n\n<p>Num\u0103r articol: 1003-7601 &#8211; \u00cenalt\u0103 calitate Fabricat \u00een Germania.<\/p>\n\n<div class=\"wp-block-columns is-layout-flex wp-container-core-columns-is-layout-9d6595d7 wp-block-columns-is-layout-flex\">\n<div class=\"wp-block-column is-layout-flow wp-block-column-is-layout-flow\">\n<figure class=\"wp-block-embed is-type-video is-provider-youtube wp-block-embed-youtube wp-embed-aspect-16-9 wp-has-aspect-ratio\"><div class=\"wp-block-embed__wrapper\"> \n<div class=\"nv-iframe-embed\"><iframe title=\"(Nano-)Versiegelungen f\u00fcrs Badezimmer, die wirklich halten! Versiegelung24.com\" width=\"1200\" height=\"675\" src=\"https:\/\/www.youtube.com\/embed\/l6YldCwuye0?feature=oembed\" frameborder=\"0\" allow=\"accelerometer; autoplay; clipboard-write; encrypted-media; gyroscope; picture-in-picture; web-share\" referrerpolicy=\"strict-origin-when-cross-origin\" allowfullscreen><\/iframe><\/div>\n <\/div><\/figure>\n<\/div>\n\n\n\n<div class=\"wp-block-column is-layout-flow wp-block-column-is-layout-flow\">\n<figure class=\"wp-block-embed is-type-video is-provider-youtube wp-block-embed-youtube wp-embed-aspect-16-9 wp-has-aspect-ratio\"><div class=\"wp-block-embed__wrapper\"> \n<div class=\"nv-iframe-embed\"><iframe title=\"Kalk in der Dusche entfernen und mit einer Glasversiegelung vorbeugen!\" width=\"1200\" height=\"675\" src=\"https:\/\/www.youtube.com\/embed\/vnJHIGeb_7I?feature=oembed\" frameborder=\"0\" allow=\"accelerometer; autoplay; clipboard-write; encrypted-media; gyroscope; picture-in-picture; web-share\" referrerpolicy=\"strict-origin-when-cross-origin\" allowfullscreen><\/iframe><\/div>\n <\/div><\/figure>\n<\/div>\n<\/div>\n\n<hr\/>\n\n<h4 class=\"wp-block-heading\" id=\"properties\">Caracteristicile produsului<\/h4>\n\n<div class=\"wp-block-columns is-layout-flex wp-container-core-columns-is-layout-9d6595d7 wp-block-columns-is-layout-flex\">\n<div class=\"wp-block-column is-layout-flow wp-block-column-is-layout-flow\">\n<ul class=\"wp-block-list\" id=\"block-fbfff1f6-f7fb-4162-9feb-4a71c2f1f5b7\">\n<li>Efect excelent \u0219i u\u0219or de cur\u0103\u021bat pentru depunerile de murd\u0103rie \u0219i calcar<\/li>\n\n\n\n<li>Efect hidrofob \u0219i oleofob foarte puternic (respingerea apei \u0219i a uleiului)<\/li>\n\n\n\n<li>Rezisten\u021b\u0103 foarte mare la abraziune datorit\u0103 nanotehnologiei SiO\u00b2<\/li>\n\n\n\n<li>Rezistent chimic la agen\u021bii de cur\u0103\u021bare (p\u00e2n\u0103 la valoarea pH 12)<\/li>\n\n\n\n<li>Durabilitate: p\u00e2n\u0103 la 3-5 ani (\u00een func\u021bie de utilizare)<\/li>\n<\/ul>\n<\/div>\n\n\n\n<div class=\"wp-block-column is-layout-flow wp-block-column-is-layout-flow\">\n<ul class=\"wp-block-list\" id=\"block-da198c4e-3517-4612-b9e4-86eb030d8594\">\n<li>Reduce cre\u0219terea microorganismelor \u0219i bacteriilor \u0219i \u00eembun\u0103t\u0103\u021be\u0219te astfel igiena<\/li>\n\n\n\n<li>Stabil la UV \/ rezistent la \u00eenghe\u021b \/ rezistent la ap\u0103 s\u0103rat\u0103 \/ invizibil (grosimea stratului: 100-150 nm)<\/li>\n\n\n\n<li>Efect de autocur\u0103\u021bare pe suprafe\u021bele verticale de sticl\u0103 \u00een ploaie<\/li>\n\n\n\n<li>Economii de costuri, timp \u0219i energie prin cicluri extinse de cur\u0103\u021bare<\/li>\n<\/ul>\n\n\n\n<p><br\/><br\/><br\/>Pachetul de livrare: 1 x sticl\u0103 de un litru 1 x cap de pulverizare cu pomp\u0103 1 x descrierea produsului<\/p>\n<\/div>\n<\/div>\n\n<figure class=\"wp-block-image size-large is-resized\"><img fetchpriority=\"high\" decoding=\"async\" width=\"1300\" height=\"260\" src=\"https:\/\/www.versiegelung24.com\/wp-content\/uploads\/2022\/01\/bad_glas-1300x260.jpg\" alt=\"\" class=\"wp-image-59538\" style=\"width:1500px\" srcset=\"https:\/\/www.versiegelung24.com\/wp-content\/uploads\/2022\/01\/bad_glas-1300x260.jpg 1300w, https:\/\/www.versiegelung24.com\/wp-content\/uploads\/2022\/01\/bad_glas-300x60.jpg 300w, https:\/\/www.versiegelung24.com\/wp-content\/uploads\/2022\/01\/bad_glas-768x154.jpg 768w, https:\/\/www.versiegelung24.com\/wp-content\/uploads\/2022\/01\/bad_glas-600x120.jpg 600w, https:\/\/www.versiegelung24.com\/wp-content\/uploads\/2022\/01\/bad_glas.jpg 1500w\" sizes=\"(max-width: 1300px) 100vw, 1300px\" \/><\/figure>\n\n<h4 class=\"wp-block-heading\" id=\"application\">Aplica\u021bie<\/h4>\n\n<div class=\"wp-block-columns is-layout-flex wp-container-core-columns-is-layout-9d6595d7 wp-block-columns-is-layout-flex\">\n<div class=\"wp-block-column is-layout-flow wp-block-column-is-layout-flow\">\n<ul class=\"wp-block-list\">\n<li>Sticla ferestrei (interior \u0219i exterior)<\/li>\n\n\n\n<li>Suprafe\u021be de sticl\u0103 din zona sanitar\u0103 (oglinzi, cabine de du\u0219)<\/li>\n\n\n\n<li>Sticl\u0103 de construc\u021bie (gr\u0103dini de iarn\u0103, sere, baldachin, geamuri de perete)<\/li>\n<\/ul>\n<\/div>\n\n\n\n<div class=\"wp-block-column is-layout-flow wp-block-column-is-layout-flow\">\n<ul class=\"wp-block-list\">\n<li>Gresie \u0219i faian\u021b\u0103<\/li>\n\n\n\n<li>Suprafe\u021be ceramice vitrate (toalete, chiuvete, chiuvete, c\u0103zi)<\/li>\n<\/ul>\n\n\n\n<p>Consumul depinde de structura suprafetei aproximativ 100-200m\u00b2\/litru.<\/p>\n<\/div>\n<\/div>\n\n<p><\/p>\n","protected":false},"excerpt":{"rendered":"<p><strong>Etan\u0219are premium din sticl\u0103 \u0219i ceramic\u0103 de calitate profesional\u0103:<\/strong><\/p>\n<p>\u2713 cu durabilitate suplimentar\u0103<\/p>\n<p>\u2713Fabricat \u00een Germania<\/p>\n","protected":false},"featured_media":17762,"template":"","meta":{"_acf_changed":false,"neve_meta_sidebar":"","neve_meta_container":"","neve_meta_enable_content_width":"","neve_meta_content_width":0,"neve_meta_title_alignment":"","neve_meta_author_avatar":"","neve_post_elements_order":"","neve_meta_disable_header":"","neve_meta_disable_footer":"","neve_meta_disable_title":"","neve_meta_reading_time":"","_surfaces":[],"_ver_product_tabs":[],"footnotes":""},"product_brand":[],"product_cat":[2166],"product_tag":[],"class_list":{"0":"post-23523","1":"product","2":"type-product","3":"status-publish","4":"has-post-thumbnail","6":"product_cat-etansare-pentru-sticla-si-ceramica","7":"pa_gebinde-sticla-de-1000-ml","8":"pa_gebinde-canister-de-20-l","10":"first","11":"instock","12":"taxable","13":"shipping-taxable","14":"purchasable","15":"product-type-variable","16":"has-default-attributes"},"acf":[],"yoast_head":"<!-- This site is optimized with the Yoast SEO Premium plugin v22.8 (Yoast SEO v27.5) - https:\/\/yoast.com\/product\/yoast-seo-premium-wordpress\/ -->\n<title>Etan\u0219ant premium pentru sticl\u0103 \u0219i ceramic\u0103 cu durabilitate extrem\u0103 - versiegelung24.com<\/title>\n<meta name=\"robots\" content=\"index, follow, max-snippet:-1, max-image-preview:large, max-video-preview:-1\" \/>\n<link rel=\"canonical\" href=\"https:\/\/www.versiegelung24.com\/ro\/etansare-premium-pentru-sticla-si-ceramica-cu-durabilitate-extrema.html\" \/>\n<meta property=\"og:locale\" content=\"ro_RO\" \/>\n<meta property=\"og:type\" content=\"article\" \/>\n<meta property=\"og:title\" content=\"Etan\u0219ant premium pentru sticl\u0103 \u0219i ceramic\u0103 cu durabilitate extrem\u0103\" \/>\n<meta property=\"og:description\" content=\"Etan\u0219are premium din sticl\u0103 \u0219i ceramic\u0103 de calitate profesional\u0103: \u2713 cu durabilitate suplimentar\u0103 \u2713Fabricat \u00een Germania\" \/>\n<meta property=\"og:url\" content=\"https:\/\/www.versiegelung24.com\/ro\/etansare-premium-pentru-sticla-si-ceramica-cu-durabilitate-extrema.html\" \/>\n<meta property=\"og:site_name\" content=\"versiegelung24.com\" \/>\n<meta property=\"article:modified_time\" content=\"2025-01-03T22:41:40+00:00\" \/>\n<meta property=\"og:image\" content=\"https:\/\/www.versiegelung24.com\/wp-content\/uploads\/2020\/06\/produkt-1003-7601-1000-Premium-Versiegelung-Glas-Keramik-scaled.jpg\" \/>\n\t<meta property=\"og:image:width\" content=\"2560\" \/>\n\t<meta property=\"og:image:height\" content=\"2560\" \/>\n\t<meta property=\"og:image:type\" content=\"image\/jpeg\" \/>\n<meta name=\"twitter:card\" content=\"summary_large_image\" \/>\n<meta name=\"twitter:label1\" content=\"Disponibilitate\" \/>\n\t<meta name=\"twitter:data1\" content=\"\u00cen stoc\" \/>\n<script type=\"application\/ld+json\" class=\"yoast-schema-graph\">{\"@context\":\"https:\\\/\\\/schema.org\",\"@graph\":[{\"@type\":\"WebPage\",\"@id\":\"https:\\\/\\\/www.versiegelung24.com\\\/ro\\\/etansare-premium-pentru-sticla-si-ceramica-cu-durabilitate-extrema.html\",\"url\":\"https:\\\/\\\/www.versiegelung24.com\\\/ro\\\/etansare-premium-pentru-sticla-si-ceramica-cu-durabilitate-extrema.html\",\"name\":\"Etan\u0219ant premium pentru sticl\u0103 \u0219i ceramic\u0103 cu durabilitate extrem\u0103 - versiegelung24.com\",\"isPartOf\":{\"@id\":\"https:\\\/\\\/www.versiegelung24.com\\\/ro\\\/#website\"},\"primaryImageOfPage\":{\"@id\":\"https:\\\/\\\/www.versiegelung24.com\\\/ro\\\/etansare-premium-pentru-sticla-si-ceramica-cu-durabilitate-extrema.html#primaryimage\"},\"image\":{\"@id\":\"https:\\\/\\\/www.versiegelung24.com\\\/ro\\\/etansare-premium-pentru-sticla-si-ceramica-cu-durabilitate-extrema.html#primaryimage\"},\"thumbnailUrl\":\"https:\\\/\\\/www.versiegelung24.com\\\/wp-content\\\/uploads\\\/2020\\\/06\\\/produkt-1003-7601-1000-Premium-Versiegelung-Glas-Keramik-scaled.jpg\",\"datePublished\":\"2020-04-04T16:53:42+00:00\",\"dateModified\":\"2025-01-03T22:41:40+00:00\",\"breadcrumb\":{\"@id\":\"https:\\\/\\\/www.versiegelung24.com\\\/ro\\\/etansare-premium-pentru-sticla-si-ceramica-cu-durabilitate-extrema.html#breadcrumb\"},\"inLanguage\":\"ro-RO\",\"potentialAction\":[{\"@type\":\"ReadAction\",\"target\":[\"https:\\\/\\\/www.versiegelung24.com\\\/ro\\\/etansare-premium-pentru-sticla-si-ceramica-cu-durabilitate-extrema.html\"]}]},{\"@type\":\"ImageObject\",\"inLanguage\":\"ro-RO\",\"@id\":\"https:\\\/\\\/www.versiegelung24.com\\\/ro\\\/etansare-premium-pentru-sticla-si-ceramica-cu-durabilitate-extrema.html#primaryimage\",\"url\":\"https:\\\/\\\/www.versiegelung24.com\\\/wp-content\\\/uploads\\\/2020\\\/06\\\/produkt-1003-7601-1000-Premium-Versiegelung-Glas-Keramik-scaled.jpg\",\"contentUrl\":\"https:\\\/\\\/www.versiegelung24.com\\\/wp-content\\\/uploads\\\/2020\\\/06\\\/produkt-1003-7601-1000-Premium-Versiegelung-Glas-Keramik-scaled.jpg\",\"width\":2560,\"height\":2560},{\"@type\":\"BreadcrumbList\",\"@id\":\"https:\\\/\\\/www.versiegelung24.com\\\/ro\\\/etansare-premium-pentru-sticla-si-ceramica-cu-durabilitate-extrema.html#breadcrumb\",\"itemListElement\":[{\"@type\":\"ListItem\",\"position\":1,\"name\":\"Pagina de start\",\"item\":\"https:\\\/\\\/www.versiegelung24.com\\\/ro\\\/fata\\\/\"},{\"@type\":\"ListItem\",\"position\":2,\"name\":\"Magazin\",\"item\":\"https:\\\/\\\/www.versiegelung24.com\\\/ro\\\/magazin_ro\\\/\"},{\"@type\":\"ListItem\",\"position\":3,\"name\":\"Etan\u0219ant premium pentru sticl\u0103 \u0219i ceramic\u0103 cu durabilitate extrem\u0103\"}]},{\"@type\":\"WebSite\",\"@id\":\"https:\\\/\\\/www.versiegelung24.com\\\/ro\\\/#website\",\"url\":\"https:\\\/\\\/www.versiegelung24.com\\\/ro\\\/\",\"name\":\"versiegelung24.com\",\"description\":\"Fl\u00fcssigglas-Versiegelung - Made in Germany\",\"publisher\":{\"@id\":\"https:\\\/\\\/www.versiegelung24.com\\\/ro\\\/#organization\"},\"potentialAction\":[{\"@type\":\"SearchAction\",\"target\":{\"@type\":\"EntryPoint\",\"urlTemplate\":\"https:\\\/\\\/www.versiegelung24.com\\\/ro\\\/?s={search_term_string}\"},\"query-input\":{\"@type\":\"PropertyValueSpecification\",\"valueRequired\":true,\"valueName\":\"search_term_string\"}}],\"inLanguage\":\"ro-RO\"},{\"@type\":\"Organization\",\"@id\":\"https:\\\/\\\/www.versiegelung24.com\\\/ro\\\/#organization\",\"name\":\"versiegelung24\",\"url\":\"https:\\\/\\\/www.versiegelung24.com\\\/ro\\\/\",\"logo\":{\"@type\":\"ImageObject\",\"inLanguage\":\"ro-RO\",\"@id\":\"https:\\\/\\\/www.versiegelung24.com\\\/ro\\\/#\\\/schema\\\/logo\\\/image\\\/\",\"url\":\"https:\\\/\\\/www.versiegelung24.com\\\/wp-content\\\/uploads\\\/2020\\\/04\\\/versiegelung24.png\",\"contentUrl\":\"https:\\\/\\\/www.versiegelung24.com\\\/wp-content\\\/uploads\\\/2020\\\/04\\\/versiegelung24.png\",\"width\":470,\"height\":102,\"caption\":\"versiegelung24\"},\"image\":{\"@id\":\"https:\\\/\\\/www.versiegelung24.com\\\/ro\\\/#\\\/schema\\\/logo\\\/image\\\/\"}}]}<\/script>\n<meta property=\"og:availability\" content=\"instock\" \/>\n<meta property=\"product:availability\" content=\"instock\" \/>\n<meta property=\"product:retailer_item_id\" content=\"1003-7601\" \/>\n<meta property=\"product:condition\" content=\"new\" \/>\n<!-- \/ Yoast SEO Premium plugin. -->","yoast_head_json":{"title":"Etan\u0219ant premium pentru sticl\u0103 \u0219i ceramic\u0103 cu durabilitate extrem\u0103 - versiegelung24.com","robots":{"index":"index","follow":"follow","max-snippet":"max-snippet:-1","max-image-preview":"max-image-preview:large","max-video-preview":"max-video-preview:-1"},"canonical":"https:\/\/www.versiegelung24.com\/ro\/etansare-premium-pentru-sticla-si-ceramica-cu-durabilitate-extrema.html","og_locale":"ro_RO","og_type":"article","og_title":"Etan\u0219ant premium pentru sticl\u0103 \u0219i ceramic\u0103 cu durabilitate extrem\u0103","og_description":"Etan\u0219are premium din sticl\u0103 \u0219i ceramic\u0103 de calitate profesional\u0103: \u2713 cu durabilitate suplimentar\u0103 \u2713Fabricat \u00een Germania","og_url":"https:\/\/www.versiegelung24.com\/ro\/etansare-premium-pentru-sticla-si-ceramica-cu-durabilitate-extrema.html","og_site_name":"versiegelung24.com","article_modified_time":"2025-01-03T22:41:40+00:00","og_image":[{"width":2560,"height":2560,"url":"https:\/\/www.versiegelung24.com\/wp-content\/uploads\/2020\/06\/produkt-1003-7601-1000-Premium-Versiegelung-Glas-Keramik-scaled.jpg","type":"image\/jpeg"}],"twitter_card":"summary_large_image","twitter_misc":{"Disponibilitate":"\u00cen stoc"},"schema":{"@context":"https:\/\/schema.org","@graph":[{"@type":"WebPage","@id":"https:\/\/www.versiegelung24.com\/ro\/etansare-premium-pentru-sticla-si-ceramica-cu-durabilitate-extrema.html","url":"https:\/\/www.versiegelung24.com\/ro\/etansare-premium-pentru-sticla-si-ceramica-cu-durabilitate-extrema.html","name":"Etan\u0219ant premium pentru sticl\u0103 \u0219i ceramic\u0103 cu durabilitate extrem\u0103 - versiegelung24.com","isPartOf":{"@id":"https:\/\/www.versiegelung24.com\/ro\/#website"},"primaryImageOfPage":{"@id":"https:\/\/www.versiegelung24.com\/ro\/etansare-premium-pentru-sticla-si-ceramica-cu-durabilitate-extrema.html#primaryimage"},"image":{"@id":"https:\/\/www.versiegelung24.com\/ro\/etansare-premium-pentru-sticla-si-ceramica-cu-durabilitate-extrema.html#primaryimage"},"thumbnailUrl":"https:\/\/www.versiegelung24.com\/wp-content\/uploads\/2020\/06\/produkt-1003-7601-1000-Premium-Versiegelung-Glas-Keramik-scaled.jpg","datePublished":"2020-04-04T16:53:42+00:00","dateModified":"2025-01-03T22:41:40+00:00","breadcrumb":{"@id":"https:\/\/www.versiegelung24.com\/ro\/etansare-premium-pentru-sticla-si-ceramica-cu-durabilitate-extrema.html#breadcrumb"},"inLanguage":"ro-RO","potentialAction":[{"@type":"ReadAction","target":["https:\/\/www.versiegelung24.com\/ro\/etansare-premium-pentru-sticla-si-ceramica-cu-durabilitate-extrema.html"]}]},{"@type":"ImageObject","inLanguage":"ro-RO","@id":"https:\/\/www.versiegelung24.com\/ro\/etansare-premium-pentru-sticla-si-ceramica-cu-durabilitate-extrema.html#primaryimage","url":"https:\/\/www.versiegelung24.com\/wp-content\/uploads\/2020\/06\/produkt-1003-7601-1000-Premium-Versiegelung-Glas-Keramik-scaled.jpg","contentUrl":"https:\/\/www.versiegelung24.com\/wp-content\/uploads\/2020\/06\/produkt-1003-7601-1000-Premium-Versiegelung-Glas-Keramik-scaled.jpg","width":2560,"height":2560},{"@type":"BreadcrumbList","@id":"https:\/\/www.versiegelung24.com\/ro\/etansare-premium-pentru-sticla-si-ceramica-cu-durabilitate-extrema.html#breadcrumb","itemListElement":[{"@type":"ListItem","position":1,"name":"Pagina de start","item":"https:\/\/www.versiegelung24.com\/ro\/fata\/"},{"@type":"ListItem","position":2,"name":"Magazin","item":"https:\/\/www.versiegelung24.com\/ro\/magazin_ro\/"},{"@type":"ListItem","position":3,"name":"Etan\u0219ant premium pentru sticl\u0103 \u0219i ceramic\u0103 cu durabilitate extrem\u0103"}]},{"@type":"WebSite","@id":"https:\/\/www.versiegelung24.com\/ro\/#website","url":"https:\/\/www.versiegelung24.com\/ro\/","name":"versiegelung24.com","description":"Fl\u00fcssigglas-Versiegelung - Made in Germany","publisher":{"@id":"https:\/\/www.versiegelung24.com\/ro\/#organization"},"potentialAction":[{"@type":"SearchAction","target":{"@type":"EntryPoint","urlTemplate":"https:\/\/www.versiegelung24.com\/ro\/?s={search_term_string}"},"query-input":{"@type":"PropertyValueSpecification","valueRequired":true,"valueName":"search_term_string"}}],"inLanguage":"ro-RO"},{"@type":"Organization","@id":"https:\/\/www.versiegelung24.com\/ro\/#organization","name":"versiegelung24","url":"https:\/\/www.versiegelung24.com\/ro\/","logo":{"@type":"ImageObject","inLanguage":"ro-RO","@id":"https:\/\/www.versiegelung24.com\/ro\/#\/schema\/logo\/image\/","url":"https:\/\/www.versiegelung24.com\/wp-content\/uploads\/2020\/04\/versiegelung24.png","contentUrl":"https:\/\/www.versiegelung24.com\/wp-content\/uploads\/2020\/04\/versiegelung24.png","width":470,"height":102,"caption":"versiegelung24"},"image":{"@id":"https:\/\/www.versiegelung24.com\/ro\/#\/schema\/logo\/image\/"}}]},"og_availability":"instock","product_availability":"instock","product_retailer_item_id":"1003-7601","product_condition":"new"},"_links":{"self":[{"href":"https:\/\/www.versiegelung24.com\/ro\/wp-json\/wp\/v2\/product\/23523","targetHints":{"allow":["GET"]}}],"collection":[{"href":"https:\/\/www.versiegelung24.com\/ro\/wp-json\/wp\/v2\/product"}],"about":[{"href":"https:\/\/www.versiegelung24.com\/ro\/wp-json\/wp\/v2\/types\/product"}],"version-history":[{"count":26,"href":"https:\/\/www.versiegelung24.com\/ro\/wp-json\/wp\/v2\/product\/23523\/revisions"}],"predecessor-version":[{"id":177562,"href":"https:\/\/www.versiegelung24.com\/ro\/wp-json\/wp\/v2\/product\/23523\/revisions\/177562"}],"wp:featuredmedia":[{"embeddable":true,"href":"https:\/\/www.versiegelung24.com\/ro\/wp-json\/wp\/v2\/media\/17762"}],"wp:attachment":[{"href":"https:\/\/www.versiegelung24.com\/ro\/wp-json\/wp\/v2\/media?parent=23523"}],"wp:term":[{"taxonomy":"product_brand","embeddable":true,"href":"https:\/\/www.versiegelung24.com\/ro\/wp-json\/wp\/v2\/product_brand?post=23523"},{"taxonomy":"product_cat","embeddable":true,"href":"https:\/\/www.versiegelung24.com\/ro\/wp-json\/wp\/v2\/product_cat?post=23523"},{"taxonomy":"product_tag","embeddable":true,"href":"https:\/\/www.versiegelung24.com\/ro\/wp-json\/wp\/v2\/product_tag?post=23523"}],"curies":[{"name":"wp","href":"https:\/\/api.w.org\/{rel}","templated":true}]}}