{"id":23565,"date":"2020-04-04T18:53:44","date_gmt":"2021-08-02T19:44:54","guid":{"rendered":"https:\/\/www.versiegelung24.com\/produkt\/etansare-universala-673-pentru-suprafete-dure-non-absorbante-vopsea-plastic-sticla-ceramica-metal-otel-inoxidabil"},"modified":"2025-01-04T00:13:50","modified_gmt":"2025-01-03T23:13:50","slug":"etansare-universala-673-pentru-suprafete-dure-neabsorbante-lacuri-plastic-sticla-ceramica-metal-otel-inoxidabil","status":"publish","type":"product","link":"https:\/\/www.versiegelung24.com\/ro\/etansare-universala-673-pentru-suprafete-dure-neabsorbante-lacuri-plastic-sticla-ceramica-metal-otel-inoxidabil.html","title":{"rendered":"Etan\u0219are universal\u0103 673 pentru suprafe\u021be \u201edure\u201d\/neabsorbante (vopsea\/plastic +++, sticl\u0103\/ceramic\u0103 ++, metal\/o\u021bel inoxidabil ++)"},"content":{"rendered":"\n<p><strong>Etan\u0219are universal\u0103 pentru suprafe\u021be \u201edure\u201d\/neabsorbante de calitate profesional\u0103 &#8211; Fabricat \u00een Germania<\/strong><\/p>\n\n<p>Ideal pentru materiale plastice si suprafete vopsite (poate fi stratificat), poate fi folosit si pe sticla\/ceramica; metal si otel inoxidabil<\/p>\n\n<p>Num\u0103r articol: 4004-673<\/p>\n\n<p>\u00cenalt\u0103 calitate Fabricat \u00een Germania<\/p>\n\n<p><strong>Etan\u0219area universal\u0103 V24 4004-673<\/strong> este un sistem pe baz\u0103 de alcool care creeaz\u0103 un efect temporar u\u0219or de cur\u0103\u021bat pe suprafe\u021bele din sticl\u0103 \u0219i ceramic\u0103, precum \u0219i pe anumite suprafe\u021be metalice (crom, o\u021bel inoxidabil, aluminiu). Materialul frecat formeaz\u0103 o pelicul\u0103 sub\u021bire pe suprafe\u021be, care reduce aderen\u021ba murd\u0103riei \u0219i a materiilor str\u0103ine \u0219i permite apei s\u0103 se rostogoleasc\u0103 pur \u0219i simplu. Suprafe\u021bele acoperite sunt deosebit de u\u0219or de cur\u0103\u021bat \u0219i se murd\u0103resc mai pu\u021bin.<\/p>\n\n<hr\/>\n\n<h4 class=\"wp-block-heading\" id=\"properties\">Caracteristicile produsului<\/h4>\n\n<div class=\"wp-block-columns is-layout-flex wp-container-core-columns-is-layout-9d6595d7 wp-block-columns-is-layout-flex\">\n<div class=\"wp-block-column is-layout-flow wp-block-column-is-layout-flow\">\n<figure class=\"wp-block-table is-style-stripes\"><table><tbody><tr><td class=\"has-text-align-center\" data-align=\"center\">Chimie:<\/td><td class=\"has-text-align-center\" data-align=\"center\">Polimer anorganic-organic, f\u0103r\u0103 halogen, f\u0103r\u0103 fluor<\/td><\/tr><tr><td class=\"has-text-align-center\" data-align=\"center\">Descriere:<\/td><td class=\"has-text-align-center\" data-align=\"center\">Etan\u0219ant universal<\/td><\/tr><tr><td class=\"has-text-align-center\" data-align=\"center\">Aspect:<\/td><td class=\"has-text-align-center\" data-align=\"center\">Lichid, incolor &#8211; roz<\/td><\/tr><tr><td class=\"has-text-align-center\" data-align=\"center\">Diluare: <\/td><td class=\"has-text-align-center\" data-align=\"center\">Diluat gata de utilizare<\/td><\/tr><tr><td class=\"has-text-align-center\" data-align=\"center\">Concentra\u0163ie: <\/td><td class=\"has-text-align-center\" data-align=\"center\">0,5-1,5% \u00een greutate<\/td><\/tr><tr><td class=\"has-text-align-center\" data-align=\"center\">Manipulare:<\/td><td class=\"has-text-align-center\" data-align=\"center\">Informa\u021biile importante despre manipulare \u0219i siguran\u021b\u0103 pot fi g\u0103site \u00een fi\u0219a cu date de securitate actual\u0103. \u00cen timpul proces\u0103rii, trebuie utilizat echipament individual de protec\u021bie adecvat.<\/td><\/tr><\/tbody><\/table><\/figure>\n<\/div>\n\n\n\n<div class=\"wp-block-column is-layout-flow wp-block-column-is-layout-flow\">\n<p><br\/><br\/>Pachetul de livrare: 1 x sticl\u0103 de un litru 1 x cap de pulverizare cu pomp\u0103<\/p>\n<\/div>\n<\/div>\n\n<hr\/>\n\n<h4 class=\"wp-block-heading\" id=\"h-ratgeber\">Consilier<\/h4>\n\n<p>Sigiliile noastre universale sunt potrivite \u00een special pentru sectorul bricolajului.<\/p>\n\n<p>Acestea combin\u0103 un mod de ac\u021biune profesional pe diferite suprafe\u021be cu o manipulare u\u0219oar\u0103 \u00een timpul aplic\u0103rii. \u0218i toate acestea f\u0103r\u0103 a fi nevoie s\u0103 facem compromisuri majore \u00een ceea ce prive\u0219te calitatea.<\/p>\n\n<p>\u00cen acest fel, se pot face aplica\u021bii pe mai multe materiale cu un singur etan\u0219ant universal \u0219i se poate ob\u021bine, de asemenea, un efect de \u00eenalt\u0103 calitate \u0219i durabilitate \u00eendelungat\u0103.<\/p>\n\n<p>Cu toate acestea, pentru aplica\u021biile comerciale \u0219i industriale \u00een care se dore\u0219te atins cel mai \u00eenalt nivel posibil de performan\u021b\u0103 pe o anumit\u0103 suprafa\u021b\u0103, recomand\u0103m utilizarea finisajelor noastre speciale pentru acea suprafa\u021b\u0103.<\/p>\n","protected":false},"excerpt":{"rendered":"<p><strong>Sigilant universal profesional foarte eficient pentru suprafe\u021be &#8220;dure&#8221;\/neabsorbante, cum ar fi:<\/strong><\/p>\n<p>\u2713 Sticl\u0103<\/p>\n<p>\u2713 Suprafe\u021be ceramice<\/p>\n<p>\u2713 Suprafe\u021be din plastic<\/p>\n<p>\u2713 Suprafe\u021be metalice<\/p>\n<p>\u2713 Cu efect u\u0219or de cur\u0103\u021bat<\/p>\n","protected":false},"featured_media":18225,"template":"","meta":{"_acf_changed":false,"neve_meta_sidebar":"","neve_meta_container":"","neve_meta_enable_content_width":"","neve_meta_content_width":0,"neve_meta_title_alignment":"","neve_meta_author_avatar":"","neve_post_elements_order":"","neve_meta_disable_header":"","neve_meta_disable_footer":"","neve_meta_disable_title":"","neve_meta_reading_time":"","_surfaces":[],"_ver_product_tabs":[],"footnotes":""},"product_brand":[],"product_cat":[2477],"product_tag":[],"class_list":{"0":"post-23565","1":"product","2":"type-product","3":"status-publish","4":"has-post-thumbnail","6":"product_cat-etansare-universala","8":"first","9":"instock","10":"taxable","11":"shipping-taxable","12":"purchasable","13":"product-type-simple"},"acf":[],"yoast_head":"<!-- This site is optimized with the Yoast SEO Premium plugin v22.8 (Yoast SEO v27.5) - https:\/\/yoast.com\/product\/yoast-seo-premium-wordpress\/ -->\n<title>Etan\u0219are universal\u0103 673 pentru suprafe\u021be \u201edure\u201d\/neabsorbante (vopsea\/plastic +++, sticl\u0103\/ceramic\u0103 ++, metal\/o\u021bel inoxidabil ++) - versiegelung24.com<\/title>\n<meta name=\"robots\" content=\"index, follow, max-snippet:-1, max-image-preview:large, max-video-preview:-1\" \/>\n<link rel=\"canonical\" href=\"https:\/\/www.versiegelung24.com\/ro\/etansare-universala-673-pentru-suprafete-dure-neabsorbante-lacuri-plastic-sticla-ceramica-metal-otel-inoxidabil.html\" \/>\n<meta property=\"og:locale\" content=\"ro_RO\" \/>\n<meta property=\"og:type\" content=\"article\" \/>\n<meta property=\"og:title\" content=\"Etan\u0219are universal\u0103 673 pentru suprafe\u021be \u201edure\u201d\/neabsorbante (vopsea\/plastic +++, sticl\u0103\/ceramic\u0103 ++, metal\/o\u021bel inoxidabil ++)\" \/>\n<meta property=\"og:description\" content=\"Sigilant universal profesional foarte eficient pentru suprafe\u021be &quot;dure&quot;\/neabsorbante, cum ar fi: \u2713 Sticl\u0103 \u2713 Suprafe\u021be ceramice \u2713 Suprafe\u021be din plastic \u2713 Suprafe\u021be metalice \u2713 Cu efect u\u0219or de cur\u0103\u021bat\" \/>\n<meta property=\"og:url\" content=\"https:\/\/www.versiegelung24.com\/ro\/etansare-universala-673-pentru-suprafete-dure-neabsorbante-lacuri-plastic-sticla-ceramica-metal-otel-inoxidabil.html\" \/>\n<meta property=\"og:site_name\" content=\"versiegelung24.com\" \/>\n<meta property=\"article:modified_time\" content=\"2025-01-03T23:13:50+00:00\" \/>\n<meta property=\"og:image\" content=\"https:\/\/www.versiegelung24.com\/wp-content\/uploads\/2020\/06\/produkt-4004-673-1000-Universalversiegelung-673-scaled.jpg\" \/>\n\t<meta property=\"og:image:width\" content=\"2560\" \/>\n\t<meta property=\"og:image:height\" content=\"2560\" \/>\n\t<meta property=\"og:image:type\" content=\"image\/jpeg\" \/>\n<meta name=\"twitter:card\" content=\"summary_large_image\" \/>\n<meta name=\"twitter:label1\" content=\"Pre\u021b\" \/>\n\t<meta name=\"twitter:data1\" content=\"99,00&euro;\" \/>\n\t<meta name=\"twitter:label2\" content=\"Disponibilitate\" \/>\n\t<meta name=\"twitter:data2\" content=\"\u00cen stoc\" \/>\n<script type=\"application\/ld+json\" class=\"yoast-schema-graph\">{\"@context\":\"https:\\\/\\\/schema.org\",\"@graph\":[{\"@type\":\"WebPage\",\"@id\":\"https:\\\/\\\/www.versiegelung24.com\\\/ro\\\/etansare-universala-673-pentru-suprafete-dure-neabsorbante-lacuri-plastic-sticla-ceramica-metal-otel-inoxidabil.html\",\"url\":\"https:\\\/\\\/www.versiegelung24.com\\\/ro\\\/etansare-universala-673-pentru-suprafete-dure-neabsorbante-lacuri-plastic-sticla-ceramica-metal-otel-inoxidabil.html\",\"name\":\"Etan\u0219are universal\u0103 673 pentru suprafe\u021be \u201edure\u201d\\\/neabsorbante (vopsea\\\/plastic +++, sticl\u0103\\\/ceramic\u0103 ++, metal\\\/o\u021bel inoxidabil ++) - versiegelung24.com\",\"isPartOf\":{\"@id\":\"https:\\\/\\\/www.versiegelung24.com\\\/ro\\\/#website\"},\"primaryImageOfPage\":{\"@id\":\"https:\\\/\\\/www.versiegelung24.com\\\/ro\\\/etansare-universala-673-pentru-suprafete-dure-neabsorbante-lacuri-plastic-sticla-ceramica-metal-otel-inoxidabil.html#primaryimage\"},\"image\":{\"@id\":\"https:\\\/\\\/www.versiegelung24.com\\\/ro\\\/etansare-universala-673-pentru-suprafete-dure-neabsorbante-lacuri-plastic-sticla-ceramica-metal-otel-inoxidabil.html#primaryimage\"},\"thumbnailUrl\":\"https:\\\/\\\/www.versiegelung24.com\\\/wp-content\\\/uploads\\\/2020\\\/06\\\/produkt-4004-673-1000-Universalversiegelung-673-scaled.jpg\",\"datePublished\":\"2021-08-02T19:44:54+00:00\",\"dateModified\":\"2025-01-03T23:13:50+00:00\",\"breadcrumb\":{\"@id\":\"https:\\\/\\\/www.versiegelung24.com\\\/ro\\\/etansare-universala-673-pentru-suprafete-dure-neabsorbante-lacuri-plastic-sticla-ceramica-metal-otel-inoxidabil.html#breadcrumb\"},\"inLanguage\":\"ro-RO\",\"potentialAction\":[{\"@type\":\"ReadAction\",\"target\":[\"https:\\\/\\\/www.versiegelung24.com\\\/ro\\\/etansare-universala-673-pentru-suprafete-dure-neabsorbante-lacuri-plastic-sticla-ceramica-metal-otel-inoxidabil.html\"]}]},{\"@type\":\"ImageObject\",\"inLanguage\":\"ro-RO\",\"@id\":\"https:\\\/\\\/www.versiegelung24.com\\\/ro\\\/etansare-universala-673-pentru-suprafete-dure-neabsorbante-lacuri-plastic-sticla-ceramica-metal-otel-inoxidabil.html#primaryimage\",\"url\":\"https:\\\/\\\/www.versiegelung24.com\\\/wp-content\\\/uploads\\\/2020\\\/06\\\/produkt-4004-673-1000-Universalversiegelung-673-scaled.jpg\",\"contentUrl\":\"https:\\\/\\\/www.versiegelung24.com\\\/wp-content\\\/uploads\\\/2020\\\/06\\\/produkt-4004-673-1000-Universalversiegelung-673-scaled.jpg\",\"width\":2560,\"height\":2560},{\"@type\":\"BreadcrumbList\",\"@id\":\"https:\\\/\\\/www.versiegelung24.com\\\/ro\\\/etansare-universala-673-pentru-suprafete-dure-neabsorbante-lacuri-plastic-sticla-ceramica-metal-otel-inoxidabil.html#breadcrumb\",\"itemListElement\":[{\"@type\":\"ListItem\",\"position\":1,\"name\":\"Pagina de start\",\"item\":\"https:\\\/\\\/www.versiegelung24.com\\\/ro\\\/fata\\\/\"},{\"@type\":\"ListItem\",\"position\":2,\"name\":\"Magazin\",\"item\":\"https:\\\/\\\/www.versiegelung24.com\\\/ro\\\/magazin_ro\\\/\"},{\"@type\":\"ListItem\",\"position\":3,\"name\":\"Etan\u0219are universal\u0103 673 pentru suprafe\u021be \u201edure\u201d\\\/neabsorbante (vopsea\\\/plastic +++, sticl\u0103\\\/ceramic\u0103 ++, metal\\\/o\u021bel inoxidabil ++)\"}]},{\"@type\":\"WebSite\",\"@id\":\"https:\\\/\\\/www.versiegelung24.com\\\/ro\\\/#website\",\"url\":\"https:\\\/\\\/www.versiegelung24.com\\\/ro\\\/\",\"name\":\"versiegelung24.com\",\"description\":\"Fl\u00fcssigglas-Versiegelung - Made in Germany\",\"publisher\":{\"@id\":\"https:\\\/\\\/www.versiegelung24.com\\\/ro\\\/#organization\"},\"potentialAction\":[{\"@type\":\"SearchAction\",\"target\":{\"@type\":\"EntryPoint\",\"urlTemplate\":\"https:\\\/\\\/www.versiegelung24.com\\\/ro\\\/?s={search_term_string}\"},\"query-input\":{\"@type\":\"PropertyValueSpecification\",\"valueRequired\":true,\"valueName\":\"search_term_string\"}}],\"inLanguage\":\"ro-RO\"},{\"@type\":\"Organization\",\"@id\":\"https:\\\/\\\/www.versiegelung24.com\\\/ro\\\/#organization\",\"name\":\"versiegelung24\",\"url\":\"https:\\\/\\\/www.versiegelung24.com\\\/ro\\\/\",\"logo\":{\"@type\":\"ImageObject\",\"inLanguage\":\"ro-RO\",\"@id\":\"https:\\\/\\\/www.versiegelung24.com\\\/ro\\\/#\\\/schema\\\/logo\\\/image\\\/\",\"url\":\"https:\\\/\\\/www.versiegelung24.com\\\/wp-content\\\/uploads\\\/2020\\\/04\\\/versiegelung24.png\",\"contentUrl\":\"https:\\\/\\\/www.versiegelung24.com\\\/wp-content\\\/uploads\\\/2020\\\/04\\\/versiegelung24.png\",\"width\":470,\"height\":102,\"caption\":\"versiegelung24\"},\"image\":{\"@id\":\"https:\\\/\\\/www.versiegelung24.com\\\/ro\\\/#\\\/schema\\\/logo\\\/image\\\/\"}}]}<\/script>\n<meta property=\"product:price:amount\" content=\"99.00\" \/>\n<meta property=\"product:price:currency\" content=\"EUR\" \/>\n<meta property=\"og:availability\" content=\"instock\" \/>\n<meta property=\"product:availability\" content=\"instock\" \/>\n<meta property=\"product:retailer_item_id\" content=\"4004-673-1000\" \/>\n<meta property=\"product:condition\" content=\"new\" \/>\n<!-- \/ Yoast SEO Premium plugin. -->","yoast_head_json":{"title":"Etan\u0219are universal\u0103 673 pentru suprafe\u021be \u201edure\u201d\/neabsorbante (vopsea\/plastic +++, sticl\u0103\/ceramic\u0103 ++, metal\/o\u021bel inoxidabil ++) - versiegelung24.com","robots":{"index":"index","follow":"follow","max-snippet":"max-snippet:-1","max-image-preview":"max-image-preview:large","max-video-preview":"max-video-preview:-1"},"canonical":"https:\/\/www.versiegelung24.com\/ro\/etansare-universala-673-pentru-suprafete-dure-neabsorbante-lacuri-plastic-sticla-ceramica-metal-otel-inoxidabil.html","og_locale":"ro_RO","og_type":"article","og_title":"Etan\u0219are universal\u0103 673 pentru suprafe\u021be \u201edure\u201d\/neabsorbante (vopsea\/plastic +++, sticl\u0103\/ceramic\u0103 ++, metal\/o\u021bel inoxidabil ++)","og_description":"Sigilant universal profesional foarte eficient pentru suprafe\u021be \"dure\"\/neabsorbante, cum ar fi: \u2713 Sticl\u0103 \u2713 Suprafe\u021be ceramice \u2713 Suprafe\u021be din plastic \u2713 Suprafe\u021be metalice \u2713 Cu efect u\u0219or de cur\u0103\u021bat","og_url":"https:\/\/www.versiegelung24.com\/ro\/etansare-universala-673-pentru-suprafete-dure-neabsorbante-lacuri-plastic-sticla-ceramica-metal-otel-inoxidabil.html","og_site_name":"versiegelung24.com","article_modified_time":"2025-01-03T23:13:50+00:00","og_image":[{"width":2560,"height":2560,"url":"https:\/\/www.versiegelung24.com\/wp-content\/uploads\/2020\/06\/produkt-4004-673-1000-Universalversiegelung-673-scaled.jpg","type":"image\/jpeg"}],"twitter_card":"summary_large_image","twitter_misc":{"Pre\u021b":"99,00&euro;","Disponibilitate":"\u00cen stoc"},"schema":{"@context":"https:\/\/schema.org","@graph":[{"@type":"WebPage","@id":"https:\/\/www.versiegelung24.com\/ro\/etansare-universala-673-pentru-suprafete-dure-neabsorbante-lacuri-plastic-sticla-ceramica-metal-otel-inoxidabil.html","url":"https:\/\/www.versiegelung24.com\/ro\/etansare-universala-673-pentru-suprafete-dure-neabsorbante-lacuri-plastic-sticla-ceramica-metal-otel-inoxidabil.html","name":"Etan\u0219are universal\u0103 673 pentru suprafe\u021be \u201edure\u201d\/neabsorbante (vopsea\/plastic +++, sticl\u0103\/ceramic\u0103 ++, metal\/o\u021bel inoxidabil ++) - versiegelung24.com","isPartOf":{"@id":"https:\/\/www.versiegelung24.com\/ro\/#website"},"primaryImageOfPage":{"@id":"https:\/\/www.versiegelung24.com\/ro\/etansare-universala-673-pentru-suprafete-dure-neabsorbante-lacuri-plastic-sticla-ceramica-metal-otel-inoxidabil.html#primaryimage"},"image":{"@id":"https:\/\/www.versiegelung24.com\/ro\/etansare-universala-673-pentru-suprafete-dure-neabsorbante-lacuri-plastic-sticla-ceramica-metal-otel-inoxidabil.html#primaryimage"},"thumbnailUrl":"https:\/\/www.versiegelung24.com\/wp-content\/uploads\/2020\/06\/produkt-4004-673-1000-Universalversiegelung-673-scaled.jpg","datePublished":"2021-08-02T19:44:54+00:00","dateModified":"2025-01-03T23:13:50+00:00","breadcrumb":{"@id":"https:\/\/www.versiegelung24.com\/ro\/etansare-universala-673-pentru-suprafete-dure-neabsorbante-lacuri-plastic-sticla-ceramica-metal-otel-inoxidabil.html#breadcrumb"},"inLanguage":"ro-RO","potentialAction":[{"@type":"ReadAction","target":["https:\/\/www.versiegelung24.com\/ro\/etansare-universala-673-pentru-suprafete-dure-neabsorbante-lacuri-plastic-sticla-ceramica-metal-otel-inoxidabil.html"]}]},{"@type":"ImageObject","inLanguage":"ro-RO","@id":"https:\/\/www.versiegelung24.com\/ro\/etansare-universala-673-pentru-suprafete-dure-neabsorbante-lacuri-plastic-sticla-ceramica-metal-otel-inoxidabil.html#primaryimage","url":"https:\/\/www.versiegelung24.com\/wp-content\/uploads\/2020\/06\/produkt-4004-673-1000-Universalversiegelung-673-scaled.jpg","contentUrl":"https:\/\/www.versiegelung24.com\/wp-content\/uploads\/2020\/06\/produkt-4004-673-1000-Universalversiegelung-673-scaled.jpg","width":2560,"height":2560},{"@type":"BreadcrumbList","@id":"https:\/\/www.versiegelung24.com\/ro\/etansare-universala-673-pentru-suprafete-dure-neabsorbante-lacuri-plastic-sticla-ceramica-metal-otel-inoxidabil.html#breadcrumb","itemListElement":[{"@type":"ListItem","position":1,"name":"Pagina de start","item":"https:\/\/www.versiegelung24.com\/ro\/fata\/"},{"@type":"ListItem","position":2,"name":"Magazin","item":"https:\/\/www.versiegelung24.com\/ro\/magazin_ro\/"},{"@type":"ListItem","position":3,"name":"Etan\u0219are universal\u0103 673 pentru suprafe\u021be \u201edure\u201d\/neabsorbante (vopsea\/plastic +++, sticl\u0103\/ceramic\u0103 ++, metal\/o\u021bel inoxidabil ++)"}]},{"@type":"WebSite","@id":"https:\/\/www.versiegelung24.com\/ro\/#website","url":"https:\/\/www.versiegelung24.com\/ro\/","name":"versiegelung24.com","description":"Fl\u00fcssigglas-Versiegelung - Made in Germany","publisher":{"@id":"https:\/\/www.versiegelung24.com\/ro\/#organization"},"potentialAction":[{"@type":"SearchAction","target":{"@type":"EntryPoint","urlTemplate":"https:\/\/www.versiegelung24.com\/ro\/?s={search_term_string}"},"query-input":{"@type":"PropertyValueSpecification","valueRequired":true,"valueName":"search_term_string"}}],"inLanguage":"ro-RO"},{"@type":"Organization","@id":"https:\/\/www.versiegelung24.com\/ro\/#organization","name":"versiegelung24","url":"https:\/\/www.versiegelung24.com\/ro\/","logo":{"@type":"ImageObject","inLanguage":"ro-RO","@id":"https:\/\/www.versiegelung24.com\/ro\/#\/schema\/logo\/image\/","url":"https:\/\/www.versiegelung24.com\/wp-content\/uploads\/2020\/04\/versiegelung24.png","contentUrl":"https:\/\/www.versiegelung24.com\/wp-content\/uploads\/2020\/04\/versiegelung24.png","width":470,"height":102,"caption":"versiegelung24"},"image":{"@id":"https:\/\/www.versiegelung24.com\/ro\/#\/schema\/logo\/image\/"}}]},"product_price_amount":"99.00","product_price_currency":"EUR","og_availability":"instock","product_availability":"instock","product_retailer_item_id":"4004-673-1000","product_condition":"new"},"_links":{"self":[{"href":"https:\/\/www.versiegelung24.com\/ro\/wp-json\/wp\/v2\/product\/23565","targetHints":{"allow":["GET"]}}],"collection":[{"href":"https:\/\/www.versiegelung24.com\/ro\/wp-json\/wp\/v2\/product"}],"about":[{"href":"https:\/\/www.versiegelung24.com\/ro\/wp-json\/wp\/v2\/types\/product"}],"version-history":[{"count":15,"href":"https:\/\/www.versiegelung24.com\/ro\/wp-json\/wp\/v2\/product\/23565\/revisions"}],"predecessor-version":[{"id":177904,"href":"https:\/\/www.versiegelung24.com\/ro\/wp-json\/wp\/v2\/product\/23565\/revisions\/177904"}],"wp:featuredmedia":[{"embeddable":true,"href":"https:\/\/www.versiegelung24.com\/ro\/wp-json\/wp\/v2\/media\/18225"}],"wp:attachment":[{"href":"https:\/\/www.versiegelung24.com\/ro\/wp-json\/wp\/v2\/media?parent=23565"}],"wp:term":[{"taxonomy":"product_brand","embeddable":true,"href":"https:\/\/www.versiegelung24.com\/ro\/wp-json\/wp\/v2\/product_brand?post=23565"},{"taxonomy":"product_cat","embeddable":true,"href":"https:\/\/www.versiegelung24.com\/ro\/wp-json\/wp\/v2\/product_cat?post=23565"},{"taxonomy":"product_tag","embeddable":true,"href":"https:\/\/www.versiegelung24.com\/ro\/wp-json\/wp\/v2\/product_tag?post=23565"}],"curies":[{"name":"wp","href":"https:\/\/api.w.org\/{rel}","templated":true}]}}