{"id":23640,"date":"2020-04-04T18:53:41","date_gmt":"2020-04-04T16:53:41","guid":{"rendered":"https:\/\/www.versiegelung24.com\/produkt\/bioetanol-966-pentru-pre-curatare-profesionala"},"modified":"2025-01-13T17:00:14","modified_gmt":"2025-01-13T16:00:14","slug":"bioetanol-966-pentru-pre-curatare-profesionala","status":"publish","type":"product","link":"https:\/\/www.versiegelung24.com\/ro\/bioetanol-966-pentru-pre-curatare-profesionala.html","title":{"rendered":"Bioetanol 96,6% pentru pre-cur\u0103\u021bare profesional\u0103"},"content":{"rendered":"\n<h4 class=\"wp-block-heading\" id=\"h-beschreibung\">Descriere a<\/h4>\n\n<p>Bioetanol de calitate tehnic\u0103 96,6% potrivit pentru pre-cur\u0103\u021barea \u0219i degresarea am\u0103nun\u021bit\u0103 a suprafe\u021belor neabsorbante. <\/p>\n\n<p>Poate fi folosit foarte bine \u00een combina\u021bie cu pre- <a href=\"https:\/\/www.versiegelung24.com\/ro\/biosativa-biologica-pre-curatatoare.html\">cur\u0103\u021b\u0103torul nostru biologic, f\u0103r\u0103 reziduuri, BIOSATIVA<\/a> \u00ae pentru a preg\u0103ti, de exemplu, sticl\u0103, ceramic\u0103, suprafe\u021be vopsite pentru aplicarea etan\u0219\u0103rilor noastre de suprafa\u021b\u0103.<\/p>\n\n<hr \/>\n\n<h4 class=\"wp-block-heading\" id=\"properties\">Caracteristicile produsului<\/h4>\n\n<p>\u2713 Bioetanol realizat din 100% porumb \u0219i sfecl\u0103 de zah\u0103r<\/p>\n\n<p>\u2713 Produc\u021bie regional\u0103 cu ingrediente din Europa<\/p>\n\n<p>\u2713 Produc\u021bie conform \u00eenalte directive europene<\/p>\n\n<p>\u2713 Siguran\u021b\u0103 \u0219i calitate prin standarde \u00eenalte<\/p>\n\n<p>Puritate ridicat\u0103, cu 1% MEK, 1% izopropanol \u0219i Bitrex bioetanol complet denaturat 96,6% (alcool etilenic) din produc\u021bie durabil\u0103 (biomas\u0103).<\/p>\n\n<hr \/>\n\n<h4 class=\"wp-block-heading\" id=\"application\">Aplica\u021bie<\/h4>\n\n<p>Pentru a cur\u0103\u021ba suprafe\u021bele netede, neabsorbante, v\u0103 recomand\u0103m cur\u0103\u021barea \u00een doi pa\u0219i:<\/p>\n\n<p>1. Cur\u0103\u021bare prealabil\u0103 intensiv\u0103 a suprafe\u021bei folosind un detergent conven\u021bional f\u0103r\u0103 reziduuri sau <a href=\"https:\/\/www.versiegelung24.com\/ro\/biosativa-biologica-pre-curatatoare.html\">concentratul nostru de cur\u0103\u021bare biologic BIOSATIVA<\/a> <a href=\"https:\/\/www.versiegelung24.com\/biosativa-biologischer-vorreiniger.html\">\u00ae<\/a><\/p>\n\n<p>2. Dup\u0103 finalizarea procesului de cur\u0103\u021bare, cur\u0103\u021ba\u021bi din nou suprafa\u021ba cu bioetanol 96,6%, astfel \u00eenc\u00e2t toat\u0103 murd\u0103ria s\u0103 fie \u00eendep\u0103rtat\u0103 \u0219i suprafa\u021ba s\u0103 fie complet lipsit\u0103 de gr\u0103simi. Repeta\u021bi acest proces p\u00e2n\u0103 c\u00e2nd nu mai exist\u0103 reziduuri de murd\u0103rie pe c\u00e2rpa din microfibr\u0103.<\/p>\n\n<p>Dup\u0103 un timp scurt de evaporare a oric\u0103ror reziduuri de alcool de pe suprafa\u021b\u0103, poate \u00eencepe aplicarea nano-acoperirilor \u0219i impregn\u0103rilor noastre.<\/p>\n\n<p><em>Practic, la fiecare cur\u0103\u021bare \u0219i etan\u0219are a suprafe\u021bei, trebuie efectuat\u0103 \u00eentotdeauna un test pe o zon\u0103 discret\u0103 pentru a determina compatibilitatea suprafe\u021bei cu agen\u021bii utiliza\u021bi.<\/em><\/p>\n\n<hr \/>\n\n<h4 class=\"wp-block-heading\" id=\"advisor\">Consilier<\/h4>\n\n<p><strong>Bio-Ethanol 96,6% &#8211; perfect pentru \u0219emineele de mas\u0103<\/strong><\/p>\n\n<p>La fel de diferite precum gusturile noastre, \u0219emineele cu etanol au devenit indispensabile \u00een multe gospod\u0103rii. Sticlele de 1 litru sunt perfecte pentru utilizatorii ocazionali sau utilizatorii pentru prima dat\u0103 care doresc s\u0103 se familiarizeze cu \u0219emineul lor cu etanol sau cu combustibilul nostru bioetanol lichid.<\/p>\n\n<p><strong>C\u00e2t dureaz\u0103 1 litru de bioetanol?<\/strong><\/p>\n\n<p>Timpul mediu de ardere pentru 1 litru de 96,6% bioetanol este de aproximativ 2 p\u00e2n\u0103 la 3 ore. Dar nu po\u021bi spune exact asta, pentru c\u0103 timpul de ardere depinde de suprafa\u021ba pe care arde lichidul. Cu c\u00e2t suprafa\u021ba este mai mare, cu at\u00e2t bioetanolul premium arde mai repede.<\/p>\n\n<hr \/>\n\n<h4 class=\"wp-block-heading\" id=\"faq\">\u00ceNTREB\u0102RI FRECVENTE<\/h4>\n\n<div class=\"schema-faq wp-block-yoast-faq-block\"><div class=\"schema-faq-section\" id=\"faq-question-1645793617330\"><strong class=\"schema-faq-question\">Este bioetanolul aprobat pentru sectorul medical?<\/strong> <p class=\"schema-faq-answer\">Nu! Dac\u0103 sunte\u021bi \u00een c\u0103utarea unui dezinfectant de suprafa\u021b\u0103, pute\u021bi g\u0103si mai multe informa\u021bii aici: <a href=\"https:\/\/www.versiegelung24.com\/desinfektionsmittel\/\">Prezentare general\u0103 a dezinfectan\u021bilor<\/a><\/p> <\/div> <div class=\"schema-faq-section\" id=\"faq-question-1645793819353\"><strong class=\"schema-faq-question\">C\u00e2t de periculos este bioetanolul?<\/strong> <p class=\"schema-faq-answer\">Arderea produce vapori de ap\u0103 (H2O) \u0219i dioxid de carbon (CO2), a\u0219a cum facem noi atunci c\u00e2nd respir\u0103m. Bioetanol 96,6% arde f\u0103r\u0103 miros \u0219i f\u0103r\u0103 reziduuri. La utilizarea \u00een seminee, trebuie respectate \u00eentotdeauna avertismentele de pericol precise!<br>Bioetanolul 96,6% este foarte inflamabil. C\u00e2nd este folosit ca agent de cur\u0103\u021bare, se produc gaze u\u0219or combustibile. <br><\/p> <\/div> <div class=\"schema-faq-section\" id=\"faq-question-1645794918526\"><strong class=\"schema-faq-question\">Poate bioetanolul (utilizat ca agent de cur\u0103\u021bare) s\u0103 atace suprafe\u021bele?<\/strong> <p class=\"schema-faq-answer\">\u00cen special \u00een cazul materialelor plastice, aici trebuie avut\u0103 grij\u0103. Materialele plastice moi, cum ar fi garniturile \u0219i furtunurile, pot reac\u021biona cu plastifian\u021bii \u0219i pot deteriora suprafe\u021bele sau materialele.<br><br>Practic, atunci c\u00e2nd cur\u0103\u021ba\u021bi suprafa\u021ba, trebuie efectuat \u00eentotdeauna un test pe o zon\u0103 neobservat\u0103.<\/p> <\/div> <\/div>\n","protected":false},"excerpt":{"rendered":"<p>\u2713 Bioetanol realizat din 100% porumb \u0219i sfecl\u0103 de zah\u0103r<\/p>\n<p>\u2713 Produc\u021bie regional\u0103 cu ingrediente din Europa<\/p>\n<p>\u2713 Produc\u021bie conform \u00eenalte directive europene<\/p>\n<p>\u2713 Siguran\u021b\u0103 \u0219i calitate prin standarde \u00eenalte<\/p>\n","protected":false},"featured_media":65160,"template":"","meta":{"_acf_changed":false,"neve_meta_sidebar":"","neve_meta_container":"","neve_meta_enable_content_width":"","neve_meta_content_width":0,"neve_meta_title_alignment":"","neve_meta_author_avatar":"","neve_post_elements_order":"","neve_meta_disable_header":"","neve_meta_disable_footer":"","neve_meta_disable_title":"","neve_meta_reading_time":"","_surfaces":[],"_ver_product_tabs":[],"footnotes":""},"product_brand":[],"product_cat":[2447,2454,2624,2166,2201],"product_tag":[],"class_list":{"0":"post-23640","1":"product","2":"type-product","3":"status-publish","4":"has-post-thumbnail","6":"product_cat-etansare-din-metal-si-plastic","7":"product_cat-produse-de-curatat","8":"product_cat-bioetanol-ro","9":"product_cat-etansare-pentru-sticla-si-ceramica","10":"product_cat-etansarea-masinii","12":"first","13":"instock","14":"taxable","15":"shipping-taxable","16":"purchasable","17":"product-type-simple"},"acf":[],"yoast_head":"<!-- This site is optimized with the Yoast SEO Premium plugin v22.8 (Yoast SEO v27.5) - https:\/\/yoast.com\/product\/yoast-seo-premium-wordpress\/ -->\n<title>Bioetanol 96,6% pentru pre-cur\u0103\u021bare profesional\u0103 - versiegelung24.com<\/title>\n<meta name=\"robots\" content=\"index, follow, max-snippet:-1, max-image-preview:large, max-video-preview:-1\" \/>\n<link rel=\"canonical\" href=\"https:\/\/www.versiegelung24.com\/ro\/bioetanol-966-pentru-pre-curatare-profesionala.html\" \/>\n<meta property=\"og:locale\" content=\"ro_RO\" \/>\n<meta property=\"og:type\" content=\"article\" \/>\n<meta property=\"og:title\" content=\"Bioetanol 96,6% pentru pre-cur\u0103\u021bare profesional\u0103\" \/>\n<meta property=\"og:description\" content=\"\u2713 Bioetanol realizat din 100% porumb \u0219i sfecl\u0103 de zah\u0103r \u2713 Produc\u021bie regional\u0103 cu ingrediente din Europa \u2713 Produc\u021bie conform \u00eenalte directive europene \u2713 Siguran\u021b\u0103 \u0219i calitate prin standarde \u00eenalte\" \/>\n<meta property=\"og:url\" content=\"https:\/\/www.versiegelung24.com\/ro\/bioetanol-966-pentru-pre-curatare-profesionala.html\" \/>\n<meta property=\"og:site_name\" content=\"versiegelung24.com\" \/>\n<meta property=\"article:modified_time\" content=\"2025-01-13T16:00:14+00:00\" \/>\n<meta property=\"og:image\" content=\"https:\/\/www.versiegelung24.com\/wp-content\/uploads\/2020\/04\/produkt_9100-950-1000-bioethanol-flasche.jpeg\" \/>\n\t<meta property=\"og:image:width\" content=\"2560\" \/>\n\t<meta property=\"og:image:height\" content=\"2560\" \/>\n\t<meta property=\"og:image:type\" content=\"image\/jpeg\" \/>\n<meta name=\"twitter:card\" content=\"summary_large_image\" \/>\n<meta name=\"twitter:label1\" content=\"Pre\u021b\" \/>\n\t<meta name=\"twitter:data1\" content=\"9,99&euro;\" \/>\n\t<meta name=\"twitter:label2\" content=\"Disponibilitate\" \/>\n\t<meta name=\"twitter:data2\" content=\"\u00cen stoc\" \/>\n<script type=\"application\/ld+json\" class=\"yoast-schema-graph\">{\"@context\":\"https:\\\/\\\/schema.org\",\"@graph\":[{\"@type\":[\"WebPage\",\"FAQPage\"],\"@id\":\"https:\\\/\\\/www.versiegelung24.com\\\/ro\\\/bioetanol-966-pentru-pre-curatare-profesionala.html\",\"url\":\"https:\\\/\\\/www.versiegelung24.com\\\/ro\\\/bioetanol-966-pentru-pre-curatare-profesionala.html\",\"name\":\"Bioetanol 96,6% pentru pre-cur\u0103\u021bare profesional\u0103 - versiegelung24.com\",\"isPartOf\":{\"@id\":\"https:\\\/\\\/www.versiegelung24.com\\\/ro\\\/#website\"},\"primaryImageOfPage\":{\"@id\":\"https:\\\/\\\/www.versiegelung24.com\\\/ro\\\/bioetanol-966-pentru-pre-curatare-profesionala.html#primaryimage\"},\"image\":{\"@id\":\"https:\\\/\\\/www.versiegelung24.com\\\/ro\\\/bioetanol-966-pentru-pre-curatare-profesionala.html#primaryimage\"},\"thumbnailUrl\":\"https:\\\/\\\/www.versiegelung24.com\\\/wp-content\\\/uploads\\\/2020\\\/04\\\/produkt_9100-950-1000-bioethanol-flasche.jpeg\",\"datePublished\":\"2020-04-04T16:53:41+00:00\",\"dateModified\":\"2025-01-13T16:00:14+00:00\",\"breadcrumb\":{\"@id\":\"https:\\\/\\\/www.versiegelung24.com\\\/ro\\\/bioetanol-966-pentru-pre-curatare-profesionala.html#breadcrumb\"},\"mainEntity\":[{\"@id\":\"https:\\\/\\\/www.versiegelung24.com\\\/ro\\\/bioetanol-966-pentru-pre-curatare-profesionala.html#faq-question-1645793617330\"},{\"@id\":\"https:\\\/\\\/www.versiegelung24.com\\\/ro\\\/bioetanol-966-pentru-pre-curatare-profesionala.html#faq-question-1645793819353\"},{\"@id\":\"https:\\\/\\\/www.versiegelung24.com\\\/ro\\\/bioetanol-966-pentru-pre-curatare-profesionala.html#faq-question-1645794918526\"}],\"inLanguage\":\"ro-RO\",\"potentialAction\":[{\"@type\":\"ReadAction\",\"target\":[\"https:\\\/\\\/www.versiegelung24.com\\\/ro\\\/bioetanol-966-pentru-pre-curatare-profesionala.html\"]}]},{\"@type\":\"ImageObject\",\"inLanguage\":\"ro-RO\",\"@id\":\"https:\\\/\\\/www.versiegelung24.com\\\/ro\\\/bioetanol-966-pentru-pre-curatare-profesionala.html#primaryimage\",\"url\":\"https:\\\/\\\/www.versiegelung24.com\\\/wp-content\\\/uploads\\\/2020\\\/04\\\/produkt_9100-950-1000-bioethanol-flasche.jpeg\",\"contentUrl\":\"https:\\\/\\\/www.versiegelung24.com\\\/wp-content\\\/uploads\\\/2020\\\/04\\\/produkt_9100-950-1000-bioethanol-flasche.jpeg\",\"width\":2560,\"height\":2560},{\"@type\":\"BreadcrumbList\",\"@id\":\"https:\\\/\\\/www.versiegelung24.com\\\/ro\\\/bioetanol-966-pentru-pre-curatare-profesionala.html#breadcrumb\",\"itemListElement\":[{\"@type\":\"ListItem\",\"position\":1,\"name\":\"Pagina de start\",\"item\":\"https:\\\/\\\/www.versiegelung24.com\\\/ro\\\/fata\\\/\"},{\"@type\":\"ListItem\",\"position\":2,\"name\":\"Magazin\",\"item\":\"https:\\\/\\\/www.versiegelung24.com\\\/ro\\\/magazin_ro\\\/\"},{\"@type\":\"ListItem\",\"position\":3,\"name\":\"Bioetanol 96,6% pentru pre-cur\u0103\u021bare profesional\u0103\"}]},{\"@type\":\"WebSite\",\"@id\":\"https:\\\/\\\/www.versiegelung24.com\\\/ro\\\/#website\",\"url\":\"https:\\\/\\\/www.versiegelung24.com\\\/ro\\\/\",\"name\":\"versiegelung24.com\",\"description\":\"Fl\u00fcssigglas-Versiegelung - Made in Germany\",\"publisher\":{\"@id\":\"https:\\\/\\\/www.versiegelung24.com\\\/ro\\\/#organization\"},\"potentialAction\":[{\"@type\":\"SearchAction\",\"target\":{\"@type\":\"EntryPoint\",\"urlTemplate\":\"https:\\\/\\\/www.versiegelung24.com\\\/ro\\\/?s={search_term_string}\"},\"query-input\":{\"@type\":\"PropertyValueSpecification\",\"valueRequired\":true,\"valueName\":\"search_term_string\"}}],\"inLanguage\":\"ro-RO\"},{\"@type\":\"Organization\",\"@id\":\"https:\\\/\\\/www.versiegelung24.com\\\/ro\\\/#organization\",\"name\":\"versiegelung24\",\"url\":\"https:\\\/\\\/www.versiegelung24.com\\\/ro\\\/\",\"logo\":{\"@type\":\"ImageObject\",\"inLanguage\":\"ro-RO\",\"@id\":\"https:\\\/\\\/www.versiegelung24.com\\\/ro\\\/#\\\/schema\\\/logo\\\/image\\\/\",\"url\":\"https:\\\/\\\/www.versiegelung24.com\\\/wp-content\\\/uploads\\\/2020\\\/04\\\/versiegelung24.png\",\"contentUrl\":\"https:\\\/\\\/www.versiegelung24.com\\\/wp-content\\\/uploads\\\/2020\\\/04\\\/versiegelung24.png\",\"width\":470,\"height\":102,\"caption\":\"versiegelung24\"},\"image\":{\"@id\":\"https:\\\/\\\/www.versiegelung24.com\\\/ro\\\/#\\\/schema\\\/logo\\\/image\\\/\"}},{\"@type\":\"Question\",\"@id\":\"https:\\\/\\\/www.versiegelung24.com\\\/ro\\\/bioetanol-966-pentru-pre-curatare-profesionala.html#faq-question-1645793617330\",\"position\":1,\"url\":\"https:\\\/\\\/www.versiegelung24.com\\\/ro\\\/bioetanol-966-pentru-pre-curatare-profesionala.html#faq-question-1645793617330\",\"name\":\"Ist Bioethanol f\u00fcr den medizinischen Bereich zugelassen?\",\"answerCount\":1,\"acceptedAnswer\":{\"@type\":\"Answer\",\"text\":\"Nein! Wenn Sie ein Fl\u00e4chendesinfektionsmittel suchen, finden Sie weitere Informationen hier: <a href=\\\"https:\\\/\\\/www.versiegelung24.com\\\/desinfektionsmittel\\\/\\\">\u00dcbersicht Desinfektionsmittel<\\\/a>\",\"inLanguage\":\"ro-RO\"},\"inLanguage\":\"ro-RO\"},{\"@type\":\"Question\",\"@id\":\"https:\\\/\\\/www.versiegelung24.com\\\/ro\\\/bioetanol-966-pentru-pre-curatare-profesionala.html#faq-question-1645793819353\",\"position\":2,\"url\":\"https:\\\/\\\/www.versiegelung24.com\\\/ro\\\/bioetanol-966-pentru-pre-curatare-profesionala.html#faq-question-1645793819353\",\"name\":\"Wie gef\u00e4hrlich ist Bioethanol?\",\"answerCount\":1,\"acceptedAnswer\":{\"@type\":\"Answer\",\"text\":\"Bei der Verbrennung entstehen genau wie bei unserer Atmung Wasserdampf (H2O) und Kohlendioxid (CO2). Bioethanol 96,6% verbrennt geruchs- und r\u00fcckstandsfrei. Bei Nutzung in Feuerstellen sind stets die genauen Gefahrenhinweise zu beachten!<br \\\/>Bioethanol 96,6% ist leicht entz\u00fcndlich. Bei der Nutzung als Reiniger entstehen leicht brennbare Gase. <br \\\/>\",\"inLanguage\":\"ro-RO\"},\"inLanguage\":\"ro-RO\"},{\"@type\":\"Question\",\"@id\":\"https:\\\/\\\/www.versiegelung24.com\\\/ro\\\/bioetanol-966-pentru-pre-curatare-profesionala.html#faq-question-1645794918526\",\"position\":3,\"url\":\"https:\\\/\\\/www.versiegelung24.com\\\/ro\\\/bioetanol-966-pentru-pre-curatare-profesionala.html#faq-question-1645794918526\",\"name\":\"Kann Bioethanol (als Reiniger eingesetzt) Oberfl\u00e4chen angreifen?\",\"answerCount\":1,\"acceptedAnswer\":{\"@type\":\"Answer\",\"text\":\"Besonders bei Kunststoffen ist hier mit Achtsamkeit vor zu gehen. Weiche Kunststoffe wie z.B. bei Dichtungen und Schl\u00e4uchen kann dieser mit den Weichmachern reagieren und Oberfl\u00e4chen bzw. Materialien sch\u00e4digen.<br \\\/><br \\\/>Grunds\u00e4tzlich sollte bei der Oberfl\u00e4chenreinigung immer erst ein Test an unauff\u00e4lliger Stelle durchgef\u00fchrt werden.\",\"inLanguage\":\"ro-RO\"},\"inLanguage\":\"ro-RO\"}]}<\/script>\n<meta property=\"product:price:amount\" content=\"9.99\" \/>\n<meta property=\"product:price:currency\" content=\"EUR\" \/>\n<meta property=\"og:availability\" content=\"instock\" \/>\n<meta property=\"product:availability\" content=\"instock\" \/>\n<meta property=\"product:retailer_item_id\" content=\"9100-BE96-1\" \/>\n<meta property=\"product:condition\" content=\"new\" \/>\n<!-- \/ Yoast SEO Premium plugin. -->","yoast_head_json":{"title":"Bioetanol 96,6% pentru pre-cur\u0103\u021bare profesional\u0103 - versiegelung24.com","robots":{"index":"index","follow":"follow","max-snippet":"max-snippet:-1","max-image-preview":"max-image-preview:large","max-video-preview":"max-video-preview:-1"},"canonical":"https:\/\/www.versiegelung24.com\/ro\/bioetanol-966-pentru-pre-curatare-profesionala.html","og_locale":"ro_RO","og_type":"article","og_title":"Bioetanol 96,6% pentru pre-cur\u0103\u021bare profesional\u0103","og_description":"\u2713 Bioetanol realizat din 100% porumb \u0219i sfecl\u0103 de zah\u0103r \u2713 Produc\u021bie regional\u0103 cu ingrediente din Europa \u2713 Produc\u021bie conform \u00eenalte directive europene \u2713 Siguran\u021b\u0103 \u0219i calitate prin standarde \u00eenalte","og_url":"https:\/\/www.versiegelung24.com\/ro\/bioetanol-966-pentru-pre-curatare-profesionala.html","og_site_name":"versiegelung24.com","article_modified_time":"2025-01-13T16:00:14+00:00","og_image":[{"width":2560,"height":2560,"url":"https:\/\/www.versiegelung24.com\/wp-content\/uploads\/2020\/04\/produkt_9100-950-1000-bioethanol-flasche.jpeg","type":"image\/jpeg"}],"twitter_card":"summary_large_image","twitter_misc":{"Pre\u021b":"9,99&euro;","Disponibilitate":"\u00cen stoc"},"schema":{"@context":"https:\/\/schema.org","@graph":[{"@type":["WebPage","FAQPage"],"@id":"https:\/\/www.versiegelung24.com\/ro\/bioetanol-966-pentru-pre-curatare-profesionala.html","url":"https:\/\/www.versiegelung24.com\/ro\/bioetanol-966-pentru-pre-curatare-profesionala.html","name":"Bioetanol 96,6% pentru pre-cur\u0103\u021bare profesional\u0103 - versiegelung24.com","isPartOf":{"@id":"https:\/\/www.versiegelung24.com\/ro\/#website"},"primaryImageOfPage":{"@id":"https:\/\/www.versiegelung24.com\/ro\/bioetanol-966-pentru-pre-curatare-profesionala.html#primaryimage"},"image":{"@id":"https:\/\/www.versiegelung24.com\/ro\/bioetanol-966-pentru-pre-curatare-profesionala.html#primaryimage"},"thumbnailUrl":"https:\/\/www.versiegelung24.com\/wp-content\/uploads\/2020\/04\/produkt_9100-950-1000-bioethanol-flasche.jpeg","datePublished":"2020-04-04T16:53:41+00:00","dateModified":"2025-01-13T16:00:14+00:00","breadcrumb":{"@id":"https:\/\/www.versiegelung24.com\/ro\/bioetanol-966-pentru-pre-curatare-profesionala.html#breadcrumb"},"mainEntity":[{"@id":"https:\/\/www.versiegelung24.com\/ro\/bioetanol-966-pentru-pre-curatare-profesionala.html#faq-question-1645793617330"},{"@id":"https:\/\/www.versiegelung24.com\/ro\/bioetanol-966-pentru-pre-curatare-profesionala.html#faq-question-1645793819353"},{"@id":"https:\/\/www.versiegelung24.com\/ro\/bioetanol-966-pentru-pre-curatare-profesionala.html#faq-question-1645794918526"}],"inLanguage":"ro-RO","potentialAction":[{"@type":"ReadAction","target":["https:\/\/www.versiegelung24.com\/ro\/bioetanol-966-pentru-pre-curatare-profesionala.html"]}]},{"@type":"ImageObject","inLanguage":"ro-RO","@id":"https:\/\/www.versiegelung24.com\/ro\/bioetanol-966-pentru-pre-curatare-profesionala.html#primaryimage","url":"https:\/\/www.versiegelung24.com\/wp-content\/uploads\/2020\/04\/produkt_9100-950-1000-bioethanol-flasche.jpeg","contentUrl":"https:\/\/www.versiegelung24.com\/wp-content\/uploads\/2020\/04\/produkt_9100-950-1000-bioethanol-flasche.jpeg","width":2560,"height":2560},{"@type":"BreadcrumbList","@id":"https:\/\/www.versiegelung24.com\/ro\/bioetanol-966-pentru-pre-curatare-profesionala.html#breadcrumb","itemListElement":[{"@type":"ListItem","position":1,"name":"Pagina de start","item":"https:\/\/www.versiegelung24.com\/ro\/fata\/"},{"@type":"ListItem","position":2,"name":"Magazin","item":"https:\/\/www.versiegelung24.com\/ro\/magazin_ro\/"},{"@type":"ListItem","position":3,"name":"Bioetanol 96,6% pentru pre-cur\u0103\u021bare profesional\u0103"}]},{"@type":"WebSite","@id":"https:\/\/www.versiegelung24.com\/ro\/#website","url":"https:\/\/www.versiegelung24.com\/ro\/","name":"versiegelung24.com","description":"Fl\u00fcssigglas-Versiegelung - Made in Germany","publisher":{"@id":"https:\/\/www.versiegelung24.com\/ro\/#organization"},"potentialAction":[{"@type":"SearchAction","target":{"@type":"EntryPoint","urlTemplate":"https:\/\/www.versiegelung24.com\/ro\/?s={search_term_string}"},"query-input":{"@type":"PropertyValueSpecification","valueRequired":true,"valueName":"search_term_string"}}],"inLanguage":"ro-RO"},{"@type":"Organization","@id":"https:\/\/www.versiegelung24.com\/ro\/#organization","name":"versiegelung24","url":"https:\/\/www.versiegelung24.com\/ro\/","logo":{"@type":"ImageObject","inLanguage":"ro-RO","@id":"https:\/\/www.versiegelung24.com\/ro\/#\/schema\/logo\/image\/","url":"https:\/\/www.versiegelung24.com\/wp-content\/uploads\/2020\/04\/versiegelung24.png","contentUrl":"https:\/\/www.versiegelung24.com\/wp-content\/uploads\/2020\/04\/versiegelung24.png","width":470,"height":102,"caption":"versiegelung24"},"image":{"@id":"https:\/\/www.versiegelung24.com\/ro\/#\/schema\/logo\/image\/"}},{"@type":"Question","@id":"https:\/\/www.versiegelung24.com\/ro\/bioetanol-966-pentru-pre-curatare-profesionala.html#faq-question-1645793617330","position":1,"url":"https:\/\/www.versiegelung24.com\/ro\/bioetanol-966-pentru-pre-curatare-profesionala.html#faq-question-1645793617330","name":"Ist Bioethanol f\u00fcr den medizinischen Bereich zugelassen?","answerCount":1,"acceptedAnswer":{"@type":"Answer","text":"Nein! Wenn Sie ein Fl\u00e4chendesinfektionsmittel suchen, finden Sie weitere Informationen hier: <a href=\"https:\/\/www.versiegelung24.com\/desinfektionsmittel\/\">\u00dcbersicht Desinfektionsmittel<\/a>","inLanguage":"ro-RO"},"inLanguage":"ro-RO"},{"@type":"Question","@id":"https:\/\/www.versiegelung24.com\/ro\/bioetanol-966-pentru-pre-curatare-profesionala.html#faq-question-1645793819353","position":2,"url":"https:\/\/www.versiegelung24.com\/ro\/bioetanol-966-pentru-pre-curatare-profesionala.html#faq-question-1645793819353","name":"Wie gef\u00e4hrlich ist Bioethanol?","answerCount":1,"acceptedAnswer":{"@type":"Answer","text":"Bei der Verbrennung entstehen genau wie bei unserer Atmung Wasserdampf (H2O) und Kohlendioxid (CO2). Bioethanol 96,6% verbrennt geruchs- und r\u00fcckstandsfrei. Bei Nutzung in Feuerstellen sind stets die genauen Gefahrenhinweise zu beachten!<br \/>Bioethanol 96,6% ist leicht entz\u00fcndlich. Bei der Nutzung als Reiniger entstehen leicht brennbare Gase. <br \/>","inLanguage":"ro-RO"},"inLanguage":"ro-RO"},{"@type":"Question","@id":"https:\/\/www.versiegelung24.com\/ro\/bioetanol-966-pentru-pre-curatare-profesionala.html#faq-question-1645794918526","position":3,"url":"https:\/\/www.versiegelung24.com\/ro\/bioetanol-966-pentru-pre-curatare-profesionala.html#faq-question-1645794918526","name":"Kann Bioethanol (als Reiniger eingesetzt) Oberfl\u00e4chen angreifen?","answerCount":1,"acceptedAnswer":{"@type":"Answer","text":"Besonders bei Kunststoffen ist hier mit Achtsamkeit vor zu gehen. Weiche Kunststoffe wie z.B. bei Dichtungen und Schl\u00e4uchen kann dieser mit den Weichmachern reagieren und Oberfl\u00e4chen bzw. Materialien sch\u00e4digen.<br \/><br \/>Grunds\u00e4tzlich sollte bei der Oberfl\u00e4chenreinigung immer erst ein Test an unauff\u00e4lliger Stelle durchgef\u00fchrt werden.","inLanguage":"ro-RO"},"inLanguage":"ro-RO"}]},"product_price_amount":"9.99","product_price_currency":"EUR","og_availability":"instock","product_availability":"instock","product_retailer_item_id":"9100-BE96-1","product_condition":"new"},"_links":{"self":[{"href":"https:\/\/www.versiegelung24.com\/ro\/wp-json\/wp\/v2\/product\/23640","targetHints":{"allow":["GET"]}}],"collection":[{"href":"https:\/\/www.versiegelung24.com\/ro\/wp-json\/wp\/v2\/product"}],"about":[{"href":"https:\/\/www.versiegelung24.com\/ro\/wp-json\/wp\/v2\/types\/product"}],"version-history":[{"count":49,"href":"https:\/\/www.versiegelung24.com\/ro\/wp-json\/wp\/v2\/product\/23640\/revisions"}],"predecessor-version":[{"id":180704,"href":"https:\/\/www.versiegelung24.com\/ro\/wp-json\/wp\/v2\/product\/23640\/revisions\/180704"}],"wp:featuredmedia":[{"embeddable":true,"href":"https:\/\/www.versiegelung24.com\/ro\/wp-json\/wp\/v2\/media\/65160"}],"wp:attachment":[{"href":"https:\/\/www.versiegelung24.com\/ro\/wp-json\/wp\/v2\/media?parent=23640"}],"wp:term":[{"taxonomy":"product_brand","embeddable":true,"href":"https:\/\/www.versiegelung24.com\/ro\/wp-json\/wp\/v2\/product_brand?post=23640"},{"taxonomy":"product_cat","embeddable":true,"href":"https:\/\/www.versiegelung24.com\/ro\/wp-json\/wp\/v2\/product_cat?post=23640"},{"taxonomy":"product_tag","embeddable":true,"href":"https:\/\/www.versiegelung24.com\/ro\/wp-json\/wp\/v2\/product_tag?post=23640"}],"curies":[{"name":"wp","href":"https:\/\/api.w.org\/{rel}","templated":true}]}}