{"id":23760,"date":"2020-04-04T18:53:46","date_gmt":"2021-08-02T20:04:38","guid":{"rendered":"https:\/\/www.versiegelung24.com\/produkt\/carpa-din-microfibra-30x30cm-pentru-pre-curatare-sau-lustruire"},"modified":"2025-01-04T00:03:23","modified_gmt":"2025-01-03T23:03:23","slug":"carpa-microfibra-30x30cm-pentru-pre-curatare-sau-lustruire","status":"publish","type":"product","link":"https:\/\/www.versiegelung24.com\/ro\/carpa-microfibra-30x30cm-pentru-pre-curatare-sau-lustruire.html","title":{"rendered":"P\u00e2nz\u0103 din microfibre 30x30cm pentru pre-cur\u0103\u021bare sau lustruire"},"content":{"rendered":"\n<p>P\u00e2nz\u0103 din microfibre pentru pre-cur\u0103\u021bare sau lustruire final\u0103.<\/p>\n\n<p>Datorit\u0103 absorb\u021biei ridicate, recomand\u0103m \u0219i <a href=\"https:\/\/www.versiegelung24.com\/applikationstuch-20x20cm.html\">c\u00e2rpa din microfibr\u0103 pentru aplicarea etan\u0219an\u021bilor no\u0219tri lichid de sticl\u0103<\/a><\/p>\n\n<p>V\u0103 recomand\u0103m s\u0103 folosi\u021bi o c\u00e2rp\u0103 din microfibr\u0103 separat\u0103 pentru fiecare etap\u0103 de aplicare a produselor noastre de etan\u0219are \u0219i impregnare a suprafe\u021belor.<\/p>\n\n<p>Materialul este reutilizabil \u0219i, prin urmare, foarte ecologic. U\u0219or de sp\u0103lat \u00een ma\u0219ina de sp\u0103lat f\u0103r\u0103 detergent.<\/p>\n\n<hr\/>\n\n<h4 class=\"wp-block-heading\" id=\"properties\">Caracteristicile produsului<\/h4>\n\n<div class=\"wp-block-columns is-layout-flex wp-container-core-columns-is-layout-9d6595d7 wp-block-columns-is-layout-flex\">\n<div class=\"wp-block-column is-layout-flow wp-block-column-is-layout-flow\">\n<p><br\/><br\/>Compozi\u021bie: 80% poliester, 20% poliamid\u0103 Dimensiune: 30x30cm Culoare: albastru sau alb (v\u0103 rug\u0103m s\u0103 selecta\u021bi)<\/p>\n<\/div>\n\n\n\n<div class=\"wp-block-column is-layout-flow wp-block-column-is-layout-flow\">\n<p>De \u00eenalt\u0103 calitate, cu o greutate uscat\u0103 de 280g\/mp.<\/p>\n<\/div>\n<\/div>\n\n<hr\/>\n\n<h4 class=\"wp-block-heading\" id=\"application\">Aplica\u021bie<\/h4>\n\n<p>Poate fi utilizat \u00een mod universal \u00een interior \u0219i \u00een exterior. Dimensiunea ideal\u0103 pentru cur\u0103\u021barea sticlei, a ceramicii, a b\u0103rcilor, a ma\u0219inilor \u0219i a rulotelor.<\/p>\n\n<p>Cur\u0103\u021bare f\u0103r\u0103 scame, f\u0103r\u0103 zg\u00e2rieturi \u0219i cu uscare rapid\u0103. Murd\u0103ria \u0219i particulele de praf sunt absorbite f\u0103r\u0103 a l\u0103sa practic niciun reziduu.<\/p>\n\n<hr\/>\n\n<h4 class=\"wp-block-heading\" id=\"advisor\">Consilier<\/h4>\n\n<p><strong>Mul\u021bi dintre clien\u021bii no\u0219tri prefer\u0103 c\u00e2rpele noastre albe din microfibr\u0103<\/strong> &#8211; dac\u0103 pe c\u00e2rp\u0103 r\u0103m\u00e2ne murd\u0103rie dup\u0103 cur\u0103\u021bare, \u00eenseamn\u0103 c\u0103 suprafa\u021ba nu a fost \u00eenc\u0103 cur\u0103\u021bat\u0103 complet \u0219i \u00een mod optim. Un efect de etan\u0219are bun poate fi ob\u021binut numai dac\u0103 nu mai exist\u0103 murd\u0103rie pe suprafa\u021b\u0103.<\/p>\n","protected":false},"excerpt":{"rendered":"<p><strong>P\u00e2nz\u0103 din microfibre pentru pre-cur\u0103\u021bare sau lustruire final\u0103:<\/strong><\/p>\n<p>\u2713 Reutilizabil<\/p>\n<p>\u2713 Prietenos cu mediul \u00eenconjur\u0103tor<\/p>\n<p>\u2713 Extrem de absorbant<\/p>\n<p>\u2713 Uscare rapid\u0103<\/p>\n<p>\u2713 Lint-free<\/p>\n<p>\u2713 F\u0103r\u0103 zg\u00e2rieturi<\/p>\n<p>\u2713 80% poliester \/ 20% poliamid\u0103  <\/p>\n<p>\u2713 Greutate uscat\u0103 280g \/ mp<\/p>\n","protected":false},"featured_media":16607,"template":"","meta":{"_acf_changed":false,"neve_meta_sidebar":"","neve_meta_container":"","neve_meta_enable_content_width":"","neve_meta_content_width":0,"neve_meta_title_alignment":"","neve_meta_author_avatar":"","neve_post_elements_order":"","neve_meta_disable_header":"","neve_meta_disable_footer":"","neve_meta_disable_title":"","neve_meta_reading_time":"","_surfaces":[],"_ver_product_tabs":[],"footnotes":""},"product_brand":[],"product_cat":[2279,2280,2447,2454,2477,2696,2166,3083,2201,2277],"product_tag":[],"class_list":{"0":"post-23760","1":"product","2":"type-product","3":"status-publish","4":"has-post-thumbnail","6":"product_cat-dezinfectanti-de-suprafata","7":"product_cat-concentrate-dezinfectante","8":"product_cat-etansare-din-metal-si-plastic","9":"product_cat-produse-de-curatat","10":"product_cat-etansare-universala","11":"product_cat-dezinfectant-pentru-maini","12":"product_cat-etansare-pentru-sticla-si-ceramica","13":"product_cat-echipamente","14":"product_cat-etansarea-masinii","15":"product_cat-dezinfectanti","16":"pa_farbe-albastru","17":"pa_farbe-alb","19":"first","20":"instock","21":"taxable","22":"shipping-taxable","23":"purchasable","24":"product-type-variable","25":"has-default-attributes"},"acf":[],"yoast_head":"<!-- This site is optimized with the Yoast SEO Premium plugin v22.8 (Yoast SEO v27.5) - https:\/\/yoast.com\/product\/yoast-seo-premium-wordpress\/ -->\n<title>P\u00e2nz\u0103 din microfibre 30x30cm pentru pre-cur\u0103\u021bare sau lustruire - versiegelung24.com<\/title>\n<meta name=\"robots\" content=\"index, follow, max-snippet:-1, max-image-preview:large, max-video-preview:-1\" \/>\n<link rel=\"canonical\" href=\"https:\/\/www.versiegelung24.com\/ro\/carpa-microfibra-30x30cm-pentru-pre-curatare-sau-lustruire.html\" \/>\n<meta property=\"og:locale\" content=\"ro_RO\" \/>\n<meta property=\"og:type\" content=\"article\" \/>\n<meta property=\"og:title\" content=\"P\u00e2nz\u0103 din microfibre 30x30cm pentru pre-cur\u0103\u021bare sau lustruire\" \/>\n<meta property=\"og:description\" content=\"P\u00e2nz\u0103 din microfibre pentru pre-cur\u0103\u021bare sau lustruire final\u0103: \u2713 Reutilizabil \u2713 Prietenos cu mediul \u00eenconjur\u0103tor \u2713 Extrem de absorbant \u2713 Uscare rapid\u0103 \u2713 Lint-free \u2713 F\u0103r\u0103 zg\u00e2rieturi \u2713 80% poliester \/ 20% poliamid\u0103  \u2713 Greutate uscat\u0103 280g \/ mp\" \/>\n<meta property=\"og:url\" content=\"https:\/\/www.versiegelung24.com\/ro\/carpa-microfibra-30x30cm-pentru-pre-curatare-sau-lustruire.html\" \/>\n<meta property=\"og:site_name\" content=\"versiegelung24.com\" \/>\n<meta property=\"article:modified_time\" content=\"2025-01-03T23:03:23+00:00\" \/>\n<meta property=\"og:image\" content=\"https:\/\/www.versiegelung24.com\/wp-content\/uploads\/2020\/06\/mikrofasertuch-weiss_2.png\" \/>\n\t<meta property=\"og:image:width\" content=\"650\" \/>\n\t<meta property=\"og:image:height\" content=\"650\" \/>\n\t<meta property=\"og:image:type\" content=\"image\/png\" \/>\n<meta name=\"twitter:card\" content=\"summary_large_image\" \/>\n<meta name=\"twitter:label1\" content=\"Disponibilitate\" \/>\n\t<meta name=\"twitter:data1\" content=\"\u00cen stoc\" \/>\n<script type=\"application\/ld+json\" class=\"yoast-schema-graph\">{\"@context\":\"https:\\\/\\\/schema.org\",\"@graph\":[{\"@type\":\"WebPage\",\"@id\":\"https:\\\/\\\/www.versiegelung24.com\\\/ro\\\/carpa-microfibra-30x30cm-pentru-pre-curatare-sau-lustruire.html\",\"url\":\"https:\\\/\\\/www.versiegelung24.com\\\/ro\\\/carpa-microfibra-30x30cm-pentru-pre-curatare-sau-lustruire.html\",\"name\":\"P\u00e2nz\u0103 din microfibre 30x30cm pentru pre-cur\u0103\u021bare sau lustruire - versiegelung24.com\",\"isPartOf\":{\"@id\":\"https:\\\/\\\/www.versiegelung24.com\\\/ro\\\/#website\"},\"primaryImageOfPage\":{\"@id\":\"https:\\\/\\\/www.versiegelung24.com\\\/ro\\\/carpa-microfibra-30x30cm-pentru-pre-curatare-sau-lustruire.html#primaryimage\"},\"image\":{\"@id\":\"https:\\\/\\\/www.versiegelung24.com\\\/ro\\\/carpa-microfibra-30x30cm-pentru-pre-curatare-sau-lustruire.html#primaryimage\"},\"thumbnailUrl\":\"https:\\\/\\\/www.versiegelung24.com\\\/wp-content\\\/uploads\\\/2020\\\/06\\\/mikrofasertuch-weiss_2.png\",\"datePublished\":\"2021-08-02T20:04:38+00:00\",\"dateModified\":\"2025-01-03T23:03:23+00:00\",\"breadcrumb\":{\"@id\":\"https:\\\/\\\/www.versiegelung24.com\\\/ro\\\/carpa-microfibra-30x30cm-pentru-pre-curatare-sau-lustruire.html#breadcrumb\"},\"inLanguage\":\"ro-RO\",\"potentialAction\":[{\"@type\":\"ReadAction\",\"target\":[\"https:\\\/\\\/www.versiegelung24.com\\\/ro\\\/carpa-microfibra-30x30cm-pentru-pre-curatare-sau-lustruire.html\"]}]},{\"@type\":\"ImageObject\",\"inLanguage\":\"ro-RO\",\"@id\":\"https:\\\/\\\/www.versiegelung24.com\\\/ro\\\/carpa-microfibra-30x30cm-pentru-pre-curatare-sau-lustruire.html#primaryimage\",\"url\":\"https:\\\/\\\/www.versiegelung24.com\\\/wp-content\\\/uploads\\\/2020\\\/06\\\/mikrofasertuch-weiss_2.png\",\"contentUrl\":\"https:\\\/\\\/www.versiegelung24.com\\\/wp-content\\\/uploads\\\/2020\\\/06\\\/mikrofasertuch-weiss_2.png\",\"width\":650,\"height\":650},{\"@type\":\"BreadcrumbList\",\"@id\":\"https:\\\/\\\/www.versiegelung24.com\\\/ro\\\/carpa-microfibra-30x30cm-pentru-pre-curatare-sau-lustruire.html#breadcrumb\",\"itemListElement\":[{\"@type\":\"ListItem\",\"position\":1,\"name\":\"Pagina de start\",\"item\":\"https:\\\/\\\/www.versiegelung24.com\\\/ro\\\/fata\\\/\"},{\"@type\":\"ListItem\",\"position\":2,\"name\":\"Magazin\",\"item\":\"https:\\\/\\\/www.versiegelung24.com\\\/ro\\\/magazin_ro\\\/\"},{\"@type\":\"ListItem\",\"position\":3,\"name\":\"P\u00e2nz\u0103 din microfibre 30x30cm pentru pre-cur\u0103\u021bare sau lustruire\"}]},{\"@type\":\"WebSite\",\"@id\":\"https:\\\/\\\/www.versiegelung24.com\\\/ro\\\/#website\",\"url\":\"https:\\\/\\\/www.versiegelung24.com\\\/ro\\\/\",\"name\":\"versiegelung24.com\",\"description\":\"Fl\u00fcssigglas-Versiegelung - Made in Germany\",\"publisher\":{\"@id\":\"https:\\\/\\\/www.versiegelung24.com\\\/ro\\\/#organization\"},\"potentialAction\":[{\"@type\":\"SearchAction\",\"target\":{\"@type\":\"EntryPoint\",\"urlTemplate\":\"https:\\\/\\\/www.versiegelung24.com\\\/ro\\\/?s={search_term_string}\"},\"query-input\":{\"@type\":\"PropertyValueSpecification\",\"valueRequired\":true,\"valueName\":\"search_term_string\"}}],\"inLanguage\":\"ro-RO\"},{\"@type\":\"Organization\",\"@id\":\"https:\\\/\\\/www.versiegelung24.com\\\/ro\\\/#organization\",\"name\":\"versiegelung24\",\"url\":\"https:\\\/\\\/www.versiegelung24.com\\\/ro\\\/\",\"logo\":{\"@type\":\"ImageObject\",\"inLanguage\":\"ro-RO\",\"@id\":\"https:\\\/\\\/www.versiegelung24.com\\\/ro\\\/#\\\/schema\\\/logo\\\/image\\\/\",\"url\":\"https:\\\/\\\/www.versiegelung24.com\\\/wp-content\\\/uploads\\\/2020\\\/04\\\/versiegelung24.png\",\"contentUrl\":\"https:\\\/\\\/www.versiegelung24.com\\\/wp-content\\\/uploads\\\/2020\\\/04\\\/versiegelung24.png\",\"width\":470,\"height\":102,\"caption\":\"versiegelung24\"},\"image\":{\"@id\":\"https:\\\/\\\/www.versiegelung24.com\\\/ro\\\/#\\\/schema\\\/logo\\\/image\\\/\"}}]}<\/script>\n<meta property=\"og:availability\" content=\"instock\" \/>\n<meta property=\"product:availability\" content=\"instock\" \/>\n<meta property=\"product:retailer_item_id\" content=\"9002-1\" \/>\n<meta property=\"product:condition\" content=\"new\" \/>\n<!-- \/ Yoast SEO Premium plugin. -->","yoast_head_json":{"title":"P\u00e2nz\u0103 din microfibre 30x30cm pentru pre-cur\u0103\u021bare sau lustruire - versiegelung24.com","robots":{"index":"index","follow":"follow","max-snippet":"max-snippet:-1","max-image-preview":"max-image-preview:large","max-video-preview":"max-video-preview:-1"},"canonical":"https:\/\/www.versiegelung24.com\/ro\/carpa-microfibra-30x30cm-pentru-pre-curatare-sau-lustruire.html","og_locale":"ro_RO","og_type":"article","og_title":"P\u00e2nz\u0103 din microfibre 30x30cm pentru pre-cur\u0103\u021bare sau lustruire","og_description":"P\u00e2nz\u0103 din microfibre pentru pre-cur\u0103\u021bare sau lustruire final\u0103: \u2713 Reutilizabil \u2713 Prietenos cu mediul \u00eenconjur\u0103tor \u2713 Extrem de absorbant \u2713 Uscare rapid\u0103 \u2713 Lint-free \u2713 F\u0103r\u0103 zg\u00e2rieturi \u2713 80% poliester \/ 20% poliamid\u0103  \u2713 Greutate uscat\u0103 280g \/ mp","og_url":"https:\/\/www.versiegelung24.com\/ro\/carpa-microfibra-30x30cm-pentru-pre-curatare-sau-lustruire.html","og_site_name":"versiegelung24.com","article_modified_time":"2025-01-03T23:03:23+00:00","og_image":[{"width":650,"height":650,"url":"https:\/\/www.versiegelung24.com\/wp-content\/uploads\/2020\/06\/mikrofasertuch-weiss_2.png","type":"image\/png"}],"twitter_card":"summary_large_image","twitter_misc":{"Disponibilitate":"\u00cen stoc"},"schema":{"@context":"https:\/\/schema.org","@graph":[{"@type":"WebPage","@id":"https:\/\/www.versiegelung24.com\/ro\/carpa-microfibra-30x30cm-pentru-pre-curatare-sau-lustruire.html","url":"https:\/\/www.versiegelung24.com\/ro\/carpa-microfibra-30x30cm-pentru-pre-curatare-sau-lustruire.html","name":"P\u00e2nz\u0103 din microfibre 30x30cm pentru pre-cur\u0103\u021bare sau lustruire - versiegelung24.com","isPartOf":{"@id":"https:\/\/www.versiegelung24.com\/ro\/#website"},"primaryImageOfPage":{"@id":"https:\/\/www.versiegelung24.com\/ro\/carpa-microfibra-30x30cm-pentru-pre-curatare-sau-lustruire.html#primaryimage"},"image":{"@id":"https:\/\/www.versiegelung24.com\/ro\/carpa-microfibra-30x30cm-pentru-pre-curatare-sau-lustruire.html#primaryimage"},"thumbnailUrl":"https:\/\/www.versiegelung24.com\/wp-content\/uploads\/2020\/06\/mikrofasertuch-weiss_2.png","datePublished":"2021-08-02T20:04:38+00:00","dateModified":"2025-01-03T23:03:23+00:00","breadcrumb":{"@id":"https:\/\/www.versiegelung24.com\/ro\/carpa-microfibra-30x30cm-pentru-pre-curatare-sau-lustruire.html#breadcrumb"},"inLanguage":"ro-RO","potentialAction":[{"@type":"ReadAction","target":["https:\/\/www.versiegelung24.com\/ro\/carpa-microfibra-30x30cm-pentru-pre-curatare-sau-lustruire.html"]}]},{"@type":"ImageObject","inLanguage":"ro-RO","@id":"https:\/\/www.versiegelung24.com\/ro\/carpa-microfibra-30x30cm-pentru-pre-curatare-sau-lustruire.html#primaryimage","url":"https:\/\/www.versiegelung24.com\/wp-content\/uploads\/2020\/06\/mikrofasertuch-weiss_2.png","contentUrl":"https:\/\/www.versiegelung24.com\/wp-content\/uploads\/2020\/06\/mikrofasertuch-weiss_2.png","width":650,"height":650},{"@type":"BreadcrumbList","@id":"https:\/\/www.versiegelung24.com\/ro\/carpa-microfibra-30x30cm-pentru-pre-curatare-sau-lustruire.html#breadcrumb","itemListElement":[{"@type":"ListItem","position":1,"name":"Pagina de start","item":"https:\/\/www.versiegelung24.com\/ro\/fata\/"},{"@type":"ListItem","position":2,"name":"Magazin","item":"https:\/\/www.versiegelung24.com\/ro\/magazin_ro\/"},{"@type":"ListItem","position":3,"name":"P\u00e2nz\u0103 din microfibre 30x30cm pentru pre-cur\u0103\u021bare sau lustruire"}]},{"@type":"WebSite","@id":"https:\/\/www.versiegelung24.com\/ro\/#website","url":"https:\/\/www.versiegelung24.com\/ro\/","name":"versiegelung24.com","description":"Fl\u00fcssigglas-Versiegelung - Made in Germany","publisher":{"@id":"https:\/\/www.versiegelung24.com\/ro\/#organization"},"potentialAction":[{"@type":"SearchAction","target":{"@type":"EntryPoint","urlTemplate":"https:\/\/www.versiegelung24.com\/ro\/?s={search_term_string}"},"query-input":{"@type":"PropertyValueSpecification","valueRequired":true,"valueName":"search_term_string"}}],"inLanguage":"ro-RO"},{"@type":"Organization","@id":"https:\/\/www.versiegelung24.com\/ro\/#organization","name":"versiegelung24","url":"https:\/\/www.versiegelung24.com\/ro\/","logo":{"@type":"ImageObject","inLanguage":"ro-RO","@id":"https:\/\/www.versiegelung24.com\/ro\/#\/schema\/logo\/image\/","url":"https:\/\/www.versiegelung24.com\/wp-content\/uploads\/2020\/04\/versiegelung24.png","contentUrl":"https:\/\/www.versiegelung24.com\/wp-content\/uploads\/2020\/04\/versiegelung24.png","width":470,"height":102,"caption":"versiegelung24"},"image":{"@id":"https:\/\/www.versiegelung24.com\/ro\/#\/schema\/logo\/image\/"}}]},"og_availability":"instock","product_availability":"instock","product_retailer_item_id":"9002-1","product_condition":"new"},"_links":{"self":[{"href":"https:\/\/www.versiegelung24.com\/ro\/wp-json\/wp\/v2\/product\/23760","targetHints":{"allow":["GET"]}}],"collection":[{"href":"https:\/\/www.versiegelung24.com\/ro\/wp-json\/wp\/v2\/product"}],"about":[{"href":"https:\/\/www.versiegelung24.com\/ro\/wp-json\/wp\/v2\/types\/product"}],"version-history":[{"count":22,"href":"https:\/\/www.versiegelung24.com\/ro\/wp-json\/wp\/v2\/product\/23760\/revisions"}],"predecessor-version":[{"id":177781,"href":"https:\/\/www.versiegelung24.com\/ro\/wp-json\/wp\/v2\/product\/23760\/revisions\/177781"}],"wp:featuredmedia":[{"embeddable":true,"href":"https:\/\/www.versiegelung24.com\/ro\/wp-json\/wp\/v2\/media\/16607"}],"wp:attachment":[{"href":"https:\/\/www.versiegelung24.com\/ro\/wp-json\/wp\/v2\/media?parent=23760"}],"wp:term":[{"taxonomy":"product_brand","embeddable":true,"href":"https:\/\/www.versiegelung24.com\/ro\/wp-json\/wp\/v2\/product_brand?post=23760"},{"taxonomy":"product_cat","embeddable":true,"href":"https:\/\/www.versiegelung24.com\/ro\/wp-json\/wp\/v2\/product_cat?post=23760"},{"taxonomy":"product_tag","embeddable":true,"href":"https:\/\/www.versiegelung24.com\/ro\/wp-json\/wp\/v2\/product_tag?post=23760"}],"curies":[{"name":"wp","href":"https:\/\/api.w.org\/{rel}","templated":true}]}}