{"id":23846,"date":"2020-04-04T18:53:45","date_gmt":"2021-08-02T20:06:56","guid":{"rendered":"https:\/\/www.versiegelung24.com\/produkt\/detergent-pentru-otel-inoxidabil-blu1000-pentru-curatarea-profesionala-si-pregatirea-suprafetelor-din-otel-inoxidabil"},"modified":"2025-03-20T10:01:23","modified_gmt":"2025-03-20T09:01:23","slug":"detergent-otel-inoxidabil-blu1000-pentru-curatarea-si-conditionarea-profesionala-de-suprafete-de-otel-inoxidabil","status":"publish","type":"product","link":"https:\/\/www.versiegelung24.com\/ro\/detergent-otel-inoxidabil-blu1000-pentru-curatarea-si-conditionarea-profesionala-de-suprafete-de-otel-inoxidabil.html","title":{"rendered":"Detergent pentru o\u021bel inoxidabil BLU1000 &#8211; pentru cur\u0103\u021barea \u0219i preg\u0103tirea profesional\u0103 a suprafe\u021belor din o\u021bel inoxidabil"},"content":{"rendered":"\n<p><strong>Detergent special din o\u021bel inoxidabil BLU1000<\/strong><\/p>\n\n<hr \/>\n\n<h4 class=\"wp-block-heading\" id=\"properties\">Caracteristicile produsului<\/h4>\n\n<p>Produsul con\u021bine aditivi de cur\u0103\u021bare foarte activi \u0219i aditivi pentru recondi\u021bionarea suprafe\u021belor din o\u021bel inoxidabil mai murdare, deteriorate, corodate \u0219i inestetice. Rezultatul este o suprafa\u021b\u0103 optic\u0103 bun\u0103 p\u00e2n\u0103 la luciu ridicat.<\/p>\n\n<p><br \/><br \/>Pachetul de livrare: 1 x sticl\u0103 de un litru 1 x descrierea produsului<\/p>\n\n<hr \/>\n\n<h4 class=\"wp-block-heading\" id=\"application\">Aplica\u021bie<\/h4>\n\n<p>Suprafe\u021be interioare \u0219i exterioare din o\u021bel inoxidabil, acoperiri (metalice, organice, anorganice) \u00een industrie, comer\u021b, industria de lux \u0219i alimentar\u0103, zone municipale (de exemplu, piscine, clinici) \u0219i \u00een cas\u0103.<\/p>\n\n<p>Solu\u021bia de cur\u0103\u021bare special\u0103 din o\u021bel inoxidabil BLU1000 este folosit ca un agent de cur\u0103\u021bare special pentru cea mai grea murd\u0103rie, depuneri \u0219i coroziune pe containere, sisteme de ber\u0103rie, sc\u0103ri, balustrade, balustrade, piscine, fa\u021bade din o\u021bel, mobilier \u0219i multe altele. dislocat.<\/p>\n\n<p>BLU1000 este un detergent special pentru otel inoxidabil, dar poate fi folosit si pe alte suprafete. Dar v\u0103 rug\u0103m s\u0103 testa\u021bi mai \u00eent\u00e2i pe o zon\u0103 neobservat\u0103.<\/p>\n\n<p><br \/>C<strong>onsum<\/strong>: 0,5 &#8211; 1 kg pentru 10 m\u00b2.<\/p>\n\n<p>Toate informa\u021biile nu sunt obligatorii. <br \/>Produsul trebuie verificat \u00eenainte de utilizare pentru a stabili dac\u0103 este adecvat. Sub rezerva modific\u0103rilor tehnice.<\/p>\n","protected":false},"excerpt":{"rendered":"<p><strong>Produsul contine:<\/strong><\/p>\n<p>\u2713 Agen\u021bi de cur\u0103\u021bare \u0219i aditivi foarte activi pentru a elimina cele mai puternice contaminari, suprafe\u021be deteriorate, corodate \u0219i inestetice din o\u021bel inoxidabil.<\/p>\n<p>\u2713 Se creeaz\u0103 o suprafa\u021b\u0103 optic\u0103 bun\u0103 p\u00e2n\u0103 la lucioas\u0103.<\/p>\n","protected":false},"featured_media":13217,"template":"","meta":{"_acf_changed":false,"neve_meta_sidebar":"","neve_meta_container":"","neve_meta_enable_content_width":"","neve_meta_content_width":0,"neve_meta_title_alignment":"","neve_meta_author_avatar":"","neve_post_elements_order":"","neve_meta_disable_header":"","neve_meta_disable_footer":"","neve_meta_disable_title":"","neve_meta_reading_time":"","_surfaces":[],"_ver_product_tabs":[],"footnotes":""},"product_brand":[],"product_cat":[2447,2454,2764,2201],"product_tag":[],"class_list":{"0":"post-23846","1":"product","2":"type-product","3":"status-publish","4":"has-post-thumbnail","6":"product_cat-etansare-din-metal-si-plastic","7":"product_cat-produse-de-curatat","8":"product_cat-detergent-pentru-otel-inoxidabil","9":"product_cat-etansarea-masinii","11":"first","12":"instock","13":"taxable","14":"shipping-taxable","15":"purchasable","16":"product-type-simple"},"acf":[],"yoast_head":"<!-- This site is optimized with the Yoast SEO Premium plugin v22.8 (Yoast SEO v27.5) - https:\/\/yoast.com\/product\/yoast-seo-premium-wordpress\/ -->\n<title>Detergent pentru o\u021bel inoxidabil BLU1000 - pentru cur\u0103\u021barea \u0219i preg\u0103tirea profesional\u0103 a suprafe\u021belor din o\u021bel inoxidabil - versiegelung24.com<\/title>\n<meta name=\"robots\" content=\"index, follow, max-snippet:-1, max-image-preview:large, max-video-preview:-1\" \/>\n<link rel=\"canonical\" href=\"https:\/\/www.versiegelung24.com\/ro\/detergent-otel-inoxidabil-blu1000-pentru-curatarea-si-conditionarea-profesionala-de-suprafete-de-otel-inoxidabil.html\" \/>\n<meta property=\"og:locale\" content=\"ro_RO\" \/>\n<meta property=\"og:type\" content=\"article\" \/>\n<meta property=\"og:title\" content=\"Detergent pentru o\u021bel inoxidabil BLU1000 - pentru cur\u0103\u021barea \u0219i preg\u0103tirea profesional\u0103 a suprafe\u021belor din o\u021bel inoxidabil\" \/>\n<meta property=\"og:description\" content=\"Produsul contine: \u2713 Agen\u021bi de cur\u0103\u021bare \u0219i aditivi foarte activi pentru a elimina cele mai puternice contaminari, suprafe\u021be deteriorate, corodate \u0219i inestetice din o\u021bel inoxidabil. \u2713 Se creeaz\u0103 o suprafa\u021b\u0103 optic\u0103 bun\u0103 p\u00e2n\u0103 la lucioas\u0103.\" \/>\n<meta property=\"og:url\" content=\"https:\/\/www.versiegelung24.com\/ro\/detergent-otel-inoxidabil-blu1000-pentru-curatarea-si-conditionarea-profesionala-de-suprafete-de-otel-inoxidabil.html\" \/>\n<meta property=\"og:site_name\" content=\"versiegelung24.com\" \/>\n<meta property=\"article:modified_time\" content=\"2025-03-20T09:01:23+00:00\" \/>\n<meta property=\"og:image\" content=\"https:\/\/www.versiegelung24.com\/wp-content\/uploads\/2020\/04\/produktfoto_edelstahlreiniger.jpg\" \/>\n\t<meta property=\"og:image:width\" content=\"1000\" \/>\n\t<meta property=\"og:image:height\" content=\"1000\" \/>\n\t<meta property=\"og:image:type\" content=\"image\/jpeg\" \/>\n<meta name=\"twitter:card\" content=\"summary_large_image\" \/>\n<meta name=\"twitter:label1\" content=\"Pre\u021b\" \/>\n\t<meta name=\"twitter:data1\" content=\"49,99&euro;\" \/>\n\t<meta name=\"twitter:label2\" content=\"Disponibilitate\" \/>\n\t<meta name=\"twitter:data2\" content=\"\u00cen stoc\" \/>\n<script type=\"application\/ld+json\" class=\"yoast-schema-graph\">{\"@context\":\"https:\\\/\\\/schema.org\",\"@graph\":[{\"@type\":\"WebPage\",\"@id\":\"https:\\\/\\\/www.versiegelung24.com\\\/ro\\\/detergent-otel-inoxidabil-blu1000-pentru-curatarea-si-conditionarea-profesionala-de-suprafete-de-otel-inoxidabil.html\",\"url\":\"https:\\\/\\\/www.versiegelung24.com\\\/ro\\\/detergent-otel-inoxidabil-blu1000-pentru-curatarea-si-conditionarea-profesionala-de-suprafete-de-otel-inoxidabil.html\",\"name\":\"Detergent pentru o\u021bel inoxidabil BLU1000 - pentru cur\u0103\u021barea \u0219i preg\u0103tirea profesional\u0103 a suprafe\u021belor din o\u021bel inoxidabil - versiegelung24.com\",\"isPartOf\":{\"@id\":\"https:\\\/\\\/www.versiegelung24.com\\\/ro\\\/#website\"},\"primaryImageOfPage\":{\"@id\":\"https:\\\/\\\/www.versiegelung24.com\\\/ro\\\/detergent-otel-inoxidabil-blu1000-pentru-curatarea-si-conditionarea-profesionala-de-suprafete-de-otel-inoxidabil.html#primaryimage\"},\"image\":{\"@id\":\"https:\\\/\\\/www.versiegelung24.com\\\/ro\\\/detergent-otel-inoxidabil-blu1000-pentru-curatarea-si-conditionarea-profesionala-de-suprafete-de-otel-inoxidabil.html#primaryimage\"},\"thumbnailUrl\":\"https:\\\/\\\/www.versiegelung24.com\\\/wp-content\\\/uploads\\\/2020\\\/04\\\/produktfoto_edelstahlreiniger.jpg\",\"datePublished\":\"2021-08-02T20:06:56+00:00\",\"dateModified\":\"2025-03-20T09:01:23+00:00\",\"breadcrumb\":{\"@id\":\"https:\\\/\\\/www.versiegelung24.com\\\/ro\\\/detergent-otel-inoxidabil-blu1000-pentru-curatarea-si-conditionarea-profesionala-de-suprafete-de-otel-inoxidabil.html#breadcrumb\"},\"inLanguage\":\"ro-RO\",\"potentialAction\":[{\"@type\":\"ReadAction\",\"target\":[\"https:\\\/\\\/www.versiegelung24.com\\\/ro\\\/detergent-otel-inoxidabil-blu1000-pentru-curatarea-si-conditionarea-profesionala-de-suprafete-de-otel-inoxidabil.html\"]}]},{\"@type\":\"ImageObject\",\"inLanguage\":\"ro-RO\",\"@id\":\"https:\\\/\\\/www.versiegelung24.com\\\/ro\\\/detergent-otel-inoxidabil-blu1000-pentru-curatarea-si-conditionarea-profesionala-de-suprafete-de-otel-inoxidabil.html#primaryimage\",\"url\":\"https:\\\/\\\/www.versiegelung24.com\\\/wp-content\\\/uploads\\\/2020\\\/04\\\/produktfoto_edelstahlreiniger.jpg\",\"contentUrl\":\"https:\\\/\\\/www.versiegelung24.com\\\/wp-content\\\/uploads\\\/2020\\\/04\\\/produktfoto_edelstahlreiniger.jpg\",\"width\":1000,\"height\":1000},{\"@type\":\"BreadcrumbList\",\"@id\":\"https:\\\/\\\/www.versiegelung24.com\\\/ro\\\/detergent-otel-inoxidabil-blu1000-pentru-curatarea-si-conditionarea-profesionala-de-suprafete-de-otel-inoxidabil.html#breadcrumb\",\"itemListElement\":[{\"@type\":\"ListItem\",\"position\":1,\"name\":\"Pagina de start\",\"item\":\"https:\\\/\\\/www.versiegelung24.com\\\/ro\\\/fata\\\/\"},{\"@type\":\"ListItem\",\"position\":2,\"name\":\"Magazin\",\"item\":\"https:\\\/\\\/www.versiegelung24.com\\\/ro\\\/magazin_ro\\\/\"},{\"@type\":\"ListItem\",\"position\":3,\"name\":\"Detergent pentru o\u021bel inoxidabil BLU1000 &#8211; pentru cur\u0103\u021barea \u0219i preg\u0103tirea profesional\u0103 a suprafe\u021belor din o\u021bel inoxidabil\"}]},{\"@type\":\"WebSite\",\"@id\":\"https:\\\/\\\/www.versiegelung24.com\\\/ro\\\/#website\",\"url\":\"https:\\\/\\\/www.versiegelung24.com\\\/ro\\\/\",\"name\":\"versiegelung24.com\",\"description\":\"Fl\u00fcssigglas-Versiegelung - Made in Germany\",\"publisher\":{\"@id\":\"https:\\\/\\\/www.versiegelung24.com\\\/ro\\\/#organization\"},\"potentialAction\":[{\"@type\":\"SearchAction\",\"target\":{\"@type\":\"EntryPoint\",\"urlTemplate\":\"https:\\\/\\\/www.versiegelung24.com\\\/ro\\\/?s={search_term_string}\"},\"query-input\":{\"@type\":\"PropertyValueSpecification\",\"valueRequired\":true,\"valueName\":\"search_term_string\"}}],\"inLanguage\":\"ro-RO\"},{\"@type\":\"Organization\",\"@id\":\"https:\\\/\\\/www.versiegelung24.com\\\/ro\\\/#organization\",\"name\":\"versiegelung24\",\"url\":\"https:\\\/\\\/www.versiegelung24.com\\\/ro\\\/\",\"logo\":{\"@type\":\"ImageObject\",\"inLanguage\":\"ro-RO\",\"@id\":\"https:\\\/\\\/www.versiegelung24.com\\\/ro\\\/#\\\/schema\\\/logo\\\/image\\\/\",\"url\":\"https:\\\/\\\/www.versiegelung24.com\\\/wp-content\\\/uploads\\\/2020\\\/04\\\/versiegelung24.png\",\"contentUrl\":\"https:\\\/\\\/www.versiegelung24.com\\\/wp-content\\\/uploads\\\/2020\\\/04\\\/versiegelung24.png\",\"width\":470,\"height\":102,\"caption\":\"versiegelung24\"},\"image\":{\"@id\":\"https:\\\/\\\/www.versiegelung24.com\\\/ro\\\/#\\\/schema\\\/logo\\\/image\\\/\"}}]}<\/script>\n<meta property=\"product:price:amount\" content=\"49.99\" \/>\n<meta property=\"product:price:currency\" content=\"EUR\" \/>\n<meta property=\"og:availability\" content=\"instock\" \/>\n<meta property=\"product:availability\" content=\"instock\" \/>\n<meta property=\"product:retailer_item_id\" content=\"9001-BLU1000\" \/>\n<meta property=\"product:condition\" content=\"new\" \/>\n<!-- \/ Yoast SEO Premium plugin. -->","yoast_head_json":{"title":"Detergent pentru o\u021bel inoxidabil BLU1000 - pentru cur\u0103\u021barea \u0219i preg\u0103tirea profesional\u0103 a suprafe\u021belor din o\u021bel inoxidabil - versiegelung24.com","robots":{"index":"index","follow":"follow","max-snippet":"max-snippet:-1","max-image-preview":"max-image-preview:large","max-video-preview":"max-video-preview:-1"},"canonical":"https:\/\/www.versiegelung24.com\/ro\/detergent-otel-inoxidabil-blu1000-pentru-curatarea-si-conditionarea-profesionala-de-suprafete-de-otel-inoxidabil.html","og_locale":"ro_RO","og_type":"article","og_title":"Detergent pentru o\u021bel inoxidabil BLU1000 - pentru cur\u0103\u021barea \u0219i preg\u0103tirea profesional\u0103 a suprafe\u021belor din o\u021bel inoxidabil","og_description":"Produsul contine: \u2713 Agen\u021bi de cur\u0103\u021bare \u0219i aditivi foarte activi pentru a elimina cele mai puternice contaminari, suprafe\u021be deteriorate, corodate \u0219i inestetice din o\u021bel inoxidabil. \u2713 Se creeaz\u0103 o suprafa\u021b\u0103 optic\u0103 bun\u0103 p\u00e2n\u0103 la lucioas\u0103.","og_url":"https:\/\/www.versiegelung24.com\/ro\/detergent-otel-inoxidabil-blu1000-pentru-curatarea-si-conditionarea-profesionala-de-suprafete-de-otel-inoxidabil.html","og_site_name":"versiegelung24.com","article_modified_time":"2025-03-20T09:01:23+00:00","og_image":[{"width":1000,"height":1000,"url":"https:\/\/www.versiegelung24.com\/wp-content\/uploads\/2020\/04\/produktfoto_edelstahlreiniger.jpg","type":"image\/jpeg"}],"twitter_card":"summary_large_image","twitter_misc":{"Pre\u021b":"49,99&euro;","Disponibilitate":"\u00cen stoc"},"schema":{"@context":"https:\/\/schema.org","@graph":[{"@type":"WebPage","@id":"https:\/\/www.versiegelung24.com\/ro\/detergent-otel-inoxidabil-blu1000-pentru-curatarea-si-conditionarea-profesionala-de-suprafete-de-otel-inoxidabil.html","url":"https:\/\/www.versiegelung24.com\/ro\/detergent-otel-inoxidabil-blu1000-pentru-curatarea-si-conditionarea-profesionala-de-suprafete-de-otel-inoxidabil.html","name":"Detergent pentru o\u021bel inoxidabil BLU1000 - pentru cur\u0103\u021barea \u0219i preg\u0103tirea profesional\u0103 a suprafe\u021belor din o\u021bel inoxidabil - versiegelung24.com","isPartOf":{"@id":"https:\/\/www.versiegelung24.com\/ro\/#website"},"primaryImageOfPage":{"@id":"https:\/\/www.versiegelung24.com\/ro\/detergent-otel-inoxidabil-blu1000-pentru-curatarea-si-conditionarea-profesionala-de-suprafete-de-otel-inoxidabil.html#primaryimage"},"image":{"@id":"https:\/\/www.versiegelung24.com\/ro\/detergent-otel-inoxidabil-blu1000-pentru-curatarea-si-conditionarea-profesionala-de-suprafete-de-otel-inoxidabil.html#primaryimage"},"thumbnailUrl":"https:\/\/www.versiegelung24.com\/wp-content\/uploads\/2020\/04\/produktfoto_edelstahlreiniger.jpg","datePublished":"2021-08-02T20:06:56+00:00","dateModified":"2025-03-20T09:01:23+00:00","breadcrumb":{"@id":"https:\/\/www.versiegelung24.com\/ro\/detergent-otel-inoxidabil-blu1000-pentru-curatarea-si-conditionarea-profesionala-de-suprafete-de-otel-inoxidabil.html#breadcrumb"},"inLanguage":"ro-RO","potentialAction":[{"@type":"ReadAction","target":["https:\/\/www.versiegelung24.com\/ro\/detergent-otel-inoxidabil-blu1000-pentru-curatarea-si-conditionarea-profesionala-de-suprafete-de-otel-inoxidabil.html"]}]},{"@type":"ImageObject","inLanguage":"ro-RO","@id":"https:\/\/www.versiegelung24.com\/ro\/detergent-otel-inoxidabil-blu1000-pentru-curatarea-si-conditionarea-profesionala-de-suprafete-de-otel-inoxidabil.html#primaryimage","url":"https:\/\/www.versiegelung24.com\/wp-content\/uploads\/2020\/04\/produktfoto_edelstahlreiniger.jpg","contentUrl":"https:\/\/www.versiegelung24.com\/wp-content\/uploads\/2020\/04\/produktfoto_edelstahlreiniger.jpg","width":1000,"height":1000},{"@type":"BreadcrumbList","@id":"https:\/\/www.versiegelung24.com\/ro\/detergent-otel-inoxidabil-blu1000-pentru-curatarea-si-conditionarea-profesionala-de-suprafete-de-otel-inoxidabil.html#breadcrumb","itemListElement":[{"@type":"ListItem","position":1,"name":"Pagina de start","item":"https:\/\/www.versiegelung24.com\/ro\/fata\/"},{"@type":"ListItem","position":2,"name":"Magazin","item":"https:\/\/www.versiegelung24.com\/ro\/magazin_ro\/"},{"@type":"ListItem","position":3,"name":"Detergent pentru o\u021bel inoxidabil BLU1000 &#8211; pentru cur\u0103\u021barea \u0219i preg\u0103tirea profesional\u0103 a suprafe\u021belor din o\u021bel inoxidabil"}]},{"@type":"WebSite","@id":"https:\/\/www.versiegelung24.com\/ro\/#website","url":"https:\/\/www.versiegelung24.com\/ro\/","name":"versiegelung24.com","description":"Fl\u00fcssigglas-Versiegelung - Made in Germany","publisher":{"@id":"https:\/\/www.versiegelung24.com\/ro\/#organization"},"potentialAction":[{"@type":"SearchAction","target":{"@type":"EntryPoint","urlTemplate":"https:\/\/www.versiegelung24.com\/ro\/?s={search_term_string}"},"query-input":{"@type":"PropertyValueSpecification","valueRequired":true,"valueName":"search_term_string"}}],"inLanguage":"ro-RO"},{"@type":"Organization","@id":"https:\/\/www.versiegelung24.com\/ro\/#organization","name":"versiegelung24","url":"https:\/\/www.versiegelung24.com\/ro\/","logo":{"@type":"ImageObject","inLanguage":"ro-RO","@id":"https:\/\/www.versiegelung24.com\/ro\/#\/schema\/logo\/image\/","url":"https:\/\/www.versiegelung24.com\/wp-content\/uploads\/2020\/04\/versiegelung24.png","contentUrl":"https:\/\/www.versiegelung24.com\/wp-content\/uploads\/2020\/04\/versiegelung24.png","width":470,"height":102,"caption":"versiegelung24"},"image":{"@id":"https:\/\/www.versiegelung24.com\/ro\/#\/schema\/logo\/image\/"}}]},"product_price_amount":"49.99","product_price_currency":"EUR","og_availability":"instock","product_availability":"instock","product_retailer_item_id":"9001-BLU1000","product_condition":"new"},"_links":{"self":[{"href":"https:\/\/www.versiegelung24.com\/ro\/wp-json\/wp\/v2\/product\/23846","targetHints":{"allow":["GET"]}}],"collection":[{"href":"https:\/\/www.versiegelung24.com\/ro\/wp-json\/wp\/v2\/product"}],"about":[{"href":"https:\/\/www.versiegelung24.com\/ro\/wp-json\/wp\/v2\/types\/product"}],"version-history":[{"count":14,"href":"https:\/\/www.versiegelung24.com\/ro\/wp-json\/wp\/v2\/product\/23846\/revisions"}],"predecessor-version":[{"id":181076,"href":"https:\/\/www.versiegelung24.com\/ro\/wp-json\/wp\/v2\/product\/23846\/revisions\/181076"}],"wp:featuredmedia":[{"embeddable":true,"href":"https:\/\/www.versiegelung24.com\/ro\/wp-json\/wp\/v2\/media\/13217"}],"wp:attachment":[{"href":"https:\/\/www.versiegelung24.com\/ro\/wp-json\/wp\/v2\/media?parent=23846"}],"wp:term":[{"taxonomy":"product_brand","embeddable":true,"href":"https:\/\/www.versiegelung24.com\/ro\/wp-json\/wp\/v2\/product_brand?post=23846"},{"taxonomy":"product_cat","embeddable":true,"href":"https:\/\/www.versiegelung24.com\/ro\/wp-json\/wp\/v2\/product_cat?post=23846"},{"taxonomy":"product_tag","embeddable":true,"href":"https:\/\/www.versiegelung24.com\/ro\/wp-json\/wp\/v2\/product_tag?post=23846"}],"curies":[{"name":"wp","href":"https:\/\/api.w.org\/{rel}","templated":true}]}}