{"id":24013,"date":"2020-04-04T18:53:45","date_gmt":"2021-08-02T20:19:24","guid":{"rendered":"https:\/\/www.versiegelung24.com\/produkt\/etansare-textila-si-de-hartie-de-inalta-calitate-cu-o-repelenta-extrema-a-apei"},"modified":"2025-01-03T23:55:40","modified_gmt":"2025-01-03T22:55:40","slug":"sigiliu-textil-si-hartie-premium-cu-rezistenta-extrema-la-apa","status":"publish","type":"product","link":"https:\/\/www.versiegelung24.com\/ro\/sigiliu-textil-si-hartie-premium-cu-rezistenta-extrema-la-apa.html","title":{"rendered":"Dura Tex &#8211; Etan\u0219ant textil premium cu impermeabilitate extrem\u0103 la ap\u0103"},"content":{"rendered":"\n<p><strong>Etan\u0219ant textil premium foarte eficient, cu o impermeabilitate extrem\u0103, pentru interior \u0219i exterior<\/strong><\/p>\n\n<p>Calitate profesionala &#8211; Fabricat in Germania<\/p>\n\n<p>Num\u0103r articol: 6002-7689<\/p>\n\n<p><strong>V24 Dura Tex &#8211; Premium Textile Sealer<\/strong> protejeaz\u0103 aproape orice tip de textile \u0219i h\u00e2rtie de ap\u0103, murd\u0103rie \u0219i pete &#8211; \u0219i r\u0103m\u00e2ne invizibil. Nu le afecteaz\u0103 \u00een niciun fel aspectul, respirabilitatea, culoarea sau senza\u021bia \u0219i este u\u0219or de \u00eengrijit.<\/p>\n\n<p>Acoperirea este extrem de hidrofug\u0103 pe \u021bes\u0103turile de exterior; deci r\u0103m\u00e2n uscate mai mult timp. Uleiul, cafeaua \u0219i alte pete comune apar\u021bin trecutului atunci c\u00e2nd textilele au fost tratate \u00een prealabil.<\/p>\n\n<hr\/>\n\n<h4 class=\"wp-block-heading\" id=\"properties\">Caracteristicile produsului<\/h4>\n\n<div class=\"wp-block-columns is-layout-flex wp-container-core-columns-is-layout-9d6595d7 wp-block-columns-is-layout-flex\">\n<div class=\"wp-block-column is-layout-flow wp-block-column-is-layout-flow\">\n<ul class=\"wp-block-list\">\n<li>Efect hidrofob \u0219i oleofob foarte puternic (respingerea apei \u0219i a uleiului)<\/li>\n\n\n\n<li>Efect rezistent la abraziune \u0219i u\u0219or de cur\u0103\u021bat: un compus chimic puternic asigur\u0103 o rezisten\u021b\u0103 excelent\u0103 la abraziune \u0219i la ma\u0219ina de sp\u0103lat &#8211; \u00eenveli\u0219ul ader\u0103 la fibr\u0103 p\u00e2n\u0103 c\u00e2nd este distrus de influen\u021bele externe<\/li>\n\n\n\n<li>Impurit\u0103\u021bile pot fi \u00eendep\u0103rtate cu u\u0219urin\u021b\u0103 cu o c\u00e2rp\u0103 umed\u0103<\/li>\n\n\n\n<li>Respirabil<\/li>\n\n\n\n<li>Invizibil (nu se schimb\u0103 aspectul \u0219i senza\u021bia)<\/li>\n\n\n\n<li>Propriet\u0103\u021bi puternice antiaderente<\/li>\n\n\n\n<li>Protec\u021bie \u00eempotriva petelor<\/li>\n<\/ul>\n<\/div>\n\n\n\n<div class=\"wp-block-column is-layout-flow wp-block-column-is-layout-flow\">\n<ul class=\"wp-block-list\">\n<li>Cre\u0219te rezisten\u021ba la uzur\u0103<\/li>\n\n\n\n<li>F\u0103r\u0103 afectarea aspectului<\/li>\n\n\n\n<li>Tehnologie nano SiO\u00b2<\/li>\n\n\n\n<li>Protec\u021bia fibrelor \u00eempotriva p\u0103trunderii particulelor de murd\u0103rie<\/li>\n\n\n\n<li>Aplica\u021bie simpl\u0103<\/li>\n\n\n\n<li>Termen de valabilitate lung \u00een func\u021bie de stresul mecanic<\/li>\n<\/ul>\n\n\n\n<p><br\/><br\/>Pachetul de livrare: 1 x sticl\u0103 de un litru 1 x descrierea produsului<\/p>\n<\/div>\n<\/div>\n\n<hr\/>\n\n<h4 class=\"wp-block-heading\" id=\"application\">Aplica\u021bie<\/h4>\n\n<div class=\"wp-block-columns is-layout-flex wp-container-core-columns-is-layout-9d6595d7 wp-block-columns-is-layout-flex\">\n<div class=\"wp-block-column is-layout-flow wp-block-column-is-layout-flow\">\n<ul class=\"wp-block-list\">\n<li>\u00eembr\u0103c\u0103minte<\/li>\n\n\n\n<li>\u021bes\u0103turi de exterior<\/li>\n\n\n\n<li>Textile de uz casnic (tapi\u021berie, mobilier, covoare)<\/li>\n\n\n\n<li>Piele intoarsa<\/li>\n\n\n\n<li>Cutie de h\u00e2rtie<\/li>\n<\/ul>\n\n\n\n<p>Consumul depinde foarte mult de structura, absorb\u021bia \u0219i grosimea materialului care urmeaz\u0103 s\u0103 fie acoperit, aproximativ 10-50 m\u00b2 \/ litru (aproximativ 10 ml \/ m\u00b2 per mm de grosime \u00een func\u021bie de absorb\u021bie).<\/p>\n<\/div>\n\n\n\n<div class=\"wp-block-column is-layout-flow wp-block-column-is-layout-flow\">\n<p>Aplica\u021bie simpl\u0103:<\/p>\n\n\n\n<p>1. Manual: aplicare prin umezirea textilului (pulverizare sau scufundare)<\/p>\n\n\n\n<p>2. Industrial: Aplicare prin sisteme disponibile comercial<\/p>\n\n\n\n<p><br\/>Acest strat de SiO2 este complet reticulat \u0219i \u00eent\u0103rit dup\u0103 24 de ore. Efectul u\u0219or de cur\u0103\u021bat poate fi testat pentru prima dat\u0103 dup\u0103 aceast\u0103 faz\u0103 de \u00eent\u0103rire.<\/p>\n<\/div>\n<\/div>\n","protected":false},"excerpt":{"rendered":"<p>\u2713 Respirabil<\/p>\n<p>\u2713 Protec\u021bie \u00eempotriva petelor<\/p>\n<p>\u2713 Cu hidrofug\u0103 extrem\u0103<\/p>\n<p>\u2713 Pentru interior \u0219i exterior<\/p>\n","protected":false},"featured_media":125330,"template":"","meta":{"_acf_changed":false,"neve_meta_sidebar":"","neve_meta_container":"","neve_meta_enable_content_width":"","neve_meta_content_width":0,"neve_meta_title_alignment":"","neve_meta_author_avatar":"","neve_post_elements_order":"","neve_meta_disable_header":"","neve_meta_disable_footer":"","neve_meta_disable_title":"","neve_meta_reading_time":"","_surfaces":[],"_ver_product_tabs":[],"footnotes":""},"product_brand":[],"product_cat":[2365],"product_tag":[],"class_list":{"0":"post-24013","1":"product","2":"type-product","3":"status-publish","4":"has-post-thumbnail","6":"product_cat-etansare-piele-si-textile","8":"first","9":"instock","10":"taxable","11":"shipping-taxable","12":"purchasable","13":"product-type-simple"},"acf":[],"yoast_head":"<!-- This site is optimized with the Yoast SEO Premium plugin v22.8 (Yoast SEO v27.5) - https:\/\/yoast.com\/product\/yoast-seo-premium-wordpress\/ -->\n<title>Dura Tex - Etan\u0219ant textil premium cu impermeabilitate extrem\u0103 la ap\u0103 - versiegelung24.com<\/title>\n<meta name=\"robots\" content=\"index, follow, max-snippet:-1, max-image-preview:large, max-video-preview:-1\" \/>\n<link rel=\"canonical\" href=\"https:\/\/www.versiegelung24.com\/ro\/sigiliu-textil-si-hartie-premium-cu-rezistenta-extrema-la-apa.html\" \/>\n<meta property=\"og:locale\" content=\"ro_RO\" \/>\n<meta property=\"og:type\" content=\"article\" \/>\n<meta property=\"og:title\" content=\"Dura Tex - Etan\u0219ant textil premium cu impermeabilitate extrem\u0103 la ap\u0103\" \/>\n<meta property=\"og:description\" content=\"\u2713 Respirabil \u2713 Protec\u021bie \u00eempotriva petelor \u2713 Cu hidrofug\u0103 extrem\u0103 \u2713 Pentru interior \u0219i exterior\" \/>\n<meta property=\"og:url\" content=\"https:\/\/www.versiegelung24.com\/ro\/sigiliu-textil-si-hartie-premium-cu-rezistenta-extrema-la-apa.html\" \/>\n<meta property=\"og:site_name\" content=\"versiegelung24.com\" \/>\n<meta property=\"article:modified_time\" content=\"2025-01-03T22:55:40+00:00\" \/>\n<meta property=\"og:image\" content=\"https:\/\/www.versiegelung24.com\/wp-content\/uploads\/2020\/04\/produkt-6002-7689-1000-dura-tex-Premium-Textil-Papierversiegelung-scaled.webp\" \/>\n\t<meta property=\"og:image:width\" content=\"2560\" \/>\n\t<meta property=\"og:image:height\" content=\"2560\" \/>\n\t<meta property=\"og:image:type\" content=\"image\/webp\" \/>\n<meta name=\"twitter:card\" content=\"summary_large_image\" \/>\n<meta name=\"twitter:label1\" content=\"Pre\u021b\" \/>\n\t<meta name=\"twitter:data1\" content=\"89,99&euro;\" \/>\n\t<meta name=\"twitter:label2\" content=\"Disponibilitate\" \/>\n\t<meta name=\"twitter:data2\" content=\"\u00cen stoc\" \/>\n<script type=\"application\/ld+json\" class=\"yoast-schema-graph\">{\"@context\":\"https:\\\/\\\/schema.org\",\"@graph\":[{\"@type\":\"WebPage\",\"@id\":\"https:\\\/\\\/www.versiegelung24.com\\\/ro\\\/sigiliu-textil-si-hartie-premium-cu-rezistenta-extrema-la-apa.html\",\"url\":\"https:\\\/\\\/www.versiegelung24.com\\\/ro\\\/sigiliu-textil-si-hartie-premium-cu-rezistenta-extrema-la-apa.html\",\"name\":\"Dura Tex - Etan\u0219ant textil premium cu impermeabilitate extrem\u0103 la ap\u0103 - versiegelung24.com\",\"isPartOf\":{\"@id\":\"https:\\\/\\\/www.versiegelung24.com\\\/ro\\\/#website\"},\"primaryImageOfPage\":{\"@id\":\"https:\\\/\\\/www.versiegelung24.com\\\/ro\\\/sigiliu-textil-si-hartie-premium-cu-rezistenta-extrema-la-apa.html#primaryimage\"},\"image\":{\"@id\":\"https:\\\/\\\/www.versiegelung24.com\\\/ro\\\/sigiliu-textil-si-hartie-premium-cu-rezistenta-extrema-la-apa.html#primaryimage\"},\"thumbnailUrl\":\"https:\\\/\\\/www.versiegelung24.com\\\/wp-content\\\/uploads\\\/2020\\\/04\\\/produkt-6002-7689-1000-dura-tex-Premium-Textil-Papierversiegelung-scaled.webp\",\"datePublished\":\"2021-08-02T20:19:24+00:00\",\"dateModified\":\"2025-01-03T22:55:40+00:00\",\"breadcrumb\":{\"@id\":\"https:\\\/\\\/www.versiegelung24.com\\\/ro\\\/sigiliu-textil-si-hartie-premium-cu-rezistenta-extrema-la-apa.html#breadcrumb\"},\"inLanguage\":\"ro-RO\",\"potentialAction\":[{\"@type\":\"ReadAction\",\"target\":[\"https:\\\/\\\/www.versiegelung24.com\\\/ro\\\/sigiliu-textil-si-hartie-premium-cu-rezistenta-extrema-la-apa.html\"]}]},{\"@type\":\"ImageObject\",\"inLanguage\":\"ro-RO\",\"@id\":\"https:\\\/\\\/www.versiegelung24.com\\\/ro\\\/sigiliu-textil-si-hartie-premium-cu-rezistenta-extrema-la-apa.html#primaryimage\",\"url\":\"https:\\\/\\\/www.versiegelung24.com\\\/wp-content\\\/uploads\\\/2020\\\/04\\\/produkt-6002-7689-1000-dura-tex-Premium-Textil-Papierversiegelung-scaled.webp\",\"contentUrl\":\"https:\\\/\\\/www.versiegelung24.com\\\/wp-content\\\/uploads\\\/2020\\\/04\\\/produkt-6002-7689-1000-dura-tex-Premium-Textil-Papierversiegelung-scaled.webp\",\"width\":2560,\"height\":2560},{\"@type\":\"BreadcrumbList\",\"@id\":\"https:\\\/\\\/www.versiegelung24.com\\\/ro\\\/sigiliu-textil-si-hartie-premium-cu-rezistenta-extrema-la-apa.html#breadcrumb\",\"itemListElement\":[{\"@type\":\"ListItem\",\"position\":1,\"name\":\"Pagina de start\",\"item\":\"https:\\\/\\\/www.versiegelung24.com\\\/ro\\\/fata\\\/\"},{\"@type\":\"ListItem\",\"position\":2,\"name\":\"Magazin\",\"item\":\"https:\\\/\\\/www.versiegelung24.com\\\/ro\\\/magazin_ro\\\/\"},{\"@type\":\"ListItem\",\"position\":3,\"name\":\"Dura Tex &#8211; Etan\u0219ant textil premium cu impermeabilitate extrem\u0103 la ap\u0103\"}]},{\"@type\":\"WebSite\",\"@id\":\"https:\\\/\\\/www.versiegelung24.com\\\/ro\\\/#website\",\"url\":\"https:\\\/\\\/www.versiegelung24.com\\\/ro\\\/\",\"name\":\"versiegelung24.com\",\"description\":\"Fl\u00fcssigglas-Versiegelung - Made in Germany\",\"publisher\":{\"@id\":\"https:\\\/\\\/www.versiegelung24.com\\\/ro\\\/#organization\"},\"potentialAction\":[{\"@type\":\"SearchAction\",\"target\":{\"@type\":\"EntryPoint\",\"urlTemplate\":\"https:\\\/\\\/www.versiegelung24.com\\\/ro\\\/?s={search_term_string}\"},\"query-input\":{\"@type\":\"PropertyValueSpecification\",\"valueRequired\":true,\"valueName\":\"search_term_string\"}}],\"inLanguage\":\"ro-RO\"},{\"@type\":\"Organization\",\"@id\":\"https:\\\/\\\/www.versiegelung24.com\\\/ro\\\/#organization\",\"name\":\"versiegelung24\",\"url\":\"https:\\\/\\\/www.versiegelung24.com\\\/ro\\\/\",\"logo\":{\"@type\":\"ImageObject\",\"inLanguage\":\"ro-RO\",\"@id\":\"https:\\\/\\\/www.versiegelung24.com\\\/ro\\\/#\\\/schema\\\/logo\\\/image\\\/\",\"url\":\"https:\\\/\\\/www.versiegelung24.com\\\/wp-content\\\/uploads\\\/2020\\\/04\\\/versiegelung24.png\",\"contentUrl\":\"https:\\\/\\\/www.versiegelung24.com\\\/wp-content\\\/uploads\\\/2020\\\/04\\\/versiegelung24.png\",\"width\":470,\"height\":102,\"caption\":\"versiegelung24\"},\"image\":{\"@id\":\"https:\\\/\\\/www.versiegelung24.com\\\/ro\\\/#\\\/schema\\\/logo\\\/image\\\/\"}}]}<\/script>\n<meta property=\"product:price:amount\" content=\"89.99\" \/>\n<meta property=\"product:price:currency\" content=\"EUR\" \/>\n<meta property=\"og:availability\" content=\"instock\" \/>\n<meta property=\"product:availability\" content=\"instock\" \/>\n<meta property=\"product:retailer_item_id\" content=\"6002-7689-1000\" \/>\n<meta property=\"product:condition\" content=\"new\" \/>\n<!-- \/ Yoast SEO Premium plugin. -->","yoast_head_json":{"title":"Dura Tex - Etan\u0219ant textil premium cu impermeabilitate extrem\u0103 la ap\u0103 - versiegelung24.com","robots":{"index":"index","follow":"follow","max-snippet":"max-snippet:-1","max-image-preview":"max-image-preview:large","max-video-preview":"max-video-preview:-1"},"canonical":"https:\/\/www.versiegelung24.com\/ro\/sigiliu-textil-si-hartie-premium-cu-rezistenta-extrema-la-apa.html","og_locale":"ro_RO","og_type":"article","og_title":"Dura Tex - Etan\u0219ant textil premium cu impermeabilitate extrem\u0103 la ap\u0103","og_description":"\u2713 Respirabil \u2713 Protec\u021bie \u00eempotriva petelor \u2713 Cu hidrofug\u0103 extrem\u0103 \u2713 Pentru interior \u0219i exterior","og_url":"https:\/\/www.versiegelung24.com\/ro\/sigiliu-textil-si-hartie-premium-cu-rezistenta-extrema-la-apa.html","og_site_name":"versiegelung24.com","article_modified_time":"2025-01-03T22:55:40+00:00","og_image":[{"width":2560,"height":2560,"url":"https:\/\/www.versiegelung24.com\/wp-content\/uploads\/2020\/04\/produkt-6002-7689-1000-dura-tex-Premium-Textil-Papierversiegelung-scaled.webp","type":"image\/webp"}],"twitter_card":"summary_large_image","twitter_misc":{"Pre\u021b":"89,99&euro;","Disponibilitate":"\u00cen stoc"},"schema":{"@context":"https:\/\/schema.org","@graph":[{"@type":"WebPage","@id":"https:\/\/www.versiegelung24.com\/ro\/sigiliu-textil-si-hartie-premium-cu-rezistenta-extrema-la-apa.html","url":"https:\/\/www.versiegelung24.com\/ro\/sigiliu-textil-si-hartie-premium-cu-rezistenta-extrema-la-apa.html","name":"Dura Tex - Etan\u0219ant textil premium cu impermeabilitate extrem\u0103 la ap\u0103 - versiegelung24.com","isPartOf":{"@id":"https:\/\/www.versiegelung24.com\/ro\/#website"},"primaryImageOfPage":{"@id":"https:\/\/www.versiegelung24.com\/ro\/sigiliu-textil-si-hartie-premium-cu-rezistenta-extrema-la-apa.html#primaryimage"},"image":{"@id":"https:\/\/www.versiegelung24.com\/ro\/sigiliu-textil-si-hartie-premium-cu-rezistenta-extrema-la-apa.html#primaryimage"},"thumbnailUrl":"https:\/\/www.versiegelung24.com\/wp-content\/uploads\/2020\/04\/produkt-6002-7689-1000-dura-tex-Premium-Textil-Papierversiegelung-scaled.webp","datePublished":"2021-08-02T20:19:24+00:00","dateModified":"2025-01-03T22:55:40+00:00","breadcrumb":{"@id":"https:\/\/www.versiegelung24.com\/ro\/sigiliu-textil-si-hartie-premium-cu-rezistenta-extrema-la-apa.html#breadcrumb"},"inLanguage":"ro-RO","potentialAction":[{"@type":"ReadAction","target":["https:\/\/www.versiegelung24.com\/ro\/sigiliu-textil-si-hartie-premium-cu-rezistenta-extrema-la-apa.html"]}]},{"@type":"ImageObject","inLanguage":"ro-RO","@id":"https:\/\/www.versiegelung24.com\/ro\/sigiliu-textil-si-hartie-premium-cu-rezistenta-extrema-la-apa.html#primaryimage","url":"https:\/\/www.versiegelung24.com\/wp-content\/uploads\/2020\/04\/produkt-6002-7689-1000-dura-tex-Premium-Textil-Papierversiegelung-scaled.webp","contentUrl":"https:\/\/www.versiegelung24.com\/wp-content\/uploads\/2020\/04\/produkt-6002-7689-1000-dura-tex-Premium-Textil-Papierversiegelung-scaled.webp","width":2560,"height":2560},{"@type":"BreadcrumbList","@id":"https:\/\/www.versiegelung24.com\/ro\/sigiliu-textil-si-hartie-premium-cu-rezistenta-extrema-la-apa.html#breadcrumb","itemListElement":[{"@type":"ListItem","position":1,"name":"Pagina de start","item":"https:\/\/www.versiegelung24.com\/ro\/fata\/"},{"@type":"ListItem","position":2,"name":"Magazin","item":"https:\/\/www.versiegelung24.com\/ro\/magazin_ro\/"},{"@type":"ListItem","position":3,"name":"Dura Tex &#8211; Etan\u0219ant textil premium cu impermeabilitate extrem\u0103 la ap\u0103"}]},{"@type":"WebSite","@id":"https:\/\/www.versiegelung24.com\/ro\/#website","url":"https:\/\/www.versiegelung24.com\/ro\/","name":"versiegelung24.com","description":"Fl\u00fcssigglas-Versiegelung - Made in Germany","publisher":{"@id":"https:\/\/www.versiegelung24.com\/ro\/#organization"},"potentialAction":[{"@type":"SearchAction","target":{"@type":"EntryPoint","urlTemplate":"https:\/\/www.versiegelung24.com\/ro\/?s={search_term_string}"},"query-input":{"@type":"PropertyValueSpecification","valueRequired":true,"valueName":"search_term_string"}}],"inLanguage":"ro-RO"},{"@type":"Organization","@id":"https:\/\/www.versiegelung24.com\/ro\/#organization","name":"versiegelung24","url":"https:\/\/www.versiegelung24.com\/ro\/","logo":{"@type":"ImageObject","inLanguage":"ro-RO","@id":"https:\/\/www.versiegelung24.com\/ro\/#\/schema\/logo\/image\/","url":"https:\/\/www.versiegelung24.com\/wp-content\/uploads\/2020\/04\/versiegelung24.png","contentUrl":"https:\/\/www.versiegelung24.com\/wp-content\/uploads\/2020\/04\/versiegelung24.png","width":470,"height":102,"caption":"versiegelung24"},"image":{"@id":"https:\/\/www.versiegelung24.com\/ro\/#\/schema\/logo\/image\/"}}]},"product_price_amount":"89.99","product_price_currency":"EUR","og_availability":"instock","product_availability":"instock","product_retailer_item_id":"6002-7689-1000","product_condition":"new"},"_links":{"self":[{"href":"https:\/\/www.versiegelung24.com\/ro\/wp-json\/wp\/v2\/product\/24013","targetHints":{"allow":["GET"]}}],"collection":[{"href":"https:\/\/www.versiegelung24.com\/ro\/wp-json\/wp\/v2\/product"}],"about":[{"href":"https:\/\/www.versiegelung24.com\/ro\/wp-json\/wp\/v2\/types\/product"}],"version-history":[{"count":13,"href":"https:\/\/www.versiegelung24.com\/ro\/wp-json\/wp\/v2\/product\/24013\/revisions"}],"predecessor-version":[{"id":177713,"href":"https:\/\/www.versiegelung24.com\/ro\/wp-json\/wp\/v2\/product\/24013\/revisions\/177713"}],"wp:featuredmedia":[{"embeddable":true,"href":"https:\/\/www.versiegelung24.com\/ro\/wp-json\/wp\/v2\/media\/125330"}],"wp:attachment":[{"href":"https:\/\/www.versiegelung24.com\/ro\/wp-json\/wp\/v2\/media?parent=24013"}],"wp:term":[{"taxonomy":"product_brand","embeddable":true,"href":"https:\/\/www.versiegelung24.com\/ro\/wp-json\/wp\/v2\/product_brand?post=24013"},{"taxonomy":"product_cat","embeddable":true,"href":"https:\/\/www.versiegelung24.com\/ro\/wp-json\/wp\/v2\/product_cat?post=24013"},{"taxonomy":"product_tag","embeddable":true,"href":"https:\/\/www.versiegelung24.com\/ro\/wp-json\/wp\/v2\/product_tag?post=24013"}],"curies":[{"name":"wp","href":"https:\/\/api.w.org\/{rel}","templated":true}]}}