{"id":24106,"date":"2020-04-27T21:49:59","date_gmt":"2021-08-02T20:25:15","guid":{"rendered":"https:\/\/www.versiegelung24.com\/produkt\/monument-stone-etansare-de-inalta-performanta-din-piatra-si-beton"},"modified":"2025-03-20T09:54:02","modified_gmt":"2025-03-20T08:54:02","slug":"piatra-monument-piatra-si-beton-etansare-performanta","status":"publish","type":"product","link":"https:\/\/www.versiegelung24.com\/ro\/monument-piatra-piatra-si-beton-etansare-de-inalta-performanta.html","title":{"rendered":"Monument Stone &#8211; Sigilant lichid pentru sticl\u0103 pentru piatr\u0103 \u0219i beton"},"content":{"rendered":"\n<p>Sigiliul nostru de \u00eenalt\u0103 performan\u021b\u0103 Monument Stone protejeaz\u0103 eficient \u0219i permanent produsele din piatr\u0103 de beton de \u00eenalt\u0103 calitate de contaminarea general\u0103 cu ap\u0103, alimente \u0219i uleiuri.<\/p>\n\n<hr \/>\n\n<h4 class=\"wp-block-heading\" id=\"properties\">Caracteristicile produsului<\/h4>\n\n<div class=\"wp-block-columns is-layout-flex wp-container-core-columns-is-layout-9d6595d7 wp-block-columns-is-layout-flex\">\n<div class=\"wp-block-column is-layout-flow wp-block-column-is-layout-flow\">\n<p><strong>Etan\u0219are de \u00eenalt\u0103 performan\u021b\u0103 pentru produse din piatr\u0103 \u0219i blocuri de beton pentru a reduce tendin\u021ba general\u0103 de murd\u0103rire cu ap\u0103, alimente \u0219i uleiuri<\/strong><\/p>\n\n\n\n<p>Num\u0103rul articolului: 3009-8637<\/p>\n\n\n\n<p>\u00cenalt\u0103 calitate Fabricat \u00een Germania<\/p>\n\n\n\n<p><strong>siguran\u021ba produsului<\/strong><\/p>\n\n\n\n<p>Informa\u021bii privind clasificarea produsului \u00een cadrul Ordonan\u021bei privind substan\u021bele periculoase, datele de siguran\u021b\u0103 \u0219i datele privind toxicologie \u0219i depozitare pot fi g\u0103site \u00een fi\u0219a noastr\u0103 cu date de securitate.<\/p>\n\n\n\n<p><strong>depozitare<\/strong><\/p>\n\n\n\n<p>Trebuie respectate informa\u021biile din fi\u0219a cu date de securitate asociat\u0103 (MSDS).<\/p>\n\n\n\n<p>V24 Monument Stone trebuie depozitat \u00eentr-un loc uscat, bine ventilat \u0219i r\u0103coros (20\u00b0C). P\u0103stra\u021bi\/pastra\u021bi numai \u00een recipientul original bine \u00eenchis. A se proteja de lumina direct\u0103 a soarelui. Dac\u0103 este depozitat corespunz\u0103tor, termenul de valabilitate minim este de 12 luni de la data fabric\u0103rii.<\/p>\n\n\n\n<p>O perioad\u0103 mai lung\u0103 de depozitare nu \u00eenseamn\u0103 neap\u0103rat c\u0103 produsul este inutilizabil, totu\u0219i, \u00een ceea ce prive\u0219te asigurarea calit\u0103\u021bii, trebuie verificate propriet\u0103\u021bile dorite pentru utilizarea prev\u0103zut\u0103.<\/p>\n<\/div>\n\n\n\n<div class=\"wp-block-column is-layout-flow wp-block-column-is-layout-flow\">\n<p>\u2713 Impregnare de \u00eenalt\u0103 performan\u021b\u0103 pe baz\u0103 de ap\u0103<\/p>\n\n\n\n<p>\u2713 Eficace timp de p\u00e2n\u0103 la 10 ani (presupun\u00e2nd aplicarea corect\u0103)<\/p>\n\n\n\n<p>\u2713 Deosebit de potrivit pentru protec\u021bia pe termen lung a monumentelor<\/p>\n\n\n\n<p>\u2713 foarte concentrat<\/p>\n\n\n\n<p>\u2713 Protec\u021bie pe termen lung prin legarea chimic\u0103 a substratului<\/p>\n\n\n\n<p>\u2713 Rezistent la alcali p\u00e2n\u0103 la pH 10-11*<\/p>\n\n\n\n<p>\u2713 Efect antiaderent<\/p>\n\n\n\n<p>\u2713 Foarte rezistent la ulei, ap\u0103 \u0219i murd\u0103rie<\/p>\n\n\n\n<p>\u2713 Rezistent la alcali<\/p>\n\n\n\n<p>\u2713 Eflorescen\u021b\u0103 redus\u0103<\/p>\n\n\n\n<p>\u2713 Minimizarea aderen\u021bei murd\u0103riei<\/p>\n\n\n\n<p>\u2713 Reducerea cre\u0219terii algelor \u0219i a mu\u0219chilor<\/p>\n\n\n\n<p>\u2713 reduce murd\u0103ria<\/p>\n\n\n\n<p>\u2713 Deschis la difuzia vaporilor<\/p>\n\n\n\n<p>\u2713 se usuc\u0103 rapid \u0219i f\u0103r\u0103 aderen\u021b\u0103<\/p>\n\n\n\n<p>\u2713 Stabilitate ridicat\u0103 la UV<\/p>\n\n\n\n<p>\u2713 Solu\u021bie gata de utilizare<\/p>\n\n\n\n<p>\u2713 invizibil<\/p>\n<\/div>\n<\/div>\n\n<hr \/>\n\n<h4 class=\"wp-block-heading\" id=\"application\">Aplica\u021bie<\/h4>\n\n<div class=\"wp-block-columns is-layout-flex wp-container-core-columns-is-layout-9d6595d7 wp-block-columns-is-layout-flex\">\n<div class=\"wp-block-column is-layout-flow wp-block-column-is-layout-flow\">\n<ul class=\"wp-block-list\">\n<li><strong>V24 Monument Stone &#8211; etan\u0219area din sticl\u0103 lichid\u0103<\/strong> se aplic\u0103 nediluat\u0103 pe suprafa\u021ba pre-cur\u0103\u021bat\u0103 \u0219i uscat\u0103, deoarece aceasta este singura modalitate de a asigura p\u0103trunderea profund\u0103 a etan\u0219\u0103rii, ceea ce determin\u0103 un efect optim pe termen lung \u0219i profund.<\/li>\n<\/ul>\n\n\n\n<ul class=\"wp-block-list\">\n<li>Etan\u0219area se aplic\u0103 uniform \u0219i sub\u021bire pe suport p\u00e2n\u0103 c\u00e2nd suprafa\u021ba pare umed\u0103 mat\u0103.<\/li>\n<\/ul>\n\n\n\n<ul class=\"wp-block-list\">\n<li>Se aplica cu pensula, rola de spuma, carpa din microfibra sau prin pulverizare.<\/li>\n<\/ul>\n\n\n\n<ul class=\"wp-block-list\">\n<li>Este de evitat formarea b\u0103l\u021bilor. Excesul de agent de hidroizola\u021bie trebuie \u00eendep\u0103rtat de pe suport.<\/li>\n<\/ul>\n<\/div>\n\n\n\n<div class=\"wp-block-column is-layout-flow wp-block-column-is-layout-flow\">\n<ul class=\"wp-block-list\">\n<li>Dup\u0103 aplicare, <strong>Piatra Monument V24<\/strong> trebuie s\u0103 r\u0103m\u00e2n\u0103 \u00een contact cu suprafa\u021ba sub form\u0103 de pelicul\u0103 lichid\u0103 timp de c\u00e2teva secunde.<\/li>\n<\/ul>\n\n\n\n<ul class=\"wp-block-list\">\n<li>Func\u021bionalitatea complet\u0103 apare dup\u0103 48 de ore la uscare la temperatura camerei. Uscarea profund\u0103 poate varia \u0219i \u00een func\u021bie de substrat.<\/li>\n<\/ul>\n\n\n\n<p>O descriere detaliat\u0103 a aplica\u021biei poate fi g\u0103sit\u0103 \u00een fi\u0219a noastr\u0103 de date<\/p>\n\n\n\n<p>Etan\u0219are cu sticl\u0103 lichid\u0103 foarte eficient\u0103 pentru produse de monument &#8211; piatr\u0103 \u0219i bloc de beton.<\/p>\n\n\n\n<p>\u2713 Beton (articole)<\/p>\n\n\n\n<p>\u2713 Piatr\u0103 (Articole)<\/p>\n\n\n\n<p>\u2713 Sisteme de pl\u0103ci \u0219i pavaj<\/p>\n\n\n\n<p>\u2713 Pietre de monument<\/p>\n<\/div>\n<\/div>\n","protected":false},"excerpt":{"rendered":"<p><strong>Etan\u0219ant lichid pentru sticl\u0103, rezistent la ulei, ap\u0103 \u0219i murd\u0103rie, pentru suprafe\u021be din piatr\u0103 \u0219i beton<\/strong><\/p>\n<p>\u2713 Protec\u021bie pe termen lung prin legarea chimic\u0103 a substratului<\/p>\n<p>\u2713 Foarte rezistent la ulei, ap\u0103 \u0219i murd\u0103rie<\/p>\n<p>\u2713 Protec\u021bie pe termen lung pe piatra de monument<\/p>\n<p>\u2713 Reducerea cre\u0219terii algelor \u0219i a mu\u0219chilor<\/p>\n<p>\u2713 Efect antiaderent<\/p>\n","protected":false},"featured_media":18150,"template":"","meta":{"_acf_changed":false,"neve_meta_sidebar":"","neve_meta_container":"","neve_meta_enable_content_width":"","neve_meta_content_width":0,"neve_meta_title_alignment":"","neve_meta_author_avatar":"","neve_post_elements_order":"","neve_meta_disable_header":"","neve_meta_disable_footer":"","neve_meta_disable_title":"","neve_meta_reading_time":"","_surfaces":[],"_ver_product_tabs":[],"footnotes":""},"product_brand":[],"product_cat":[2451],"product_tag":[],"class_list":{"0":"post-24106","1":"product","2":"type-product","3":"status-publish","4":"has-post-thumbnail","6":"product_cat-etansarea-pietrei-si-betonului","8":"first","9":"onbackorder","10":"taxable","11":"shipping-taxable","12":"purchasable","13":"product-type-simple"},"acf":[],"yoast_head":"<!-- This site is optimized with the Yoast SEO Premium plugin v22.8 (Yoast SEO v27.5) - https:\/\/yoast.com\/product\/yoast-seo-premium-wordpress\/ -->\n<title>Monument Stone - Sigilant lichid pentru sticl\u0103 pentru piatr\u0103 \u0219i beton - versiegelung24.com<\/title>\n<meta name=\"robots\" content=\"index, follow, max-snippet:-1, max-image-preview:large, max-video-preview:-1\" \/>\n<link rel=\"canonical\" href=\"https:\/\/www.versiegelung24.com\/ro\/monument-piatra-piatra-si-beton-etansare-de-inalta-performanta.html\" \/>\n<meta property=\"og:locale\" content=\"ro_RO\" \/>\n<meta property=\"og:type\" content=\"article\" \/>\n<meta property=\"og:title\" content=\"Monument Stone - Sigilant lichid pentru sticl\u0103 pentru piatr\u0103 \u0219i beton\" \/>\n<meta property=\"og:description\" content=\"Etan\u0219ant lichid pentru sticl\u0103, rezistent la ulei, ap\u0103 \u0219i murd\u0103rie, pentru suprafe\u021be din piatr\u0103 \u0219i beton \u2713 Protec\u021bie pe termen lung prin legarea chimic\u0103 a substratului \u2713 Foarte rezistent la ulei, ap\u0103 \u0219i murd\u0103rie \u2713 Protec\u021bie pe termen lung pe piatra de monument \u2713 Reducerea cre\u0219terii algelor \u0219i a mu\u0219chilor \u2713 Efect antiaderent\" \/>\n<meta property=\"og:url\" content=\"https:\/\/www.versiegelung24.com\/ro\/monument-piatra-piatra-si-beton-etansare-de-inalta-performanta.html\" \/>\n<meta property=\"og:site_name\" content=\"versiegelung24.com\" \/>\n<meta property=\"article:modified_time\" content=\"2025-03-20T08:54:02+00:00\" \/>\n<meta property=\"og:image\" content=\"https:\/\/www.versiegelung24.com\/wp-content\/uploads\/2020\/06\/produkt-3009-7637-1000-Monument-Stone-scaled.jpg\" \/>\n\t<meta property=\"og:image:width\" content=\"2560\" \/>\n\t<meta property=\"og:image:height\" content=\"2560\" \/>\n\t<meta property=\"og:image:type\" content=\"image\/jpeg\" \/>\n<meta name=\"twitter:card\" content=\"summary_large_image\" \/>\n<meta name=\"twitter:label1\" content=\"Pre\u021b\" \/>\n\t<meta name=\"twitter:data1\" content=\"89,99&euro;\" \/>\n\t<meta name=\"twitter:label2\" content=\"Disponibilitate\" \/>\n\t<meta name=\"twitter:data2\" content=\"Precomand\u0103\" \/>\n<script type=\"application\/ld+json\" class=\"yoast-schema-graph\">{\"@context\":\"https:\\\/\\\/schema.org\",\"@graph\":[{\"@type\":\"WebPage\",\"@id\":\"https:\\\/\\\/www.versiegelung24.com\\\/ro\\\/monument-piatra-piatra-si-beton-etansare-de-inalta-performanta.html\",\"url\":\"https:\\\/\\\/www.versiegelung24.com\\\/ro\\\/monument-piatra-piatra-si-beton-etansare-de-inalta-performanta.html\",\"name\":\"Monument Stone - Sigilant lichid pentru sticl\u0103 pentru piatr\u0103 \u0219i beton - versiegelung24.com\",\"isPartOf\":{\"@id\":\"https:\\\/\\\/www.versiegelung24.com\\\/ro\\\/#website\"},\"primaryImageOfPage\":{\"@id\":\"https:\\\/\\\/www.versiegelung24.com\\\/ro\\\/monument-piatra-piatra-si-beton-etansare-de-inalta-performanta.html#primaryimage\"},\"image\":{\"@id\":\"https:\\\/\\\/www.versiegelung24.com\\\/ro\\\/monument-piatra-piatra-si-beton-etansare-de-inalta-performanta.html#primaryimage\"},\"thumbnailUrl\":\"https:\\\/\\\/www.versiegelung24.com\\\/wp-content\\\/uploads\\\/2020\\\/06\\\/produkt-3009-7637-1000-Monument-Stone-scaled.jpg\",\"datePublished\":\"2021-08-02T20:25:15+00:00\",\"dateModified\":\"2025-03-20T08:54:02+00:00\",\"breadcrumb\":{\"@id\":\"https:\\\/\\\/www.versiegelung24.com\\\/ro\\\/monument-piatra-piatra-si-beton-etansare-de-inalta-performanta.html#breadcrumb\"},\"inLanguage\":\"ro-RO\",\"potentialAction\":[{\"@type\":\"ReadAction\",\"target\":[\"https:\\\/\\\/www.versiegelung24.com\\\/ro\\\/monument-piatra-piatra-si-beton-etansare-de-inalta-performanta.html\"]}]},{\"@type\":\"ImageObject\",\"inLanguage\":\"ro-RO\",\"@id\":\"https:\\\/\\\/www.versiegelung24.com\\\/ro\\\/monument-piatra-piatra-si-beton-etansare-de-inalta-performanta.html#primaryimage\",\"url\":\"https:\\\/\\\/www.versiegelung24.com\\\/wp-content\\\/uploads\\\/2020\\\/06\\\/produkt-3009-7637-1000-Monument-Stone-scaled.jpg\",\"contentUrl\":\"https:\\\/\\\/www.versiegelung24.com\\\/wp-content\\\/uploads\\\/2020\\\/06\\\/produkt-3009-7637-1000-Monument-Stone-scaled.jpg\",\"width\":2560,\"height\":2560},{\"@type\":\"BreadcrumbList\",\"@id\":\"https:\\\/\\\/www.versiegelung24.com\\\/ro\\\/monument-piatra-piatra-si-beton-etansare-de-inalta-performanta.html#breadcrumb\",\"itemListElement\":[{\"@type\":\"ListItem\",\"position\":1,\"name\":\"Pagina de start\",\"item\":\"https:\\\/\\\/www.versiegelung24.com\\\/ro\\\/fata\\\/\"},{\"@type\":\"ListItem\",\"position\":2,\"name\":\"Magazin\",\"item\":\"https:\\\/\\\/www.versiegelung24.com\\\/ro\\\/magazin_ro\\\/\"},{\"@type\":\"ListItem\",\"position\":3,\"name\":\"Monument Stone &#8211; Sigilant lichid pentru sticl\u0103 pentru piatr\u0103 \u0219i beton\"}]},{\"@type\":\"WebSite\",\"@id\":\"https:\\\/\\\/www.versiegelung24.com\\\/ro\\\/#website\",\"url\":\"https:\\\/\\\/www.versiegelung24.com\\\/ro\\\/\",\"name\":\"versiegelung24.com\",\"description\":\"Fl\u00fcssigglas-Versiegelung - Made in Germany\",\"publisher\":{\"@id\":\"https:\\\/\\\/www.versiegelung24.com\\\/ro\\\/#organization\"},\"potentialAction\":[{\"@type\":\"SearchAction\",\"target\":{\"@type\":\"EntryPoint\",\"urlTemplate\":\"https:\\\/\\\/www.versiegelung24.com\\\/ro\\\/?s={search_term_string}\"},\"query-input\":{\"@type\":\"PropertyValueSpecification\",\"valueRequired\":true,\"valueName\":\"search_term_string\"}}],\"inLanguage\":\"ro-RO\"},{\"@type\":\"Organization\",\"@id\":\"https:\\\/\\\/www.versiegelung24.com\\\/ro\\\/#organization\",\"name\":\"versiegelung24\",\"url\":\"https:\\\/\\\/www.versiegelung24.com\\\/ro\\\/\",\"logo\":{\"@type\":\"ImageObject\",\"inLanguage\":\"ro-RO\",\"@id\":\"https:\\\/\\\/www.versiegelung24.com\\\/ro\\\/#\\\/schema\\\/logo\\\/image\\\/\",\"url\":\"https:\\\/\\\/www.versiegelung24.com\\\/wp-content\\\/uploads\\\/2020\\\/04\\\/versiegelung24.png\",\"contentUrl\":\"https:\\\/\\\/www.versiegelung24.com\\\/wp-content\\\/uploads\\\/2020\\\/04\\\/versiegelung24.png\",\"width\":470,\"height\":102,\"caption\":\"versiegelung24\"},\"image\":{\"@id\":\"https:\\\/\\\/www.versiegelung24.com\\\/ro\\\/#\\\/schema\\\/logo\\\/image\\\/\"}}]}<\/script>\n<meta property=\"product:price:amount\" content=\"89.99\" \/>\n<meta property=\"product:price:currency\" content=\"EUR\" \/>\n<meta property=\"og:availability\" content=\"backorder\" \/>\n<meta property=\"product:availability\" content=\"available for order\" \/>\n<meta property=\"product:retailer_item_id\" content=\"3009-8637-1\" \/>\n<meta property=\"product:condition\" content=\"new\" \/>\n<!-- \/ Yoast SEO Premium plugin. -->","yoast_head_json":{"title":"Monument Stone - Sigilant lichid pentru sticl\u0103 pentru piatr\u0103 \u0219i beton - versiegelung24.com","robots":{"index":"index","follow":"follow","max-snippet":"max-snippet:-1","max-image-preview":"max-image-preview:large","max-video-preview":"max-video-preview:-1"},"canonical":"https:\/\/www.versiegelung24.com\/ro\/monument-piatra-piatra-si-beton-etansare-de-inalta-performanta.html","og_locale":"ro_RO","og_type":"article","og_title":"Monument Stone - Sigilant lichid pentru sticl\u0103 pentru piatr\u0103 \u0219i beton","og_description":"Etan\u0219ant lichid pentru sticl\u0103, rezistent la ulei, ap\u0103 \u0219i murd\u0103rie, pentru suprafe\u021be din piatr\u0103 \u0219i beton \u2713 Protec\u021bie pe termen lung prin legarea chimic\u0103 a substratului \u2713 Foarte rezistent la ulei, ap\u0103 \u0219i murd\u0103rie \u2713 Protec\u021bie pe termen lung pe piatra de monument \u2713 Reducerea cre\u0219terii algelor \u0219i a mu\u0219chilor \u2713 Efect antiaderent","og_url":"https:\/\/www.versiegelung24.com\/ro\/monument-piatra-piatra-si-beton-etansare-de-inalta-performanta.html","og_site_name":"versiegelung24.com","article_modified_time":"2025-03-20T08:54:02+00:00","og_image":[{"width":2560,"height":2560,"url":"https:\/\/www.versiegelung24.com\/wp-content\/uploads\/2020\/06\/produkt-3009-7637-1000-Monument-Stone-scaled.jpg","type":"image\/jpeg"}],"twitter_card":"summary_large_image","twitter_misc":{"Pre\u021b":"89,99&euro;","Disponibilitate":"Precomand\u0103"},"schema":{"@context":"https:\/\/schema.org","@graph":[{"@type":"WebPage","@id":"https:\/\/www.versiegelung24.com\/ro\/monument-piatra-piatra-si-beton-etansare-de-inalta-performanta.html","url":"https:\/\/www.versiegelung24.com\/ro\/monument-piatra-piatra-si-beton-etansare-de-inalta-performanta.html","name":"Monument Stone - Sigilant lichid pentru sticl\u0103 pentru piatr\u0103 \u0219i beton - versiegelung24.com","isPartOf":{"@id":"https:\/\/www.versiegelung24.com\/ro\/#website"},"primaryImageOfPage":{"@id":"https:\/\/www.versiegelung24.com\/ro\/monument-piatra-piatra-si-beton-etansare-de-inalta-performanta.html#primaryimage"},"image":{"@id":"https:\/\/www.versiegelung24.com\/ro\/monument-piatra-piatra-si-beton-etansare-de-inalta-performanta.html#primaryimage"},"thumbnailUrl":"https:\/\/www.versiegelung24.com\/wp-content\/uploads\/2020\/06\/produkt-3009-7637-1000-Monument-Stone-scaled.jpg","datePublished":"2021-08-02T20:25:15+00:00","dateModified":"2025-03-20T08:54:02+00:00","breadcrumb":{"@id":"https:\/\/www.versiegelung24.com\/ro\/monument-piatra-piatra-si-beton-etansare-de-inalta-performanta.html#breadcrumb"},"inLanguage":"ro-RO","potentialAction":[{"@type":"ReadAction","target":["https:\/\/www.versiegelung24.com\/ro\/monument-piatra-piatra-si-beton-etansare-de-inalta-performanta.html"]}]},{"@type":"ImageObject","inLanguage":"ro-RO","@id":"https:\/\/www.versiegelung24.com\/ro\/monument-piatra-piatra-si-beton-etansare-de-inalta-performanta.html#primaryimage","url":"https:\/\/www.versiegelung24.com\/wp-content\/uploads\/2020\/06\/produkt-3009-7637-1000-Monument-Stone-scaled.jpg","contentUrl":"https:\/\/www.versiegelung24.com\/wp-content\/uploads\/2020\/06\/produkt-3009-7637-1000-Monument-Stone-scaled.jpg","width":2560,"height":2560},{"@type":"BreadcrumbList","@id":"https:\/\/www.versiegelung24.com\/ro\/monument-piatra-piatra-si-beton-etansare-de-inalta-performanta.html#breadcrumb","itemListElement":[{"@type":"ListItem","position":1,"name":"Pagina de start","item":"https:\/\/www.versiegelung24.com\/ro\/fata\/"},{"@type":"ListItem","position":2,"name":"Magazin","item":"https:\/\/www.versiegelung24.com\/ro\/magazin_ro\/"},{"@type":"ListItem","position":3,"name":"Monument Stone &#8211; Sigilant lichid pentru sticl\u0103 pentru piatr\u0103 \u0219i beton"}]},{"@type":"WebSite","@id":"https:\/\/www.versiegelung24.com\/ro\/#website","url":"https:\/\/www.versiegelung24.com\/ro\/","name":"versiegelung24.com","description":"Fl\u00fcssigglas-Versiegelung - Made in Germany","publisher":{"@id":"https:\/\/www.versiegelung24.com\/ro\/#organization"},"potentialAction":[{"@type":"SearchAction","target":{"@type":"EntryPoint","urlTemplate":"https:\/\/www.versiegelung24.com\/ro\/?s={search_term_string}"},"query-input":{"@type":"PropertyValueSpecification","valueRequired":true,"valueName":"search_term_string"}}],"inLanguage":"ro-RO"},{"@type":"Organization","@id":"https:\/\/www.versiegelung24.com\/ro\/#organization","name":"versiegelung24","url":"https:\/\/www.versiegelung24.com\/ro\/","logo":{"@type":"ImageObject","inLanguage":"ro-RO","@id":"https:\/\/www.versiegelung24.com\/ro\/#\/schema\/logo\/image\/","url":"https:\/\/www.versiegelung24.com\/wp-content\/uploads\/2020\/04\/versiegelung24.png","contentUrl":"https:\/\/www.versiegelung24.com\/wp-content\/uploads\/2020\/04\/versiegelung24.png","width":470,"height":102,"caption":"versiegelung24"},"image":{"@id":"https:\/\/www.versiegelung24.com\/ro\/#\/schema\/logo\/image\/"}}]},"product_price_amount":"89.99","product_price_currency":"EUR","og_availability":"backorder","product_availability":"available for order","product_retailer_item_id":"3009-8637-1","product_condition":"new"},"_links":{"self":[{"href":"https:\/\/www.versiegelung24.com\/ro\/wp-json\/wp\/v2\/product\/24106","targetHints":{"allow":["GET"]}}],"collection":[{"href":"https:\/\/www.versiegelung24.com\/ro\/wp-json\/wp\/v2\/product"}],"about":[{"href":"https:\/\/www.versiegelung24.com\/ro\/wp-json\/wp\/v2\/types\/product"}],"version-history":[{"count":24,"href":"https:\/\/www.versiegelung24.com\/ro\/wp-json\/wp\/v2\/product\/24106\/revisions"}],"predecessor-version":[{"id":181049,"href":"https:\/\/www.versiegelung24.com\/ro\/wp-json\/wp\/v2\/product\/24106\/revisions\/181049"}],"wp:featuredmedia":[{"embeddable":true,"href":"https:\/\/www.versiegelung24.com\/ro\/wp-json\/wp\/v2\/media\/18150"}],"wp:attachment":[{"href":"https:\/\/www.versiegelung24.com\/ro\/wp-json\/wp\/v2\/media?parent=24106"}],"wp:term":[{"taxonomy":"product_brand","embeddable":true,"href":"https:\/\/www.versiegelung24.com\/ro\/wp-json\/wp\/v2\/product_brand?post=24106"},{"taxonomy":"product_cat","embeddable":true,"href":"https:\/\/www.versiegelung24.com\/ro\/wp-json\/wp\/v2\/product_cat?post=24106"},{"taxonomy":"product_tag","embeddable":true,"href":"https:\/\/www.versiegelung24.com\/ro\/wp-json\/wp\/v2\/product_tag?post=24106"}],"curies":[{"name":"wp","href":"https:\/\/api.w.org\/{rel}","templated":true}]}}