{"id":24171,"date":"2020-04-04T18:53:46","date_gmt":"2021-08-02T20:30:39","guid":{"rendered":"https:\/\/www.versiegelung24.com\/produkt\/etansare-telefon-mobil-din-sticla-lichida-protector-de-ecran-lichid"},"modified":"2025-01-06T15:10:59","modified_gmt":"2025-01-06T14:10:59","slug":"lichid-sticla-telefon-mobil-etansare-lichid-ecran-protectie","status":"publish","type":"product","link":"https:\/\/www.versiegelung24.com\/ro\/lichid-sticla-telefon-mobil-etansare-lichid-ecran-protectie.html","title":{"rendered":"Etan\u0219are telefon mobil din sticl\u0103 lichid\u0103 &#8211; protector de ecran lichid"},"content":{"rendered":"\n<p><strong>Acoperire de sticl\u0103 lichid\u0103 foarte eficient\u0103 pentru afi\u0219ajele telefonului mobil &#8211; nanoprotec\u021bie \u00eempotriva zg\u00e2rieturilor, bacteriilor, radia\u021biilor, murd\u0103riei \u0219i umezelii<\/strong><\/p>\n\n<p>De \u00eenalt\u0103 calitate &#8211; Fabricat \u00een Germania<\/p>\n\n<hr\/>\n\n<h4 class=\"wp-block-heading\" id=\"properties\">Caracteristicile produsului<\/h4>\n\n<div class=\"wp-block-columns is-layout-flex wp-container-core-columns-is-layout-9d6595d7 wp-block-columns-is-layout-flex\">\n<div class=\"wp-block-column is-layout-flow wp-block-column-is-layout-flow\">\n<ul class=\"wp-block-list\"><li>Foarte u\u0219or de aplicat<\/li><li>Potrivit pentru toate modelele de telefoane mobile, tablete, smartphone-uri. Inclusiv \u201eEdge\u201d<\/li><li>Complet f\u0103r\u0103 bule \u0219i invizibil<\/li><li>Protec\u021bie \u00eempotriva zg\u00e2rieturilor \u00eempotriva mic\u0219or\u0103rilor<\/li><li>Complet f\u0103r\u0103 bule \u0219i invizibil<\/li><li>Inhib\u0103 cre\u0219terea bacterian\u0103<\/li><\/ul>\n<\/div>\n\n\n\n<div class=\"wp-block-column is-layout-flow wp-block-column-is-layout-flow\">\n<ul class=\"wp-block-list\" id=\"block-f0da57e8-d3f5-402c-8f3a-1888e700b7ff\"><li>Reduce amprentele digitale<\/li><li>Reduce radia\u021biile gamma<\/li><li>Suprafa\u021ba devine foarte u\u0219or de cur\u0103\u021bat<\/li><li>F\u0103r\u0103 afectarea func\u021biilor Touch &amp; Button, derularea devine mai pl\u0103cut\u0103<\/li><li>Poate fi p\u0103strat mai multe luni<\/li><\/ul>\n<\/div>\n<\/div>\n\n<p>Scopul livrarii:<\/p>\n\n<p>2 c\u00e2rpe de pre-cur\u0103\u021bare cu alcool \u0219i 2 c\u00e2rpe de etan\u0219are din sticl\u0103 lichid\u0103 pentru ecrane tactile (sticl\u0103 \u0219i plastic, fiecare pentru aproximativ 0,5 m\u00b2) 1 c\u00e2rp\u0103 din microfibr\u0103, 2 m\u0103nu\u0219i de protec\u021bie<\/p>\n","protected":false},"excerpt":{"rendered":"<p><strong>Suficient pentru 2 dispozitive:<\/strong><\/p>\n<p>\u2713 Protector de ecran de etan\u0219are a telefonului mobil din sticl\u0103 lichid\u0103<\/p>\n<p>\u2713 Nano acoperire<\/p>\n<p>\u2713 100% f\u0103r\u0103 bule.<\/p>\n","protected":false},"featured_media":13242,"template":"","meta":{"_acf_changed":false,"neve_meta_sidebar":"","neve_meta_container":"","neve_meta_enable_content_width":"","neve_meta_content_width":0,"neve_meta_title_alignment":"","neve_meta_author_avatar":"","neve_post_elements_order":"","neve_meta_disable_header":"","neve_meta_disable_footer":"","neve_meta_disable_title":"","neve_meta_reading_time":"","_surfaces":[],"_ver_product_tabs":[],"footnotes":""},"product_brand":[],"product_cat":[2166,2447],"product_tag":[],"class_list":{"0":"post-24171","1":"product","2":"type-product","3":"status-publish","4":"has-post-thumbnail","6":"product_cat-etansare-pentru-sticla-si-ceramica","7":"product_cat-etansare-din-metal-si-plastic","9":"first","10":"instock","11":"taxable","12":"shipping-taxable","13":"purchasable","14":"product-type-simple"},"acf":[],"yoast_head":"<!-- This site is optimized with the Yoast SEO Premium plugin v22.8 (Yoast SEO v27.5) - https:\/\/yoast.com\/product\/yoast-seo-premium-wordpress\/ -->\n<title>Etan\u0219are telefon mobil din sticl\u0103 lichid\u0103 - protector de ecran lichid - versiegelung24.com<\/title>\n<meta name=\"robots\" content=\"index, follow, max-snippet:-1, max-image-preview:large, max-video-preview:-1\" \/>\n<link rel=\"canonical\" href=\"https:\/\/www.versiegelung24.com\/ro\/lichid-sticla-telefon-mobil-etansare-lichid-ecran-protectie.html\" \/>\n<meta property=\"og:locale\" content=\"ro_RO\" \/>\n<meta property=\"og:type\" content=\"article\" \/>\n<meta property=\"og:title\" content=\"Etan\u0219are telefon mobil din sticl\u0103 lichid\u0103 - protector de ecran lichid\" \/>\n<meta property=\"og:description\" content=\"Suficient pentru 2 dispozitive: \u2713 Protector de ecran de etan\u0219are a telefonului mobil din sticl\u0103 lichid\u0103 \u2713 Nano acoperire \u2713 100% f\u0103r\u0103 bule.\" \/>\n<meta property=\"og:url\" content=\"https:\/\/www.versiegelung24.com\/ro\/lichid-sticla-telefon-mobil-etansare-lichid-ecran-protectie.html\" \/>\n<meta property=\"og:site_name\" content=\"versiegelung24.com\" \/>\n<meta property=\"article:modified_time\" content=\"2025-01-06T14:10:59+00:00\" \/>\n<meta property=\"og:image\" content=\"https:\/\/www.versiegelung24.com\/wp-content\/uploads\/2020\/04\/handy-versiegelung-web.jpg\" \/>\n\t<meta property=\"og:image:width\" content=\"1500\" \/>\n\t<meta property=\"og:image:height\" content=\"1500\" \/>\n\t<meta property=\"og:image:type\" content=\"image\/jpeg\" \/>\n<meta name=\"twitter:card\" content=\"summary_large_image\" \/>\n<meta name=\"twitter:label1\" content=\"Pre\u021b\" \/>\n\t<meta name=\"twitter:data1\" content=\"9,99&euro;\" \/>\n\t<meta name=\"twitter:label2\" content=\"Disponibilitate\" \/>\n\t<meta name=\"twitter:data2\" content=\"\u00cen stoc\" \/>\n<script type=\"application\/ld+json\" class=\"yoast-schema-graph\">{\"@context\":\"https:\\\/\\\/schema.org\",\"@graph\":[{\"@type\":\"WebPage\",\"@id\":\"https:\\\/\\\/www.versiegelung24.com\\\/ro\\\/lichid-sticla-telefon-mobil-etansare-lichid-ecran-protectie.html\",\"url\":\"https:\\\/\\\/www.versiegelung24.com\\\/ro\\\/lichid-sticla-telefon-mobil-etansare-lichid-ecran-protectie.html\",\"name\":\"Etan\u0219are telefon mobil din sticl\u0103 lichid\u0103 - protector de ecran lichid - versiegelung24.com\",\"isPartOf\":{\"@id\":\"https:\\\/\\\/www.versiegelung24.com\\\/ro\\\/#website\"},\"primaryImageOfPage\":{\"@id\":\"https:\\\/\\\/www.versiegelung24.com\\\/ro\\\/lichid-sticla-telefon-mobil-etansare-lichid-ecran-protectie.html#primaryimage\"},\"image\":{\"@id\":\"https:\\\/\\\/www.versiegelung24.com\\\/ro\\\/lichid-sticla-telefon-mobil-etansare-lichid-ecran-protectie.html#primaryimage\"},\"thumbnailUrl\":\"https:\\\/\\\/www.versiegelung24.com\\\/wp-content\\\/uploads\\\/2020\\\/04\\\/handy-versiegelung-web.jpg\",\"datePublished\":\"2021-08-02T20:30:39+00:00\",\"dateModified\":\"2025-01-06T14:10:59+00:00\",\"breadcrumb\":{\"@id\":\"https:\\\/\\\/www.versiegelung24.com\\\/ro\\\/lichid-sticla-telefon-mobil-etansare-lichid-ecran-protectie.html#breadcrumb\"},\"inLanguage\":\"ro-RO\",\"potentialAction\":[{\"@type\":\"ReadAction\",\"target\":[\"https:\\\/\\\/www.versiegelung24.com\\\/ro\\\/lichid-sticla-telefon-mobil-etansare-lichid-ecran-protectie.html\"]}]},{\"@type\":\"ImageObject\",\"inLanguage\":\"ro-RO\",\"@id\":\"https:\\\/\\\/www.versiegelung24.com\\\/ro\\\/lichid-sticla-telefon-mobil-etansare-lichid-ecran-protectie.html#primaryimage\",\"url\":\"https:\\\/\\\/www.versiegelung24.com\\\/wp-content\\\/uploads\\\/2020\\\/04\\\/handy-versiegelung-web.jpg\",\"contentUrl\":\"https:\\\/\\\/www.versiegelung24.com\\\/wp-content\\\/uploads\\\/2020\\\/04\\\/handy-versiegelung-web.jpg\",\"width\":1500,\"height\":1500},{\"@type\":\"BreadcrumbList\",\"@id\":\"https:\\\/\\\/www.versiegelung24.com\\\/ro\\\/lichid-sticla-telefon-mobil-etansare-lichid-ecran-protectie.html#breadcrumb\",\"itemListElement\":[{\"@type\":\"ListItem\",\"position\":1,\"name\":\"Pagina de start\",\"item\":\"https:\\\/\\\/www.versiegelung24.com\\\/ro\\\/fata\\\/\"},{\"@type\":\"ListItem\",\"position\":2,\"name\":\"Magazin\",\"item\":\"https:\\\/\\\/www.versiegelung24.com\\\/ro\\\/magazin_ro\\\/\"},{\"@type\":\"ListItem\",\"position\":3,\"name\":\"Etan\u0219are telefon mobil din sticl\u0103 lichid\u0103 &#8211; protector de ecran lichid\"}]},{\"@type\":\"WebSite\",\"@id\":\"https:\\\/\\\/www.versiegelung24.com\\\/ro\\\/#website\",\"url\":\"https:\\\/\\\/www.versiegelung24.com\\\/ro\\\/\",\"name\":\"versiegelung24.com\",\"description\":\"Fl\u00fcssigglas-Versiegelung - Made in Germany\",\"publisher\":{\"@id\":\"https:\\\/\\\/www.versiegelung24.com\\\/ro\\\/#organization\"},\"potentialAction\":[{\"@type\":\"SearchAction\",\"target\":{\"@type\":\"EntryPoint\",\"urlTemplate\":\"https:\\\/\\\/www.versiegelung24.com\\\/ro\\\/?s={search_term_string}\"},\"query-input\":{\"@type\":\"PropertyValueSpecification\",\"valueRequired\":true,\"valueName\":\"search_term_string\"}}],\"inLanguage\":\"ro-RO\"},{\"@type\":\"Organization\",\"@id\":\"https:\\\/\\\/www.versiegelung24.com\\\/ro\\\/#organization\",\"name\":\"versiegelung24\",\"url\":\"https:\\\/\\\/www.versiegelung24.com\\\/ro\\\/\",\"logo\":{\"@type\":\"ImageObject\",\"inLanguage\":\"ro-RO\",\"@id\":\"https:\\\/\\\/www.versiegelung24.com\\\/ro\\\/#\\\/schema\\\/logo\\\/image\\\/\",\"url\":\"https:\\\/\\\/www.versiegelung24.com\\\/wp-content\\\/uploads\\\/2020\\\/04\\\/versiegelung24.png\",\"contentUrl\":\"https:\\\/\\\/www.versiegelung24.com\\\/wp-content\\\/uploads\\\/2020\\\/04\\\/versiegelung24.png\",\"width\":470,\"height\":102,\"caption\":\"versiegelung24\"},\"image\":{\"@id\":\"https:\\\/\\\/www.versiegelung24.com\\\/ro\\\/#\\\/schema\\\/logo\\\/image\\\/\"}}]}<\/script>\n<meta property=\"product:price:amount\" content=\"9.99\" \/>\n<meta property=\"product:price:currency\" content=\"EUR\" \/>\n<meta property=\"og:availability\" content=\"instock\" \/>\n<meta property=\"product:availability\" content=\"instock\" \/>\n<meta property=\"product:retailer_item_id\" content=\"4008-901\" \/>\n<meta property=\"product:condition\" content=\"new\" \/>\n<!-- \/ Yoast SEO Premium plugin. -->","yoast_head_json":{"title":"Etan\u0219are telefon mobil din sticl\u0103 lichid\u0103 - protector de ecran lichid - versiegelung24.com","robots":{"index":"index","follow":"follow","max-snippet":"max-snippet:-1","max-image-preview":"max-image-preview:large","max-video-preview":"max-video-preview:-1"},"canonical":"https:\/\/www.versiegelung24.com\/ro\/lichid-sticla-telefon-mobil-etansare-lichid-ecran-protectie.html","og_locale":"ro_RO","og_type":"article","og_title":"Etan\u0219are telefon mobil din sticl\u0103 lichid\u0103 - protector de ecran lichid","og_description":"Suficient pentru 2 dispozitive: \u2713 Protector de ecran de etan\u0219are a telefonului mobil din sticl\u0103 lichid\u0103 \u2713 Nano acoperire \u2713 100% f\u0103r\u0103 bule.","og_url":"https:\/\/www.versiegelung24.com\/ro\/lichid-sticla-telefon-mobil-etansare-lichid-ecran-protectie.html","og_site_name":"versiegelung24.com","article_modified_time":"2025-01-06T14:10:59+00:00","og_image":[{"width":1500,"height":1500,"url":"https:\/\/www.versiegelung24.com\/wp-content\/uploads\/2020\/04\/handy-versiegelung-web.jpg","type":"image\/jpeg"}],"twitter_card":"summary_large_image","twitter_misc":{"Pre\u021b":"9,99&euro;","Disponibilitate":"\u00cen stoc"},"schema":{"@context":"https:\/\/schema.org","@graph":[{"@type":"WebPage","@id":"https:\/\/www.versiegelung24.com\/ro\/lichid-sticla-telefon-mobil-etansare-lichid-ecran-protectie.html","url":"https:\/\/www.versiegelung24.com\/ro\/lichid-sticla-telefon-mobil-etansare-lichid-ecran-protectie.html","name":"Etan\u0219are telefon mobil din sticl\u0103 lichid\u0103 - protector de ecran lichid - versiegelung24.com","isPartOf":{"@id":"https:\/\/www.versiegelung24.com\/ro\/#website"},"primaryImageOfPage":{"@id":"https:\/\/www.versiegelung24.com\/ro\/lichid-sticla-telefon-mobil-etansare-lichid-ecran-protectie.html#primaryimage"},"image":{"@id":"https:\/\/www.versiegelung24.com\/ro\/lichid-sticla-telefon-mobil-etansare-lichid-ecran-protectie.html#primaryimage"},"thumbnailUrl":"https:\/\/www.versiegelung24.com\/wp-content\/uploads\/2020\/04\/handy-versiegelung-web.jpg","datePublished":"2021-08-02T20:30:39+00:00","dateModified":"2025-01-06T14:10:59+00:00","breadcrumb":{"@id":"https:\/\/www.versiegelung24.com\/ro\/lichid-sticla-telefon-mobil-etansare-lichid-ecran-protectie.html#breadcrumb"},"inLanguage":"ro-RO","potentialAction":[{"@type":"ReadAction","target":["https:\/\/www.versiegelung24.com\/ro\/lichid-sticla-telefon-mobil-etansare-lichid-ecran-protectie.html"]}]},{"@type":"ImageObject","inLanguage":"ro-RO","@id":"https:\/\/www.versiegelung24.com\/ro\/lichid-sticla-telefon-mobil-etansare-lichid-ecran-protectie.html#primaryimage","url":"https:\/\/www.versiegelung24.com\/wp-content\/uploads\/2020\/04\/handy-versiegelung-web.jpg","contentUrl":"https:\/\/www.versiegelung24.com\/wp-content\/uploads\/2020\/04\/handy-versiegelung-web.jpg","width":1500,"height":1500},{"@type":"BreadcrumbList","@id":"https:\/\/www.versiegelung24.com\/ro\/lichid-sticla-telefon-mobil-etansare-lichid-ecran-protectie.html#breadcrumb","itemListElement":[{"@type":"ListItem","position":1,"name":"Pagina de start","item":"https:\/\/www.versiegelung24.com\/ro\/fata\/"},{"@type":"ListItem","position":2,"name":"Magazin","item":"https:\/\/www.versiegelung24.com\/ro\/magazin_ro\/"},{"@type":"ListItem","position":3,"name":"Etan\u0219are telefon mobil din sticl\u0103 lichid\u0103 &#8211; protector de ecran lichid"}]},{"@type":"WebSite","@id":"https:\/\/www.versiegelung24.com\/ro\/#website","url":"https:\/\/www.versiegelung24.com\/ro\/","name":"versiegelung24.com","description":"Fl\u00fcssigglas-Versiegelung - Made in Germany","publisher":{"@id":"https:\/\/www.versiegelung24.com\/ro\/#organization"},"potentialAction":[{"@type":"SearchAction","target":{"@type":"EntryPoint","urlTemplate":"https:\/\/www.versiegelung24.com\/ro\/?s={search_term_string}"},"query-input":{"@type":"PropertyValueSpecification","valueRequired":true,"valueName":"search_term_string"}}],"inLanguage":"ro-RO"},{"@type":"Organization","@id":"https:\/\/www.versiegelung24.com\/ro\/#organization","name":"versiegelung24","url":"https:\/\/www.versiegelung24.com\/ro\/","logo":{"@type":"ImageObject","inLanguage":"ro-RO","@id":"https:\/\/www.versiegelung24.com\/ro\/#\/schema\/logo\/image\/","url":"https:\/\/www.versiegelung24.com\/wp-content\/uploads\/2020\/04\/versiegelung24.png","contentUrl":"https:\/\/www.versiegelung24.com\/wp-content\/uploads\/2020\/04\/versiegelung24.png","width":470,"height":102,"caption":"versiegelung24"},"image":{"@id":"https:\/\/www.versiegelung24.com\/ro\/#\/schema\/logo\/image\/"}}]},"product_price_amount":"9.99","product_price_currency":"EUR","og_availability":"instock","product_availability":"instock","product_retailer_item_id":"4008-901","product_condition":"new"},"_links":{"self":[{"href":"https:\/\/www.versiegelung24.com\/ro\/wp-json\/wp\/v2\/product\/24171","targetHints":{"allow":["GET"]}}],"collection":[{"href":"https:\/\/www.versiegelung24.com\/ro\/wp-json\/wp\/v2\/product"}],"about":[{"href":"https:\/\/www.versiegelung24.com\/ro\/wp-json\/wp\/v2\/types\/product"}],"version-history":[{"count":9,"href":"https:\/\/www.versiegelung24.com\/ro\/wp-json\/wp\/v2\/product\/24171\/revisions"}],"predecessor-version":[{"id":180173,"href":"https:\/\/www.versiegelung24.com\/ro\/wp-json\/wp\/v2\/product\/24171\/revisions\/180173"}],"wp:featuredmedia":[{"embeddable":true,"href":"https:\/\/www.versiegelung24.com\/ro\/wp-json\/wp\/v2\/media\/13242"}],"wp:attachment":[{"href":"https:\/\/www.versiegelung24.com\/ro\/wp-json\/wp\/v2\/media?parent=24171"}],"wp:term":[{"taxonomy":"product_brand","embeddable":true,"href":"https:\/\/www.versiegelung24.com\/ro\/wp-json\/wp\/v2\/product_brand?post=24171"},{"taxonomy":"product_cat","embeddable":true,"href":"https:\/\/www.versiegelung24.com\/ro\/wp-json\/wp\/v2\/product_cat?post=24171"},{"taxonomy":"product_tag","embeddable":true,"href":"https:\/\/www.versiegelung24.com\/ro\/wp-json\/wp\/v2\/product_tag?post=24171"}],"curies":[{"name":"wp","href":"https:\/\/api.w.org\/{rel}","templated":true}]}}