{"id":24395,"date":"2020-05-23T17:02:37","date_gmt":"2021-08-02T20:41:51","guid":{"rendered":"https:\/\/www.versiegelung24.com\/produkt\/dezinfectant-pentru-maini-dexan-recipient-de-5-litri"},"modified":"2025-01-13T16:41:06","modified_gmt":"2025-01-13T15:41:06","slug":"dezinfectant-pentru-maini-dexan-recipient-de-5-litri","status":"publish","type":"product","link":"https:\/\/www.versiegelung24.com\/ro\/dezinfectant-pentru-maini-dexan-recipient-de-5-litri.html","title":{"rendered":"Dezinfectant pentru m\u00e2ini Dexan recipient de 5 litri"},"content":{"rendered":"\n<h2 class=\"wp-block-heading\" id=\"gebrauchsfertige-alkoholbasierte-handedesinfektion-mit-pflegekomponente-aloe-vera\">Dezinfectarea m\u00e2inilor gata de utilizare pe baz\u0103 de alcool cu componente de \u00eengrijire (aloe vera)<\/h2>\n\n<p>Limitate virucid\u0103 (virusuri \u00eenvelite <strong>Incl. Coronavirus<\/strong>, HIV, VHB, VHC, grip\u0103, herpes, virus Ebola etc.)<\/p>\n\n<hr \/>\n\n<h4 class=\"wp-block-heading\" id=\"properties\">Caracteristicile produsului<\/h4>\n\n<div class=\"wp-block-columns is-layout-flex wp-container-core-columns-is-layout-9d6595d7 wp-block-columns-is-layout-flex\">\n<div class=\"wp-block-column is-layout-flow wp-block-column-is-layout-flow\">\n<p><br \/>E<strong>ficacitate:<\/strong> Testat \u00een conformitate cu standardele europene pentru spitale: EN 1040, EN 1275, EN 1276, EN 1500: 1 min; prEN 12054: 30s. Limitate virucid\u0103 (virusuri \u00eenvelite, inclusiv coronavirus, HIV, VHB, VHC, grip\u0103, herpes, virus Ebola etc.) conform ghidului DVV \/ RKI: 15s.<\/p>\n<\/div>\n\n\n\n<div class=\"wp-block-column is-layout-flow wp-block-column-is-layout-flow\">\n<p><br \/>U<strong>tilizare preconizat\u0103:<\/strong> Pentru dezinfec\u021bia igienic\u0103 a m\u00e2inilor.<\/p>\n\n\n\n<p><br \/>100g con\u021bin: 50.0g etanol, 10.0g izopropanol, 0.10g clorur\u0103 de benzalconiu, ap\u0103 purificat\u0103, extract de aloe vera.<\/p>\n<\/div>\n<\/div>\n\n<hr \/>\n\n<h4 class=\"wp-block-heading\" id=\"application\">Aplica\u021bie<\/h4>\n\n<p>Pune\u021bi suficient Dexan \u00een m\u00e2na uscat\u0103 cu cupe, astfel \u00eenc\u00e2t toate zonele m\u00e2inilor s\u0103 fie complet acoperite cu preparatul. Freca\u021bi bine \u00een m\u00e2ini, men\u021bine\u021bi-le pe m\u00e2ini umede \u00een timpul frec\u0103rii.<\/p>\n\n<hr \/>\n\n<h4 class=\"wp-block-heading\" id=\"advisor\">Consilier<\/h4>\n\n<p><br \/>I<strong>ndica\u021bii de siguran\u021b\u0103:<\/strong> Lichid \u0219i vapori foarte inflamabili. Provoac\u0103 irita\u021bii oculare grave. A se p\u0103stra departe de c\u0103ldur\u0103, suprafe\u021be fierbin\u021bi, sc\u00e2ntei, fl\u0103c\u0103ri deschise \u0219i alte surse de aprindere. Nu fuma\u021bi. P\u0103stra\u021bi recipientul bine \u00eenchis. \u00ceN CAZ DE CONTACT CU OCHII: Cl\u0103ti\u021bi cu grij\u0103 cu ap\u0103 timp de c\u00e2teva minute. Dac\u0103 este posibil, \u00eendep\u0103rta\u021bi lentilele de contact. Continua\u021bi cl\u0103tirea. A nu se l\u0103sa la \u00eendem\u00e2na copiilor. Nr. reg. biocid: 75940 Utiliza\u021bi dezinfectantul cu aten\u021bie. Citi\u021bi \u00eentotdeauna eticheta \u0219i informa\u021biile despre produs \u00eenainte de utilizare.<\/p>\n","protected":false},"excerpt":{"rendered":"<p><strong>Dezinfectarea m\u00e2inilor pe baz\u0103 de alcool gata de utilizare:<\/strong><\/p>\n<p>\u2713 Cu component\u0103 de \u00eengrijire (aloe vera)<\/p>\n<p>\u2713 Virucid limitat (virusuri \u00eencapsulate, inclusiv coronavirus, HIV, HBV, HCV, grip\u0103, herpes, virusul Ebola etc.)<\/p>\n","protected":false},"featured_media":15792,"template":"","meta":{"_acf_changed":false,"neve_meta_sidebar":"","neve_meta_container":"","neve_meta_enable_content_width":"","neve_meta_content_width":0,"neve_meta_title_alignment":"","neve_meta_author_avatar":"","neve_post_elements_order":"","neve_meta_disable_header":"","neve_meta_disable_footer":"","neve_meta_disable_title":"","neve_meta_reading_time":"","_surfaces":[],"_ver_product_tabs":[],"footnotes":""},"product_brand":[],"product_cat":[2277,2696],"product_tag":[],"class_list":{"0":"post-24395","1":"product","2":"type-product","3":"status-publish","4":"has-post-thumbnail","6":"product_cat-dezinfectanti","7":"product_cat-dezinfectant-pentru-maini","9":"first","10":"onbackorder","11":"taxable","12":"shipping-taxable","13":"purchasable","14":"product-type-simple"},"acf":[],"yoast_head":"<!-- This site is optimized with the Yoast SEO Premium plugin v22.8 (Yoast SEO v27.5) - https:\/\/yoast.com\/product\/yoast-seo-premium-wordpress\/ -->\n<title>Dezinfectant pentru m\u00e2ini Dexan recipient de 5 litri - versiegelung24.com<\/title>\n<meta name=\"robots\" content=\"index, follow, max-snippet:-1, max-image-preview:large, max-video-preview:-1\" \/>\n<link rel=\"canonical\" href=\"https:\/\/www.versiegelung24.com\/ro\/dezinfectant-pentru-maini-dexan-recipient-de-5-litri.html\" \/>\n<meta property=\"og:locale\" content=\"ro_RO\" \/>\n<meta property=\"og:type\" content=\"article\" \/>\n<meta property=\"og:title\" content=\"Dezinfectant pentru m\u00e2ini Dexan recipient de 5 litri\" \/>\n<meta property=\"og:description\" content=\"Dezinfectarea m\u00e2inilor pe baz\u0103 de alcool gata de utilizare: \u2713 Cu component\u0103 de \u00eengrijire (aloe vera) \u2713 Virucid limitat (virusuri \u00eencapsulate, inclusiv coronavirus, HIV, HBV, HCV, grip\u0103, herpes, virusul Ebola etc.)\" \/>\n<meta property=\"og:url\" content=\"https:\/\/www.versiegelung24.com\/ro\/dezinfectant-pentru-maini-dexan-recipient-de-5-litri.html\" \/>\n<meta property=\"og:site_name\" content=\"versiegelung24.com\" \/>\n<meta property=\"article:modified_time\" content=\"2025-01-13T15:41:06+00:00\" \/>\n<meta property=\"og:image\" content=\"https:\/\/www.versiegelung24.com\/wp-content\/uploads\/2020\/05\/dexan-5000ml-1.png\" \/>\n\t<meta property=\"og:image:width\" content=\"2000\" \/>\n\t<meta property=\"og:image:height\" content=\"2000\" \/>\n\t<meta property=\"og:image:type\" content=\"image\/png\" \/>\n<meta name=\"twitter:card\" content=\"summary_large_image\" \/>\n<meta name=\"twitter:label1\" content=\"Pre\u021b\" \/>\n\t<meta name=\"twitter:data1\" content=\"99,00&euro;\" \/>\n\t<meta name=\"twitter:label2\" content=\"Disponibilitate\" \/>\n\t<meta name=\"twitter:data2\" content=\"Precomand\u0103\" \/>\n<script type=\"application\/ld+json\" class=\"yoast-schema-graph\">{\"@context\":\"https:\\\/\\\/schema.org\",\"@graph\":[{\"@type\":\"WebPage\",\"@id\":\"https:\\\/\\\/www.versiegelung24.com\\\/ro\\\/dezinfectant-pentru-maini-dexan-recipient-de-5-litri.html\",\"url\":\"https:\\\/\\\/www.versiegelung24.com\\\/ro\\\/dezinfectant-pentru-maini-dexan-recipient-de-5-litri.html\",\"name\":\"Dezinfectant pentru m\u00e2ini Dexan recipient de 5 litri - versiegelung24.com\",\"isPartOf\":{\"@id\":\"https:\\\/\\\/www.versiegelung24.com\\\/ro\\\/#website\"},\"primaryImageOfPage\":{\"@id\":\"https:\\\/\\\/www.versiegelung24.com\\\/ro\\\/dezinfectant-pentru-maini-dexan-recipient-de-5-litri.html#primaryimage\"},\"image\":{\"@id\":\"https:\\\/\\\/www.versiegelung24.com\\\/ro\\\/dezinfectant-pentru-maini-dexan-recipient-de-5-litri.html#primaryimage\"},\"thumbnailUrl\":\"https:\\\/\\\/www.versiegelung24.com\\\/wp-content\\\/uploads\\\/2020\\\/05\\\/dexan-5000ml-1.png\",\"datePublished\":\"2021-08-02T20:41:51+00:00\",\"dateModified\":\"2025-01-13T15:41:06+00:00\",\"breadcrumb\":{\"@id\":\"https:\\\/\\\/www.versiegelung24.com\\\/ro\\\/dezinfectant-pentru-maini-dexan-recipient-de-5-litri.html#breadcrumb\"},\"inLanguage\":\"ro-RO\",\"potentialAction\":[{\"@type\":\"ReadAction\",\"target\":[\"https:\\\/\\\/www.versiegelung24.com\\\/ro\\\/dezinfectant-pentru-maini-dexan-recipient-de-5-litri.html\"]}]},{\"@type\":\"ImageObject\",\"inLanguage\":\"ro-RO\",\"@id\":\"https:\\\/\\\/www.versiegelung24.com\\\/ro\\\/dezinfectant-pentru-maini-dexan-recipient-de-5-litri.html#primaryimage\",\"url\":\"https:\\\/\\\/www.versiegelung24.com\\\/wp-content\\\/uploads\\\/2020\\\/05\\\/dexan-5000ml-1.png\",\"contentUrl\":\"https:\\\/\\\/www.versiegelung24.com\\\/wp-content\\\/uploads\\\/2020\\\/05\\\/dexan-5000ml-1.png\",\"width\":2000,\"height\":2000},{\"@type\":\"BreadcrumbList\",\"@id\":\"https:\\\/\\\/www.versiegelung24.com\\\/ro\\\/dezinfectant-pentru-maini-dexan-recipient-de-5-litri.html#breadcrumb\",\"itemListElement\":[{\"@type\":\"ListItem\",\"position\":1,\"name\":\"Pagina de start\",\"item\":\"https:\\\/\\\/www.versiegelung24.com\\\/ro\\\/fata\\\/\"},{\"@type\":\"ListItem\",\"position\":2,\"name\":\"Magazin\",\"item\":\"https:\\\/\\\/www.versiegelung24.com\\\/ro\\\/magazin_ro\\\/\"},{\"@type\":\"ListItem\",\"position\":3,\"name\":\"Dezinfectant pentru m\u00e2ini Dexan recipient de 5 litri\"}]},{\"@type\":\"WebSite\",\"@id\":\"https:\\\/\\\/www.versiegelung24.com\\\/ro\\\/#website\",\"url\":\"https:\\\/\\\/www.versiegelung24.com\\\/ro\\\/\",\"name\":\"versiegelung24.com\",\"description\":\"Fl\u00fcssigglas-Versiegelung - Made in Germany\",\"publisher\":{\"@id\":\"https:\\\/\\\/www.versiegelung24.com\\\/ro\\\/#organization\"},\"potentialAction\":[{\"@type\":\"SearchAction\",\"target\":{\"@type\":\"EntryPoint\",\"urlTemplate\":\"https:\\\/\\\/www.versiegelung24.com\\\/ro\\\/?s={search_term_string}\"},\"query-input\":{\"@type\":\"PropertyValueSpecification\",\"valueRequired\":true,\"valueName\":\"search_term_string\"}}],\"inLanguage\":\"ro-RO\"},{\"@type\":\"Organization\",\"@id\":\"https:\\\/\\\/www.versiegelung24.com\\\/ro\\\/#organization\",\"name\":\"versiegelung24\",\"url\":\"https:\\\/\\\/www.versiegelung24.com\\\/ro\\\/\",\"logo\":{\"@type\":\"ImageObject\",\"inLanguage\":\"ro-RO\",\"@id\":\"https:\\\/\\\/www.versiegelung24.com\\\/ro\\\/#\\\/schema\\\/logo\\\/image\\\/\",\"url\":\"https:\\\/\\\/www.versiegelung24.com\\\/wp-content\\\/uploads\\\/2020\\\/04\\\/versiegelung24.png\",\"contentUrl\":\"https:\\\/\\\/www.versiegelung24.com\\\/wp-content\\\/uploads\\\/2020\\\/04\\\/versiegelung24.png\",\"width\":470,\"height\":102,\"caption\":\"versiegelung24\"},\"image\":{\"@id\":\"https:\\\/\\\/www.versiegelung24.com\\\/ro\\\/#\\\/schema\\\/logo\\\/image\\\/\"}}]}<\/script>\n<meta property=\"product:price:amount\" content=\"99.00\" \/>\n<meta property=\"product:price:currency\" content=\"EUR\" \/>\n<meta property=\"og:availability\" content=\"backorder\" \/>\n<meta property=\"product:availability\" content=\"available for order\" \/>\n<meta property=\"product:retailer_item_id\" content=\"dexan-5000\" \/>\n<meta property=\"product:condition\" content=\"new\" \/>\n<!-- \/ Yoast SEO Premium plugin. -->","yoast_head_json":{"title":"Dezinfectant pentru m\u00e2ini Dexan recipient de 5 litri - versiegelung24.com","robots":{"index":"index","follow":"follow","max-snippet":"max-snippet:-1","max-image-preview":"max-image-preview:large","max-video-preview":"max-video-preview:-1"},"canonical":"https:\/\/www.versiegelung24.com\/ro\/dezinfectant-pentru-maini-dexan-recipient-de-5-litri.html","og_locale":"ro_RO","og_type":"article","og_title":"Dezinfectant pentru m\u00e2ini Dexan recipient de 5 litri","og_description":"Dezinfectarea m\u00e2inilor pe baz\u0103 de alcool gata de utilizare: \u2713 Cu component\u0103 de \u00eengrijire (aloe vera) \u2713 Virucid limitat (virusuri \u00eencapsulate, inclusiv coronavirus, HIV, HBV, HCV, grip\u0103, herpes, virusul Ebola etc.)","og_url":"https:\/\/www.versiegelung24.com\/ro\/dezinfectant-pentru-maini-dexan-recipient-de-5-litri.html","og_site_name":"versiegelung24.com","article_modified_time":"2025-01-13T15:41:06+00:00","og_image":[{"width":2000,"height":2000,"url":"https:\/\/www.versiegelung24.com\/wp-content\/uploads\/2020\/05\/dexan-5000ml-1.png","type":"image\/png"}],"twitter_card":"summary_large_image","twitter_misc":{"Pre\u021b":"99,00&euro;","Disponibilitate":"Precomand\u0103"},"schema":{"@context":"https:\/\/schema.org","@graph":[{"@type":"WebPage","@id":"https:\/\/www.versiegelung24.com\/ro\/dezinfectant-pentru-maini-dexan-recipient-de-5-litri.html","url":"https:\/\/www.versiegelung24.com\/ro\/dezinfectant-pentru-maini-dexan-recipient-de-5-litri.html","name":"Dezinfectant pentru m\u00e2ini Dexan recipient de 5 litri - versiegelung24.com","isPartOf":{"@id":"https:\/\/www.versiegelung24.com\/ro\/#website"},"primaryImageOfPage":{"@id":"https:\/\/www.versiegelung24.com\/ro\/dezinfectant-pentru-maini-dexan-recipient-de-5-litri.html#primaryimage"},"image":{"@id":"https:\/\/www.versiegelung24.com\/ro\/dezinfectant-pentru-maini-dexan-recipient-de-5-litri.html#primaryimage"},"thumbnailUrl":"https:\/\/www.versiegelung24.com\/wp-content\/uploads\/2020\/05\/dexan-5000ml-1.png","datePublished":"2021-08-02T20:41:51+00:00","dateModified":"2025-01-13T15:41:06+00:00","breadcrumb":{"@id":"https:\/\/www.versiegelung24.com\/ro\/dezinfectant-pentru-maini-dexan-recipient-de-5-litri.html#breadcrumb"},"inLanguage":"ro-RO","potentialAction":[{"@type":"ReadAction","target":["https:\/\/www.versiegelung24.com\/ro\/dezinfectant-pentru-maini-dexan-recipient-de-5-litri.html"]}]},{"@type":"ImageObject","inLanguage":"ro-RO","@id":"https:\/\/www.versiegelung24.com\/ro\/dezinfectant-pentru-maini-dexan-recipient-de-5-litri.html#primaryimage","url":"https:\/\/www.versiegelung24.com\/wp-content\/uploads\/2020\/05\/dexan-5000ml-1.png","contentUrl":"https:\/\/www.versiegelung24.com\/wp-content\/uploads\/2020\/05\/dexan-5000ml-1.png","width":2000,"height":2000},{"@type":"BreadcrumbList","@id":"https:\/\/www.versiegelung24.com\/ro\/dezinfectant-pentru-maini-dexan-recipient-de-5-litri.html#breadcrumb","itemListElement":[{"@type":"ListItem","position":1,"name":"Pagina de start","item":"https:\/\/www.versiegelung24.com\/ro\/fata\/"},{"@type":"ListItem","position":2,"name":"Magazin","item":"https:\/\/www.versiegelung24.com\/ro\/magazin_ro\/"},{"@type":"ListItem","position":3,"name":"Dezinfectant pentru m\u00e2ini Dexan recipient de 5 litri"}]},{"@type":"WebSite","@id":"https:\/\/www.versiegelung24.com\/ro\/#website","url":"https:\/\/www.versiegelung24.com\/ro\/","name":"versiegelung24.com","description":"Fl\u00fcssigglas-Versiegelung - Made in Germany","publisher":{"@id":"https:\/\/www.versiegelung24.com\/ro\/#organization"},"potentialAction":[{"@type":"SearchAction","target":{"@type":"EntryPoint","urlTemplate":"https:\/\/www.versiegelung24.com\/ro\/?s={search_term_string}"},"query-input":{"@type":"PropertyValueSpecification","valueRequired":true,"valueName":"search_term_string"}}],"inLanguage":"ro-RO"},{"@type":"Organization","@id":"https:\/\/www.versiegelung24.com\/ro\/#organization","name":"versiegelung24","url":"https:\/\/www.versiegelung24.com\/ro\/","logo":{"@type":"ImageObject","inLanguage":"ro-RO","@id":"https:\/\/www.versiegelung24.com\/ro\/#\/schema\/logo\/image\/","url":"https:\/\/www.versiegelung24.com\/wp-content\/uploads\/2020\/04\/versiegelung24.png","contentUrl":"https:\/\/www.versiegelung24.com\/wp-content\/uploads\/2020\/04\/versiegelung24.png","width":470,"height":102,"caption":"versiegelung24"},"image":{"@id":"https:\/\/www.versiegelung24.com\/ro\/#\/schema\/logo\/image\/"}}]},"product_price_amount":"99.00","product_price_currency":"EUR","og_availability":"backorder","product_availability":"available for order","product_retailer_item_id":"dexan-5000","product_condition":"new"},"_links":{"self":[{"href":"https:\/\/www.versiegelung24.com\/ro\/wp-json\/wp\/v2\/product\/24395","targetHints":{"allow":["GET"]}}],"collection":[{"href":"https:\/\/www.versiegelung24.com\/ro\/wp-json\/wp\/v2\/product"}],"about":[{"href":"https:\/\/www.versiegelung24.com\/ro\/wp-json\/wp\/v2\/types\/product"}],"version-history":[{"count":11,"href":"https:\/\/www.versiegelung24.com\/ro\/wp-json\/wp\/v2\/product\/24395\/revisions"}],"predecessor-version":[{"id":180623,"href":"https:\/\/www.versiegelung24.com\/ro\/wp-json\/wp\/v2\/product\/24395\/revisions\/180623"}],"wp:featuredmedia":[{"embeddable":true,"href":"https:\/\/www.versiegelung24.com\/ro\/wp-json\/wp\/v2\/media\/15792"}],"wp:attachment":[{"href":"https:\/\/www.versiegelung24.com\/ro\/wp-json\/wp\/v2\/media?parent=24395"}],"wp:term":[{"taxonomy":"product_brand","embeddable":true,"href":"https:\/\/www.versiegelung24.com\/ro\/wp-json\/wp\/v2\/product_brand?post=24395"},{"taxonomy":"product_cat","embeddable":true,"href":"https:\/\/www.versiegelung24.com\/ro\/wp-json\/wp\/v2\/product_cat?post=24395"},{"taxonomy":"product_tag","embeddable":true,"href":"https:\/\/www.versiegelung24.com\/ro\/wp-json\/wp\/v2\/product_tag?post=24395"}],"curies":[{"name":"wp","href":"https:\/\/api.w.org\/{rel}","templated":true}]}}