{"id":24629,"date":"2020-04-27T22:20:08","date_gmt":"2021-08-02T20:52:11","guid":{"rendered":"https:\/\/www.versiegelung24.com\/produkt\/wb-rapid-on-produs-de-etansare-si-finisaj-pentru-vopsea-auto-cu-luciu-profund"},"modified":"2025-01-04T00:04:54","modified_gmt":"2025-01-03T23:04:54","slug":"wb-rapid-on-deep-gloss-autolack-sealing-finisher","status":"publish","type":"product","link":"https:\/\/www.versiegelung24.com\/ro\/wb-rapid-on-deep-gloss-autolack-sealing-finisher.html","title":{"rendered":"WB Rapid On &#8211; produs de etan\u0219are \u0219i finisaj pentru vopsea auto cu luciu profund"},"content":{"rendered":"\n<p><strong>WB Rapid On: etan\u0219ator \u0219i finisor premium cu luciu intens, ideal pentru vopseaua auto &#8211; <\/strong><strong><em>pe baz\u0103 de ap\u0103 &#8211; rapid on<\/em><\/strong><\/p>\n\n<p>Aplicabil ca \u201efinisaj\u201d pentru<a href=\"https:\/\/www.versiegelung24.com\/muster-permanent-protector\/\"> Protec\u021bie permanent\u0103 acoperire ceramic\u0103 de \u00eenalt\u0103 calitate<\/a> sau<a href=\"https:\/\/www.versiegelung24.com\/autolack-spezial-politur-versiegelung-2in1\/\"> Vopsea auto lustruire special\u0103 \u0219i etan\u0219are 2in1<\/a> .<\/p>\n\n<p>Num\u0103r articol: 5002-7654<\/p>\n\n<p>\u00cenalt\u0103 calitate Fabricat \u00een Germania<\/p>\n\n<p><strong>V24 WB Rapid On &#8211; agent de etan\u0219are \u0219i finisaj pentru vopsea auto lucios<\/strong> creeaz\u0103 un strat ultra-sub\u021bire la suprafa\u021b\u0103 prin legarea electrostatic\u0103 a miliarde de molecule mici de siliciu, comparabile cu efectul unor magne\u021bi mici care se leag\u0103 \u00eentre ei \u0219i la subsol. Ca rezultat, porii microscopici \u0219i capilarele sunt sigilate, iar particulele de murd\u0103rie \u0219i alte impurit\u0103\u021bi nu mai pot adera la stratul mult mai neted. Acest lucru face suprafe\u021bele mult mai u\u0219or de cur\u0103\u021bat (\u201eu\u0219or de cur\u0103\u021bat\u201d), hidrofuge (hidrofobe) \u0219i un efect de luciu ridicat.<\/p>\n\n<hr\/>\n\n<h4 class=\"wp-block-heading\" id=\"properties\">Caracteristicile produsului<\/h4>\n\n<div class=\"wp-block-columns is-layout-flex wp-container-core-columns-is-layout-9d6595d7 wp-block-columns-is-layout-flex\">\n<div class=\"wp-block-column is-layout-flow wp-block-column-is-layout-flow\">\n<ul class=\"wp-block-list\">\n<li>Efect de luciu ridicat<\/li>\n\n\n\n<li>Poate fi combinat ca un finisor cu luciu profund pentru sigilan\u021bii no\u0219tri pe termen lung<\/li>\n\n\n\n<li>Efect excelent u\u0219or de cur\u0103\u021bat pentru aderarea murd\u0103riei, de exemplu de la excremente de p\u0103s\u0103ri, insecte \u0219i alte pete agresive, suprafe\u021bele se murd\u0103resc mult mai \u00eencet<\/li>\n\n\n\n<li>Efect puternic hidrofob (hidrofug)<\/li>\n\n\n\n<li>Tehnologie nano SiO\u00b2<\/li>\n\n\n\n<li>Pe baz\u0103 de ap\u0103, f\u0103r\u0103 solvent \u0219i inodor<\/li>\n\n\n\n<li>Rezistent chimic la agen\u021bi de cur\u0103\u021bare (p\u00e2n\u0103 la pH 10)<\/li>\n\n\n\n<li>Aplica\u021bie simpl\u0103<\/li>\n\n\n\n<li>Conexiune mai stabil\u0103 dec\u00e2t preparatele pe baz\u0103 de ulei de silicon sau cear\u0103<\/li>\n\n\n\n<li>Stabil la UV \/ rezistent la \u00eenghe\u021b \/ rezistent la ap\u0103 s\u0103rat\u0103 \/ invizibil (grosimea stratului: 40-50nm)<\/li>\n\n\n\n<li>Economii de costuri, timp \u0219i energie prin cicluri extinse de cur\u0103\u021bare<\/li>\n<\/ul>\n<\/div>\n\n\n\n<div class=\"wp-block-column is-layout-flow wp-block-column-is-layout-flow\">\n<ul id=\"block-cb512caf-6c3b-4dfc-8f82-809b2295b24e\" class=\"wp-block-list\">\n<li>Non-toxic \u0219i neinflamabil<\/li>\n\n\n\n<li>Perioada de valabilitate: 3 &#8211; 6 luni (\u00een func\u021bie de utilizare)<\/li>\n\n\n\n<li>Suprafa\u021b\u0103 neted\u0103 m\u0103t\u0103soas\u0103, senza\u021bie foarte bun\u0103<\/li>\n\n\n\n<li>Rezistent la aproape to\u021bi acizii, solven\u021bii \u0219i detergen\u021bii alcalini de uz casnic<\/li>\n\n\n\n<li>Mult mai stabil dec\u00e2t ceara sau produsele pe baz\u0103 de ulei de silicon<\/li>\n\n\n\n<li>U\u0219or biodegradabil (conform criteriilor OECD)<\/li>\n\n\n\n<li>Rezisten\u021b\u0103 ridicat\u0103 la abraziune \u00eempotriva particulelor transmise de v\u00e2nt<\/li>\n\n\n\n<li>Rezistent la temperaturi de la -40 la + 200 \u00b0 C<\/li>\n\n\n\n<li>rezistent la ph de la 1-10<\/li>\n\n\n\n<li>Nu este citotoxic conform ISO 10993-5 + 12<\/li>\n\n\n\n<li>Densitate aproximativ 1,00 g \/ cm\u00b3<\/li>\n\n\n\n<li>Grosimea stratului: aprox.40-50nm<\/li>\n\n\n\n<li>F\u0103r\u0103 COV (f\u0103r\u0103 m\u0103rfuri periculoase)<\/li>\n\n\n\n<li>Propriet\u0103\u021bi puternice antiaderente (suprafe\u021bele se murd\u0103resc mult mai \u00eencet)<\/li>\n<\/ul>\n<\/div>\n<\/div>\n\n<div class=\"wp-block-columns is-layout-flex wp-container-core-columns-is-layout-9d6595d7 wp-block-columns-is-layout-flex\">\n<div class=\"wp-block-column is-layout-flow wp-block-column-is-layout-flow\">\n<p><br\/><br\/><br\/><br\/><br\/><br\/>S<strong>curte caracteristici<\/strong> Temperatura de aplicare: 0 &#8211; 45\u00b0C m\u00b2 pe litru: 100m\u00b2 Perioada de valabilitate a etan\u0219antului: 3-6 luni Perioada de valabilitate a lichidului: p\u00e2n\u0103 la 1 an Temperatura de depozitare: 0 &#8211; 30\u00b0C (protejat de lumina soarelui) Timp de \u00eent\u0103rire: 5 minute, suprafa\u021ba poate fi utilizat\u0103 imediat<\/p>\n\n\n\n<p><br\/><br\/>P<strong>achetul de livrare<\/strong>: 1 x sticl\u0103 de un litru 1 x descrierea produsului<\/p>\n<\/div>\n\n\n\n<div class=\"wp-block-column is-layout-flow wp-block-column-is-layout-flow\">\n<p><br\/><br\/><br\/><br\/>T<strong>este<\/strong> Test SMI Test de coroziune Sandwich, conform ASTM F 1110 Test de fisurare acrilic\u0103, conform ASTM F 484 Test de \u00eenmuiere a vopselei tip C, conform ASTM F 502 Test de fragilizare cu hidrogen, conform ASTM F 519-93<\/p>\n\n\n\n<p><br\/>Boeing a certificat DuPont\u2122 Marine Finishes:<strong>WB Rapid On &#8211; Deep Gloss Sealer &amp; Finisher<\/strong> a fost testat pe DuPont\u2122 Marine Finishes Topgloss SF \u0219i DP6940 Imron\u00ae Super Flow HS Clear Coat. Nu s-a observat niciun efect negativ asupra acoperirilor.<\/p>\n\n\n\n<p>Num\u0103r tarif vamal: 3402 9090, f\u0103r\u0103 m\u0103rfuri periculoase (NDG)<\/p>\n<\/div>\n<\/div>\n\n<hr\/>\n\n<h4 class=\"wp-block-heading\" id=\"application\">Aplica\u021bie<\/h4>\n\n<p><strong>V24 WB Rapid On &#8211; agent de etan\u0219are \u0219i finisaj pentru vopsea auto lucios<\/strong> poate fi aplicat optim la<strong> :<\/strong><\/p>\n\n<p><br\/><br\/>&#8211; Vopsea auto (ca agent de etan\u0219are de sine st\u0103t\u0103tor sau ca &#8220;finisaj&#8221; pe produsele noastre de etan\u0219are 640 \u0219i 660, cu un litru pute\u021bi etan\u0219a aprox. 8-10 ma\u0219ini) &#8211; B\u0103rci &#8211; \u00cen gospod\u0103rie, de ex.<br\/><br\/><br\/><br\/><br\/><br\/><br\/>pentru cabine de du\u0219, ferestre \u0219i rame de u\u0219i &#8211; suprafe\u021be din o\u021bel inoxidabil &#8211; suprafe\u021be vopsite \u0219i metalice &#8211; sticl\u0103 &#8211; materiale sintetice &#8211; cauciuc &#8211; crom &#8211; viziere (viziere pentru schiuri \u0219i motociclete, \u00een special dac\u0103 trebuie evitate etan\u0219\u0103rile pe baz\u0103 de solven\u021bi)<\/p>\n","protected":false},"excerpt":{"rendered":"<p><strong>Material de etan\u0219are \u0219i finisare premium cu luciu ad\u00e2nc<\/strong><\/p>\n<p>\u2713 ideal pentru vopsele auto<\/p>\n<p><em>\u2713<\/em> <em>pe baz\u0103 de ap\u0103 &#8211; rapid\u0103<\/em><\/p>\n","protected":false},"featured_media":18405,"template":"","meta":{"_acf_changed":false,"neve_meta_sidebar":"","neve_meta_container":"","neve_meta_enable_content_width":"","neve_meta_content_width":0,"neve_meta_title_alignment":"","neve_meta_author_avatar":"","neve_post_elements_order":"","neve_meta_disable_header":"","neve_meta_disable_footer":"","neve_meta_disable_title":"","neve_meta_reading_time":"","_surfaces":[],"_ver_product_tabs":[],"footnotes":""},"product_brand":[],"product_cat":[2201],"product_tag":[],"class_list":{"0":"post-24629","1":"product","2":"type-product","3":"status-publish","4":"has-post-thumbnail","6":"product_cat-etansarea-masinii","8":"first","9":"instock","10":"taxable","11":"shipping-taxable","12":"purchasable","13":"product-type-simple"},"acf":[],"yoast_head":"<!-- This site is optimized with the Yoast SEO Premium plugin v22.8 (Yoast SEO v27.5) - https:\/\/yoast.com\/product\/yoast-seo-premium-wordpress\/ -->\n<title>WB Rapid On - produs de etan\u0219are \u0219i finisaj pentru vopsea auto cu luciu profund - versiegelung24.com<\/title>\n<meta name=\"robots\" content=\"index, follow, max-snippet:-1, max-image-preview:large, max-video-preview:-1\" \/>\n<link rel=\"canonical\" href=\"https:\/\/www.versiegelung24.com\/ro\/wb-rapid-on-deep-gloss-autolack-sealing-finisher.html\" \/>\n<meta property=\"og:locale\" content=\"ro_RO\" \/>\n<meta property=\"og:type\" content=\"article\" \/>\n<meta property=\"og:title\" content=\"WB Rapid On - produs de etan\u0219are \u0219i finisaj pentru vopsea auto cu luciu profund\" \/>\n<meta property=\"og:description\" content=\"Material de etan\u0219are \u0219i finisare premium cu luciu ad\u00e2nc \u2713 ideal pentru vopsele auto \u2713 pe baz\u0103 de ap\u0103 - rapid\u0103\" \/>\n<meta property=\"og:url\" content=\"https:\/\/www.versiegelung24.com\/ro\/wb-rapid-on-deep-gloss-autolack-sealing-finisher.html\" \/>\n<meta property=\"og:site_name\" content=\"versiegelung24.com\" \/>\n<meta property=\"article:modified_time\" content=\"2025-01-03T23:04:54+00:00\" \/>\n<meta property=\"og:image\" content=\"https:\/\/www.versiegelung24.com\/wp-content\/uploads\/2020\/06\/produkt-5002-7654-1000-WB-Rapid-On-scaled.jpg\" \/>\n\t<meta property=\"og:image:width\" content=\"2560\" \/>\n\t<meta property=\"og:image:height\" content=\"2560\" \/>\n\t<meta property=\"og:image:type\" content=\"image\/jpeg\" \/>\n<meta name=\"twitter:card\" content=\"summary_large_image\" \/>\n<meta name=\"twitter:label1\" content=\"Pre\u021b\" \/>\n\t<meta name=\"twitter:data1\" content=\"69,00&euro;\" \/>\n\t<meta name=\"twitter:label2\" content=\"Disponibilitate\" \/>\n\t<meta name=\"twitter:data2\" content=\"\u00cen stoc\" \/>\n<script type=\"application\/ld+json\" class=\"yoast-schema-graph\">{\"@context\":\"https:\\\/\\\/schema.org\",\"@graph\":[{\"@type\":\"WebPage\",\"@id\":\"https:\\\/\\\/www.versiegelung24.com\\\/ro\\\/wb-rapid-on-deep-gloss-autolack-sealing-finisher.html\",\"url\":\"https:\\\/\\\/www.versiegelung24.com\\\/ro\\\/wb-rapid-on-deep-gloss-autolack-sealing-finisher.html\",\"name\":\"WB Rapid On - produs de etan\u0219are \u0219i finisaj pentru vopsea auto cu luciu profund - versiegelung24.com\",\"isPartOf\":{\"@id\":\"https:\\\/\\\/www.versiegelung24.com\\\/ro\\\/#website\"},\"primaryImageOfPage\":{\"@id\":\"https:\\\/\\\/www.versiegelung24.com\\\/ro\\\/wb-rapid-on-deep-gloss-autolack-sealing-finisher.html#primaryimage\"},\"image\":{\"@id\":\"https:\\\/\\\/www.versiegelung24.com\\\/ro\\\/wb-rapid-on-deep-gloss-autolack-sealing-finisher.html#primaryimage\"},\"thumbnailUrl\":\"https:\\\/\\\/www.versiegelung24.com\\\/wp-content\\\/uploads\\\/2020\\\/06\\\/produkt-5002-7654-1000-WB-Rapid-On-scaled.jpg\",\"datePublished\":\"2021-08-02T20:52:11+00:00\",\"dateModified\":\"2025-01-03T23:04:54+00:00\",\"breadcrumb\":{\"@id\":\"https:\\\/\\\/www.versiegelung24.com\\\/ro\\\/wb-rapid-on-deep-gloss-autolack-sealing-finisher.html#breadcrumb\"},\"inLanguage\":\"ro-RO\",\"potentialAction\":[{\"@type\":\"ReadAction\",\"target\":[\"https:\\\/\\\/www.versiegelung24.com\\\/ro\\\/wb-rapid-on-deep-gloss-autolack-sealing-finisher.html\"]}]},{\"@type\":\"ImageObject\",\"inLanguage\":\"ro-RO\",\"@id\":\"https:\\\/\\\/www.versiegelung24.com\\\/ro\\\/wb-rapid-on-deep-gloss-autolack-sealing-finisher.html#primaryimage\",\"url\":\"https:\\\/\\\/www.versiegelung24.com\\\/wp-content\\\/uploads\\\/2020\\\/06\\\/produkt-5002-7654-1000-WB-Rapid-On-scaled.jpg\",\"contentUrl\":\"https:\\\/\\\/www.versiegelung24.com\\\/wp-content\\\/uploads\\\/2020\\\/06\\\/produkt-5002-7654-1000-WB-Rapid-On-scaled.jpg\",\"width\":2560,\"height\":2560},{\"@type\":\"BreadcrumbList\",\"@id\":\"https:\\\/\\\/www.versiegelung24.com\\\/ro\\\/wb-rapid-on-deep-gloss-autolack-sealing-finisher.html#breadcrumb\",\"itemListElement\":[{\"@type\":\"ListItem\",\"position\":1,\"name\":\"Pagina de start\",\"item\":\"https:\\\/\\\/www.versiegelung24.com\\\/ro\\\/fata\\\/\"},{\"@type\":\"ListItem\",\"position\":2,\"name\":\"Magazin\",\"item\":\"https:\\\/\\\/www.versiegelung24.com\\\/ro\\\/magazin_ro\\\/\"},{\"@type\":\"ListItem\",\"position\":3,\"name\":\"WB Rapid On &#8211; produs de etan\u0219are \u0219i finisaj pentru vopsea auto cu luciu profund\"}]},{\"@type\":\"WebSite\",\"@id\":\"https:\\\/\\\/www.versiegelung24.com\\\/ro\\\/#website\",\"url\":\"https:\\\/\\\/www.versiegelung24.com\\\/ro\\\/\",\"name\":\"versiegelung24.com\",\"description\":\"Fl\u00fcssigglas-Versiegelung - Made in Germany\",\"publisher\":{\"@id\":\"https:\\\/\\\/www.versiegelung24.com\\\/ro\\\/#organization\"},\"potentialAction\":[{\"@type\":\"SearchAction\",\"target\":{\"@type\":\"EntryPoint\",\"urlTemplate\":\"https:\\\/\\\/www.versiegelung24.com\\\/ro\\\/?s={search_term_string}\"},\"query-input\":{\"@type\":\"PropertyValueSpecification\",\"valueRequired\":true,\"valueName\":\"search_term_string\"}}],\"inLanguage\":\"ro-RO\"},{\"@type\":\"Organization\",\"@id\":\"https:\\\/\\\/www.versiegelung24.com\\\/ro\\\/#organization\",\"name\":\"versiegelung24\",\"url\":\"https:\\\/\\\/www.versiegelung24.com\\\/ro\\\/\",\"logo\":{\"@type\":\"ImageObject\",\"inLanguage\":\"ro-RO\",\"@id\":\"https:\\\/\\\/www.versiegelung24.com\\\/ro\\\/#\\\/schema\\\/logo\\\/image\\\/\",\"url\":\"https:\\\/\\\/www.versiegelung24.com\\\/wp-content\\\/uploads\\\/2020\\\/04\\\/versiegelung24.png\",\"contentUrl\":\"https:\\\/\\\/www.versiegelung24.com\\\/wp-content\\\/uploads\\\/2020\\\/04\\\/versiegelung24.png\",\"width\":470,\"height\":102,\"caption\":\"versiegelung24\"},\"image\":{\"@id\":\"https:\\\/\\\/www.versiegelung24.com\\\/ro\\\/#\\\/schema\\\/logo\\\/image\\\/\"}}]}<\/script>\n<meta property=\"product:price:amount\" content=\"69.00\" \/>\n<meta property=\"product:price:currency\" content=\"EUR\" \/>\n<meta property=\"og:availability\" content=\"instock\" \/>\n<meta property=\"product:availability\" content=\"instock\" \/>\n<meta property=\"product:retailer_item_id\" content=\"5002-7654-1000\" \/>\n<meta property=\"product:condition\" content=\"new\" \/>\n<!-- \/ Yoast SEO Premium plugin. -->","yoast_head_json":{"title":"WB Rapid On - produs de etan\u0219are \u0219i finisaj pentru vopsea auto cu luciu profund - versiegelung24.com","robots":{"index":"index","follow":"follow","max-snippet":"max-snippet:-1","max-image-preview":"max-image-preview:large","max-video-preview":"max-video-preview:-1"},"canonical":"https:\/\/www.versiegelung24.com\/ro\/wb-rapid-on-deep-gloss-autolack-sealing-finisher.html","og_locale":"ro_RO","og_type":"article","og_title":"WB Rapid On - produs de etan\u0219are \u0219i finisaj pentru vopsea auto cu luciu profund","og_description":"Material de etan\u0219are \u0219i finisare premium cu luciu ad\u00e2nc \u2713 ideal pentru vopsele auto \u2713 pe baz\u0103 de ap\u0103 - rapid\u0103","og_url":"https:\/\/www.versiegelung24.com\/ro\/wb-rapid-on-deep-gloss-autolack-sealing-finisher.html","og_site_name":"versiegelung24.com","article_modified_time":"2025-01-03T23:04:54+00:00","og_image":[{"width":2560,"height":2560,"url":"https:\/\/www.versiegelung24.com\/wp-content\/uploads\/2020\/06\/produkt-5002-7654-1000-WB-Rapid-On-scaled.jpg","type":"image\/jpeg"}],"twitter_card":"summary_large_image","twitter_misc":{"Pre\u021b":"69,00&euro;","Disponibilitate":"\u00cen stoc"},"schema":{"@context":"https:\/\/schema.org","@graph":[{"@type":"WebPage","@id":"https:\/\/www.versiegelung24.com\/ro\/wb-rapid-on-deep-gloss-autolack-sealing-finisher.html","url":"https:\/\/www.versiegelung24.com\/ro\/wb-rapid-on-deep-gloss-autolack-sealing-finisher.html","name":"WB Rapid On - produs de etan\u0219are \u0219i finisaj pentru vopsea auto cu luciu profund - versiegelung24.com","isPartOf":{"@id":"https:\/\/www.versiegelung24.com\/ro\/#website"},"primaryImageOfPage":{"@id":"https:\/\/www.versiegelung24.com\/ro\/wb-rapid-on-deep-gloss-autolack-sealing-finisher.html#primaryimage"},"image":{"@id":"https:\/\/www.versiegelung24.com\/ro\/wb-rapid-on-deep-gloss-autolack-sealing-finisher.html#primaryimage"},"thumbnailUrl":"https:\/\/www.versiegelung24.com\/wp-content\/uploads\/2020\/06\/produkt-5002-7654-1000-WB-Rapid-On-scaled.jpg","datePublished":"2021-08-02T20:52:11+00:00","dateModified":"2025-01-03T23:04:54+00:00","breadcrumb":{"@id":"https:\/\/www.versiegelung24.com\/ro\/wb-rapid-on-deep-gloss-autolack-sealing-finisher.html#breadcrumb"},"inLanguage":"ro-RO","potentialAction":[{"@type":"ReadAction","target":["https:\/\/www.versiegelung24.com\/ro\/wb-rapid-on-deep-gloss-autolack-sealing-finisher.html"]}]},{"@type":"ImageObject","inLanguage":"ro-RO","@id":"https:\/\/www.versiegelung24.com\/ro\/wb-rapid-on-deep-gloss-autolack-sealing-finisher.html#primaryimage","url":"https:\/\/www.versiegelung24.com\/wp-content\/uploads\/2020\/06\/produkt-5002-7654-1000-WB-Rapid-On-scaled.jpg","contentUrl":"https:\/\/www.versiegelung24.com\/wp-content\/uploads\/2020\/06\/produkt-5002-7654-1000-WB-Rapid-On-scaled.jpg","width":2560,"height":2560},{"@type":"BreadcrumbList","@id":"https:\/\/www.versiegelung24.com\/ro\/wb-rapid-on-deep-gloss-autolack-sealing-finisher.html#breadcrumb","itemListElement":[{"@type":"ListItem","position":1,"name":"Pagina de start","item":"https:\/\/www.versiegelung24.com\/ro\/fata\/"},{"@type":"ListItem","position":2,"name":"Magazin","item":"https:\/\/www.versiegelung24.com\/ro\/magazin_ro\/"},{"@type":"ListItem","position":3,"name":"WB Rapid On &#8211; produs de etan\u0219are \u0219i finisaj pentru vopsea auto cu luciu profund"}]},{"@type":"WebSite","@id":"https:\/\/www.versiegelung24.com\/ro\/#website","url":"https:\/\/www.versiegelung24.com\/ro\/","name":"versiegelung24.com","description":"Fl\u00fcssigglas-Versiegelung - Made in Germany","publisher":{"@id":"https:\/\/www.versiegelung24.com\/ro\/#organization"},"potentialAction":[{"@type":"SearchAction","target":{"@type":"EntryPoint","urlTemplate":"https:\/\/www.versiegelung24.com\/ro\/?s={search_term_string}"},"query-input":{"@type":"PropertyValueSpecification","valueRequired":true,"valueName":"search_term_string"}}],"inLanguage":"ro-RO"},{"@type":"Organization","@id":"https:\/\/www.versiegelung24.com\/ro\/#organization","name":"versiegelung24","url":"https:\/\/www.versiegelung24.com\/ro\/","logo":{"@type":"ImageObject","inLanguage":"ro-RO","@id":"https:\/\/www.versiegelung24.com\/ro\/#\/schema\/logo\/image\/","url":"https:\/\/www.versiegelung24.com\/wp-content\/uploads\/2020\/04\/versiegelung24.png","contentUrl":"https:\/\/www.versiegelung24.com\/wp-content\/uploads\/2020\/04\/versiegelung24.png","width":470,"height":102,"caption":"versiegelung24"},"image":{"@id":"https:\/\/www.versiegelung24.com\/ro\/#\/schema\/logo\/image\/"}}]},"product_price_amount":"69.00","product_price_currency":"EUR","og_availability":"instock","product_availability":"instock","product_retailer_item_id":"5002-7654-1000","product_condition":"new"},"_links":{"self":[{"href":"https:\/\/www.versiegelung24.com\/ro\/wp-json\/wp\/v2\/product\/24629","targetHints":{"allow":["GET"]}}],"collection":[{"href":"https:\/\/www.versiegelung24.com\/ro\/wp-json\/wp\/v2\/product"}],"about":[{"href":"https:\/\/www.versiegelung24.com\/ro\/wp-json\/wp\/v2\/types\/product"}],"version-history":[{"count":10,"href":"https:\/\/www.versiegelung24.com\/ro\/wp-json\/wp\/v2\/product\/24629\/revisions"}],"predecessor-version":[{"id":174284,"href":"https:\/\/www.versiegelung24.com\/ro\/wp-json\/wp\/v2\/product\/24629\/revisions\/174284"}],"wp:featuredmedia":[{"embeddable":true,"href":"https:\/\/www.versiegelung24.com\/ro\/wp-json\/wp\/v2\/media\/18405"}],"wp:attachment":[{"href":"https:\/\/www.versiegelung24.com\/ro\/wp-json\/wp\/v2\/media?parent=24629"}],"wp:term":[{"taxonomy":"product_brand","embeddable":true,"href":"https:\/\/www.versiegelung24.com\/ro\/wp-json\/wp\/v2\/product_brand?post=24629"},{"taxonomy":"product_cat","embeddable":true,"href":"https:\/\/www.versiegelung24.com\/ro\/wp-json\/wp\/v2\/product_cat?post=24629"},{"taxonomy":"product_tag","embeddable":true,"href":"https:\/\/www.versiegelung24.com\/ro\/wp-json\/wp\/v2\/product_tag?post=24629"}],"curies":[{"name":"wp","href":"https:\/\/api.w.org\/{rel}","templated":true}]}}