{"id":24645,"date":"2020-06-24T11:29:30","date_gmt":"2020-06-24T09:29:30","guid":{"rendered":"https:\/\/www.versiegelung24.com\/produkt\/model-etansare-piatra-naturala"},"modified":"2025-01-04T00:29:54","modified_gmt":"2025-01-03T23:29:54","slug":"model-de-etansare-a-pietrei-naturale","status":"publish","type":"product","link":"https:\/\/www.versiegelung24.com\/ro\/model-de-etansare-a-pietrei-naturale.html","title":{"rendered":"Mostr\u0103: Etan\u0219ant pentru piatr\u0103 natural\u0103 &#8211; 3003-7620"},"content":{"rendered":"<p>Proba noastr\u0103<a href=\"https:\/\/www.versiegelung24.com\/ro\/etansarea-pietrei-naturale-in-calitate-profesionala.html\"> Etan\u0219area pietrei naturale<\/a> pentru aplicarea testului sau etan\u0219area suprafe\u021belor mai mici.<\/p>\n","protected":false},"excerpt":{"rendered":"<p><strong>Etan\u0219are cu piatr\u0103 natural\u0103 foarte eficient\u0103 pentru utilizare \u00een interior \u0219i exterior:<\/strong> <\/p>\n<p>\u2713 Potrivit pentru toate suprafe\u021bele din piatr\u0103 natural\u0103 mineral\u0103, absorbant\u0103<\/p>\n<p>\u2713 Efect u\u0219or de cur\u0103\u021bat: murd\u0103ria nu ader\u0103 \u0219i poate fi \u00eendep\u0103rtat\u0103 cu u\u0219urin\u021b\u0103<\/p>\n<p>\u2713 Absolut invizibil: aspectul \u0219i senza\u021bia neschimbate ale suprafe\u021bei<\/p>\n<p>\u2713 Efect de profunzime de lung\u0103 durat\u0103 de-a lungul multor ani<\/p>\n<p>\u2713 Efect de perl\u0103 de lotus hidrofug<\/p>\n","protected":false},"featured_media":14617,"template":"","meta":{"_acf_changed":false,"neve_meta_sidebar":"","neve_meta_container":"","neve_meta_enable_content_width":"","neve_meta_content_width":0,"neve_meta_title_alignment":"","neve_meta_author_avatar":"","neve_post_elements_order":"","neve_meta_disable_header":"","neve_meta_disable_footer":"","neve_meta_disable_title":"","neve_meta_reading_time":"","_surfaces":[],"_ver_product_tabs":[],"footnotes":""},"product_brand":[],"product_cat":[2671],"product_tag":[],"class_list":{"0":"post-24645","1":"product","2":"type-product","3":"status-publish","4":"has-post-thumbnail","6":"product_cat-sablon-ro","7":"pa_gebinde-flacon-de-50-ml-ro","8":"pa_gebinde-flacon-de-100-ml-ro","10":"first","11":"instock","12":"sold-individually","13":"taxable","14":"shipping-taxable","15":"purchasable","16":"product-type-simple"},"acf":[],"yoast_head":"<!-- This site is optimized with the Yoast SEO Premium plugin v22.8 (Yoast SEO v27.3) - https:\/\/yoast.com\/product\/yoast-seo-premium-wordpress\/ -->\n<title>Mostr\u0103: Etan\u0219ant pentru piatr\u0103 natural\u0103 - 3003-7620 - versiegelung24.com<\/title>\n<meta name=\"robots\" content=\"index, follow, max-snippet:-1, max-image-preview:large, max-video-preview:-1\" \/>\n<link rel=\"canonical\" href=\"https:\/\/www.versiegelung24.com\/ro\/model-de-etansare-a-pietrei-naturale.html\" \/>\n<meta property=\"og:locale\" content=\"ro_RO\" \/>\n<meta property=\"og:type\" content=\"article\" \/>\n<meta property=\"og:title\" content=\"Mostr\u0103: Etan\u0219ant pentru piatr\u0103 natural\u0103 - 3003-7620\" \/>\n<meta property=\"og:description\" content=\"Etan\u0219are cu piatr\u0103 natural\u0103 foarte eficient\u0103 pentru utilizare \u00een interior \u0219i exterior: \u2713 Potrivit pentru toate suprafe\u021bele din piatr\u0103 natural\u0103 mineral\u0103, absorbant\u0103 \u2713 Efect u\u0219or de cur\u0103\u021bat: murd\u0103ria nu ader\u0103 \u0219i poate fi \u00eendep\u0103rtat\u0103 cu u\u0219urin\u021b\u0103 \u2713 Absolut invizibil: aspectul \u0219i senza\u021bia neschimbate ale suprafe\u021bei \u2713 Efect de profunzime de lung\u0103 durat\u0103 de-a lungul multor ani \u2713 Efect de perl\u0103 de lotus hidrofug\" \/>\n<meta property=\"og:url\" content=\"https:\/\/www.versiegelung24.com\/ro\/model-de-etansare-a-pietrei-naturale.html\" \/>\n<meta property=\"og:site_name\" content=\"versiegelung24.com\" \/>\n<meta property=\"article:modified_time\" content=\"2025-01-03T23:29:54+00:00\" \/>\n<meta property=\"og:image\" content=\"https:\/\/www.versiegelung24.com\/wp-content\/uploads\/2020\/04\/versiegelung-muster.png\" \/>\n\t<meta property=\"og:image:width\" content=\"1000\" \/>\n\t<meta property=\"og:image:height\" content=\"1000\" \/>\n\t<meta property=\"og:image:type\" content=\"image\/png\" \/>\n<meta name=\"twitter:card\" content=\"summary_large_image\" \/>\n<meta name=\"twitter:label1\" content=\"Pre\u021b\" \/>\n\t<meta name=\"twitter:data1\" content=\"14,99&euro;\" \/>\n\t<meta name=\"twitter:label2\" content=\"Disponibilitate\" \/>\n\t<meta name=\"twitter:data2\" content=\"\u00cen stoc\" \/>\n<script type=\"application\/ld+json\" class=\"yoast-schema-graph\">{\"@context\":\"https:\\\/\\\/schema.org\",\"@graph\":[{\"@type\":\"WebPage\",\"@id\":\"https:\\\/\\\/www.versiegelung24.com\\\/ro\\\/model-de-etansare-a-pietrei-naturale.html\",\"url\":\"https:\\\/\\\/www.versiegelung24.com\\\/ro\\\/model-de-etansare-a-pietrei-naturale.html\",\"name\":\"Mostr\u0103: Etan\u0219ant pentru piatr\u0103 natural\u0103 - 3003-7620 - versiegelung24.com\",\"isPartOf\":{\"@id\":\"https:\\\/\\\/www.versiegelung24.com\\\/ro\\\/#website\"},\"primaryImageOfPage\":{\"@id\":\"https:\\\/\\\/www.versiegelung24.com\\\/ro\\\/model-de-etansare-a-pietrei-naturale.html#primaryimage\"},\"image\":{\"@id\":\"https:\\\/\\\/www.versiegelung24.com\\\/ro\\\/model-de-etansare-a-pietrei-naturale.html#primaryimage\"},\"thumbnailUrl\":\"https:\\\/\\\/www.versiegelung24.com\\\/wp-content\\\/uploads\\\/2020\\\/04\\\/versiegelung-muster.png\",\"datePublished\":\"2020-06-24T09:29:30+00:00\",\"dateModified\":\"2025-01-03T23:29:54+00:00\",\"breadcrumb\":{\"@id\":\"https:\\\/\\\/www.versiegelung24.com\\\/ro\\\/model-de-etansare-a-pietrei-naturale.html#breadcrumb\"},\"inLanguage\":\"ro-RO\",\"potentialAction\":[{\"@type\":\"ReadAction\",\"target\":[\"https:\\\/\\\/www.versiegelung24.com\\\/ro\\\/model-de-etansare-a-pietrei-naturale.html\"]}]},{\"@type\":\"ImageObject\",\"inLanguage\":\"ro-RO\",\"@id\":\"https:\\\/\\\/www.versiegelung24.com\\\/ro\\\/model-de-etansare-a-pietrei-naturale.html#primaryimage\",\"url\":\"https:\\\/\\\/www.versiegelung24.com\\\/wp-content\\\/uploads\\\/2020\\\/04\\\/versiegelung-muster.png\",\"contentUrl\":\"https:\\\/\\\/www.versiegelung24.com\\\/wp-content\\\/uploads\\\/2020\\\/04\\\/versiegelung-muster.png\",\"width\":1000,\"height\":1000},{\"@type\":\"BreadcrumbList\",\"@id\":\"https:\\\/\\\/www.versiegelung24.com\\\/ro\\\/model-de-etansare-a-pietrei-naturale.html#breadcrumb\",\"itemListElement\":[{\"@type\":\"ListItem\",\"position\":1,\"name\":\"Pagina de start\",\"item\":\"https:\\\/\\\/www.versiegelung24.com\\\/ro\\\/fata\\\/\"},{\"@type\":\"ListItem\",\"position\":2,\"name\":\"Magazin\",\"item\":\"https:\\\/\\\/www.versiegelung24.com\\\/ro\\\/magazin_ro\\\/\"},{\"@type\":\"ListItem\",\"position\":3,\"name\":\"Mostr\u0103: Etan\u0219ant pentru piatr\u0103 natural\u0103 &#8211; 3003-7620\"}]},{\"@type\":\"WebSite\",\"@id\":\"https:\\\/\\\/www.versiegelung24.com\\\/ro\\\/#website\",\"url\":\"https:\\\/\\\/www.versiegelung24.com\\\/ro\\\/\",\"name\":\"versiegelung24.com\",\"description\":\"Fl\u00fcssigglas-Versiegelung - Made in Germany\",\"publisher\":{\"@id\":\"https:\\\/\\\/www.versiegelung24.com\\\/ro\\\/#organization\"},\"potentialAction\":[{\"@type\":\"SearchAction\",\"target\":{\"@type\":\"EntryPoint\",\"urlTemplate\":\"https:\\\/\\\/www.versiegelung24.com\\\/ro\\\/?s={search_term_string}\"},\"query-input\":{\"@type\":\"PropertyValueSpecification\",\"valueRequired\":true,\"valueName\":\"search_term_string\"}}],\"inLanguage\":\"ro-RO\"},{\"@type\":\"Organization\",\"@id\":\"https:\\\/\\\/www.versiegelung24.com\\\/ro\\\/#organization\",\"name\":\"versiegelung24\",\"url\":\"https:\\\/\\\/www.versiegelung24.com\\\/ro\\\/\",\"logo\":{\"@type\":\"ImageObject\",\"inLanguage\":\"ro-RO\",\"@id\":\"https:\\\/\\\/www.versiegelung24.com\\\/ro\\\/#\\\/schema\\\/logo\\\/image\\\/\",\"url\":\"https:\\\/\\\/www.versiegelung24.com\\\/wp-content\\\/uploads\\\/2020\\\/04\\\/versiegelung24.png\",\"contentUrl\":\"https:\\\/\\\/www.versiegelung24.com\\\/wp-content\\\/uploads\\\/2020\\\/04\\\/versiegelung24.png\",\"width\":470,\"height\":102,\"caption\":\"versiegelung24\"},\"image\":{\"@id\":\"https:\\\/\\\/www.versiegelung24.com\\\/ro\\\/#\\\/schema\\\/logo\\\/image\\\/\"}}]}<\/script>\n<meta property=\"product:price:amount\" content=\"14.99\" \/>\n<meta property=\"product:price:currency\" content=\"EUR\" \/>\n<meta property=\"og:availability\" content=\"instock\" \/>\n<meta property=\"product:availability\" content=\"instock\" \/>\n<meta property=\"product:retailer_item_id\" content=\"3003-7620-muster\" \/>\n<meta property=\"product:condition\" content=\"new\" \/>\n<!-- \/ Yoast SEO Premium plugin. -->","yoast_head_json":{"title":"Mostr\u0103: Etan\u0219ant pentru piatr\u0103 natural\u0103 - 3003-7620 - versiegelung24.com","robots":{"index":"index","follow":"follow","max-snippet":"max-snippet:-1","max-image-preview":"max-image-preview:large","max-video-preview":"max-video-preview:-1"},"canonical":"https:\/\/www.versiegelung24.com\/ro\/model-de-etansare-a-pietrei-naturale.html","og_locale":"ro_RO","og_type":"article","og_title":"Mostr\u0103: Etan\u0219ant pentru piatr\u0103 natural\u0103 - 3003-7620","og_description":"Etan\u0219are cu piatr\u0103 natural\u0103 foarte eficient\u0103 pentru utilizare \u00een interior \u0219i exterior: \u2713 Potrivit pentru toate suprafe\u021bele din piatr\u0103 natural\u0103 mineral\u0103, absorbant\u0103 \u2713 Efect u\u0219or de cur\u0103\u021bat: murd\u0103ria nu ader\u0103 \u0219i poate fi \u00eendep\u0103rtat\u0103 cu u\u0219urin\u021b\u0103 \u2713 Absolut invizibil: aspectul \u0219i senza\u021bia neschimbate ale suprafe\u021bei \u2713 Efect de profunzime de lung\u0103 durat\u0103 de-a lungul multor ani \u2713 Efect de perl\u0103 de lotus hidrofug","og_url":"https:\/\/www.versiegelung24.com\/ro\/model-de-etansare-a-pietrei-naturale.html","og_site_name":"versiegelung24.com","article_modified_time":"2025-01-03T23:29:54+00:00","og_image":[{"width":1000,"height":1000,"url":"https:\/\/www.versiegelung24.com\/wp-content\/uploads\/2020\/04\/versiegelung-muster.png","type":"image\/png"}],"twitter_card":"summary_large_image","twitter_misc":{"Pre\u021b":"14,99&euro;","Disponibilitate":"\u00cen stoc"},"schema":{"@context":"https:\/\/schema.org","@graph":[{"@type":"WebPage","@id":"https:\/\/www.versiegelung24.com\/ro\/model-de-etansare-a-pietrei-naturale.html","url":"https:\/\/www.versiegelung24.com\/ro\/model-de-etansare-a-pietrei-naturale.html","name":"Mostr\u0103: Etan\u0219ant pentru piatr\u0103 natural\u0103 - 3003-7620 - versiegelung24.com","isPartOf":{"@id":"https:\/\/www.versiegelung24.com\/ro\/#website"},"primaryImageOfPage":{"@id":"https:\/\/www.versiegelung24.com\/ro\/model-de-etansare-a-pietrei-naturale.html#primaryimage"},"image":{"@id":"https:\/\/www.versiegelung24.com\/ro\/model-de-etansare-a-pietrei-naturale.html#primaryimage"},"thumbnailUrl":"https:\/\/www.versiegelung24.com\/wp-content\/uploads\/2020\/04\/versiegelung-muster.png","datePublished":"2020-06-24T09:29:30+00:00","dateModified":"2025-01-03T23:29:54+00:00","breadcrumb":{"@id":"https:\/\/www.versiegelung24.com\/ro\/model-de-etansare-a-pietrei-naturale.html#breadcrumb"},"inLanguage":"ro-RO","potentialAction":[{"@type":"ReadAction","target":["https:\/\/www.versiegelung24.com\/ro\/model-de-etansare-a-pietrei-naturale.html"]}]},{"@type":"ImageObject","inLanguage":"ro-RO","@id":"https:\/\/www.versiegelung24.com\/ro\/model-de-etansare-a-pietrei-naturale.html#primaryimage","url":"https:\/\/www.versiegelung24.com\/wp-content\/uploads\/2020\/04\/versiegelung-muster.png","contentUrl":"https:\/\/www.versiegelung24.com\/wp-content\/uploads\/2020\/04\/versiegelung-muster.png","width":1000,"height":1000},{"@type":"BreadcrumbList","@id":"https:\/\/www.versiegelung24.com\/ro\/model-de-etansare-a-pietrei-naturale.html#breadcrumb","itemListElement":[{"@type":"ListItem","position":1,"name":"Pagina de start","item":"https:\/\/www.versiegelung24.com\/ro\/fata\/"},{"@type":"ListItem","position":2,"name":"Magazin","item":"https:\/\/www.versiegelung24.com\/ro\/magazin_ro\/"},{"@type":"ListItem","position":3,"name":"Mostr\u0103: Etan\u0219ant pentru piatr\u0103 natural\u0103 &#8211; 3003-7620"}]},{"@type":"WebSite","@id":"https:\/\/www.versiegelung24.com\/ro\/#website","url":"https:\/\/www.versiegelung24.com\/ro\/","name":"versiegelung24.com","description":"Fl\u00fcssigglas-Versiegelung - Made in Germany","publisher":{"@id":"https:\/\/www.versiegelung24.com\/ro\/#organization"},"potentialAction":[{"@type":"SearchAction","target":{"@type":"EntryPoint","urlTemplate":"https:\/\/www.versiegelung24.com\/ro\/?s={search_term_string}"},"query-input":{"@type":"PropertyValueSpecification","valueRequired":true,"valueName":"search_term_string"}}],"inLanguage":"ro-RO"},{"@type":"Organization","@id":"https:\/\/www.versiegelung24.com\/ro\/#organization","name":"versiegelung24","url":"https:\/\/www.versiegelung24.com\/ro\/","logo":{"@type":"ImageObject","inLanguage":"ro-RO","@id":"https:\/\/www.versiegelung24.com\/ro\/#\/schema\/logo\/image\/","url":"https:\/\/www.versiegelung24.com\/wp-content\/uploads\/2020\/04\/versiegelung24.png","contentUrl":"https:\/\/www.versiegelung24.com\/wp-content\/uploads\/2020\/04\/versiegelung24.png","width":470,"height":102,"caption":"versiegelung24"},"image":{"@id":"https:\/\/www.versiegelung24.com\/ro\/#\/schema\/logo\/image\/"}}]},"product_price_amount":"14.99","product_price_currency":"EUR","og_availability":"instock","product_availability":"instock","product_retailer_item_id":"3003-7620-muster","product_condition":"new"},"_links":{"self":[{"href":"https:\/\/www.versiegelung24.com\/ro\/wp-json\/wp\/v2\/product\/24645","targetHints":{"allow":["GET"]}}],"collection":[{"href":"https:\/\/www.versiegelung24.com\/ro\/wp-json\/wp\/v2\/product"}],"about":[{"href":"https:\/\/www.versiegelung24.com\/ro\/wp-json\/wp\/v2\/types\/product"}],"version-history":[{"count":2,"href":"https:\/\/www.versiegelung24.com\/ro\/wp-json\/wp\/v2\/product\/24645\/revisions"}],"predecessor-version":[{"id":140982,"href":"https:\/\/www.versiegelung24.com\/ro\/wp-json\/wp\/v2\/product\/24645\/revisions\/140982"}],"wp:featuredmedia":[{"embeddable":true,"href":"https:\/\/www.versiegelung24.com\/ro\/wp-json\/wp\/v2\/media\/14617"}],"wp:attachment":[{"href":"https:\/\/www.versiegelung24.com\/ro\/wp-json\/wp\/v2\/media?parent=24645"}],"wp:term":[{"taxonomy":"product_brand","embeddable":true,"href":"https:\/\/www.versiegelung24.com\/ro\/wp-json\/wp\/v2\/product_brand?post=24645"},{"taxonomy":"product_cat","embeddable":true,"href":"https:\/\/www.versiegelung24.com\/ro\/wp-json\/wp\/v2\/product_cat?post=24645"},{"taxonomy":"product_tag","embeddable":true,"href":"https:\/\/www.versiegelung24.com\/ro\/wp-json\/wp\/v2\/product_tag?post=24645"}],"curies":[{"name":"wp","href":"https:\/\/api.w.org\/{rel}","templated":true}]}}