{"id":24695,"date":"2020-04-04T18:53:45","date_gmt":"2021-08-02T20:58:32","guid":{"rendered":"https:\/\/www.versiegelung24.com\/produkt\/etansare-premium-pentru-beton-si-piatra-impermeabilitate-extrema-a-apei-nu-este-respirabil"},"modified":"2025-01-03T23:54:11","modified_gmt":"2025-01-03T22:54:11","slug":"etansare-pentru-piatra-beton-premium-impermeabil-extrem-impermeabil-non-respirabil","status":"publish","type":"product","link":"https:\/\/www.versiegelung24.com\/ro\/etansare-pentru-piatra-beton-premium-impermeabil-extrem-impermeabil-non-respirabil.html","title":{"rendered":"Etan\u0219are premium pentru beton \u0219i piatr\u0103 cu intensificare a culorii &#8211; nu este respirabil\u0103"},"content":{"rendered":"\n<p>Etan\u0219area noastr\u0103 premium pentru beton \u0219i piatr\u0103 protejeaz\u0103 eficient \u0219i permanent suprafe\u021bele de influen\u021bele externe \u0219i contracareaz\u0103 clar penetrarea uleiului, gr\u0103similor, cafelei \u0219i vinului ro\u0219u. \u00cen plus, stratul protector de lac transparent las\u0103 o pelicul\u0103 intensificatoare de culoare, lucioas\u0103, care \u00eembun\u0103t\u0103\u021be\u0219te vizibil suprafa\u021ba tratat\u0103.<\/p>\n\n<hr\/>\n\n<h4 class=\"wp-block-heading\" id=\"video\"><strong>Practica\u021bi video &#8211; proteja\u021bi \u00een mod eficient figurile \u0219i sculpturile din piatr\u0103 din gr\u0103din\u0103 de influen\u021bele mediului<\/strong><\/h4>\n\n<figure class=\"wp-block-embed aligncenter is-type-video is-provider-youtube wp-block-embed-youtube wp-embed-aspect-16-9 wp-has-aspect-ratio\"><div class=\"wp-block-embed__wrapper\"> \n<div class=\"nv-iframe-embed\"><iframe title=\"Steinfiguren &amp; Steinskulpturen wetterfest machen - Versiegelung \/ Impr\u00e4gnierung mit Farbvertiefung\" width=\"1200\" height=\"675\" src=\"https:\/\/www.youtube.com\/embed\/sSjv-OlqOgI?feature=oembed\" frameborder=\"0\" allow=\"accelerometer; autoplay; clipboard-write; encrypted-media; gyroscope; picture-in-picture\" allowfullscreen><\/iframe><\/div>\n <\/div><\/figure>\n\n<hr\/>\n\n<h4 class=\"wp-block-heading\" id=\"properties\">Caracteristicile produsului<\/h4>\n\n<div class=\"wp-block-columns is-layout-flex wp-container-core-columns-is-layout-9d6595d7 wp-block-columns-is-layout-flex\">\n<div class=\"wp-block-column is-layout-flow wp-block-column-is-layout-flow\">\n<p>\u2713 Protec\u021bie permanent\u0103 eficient\u0103 a suprafe\u021bei \u00eempotriva apei, murd\u0103riei \u0219i intemperiilor<\/p>\n\n\n\n<p>\u2713 previne cre\u0219terea mu\u0219chilor, lichenilor, ciupercilor \u0219i a altor influen\u021be naturale<\/p>\n\n\n\n<p>\u2713 Acoperire cu lac transparent 100% solid<\/p>\n\n\n\n<p>\u2713 rezisten\u021b\u0103 ridicat\u0103 la abraziune prin tehnologia nano SiO\u00b2<\/p>\n\n\n\n<p>\u2713 suprafe\u021bele tratate nu sunt respirabile<\/p>\n\n\n\n<p>\u2713 Efect de ad\u00e2ncire a culorii cu un film lucios \/ \u00eembun\u0103t\u0103\u021birea suprafe\u021bei<\/p>\n\n\n\n<p>\u2713 hidrofobie foarte puternic\u0103<\/p>\n\n\n\n<p>\u2713 Reducerea semnificativ\u0103 a penetr\u0103rii uleiului \u0219i a gr\u0103similor, cafelei, vinului ro\u0219u<\/p>\n\n\n\n<p>\u2713 Rezistent la \u00eenghe\u021b (ghea\u021ba \u0219i z\u0103pada nu o deterioreaz\u0103)<\/p>\n\n\n\n<p>\u2713 Stabil la UV<\/p>\n\n\n\n<p>\u2713 Efect u\u0219or de cur\u0103\u021bat: murd\u0103rie<\/p>\n\n\n\n<p>\u2713 Rezistent la temperaturi de p\u00e2n\u0103 la 1.000\u00b0C (cu expunere de scurt\u0103 durat\u0103)<\/p>\n\n\n\n<p><\/p>\n\n\n\n<p><br\/>Pachetul de livrare: 1 x sticl\u0103 de un litru<\/p>\n<\/div>\n\n\n\n<div class=\"wp-block-column is-layout-flow wp-block-column-is-layout-flow\">\n<p><strong>Nano-acoperire extrem de eficient\u0103, hidrofug\u0103, rezistent\u0103 la abraziune, pentru toate suprafe\u021bele minerale absorbante.<\/strong><\/p>\n\n\n\n<p>Nu este respirabil<\/p>\n\n\n\n<p>Num\u0103r articol: 3008-704<\/p>\n\n\n\n<p>\u00cenalt\u0103 calitate Fabricat \u00een Germania<\/p>\n\n\n\n<p><strong>siguran\u021ba produsului<\/strong><\/p>\n\n\n\n<p>Informa\u021bii privind clasificarea produsului \u00een cadrul Ordonan\u021bei privind substan\u021bele periculoase, datele de siguran\u021b\u0103 \u0219i datele privind toxicologie \u0219i depozitare pot fi g\u0103site \u00een fi\u0219a noastr\u0103 cu date de securitate.<\/p>\n\n\n\n<p>Acorda\u021bi aten\u021bie echipamentelor de protec\u021bie adecvate atunci c\u00e2nd utiliza\u021bi. La comand\u0103, v\u0103 recomand\u0103m s\u0103 purta\u021bi m\u0103\u0219ti respiratorii adecvate \u0219i m\u0103nu\u0219i de cauciuc.<\/p>\n\n\n\n<p>\u00cen caz de contact cu pielea, sp\u0103la\u021bi bine zonele cu ap\u0103 \u0219i s\u0103pun.<\/p>\n\n\n\n<p><strong>depozitare<\/strong><\/p>\n\n\n\n<p>V24 Concrete and Stone Sealing Extreme poate fi p\u0103strat timp de cel pu\u021bin 12 luni \u00een recipientul original \u00eenchis la temperaturi de depozitare de +5 p\u00e2n\u0103 la + 25 \u00b0 C.<\/p>\n\n\n\n<p>Recipientele deschise trebuie utilizate cu o notificare scurt\u0103.<\/p>\n\n\n\n<p>O perioad\u0103 mai lung\u0103 de depozitare nu \u00eenseamn\u0103 neap\u0103rat c\u0103 produsul este inutilizabil, totu\u0219i, \u00een ceea ce prive\u0219te asigurarea calit\u0103\u021bii, trebuie verificate propriet\u0103\u021bile dorite pentru utilizarea prev\u0103zut\u0103.<\/p>\n<\/div>\n<\/div>\n\n<hr\/>\n\n<h4 class=\"wp-block-heading\" id=\"application\">Aplica\u021bie<\/h4>\n\n<div class=\"wp-block-columns is-layout-flex wp-container-core-columns-is-layout-9d6595d7 wp-block-columns-is-layout-flex\">\n<div class=\"wp-block-column is-layout-flow wp-block-column-is-layout-flow\">\n<ul class=\"wp-block-list\">\n<li><strong>V24 beton \u0219i piatr\u0103 de etan\u0219are extrem\u0103<\/strong> se livreaz\u0103 gata de utilizare \u0219i se aplic\u0103 nediluat pe suprafa\u021ba pre-cur\u0103\u021bat\u0103 \u0219i uscat\u0103. O dilu\u021bie cu alcool este posibil\u0103 \u00een func\u021bie de aplicare.<\/li>\n<\/ul>\n\n\n\n<ul class=\"wp-block-list\">\n<li>Toate suprafe\u021bele care trebuie tratate trebuie s\u0103 fie uscate \u0219i bine cur\u0103\u021bate, deoarece aceasta este singura modalitate de a asigura o penetrare profund\u0103 a materialului de etan\u0219are, care are un efect optim pe termen lung \u0219i profund.<\/li>\n<\/ul>\n\n\n\n<ul class=\"wp-block-list\">\n<li>Dup\u0103 aplicare, produsul <strong><strong>V24 Beton \u0219i piatr\u0103 Sealer extreme<\/strong><\/strong> trebuie s\u0103 r\u0103m\u00e2n\u0103 \u00een contact cu suprafa\u021ba timp de c\u00e2teva secunde ca un film lichid.<\/li>\n<\/ul>\n\n\n\n<ul class=\"wp-block-list\">\n<li>Acoperirea este complet reticulat\u0103 \u0219i \u00eent\u0103rit\u0103 dup\u0103 24 de ore.<\/li>\n<\/ul>\n\n\n\n<p>O descriere detaliat\u0103 a aplica\u021biei poate fi g\u0103sit\u0103 \u00een fi\u0219a noastr\u0103 de date<\/p>\n<\/div>\n\n\n\n<div class=\"wp-block-column is-layout-flow wp-block-column-is-layout-flow\">\n<p>Acoperire de lac transparent de protec\u021bie pentru toate suprafe\u021bele minerale, beton absorbant \u0219i piatr\u0103, \u00een interior \u0219i \u00een exterior.<\/p>\n\n\n\n<p>\u2713 Beton (bloc de beton, pavaj din beton, sc\u0103ri, pardoseli de garaj \u0219i atelier, zone de beton expuse &#8230;)<\/p>\n\n\n\n<p>\u2713 Piatra (piatr\u0103 natural\u0103, pavaj, granit, c\u0103r\u0103mid\u0103 nisip-var, ardezie, zid\u0103rie, alee &#8230;)<\/p>\n\n\n\n<p><strong>Important:<\/strong> Utilizarea este limitat\u0103 pe suprafe\u021be foarte lustruite cu absorb\u021bie sc\u0103zut\u0103, deoarece aici nu poate avea loc o lipire optim\u0103. Dac\u0103 este necesar, suprafa\u021ba trebuie rugat\u0103 \u00een prealabil (60-100 de \u0219mirghel \u00een func\u021bie de suprafa\u021b\u0103) \u0219i aplicat un strat de grund (1\/3 alcool 2\/3 etan\u0219ant). Apoi, dup\u0103 aproximativ 30 de minute, etan\u0219area nediluat\u0103.<\/p>\n\n\n\n<p>Consumul depinde de absorb\u021bia suprafe\u021bei aproximativ 10-40m\u00b2 \/ litru.<\/p>\n<\/div>\n<\/div>\n","protected":false},"excerpt":{"rendered":"<p><strong>Strat transparent extrem de hidrofug pentru uz interior \u0219i exterior<\/strong>  <\/p>\n<p>\u2713 pentru toate suprafe\u021bele absorbante din piatr\u0103 mineral\u0103 \u0219i beton<\/p>\n<p>\u2713 Efect u\u0219or de cur\u0103\u021bat: murd\u0103ria nu ader\u0103 \u0219i poate fi \u00eendep\u0103rtat\u0103 cu u\u0219urin\u021b\u0103<\/p>\n<p>\u2713 suprafe\u021bele tratate nu sunt respirabile<\/p>\n<p>\u2713 Previne cre\u0219terea mu\u0219chilor, lichenilor, ciupercilor \u0219i a altor influen\u021be naturale<\/p>\n<p>\u2713 Efect de ad\u00e2ncire a culorii cu un film lucios \/ \u00eembun\u0103t\u0103\u021birea suprafe\u021bei<\/p>\n<p>\u2713 Perioada de valabilitate: p\u00e2n\u0103 la 5 ani+<\/p>\n","protected":false},"featured_media":18118,"template":"","meta":{"_acf_changed":false,"neve_meta_sidebar":"","neve_meta_container":"","neve_meta_enable_content_width":"","neve_meta_content_width":0,"neve_meta_title_alignment":"","neve_meta_author_avatar":"","neve_post_elements_order":"","neve_meta_disable_header":"","neve_meta_disable_footer":"","neve_meta_disable_title":"","neve_meta_reading_time":"","_surfaces":[],"_ver_product_tabs":[],"footnotes":""},"product_brand":[],"product_cat":[2451],"product_tag":[],"class_list":{"0":"post-24695","1":"product","2":"type-product","3":"status-publish","4":"has-post-thumbnail","6":"product_cat-etansarea-pietrei-si-betonului","7":"pa_gebinde-sticla-de-1000-ml","8":"pa_gebinde-canister-de-20-l","10":"first","11":"instock","12":"taxable","13":"shipping-taxable","14":"purchasable","15":"product-type-variable","16":"has-default-attributes"},"acf":[],"yoast_head":"<!-- This site is optimized with the Yoast SEO Premium plugin v22.8 (Yoast SEO v27.5) - https:\/\/yoast.com\/product\/yoast-seo-premium-wordpress\/ -->\n<title>Etan\u0219are premium pentru beton \u0219i piatr\u0103 cu ad\u00e2ncire a culorii - versiegelung24<\/title>\n<meta name=\"description\" content=\"Etan\u0219are premium pentru beton \u0219i piatr\u0103 - afla\u021bi mai multe despre etan\u0219area premium pentru beton \u0219i piatr\u0103 cu nanotehnologie \u0219i aprofundare a culorii\" \/>\n<meta name=\"robots\" content=\"index, follow, max-snippet:-1, max-image-preview:large, max-video-preview:-1\" \/>\n<link rel=\"canonical\" href=\"https:\/\/www.versiegelung24.com\/ro\/etansare-pentru-piatra-beton-premium-impermeabil-extrem-impermeabil-non-respirabil.html\" \/>\n<meta property=\"og:locale\" content=\"ro_RO\" \/>\n<meta property=\"og:type\" content=\"article\" \/>\n<meta property=\"og:title\" content=\"Etan\u0219are premium pentru beton \u0219i piatr\u0103 cu intensificare a culorii - nu este respirabil\u0103\" \/>\n<meta property=\"og:description\" content=\"Etan\u0219are premium pentru beton \u0219i piatr\u0103 - afla\u021bi mai multe despre etan\u0219area premium pentru beton \u0219i piatr\u0103 cu nanotehnologie \u0219i aprofundare a culorii\" \/>\n<meta property=\"og:url\" content=\"https:\/\/www.versiegelung24.com\/ro\/etansare-pentru-piatra-beton-premium-impermeabil-extrem-impermeabil-non-respirabil.html\" \/>\n<meta property=\"og:site_name\" content=\"versiegelung24.com\" \/>\n<meta property=\"article:modified_time\" content=\"2025-01-03T22:54:11+00:00\" \/>\n<meta property=\"og:image\" content=\"https:\/\/www.versiegelung24.com\/wp-content\/uploads\/2020\/06\/produkt-3008-704-1000-Beton-Stein-Versiegelung-extreme-Wasserabweisung-nicht-atmungsaktiv-scaled.jpg\" \/>\n\t<meta property=\"og:image:width\" content=\"2560\" \/>\n\t<meta property=\"og:image:height\" content=\"2560\" \/>\n\t<meta property=\"og:image:type\" content=\"image\/jpeg\" \/>\n<meta name=\"twitter:card\" content=\"summary_large_image\" \/>\n<meta name=\"twitter:label1\" content=\"Disponibilitate\" \/>\n\t<meta name=\"twitter:data1\" content=\"\u00cen stoc\" \/>\n<script type=\"application\/ld+json\" class=\"yoast-schema-graph\">{\"@context\":\"https:\\\/\\\/schema.org\",\"@graph\":[{\"@type\":\"WebPage\",\"@id\":\"https:\\\/\\\/www.versiegelung24.com\\\/ro\\\/etansare-pentru-piatra-beton-premium-impermeabil-extrem-impermeabil-non-respirabil.html\",\"url\":\"https:\\\/\\\/www.versiegelung24.com\\\/ro\\\/etansare-pentru-piatra-beton-premium-impermeabil-extrem-impermeabil-non-respirabil.html\",\"name\":\"Etan\u0219are premium pentru beton \u0219i piatr\u0103 cu ad\u00e2ncire a culorii - versiegelung24\",\"isPartOf\":{\"@id\":\"https:\\\/\\\/www.versiegelung24.com\\\/ro\\\/#website\"},\"primaryImageOfPage\":{\"@id\":\"https:\\\/\\\/www.versiegelung24.com\\\/ro\\\/etansare-pentru-piatra-beton-premium-impermeabil-extrem-impermeabil-non-respirabil.html#primaryimage\"},\"image\":{\"@id\":\"https:\\\/\\\/www.versiegelung24.com\\\/ro\\\/etansare-pentru-piatra-beton-premium-impermeabil-extrem-impermeabil-non-respirabil.html#primaryimage\"},\"thumbnailUrl\":\"https:\\\/\\\/www.versiegelung24.com\\\/wp-content\\\/uploads\\\/2020\\\/06\\\/produkt-3008-704-1000-Beton-Stein-Versiegelung-extreme-Wasserabweisung-nicht-atmungsaktiv-scaled.jpg\",\"datePublished\":\"2021-08-02T20:58:32+00:00\",\"dateModified\":\"2025-01-03T22:54:11+00:00\",\"description\":\"Etan\u0219are premium pentru beton \u0219i piatr\u0103 - afla\u021bi mai multe despre etan\u0219area premium pentru beton \u0219i piatr\u0103 cu nanotehnologie \u0219i aprofundare a culorii\",\"breadcrumb\":{\"@id\":\"https:\\\/\\\/www.versiegelung24.com\\\/ro\\\/etansare-pentru-piatra-beton-premium-impermeabil-extrem-impermeabil-non-respirabil.html#breadcrumb\"},\"inLanguage\":\"ro-RO\",\"potentialAction\":[{\"@type\":\"ReadAction\",\"target\":[\"https:\\\/\\\/www.versiegelung24.com\\\/ro\\\/etansare-pentru-piatra-beton-premium-impermeabil-extrem-impermeabil-non-respirabil.html\"]}]},{\"@type\":\"ImageObject\",\"inLanguage\":\"ro-RO\",\"@id\":\"https:\\\/\\\/www.versiegelung24.com\\\/ro\\\/etansare-pentru-piatra-beton-premium-impermeabil-extrem-impermeabil-non-respirabil.html#primaryimage\",\"url\":\"https:\\\/\\\/www.versiegelung24.com\\\/wp-content\\\/uploads\\\/2020\\\/06\\\/produkt-3008-704-1000-Beton-Stein-Versiegelung-extreme-Wasserabweisung-nicht-atmungsaktiv-scaled.jpg\",\"contentUrl\":\"https:\\\/\\\/www.versiegelung24.com\\\/wp-content\\\/uploads\\\/2020\\\/06\\\/produkt-3008-704-1000-Beton-Stein-Versiegelung-extreme-Wasserabweisung-nicht-atmungsaktiv-scaled.jpg\",\"width\":2560,\"height\":2560},{\"@type\":\"BreadcrumbList\",\"@id\":\"https:\\\/\\\/www.versiegelung24.com\\\/ro\\\/etansare-pentru-piatra-beton-premium-impermeabil-extrem-impermeabil-non-respirabil.html#breadcrumb\",\"itemListElement\":[{\"@type\":\"ListItem\",\"position\":1,\"name\":\"Pagina de start\",\"item\":\"https:\\\/\\\/www.versiegelung24.com\\\/ro\\\/fata\\\/\"},{\"@type\":\"ListItem\",\"position\":2,\"name\":\"Magazin\",\"item\":\"https:\\\/\\\/www.versiegelung24.com\\\/ro\\\/magazin_ro\\\/\"},{\"@type\":\"ListItem\",\"position\":3,\"name\":\"Etan\u0219are premium pentru beton \u0219i piatr\u0103 cu intensificare a culorii &#8211; nu este respirabil\u0103\"}]},{\"@type\":\"WebSite\",\"@id\":\"https:\\\/\\\/www.versiegelung24.com\\\/ro\\\/#website\",\"url\":\"https:\\\/\\\/www.versiegelung24.com\\\/ro\\\/\",\"name\":\"versiegelung24.com\",\"description\":\"Fl\u00fcssigglas-Versiegelung - Made in Germany\",\"publisher\":{\"@id\":\"https:\\\/\\\/www.versiegelung24.com\\\/ro\\\/#organization\"},\"potentialAction\":[{\"@type\":\"SearchAction\",\"target\":{\"@type\":\"EntryPoint\",\"urlTemplate\":\"https:\\\/\\\/www.versiegelung24.com\\\/ro\\\/?s={search_term_string}\"},\"query-input\":{\"@type\":\"PropertyValueSpecification\",\"valueRequired\":true,\"valueName\":\"search_term_string\"}}],\"inLanguage\":\"ro-RO\"},{\"@type\":\"Organization\",\"@id\":\"https:\\\/\\\/www.versiegelung24.com\\\/ro\\\/#organization\",\"name\":\"versiegelung24\",\"url\":\"https:\\\/\\\/www.versiegelung24.com\\\/ro\\\/\",\"logo\":{\"@type\":\"ImageObject\",\"inLanguage\":\"ro-RO\",\"@id\":\"https:\\\/\\\/www.versiegelung24.com\\\/ro\\\/#\\\/schema\\\/logo\\\/image\\\/\",\"url\":\"https:\\\/\\\/www.versiegelung24.com\\\/wp-content\\\/uploads\\\/2020\\\/04\\\/versiegelung24.png\",\"contentUrl\":\"https:\\\/\\\/www.versiegelung24.com\\\/wp-content\\\/uploads\\\/2020\\\/04\\\/versiegelung24.png\",\"width\":470,\"height\":102,\"caption\":\"versiegelung24\"},\"image\":{\"@id\":\"https:\\\/\\\/www.versiegelung24.com\\\/ro\\\/#\\\/schema\\\/logo\\\/image\\\/\"}}]}<\/script>\n<meta property=\"og:availability\" content=\"instock\" \/>\n<meta property=\"product:availability\" content=\"instock\" \/>\n<meta property=\"product:retailer_item_id\" content=\"3008-704\" \/>\n<meta property=\"product:condition\" content=\"new\" \/>\n<!-- \/ Yoast SEO Premium plugin. -->","yoast_head_json":{"title":"Etan\u0219are premium pentru beton \u0219i piatr\u0103 cu ad\u00e2ncire a culorii - versiegelung24","description":"Etan\u0219are premium pentru beton \u0219i piatr\u0103 - afla\u021bi mai multe despre etan\u0219area premium pentru beton \u0219i piatr\u0103 cu nanotehnologie \u0219i aprofundare a culorii","robots":{"index":"index","follow":"follow","max-snippet":"max-snippet:-1","max-image-preview":"max-image-preview:large","max-video-preview":"max-video-preview:-1"},"canonical":"https:\/\/www.versiegelung24.com\/ro\/etansare-pentru-piatra-beton-premium-impermeabil-extrem-impermeabil-non-respirabil.html","og_locale":"ro_RO","og_type":"article","og_title":"Etan\u0219are premium pentru beton \u0219i piatr\u0103 cu intensificare a culorii - nu este respirabil\u0103","og_description":"Etan\u0219are premium pentru beton \u0219i piatr\u0103 - afla\u021bi mai multe despre etan\u0219area premium pentru beton \u0219i piatr\u0103 cu nanotehnologie \u0219i aprofundare a culorii","og_url":"https:\/\/www.versiegelung24.com\/ro\/etansare-pentru-piatra-beton-premium-impermeabil-extrem-impermeabil-non-respirabil.html","og_site_name":"versiegelung24.com","article_modified_time":"2025-01-03T22:54:11+00:00","og_image":[{"width":2560,"height":2560,"url":"https:\/\/www.versiegelung24.com\/wp-content\/uploads\/2020\/06\/produkt-3008-704-1000-Beton-Stein-Versiegelung-extreme-Wasserabweisung-nicht-atmungsaktiv-scaled.jpg","type":"image\/jpeg"}],"twitter_card":"summary_large_image","twitter_misc":{"Disponibilitate":"\u00cen stoc"},"schema":{"@context":"https:\/\/schema.org","@graph":[{"@type":"WebPage","@id":"https:\/\/www.versiegelung24.com\/ro\/etansare-pentru-piatra-beton-premium-impermeabil-extrem-impermeabil-non-respirabil.html","url":"https:\/\/www.versiegelung24.com\/ro\/etansare-pentru-piatra-beton-premium-impermeabil-extrem-impermeabil-non-respirabil.html","name":"Etan\u0219are premium pentru beton \u0219i piatr\u0103 cu ad\u00e2ncire a culorii - versiegelung24","isPartOf":{"@id":"https:\/\/www.versiegelung24.com\/ro\/#website"},"primaryImageOfPage":{"@id":"https:\/\/www.versiegelung24.com\/ro\/etansare-pentru-piatra-beton-premium-impermeabil-extrem-impermeabil-non-respirabil.html#primaryimage"},"image":{"@id":"https:\/\/www.versiegelung24.com\/ro\/etansare-pentru-piatra-beton-premium-impermeabil-extrem-impermeabil-non-respirabil.html#primaryimage"},"thumbnailUrl":"https:\/\/www.versiegelung24.com\/wp-content\/uploads\/2020\/06\/produkt-3008-704-1000-Beton-Stein-Versiegelung-extreme-Wasserabweisung-nicht-atmungsaktiv-scaled.jpg","datePublished":"2021-08-02T20:58:32+00:00","dateModified":"2025-01-03T22:54:11+00:00","description":"Etan\u0219are premium pentru beton \u0219i piatr\u0103 - afla\u021bi mai multe despre etan\u0219area premium pentru beton \u0219i piatr\u0103 cu nanotehnologie \u0219i aprofundare a culorii","breadcrumb":{"@id":"https:\/\/www.versiegelung24.com\/ro\/etansare-pentru-piatra-beton-premium-impermeabil-extrem-impermeabil-non-respirabil.html#breadcrumb"},"inLanguage":"ro-RO","potentialAction":[{"@type":"ReadAction","target":["https:\/\/www.versiegelung24.com\/ro\/etansare-pentru-piatra-beton-premium-impermeabil-extrem-impermeabil-non-respirabil.html"]}]},{"@type":"ImageObject","inLanguage":"ro-RO","@id":"https:\/\/www.versiegelung24.com\/ro\/etansare-pentru-piatra-beton-premium-impermeabil-extrem-impermeabil-non-respirabil.html#primaryimage","url":"https:\/\/www.versiegelung24.com\/wp-content\/uploads\/2020\/06\/produkt-3008-704-1000-Beton-Stein-Versiegelung-extreme-Wasserabweisung-nicht-atmungsaktiv-scaled.jpg","contentUrl":"https:\/\/www.versiegelung24.com\/wp-content\/uploads\/2020\/06\/produkt-3008-704-1000-Beton-Stein-Versiegelung-extreme-Wasserabweisung-nicht-atmungsaktiv-scaled.jpg","width":2560,"height":2560},{"@type":"BreadcrumbList","@id":"https:\/\/www.versiegelung24.com\/ro\/etansare-pentru-piatra-beton-premium-impermeabil-extrem-impermeabil-non-respirabil.html#breadcrumb","itemListElement":[{"@type":"ListItem","position":1,"name":"Pagina de start","item":"https:\/\/www.versiegelung24.com\/ro\/fata\/"},{"@type":"ListItem","position":2,"name":"Magazin","item":"https:\/\/www.versiegelung24.com\/ro\/magazin_ro\/"},{"@type":"ListItem","position":3,"name":"Etan\u0219are premium pentru beton \u0219i piatr\u0103 cu intensificare a culorii &#8211; nu este respirabil\u0103"}]},{"@type":"WebSite","@id":"https:\/\/www.versiegelung24.com\/ro\/#website","url":"https:\/\/www.versiegelung24.com\/ro\/","name":"versiegelung24.com","description":"Fl\u00fcssigglas-Versiegelung - Made in Germany","publisher":{"@id":"https:\/\/www.versiegelung24.com\/ro\/#organization"},"potentialAction":[{"@type":"SearchAction","target":{"@type":"EntryPoint","urlTemplate":"https:\/\/www.versiegelung24.com\/ro\/?s={search_term_string}"},"query-input":{"@type":"PropertyValueSpecification","valueRequired":true,"valueName":"search_term_string"}}],"inLanguage":"ro-RO"},{"@type":"Organization","@id":"https:\/\/www.versiegelung24.com\/ro\/#organization","name":"versiegelung24","url":"https:\/\/www.versiegelung24.com\/ro\/","logo":{"@type":"ImageObject","inLanguage":"ro-RO","@id":"https:\/\/www.versiegelung24.com\/ro\/#\/schema\/logo\/image\/","url":"https:\/\/www.versiegelung24.com\/wp-content\/uploads\/2020\/04\/versiegelung24.png","contentUrl":"https:\/\/www.versiegelung24.com\/wp-content\/uploads\/2020\/04\/versiegelung24.png","width":470,"height":102,"caption":"versiegelung24"},"image":{"@id":"https:\/\/www.versiegelung24.com\/ro\/#\/schema\/logo\/image\/"}}]},"og_availability":"instock","product_availability":"instock","product_retailer_item_id":"3008-704","product_condition":"new"},"_links":{"self":[{"href":"https:\/\/www.versiegelung24.com\/ro\/wp-json\/wp\/v2\/product\/24695","targetHints":{"allow":["GET"]}}],"collection":[{"href":"https:\/\/www.versiegelung24.com\/ro\/wp-json\/wp\/v2\/product"}],"about":[{"href":"https:\/\/www.versiegelung24.com\/ro\/wp-json\/wp\/v2\/types\/product"}],"version-history":[{"count":24,"href":"https:\/\/www.versiegelung24.com\/ro\/wp-json\/wp\/v2\/product\/24695\/revisions"}],"predecessor-version":[{"id":177038,"href":"https:\/\/www.versiegelung24.com\/ro\/wp-json\/wp\/v2\/product\/24695\/revisions\/177038"}],"wp:featuredmedia":[{"embeddable":true,"href":"https:\/\/www.versiegelung24.com\/ro\/wp-json\/wp\/v2\/media\/18118"}],"wp:attachment":[{"href":"https:\/\/www.versiegelung24.com\/ro\/wp-json\/wp\/v2\/media?parent=24695"}],"wp:term":[{"taxonomy":"product_brand","embeddable":true,"href":"https:\/\/www.versiegelung24.com\/ro\/wp-json\/wp\/v2\/product_brand?post=24695"},{"taxonomy":"product_cat","embeddable":true,"href":"https:\/\/www.versiegelung24.com\/ro\/wp-json\/wp\/v2\/product_cat?post=24695"},{"taxonomy":"product_tag","embeddable":true,"href":"https:\/\/www.versiegelung24.com\/ro\/wp-json\/wp\/v2\/product_tag?post=24695"}],"curies":[{"name":"wp","href":"https:\/\/api.w.org\/{rel}","templated":true}]}}